{"id":282,"date":"2013-12-02T23:04:00","date_gmt":"2013-12-02T22:04:00","guid":{"rendered":"http:\/\/www.andrefrereditions.com\/?page_id=282"},"modified":"2023-02-08T11:38:40","modified_gmt":"2023-02-08T10:38:40","slug":"about","status":"publish","type":"page","link":"https:\/\/www.andrefrereditions.com\/en\/about\/","title":{"rendered":"About"},"content":{"rendered":"<h2>About Andr\u00e9 Fr\u00e8re, publisher<\/h2>\n<p>Founding partner and publisher at <a title=\"Images En Man\u0153uvre \u00c9ditions\" href=\"http:\/\/www.iemeditions.com\/catalog\/index.php\" target=\"_blank\" rel=\"noopener\">Images En Man\u0153uvres \u00c9ditions<\/a>, after won the Nadar prize in 2011 with Jean Christian Bourcart for <em>Camden<\/em>, and the historical book prize in 2012 at the Rencontres d\u2019Arles for <em>Les livres de photographie d\u2019Am\u00e9rique Latine<\/em> by Horacio Fernandez, Andr\u00e9 Fr\u00e8re starts his own publishing house in early 2013.<\/p>\n<p>At Images En Man\u0153uvres, Andr\u00e9 Fr\u00e8re grew several co-editions with some foreign publishers and deals with lots of authors such as Antoine d\u2019Agata, Anders Petersen, Vanessa Winship, Patrick Tourneb\u0153uf, Christopher Anderson, Martin Parr, Thibaut Cuisset, Dulce Pinzon, et de jeunes talents comme Marion Gronier, Hana Jakrlova, Arja Hyytiainen ou Alexa Brunet.<\/p>\n<p>Stem form graphic arts and skilled as art director, Andr\u00e9 Fr\u00e8re always look after shapes, materials and graphic design in his productions, each book sticks to the photographer&#8217;s work, in order to serve it and to show it at best.<\/p>\n<h2>Informations<\/h2>\n<p>Please read our<\/p>\n<ul class=\"liste-liens-contact\">\n<li><a title=\"General Terms of Sale\" href=\"\/?p=337\">General Terms of Sale<\/a><\/li>\n<\/ul>\n","protected":false},"excerpt":{"rendered":"<p>About Andr\u00e9 Fr\u00e8re, publisher Founding partner and publisher at Images En Man\u0153uvres \u00c9ditions, after won the Nadar prize in 2011 with Jean Christian Bourcart for Camden, and the historical book prize in 2012 at the Rencontres d\u2019Arles for Les livres de photographie d\u2019Am\u00e9rique Latine by Horacio Fernandez, Andr\u00e9 Fr\u00e8re starts his own publishing house in [&hellip;]<\/p>\n","protected":false},"author":2,"featured_media":0,"parent":0,"menu_order":0,"comment_status":"closed","ping_status":"closed","template":"","meta":{"footnotes":""},"class_list":["post-282","page","type-page","status-publish","hentry"],"yoast_head":"<!-- This site is optimized with the Yoast SEO plugin v27.5 - https:\/\/yoast.com\/product\/yoast-seo-wordpress\/ -->\n<title>About | Andr\u00e9 Fr\u00e8re \u00c9ditions<\/title>\n<meta name=\"description\" content=\"About Andr\u00e9 Fr\u00e8re, career, former experieces as a french publisher of photography and art books\" \/>\n<meta name=\"robots\" content=\"index, follow, max-snippet:-1, max-image-preview:large, max-video-preview:-1\" \/>\n<link rel=\"canonical\" href=\"https:\/\/www.andrefrereditions.com\/en\/about\/\" \/>\n<meta property=\"og:locale\" content=\"en_US\" \/>\n<meta property=\"og:type\" content=\"article\" \/>\n<meta property=\"og:title\" content=\"About | Andr\u00e9 Fr\u00e8re \u00c9ditions\" \/>\n<meta property=\"og:description\" content=\"About Andr\u00e9 Fr\u00e8re, career, former experieces as a french publisher of photography and art books\" \/>\n<meta property=\"og:url\" content=\"https:\/\/www.andrefrereditions.com\/en\/about\/\" \/>\n<meta property=\"og:site_name\" content=\"Andr\u00e9 Fr\u00e8re \u00c9ditions\" \/>\n<meta property=\"article:modified_time\" content=\"2023-02-08T10:38:40+00:00\" \/>\n<meta name=\"twitter:label1\" content=\"Est. reading time\" \/>\n\t<meta name=\"twitter:data1\" content=\"1 minute\" \/>\n<script type=\"application\/ld+json\" class=\"yoast-schema-graph\">{\"@context\":\"https:\\\/\\\/schema.org\",\"@graph\":[{\"@type\":\"WebPage\",\"@id\":\"https:\\\/\\\/www.andrefrereditions.com\\\/en\\\/about\\\/\",\"url\":\"https:\\\/\\\/www.andrefrereditions.com\\\/en\\\/about\\\/\",\"name\":\"About | Andr\u00e9 Fr\u00e8re \u00c9ditions\",\"isPartOf\":{\"@id\":\"https:\\\/\\\/www.andrefrereditions.com\\\/en\\\/#website\"},\"datePublished\":\"2013-12-02T22:04:00+00:00\",\"dateModified\":\"2023-02-08T10:38:40+00:00\",\"description\":\"About Andr\u00e9 Fr\u00e8re, career, former experieces as a french publisher of photography and art books\",\"breadcrumb\":{\"@id\":\"https:\\\/\\\/www.andrefrereditions.com\\\/en\\\/about\\\/#breadcrumb\"},\"inLanguage\":\"en-US\",\"potentialAction\":[{\"@type\":\"ReadAction\",\"target\":[\"https:\\\/\\\/www.andrefrereditions.com\\\/en\\\/about\\\/\"]}]},{\"@type\":\"BreadcrumbList\",\"@id\":\"https:\\\/\\\/www.andrefrereditions.com\\\/en\\\/about\\\/#breadcrumb\",\"itemListElement\":[{\"@type\":\"ListItem\",\"position\":1,\"name\":\"Home\",\"item\":\"https:\\\/\\\/www.andrefrereditions.com\\\/en\\\/\"},{\"@type\":\"ListItem\",\"position\":2,\"name\":\"About\"}]},{\"@type\":\"WebSite\",\"@id\":\"https:\\\/\\\/www.andrefrereditions.com\\\/en\\\/#website\",\"url\":\"https:\\\/\\\/www.andrefrereditions.com\\\/en\\\/\",\"name\":\"Andr\u00e9 Fr\u00e8re \u00c9ditions\",\"description\":\"\u00c9dition ind\u00e9pendante de photographie et d\u2019art\",\"publisher\":{\"@id\":\"https:\\\/\\\/www.andrefrereditions.com\\\/en\\\/#organization\"},\"potentialAction\":[{\"@type\":\"SearchAction\",\"target\":{\"@type\":\"EntryPoint\",\"urlTemplate\":\"https:\\\/\\\/www.andrefrereditions.com\\\/en\\\/?s={search_term_string}\"},\"query-input\":{\"@type\":\"PropertyValueSpecification\",\"valueRequired\":true,\"valueName\":\"search_term_string\"}}],\"inLanguage\":\"en-US\"},{\"@type\":\"Organization\",\"@id\":\"https:\\\/\\\/www.andrefrereditions.com\\\/en\\\/#organization\",\"name\":\"Andr\u00e9 Fr\u00e8re \u00c9ditions\",\"url\":\"https:\\\/\\\/www.andrefrereditions.com\\\/en\\\/\",\"logo\":{\"@type\":\"ImageObject\",\"inLanguage\":\"en-US\",\"@id\":\"https:\\\/\\\/www.andrefrereditions.com\\\/en\\\/#\\\/schema\\\/logo\\\/image\\\/\",\"url\":\"https:\\\/\\\/www.andrefrereditions.com\\\/wp-content\\\/uploads\\\/2014\\\/12\\\/andre-frere-editions-logo.png\",\"contentUrl\":\"https:\\\/\\\/www.andrefrereditions.com\\\/wp-content\\\/uploads\\\/2014\\\/12\\\/andre-frere-editions-logo.png\",\"width\":80,\"height\":79,\"caption\":\"Andr\u00e9 Fr\u00e8re \u00c9ditions\"},\"image\":{\"@id\":\"https:\\\/\\\/www.andrefrereditions.com\\\/en\\\/#\\\/schema\\\/logo\\\/image\\\/\"}}]}<\/script>\n<!-- \/ Yoast SEO plugin. -->","yoast_head_json":{"title":"About | Andr\u00e9 Fr\u00e8re \u00c9ditions","description":"About Andr\u00e9 Fr\u00e8re, career, former experieces as a french publisher of photography and art books","robots":{"index":"index","follow":"follow","max-snippet":"max-snippet:-1","max-image-preview":"max-image-preview:large","max-video-preview":"max-video-preview:-1"},"canonical":"https:\/\/www.andrefrereditions.com\/en\/about\/","og_locale":"en_US","og_type":"article","og_title":"About | Andr\u00e9 Fr\u00e8re \u00c9ditions","og_description":"About Andr\u00e9 Fr\u00e8re, career, former experieces as a french publisher of photography and art books","og_url":"https:\/\/www.andrefrereditions.com\/en\/about\/","og_site_name":"Andr\u00e9 Fr\u00e8re \u00c9ditions","article_modified_time":"2023-02-08T10:38:40+00:00","twitter_misc":{"Est. reading time":"1 minute"},"schema":{"@context":"https:\/\/schema.org","@graph":[{"@type":"WebPage","@id":"https:\/\/www.andrefrereditions.com\/en\/about\/","url":"https:\/\/www.andrefrereditions.com\/en\/about\/","name":"About | Andr\u00e9 Fr\u00e8re \u00c9ditions","isPartOf":{"@id":"https:\/\/www.andrefrereditions.com\/en\/#website"},"datePublished":"2013-12-02T22:04:00+00:00","dateModified":"2023-02-08T10:38:40+00:00","description":"About Andr\u00e9 Fr\u00e8re, career, former experieces as a french publisher of photography and art books","breadcrumb":{"@id":"https:\/\/www.andrefrereditions.com\/en\/about\/#breadcrumb"},"inLanguage":"en-US","potentialAction":[{"@type":"ReadAction","target":["https:\/\/www.andrefrereditions.com\/en\/about\/"]}]},{"@type":"BreadcrumbList","@id":"https:\/\/www.andrefrereditions.com\/en\/about\/#breadcrumb","itemListElement":[{"@type":"ListItem","position":1,"name":"Home","item":"https:\/\/www.andrefrereditions.com\/en\/"},{"@type":"ListItem","position":2,"name":"About"}]},{"@type":"WebSite","@id":"https:\/\/www.andrefrereditions.com\/en\/#website","url":"https:\/\/www.andrefrereditions.com\/en\/","name":"Andr\u00e9 Fr\u00e8re \u00c9ditions","description":"\u00c9dition ind\u00e9pendante de photographie et d\u2019art","publisher":{"@id":"https:\/\/www.andrefrereditions.com\/en\/#organization"},"potentialAction":[{"@type":"SearchAction","target":{"@type":"EntryPoint","urlTemplate":"https:\/\/www.andrefrereditions.com\/en\/?s={search_term_string}"},"query-input":{"@type":"PropertyValueSpecification","valueRequired":true,"valueName":"search_term_string"}}],"inLanguage":"en-US"},{"@type":"Organization","@id":"https:\/\/www.andrefrereditions.com\/en\/#organization","name":"Andr\u00e9 Fr\u00e8re \u00c9ditions","url":"https:\/\/www.andrefrereditions.com\/en\/","logo":{"@type":"ImageObject","inLanguage":"en-US","@id":"https:\/\/www.andrefrereditions.com\/en\/#\/schema\/logo\/image\/","url":"https:\/\/www.andrefrereditions.com\/wp-content\/uploads\/2014\/12\/andre-frere-editions-logo.png","contentUrl":"https:\/\/www.andrefrereditions.com\/wp-content\/uploads\/2014\/12\/andre-frere-editions-logo.png","width":80,"height":79,"caption":"Andr\u00e9 Fr\u00e8re \u00c9ditions"},"image":{"@id":"https:\/\/www.andrefrereditions.com\/en\/#\/schema\/logo\/image\/"}}]}},"_links":{"self":[{"href":"https:\/\/www.andrefrereditions.com\/en\/wp-json\/wp\/v2\/pages\/282","targetHints":{"allow":["GET"]}}],"collection":[{"href":"https:\/\/www.andrefrereditions.com\/en\/wp-json\/wp\/v2\/pages"}],"about":[{"href":"https:\/\/www.andrefrereditions.com\/en\/wp-json\/wp\/v2\/types\/page"}],"author":[{"embeddable":true,"href":"https:\/\/www.andrefrereditions.com\/en\/wp-json\/wp\/v2\/users\/2"}],"replies":[{"embeddable":true,"href":"https:\/\/www.andrefrereditions.com\/en\/wp-json\/wp\/v2\/comments?post=282"}],"version-history":[{"count":0,"href":"https:\/\/www.andrefrereditions.com\/en\/wp-json\/wp\/v2\/pages\/282\/revisions"}],"wp:attachment":[{"href":"https:\/\/www.andrefrereditions.com\/en\/wp-json\/wp\/v2\/media?parent=282"}],"curies":[{"name":"wp","href":"https:\/\/api.w.org\/{rel}","templated":true}]}}