{"id":284,"date":"2013-12-02T23:04:54","date_gmt":"2013-12-02T22:04:54","guid":{"rendered":"http:\/\/www.andrefrereditions.com\/?page_id=284"},"modified":"2026-02-26T13:42:26","modified_gmt":"2026-02-26T12:42:26","slug":"home","status":"publish","type":"page","link":"https:\/\/www.andrefrereditions.com\/en\/","title":{"rendered":"Home"},"content":{"rendered":"<h1 class=\"texte-important\">Welcome to Andr\u00e9\u00a0Fr\u00e8re\u00a0\u00c9ditions\u2019s Website.<\/h1>\n<h2 class=\"texte-important\">TO BE RELEASED<\/h2>\n<p class=\"texte-important\"><a href=\"\/?p=14057\"><img loading=\"lazy\" decoding=\"async\" class=\"alignnone size-thumbnail wp-image-14072\" src=\"https:\/\/www.andrefrereditions.com\/wp-content\/uploads\/2026\/02\/100-days-of-war-Igor-chekachkov-andrefrereditions-12-190x300.jpg\" alt=\"\" width=\"190\" height=\"300\" srcset=\"https:\/\/www.andrefrereditions.com\/wp-content\/uploads\/2026\/02\/100-days-of-war-Igor-chekachkov-andrefrereditions-12-190x300.jpg 190w, https:\/\/www.andrefrereditions.com\/wp-content\/uploads\/2026\/02\/100-days-of-war-Igor-chekachkov-andrefrereditions-12.jpg 420w\" sizes=\"auto, (max-width: 190px) 100vw, 190px\" \/><\/a><br \/>\n<a href=\"\/?p=14057\">100 DAYS OF WAR<\/a><br \/>\nIGOR CHEKACHKOV<\/p>\n<h2 class=\"texte-important\">last publications<\/h2>\n<p class=\"texte-important\"><img loading=\"lazy\" decoding=\"async\" class=\"alignnone size-thumbnail wp-image-13894\" src=\"https:\/\/www.andrefrereditions.com\/wp-content\/uploads\/2025\/11\/failed-postcards-napoli-kourtney-roy-andrefrereditions-300x202.jpg\" alt=\"\" width=\"300\" height=\"202\" srcset=\"https:\/\/www.andrefrereditions.com\/wp-content\/uploads\/2025\/11\/failed-postcards-napoli-kourtney-roy-andrefrereditions-300x202.jpg 300w, https:\/\/www.andrefrereditions.com\/wp-content\/uploads\/2025\/11\/failed-postcards-napoli-kourtney-roy-andrefrereditions.jpg 420w\" sizes=\"auto, (max-width: 300px) 100vw, 300px\" \/><br \/>\n<a href=\"\/?p=13925\">FAILED POSTCARDS FROM NAPOLI<\/a><br \/>\nKOURTNEY ROY<\/p>\n<p class=\"texte-important\"><img loading=\"lazy\" decoding=\"async\" class=\"alignnone wp-image-13696 size-thumbnail\" src=\"https:\/\/www.andrefrereditions.com\/wp-content\/uploads\/2025\/05\/azov-horizons-patrick-wack-andre-frere-editions-247x300.jpg\" alt=\"\" width=\"247\" height=\"300\" srcset=\"https:\/\/www.andrefrereditions.com\/wp-content\/uploads\/2025\/05\/azov-horizons-patrick-wack-andre-frere-editions-247x300.jpg 247w, https:\/\/www.andrefrereditions.com\/wp-content\/uploads\/2025\/05\/azov-horizons-patrick-wack-andre-frere-editions.jpg 420w\" sizes=\"auto, (max-width: 247px) 100vw, 247px\" \/><br \/>\n<a href=\"\/?p=13702\">AZOV HORIZONS<\/a><br \/>\nPATRICK WACK<\/p>\n<p class=\"texte-important\"><a href=\"\/?p=13475\"><img loading=\"lazy\" decoding=\"async\" class=\"alignnone wp-image-13473 size-thumbnail\" src=\"https:\/\/www.andrefrereditions.com\/wp-content\/uploads\/2025\/01\/solid-maze-piotr-zbierski-andre-frere-editions-218x300.jpg\" alt=\"\" width=\"218\" height=\"300\" srcset=\"https:\/\/www.andrefrereditions.com\/wp-content\/uploads\/2025\/01\/solid-maze-piotr-zbierski-andre-frere-editions-218x300.jpg 218w, https:\/\/www.andrefrereditions.com\/wp-content\/uploads\/2025\/01\/solid-maze-piotr-zbierski-andre-frere-editions.jpg 420w\" sizes=\"auto, (max-width: 218px) 100vw, 218px\" \/><\/a><br \/>\n<a href=\"\/?p=13475\">SOLID MAZE<\/a><br \/>\nPIOTR ZBIERSKI<\/p>\n<p class=\"texte-important\"><img loading=\"lazy\" decoding=\"async\" class=\"alignnone wp-image-13438 size-thumbnail\" src=\"https:\/\/www.andrefrereditions.com\/wp-content\/uploads\/2024\/11\/one-millimiter-vincent-jendly-andre-frere-editions-9-219x300.jpg\" alt=\"\" width=\"219\" height=\"300\" srcset=\"https:\/\/www.andrefrereditions.com\/wp-content\/uploads\/2024\/11\/one-millimiter-vincent-jendly-andre-frere-editions-9-219x300.jpg 219w, https:\/\/www.andrefrereditions.com\/wp-content\/uploads\/2024\/11\/one-millimiter-vincent-jendly-andre-frere-editions-9-420x576.jpg 420w, https:\/\/www.andrefrereditions.com\/wp-content\/uploads\/2024\/11\/one-millimiter-vincent-jendly-andre-frere-editions-9.jpg 430w\" sizes=\"auto, (max-width: 219px) 100vw, 219px\" \/><br \/>\n<a href=\"\/?p=13359\">ONE MILLIMETER OF BLACK DIRT AND A VEIL OF DEAD COWS<\/a><br \/>\nVINCENT JENDLY<\/p>\n<p class=\"texte-important\"><a href=\"\/?p=13329\"><img loading=\"lazy\" decoding=\"async\" class=\"alignnone wp-image-13303 size-thumbnail\" src=\"https:\/\/www.andrefrereditions.com\/wp-content\/uploads\/2024\/11\/trashissima-kourtney-roy-andre-frere-editions-227x300.jpg\" alt=\"\" width=\"227\" height=\"300\" srcset=\"https:\/\/www.andrefrereditions.com\/wp-content\/uploads\/2024\/11\/trashissima-kourtney-roy-andre-frere-editions-227x300.jpg 227w, https:\/\/www.andrefrereditions.com\/wp-content\/uploads\/2024\/11\/trashissima-kourtney-roy-andre-frere-editions.jpg 420w\" sizes=\"auto, (max-width: 227px) 100vw, 227px\" \/><\/a><br \/>\n<a href=\"\/?p=13329\">TRASHISSIMA<\/a><br \/>\nKOURTNEY ROY<\/p>\n<h2 class=\"texte-important\">Last Publications<\/h2>\n<p class=\"texte-important\"><a href=\"\/?p=13254\"><img loading=\"lazy\" decoding=\"async\" class=\"alignnone size-thumbnail wp-image-13190\" src=\"https:\/\/www.andrefrereditions.com\/wp-content\/uploads\/2024\/08\/new-cubans-jean-francois-bouchard-andre-frere-editions-225x300.jpg\" alt=\"\" width=\"225\" height=\"300\" srcset=\"https:\/\/www.andrefrereditions.com\/wp-content\/uploads\/2024\/08\/new-cubans-jean-francois-bouchard-andre-frere-editions-225x300.jpg 225w, https:\/\/www.andrefrereditions.com\/wp-content\/uploads\/2024\/08\/new-cubans-jean-francois-bouchard-andre-frere-editions.jpg 420w\" sizes=\"auto, (max-width: 225px) 100vw, 225px\" \/><\/a><br \/>\n<a href=\"\/?p=13254\">THE NEW CUBANS<\/a><br \/>\nJEAN-FRAN\u00c7OIS BOUCHARD<\/p>\n<p class=\"texte-important\"><a href=\"\/?p=12952\"><img loading=\"lazy\" decoding=\"async\" class=\"alignnone wp-image-12899 size-thumbnail\" src=\"https:\/\/www.andrefrereditions.com\/wp-content\/uploads\/2024\/04\/blue-movie-nicolas-comment-andre-frere-editions-212x300.jpg\" alt=\"\" width=\"212\" height=\"300\" srcset=\"https:\/\/www.andrefrereditions.com\/wp-content\/uploads\/2024\/04\/blue-movie-nicolas-comment-andre-frere-editions-212x300.jpg 212w, https:\/\/www.andrefrereditions.com\/wp-content\/uploads\/2024\/04\/blue-movie-nicolas-comment-andre-frere-editions.jpg 420w\" sizes=\"auto, (max-width: 212px) 100vw, 212px\" \/><br \/>\nBLUE MOVIE<\/a><br \/>\nNICOLAS COMMENT<\/p>\n<p class=\"texte-important\"><a href=\"https:\/\/www.andrefrereditions.com\/livres\/souscriptions\/paradise\/\"><img loading=\"lazy\" decoding=\"async\" class=\"alignnone size-thumbnail wp-image-12662\" src=\"https:\/\/www.andrefrereditions.com\/wp-content\/uploads\/2023\/10\/paradise-maxime-riche-paradise-andre-frere-editions-244x300.jpg\" alt=\"\" width=\"244\" height=\"300\" srcset=\"https:\/\/www.andrefrereditions.com\/wp-content\/uploads\/2023\/10\/paradise-maxime-riche-paradise-andre-frere-editions-244x300.jpg 244w, https:\/\/www.andrefrereditions.com\/wp-content\/uploads\/2023\/10\/paradise-maxime-riche-paradise-andre-frere-editions.jpg 420w\" sizes=\"auto, (max-width: 244px) 100vw, 244px\" \/><br \/>\nPARADISE<\/a><br \/>\nMAXIME RICH\u00c9<\/p>\n<h2 class=\"texte-important\">Still exclusively avalaible on our website<\/h2>\n<p class=\"texte-important\"><img loading=\"lazy\" decoding=\"async\" class=\"alignnone size-thumbnail wp-image-7762\" src=\"https:\/\/www.andrefrereditions.com\/wp-content\/uploads\/2017\/09\/autre-rive-emeric-lhuisset-andre-frere-editions-3-269x300.jpg\" alt=\"\" width=\"269\" height=\"300\" srcset=\"https:\/\/www.andrefrereditions.com\/wp-content\/uploads\/2017\/09\/autre-rive-emeric-lhuisset-andre-frere-editions-3-269x300.jpg 269w, https:\/\/www.andrefrereditions.com\/wp-content\/uploads\/2017\/09\/autre-rive-emeric-lhuisset-andre-frere-editions-3-420x468.jpg 420w, https:\/\/www.andrefrereditions.com\/wp-content\/uploads\/2017\/09\/autre-rive-emeric-lhuisset-andre-frere-editions-3.jpg 430w\" sizes=\"auto, (max-width: 269px) 100vw, 269px\" \/><br \/>\n<a href=\"\/?p=7765\">L\u2019AUTRE RIVE<\/a><br \/>\nEMERIC LHUISSET<\/p>\n<p>Emeric Lhuisset makes the choice to depart from these images belonging to the field of the news or of the spectacular, or miserabilist or even catastrophist.<\/p>\n<p class=\"texte-important\"><a href=\"\/?p=8317\"><img loading=\"lazy\" decoding=\"async\" class=\"alignnone size-thumbnail wp-image-8318\" src=\"https:\/\/www.andrefrereditions.com\/wp-content\/uploads\/2018\/10\/nuit-epuisee-antoine-d-agata-andre-frere-editions-211x300.jpg\" alt=\"nuit-epuisee-antoine-d-agata-andre-frere-editions\" width=\"211\" height=\"300\" srcset=\"https:\/\/www.andrefrereditions.com\/wp-content\/uploads\/2018\/10\/nuit-epuisee-antoine-d-agata-andre-frere-editions-211x300.jpg 211w, https:\/\/www.andrefrereditions.com\/wp-content\/uploads\/2018\/10\/nuit-epuisee-antoine-d-agata-andre-frere-editions.jpg 296w\" sizes=\"auto, (max-width: 211px) 100vw, 211px\" \/><\/a><br \/>\n<a href=\"\/?p=8317\"> LA NUIT \u00c9PUIS\u00c9E<\/a><br \/>\nANTOINE D\u2019AGATA<\/p>\n<p>The writers in this book have all agreed to participate in a writing experience: to write a book, together, in one and the same sleepless night, with Antoine d&#8217;Agata&#8217;s White Noise movie as a horizon.<\/p>\n<p><a href=\"\/?p=8930\"><img loading=\"lazy\" decoding=\"async\" class=\"alignnone size-thumbnail wp-image-8931\" src=\"https:\/\/www.andrefrereditions.com\/wp-content\/uploads\/2019\/12\/valparaiso-smith-andre-frere-editions-206x300.jpg\" alt=\"valparaiso-smith-andre-frere-editions\" width=\"206\" height=\"300\" srcset=\"https:\/\/www.andrefrereditions.com\/wp-content\/uploads\/2019\/12\/valparaiso-smith-andre-frere-editions-206x300.jpg 206w, https:\/\/www.andrefrereditions.com\/wp-content\/uploads\/2019\/12\/valparaiso-smith-andre-frere-editions.jpg 289w\" sizes=\"auto, (max-width: 206px) 100vw, 206px\" \/><\/a><\/p>\n<p class=\"texte-important\"><a href=\"\/?p=8930\">VALPARAISO (SI TU PLEUX)<\/a><br \/>\nSMITH<\/p>\n<p><span lang=\"EN-US\">Wandering ends here, in the valley paradise; at the end of the world.<\/span><\/p>\n<p class=\"texte-important\"><img loading=\"lazy\" decoding=\"async\" class=\"alignnone wp-image-6551 size-thumbnail\" src=\"https:\/\/www.andrefrereditions.com\/wp-content\/uploads\/2015\/10\/aitho-antoine-d-agata-couverture-243x300.png\" alt=\"Aitho's photo book cover by Antoine d\u2019Agata published by Andr\u00e9 Fr\u00e8re \u00c9ditions\" width=\"243\" height=\"300\" srcset=\"https:\/\/www.andrefrereditions.com\/wp-content\/uploads\/2015\/10\/aitho-antoine-d-agata-couverture-243x300.png 243w, https:\/\/www.andrefrereditions.com\/wp-content\/uploads\/2015\/10\/aitho-antoine-d-agata-couverture.png 340w\" sizes=\"auto, (max-width: 243px) 100vw, 243px\" \/><br \/>\n<strong><a href=\"\/?p=7331\">AITH\u014c <\/a><br \/>\nANTOINE D\u2019AGATA<br \/>\n<\/strong><\/p>\n<hr \/>\n<p class=\"texte-important\">Andr\u00e9 Fr\u00e8re \u00c9ditions is a French independant art, architecture and photography publisher founded in 2013 in Marseille.<\/p>\n<p class=\"texte-important\">We invite you to discover our <a title=\"Books\" href=\"\/?page_id=312\">online book shop<\/a>, offering <a title=\"Books of photography\" href=\"book-category\/photography\/\">books of photography<\/a>, of <a title=\"Books of art and architecture\" href=\"book-category\/art-and-architecture\/\">art and architecture<\/a>;<\/p>\n<p><span class=\"texte-important\">To stay informed, you can also <a title=\"Newsletter\" href=\"contact-us\/#newsletter\">subscribe to the Andr\u00e9 Fr\u00e8re \u00c9ditions\u2019 newsletter<\/a>.<\/span><\/p>\n<p><span class=\"texte-important\">Enjoy your reading!<\/span><\/p>\n<p>&nbsp;<\/p>\n<hr \/>\n<p>Andr\u00e9 Fr\u00e8re \u00c9ditions has received the support of the <a href=\"https:\/\/www.cnap.fr\/\" target=\"_blank\" rel=\"noopener\">Centre National des Arts Plastiques<\/a>, the <a href=\"https:\/\/centrenationaldulivre.fr\/\" target=\"_blank\" rel=\"noopener\">Centre National du Livre<\/a>, the <a href=\"https:\/\/www.maregionsud.fr\/\" target=\"_blank\" rel=\"noopener\">R\u00e9gion Sud<\/a>, <a href=\"https:\/\/provence-alpes-cotedazur.com\/\" target=\"_blank\" rel=\"noopener\">Provence-Alpes-C\u00f4te d&#8217;Azur<\/a>, the <a href=\"https:\/\/www.normandie.fr\/\" target=\"_blank\" rel=\"noopener\">R\u00e9gion Normandie<\/a>, the <a href=\"https:\/\/eureennormandie.fr\/\" target=\"_blank\" rel=\"noopener\">d\u00e9partement of Eure<\/a>, the <a href=\"https:\/\/www.departement13.fr\/\" target=\"_blank\" rel=\"noopener\">departmental council of Bouches-du-Rh\u00f4ne<\/a>, <a href=\"https:\/\/www.ge.ch\/en\/welcome-geneva\" target=\"_blank\" rel=\"noopener\">canton of Geneva<\/a>, the <a href=\"https:\/\/www.geneve.ch\/en\" target=\"_blank\" rel=\"noopener\">city of Geneva<\/a>, the <a href=\"https:\/\/www.neuchatelville.ch\/fr\/\" target=\"_blank\" rel=\"noopener\">city of Neuch\u00e2tel<\/a>, the <a href=\"https:\/\/www.eubelius.com\/fr\/avocats\" target=\"_blank\" rel=\"noopener\">Eubelius cabinet<\/a>, <a href=\"https:\/\/prohelvetia.ch\/fr\/\" target=\"_blank\" rel=\"noopener\">Pro Helvetia<\/a>, the <a href=\"http:\/\/www.lesujetdanslacite.com\/1\/l_universite_ouverte_664187.html\" target=\"_blank\" rel=\"noopener\">Universit\u00e9 Ouverte du Sujet dans la Cit\u00e9<\/a>, and the <a href=\"https:\/\/www.asso-reagir.fr\/\" target=\"_blank\" rel=\"noopener\">association R\u00e9agir<\/a>.<\/p>\n","protected":false},"excerpt":{"rendered":"<p>Welcome to Andr\u00e9\u00a0Fr\u00e8re\u00a0\u00c9ditions\u2019s Website. TO BE RELEASED 100 DAYS OF WAR IGOR CHEKACHKOV last publications FAILED POSTCARDS FROM NAPOLI KOURTNEY ROY AZOV HORIZONS PATRICK WACK SOLID MAZE PIOTR ZBIERSKI ONE MILLIMETER OF BLACK DIRT AND A VEIL OF DEAD COWS VINCENT JENDLY TRASHISSIMA KOURTNEY ROY Last Publications THE NEW CUBANS JEAN-FRAN\u00c7OIS BOUCHARD BLUE MOVIE NICOLAS [&hellip;]<\/p>\n","protected":false},"author":2,"featured_media":0,"parent":0,"menu_order":0,"comment_status":"closed","ping_status":"closed","template":"accueil.php","meta":{"footnotes":""},"class_list":["post-284","page","type-page","status-publish","hentry"],"yoast_head":"<!-- This site is optimized with the Yoast SEO plugin v27.4 - https:\/\/yoast.com\/product\/yoast-seo-wordpress\/ -->\n<title>Andr\u00e9 Fr\u00e8re \u00c9ditions | French independant art and photo publisher<\/title>\n<meta name=\"description\" content=\"Andr\u00e9 Fr\u00e8re \u00c9ditions is a French independant art, architecture and photography publisher founded in 2013 in Marseille. Shop online and discover our books.\" \/>\n<meta name=\"robots\" content=\"index, follow, max-snippet:-1, max-image-preview:large, max-video-preview:-1\" \/>\n<link rel=\"canonical\" href=\"https:\/\/www.andrefrereditions.com\/en\/\" \/>\n<meta property=\"og:locale\" content=\"en_US\" \/>\n<meta property=\"og:type\" content=\"article\" \/>\n<meta property=\"og:title\" content=\"Andr\u00e9 Fr\u00e8re \u00c9ditions | French independant art and photo publisher\" \/>\n<meta property=\"og:description\" content=\"Andr\u00e9 Fr\u00e8re \u00c9ditions is a French independant art, architecture and photography publisher founded in 2013 in Marseille. Shop online and discover our books.\" \/>\n<meta property=\"og:url\" content=\"https:\/\/www.andrefrereditions.com\/en\/\" \/>\n<meta property=\"og:site_name\" content=\"Andr\u00e9 Fr\u00e8re \u00c9ditions\" \/>\n<meta property=\"article:modified_time\" content=\"2026-02-26T12:42:26+00:00\" \/>\n<meta property=\"og:image\" content=\"https:\/\/www.andrefrereditions.com\/wp-content\/uploads\/2026\/02\/100-days-of-war-Igor-chekachkov-andrefrereditions-12.jpg\" \/>\n\t<meta property=\"og:image:width\" content=\"420\" \/>\n\t<meta property=\"og:image:height\" content=\"662\" \/>\n\t<meta property=\"og:image:type\" content=\"image\/jpeg\" \/>\n<meta name=\"twitter:label1\" content=\"Est. reading time\" \/>\n\t<meta name=\"twitter:data1\" content=\"4 minutes\" \/>\n<script type=\"application\/ld+json\" class=\"yoast-schema-graph\">{\"@context\":\"https:\\\/\\\/schema.org\",\"@graph\":[{\"@type\":\"WebPage\",\"@id\":\"https:\\\/\\\/www.andrefrereditions.com\\\/en\\\/\",\"url\":\"https:\\\/\\\/www.andrefrereditions.com\\\/en\\\/\",\"name\":\"Andr\u00e9 Fr\u00e8re \u00c9ditions | French independant art and photo publisher\",\"isPartOf\":{\"@id\":\"https:\\\/\\\/www.andrefrereditions.com\\\/en\\\/#website\"},\"primaryImageOfPage\":{\"@id\":\"https:\\\/\\\/www.andrefrereditions.com\\\/en\\\/#primaryimage\"},\"image\":{\"@id\":\"https:\\\/\\\/www.andrefrereditions.com\\\/en\\\/#primaryimage\"},\"thumbnailUrl\":\"https:\\\/\\\/www.andrefrereditions.com\\\/wp-content\\\/uploads\\\/2026\\\/02\\\/100-days-of-war-Igor-chekachkov-andrefrereditions-12-190x300.jpg\",\"datePublished\":\"2013-12-02T22:04:54+00:00\",\"dateModified\":\"2026-02-26T12:42:26+00:00\",\"description\":\"Andr\u00e9 Fr\u00e8re \u00c9ditions is a French independant art, architecture and photography publisher founded in 2013 in Marseille. Shop online and discover our books.\",\"breadcrumb\":{\"@id\":\"https:\\\/\\\/www.andrefrereditions.com\\\/en\\\/#breadcrumb\"},\"inLanguage\":\"en-US\",\"potentialAction\":[{\"@type\":\"ReadAction\",\"target\":[\"https:\\\/\\\/www.andrefrereditions.com\\\/en\\\/\"]}]},{\"@type\":\"ImageObject\",\"inLanguage\":\"en-US\",\"@id\":\"https:\\\/\\\/www.andrefrereditions.com\\\/en\\\/#primaryimage\",\"url\":\"https:\\\/\\\/www.andrefrereditions.com\\\/wp-content\\\/uploads\\\/2026\\\/02\\\/100-days-of-war-Igor-chekachkov-andrefrereditions-12-190x300.jpg\",\"contentUrl\":\"https:\\\/\\\/www.andrefrereditions.com\\\/wp-content\\\/uploads\\\/2026\\\/02\\\/100-days-of-war-Igor-chekachkov-andrefrereditions-12-190x300.jpg\"},{\"@type\":\"BreadcrumbList\",\"@id\":\"https:\\\/\\\/www.andrefrereditions.com\\\/en\\\/#breadcrumb\",\"itemListElement\":[{\"@type\":\"ListItem\",\"position\":1,\"name\":\"Home\",\"item\":\"https:\\\/\\\/www.andrefrereditions.com\\\/en\\\/\"},{\"@type\":\"ListItem\",\"position\":2,\"name\":\"Home\"}]},{\"@type\":\"WebSite\",\"@id\":\"https:\\\/\\\/www.andrefrereditions.com\\\/en\\\/#website\",\"url\":\"https:\\\/\\\/www.andrefrereditions.com\\\/en\\\/\",\"name\":\"Andr\u00e9 Fr\u00e8re \u00c9ditions\",\"description\":\"\u00c9dition ind\u00e9pendante de photographie et d\u2019art\",\"publisher\":{\"@id\":\"https:\\\/\\\/www.andrefrereditions.com\\\/en\\\/#organization\"},\"potentialAction\":[{\"@type\":\"SearchAction\",\"target\":{\"@type\":\"EntryPoint\",\"urlTemplate\":\"https:\\\/\\\/www.andrefrereditions.com\\\/en\\\/?s={search_term_string}\"},\"query-input\":{\"@type\":\"PropertyValueSpecification\",\"valueRequired\":true,\"valueName\":\"search_term_string\"}}],\"inLanguage\":\"en-US\"},{\"@type\":\"Organization\",\"@id\":\"https:\\\/\\\/www.andrefrereditions.com\\\/en\\\/#organization\",\"name\":\"Andr\u00e9 Fr\u00e8re \u00c9ditions\",\"url\":\"https:\\\/\\\/www.andrefrereditions.com\\\/en\\\/\",\"logo\":{\"@type\":\"ImageObject\",\"inLanguage\":\"en-US\",\"@id\":\"https:\\\/\\\/www.andrefrereditions.com\\\/en\\\/#\\\/schema\\\/logo\\\/image\\\/\",\"url\":\"https:\\\/\\\/www.andrefrereditions.com\\\/wp-content\\\/uploads\\\/2014\\\/12\\\/andre-frere-editions-logo.png\",\"contentUrl\":\"https:\\\/\\\/www.andrefrereditions.com\\\/wp-content\\\/uploads\\\/2014\\\/12\\\/andre-frere-editions-logo.png\",\"width\":80,\"height\":79,\"caption\":\"Andr\u00e9 Fr\u00e8re \u00c9ditions\"},\"image\":{\"@id\":\"https:\\\/\\\/www.andrefrereditions.com\\\/en\\\/#\\\/schema\\\/logo\\\/image\\\/\"}}]}<\/script>\n<!-- \/ Yoast SEO plugin. -->","yoast_head_json":{"title":"Andr\u00e9 Fr\u00e8re \u00c9ditions | French independant art and photo publisher","description":"Andr\u00e9 Fr\u00e8re \u00c9ditions is a French independant art, architecture and photography publisher founded in 2013 in Marseille. Shop online and discover our books.","robots":{"index":"index","follow":"follow","max-snippet":"max-snippet:-1","max-image-preview":"max-image-preview:large","max-video-preview":"max-video-preview:-1"},"canonical":"https:\/\/www.andrefrereditions.com\/en\/","og_locale":"en_US","og_type":"article","og_title":"Andr\u00e9 Fr\u00e8re \u00c9ditions | French independant art and photo publisher","og_description":"Andr\u00e9 Fr\u00e8re \u00c9ditions is a French independant art, architecture and photography publisher founded in 2013 in Marseille. Shop online and discover our books.","og_url":"https:\/\/www.andrefrereditions.com\/en\/","og_site_name":"Andr\u00e9 Fr\u00e8re \u00c9ditions","article_modified_time":"2026-02-26T12:42:26+00:00","og_image":[{"width":420,"height":662,"url":"https:\/\/www.andrefrereditions.com\/wp-content\/uploads\/2026\/02\/100-days-of-war-Igor-chekachkov-andrefrereditions-12.jpg","type":"image\/jpeg"}],"twitter_misc":{"Est. reading time":"4 minutes"},"schema":{"@context":"https:\/\/schema.org","@graph":[{"@type":"WebPage","@id":"https:\/\/www.andrefrereditions.com\/en\/","url":"https:\/\/www.andrefrereditions.com\/en\/","name":"Andr\u00e9 Fr\u00e8re \u00c9ditions | French independant art and photo publisher","isPartOf":{"@id":"https:\/\/www.andrefrereditions.com\/en\/#website"},"primaryImageOfPage":{"@id":"https:\/\/www.andrefrereditions.com\/en\/#primaryimage"},"image":{"@id":"https:\/\/www.andrefrereditions.com\/en\/#primaryimage"},"thumbnailUrl":"https:\/\/www.andrefrereditions.com\/wp-content\/uploads\/2026\/02\/100-days-of-war-Igor-chekachkov-andrefrereditions-12-190x300.jpg","datePublished":"2013-12-02T22:04:54+00:00","dateModified":"2026-02-26T12:42:26+00:00","description":"Andr\u00e9 Fr\u00e8re \u00c9ditions is a French independant art, architecture and photography publisher founded in 2013 in Marseille. Shop online and discover our books.","breadcrumb":{"@id":"https:\/\/www.andrefrereditions.com\/en\/#breadcrumb"},"inLanguage":"en-US","potentialAction":[{"@type":"ReadAction","target":["https:\/\/www.andrefrereditions.com\/en\/"]}]},{"@type":"ImageObject","inLanguage":"en-US","@id":"https:\/\/www.andrefrereditions.com\/en\/#primaryimage","url":"https:\/\/www.andrefrereditions.com\/wp-content\/uploads\/2026\/02\/100-days-of-war-Igor-chekachkov-andrefrereditions-12-190x300.jpg","contentUrl":"https:\/\/www.andrefrereditions.com\/wp-content\/uploads\/2026\/02\/100-days-of-war-Igor-chekachkov-andrefrereditions-12-190x300.jpg"},{"@type":"BreadcrumbList","@id":"https:\/\/www.andrefrereditions.com\/en\/#breadcrumb","itemListElement":[{"@type":"ListItem","position":1,"name":"Home","item":"https:\/\/www.andrefrereditions.com\/en\/"},{"@type":"ListItem","position":2,"name":"Home"}]},{"@type":"WebSite","@id":"https:\/\/www.andrefrereditions.com\/en\/#website","url":"https:\/\/www.andrefrereditions.com\/en\/","name":"Andr\u00e9 Fr\u00e8re \u00c9ditions","description":"\u00c9dition ind\u00e9pendante de photographie et d\u2019art","publisher":{"@id":"https:\/\/www.andrefrereditions.com\/en\/#organization"},"potentialAction":[{"@type":"SearchAction","target":{"@type":"EntryPoint","urlTemplate":"https:\/\/www.andrefrereditions.com\/en\/?s={search_term_string}"},"query-input":{"@type":"PropertyValueSpecification","valueRequired":true,"valueName":"search_term_string"}}],"inLanguage":"en-US"},{"@type":"Organization","@id":"https:\/\/www.andrefrereditions.com\/en\/#organization","name":"Andr\u00e9 Fr\u00e8re \u00c9ditions","url":"https:\/\/www.andrefrereditions.com\/en\/","logo":{"@type":"ImageObject","inLanguage":"en-US","@id":"https:\/\/www.andrefrereditions.com\/en\/#\/schema\/logo\/image\/","url":"https:\/\/www.andrefrereditions.com\/wp-content\/uploads\/2014\/12\/andre-frere-editions-logo.png","contentUrl":"https:\/\/www.andrefrereditions.com\/wp-content\/uploads\/2014\/12\/andre-frere-editions-logo.png","width":80,"height":79,"caption":"Andr\u00e9 Fr\u00e8re \u00c9ditions"},"image":{"@id":"https:\/\/www.andrefrereditions.com\/en\/#\/schema\/logo\/image\/"}}]}},"_links":{"self":[{"href":"https:\/\/www.andrefrereditions.com\/en\/wp-json\/wp\/v2\/pages\/284","targetHints":{"allow":["GET"]}}],"collection":[{"href":"https:\/\/www.andrefrereditions.com\/en\/wp-json\/wp\/v2\/pages"}],"about":[{"href":"https:\/\/www.andrefrereditions.com\/en\/wp-json\/wp\/v2\/types\/page"}],"author":[{"embeddable":true,"href":"https:\/\/www.andrefrereditions.com\/en\/wp-json\/wp\/v2\/users\/2"}],"replies":[{"embeddable":true,"href":"https:\/\/www.andrefrereditions.com\/en\/wp-json\/wp\/v2\/comments?post=284"}],"version-history":[{"count":0,"href":"https:\/\/www.andrefrereditions.com\/en\/wp-json\/wp\/v2\/pages\/284\/revisions"}],"wp:attachment":[{"href":"https:\/\/www.andrefrereditions.com\/en\/wp-json\/wp\/v2\/media?parent=284"}],"curies":[{"name":"wp","href":"https:\/\/api.w.org\/{rel}","templated":true}]}}