{"id":286,"date":"2013-12-02T23:05:28","date_gmt":"2013-12-02T22:05:28","guid":{"rendered":"http:\/\/www.andrefrereditions.com\/?page_id=286"},"modified":"2024-01-11T10:13:56","modified_gmt":"2024-01-11T09:13:56","slug":"contact-us","status":"publish","type":"page","link":"https:\/\/www.andrefrereditions.com\/en\/contact-us\/","title":{"rendered":"Contact us"},"content":{"rendered":"<h2>Contact \u00c9ditions Andr\u00e9 Fr\u00e8re<\/h2>\n<h3>Postal Adress<\/h3>\n<div class=\"vCard\">\n<p><img decoding=\"async\" src=\"https:\/\/www.andrefrereditions.com\/wp-content\/uploads\/2014\/12\/andre-frere-editions-logo.png\" alt=\"logo d\u2019Andr\u00e9 Fr\u00e8re \u00c9ditions\" \/><\/p>\n<div class=\"infos-vCard\">\n<p><a href=\"https:\/\/www.andrefrereditions.com\">Andr\u00e9 Fr\u00e8re \u00c9ditions<\/a><\/p>\n<div>\n<div>PhotoBooksLab<\/div>\n<div>346, chemin de Villecroze<\/div>\n<div>13360 Roquevaire<\/div>\n<\/div>\n<\/div>\n<\/div>\n<h3>E-Mail<\/h3>\n<p><a href=\"mailto:contact@andrefrereditions.com\" target=\"_blank\" rel=\"noopener\">Get in touch by mail<\/a><\/p>\n<h2 id=\"newsletter\">Subscribe Newsletter<\/h2>\n<form action=\"http:\/\/ymlp.com\/subscribe.php?id=gjejwyqgmgb\" method=\"post\">Please fill the fields below in order to receive Andr\u00e9 Fr\u00e8re \u00c9ditions&#8217; newsletter<\/p>\n<fieldset>\n<legend>Your contact informations<br \/>\n<\/legend>\n<p><label for=\"YMP0\">E-mail<\/label><br \/>\n<input name=\"YMP0\" type=\"email\" placeholder=\"exemple@domaine.aa\" \/><br \/>\n<label for=\"YMP1\">First &amp; last Name<\/label><br \/>\n<input name=\"YMP1\" type=\"text\" placeholder=\"First name Last name\" \/><\/fieldset>\n<fieldset>\n<legend>You want<\/legend>\n<p><span class=\"bouttonradio\"><input checked=\"checked\" name=\"action\" type=\"radio\" value=\"subscribe\" \/> Subscribe<\/span><span class=\"bouttonradio\"><input name=\"action\" type=\"radio\" value=\"unsubscribe\" \/> Unsubscribe<\/span><\/fieldset>\n<p><input type=\"submit\" value=\"Send\" \/><\/p>\n<\/form>\n","protected":false},"excerpt":{"rendered":"<p>Contact \u00c9ditions Andr\u00e9 Fr\u00e8re Postal Adress Andr\u00e9 Fr\u00e8re \u00c9ditions PhotoBooksLab 346, chemin de Villecroze 13360 Roquevaire E-Mail Get in touch by mail Subscribe Newsletter Please fill the fields below in order to receive Andr\u00e9 Fr\u00e8re \u00c9ditions&#8217; newsletter Your contact informations E-mail First &amp; last Name You want Subscribe Unsubscribe<\/p>\n","protected":false},"author":2,"featured_media":0,"parent":0,"menu_order":0,"comment_status":"closed","ping_status":"closed","template":"","meta":{"footnotes":""},"class_list":["post-286","page","type-page","status-publish","hentry"],"yoast_head":"<!-- This site is optimized with the Yoast SEO plugin v27.4 - https:\/\/yoast.com\/product\/yoast-seo-wordpress\/ -->\n<title>Contact us | Andr\u00e9 Fr\u00e8re \u00c9ditions<\/title>\n<meta name=\"description\" content=\"All infos to contact us and to subscribe to Andr\u00e9 Fr\u00e8re \u00c9ditions newsletter\" \/>\n<meta name=\"robots\" content=\"index, follow, max-snippet:-1, max-image-preview:large, max-video-preview:-1\" \/>\n<link rel=\"canonical\" href=\"https:\/\/www.andrefrereditions.com\/en\/contact-us\/\" \/>\n<meta property=\"og:locale\" content=\"en_US\" \/>\n<meta property=\"og:type\" content=\"article\" \/>\n<meta property=\"og:title\" content=\"Contact us | Andr\u00e9 Fr\u00e8re \u00c9ditions\" \/>\n<meta property=\"og:description\" content=\"All infos to contact us and to subscribe to Andr\u00e9 Fr\u00e8re \u00c9ditions newsletter\" \/>\n<meta property=\"og:url\" content=\"https:\/\/www.andrefrereditions.com\/en\/contact-us\/\" \/>\n<meta property=\"og:site_name\" content=\"Andr\u00e9 Fr\u00e8re \u00c9ditions\" \/>\n<meta property=\"article:modified_time\" content=\"2024-01-11T09:13:56+00:00\" \/>\n<meta property=\"og:image\" content=\"https:\/\/www.andrefrereditions.com\/wp-content\/uploads\/2014\/12\/andre-frere-editions-logo.png\" \/>\n<meta name=\"twitter:label1\" content=\"Est. reading time\" \/>\n\t<meta name=\"twitter:data1\" content=\"1 minute\" \/>\n<script type=\"application\/ld+json\" class=\"yoast-schema-graph\">{\"@context\":\"https:\\\/\\\/schema.org\",\"@graph\":[{\"@type\":\"WebPage\",\"@id\":\"https:\\\/\\\/www.andrefrereditions.com\\\/en\\\/contact-us\\\/\",\"url\":\"https:\\\/\\\/www.andrefrereditions.com\\\/en\\\/contact-us\\\/\",\"name\":\"Contact us | Andr\u00e9 Fr\u00e8re \u00c9ditions\",\"isPartOf\":{\"@id\":\"https:\\\/\\\/www.andrefrereditions.com\\\/en\\\/#website\"},\"primaryImageOfPage\":{\"@id\":\"https:\\\/\\\/www.andrefrereditions.com\\\/en\\\/contact-us\\\/#primaryimage\"},\"image\":{\"@id\":\"https:\\\/\\\/www.andrefrereditions.com\\\/en\\\/contact-us\\\/#primaryimage\"},\"thumbnailUrl\":\"https:\\\/\\\/www.andrefrereditions.com\\\/wp-content\\\/uploads\\\/2014\\\/12\\\/andre-frere-editions-logo.png\",\"datePublished\":\"2013-12-02T22:05:28+00:00\",\"dateModified\":\"2024-01-11T09:13:56+00:00\",\"description\":\"All infos to contact us and to subscribe to Andr\u00e9 Fr\u00e8re \u00c9ditions newsletter\",\"breadcrumb\":{\"@id\":\"https:\\\/\\\/www.andrefrereditions.com\\\/en\\\/contact-us\\\/#breadcrumb\"},\"inLanguage\":\"en-US\",\"potentialAction\":[{\"@type\":\"ReadAction\",\"target\":[\"https:\\\/\\\/www.andrefrereditions.com\\\/en\\\/contact-us\\\/\"]}]},{\"@type\":\"ImageObject\",\"inLanguage\":\"en-US\",\"@id\":\"https:\\\/\\\/www.andrefrereditions.com\\\/en\\\/contact-us\\\/#primaryimage\",\"url\":\"https:\\\/\\\/www.andrefrereditions.com\\\/wp-content\\\/uploads\\\/2014\\\/12\\\/andre-frere-editions-logo.png\",\"contentUrl\":\"https:\\\/\\\/www.andrefrereditions.com\\\/wp-content\\\/uploads\\\/2014\\\/12\\\/andre-frere-editions-logo.png\"},{\"@type\":\"BreadcrumbList\",\"@id\":\"https:\\\/\\\/www.andrefrereditions.com\\\/en\\\/contact-us\\\/#breadcrumb\",\"itemListElement\":[{\"@type\":\"ListItem\",\"position\":1,\"name\":\"Home\",\"item\":\"https:\\\/\\\/www.andrefrereditions.com\\\/en\\\/\"},{\"@type\":\"ListItem\",\"position\":2,\"name\":\"Contact us\"}]},{\"@type\":\"WebSite\",\"@id\":\"https:\\\/\\\/www.andrefrereditions.com\\\/en\\\/#website\",\"url\":\"https:\\\/\\\/www.andrefrereditions.com\\\/en\\\/\",\"name\":\"Andr\u00e9 Fr\u00e8re \u00c9ditions\",\"description\":\"\u00c9dition ind\u00e9pendante de photographie et d\u2019art\",\"publisher\":{\"@id\":\"https:\\\/\\\/www.andrefrereditions.com\\\/en\\\/#organization\"},\"potentialAction\":[{\"@type\":\"SearchAction\",\"target\":{\"@type\":\"EntryPoint\",\"urlTemplate\":\"https:\\\/\\\/www.andrefrereditions.com\\\/en\\\/?s={search_term_string}\"},\"query-input\":{\"@type\":\"PropertyValueSpecification\",\"valueRequired\":true,\"valueName\":\"search_term_string\"}}],\"inLanguage\":\"en-US\"},{\"@type\":\"Organization\",\"@id\":\"https:\\\/\\\/www.andrefrereditions.com\\\/en\\\/#organization\",\"name\":\"Andr\u00e9 Fr\u00e8re \u00c9ditions\",\"url\":\"https:\\\/\\\/www.andrefrereditions.com\\\/en\\\/\",\"logo\":{\"@type\":\"ImageObject\",\"inLanguage\":\"en-US\",\"@id\":\"https:\\\/\\\/www.andrefrereditions.com\\\/en\\\/#\\\/schema\\\/logo\\\/image\\\/\",\"url\":\"https:\\\/\\\/www.andrefrereditions.com\\\/wp-content\\\/uploads\\\/2014\\\/12\\\/andre-frere-editions-logo.png\",\"contentUrl\":\"https:\\\/\\\/www.andrefrereditions.com\\\/wp-content\\\/uploads\\\/2014\\\/12\\\/andre-frere-editions-logo.png\",\"width\":80,\"height\":79,\"caption\":\"Andr\u00e9 Fr\u00e8re \u00c9ditions\"},\"image\":{\"@id\":\"https:\\\/\\\/www.andrefrereditions.com\\\/en\\\/#\\\/schema\\\/logo\\\/image\\\/\"}}]}<\/script>\n<!-- \/ Yoast SEO plugin. -->","yoast_head_json":{"title":"Contact us | Andr\u00e9 Fr\u00e8re \u00c9ditions","description":"All infos to contact us and to subscribe to Andr\u00e9 Fr\u00e8re \u00c9ditions newsletter","robots":{"index":"index","follow":"follow","max-snippet":"max-snippet:-1","max-image-preview":"max-image-preview:large","max-video-preview":"max-video-preview:-1"},"canonical":"https:\/\/www.andrefrereditions.com\/en\/contact-us\/","og_locale":"en_US","og_type":"article","og_title":"Contact us | Andr\u00e9 Fr\u00e8re \u00c9ditions","og_description":"All infos to contact us and to subscribe to Andr\u00e9 Fr\u00e8re \u00c9ditions newsletter","og_url":"https:\/\/www.andrefrereditions.com\/en\/contact-us\/","og_site_name":"Andr\u00e9 Fr\u00e8re \u00c9ditions","article_modified_time":"2024-01-11T09:13:56+00:00","og_image":[{"url":"https:\/\/www.andrefrereditions.com\/wp-content\/uploads\/2014\/12\/andre-frere-editions-logo.png","type":"","width":"","height":""}],"twitter_misc":{"Est. reading time":"1 minute"},"schema":{"@context":"https:\/\/schema.org","@graph":[{"@type":"WebPage","@id":"https:\/\/www.andrefrereditions.com\/en\/contact-us\/","url":"https:\/\/www.andrefrereditions.com\/en\/contact-us\/","name":"Contact us | Andr\u00e9 Fr\u00e8re \u00c9ditions","isPartOf":{"@id":"https:\/\/www.andrefrereditions.com\/en\/#website"},"primaryImageOfPage":{"@id":"https:\/\/www.andrefrereditions.com\/en\/contact-us\/#primaryimage"},"image":{"@id":"https:\/\/www.andrefrereditions.com\/en\/contact-us\/#primaryimage"},"thumbnailUrl":"https:\/\/www.andrefrereditions.com\/wp-content\/uploads\/2014\/12\/andre-frere-editions-logo.png","datePublished":"2013-12-02T22:05:28+00:00","dateModified":"2024-01-11T09:13:56+00:00","description":"All infos to contact us and to subscribe to Andr\u00e9 Fr\u00e8re \u00c9ditions newsletter","breadcrumb":{"@id":"https:\/\/www.andrefrereditions.com\/en\/contact-us\/#breadcrumb"},"inLanguage":"en-US","potentialAction":[{"@type":"ReadAction","target":["https:\/\/www.andrefrereditions.com\/en\/contact-us\/"]}]},{"@type":"ImageObject","inLanguage":"en-US","@id":"https:\/\/www.andrefrereditions.com\/en\/contact-us\/#primaryimage","url":"https:\/\/www.andrefrereditions.com\/wp-content\/uploads\/2014\/12\/andre-frere-editions-logo.png","contentUrl":"https:\/\/www.andrefrereditions.com\/wp-content\/uploads\/2014\/12\/andre-frere-editions-logo.png"},{"@type":"BreadcrumbList","@id":"https:\/\/www.andrefrereditions.com\/en\/contact-us\/#breadcrumb","itemListElement":[{"@type":"ListItem","position":1,"name":"Home","item":"https:\/\/www.andrefrereditions.com\/en\/"},{"@type":"ListItem","position":2,"name":"Contact us"}]},{"@type":"WebSite","@id":"https:\/\/www.andrefrereditions.com\/en\/#website","url":"https:\/\/www.andrefrereditions.com\/en\/","name":"Andr\u00e9 Fr\u00e8re \u00c9ditions","description":"\u00c9dition ind\u00e9pendante de photographie et d\u2019art","publisher":{"@id":"https:\/\/www.andrefrereditions.com\/en\/#organization"},"potentialAction":[{"@type":"SearchAction","target":{"@type":"EntryPoint","urlTemplate":"https:\/\/www.andrefrereditions.com\/en\/?s={search_term_string}"},"query-input":{"@type":"PropertyValueSpecification","valueRequired":true,"valueName":"search_term_string"}}],"inLanguage":"en-US"},{"@type":"Organization","@id":"https:\/\/www.andrefrereditions.com\/en\/#organization","name":"Andr\u00e9 Fr\u00e8re \u00c9ditions","url":"https:\/\/www.andrefrereditions.com\/en\/","logo":{"@type":"ImageObject","inLanguage":"en-US","@id":"https:\/\/www.andrefrereditions.com\/en\/#\/schema\/logo\/image\/","url":"https:\/\/www.andrefrereditions.com\/wp-content\/uploads\/2014\/12\/andre-frere-editions-logo.png","contentUrl":"https:\/\/www.andrefrereditions.com\/wp-content\/uploads\/2014\/12\/andre-frere-editions-logo.png","width":80,"height":79,"caption":"Andr\u00e9 Fr\u00e8re \u00c9ditions"},"image":{"@id":"https:\/\/www.andrefrereditions.com\/en\/#\/schema\/logo\/image\/"}}]}},"_links":{"self":[{"href":"https:\/\/www.andrefrereditions.com\/en\/wp-json\/wp\/v2\/pages\/286","targetHints":{"allow":["GET"]}}],"collection":[{"href":"https:\/\/www.andrefrereditions.com\/en\/wp-json\/wp\/v2\/pages"}],"about":[{"href":"https:\/\/www.andrefrereditions.com\/en\/wp-json\/wp\/v2\/types\/page"}],"author":[{"embeddable":true,"href":"https:\/\/www.andrefrereditions.com\/en\/wp-json\/wp\/v2\/users\/2"}],"replies":[{"embeddable":true,"href":"https:\/\/www.andrefrereditions.com\/en\/wp-json\/wp\/v2\/comments?post=286"}],"version-history":[{"count":0,"href":"https:\/\/www.andrefrereditions.com\/en\/wp-json\/wp\/v2\/pages\/286\/revisions"}],"wp:attachment":[{"href":"https:\/\/www.andrefrereditions.com\/en\/wp-json\/wp\/v2\/media?parent=286"}],"curies":[{"name":"wp","href":"https:\/\/api.w.org\/{rel}","templated":true}]}}