{"id":343,"date":"2013-12-04T22:41:30","date_gmt":"2013-12-04T21:41:30","guid":{"rendered":"http:\/\/www.andrefrereditions.com\/?page_id=343"},"modified":"2016-03-31T11:34:49","modified_gmt":"2016-03-31T09:34:49","slug":"bookshops-space","status":"publish","type":"page","link":"https:\/\/www.andrefrereditions.com\/en\/bookshops-space\/","title":{"rendered":"Bookshops space"},"content":{"rendered":"<h2>Bookshops where you can find our books<\/h2>\n<p>&nbsp;<\/p>\n<table>\n<caption>Principal bookshops where Andr\u00e9 Fr\u00e8re \u00c9ditions&#8217; books can be found<\/caption>\n<tbody>\n<tr>\n<th>Bookshop<\/th>\n<th>City and country<\/th>\n<\/tr>\n<tr>\n<td><a title=\"Librairie Goulard\" href=\"http:\/\/www.librairiegoulard.com\/\" target=\"_blank\">Librairie Goulard<\/a><\/td>\n<td>Aix-en-Provence<\/td>\n<\/tr>\n<tr>\n<td><a title=\"Librairie Harmonia Mundi\" href=\"http:\/\/www.harmoniamundi.com\" target=\"_blank\">Librairie Harmonia Mundi<\/a><\/td>\n<td>Aix-en-Provence<\/td>\n<\/tr>\n<tr>\n<td><a title=\"Librairie l\u2019Ivraie\" href=\"http:\/\/livraie.over-blog.com\/\" target=\"_blank\">Librairie L\u2019Ivraie<\/a><\/td>\n<td>Montpellier<\/td>\n<\/tr>\n<tr>\n<td>Librairie Harmonia Mundi<\/td>\n<td>Arles<\/td>\n<\/tr>\n<tr>\n<td><a href=\"http:\/\/www.librairieactessud.com\/\" target=\"_blank\">Librairie Actes Sud<\/a><\/td>\n<td>Arles<\/td>\n<\/tr>\n<tr>\n<td><a href=\"http:\/\/www.mollat.com\/\" target=\"_blank\">Librairie Mollat<\/a><\/td>\n<td>Bordeaux<\/td>\n<\/tr>\n<tr>\n<td><a title=\"Librairie Dialogues\" href=\"http:\/\/www.librairiedialogues.fr\/\" target=\"_blank\">Librairie Dialogues<\/a><\/td>\n<td>Brest<\/td>\n<\/tr>\n<tr>\n<td><a title=\"Librairie SCOP Envie de lire\" href=\"http:\/\/www.envie-de-lire.fr\/\" target=\"_blank\">Librairie Envie de lire<\/a><\/td>\n<td>Ivry-Sur-Seine<\/td>\n<\/tr>\n<tr>\n<td><a title=\"Le Furet du Nord\" href=\"http:\/\/www.furet.com\/cafe\/librairie-de-lille\/\" target=\"_blank\">Le Furet du Nord<\/a><\/td>\n<td>Lille<\/td>\n<\/tr>\n<tr>\n<td><a title=\"Librairie Page et plume\" href=\"http:\/\/www.pageetplume.fr\/\" target=\"_blank\">Librairie Page et plume<\/a><\/td>\n<td>Limoges<\/td>\n<\/tr>\n<tr>\n<td><a href=\"http:\/\/www.archipel-librairie.fr\/\" target=\"_blank\">Archipel<\/a><\/td>\n<td>Lyon<\/td>\n<\/tr>\n<tr>\n<td><a title=\"Decitre Lyon\" href=\"http:\/\/www.decitre.fr\/\" target=\"_blank\">Decitre<\/a><\/td>\n<td>Lyon<\/td>\n<\/tr>\n<tr>\n<td><a title=\"Librairie du MuCEM\" href=\"http:\/\/www.librairiedumucem.fr\/\" target=\"_blank\">Librairie du MuCEM<\/a><\/td>\n<td>Marseille<\/td>\n<\/tr>\n<tr>\n<td><a title=\"Librairie Prado Paradis\" href=\"http:\/\/www.librairiepradoparadis.fr\" target=\"_blank\">Librairie Prado Paradis<\/a><\/td>\n<td>Marseille<\/td>\n<\/tr>\n<tr>\n<td><a title=\"Librairie Maupetit\" href=\"http:\/\/www.maupetitlibraire.fr\/\" target=\"_blank\">Librairie Maupetit<\/a><\/td>\n<td>Marseille<\/td>\n<\/tr>\n<tr>\n<td><a title=\"La Salle des Machines\" href=\"http:\/\/www.lafriche.org\/content\/la-salle-des-machines\" target=\"_blank\">La Salle des Machines<\/a><\/td>\n<td>Marseille<\/td>\n<\/tr>\n<tr>\n<td><a title=\"Librairie L\u2019odeur du temps\" href=\"http:\/\/odeurdutemps.com\/\" target=\"_blank\">Librairie L\u2019odeur du temps<\/a><\/td>\n<td>Marseille<\/td>\n<\/tr>\n<tr>\n<td><a title=\"Histoire de l'\u0152il\" href=\"http:\/\/www.histoiredeloeil.com\/\" target=\"_blank\">L\u2019Histoire de l\u2019\u0153il<\/a><\/td>\n<td>Marseille<\/td>\n<\/tr>\n<tr>\n<td><a title=\"Imbernon\" href=\"http:\/\/www.editionsimbernon.com\/\" target=\"_blank\">Imbernon<\/a><\/td>\n<td>Marseille<\/td>\n<\/tr>\n<tr>\n<td><a title=\"Librairie Sauramps\" href=\"http:\/\/www.sauramps.com\/\" target=\"_blank\">Librairie Sauramps<\/a><\/td>\n<td>Montpellier<\/td>\n<\/tr>\n<tr>\n<td><a title=\"Librairie Coiffard\" href=\"http:\/\/librairiecoiffard.wordpress.com\/\" target=\"_blank\">Librairie Coiffard<\/a><\/td>\n<td>Nantes<\/td>\n<\/tr>\n<tr>\n<td><a title=\"Librairie Vent d\u2019ouest\" href=\"http:\/\/www.librairie-nantes.fr\/\" target=\"_blank\">Librairie Vent d\u2019ouest<\/a><\/td>\n<td>Nantes<\/td>\n<\/tr>\n<tr>\n<td><a title=\"Le voyage \u00e0 Nantes\" href=\"http:\/\/www.levoyageanantes.fr\/fr\/\" target=\"_blank\">Le voyage \u00e0 Nantes<\/a><\/td>\n<td>Nantes<\/td>\n<\/tr>\n<tr>\n<td><a title=\"Librairie Durance\" href=\"http:\/\/www.librairiedurance.fr\/\" target=\"_blank\">Librairie Durance<\/a><\/td>\n<td>Nantes<\/td>\n<\/tr>\n<tr>\n<td><a title=\"Librairie Massena\" href=\"http:\/\/www.librairiemassena.com\/\" target=\"_blank\">Librairie Massena<\/a><\/td>\n<td>Nice<\/td>\n<\/tr>\n<tr>\n<td><a title=\"La Maison Europ\u00e9enne de la Photographie\" href=\"http:\/\/www.mep-fr.org\/\" target=\"_blank\">La Maison Europ\u00e9enne de la Photographie<\/a><\/td>\n<td>Paris<\/td>\n<\/tr>\n<tr>\n<td><a title=\"La Chambre Claire\" href=\"http:\/\/www.la-chambre-claire.fr\/photo-cinema\/index.php\" target=\"_blank\">La Chambre Claire<\/a><\/td>\n<td>Paris<\/td>\n<\/tr>\n<tr>\n<td><a title=\"Librairie du Jeu de Paume\" href=\"http:\/\/www.jeudepaume.org\/index.php?page=article&amp;idArt=17&amp;lieu=1\" target=\"_blank\">Librairie du Jeu de Paume<\/a><\/td>\n<td>Paris<\/td>\n<\/tr>\n<tr>\n<td><a title=\"Artazart\" href=\"http:\/\/www.artazart.com\/fr\/\" target=\"_blank\">Artazart<\/a><\/td>\n<td>Paris<\/td>\n<\/tr>\n<tr>\n<td><a title=\"Librairie Flammarion La Hune\" href=\"http:\/\/www.groupe-flammarion.com\/node\/63\" target=\"_blank\">Librairie Flammarion La Hune<\/a><\/td>\n<td>Paris<\/td>\n<\/tr>\n<tr>\n<td><a title=\"Librairie L\u2019Atelier\" href=\"http:\/\/librairie.atelier9.free.fr\/\" target=\"_blank\">Librairie L\u2019Atelier<\/a><\/td>\n<td>Paris<\/td>\n<\/tr>\n<tr>\n<td><a title=\"Le Moniteur\" href=\"http:\/\/www.librairiedumoniteur.com\/boutique\/liste_rayons.cfm\" target=\"_blank\">Le Moniteur<\/a><\/td>\n<td>Paris<\/td>\n<\/tr>\n<tr>\n<td><a title=\"Librairie Comme un roman\" href=\"http:\/\/www.comme-un-roman.com\/\" target=\"_blank\">Librairie Comme un roman<\/a><\/td>\n<td>Paris<\/td>\n<\/tr>\n<tr>\n<td><a title=\"Le 29 sarl\" href=\"http:\/\/le29.fr\/\" target=\"_blank\">Le 29 sarl<\/a><\/td>\n<td>Paris<\/td>\n<\/tr>\n<tr>\n<td><a title=\"Librairie du Palais de Tokyo\" href=\"http:\/\/www.palaisdetokyo.com\/fr\/lifestyle\/librairie\" target=\"_blank\">Librairie du Palais de Tokyo<\/a><\/td>\n<td>Paris<\/td>\n<\/tr>\n<tr>\n<td><a title=\"Le Bon March\u00e9\" href=\"http:\/\/www.lebonmarche.com\/\">Le Bon March\u00e9<\/a><\/td>\n<td>Paris<\/td>\n<\/tr>\n<tr>\n<td><a title=\"Librairie Artcurial\" href=\"http:\/\/librairie.artcurial.com\/fr\/\">Librairie Artcurial<\/a><\/td>\n<td>Paris<\/td>\n<\/tr>\n<tr>\n<td><a title=\"Librairie La Man\u0153uvre\" href=\"http:\/\/la-manoeuvre.blogspot.fr\/\">Librairie La Man\u0153uvre<\/a><\/td>\n<td>Paris<\/td>\n<\/tr>\n<tr>\n<td><a title=\"Le Merle moqueur\" href=\"http:\/\/www.lemerlemoqueur.fr\/\">Le Merle moqueur<\/a><\/td>\n<td>Paris<\/td>\n<\/tr>\n<tr>\n<td><a title=\"Le BAL Books\" href=\"http:\/\/www.le-bal.fr\/\">Le BAL Books<\/a><\/td>\n<td>Paris<\/td>\n<\/tr>\n<tr>\n<td><a title=\"Librairie Le Failler\" href=\"http:\/\/www.librairielefailler.fr\/\">Librairie Le Failler<\/a><\/td>\n<td>Rennes<\/td>\n<\/tr>\n<tr>\n<td><a title=\"L\u2019\u00e9chapp\u00e9e belle\" href=\"http:\/\/www.lechappeebelle.fr\/\">L\u2019\u00e9chapp\u00e9e belle<\/a><\/td>\n<td>S\u00e8te<\/td>\n<\/tr>\n<tr>\n<td><a title=\"Librairie Quai des brumes\" href=\"http:\/\/www.quaidesbrumes.com\/\">Librairie Quai des brumes<\/a><\/td>\n<td>Strasbourg<\/td>\n<\/tr>\n<tr>\n<td><a title=\"Librarie Kleber\" href=\"http:\/\/www.librairie-kleber.com\/\">Librairie Kleber<\/a><\/td>\n<td>Strasbourg<\/td>\n<\/tr>\n<tr>\n<td><a title=\"Ombres Blanches\" href=\"http:\/\/www.ombres-blanches.fr\/\">Librairie Ombres Blanches<\/a><\/td>\n<td>Toulouse<\/td>\n<\/tr>\n<tr>\n<td><a title=\"Filigranes\" href=\"http:\/\/www.filigranes.be\/\">Filigranes<\/a><\/td>\n<td>Brussels<\/td>\n<\/tr>\n<tr>\n<td><a title=\"Tropismes Librairie\" href=\"http:\/\/www.tropismes.com\/\">Tropismes Librairie<\/a><\/td>\n<td>Brussels<\/td>\n<\/tr>\n<tr>\n<td>L2M10 Bookshop<\/td>\n<td>Brussels<\/td>\n<\/tr>\n<tr>\n<td><a title=\"Hors Format\" href=\"http:\/\/www.horsformat.com\/fr\/home\">Hors Format<\/a><\/td>\n<td>Brussels<\/td>\n<\/tr>\n<tr>\n<td>Librairie St-Hubert<\/td>\n<td>Brussels<\/td>\n<\/tr>\n<tr>\n<td><a title=\"Tipi Bookshop\" href=\"http:\/\/www.tipi-bookshop.be\/\">Tipi Bookshop<\/a><\/td>\n<td>Brussels<\/td>\n<\/tr>\n<tr>\n<td><a title=\"Daschwood books\" href=\"http:\/\/www.dashwoodbooks.com\/\">Daschwood books<\/a><\/td>\n<td>New-York<\/td>\n<\/tr>\n<tr>\n<td><a title=\"Deichtorhallen\" href=\"http:\/\/www.deichtorhallen.de\/\">Deichtorhallen<\/a><\/td>\n<td>Hambourg<\/td>\n<\/tr>\n<tr>\n<td><a title=\"Photobookstore\" href=\"http:\/\/www.photobookstore.co.uk\/\" target=\"_blank\">Photobookstore<\/a><\/td>\n<td>London<\/td>\n<\/tr>\n<tr>\n<td><a title=\"Photobookcorner\" href=\"http:\/\/www.photobookcorner.com\/\">Photobookcorner<\/a><\/td>\n<td>Lisbonne<\/td>\n<\/tr>\n<tr>\n<td><a title=\"The Photographer Gallery\" href=\"http:\/\/thephotographersgallery.org.uk\/home\">The Photographer Gallery<\/a><\/td>\n<td>London<\/td>\n<\/tr>\n<tr>\n<td><a title=\"Micamera Milan\" href=\"http:\/\/www.micamera.com\/\" target=\"_blank\">Micamera<\/a><\/td>\n<td>Milan<\/td>\n<\/tr>\n<tr>\n<td><a title=\"Claire de Rouen\" href=\"http:\/\/clairederouenbooks.com\/\">Claire de Rouen<\/a><\/td>\n<td>London<\/td>\n<\/tr>\n<tr>\n<td><a title=\"Donlon books\" href=\"http:\/\/donlonbooks.com\/\">Donlon books<\/a><\/td>\n<td>London<\/td>\n<\/tr>\n<tr>\n<td><a title=\"Plac\u2019Art Photo\" href=\"http:\/\/placartphoto.com\/\" target=\"_blank\">Le Plac&#8217;art photo<\/a><\/td>\n<td>Paris<\/td>\n<\/tr>\n<tr>\n<td><a title=\"Konst\/ig\" href=\"http:\/\/www.konstigbooks.com\/\" target=\"_blank\">Konst\/ig<\/a><\/td>\n<td>Stockholm<\/td>\n<\/tr>\n<\/tbody>\n<\/table>\n","protected":false},"excerpt":{"rendered":"<p>Bookshops where you can find our books &nbsp; Principal bookshops where Andr\u00e9 Fr\u00e8re \u00c9ditions&#8217; books can be found Bookshop City and country Librairie Goulard Aix-en-Provence Librairie Harmonia Mundi Aix-en-Provence Librairie L\u2019Ivraie Montpellier Librairie Harmonia Mundi Arles Librairie Actes Sud Arles Librairie Mollat Bordeaux Librairie Dialogues Brest Librairie Envie de lire Ivry-Sur-Seine Le Furet du Nord [&hellip;]<\/p>\n","protected":false},"author":2,"featured_media":0,"parent":0,"menu_order":0,"comment_status":"closed","ping_status":"closed","template":"","meta":{"footnotes":""},"class_list":["post-343","page","type-page","status-publish","hentry"],"yoast_head":"<!-- This site is optimized with the Yoast SEO plugin v27.4 - https:\/\/yoast.com\/product\/yoast-seo-wordpress\/ -->\n<title>Bookshops Space | Andr\u00e9 Fr\u00e8re \u00c9ditions<\/title>\n<meta name=\"robots\" content=\"index, follow, max-snippet:-1, max-image-preview:large, max-video-preview:-1\" \/>\n<link rel=\"canonical\" href=\"https:\/\/www.andrefrereditions.com\/en\/bookshops-space\/\" \/>\n<meta property=\"og:locale\" content=\"en_US\" \/>\n<meta property=\"og:type\" content=\"article\" \/>\n<meta property=\"og:title\" content=\"Bookshops Space | Andr\u00e9 Fr\u00e8re \u00c9ditions\" \/>\n<meta property=\"og:description\" content=\"Bookshops where you can find our books &nbsp; Principal bookshops where Andr\u00e9 Fr\u00e8re \u00c9ditions&#8217; books can be found Bookshop City and country Librairie Goulard Aix-en-Provence Librairie Harmonia Mundi Aix-en-Provence Librairie L\u2019Ivraie Montpellier Librairie Harmonia Mundi Arles Librairie Actes Sud Arles Librairie Mollat Bordeaux Librairie Dialogues Brest Librairie Envie de lire Ivry-Sur-Seine Le Furet du Nord [&hellip;]\" \/>\n<meta property=\"og:url\" content=\"https:\/\/www.andrefrereditions.com\/en\/bookshops-space\/\" \/>\n<meta property=\"og:site_name\" content=\"Andr\u00e9 Fr\u00e8re \u00c9ditions\" \/>\n<meta property=\"article:modified_time\" content=\"2016-03-31T09:34:49+00:00\" \/>\n<meta name=\"twitter:label1\" content=\"Est. reading time\" \/>\n\t<meta name=\"twitter:data1\" content=\"1 minute\" \/>\n<script type=\"application\/ld+json\" class=\"yoast-schema-graph\">{\"@context\":\"https:\\\/\\\/schema.org\",\"@graph\":[{\"@type\":\"WebPage\",\"@id\":\"https:\\\/\\\/www.andrefrereditions.com\\\/en\\\/bookshops-space\\\/\",\"url\":\"https:\\\/\\\/www.andrefrereditions.com\\\/en\\\/bookshops-space\\\/\",\"name\":\"Bookshops Space | Andr\u00e9 Fr\u00e8re \u00c9ditions\",\"isPartOf\":{\"@id\":\"https:\\\/\\\/www.andrefrereditions.com\\\/en\\\/#website\"},\"datePublished\":\"2013-12-04T21:41:30+00:00\",\"dateModified\":\"2016-03-31T09:34:49+00:00\",\"breadcrumb\":{\"@id\":\"https:\\\/\\\/www.andrefrereditions.com\\\/en\\\/bookshops-space\\\/#breadcrumb\"},\"inLanguage\":\"en-US\",\"potentialAction\":[{\"@type\":\"ReadAction\",\"target\":[\"https:\\\/\\\/www.andrefrereditions.com\\\/en\\\/bookshops-space\\\/\"]}]},{\"@type\":\"BreadcrumbList\",\"@id\":\"https:\\\/\\\/www.andrefrereditions.com\\\/en\\\/bookshops-space\\\/#breadcrumb\",\"itemListElement\":[{\"@type\":\"ListItem\",\"position\":1,\"name\":\"Home\",\"item\":\"https:\\\/\\\/www.andrefrereditions.com\\\/en\\\/\"},{\"@type\":\"ListItem\",\"position\":2,\"name\":\"Bookshops space\"}]},{\"@type\":\"WebSite\",\"@id\":\"https:\\\/\\\/www.andrefrereditions.com\\\/en\\\/#website\",\"url\":\"https:\\\/\\\/www.andrefrereditions.com\\\/en\\\/\",\"name\":\"Andr\u00e9 Fr\u00e8re \u00c9ditions\",\"description\":\"\u00c9dition ind\u00e9pendante de photographie et d\u2019art\",\"publisher\":{\"@id\":\"https:\\\/\\\/www.andrefrereditions.com\\\/en\\\/#organization\"},\"potentialAction\":[{\"@type\":\"SearchAction\",\"target\":{\"@type\":\"EntryPoint\",\"urlTemplate\":\"https:\\\/\\\/www.andrefrereditions.com\\\/en\\\/?s={search_term_string}\"},\"query-input\":{\"@type\":\"PropertyValueSpecification\",\"valueRequired\":true,\"valueName\":\"search_term_string\"}}],\"inLanguage\":\"en-US\"},{\"@type\":\"Organization\",\"@id\":\"https:\\\/\\\/www.andrefrereditions.com\\\/en\\\/#organization\",\"name\":\"Andr\u00e9 Fr\u00e8re \u00c9ditions\",\"url\":\"https:\\\/\\\/www.andrefrereditions.com\\\/en\\\/\",\"logo\":{\"@type\":\"ImageObject\",\"inLanguage\":\"en-US\",\"@id\":\"https:\\\/\\\/www.andrefrereditions.com\\\/en\\\/#\\\/schema\\\/logo\\\/image\\\/\",\"url\":\"https:\\\/\\\/www.andrefrereditions.com\\\/wp-content\\\/uploads\\\/2014\\\/12\\\/andre-frere-editions-logo.png\",\"contentUrl\":\"https:\\\/\\\/www.andrefrereditions.com\\\/wp-content\\\/uploads\\\/2014\\\/12\\\/andre-frere-editions-logo.png\",\"width\":80,\"height\":79,\"caption\":\"Andr\u00e9 Fr\u00e8re \u00c9ditions\"},\"image\":{\"@id\":\"https:\\\/\\\/www.andrefrereditions.com\\\/en\\\/#\\\/schema\\\/logo\\\/image\\\/\"}}]}<\/script>\n<!-- \/ Yoast SEO plugin. -->","yoast_head_json":{"title":"Bookshops Space | Andr\u00e9 Fr\u00e8re \u00c9ditions","robots":{"index":"index","follow":"follow","max-snippet":"max-snippet:-1","max-image-preview":"max-image-preview:large","max-video-preview":"max-video-preview:-1"},"canonical":"https:\/\/www.andrefrereditions.com\/en\/bookshops-space\/","og_locale":"en_US","og_type":"article","og_title":"Bookshops Space | Andr\u00e9 Fr\u00e8re \u00c9ditions","og_description":"Bookshops where you can find our books &nbsp; Principal bookshops where Andr\u00e9 Fr\u00e8re \u00c9ditions&#8217; books can be found Bookshop City and country Librairie Goulard Aix-en-Provence Librairie Harmonia Mundi Aix-en-Provence Librairie L\u2019Ivraie Montpellier Librairie Harmonia Mundi Arles Librairie Actes Sud Arles Librairie Mollat Bordeaux Librairie Dialogues Brest Librairie Envie de lire Ivry-Sur-Seine Le Furet du Nord [&hellip;]","og_url":"https:\/\/www.andrefrereditions.com\/en\/bookshops-space\/","og_site_name":"Andr\u00e9 Fr\u00e8re \u00c9ditions","article_modified_time":"2016-03-31T09:34:49+00:00","twitter_misc":{"Est. reading time":"1 minute"},"schema":{"@context":"https:\/\/schema.org","@graph":[{"@type":"WebPage","@id":"https:\/\/www.andrefrereditions.com\/en\/bookshops-space\/","url":"https:\/\/www.andrefrereditions.com\/en\/bookshops-space\/","name":"Bookshops Space | Andr\u00e9 Fr\u00e8re \u00c9ditions","isPartOf":{"@id":"https:\/\/www.andrefrereditions.com\/en\/#website"},"datePublished":"2013-12-04T21:41:30+00:00","dateModified":"2016-03-31T09:34:49+00:00","breadcrumb":{"@id":"https:\/\/www.andrefrereditions.com\/en\/bookshops-space\/#breadcrumb"},"inLanguage":"en-US","potentialAction":[{"@type":"ReadAction","target":["https:\/\/www.andrefrereditions.com\/en\/bookshops-space\/"]}]},{"@type":"BreadcrumbList","@id":"https:\/\/www.andrefrereditions.com\/en\/bookshops-space\/#breadcrumb","itemListElement":[{"@type":"ListItem","position":1,"name":"Home","item":"https:\/\/www.andrefrereditions.com\/en\/"},{"@type":"ListItem","position":2,"name":"Bookshops space"}]},{"@type":"WebSite","@id":"https:\/\/www.andrefrereditions.com\/en\/#website","url":"https:\/\/www.andrefrereditions.com\/en\/","name":"Andr\u00e9 Fr\u00e8re \u00c9ditions","description":"\u00c9dition ind\u00e9pendante de photographie et d\u2019art","publisher":{"@id":"https:\/\/www.andrefrereditions.com\/en\/#organization"},"potentialAction":[{"@type":"SearchAction","target":{"@type":"EntryPoint","urlTemplate":"https:\/\/www.andrefrereditions.com\/en\/?s={search_term_string}"},"query-input":{"@type":"PropertyValueSpecification","valueRequired":true,"valueName":"search_term_string"}}],"inLanguage":"en-US"},{"@type":"Organization","@id":"https:\/\/www.andrefrereditions.com\/en\/#organization","name":"Andr\u00e9 Fr\u00e8re \u00c9ditions","url":"https:\/\/www.andrefrereditions.com\/en\/","logo":{"@type":"ImageObject","inLanguage":"en-US","@id":"https:\/\/www.andrefrereditions.com\/en\/#\/schema\/logo\/image\/","url":"https:\/\/www.andrefrereditions.com\/wp-content\/uploads\/2014\/12\/andre-frere-editions-logo.png","contentUrl":"https:\/\/www.andrefrereditions.com\/wp-content\/uploads\/2014\/12\/andre-frere-editions-logo.png","width":80,"height":79,"caption":"Andr\u00e9 Fr\u00e8re \u00c9ditions"},"image":{"@id":"https:\/\/www.andrefrereditions.com\/en\/#\/schema\/logo\/image\/"}}]}},"_links":{"self":[{"href":"https:\/\/www.andrefrereditions.com\/en\/wp-json\/wp\/v2\/pages\/343","targetHints":{"allow":["GET"]}}],"collection":[{"href":"https:\/\/www.andrefrereditions.com\/en\/wp-json\/wp\/v2\/pages"}],"about":[{"href":"https:\/\/www.andrefrereditions.com\/en\/wp-json\/wp\/v2\/types\/page"}],"author":[{"embeddable":true,"href":"https:\/\/www.andrefrereditions.com\/en\/wp-json\/wp\/v2\/users\/2"}],"replies":[{"embeddable":true,"href":"https:\/\/www.andrefrereditions.com\/en\/wp-json\/wp\/v2\/comments?post=343"}],"version-history":[{"count":0,"href":"https:\/\/www.andrefrereditions.com\/en\/wp-json\/wp\/v2\/pages\/343\/revisions"}],"wp:attachment":[{"href":"https:\/\/www.andrefrereditions.com\/en\/wp-json\/wp\/v2\/media?parent=343"}],"curies":[{"name":"wp","href":"https:\/\/api.w.org\/{rel}","templated":true}]}}