{"id":10074,"date":"2021-04-21T10:22:48","date_gmt":"2021-05-20T15:05:22","guid":{"rendered":"https:\/\/www.andrefrereditions.com\/?post_type=product&#038;p=10074"},"modified":"2025-06-26T11:12:07","modified_gmt":"2025-06-26T09:12:07","slug":"le-seuil-maude-grubel","status":"publish","type":"product","link":"https:\/\/www.andrefrereditions.com\/en\/books\/photography\/le-seuil-maude-grubel\/","title":{"rendered":"Le Seuil"},"content":{"rendered":"<ul class=\"infos-livre\">\n<li>Photographs and texts : <a href=\"http:\/\/www.documentsdartistes.org\/artistes\/grubel\/\">Maude Gr\u00fcbel<\/a><\/li>\n<li>80 pages, 14 x 20,5 cm<\/li>\n<li>35 color and black &amp; white photographs<\/li>\n<li>6 black &amp; white drawings<\/li>\n<li>Trilingual, French + 16-pages English and German translation leaflet<\/li>\n<li>ISBN : 978-2-492696-01-5<\/li>\n<li>\u20ac 25 \u2014 \u20ac 400<\/li>\n<li>With support from R\u00e9gion Sud, Provence-Alpes-C\u00f4te d\u2019Azur<\/li>\n<\/ul>\n<h2>A limited edition of 75 copies<\/h2>\n<p><strong>For this book we made a signed and numbered limited edition accompanied by a 10 x 13 cm print, signed, not numbered at 75 copies, for \u20ac 60.<\/strong><\/p>\n<p><strong>Limited edition <\/strong> <a class=\"in_page_button\" href=\"\/?page_id=67&amp;add-to-cart=10074&amp;variation_id=12010&amp;attribute_pa_version=limited-edition&amp;quantity=1\">Ajouter au panier<\/a><br \/>\n<img loading=\"lazy\" decoding=\"async\" class=\"alignnone size-full wp-image-10029\" src=\"https:\/\/www.andrefrereditions.com\/wp-content\/uploads\/2021\/04\/maude-grubel-le-seuil-andre-frere-editions-1.jpg\" alt=\"\" width=\"430\" height=\"430\" srcset=\"https:\/\/www.andrefrereditions.com\/wp-content\/uploads\/2021\/04\/maude-grubel-le-seuil-andre-frere-editions-1.jpg 430w, https:\/\/www.andrefrereditions.com\/wp-content\/uploads\/2021\/04\/maude-grubel-le-seuil-andre-frere-editions-1-420x420.jpg 420w, https:\/\/www.andrefrereditions.com\/wp-content\/uploads\/2021\/04\/maude-grubel-le-seuil-andre-frere-editions-1-100x100.jpg 100w, https:\/\/www.andrefrereditions.com\/wp-content\/uploads\/2021\/04\/maude-grubel-le-seuil-andre-frere-editions-1-300x300.jpg 300w\" sizes=\"auto, (max-width: 430px) 100vw, 430px\" \/><\/p>\n<h2>A first special edition of 21 copies<\/h2>\n<p><strong>Order your book, in limited edition, signed and numbered + a Photo Pigmentary print on Canson Edition Etching Rag 310 g paper (Fine Art) 13 x 13 cm, signed and numbered from 1 to 7: \u20ac 200<\/strong><\/p>\n<p><strong>Special edition n\u00ba1<\/strong> <a class=\"in_page_button\" href=\"\/?page_id=67&amp;add-to-cart=10074&amp;variation_id=12012&amp;attribute_pa_version=special-edition-1&amp;quantity=1\">add to basket<\/a><br \/>\n<img loading=\"lazy\" decoding=\"async\" class=\"alignnone size-full wp-image-10037\" src=\"https:\/\/www.andrefrereditions.com\/wp-content\/uploads\/2021\/04\/maude-grubel-le-seuil-andre-frere-editions-5.jpg\" alt=\"\" width=\"430\" height=\"430\" srcset=\"https:\/\/www.andrefrereditions.com\/wp-content\/uploads\/2021\/04\/maude-grubel-le-seuil-andre-frere-editions-5.jpg 430w, https:\/\/www.andrefrereditions.com\/wp-content\/uploads\/2021\/04\/maude-grubel-le-seuil-andre-frere-editions-5-420x420.jpg 420w, https:\/\/www.andrefrereditions.com\/wp-content\/uploads\/2021\/04\/maude-grubel-le-seuil-andre-frere-editions-5-100x100.jpg 100w, https:\/\/www.andrefrereditions.com\/wp-content\/uploads\/2021\/04\/maude-grubel-le-seuil-andre-frere-editions-5-300x300.jpg 300w\" sizes=\"auto, (max-width: 430px) 100vw, 430px\" \/><\/p>\n<p><strong>Special edition n\u00ba2<\/strong> <a class=\"in_page_button\" href=\"\/?page_id=67&amp;add-to-cart=10074&amp;variation_id=12013&amp;attribute_pa_version=special-edition-2&amp;quantity=1\">Add to basket<\/a><br \/>\n<img loading=\"lazy\" decoding=\"async\" class=\"alignnone wp-image-10035 size-full\" src=\"https:\/\/www.andrefrereditions.com\/wp-content\/uploads\/2021\/04\/maude-grubel-le-seuil-andre-frere-editions-4.jpg\" alt=\"\" width=\"430\" height=\"430\" srcset=\"https:\/\/www.andrefrereditions.com\/wp-content\/uploads\/2021\/04\/maude-grubel-le-seuil-andre-frere-editions-4.jpg 430w, https:\/\/www.andrefrereditions.com\/wp-content\/uploads\/2021\/04\/maude-grubel-le-seuil-andre-frere-editions-4-420x420.jpg 420w, https:\/\/www.andrefrereditions.com\/wp-content\/uploads\/2021\/04\/maude-grubel-le-seuil-andre-frere-editions-4-100x100.jpg 100w, https:\/\/www.andrefrereditions.com\/wp-content\/uploads\/2021\/04\/maude-grubel-le-seuil-andre-frere-editions-4-300x300.jpg 300w\" sizes=\"auto, (max-width: 430px) 100vw, 430px\" \/><\/p>\n<p><strong>Special edition n\u00ba3<\/strong> <a class=\"in_page_button\" href=\"\/?page_id=67&amp;add-to-cart=10074&amp;variation_id=12014&amp;attribute_pa_version=special-edition-3&amp;quantity=1\">add to basket<\/a><br \/>\n<img loading=\"lazy\" decoding=\"async\" class=\"alignnone wp-image-10039 size-full\" src=\"https:\/\/www.andrefrereditions.com\/wp-content\/uploads\/2021\/04\/maude-grubel-le-seuil-andre-frere-editions-6.jpg\" alt=\"\" width=\"430\" height=\"430\" srcset=\"https:\/\/www.andrefrereditions.com\/wp-content\/uploads\/2021\/04\/maude-grubel-le-seuil-andre-frere-editions-6.jpg 430w, https:\/\/www.andrefrereditions.com\/wp-content\/uploads\/2021\/04\/maude-grubel-le-seuil-andre-frere-editions-6-420x420.jpg 420w, https:\/\/www.andrefrereditions.com\/wp-content\/uploads\/2021\/04\/maude-grubel-le-seuil-andre-frere-editions-6-100x100.jpg 100w, https:\/\/www.andrefrereditions.com\/wp-content\/uploads\/2021\/04\/maude-grubel-le-seuil-andre-frere-editions-6-300x300.jpg 300w\" sizes=\"auto, (max-width: 430px) 100vw, 430px\" \/><\/p>\n<h2>A second special edition of 12 copies<\/h2>\n<p><strong>Order your book, in limited edition, signed and numbered + a Photo Pigmentary print on Canson Edition Etching Rag 310 g paper (Fine Art) 20 x 25 cm, signed and numbered from 1 to 6: \u20ac 400<\/strong><\/p>\n<p><strong>Special edition n\u00ba4<\/strong> <a class=\"in_page_button\" href=\"\/?page_id=67&amp;add-to-cart=10074&amp;variation_id=12015&amp;attribute_pa_version=special-edition-4&amp;quantity=1\">add to basket<\/a><br \/>\n<img loading=\"lazy\" decoding=\"async\" class=\"alignnone size-full wp-image-10031\" src=\"https:\/\/www.andrefrereditions.com\/wp-content\/uploads\/2021\/04\/maude-grubel-le-seuil-andre-frere-editions-2.jpg\" alt=\"\" width=\"430\" height=\"573\" srcset=\"https:\/\/www.andrefrereditions.com\/wp-content\/uploads\/2021\/04\/maude-grubel-le-seuil-andre-frere-editions-2.jpg 430w, https:\/\/www.andrefrereditions.com\/wp-content\/uploads\/2021\/04\/maude-grubel-le-seuil-andre-frere-editions-2-420x560.jpg 420w, https:\/\/www.andrefrereditions.com\/wp-content\/uploads\/2021\/04\/maude-grubel-le-seuil-andre-frere-editions-2-225x300.jpg 225w\" sizes=\"auto, (max-width: 430px) 100vw, 430px\" \/><\/p>\n<p><strong>Special edition n\u00ba5<\/strong> <a class=\"in_page_button\" href=\"\/?page_id=67&amp;add-to-cart=10074&amp;variation_id=12011&amp;attribute_pa_version=special-edition-5&amp;quantity=1\">add to basket<\/a><br \/>\n<img loading=\"lazy\" decoding=\"async\" class=\"alignnone size-full wp-image-10033\" src=\"https:\/\/www.andrefrereditions.com\/wp-content\/uploads\/2021\/04\/maude-grubel-le-seuil-andre-frere-editions-3.jpg\" alt=\"\" width=\"430\" height=\"573\" srcset=\"https:\/\/www.andrefrereditions.com\/wp-content\/uploads\/2021\/04\/maude-grubel-le-seuil-andre-frere-editions-3.jpg 430w, https:\/\/www.andrefrereditions.com\/wp-content\/uploads\/2021\/04\/maude-grubel-le-seuil-andre-frere-editions-3-420x560.jpg 420w, https:\/\/www.andrefrereditions.com\/wp-content\/uploads\/2021\/04\/maude-grubel-le-seuil-andre-frere-editions-3-225x300.jpg 225w\" sizes=\"auto, (max-width: 430px) 100vw, 430px\" \/><\/p>\n<h2>The book<\/h2>\n<p>\u201c<em>Le Seuil<\/em> focuses on the human encounter with their environment from a state of isolation caused by failing health. It seizes on the relationship between forgetting\/remembering &#8211; body\/identity and portrays the experience of a perception altered by oneself and by the world.<\/p>\n<p><img loading=\"lazy\" decoding=\"async\" class=\"alignnone wp-image-10031 size-full\" src=\"https:\/\/www.andrefrereditions.com\/wp-content\/uploads\/2021\/04\/maude-grubel-le-seuil-andre-frere-editions-2.jpg\" alt=\"\" width=\"430\" height=\"573\" srcset=\"https:\/\/www.andrefrereditions.com\/wp-content\/uploads\/2021\/04\/maude-grubel-le-seuil-andre-frere-editions-2.jpg 430w, https:\/\/www.andrefrereditions.com\/wp-content\/uploads\/2021\/04\/maude-grubel-le-seuil-andre-frere-editions-2-420x560.jpg 420w, https:\/\/www.andrefrereditions.com\/wp-content\/uploads\/2021\/04\/maude-grubel-le-seuil-andre-frere-editions-2-225x300.jpg 225w\" sizes=\"auto, (max-width: 430px) 100vw, 430px\" \/><\/p>\n<p>How can I express The Uncanny an illness causes &#8211; one&#8217;s own and the world&#8217;s strangeness? How do the experiences influence the point of view, the gaze?<\/p>\n<p><img loading=\"lazy\" decoding=\"async\" class=\"alignnone wp-image-10033 size-full\" src=\"https:\/\/www.andrefrereditions.com\/wp-content\/uploads\/2021\/04\/maude-grubel-le-seuil-andre-frere-editions-3.jpg\" alt=\"\" width=\"430\" height=\"573\" srcset=\"https:\/\/www.andrefrereditions.com\/wp-content\/uploads\/2021\/04\/maude-grubel-le-seuil-andre-frere-editions-3.jpg 430w, https:\/\/www.andrefrereditions.com\/wp-content\/uploads\/2021\/04\/maude-grubel-le-seuil-andre-frere-editions-3-420x560.jpg 420w, https:\/\/www.andrefrereditions.com\/wp-content\/uploads\/2021\/04\/maude-grubel-le-seuil-andre-frere-editions-3-225x300.jpg 225w\" sizes=\"auto, (max-width: 430px) 100vw, 430px\" \/><\/p>\n<p>After an epileptic seizure and ensuing coma in 2015 I was diagnosed with a brain tumor. Confronted with this altered body I felt alienated from, this illness challenged how I related to the world and to others. The images in Le Seuil originate from the period 2015 to 2018, after surgery, during the hospital stay and over the course of further treatment.<\/p>\n<p><img loading=\"lazy\" decoding=\"async\" class=\"alignnone wp-image-10035 size-full\" src=\"https:\/\/www.andrefrereditions.com\/wp-content\/uploads\/2021\/04\/maude-grubel-le-seuil-andre-frere-editions-4.jpg\" alt=\"\" width=\"430\" height=\"430\" srcset=\"https:\/\/www.andrefrereditions.com\/wp-content\/uploads\/2021\/04\/maude-grubel-le-seuil-andre-frere-editions-4.jpg 430w, https:\/\/www.andrefrereditions.com\/wp-content\/uploads\/2021\/04\/maude-grubel-le-seuil-andre-frere-editions-4-420x420.jpg 420w, https:\/\/www.andrefrereditions.com\/wp-content\/uploads\/2021\/04\/maude-grubel-le-seuil-andre-frere-editions-4-100x100.jpg 100w, https:\/\/www.andrefrereditions.com\/wp-content\/uploads\/2021\/04\/maude-grubel-le-seuil-andre-frere-editions-4-300x300.jpg 300w\" sizes=\"auto, (max-width: 430px) 100vw, 430px\" \/><\/p>\n<p>Unusual places, objects, masks and faces create interconnections between the tissues of the body and those of the organic landscapes of the outside world. At this threshold the membranes of the body and of the world blur into each other and create a skewed, ever moving vision.<\/p>\n<p><img loading=\"lazy\" decoding=\"async\" class=\"alignnone wp-image-10037 size-full\" src=\"https:\/\/www.andrefrereditions.com\/wp-content\/uploads\/2021\/04\/maude-grubel-le-seuil-andre-frere-editions-5.jpg\" alt=\"\" width=\"430\" height=\"430\" srcset=\"https:\/\/www.andrefrereditions.com\/wp-content\/uploads\/2021\/04\/maude-grubel-le-seuil-andre-frere-editions-5.jpg 430w, https:\/\/www.andrefrereditions.com\/wp-content\/uploads\/2021\/04\/maude-grubel-le-seuil-andre-frere-editions-5-420x420.jpg 420w, https:\/\/www.andrefrereditions.com\/wp-content\/uploads\/2021\/04\/maude-grubel-le-seuil-andre-frere-editions-5-100x100.jpg 100w, https:\/\/www.andrefrereditions.com\/wp-content\/uploads\/2021\/04\/maude-grubel-le-seuil-andre-frere-editions-5-300x300.jpg 300w\" sizes=\"auto, (max-width: 430px) 100vw, 430px\" \/><\/p>\n<p>This work combines photography, drawings and appropriated medical images. I also kept a journal which combined these elements with written fragments.\u201d<br \/>\nMaude Gr\u00fcbel<\/p>\n<p><img loading=\"lazy\" decoding=\"async\" class=\"alignnone wp-image-10039 size-full\" src=\"https:\/\/www.andrefrereditions.com\/wp-content\/uploads\/2021\/04\/maude-grubel-le-seuil-andre-frere-editions-6.jpg\" alt=\"\" width=\"430\" height=\"430\" srcset=\"https:\/\/www.andrefrereditions.com\/wp-content\/uploads\/2021\/04\/maude-grubel-le-seuil-andre-frere-editions-6.jpg 430w, https:\/\/www.andrefrereditions.com\/wp-content\/uploads\/2021\/04\/maude-grubel-le-seuil-andre-frere-editions-6-420x420.jpg 420w, https:\/\/www.andrefrereditions.com\/wp-content\/uploads\/2021\/04\/maude-grubel-le-seuil-andre-frere-editions-6-100x100.jpg 100w, https:\/\/www.andrefrereditions.com\/wp-content\/uploads\/2021\/04\/maude-grubel-le-seuil-andre-frere-editions-6-300x300.jpg 300w\" sizes=\"auto, (max-width: 430px) 100vw, 430px\" \/><\/p>\n","protected":false},"excerpt":{"rendered":"<p>Photographs and texts : Maude Gr\u00fcbel 80 pages, 14 x 20,5 cm 35 color and black &amp; white photographs 6 black &amp; white drawings Trilingual, French + 16-pages English and German translation leaflet ISBN : 978-2-492696-01-5 \u20ac 25 \u2014 \u20ac 400 With support from R\u00e9gion Sud, Provence-Alpes-C\u00f4te d\u2019Azur A limited edition of 75 copies For [&hellip;]<\/p>\n","protected":false},"featured_media":10028,"template":"","meta":[],"product_brand":[],"product_cat":[37],"product_tag":[],"class_list":{"0":"post-10074","1":"product","2":"type-product","3":"status-publish","4":"has-post-thumbnail","6":"product_cat-photography","7":"product_shipping_class-c1-en","9":"first","10":"instock","11":"shipping-taxable","12":"purchasable","13":"product-type-variable"},"yoast_head":"<!-- This site is optimized with the Yoast SEO plugin v27.3 - https:\/\/yoast.com\/product\/yoast-seo-wordpress\/ -->\n<title>Le Seuil | Andr\u00e9 Fr\u00e8re \u00c9ditions<\/title>\n<meta name=\"description\" content=\"Le Seuil par Maude Gr\u00fcbel dans la cat\u00e9gorie Photography. Publi\u00e9 par Andr\u00e9 Fr\u00e8re \u00c9ditions.\" \/>\n<meta name=\"robots\" content=\"index, follow, max-snippet:-1, max-image-preview:large, max-video-preview:-1\" \/>\n<link rel=\"canonical\" href=\"https:\/\/www.andrefrereditions.com\/en\/books\/photography\/le-seuil-maude-grubel\/\" \/>\n<meta property=\"og:locale\" content=\"en_US\" \/>\n<meta property=\"og:type\" content=\"article\" \/>\n<meta property=\"og:title\" content=\"Le Seuil | Andr\u00e9 Fr\u00e8re \u00c9ditions\" \/>\n<meta property=\"og:description\" content=\"Le Seuil par Maude Gr\u00fcbel dans la cat\u00e9gorie Photography. Publi\u00e9 par Andr\u00e9 Fr\u00e8re \u00c9ditions.\" \/>\n<meta property=\"og:url\" content=\"https:\/\/www.andrefrereditions.com\/en\/books\/photography\/le-seuil-maude-grubel\/\" \/>\n<meta property=\"og:site_name\" content=\"Andr\u00e9 Fr\u00e8re \u00c9ditions\" \/>\n<meta property=\"article:modified_time\" content=\"2025-06-26T09:12:07+00:00\" \/>\n<meta property=\"og:image\" content=\"https:\/\/www.andrefrereditions.com\/wp-content\/uploads\/2021\/04\/maude-grubel-le-seuil-andre-frere-editions.jpg\" \/>\n\t<meta property=\"og:image:width\" content=\"287\" \/>\n\t<meta property=\"og:image:height\" content=\"420\" \/>\n\t<meta property=\"og:image:type\" content=\"image\/jpeg\" \/>\n<meta name=\"twitter:label1\" content=\"Est. reading time\" \/>\n\t<meta name=\"twitter:data1\" content=\"5 minutes\" \/>\n<script type=\"application\/ld+json\" class=\"yoast-schema-graph\">{\"@context\":\"https:\\\/\\\/schema.org\",\"@graph\":[{\"@type\":\"WebPage\",\"@id\":\"https:\\\/\\\/www.andrefrereditions.com\\\/en\\\/books\\\/photography\\\/le-seuil-maude-grubel\\\/\",\"url\":\"https:\\\/\\\/www.andrefrereditions.com\\\/en\\\/books\\\/photography\\\/le-seuil-maude-grubel\\\/\",\"name\":\"Le Seuil | Andr\u00e9 Fr\u00e8re \u00c9ditions\",\"isPartOf\":{\"@id\":\"https:\\\/\\\/www.andrefrereditions.com\\\/en\\\/#website\"},\"primaryImageOfPage\":{\"@id\":\"https:\\\/\\\/www.andrefrereditions.com\\\/en\\\/books\\\/photography\\\/le-seuil-maude-grubel\\\/#primaryimage\"},\"image\":{\"@id\":\"https:\\\/\\\/www.andrefrereditions.com\\\/en\\\/books\\\/photography\\\/le-seuil-maude-grubel\\\/#primaryimage\"},\"thumbnailUrl\":\"https:\\\/\\\/www.andrefrereditions.com\\\/wp-content\\\/uploads\\\/2021\\\/04\\\/maude-grubel-le-seuil-andre-frere-editions.jpg\",\"datePublished\":\"2021-05-20T15:05:22+00:00\",\"dateModified\":\"2025-06-26T09:12:07+00:00\",\"description\":\"Le Seuil par Maude Gr\u00fcbel dans la cat\u00e9gorie Photography. Publi\u00e9 par Andr\u00e9 Fr\u00e8re \u00c9ditions.\",\"breadcrumb\":{\"@id\":\"https:\\\/\\\/www.andrefrereditions.com\\\/en\\\/books\\\/photography\\\/le-seuil-maude-grubel\\\/#breadcrumb\"},\"inLanguage\":\"en-US\",\"potentialAction\":[{\"@type\":\"ReadAction\",\"target\":[\"https:\\\/\\\/www.andrefrereditions.com\\\/en\\\/books\\\/photography\\\/le-seuil-maude-grubel\\\/\"]}]},{\"@type\":\"ImageObject\",\"inLanguage\":\"en-US\",\"@id\":\"https:\\\/\\\/www.andrefrereditions.com\\\/en\\\/books\\\/photography\\\/le-seuil-maude-grubel\\\/#primaryimage\",\"url\":\"https:\\\/\\\/www.andrefrereditions.com\\\/wp-content\\\/uploads\\\/2021\\\/04\\\/maude-grubel-le-seuil-andre-frere-editions.jpg\",\"contentUrl\":\"https:\\\/\\\/www.andrefrereditions.com\\\/wp-content\\\/uploads\\\/2021\\\/04\\\/maude-grubel-le-seuil-andre-frere-editions.jpg\",\"width\":287,\"height\":420},{\"@type\":\"BreadcrumbList\",\"@id\":\"https:\\\/\\\/www.andrefrereditions.com\\\/en\\\/books\\\/photography\\\/le-seuil-maude-grubel\\\/#breadcrumb\",\"itemListElement\":[{\"@type\":\"ListItem\",\"position\":1,\"name\":\"Home\",\"item\":\"https:\\\/\\\/www.andrefrereditions.com\\\/en\\\/\"},{\"@type\":\"ListItem\",\"position\":2,\"name\":\"Books\",\"item\":\"https:\\\/\\\/www.andrefrereditions.com\\\/en\\\/books\\\/\"},{\"@type\":\"ListItem\",\"position\":3,\"name\":\"Le Seuil\"}]},{\"@type\":\"WebSite\",\"@id\":\"https:\\\/\\\/www.andrefrereditions.com\\\/en\\\/#website\",\"url\":\"https:\\\/\\\/www.andrefrereditions.com\\\/en\\\/\",\"name\":\"Andr\u00e9 Fr\u00e8re \u00c9ditions\",\"description\":\"\u00c9dition ind\u00e9pendante de photographie et d\u2019art\",\"publisher\":{\"@id\":\"https:\\\/\\\/www.andrefrereditions.com\\\/en\\\/#organization\"},\"potentialAction\":[{\"@type\":\"SearchAction\",\"target\":{\"@type\":\"EntryPoint\",\"urlTemplate\":\"https:\\\/\\\/www.andrefrereditions.com\\\/en\\\/?s={search_term_string}\"},\"query-input\":{\"@type\":\"PropertyValueSpecification\",\"valueRequired\":true,\"valueName\":\"search_term_string\"}}],\"inLanguage\":\"en-US\"},{\"@type\":\"Organization\",\"@id\":\"https:\\\/\\\/www.andrefrereditions.com\\\/en\\\/#organization\",\"name\":\"Andr\u00e9 Fr\u00e8re \u00c9ditions\",\"url\":\"https:\\\/\\\/www.andrefrereditions.com\\\/en\\\/\",\"logo\":{\"@type\":\"ImageObject\",\"inLanguage\":\"en-US\",\"@id\":\"https:\\\/\\\/www.andrefrereditions.com\\\/en\\\/#\\\/schema\\\/logo\\\/image\\\/\",\"url\":\"https:\\\/\\\/www.andrefrereditions.com\\\/wp-content\\\/uploads\\\/2014\\\/12\\\/andre-frere-editions-logo.png\",\"contentUrl\":\"https:\\\/\\\/www.andrefrereditions.com\\\/wp-content\\\/uploads\\\/2014\\\/12\\\/andre-frere-editions-logo.png\",\"width\":80,\"height\":79,\"caption\":\"Andr\u00e9 Fr\u00e8re \u00c9ditions\"},\"image\":{\"@id\":\"https:\\\/\\\/www.andrefrereditions.com\\\/en\\\/#\\\/schema\\\/logo\\\/image\\\/\"}}]}<\/script>\n<!-- \/ Yoast SEO plugin. -->","yoast_head_json":{"title":"Le Seuil | Andr\u00e9 Fr\u00e8re \u00c9ditions","description":"Le Seuil par Maude Gr\u00fcbel dans la cat\u00e9gorie Photography. Publi\u00e9 par Andr\u00e9 Fr\u00e8re \u00c9ditions.","robots":{"index":"index","follow":"follow","max-snippet":"max-snippet:-1","max-image-preview":"max-image-preview:large","max-video-preview":"max-video-preview:-1"},"canonical":"https:\/\/www.andrefrereditions.com\/en\/books\/photography\/le-seuil-maude-grubel\/","og_locale":"en_US","og_type":"article","og_title":"Le Seuil | Andr\u00e9 Fr\u00e8re \u00c9ditions","og_description":"Le Seuil par Maude Gr\u00fcbel dans la cat\u00e9gorie Photography. Publi\u00e9 par Andr\u00e9 Fr\u00e8re \u00c9ditions.","og_url":"https:\/\/www.andrefrereditions.com\/en\/books\/photography\/le-seuil-maude-grubel\/","og_site_name":"Andr\u00e9 Fr\u00e8re \u00c9ditions","article_modified_time":"2025-06-26T09:12:07+00:00","og_image":[{"width":287,"height":420,"url":"https:\/\/www.andrefrereditions.com\/wp-content\/uploads\/2021\/04\/maude-grubel-le-seuil-andre-frere-editions.jpg","type":"image\/jpeg"}],"twitter_misc":{"Est. reading time":"5 minutes"},"schema":{"@context":"https:\/\/schema.org","@graph":[{"@type":"WebPage","@id":"https:\/\/www.andrefrereditions.com\/en\/books\/photography\/le-seuil-maude-grubel\/","url":"https:\/\/www.andrefrereditions.com\/en\/books\/photography\/le-seuil-maude-grubel\/","name":"Le Seuil | Andr\u00e9 Fr\u00e8re \u00c9ditions","isPartOf":{"@id":"https:\/\/www.andrefrereditions.com\/en\/#website"},"primaryImageOfPage":{"@id":"https:\/\/www.andrefrereditions.com\/en\/books\/photography\/le-seuil-maude-grubel\/#primaryimage"},"image":{"@id":"https:\/\/www.andrefrereditions.com\/en\/books\/photography\/le-seuil-maude-grubel\/#primaryimage"},"thumbnailUrl":"https:\/\/www.andrefrereditions.com\/wp-content\/uploads\/2021\/04\/maude-grubel-le-seuil-andre-frere-editions.jpg","datePublished":"2021-05-20T15:05:22+00:00","dateModified":"2025-06-26T09:12:07+00:00","description":"Le Seuil par Maude Gr\u00fcbel dans la cat\u00e9gorie Photography. Publi\u00e9 par Andr\u00e9 Fr\u00e8re \u00c9ditions.","breadcrumb":{"@id":"https:\/\/www.andrefrereditions.com\/en\/books\/photography\/le-seuil-maude-grubel\/#breadcrumb"},"inLanguage":"en-US","potentialAction":[{"@type":"ReadAction","target":["https:\/\/www.andrefrereditions.com\/en\/books\/photography\/le-seuil-maude-grubel\/"]}]},{"@type":"ImageObject","inLanguage":"en-US","@id":"https:\/\/www.andrefrereditions.com\/en\/books\/photography\/le-seuil-maude-grubel\/#primaryimage","url":"https:\/\/www.andrefrereditions.com\/wp-content\/uploads\/2021\/04\/maude-grubel-le-seuil-andre-frere-editions.jpg","contentUrl":"https:\/\/www.andrefrereditions.com\/wp-content\/uploads\/2021\/04\/maude-grubel-le-seuil-andre-frere-editions.jpg","width":287,"height":420},{"@type":"BreadcrumbList","@id":"https:\/\/www.andrefrereditions.com\/en\/books\/photography\/le-seuil-maude-grubel\/#breadcrumb","itemListElement":[{"@type":"ListItem","position":1,"name":"Home","item":"https:\/\/www.andrefrereditions.com\/en\/"},{"@type":"ListItem","position":2,"name":"Books","item":"https:\/\/www.andrefrereditions.com\/en\/books\/"},{"@type":"ListItem","position":3,"name":"Le Seuil"}]},{"@type":"WebSite","@id":"https:\/\/www.andrefrereditions.com\/en\/#website","url":"https:\/\/www.andrefrereditions.com\/en\/","name":"Andr\u00e9 Fr\u00e8re \u00c9ditions","description":"\u00c9dition ind\u00e9pendante de photographie et d\u2019art","publisher":{"@id":"https:\/\/www.andrefrereditions.com\/en\/#organization"},"potentialAction":[{"@type":"SearchAction","target":{"@type":"EntryPoint","urlTemplate":"https:\/\/www.andrefrereditions.com\/en\/?s={search_term_string}"},"query-input":{"@type":"PropertyValueSpecification","valueRequired":true,"valueName":"search_term_string"}}],"inLanguage":"en-US"},{"@type":"Organization","@id":"https:\/\/www.andrefrereditions.com\/en\/#organization","name":"Andr\u00e9 Fr\u00e8re \u00c9ditions","url":"https:\/\/www.andrefrereditions.com\/en\/","logo":{"@type":"ImageObject","inLanguage":"en-US","@id":"https:\/\/www.andrefrereditions.com\/en\/#\/schema\/logo\/image\/","url":"https:\/\/www.andrefrereditions.com\/wp-content\/uploads\/2014\/12\/andre-frere-editions-logo.png","contentUrl":"https:\/\/www.andrefrereditions.com\/wp-content\/uploads\/2014\/12\/andre-frere-editions-logo.png","width":80,"height":79,"caption":"Andr\u00e9 Fr\u00e8re \u00c9ditions"},"image":{"@id":"https:\/\/www.andrefrereditions.com\/en\/#\/schema\/logo\/image\/"}}]}},"_links":{"self":[{"href":"https:\/\/www.andrefrereditions.com\/en\/wp-json\/wp\/v2\/product\/10074","targetHints":{"allow":["GET"]}}],"collection":[{"href":"https:\/\/www.andrefrereditions.com\/en\/wp-json\/wp\/v2\/product"}],"about":[{"href":"https:\/\/www.andrefrereditions.com\/en\/wp-json\/wp\/v2\/types\/product"}],"wp:featuredmedia":[{"embeddable":true,"href":"https:\/\/www.andrefrereditions.com\/en\/wp-json\/wp\/v2\/media\/10028"}],"wp:attachment":[{"href":"https:\/\/www.andrefrereditions.com\/en\/wp-json\/wp\/v2\/media?parent=10074"}],"wp:term":[{"taxonomy":"product_brand","embeddable":true,"href":"https:\/\/www.andrefrereditions.com\/en\/wp-json\/wp\/v2\/product_brand?post=10074"},{"taxonomy":"product_cat","embeddable":true,"href":"https:\/\/www.andrefrereditions.com\/en\/wp-json\/wp\/v2\/product_cat?post=10074"},{"taxonomy":"product_tag","embeddable":true,"href":"https:\/\/www.andrefrereditions.com\/en\/wp-json\/wp\/v2\/product_tag?post=10074"}],"curies":[{"name":"wp","href":"https:\/\/api.w.org\/{rel}","templated":true}]}}