{"id":10168,"date":"2021-06-29T09:06:55","date_gmt":"2021-06-29T07:11:21","guid":{"rendered":"https:\/\/www.andrefrereditions.com\/?post_type=product&#038;p=10168"},"modified":"2025-06-26T11:18:52","modified_gmt":"2025-06-26T09:18:52","slug":"dust","status":"publish","type":"product","link":"https:\/\/www.andrefrereditions.com\/en\/books\/photography\/dust\/","title":{"rendered":"Dust"},"content":{"rendered":"<ul class=\"infos-livre\">\n<li>Photographs: <a href=\"https:\/\/www.patrick-wack.com\/\">Patrick Wack<\/a><\/li>\n<li>Texts: R\u00e9mi Castets, Dru C. Gladney<br \/>\nBrice Pedroletti et Patrick Wack<br \/>\ntraductions : Andria Spring et Julien Syrac.<\/li>\n<li>Design: Jo\u00e3o Lineu<\/li>\n<li>176 pages<\/li>\n<li>24 x 32 cm, binded<\/li>\n<li>71 colour pictures<\/li>\n<li>French\/english<\/li>\n<li>ISBN : 978-2-492696-02-2<\/li>\n<li>\u20ac 47 \u2013 \u20ac 450<\/li>\n<li>With support from R\u00e9gion Sud, Provence-Alpes-C\u00f4te d\u2019Azur<\/li>\n<\/ul>\n<p><img loading=\"lazy\" decoding=\"async\" class=\"alignnone wp-image-10146 size-full\" src=\"https:\/\/www.andrefrereditions.com\/wp-content\/uploads\/2021\/06\/dust-patrick-wack-andre-frere-editions-1.jpg\" alt=\"\" width=\"430\" height=\"287\" srcset=\"https:\/\/www.andrefrereditions.com\/wp-content\/uploads\/2021\/06\/dust-patrick-wack-andre-frere-editions-1.jpg 430w, https:\/\/www.andrefrereditions.com\/wp-content\/uploads\/2021\/06\/dust-patrick-wack-andre-frere-editions-1-420x280.jpg 420w, https:\/\/www.andrefrereditions.com\/wp-content\/uploads\/2021\/06\/dust-patrick-wack-andre-frere-editions-1-300x200.jpg 300w\" sizes=\"auto, (max-width: 430px) 100vw, 430px\" \/><\/p>\n<h2>A first limited edition of 75 copies<\/h2>\n<p><strong>For this book we made a signed and numbered limited edition accompanied by a 12 x 15 cm print, signed, not numbered at 75 copies, for \u20ac80.<\/strong><br \/>\n<a class=\"in_page_button\"><strong>SOLD OUT!<\/strong><\/a><\/p>\n<p><img loading=\"lazy\" decoding=\"async\" class=\"alignnone size-full wp-image-10154\" src=\"https:\/\/www.andrefrereditions.com\/wp-content\/uploads\/2021\/06\/dust-patrick-wack-andre-frere-editions-5.jpg\" alt=\"\" width=\"430\" height=\"349\" srcset=\"https:\/\/www.andrefrereditions.com\/wp-content\/uploads\/2021\/06\/dust-patrick-wack-andre-frere-editions-5.jpg 430w, https:\/\/www.andrefrereditions.com\/wp-content\/uploads\/2021\/06\/dust-patrick-wack-andre-frere-editions-5-420x341.jpg 420w, https:\/\/www.andrefrereditions.com\/wp-content\/uploads\/2021\/06\/dust-patrick-wack-andre-frere-editions-5-300x243.jpg 300w\" sizes=\"auto, (max-width: 430px) 100vw, 430px\" \/><\/p>\n<h2>A second limited edition of 75 copies<\/h2>\n<p><strong>For this book we made a signed and numbered limited edition accompanied by a 15 x 17.5 cm print, signed, not numbered at 75 copies, for \u20ac120.<\/strong><br \/>\n<strong><a class=\"in_page_button\" href=\"\/?page_id=67&amp;add-to-cart=10168&amp;variation_id=11997&amp;attribute_pa_version=limited-edition-2&amp;quantity=1\">Add to cart<\/a><\/strong><\/p>\n<p><img loading=\"lazy\" decoding=\"async\" class=\"alignnone size-full wp-image-10698\" src=\"https:\/\/www.andrefrereditions.com\/wp-content\/uploads\/2021\/06\/dust-patrick-wack-andre-frere-editions-10.jpg\" alt=\"\" width=\"430\" height=\"349\" srcset=\"https:\/\/www.andrefrereditions.com\/wp-content\/uploads\/2021\/06\/dust-patrick-wack-andre-frere-editions-10.jpg 430w, https:\/\/www.andrefrereditions.com\/wp-content\/uploads\/2021\/06\/dust-patrick-wack-andre-frere-editions-10-420x341.jpg 420w, https:\/\/www.andrefrereditions.com\/wp-content\/uploads\/2021\/06\/dust-patrick-wack-andre-frere-editions-10-300x243.jpg 300w\" sizes=\"auto, (max-width: 430px) 100vw, 430px\" \/><\/p>\n<h2>A first special edition of 14 copies<\/h2>\n<p><strong>Order your book, in limited edition, signed and numbered + a pigmentary print on fine-art baryta paper, 24 x 19 cm, signed and numbered from 1 to 7: \u20ac250<\/strong><br \/>\n<strong>Special Edition #1 <a class=\"in_page_button\">SOLD OUT!<\/a><\/strong><br \/>\n<img loading=\"lazy\" decoding=\"async\" class=\"alignnone size-full wp-image-10158\" src=\"https:\/\/www.andrefrereditions.com\/wp-content\/uploads\/2021\/06\/dust-patrick-wack-andre-frere-editions-7.jpg\" alt=\"\" width=\"430\" height=\"350\" srcset=\"https:\/\/www.andrefrereditions.com\/wp-content\/uploads\/2021\/06\/dust-patrick-wack-andre-frere-editions-7.jpg 430w, https:\/\/www.andrefrereditions.com\/wp-content\/uploads\/2021\/06\/dust-patrick-wack-andre-frere-editions-7-420x342.jpg 420w, https:\/\/www.andrefrereditions.com\/wp-content\/uploads\/2021\/06\/dust-patrick-wack-andre-frere-editions-7-300x244.jpg 300w\" sizes=\"auto, (max-width: 430px) 100vw, 430px\" \/><\/p>\n<p><strong>Special Edition #2 <a class=\"in_page_button\">SOLD OUT!<\/a><\/strong><br \/>\n<img loading=\"lazy\" decoding=\"async\" class=\"alignnone size-full wp-image-10161\" src=\"https:\/\/www.andrefrereditions.com\/wp-content\/uploads\/2021\/06\/dust-patrick-wack-andre-frere-editions-8.jpg\" alt=\"\" width=\"430\" height=\"350\" srcset=\"https:\/\/www.andrefrereditions.com\/wp-content\/uploads\/2021\/06\/dust-patrick-wack-andre-frere-editions-8.jpg 430w, https:\/\/www.andrefrereditions.com\/wp-content\/uploads\/2021\/06\/dust-patrick-wack-andre-frere-editions-8-420x342.jpg 420w, https:\/\/www.andrefrereditions.com\/wp-content\/uploads\/2021\/06\/dust-patrick-wack-andre-frere-editions-8-300x244.jpg 300w\" sizes=\"auto, (max-width: 430px) 100vw, 430px\" \/><\/p>\n<h2>A second special edition of 12 copies<\/h2>\n<p><strong>Order your book, in limited edition, signed and numbered + a p<\/strong><strong>igmentary print on fine-art baryta paper, 29 x 24 cm, signed and numbered from 1 to 6: \u20ac450<\/strong><\/p>\n<p><strong>Special Edition #3 <a class=\"in_page_button\">SOLD OUT!<\/a><\/strong><br \/>\n<img loading=\"lazy\" decoding=\"async\" class=\"alignnone size-full wp-image-10156\" src=\"https:\/\/www.andrefrereditions.com\/wp-content\/uploads\/2021\/06\/dust-patrick-wack-andre-frere-editions-6.jpg\" alt=\"\" width=\"430\" height=\"350\" srcset=\"https:\/\/www.andrefrereditions.com\/wp-content\/uploads\/2021\/06\/dust-patrick-wack-andre-frere-editions-6.jpg 430w, https:\/\/www.andrefrereditions.com\/wp-content\/uploads\/2021\/06\/dust-patrick-wack-andre-frere-editions-6-420x342.jpg 420w, https:\/\/www.andrefrereditions.com\/wp-content\/uploads\/2021\/06\/dust-patrick-wack-andre-frere-editions-6-300x244.jpg 300w\" sizes=\"auto, (max-width: 430px) 100vw, 430px\" \/><\/p>\n<p><strong>Special Edition #4 <a class=\"in_page_button\" href=\"\/?page_id=67&amp;add-to-cart=10168&amp;variation_id=11998&amp;attribute_pa_version=special-edition-4&amp;quantity=1\">Add to cart<\/a><\/strong><br \/>\n<img loading=\"lazy\" decoding=\"async\" class=\"alignnone wp-image-11004 size-full\" src=\"https:\/\/www.andrefrereditions.com\/wp-content\/uploads\/2021\/06\/dust-patrick-wack-andre-frere-editions-12.jpg\" alt=\"\" width=\"430\" height=\"349\" srcset=\"https:\/\/www.andrefrereditions.com\/wp-content\/uploads\/2021\/06\/dust-patrick-wack-andre-frere-editions-12.jpg 430w, https:\/\/www.andrefrereditions.com\/wp-content\/uploads\/2021\/06\/dust-patrick-wack-andre-frere-editions-12-420x341.jpg 420w, https:\/\/www.andrefrereditions.com\/wp-content\/uploads\/2021\/06\/dust-patrick-wack-andre-frere-editions-12-300x243.jpg 300w\" sizes=\"auto, (max-width: 430px) 100vw, 430px\" \/><\/p>\n<h2>The book<\/h2>\n<p>The monograph <em>Dust<\/em> gathers four years of work by French documentary photographer Patrick Wack shot in the areas of Central Asia known as East Turkistan or Xinjiang Uyghur Autonomous Region under the current Chinese administration.<\/p>\n<p><img loading=\"lazy\" decoding=\"async\" class=\"alignnone wp-image-10186 size-full\" src=\"https:\/\/www.andrefrereditions.com\/wp-content\/uploads\/2021\/06\/dust-patrick-wack-andre-frere-editions-2-1.jpg\" alt=\"\" width=\"430\" height=\"286\" srcset=\"https:\/\/www.andrefrereditions.com\/wp-content\/uploads\/2021\/06\/dust-patrick-wack-andre-frere-editions-2-1.jpg 430w, https:\/\/www.andrefrereditions.com\/wp-content\/uploads\/2021\/06\/dust-patrick-wack-andre-frere-editions-2-1-420x279.jpg 420w, https:\/\/www.andrefrereditions.com\/wp-content\/uploads\/2021\/06\/dust-patrick-wack-andre-frere-editions-2-1-300x200.jpg 300w\" sizes=\"auto, (max-width: 430px) 100vw, 430px\" \/><\/p>\n<p>In recent years, the region has been at the centre of an international outcry following the mass-incarceration of its Uyghur population and other Muslim minorities. This body of work captures a visual narrative of the region and is a testimony to its abrupt descent into an Orwellian dystopia.<\/p>\n<p>In 2016 and 2017, Wack spent more than two months in Xinjiang photographing Out West, his first long-term project about the region. He decided to return in 2018, upon reading reports of the mass arbitrary detention system being set up there. In 2019, he travelled to Xinjiang on two separate occasions for another project, The Night Is Thick. This second reportage aimed at documenting life under acute repression among the Uyghur minority alongside the disturbing simultaneous increase of Han-Chinese tourism in the region.<\/p>\n<p><img loading=\"lazy\" decoding=\"async\" class=\"alignnone wp-image-10188 size-full\" src=\"https:\/\/www.andrefrereditions.com\/wp-content\/uploads\/2021\/06\/dust-patrick-wack-andre-frere-editions-3-1.jpg\" alt=\"\" width=\"430\" height=\"286\" srcset=\"https:\/\/www.andrefrereditions.com\/wp-content\/uploads\/2021\/06\/dust-patrick-wack-andre-frere-editions-3-1.jpg 430w, https:\/\/www.andrefrereditions.com\/wp-content\/uploads\/2021\/06\/dust-patrick-wack-andre-frere-editions-3-1-420x279.jpg 420w, https:\/\/www.andrefrereditions.com\/wp-content\/uploads\/2021\/06\/dust-patrick-wack-andre-frere-editions-3-1-300x200.jpg 300w\" sizes=\"auto, (max-width: 430px) 100vw, 430px\" \/><\/p>\n<p>These images have been widely published and exhibited over the past four years, illustrating the situation in the region, and have received numerous accolades. Recent events in Xinjiang are now considered some of the most severe crimes against humanity currently unfolding in the world and this project is possibly the most complete photographic documentation of the region in recent years. <em><br \/>\n<\/em><\/p>\n<p><img loading=\"lazy\" decoding=\"async\" class=\"alignnone wp-image-10190 size-full\" src=\"https:\/\/www.andrefrereditions.com\/wp-content\/uploads\/2021\/06\/dust-patrick-wack-andre-frere-editions-4-1.jpg\" alt=\"\" width=\"430\" height=\"286\" srcset=\"https:\/\/www.andrefrereditions.com\/wp-content\/uploads\/2021\/06\/dust-patrick-wack-andre-frere-editions-4-1.jpg 430w, https:\/\/www.andrefrereditions.com\/wp-content\/uploads\/2021\/06\/dust-patrick-wack-andre-frere-editions-4-1-420x279.jpg 420w, https:\/\/www.andrefrereditions.com\/wp-content\/uploads\/2021\/06\/dust-patrick-wack-andre-frere-editions-4-1-300x200.jpg 300w\" sizes=\"auto, (max-width: 430px) 100vw, 430px\" \/><\/p>\n","protected":false},"excerpt":{"rendered":"<p>Photographs: Patrick Wack Texts: R\u00e9mi Castets, Dru C. Gladney Brice Pedroletti et Patrick Wack traductions : Andria Spring et Julien Syrac. Design: Jo\u00e3o Lineu 176 pages 24 x 32 cm, binded 71 colour pictures French\/english ISBN : 978-2-492696-02-2 \u20ac 47 \u2013 \u20ac 450 With support from R\u00e9gion Sud, Provence-Alpes-C\u00f4te d\u2019Azur A first limited edition of [&hellip;]<\/p>\n","protected":false},"featured_media":11595,"template":"","meta":[],"product_brand":[],"product_cat":[37],"product_tag":[],"class_list":{"0":"post-10168","1":"product","2":"type-product","3":"status-publish","4":"has-post-thumbnail","6":"product_cat-photography","7":"product_shipping_class-c3-en","9":"first","10":"instock","11":"shipping-taxable","12":"purchasable","13":"product-type-variable"},"yoast_head":"<!-- This site is optimized with the Yoast SEO plugin v27.4 - https:\/\/yoast.com\/product\/yoast-seo-wordpress\/ -->\n<title>Dust | Andr\u00e9 Fr\u00e8re \u00c9ditions<\/title>\n<meta name=\"description\" content=\"Dust par Patrick Wack dans la cat\u00e9gorie Photography. Publi\u00e9 par Andr\u00e9 Fr\u00e8re \u00c9ditions.\" \/>\n<meta name=\"robots\" content=\"index, follow, max-snippet:-1, max-image-preview:large, max-video-preview:-1\" \/>\n<link rel=\"canonical\" href=\"https:\/\/www.andrefrereditions.com\/en\/books\/photography\/dust\/\" \/>\n<meta property=\"og:locale\" content=\"en_US\" \/>\n<meta property=\"og:type\" content=\"article\" \/>\n<meta property=\"og:title\" content=\"Dust | Andr\u00e9 Fr\u00e8re \u00c9ditions\" \/>\n<meta property=\"og:description\" content=\"Dust par Patrick Wack dans la cat\u00e9gorie Photography. Publi\u00e9 par Andr\u00e9 Fr\u00e8re \u00c9ditions.\" \/>\n<meta property=\"og:url\" content=\"https:\/\/www.andrefrereditions.com\/en\/books\/photography\/dust\/\" \/>\n<meta property=\"og:site_name\" content=\"Andr\u00e9 Fr\u00e8re \u00c9ditions\" \/>\n<meta property=\"article:modified_time\" content=\"2025-06-26T09:18:52+00:00\" \/>\n<meta property=\"og:image\" content=\"https:\/\/www.andrefrereditions.com\/wp-content\/uploads\/2022\/10\/dust-patrick-wack-andre-frere-editions.jpg\" \/>\n\t<meta property=\"og:image:width\" content=\"420\" \/>\n\t<meta property=\"og:image:height\" content=\"525\" \/>\n\t<meta property=\"og:image:type\" content=\"image\/jpeg\" \/>\n<meta name=\"twitter:label1\" content=\"Est. reading time\" \/>\n\t<meta name=\"twitter:data1\" content=\"5 minutes\" \/>\n<script type=\"application\/ld+json\" class=\"yoast-schema-graph\">{\"@context\":\"https:\\\/\\\/schema.org\",\"@graph\":[{\"@type\":\"WebPage\",\"@id\":\"https:\\\/\\\/www.andrefrereditions.com\\\/en\\\/books\\\/photography\\\/dust\\\/\",\"url\":\"https:\\\/\\\/www.andrefrereditions.com\\\/en\\\/books\\\/photography\\\/dust\\\/\",\"name\":\"Dust | Andr\u00e9 Fr\u00e8re \u00c9ditions\",\"isPartOf\":{\"@id\":\"https:\\\/\\\/www.andrefrereditions.com\\\/en\\\/#website\"},\"primaryImageOfPage\":{\"@id\":\"https:\\\/\\\/www.andrefrereditions.com\\\/en\\\/books\\\/photography\\\/dust\\\/#primaryimage\"},\"image\":{\"@id\":\"https:\\\/\\\/www.andrefrereditions.com\\\/en\\\/books\\\/photography\\\/dust\\\/#primaryimage\"},\"thumbnailUrl\":\"https:\\\/\\\/www.andrefrereditions.com\\\/wp-content\\\/uploads\\\/2022\\\/10\\\/dust-patrick-wack-andre-frere-editions.jpg\",\"datePublished\":\"2021-06-29T07:11:21+00:00\",\"dateModified\":\"2025-06-26T09:18:52+00:00\",\"description\":\"Dust par Patrick Wack dans la cat\u00e9gorie Photography. Publi\u00e9 par Andr\u00e9 Fr\u00e8re \u00c9ditions.\",\"breadcrumb\":{\"@id\":\"https:\\\/\\\/www.andrefrereditions.com\\\/en\\\/books\\\/photography\\\/dust\\\/#breadcrumb\"},\"inLanguage\":\"en-US\",\"potentialAction\":[{\"@type\":\"ReadAction\",\"target\":[\"https:\\\/\\\/www.andrefrereditions.com\\\/en\\\/books\\\/photography\\\/dust\\\/\"]}]},{\"@type\":\"ImageObject\",\"inLanguage\":\"en-US\",\"@id\":\"https:\\\/\\\/www.andrefrereditions.com\\\/en\\\/books\\\/photography\\\/dust\\\/#primaryimage\",\"url\":\"https:\\\/\\\/www.andrefrereditions.com\\\/wp-content\\\/uploads\\\/2022\\\/10\\\/dust-patrick-wack-andre-frere-editions.jpg\",\"contentUrl\":\"https:\\\/\\\/www.andrefrereditions.com\\\/wp-content\\\/uploads\\\/2022\\\/10\\\/dust-patrick-wack-andre-frere-editions.jpg\",\"width\":420,\"height\":525},{\"@type\":\"BreadcrumbList\",\"@id\":\"https:\\\/\\\/www.andrefrereditions.com\\\/en\\\/books\\\/photography\\\/dust\\\/#breadcrumb\",\"itemListElement\":[{\"@type\":\"ListItem\",\"position\":1,\"name\":\"Home\",\"item\":\"https:\\\/\\\/www.andrefrereditions.com\\\/en\\\/\"},{\"@type\":\"ListItem\",\"position\":2,\"name\":\"Books\",\"item\":\"https:\\\/\\\/www.andrefrereditions.com\\\/en\\\/books\\\/\"},{\"@type\":\"ListItem\",\"position\":3,\"name\":\"Dust\"}]},{\"@type\":\"WebSite\",\"@id\":\"https:\\\/\\\/www.andrefrereditions.com\\\/en\\\/#website\",\"url\":\"https:\\\/\\\/www.andrefrereditions.com\\\/en\\\/\",\"name\":\"Andr\u00e9 Fr\u00e8re \u00c9ditions\",\"description\":\"\u00c9dition ind\u00e9pendante de photographie et d\u2019art\",\"publisher\":{\"@id\":\"https:\\\/\\\/www.andrefrereditions.com\\\/en\\\/#organization\"},\"potentialAction\":[{\"@type\":\"SearchAction\",\"target\":{\"@type\":\"EntryPoint\",\"urlTemplate\":\"https:\\\/\\\/www.andrefrereditions.com\\\/en\\\/?s={search_term_string}\"},\"query-input\":{\"@type\":\"PropertyValueSpecification\",\"valueRequired\":true,\"valueName\":\"search_term_string\"}}],\"inLanguage\":\"en-US\"},{\"@type\":\"Organization\",\"@id\":\"https:\\\/\\\/www.andrefrereditions.com\\\/en\\\/#organization\",\"name\":\"Andr\u00e9 Fr\u00e8re \u00c9ditions\",\"url\":\"https:\\\/\\\/www.andrefrereditions.com\\\/en\\\/\",\"logo\":{\"@type\":\"ImageObject\",\"inLanguage\":\"en-US\",\"@id\":\"https:\\\/\\\/www.andrefrereditions.com\\\/en\\\/#\\\/schema\\\/logo\\\/image\\\/\",\"url\":\"https:\\\/\\\/www.andrefrereditions.com\\\/wp-content\\\/uploads\\\/2014\\\/12\\\/andre-frere-editions-logo.png\",\"contentUrl\":\"https:\\\/\\\/www.andrefrereditions.com\\\/wp-content\\\/uploads\\\/2014\\\/12\\\/andre-frere-editions-logo.png\",\"width\":80,\"height\":79,\"caption\":\"Andr\u00e9 Fr\u00e8re \u00c9ditions\"},\"image\":{\"@id\":\"https:\\\/\\\/www.andrefrereditions.com\\\/en\\\/#\\\/schema\\\/logo\\\/image\\\/\"}}]}<\/script>\n<!-- \/ Yoast SEO plugin. -->","yoast_head_json":{"title":"Dust | Andr\u00e9 Fr\u00e8re \u00c9ditions","description":"Dust par Patrick Wack dans la cat\u00e9gorie Photography. Publi\u00e9 par Andr\u00e9 Fr\u00e8re \u00c9ditions.","robots":{"index":"index","follow":"follow","max-snippet":"max-snippet:-1","max-image-preview":"max-image-preview:large","max-video-preview":"max-video-preview:-1"},"canonical":"https:\/\/www.andrefrereditions.com\/en\/books\/photography\/dust\/","og_locale":"en_US","og_type":"article","og_title":"Dust | Andr\u00e9 Fr\u00e8re \u00c9ditions","og_description":"Dust par Patrick Wack dans la cat\u00e9gorie Photography. Publi\u00e9 par Andr\u00e9 Fr\u00e8re \u00c9ditions.","og_url":"https:\/\/www.andrefrereditions.com\/en\/books\/photography\/dust\/","og_site_name":"Andr\u00e9 Fr\u00e8re \u00c9ditions","article_modified_time":"2025-06-26T09:18:52+00:00","og_image":[{"width":420,"height":525,"url":"https:\/\/www.andrefrereditions.com\/wp-content\/uploads\/2022\/10\/dust-patrick-wack-andre-frere-editions.jpg","type":"image\/jpeg"}],"twitter_misc":{"Est. reading time":"5 minutes"},"schema":{"@context":"https:\/\/schema.org","@graph":[{"@type":"WebPage","@id":"https:\/\/www.andrefrereditions.com\/en\/books\/photography\/dust\/","url":"https:\/\/www.andrefrereditions.com\/en\/books\/photography\/dust\/","name":"Dust | Andr\u00e9 Fr\u00e8re \u00c9ditions","isPartOf":{"@id":"https:\/\/www.andrefrereditions.com\/en\/#website"},"primaryImageOfPage":{"@id":"https:\/\/www.andrefrereditions.com\/en\/books\/photography\/dust\/#primaryimage"},"image":{"@id":"https:\/\/www.andrefrereditions.com\/en\/books\/photography\/dust\/#primaryimage"},"thumbnailUrl":"https:\/\/www.andrefrereditions.com\/wp-content\/uploads\/2022\/10\/dust-patrick-wack-andre-frere-editions.jpg","datePublished":"2021-06-29T07:11:21+00:00","dateModified":"2025-06-26T09:18:52+00:00","description":"Dust par Patrick Wack dans la cat\u00e9gorie Photography. Publi\u00e9 par Andr\u00e9 Fr\u00e8re \u00c9ditions.","breadcrumb":{"@id":"https:\/\/www.andrefrereditions.com\/en\/books\/photography\/dust\/#breadcrumb"},"inLanguage":"en-US","potentialAction":[{"@type":"ReadAction","target":["https:\/\/www.andrefrereditions.com\/en\/books\/photography\/dust\/"]}]},{"@type":"ImageObject","inLanguage":"en-US","@id":"https:\/\/www.andrefrereditions.com\/en\/books\/photography\/dust\/#primaryimage","url":"https:\/\/www.andrefrereditions.com\/wp-content\/uploads\/2022\/10\/dust-patrick-wack-andre-frere-editions.jpg","contentUrl":"https:\/\/www.andrefrereditions.com\/wp-content\/uploads\/2022\/10\/dust-patrick-wack-andre-frere-editions.jpg","width":420,"height":525},{"@type":"BreadcrumbList","@id":"https:\/\/www.andrefrereditions.com\/en\/books\/photography\/dust\/#breadcrumb","itemListElement":[{"@type":"ListItem","position":1,"name":"Home","item":"https:\/\/www.andrefrereditions.com\/en\/"},{"@type":"ListItem","position":2,"name":"Books","item":"https:\/\/www.andrefrereditions.com\/en\/books\/"},{"@type":"ListItem","position":3,"name":"Dust"}]},{"@type":"WebSite","@id":"https:\/\/www.andrefrereditions.com\/en\/#website","url":"https:\/\/www.andrefrereditions.com\/en\/","name":"Andr\u00e9 Fr\u00e8re \u00c9ditions","description":"\u00c9dition ind\u00e9pendante de photographie et d\u2019art","publisher":{"@id":"https:\/\/www.andrefrereditions.com\/en\/#organization"},"potentialAction":[{"@type":"SearchAction","target":{"@type":"EntryPoint","urlTemplate":"https:\/\/www.andrefrereditions.com\/en\/?s={search_term_string}"},"query-input":{"@type":"PropertyValueSpecification","valueRequired":true,"valueName":"search_term_string"}}],"inLanguage":"en-US"},{"@type":"Organization","@id":"https:\/\/www.andrefrereditions.com\/en\/#organization","name":"Andr\u00e9 Fr\u00e8re \u00c9ditions","url":"https:\/\/www.andrefrereditions.com\/en\/","logo":{"@type":"ImageObject","inLanguage":"en-US","@id":"https:\/\/www.andrefrereditions.com\/en\/#\/schema\/logo\/image\/","url":"https:\/\/www.andrefrereditions.com\/wp-content\/uploads\/2014\/12\/andre-frere-editions-logo.png","contentUrl":"https:\/\/www.andrefrereditions.com\/wp-content\/uploads\/2014\/12\/andre-frere-editions-logo.png","width":80,"height":79,"caption":"Andr\u00e9 Fr\u00e8re \u00c9ditions"},"image":{"@id":"https:\/\/www.andrefrereditions.com\/en\/#\/schema\/logo\/image\/"}}]}},"_links":{"self":[{"href":"https:\/\/www.andrefrereditions.com\/en\/wp-json\/wp\/v2\/product\/10168","targetHints":{"allow":["GET"]}}],"collection":[{"href":"https:\/\/www.andrefrereditions.com\/en\/wp-json\/wp\/v2\/product"}],"about":[{"href":"https:\/\/www.andrefrereditions.com\/en\/wp-json\/wp\/v2\/types\/product"}],"wp:featuredmedia":[{"embeddable":true,"href":"https:\/\/www.andrefrereditions.com\/en\/wp-json\/wp\/v2\/media\/11595"}],"wp:attachment":[{"href":"https:\/\/www.andrefrereditions.com\/en\/wp-json\/wp\/v2\/media?parent=10168"}],"wp:term":[{"taxonomy":"product_brand","embeddable":true,"href":"https:\/\/www.andrefrereditions.com\/en\/wp-json\/wp\/v2\/product_brand?post=10168"},{"taxonomy":"product_cat","embeddable":true,"href":"https:\/\/www.andrefrereditions.com\/en\/wp-json\/wp\/v2\/product_cat?post=10168"},{"taxonomy":"product_tag","embeddable":true,"href":"https:\/\/www.andrefrereditions.com\/en\/wp-json\/wp\/v2\/product_tag?post=10168"}],"curies":[{"name":"wp","href":"https:\/\/api.w.org\/{rel}","templated":true}]}}