{"id":12129,"date":"2017-11-01T17:18:04","date_gmt":"2017-11-01T16:18:04","guid":{"rendered":"https:\/\/www.andrefrereditions.com\/books\/uncategorized\/corpus\/"},"modified":"2025-06-26T11:11:59","modified_gmt":"2025-06-26T09:11:59","slug":"corpus","status":"publish","type":"product","link":"https:\/\/www.andrefrereditions.com\/en\/books\/photography\/corpus\/","title":{"rendered":"Corpus"},"content":{"rendered":"<ul class=\"infos-livre\">\n<li>Photographs : Antoine d\u2019Agata<\/li>\n<li>64 pages<\/li>\n<li>14 x 21 cm<\/li>\n<li>31 black, silver and white pictures<\/li>\n<li>Binded<\/li>\n<li>25 \u20ac \u2013 500 \u20ac<\/li>\n<li>ISBN\u00a0: 979-10-92265-68-2<\/li>\n<\/ul>\n<h2>A special edition<\/h2>\n<p>This collector edition is signed, with <strong>an original picture numbered and signed.<br \/>\n<\/strong><\/p>\n<p><strong>10 copies of this picture<\/strong> were made on Hahnem\u00fchle fine art paper, format 15,8 x 21 cm in a 18 x 23 cm paper sheet, avalaible for \u20ac 500.<br \/>\n<a class=\"in_page_button\" href=\"\/?page_id=289&amp;add-to-cart=12129&amp;variation_id=12131&amp;attribute_pa_version=limited-edition&amp;quantity=1\">Add to cart<\/a><\/p>\n<p><img loading=\"lazy\" decoding=\"async\" class=\"alignnone wp-image-7883 size-full\" src=\"https:\/\/www.andrefrereditions.com\/wp-content\/uploads\/2017\/12\/corpus-antoine-d-agata-andre-frere-editions-6.jpg\" alt=\"corpus-antoine-d-agata-andre-frere-editions-6\" width=\"430\" height=\"323\" srcset=\"https:\/\/www.andrefrereditions.com\/wp-content\/uploads\/2017\/12\/corpus-antoine-d-agata-andre-frere-editions-6.jpg 430w, https:\/\/www.andrefrereditions.com\/wp-content\/uploads\/2017\/12\/corpus-antoine-d-agata-andre-frere-editions-6-420x315.jpg 420w, https:\/\/www.andrefrereditions.com\/wp-content\/uploads\/2017\/12\/corpus-antoine-d-agata-andre-frere-editions-6-300x225.jpg 300w\" sizes=\"auto, (max-width: 430px) 100vw, 430px\" \/><\/p>\n<h2>The book<\/h2>\n<p><img loading=\"lazy\" decoding=\"async\" class=\"alignnone size-full wp-image-7822\" src=\"https:\/\/www.andrefrereditions.com\/wp-content\/uploads\/2017\/11\/corpus-antoine-d-agata-andre-frere-editions-1.jpg\" alt=\"corpus-antoine-d-agata-andre-frere-editions-1\" width=\"430\" height=\"327\" srcset=\"https:\/\/www.andrefrereditions.com\/wp-content\/uploads\/2017\/11\/corpus-antoine-d-agata-andre-frere-editions-1.jpg 430w, https:\/\/www.andrefrereditions.com\/wp-content\/uploads\/2017\/11\/corpus-antoine-d-agata-andre-frere-editions-1-420x319.jpg 420w, https:\/\/www.andrefrereditions.com\/wp-content\/uploads\/2017\/11\/corpus-antoine-d-agata-andre-frere-editions-1-300x228.jpg 300w\" sizes=\"auto, (max-width: 430px) 100vw, 430px\" \/><\/p>\n<p><em>Les vies de A et de ses personnages sont ces chemins heurt\u00e9s, chaotiques et funambules, qui ne s\u2019\u00e9prouvent qu\u2019au bord du vide. Elles se croisent, s\u2019enlacent et se blessent dans leur exil permanent. Leur sens r\u00e9side peut-\u00eatre dans l\u2019errance, l\u2019au-del\u00e0 de soi, l\u2019au-del\u00e0 des corps, l\u2019\u00e9puisement du d\u00e9sir. Une exp\u00e9rience extr\u00eame de la libert\u00e9. Il est alors \u00e9vident que la route, ce non-lieu, \u00e0 chaque borne tourn\u00e9 vers l\u2019ailleurs, devienne le temps d\u2019un voyage, le th\u00e9\u00e2tre path\u00e9tique de la vie. A entre dans la danse, sans autre choix que sa propre dissolution, son propre \u00e9clatement, au long de la grande route. Il charrie avec lui des lambeaux de r\u00e9miniscences, des peurs maladives. De son histoire, comme de la route, ne restent alors que des mots, des images, emport\u00e9es par le traffic, le grand flux incessant, l\u2019\u00e9ternelle spirale.<\/em><br \/>\nJean-Baptiste Del Amo.<\/p>\n<p><img loading=\"lazy\" decoding=\"async\" class=\"alignnone size-full wp-image-7824\" src=\"https:\/\/www.andrefrereditions.com\/wp-content\/uploads\/2017\/11\/corpus-antoine-d-agata-andre-frere-editions-2.jpg\" alt=\"corpus-antoine-d-agata-andre-frere-editions-2\" width=\"430\" height=\"312\" srcset=\"https:\/\/www.andrefrereditions.com\/wp-content\/uploads\/2017\/11\/corpus-antoine-d-agata-andre-frere-editions-2.jpg 430w, https:\/\/www.andrefrereditions.com\/wp-content\/uploads\/2017\/11\/corpus-antoine-d-agata-andre-frere-editions-2-420x305.jpg 420w, https:\/\/www.andrefrereditions.com\/wp-content\/uploads\/2017\/11\/corpus-antoine-d-agata-andre-frere-editions-2-300x218.jpg 300w\" sizes=\"auto, (max-width: 430px) 100vw, 430px\" \/><\/p>\n<p><img loading=\"lazy\" decoding=\"async\" class=\"alignnone size-full wp-image-7826\" src=\"https:\/\/www.andrefrereditions.com\/wp-content\/uploads\/2017\/11\/corpus-antoine-d-agata-andre-frere-editions-3.jpg\" alt=\"corpus-antoine-d-agata-andre-frere-editions-3\" width=\"430\" height=\"312\" srcset=\"https:\/\/www.andrefrereditions.com\/wp-content\/uploads\/2017\/11\/corpus-antoine-d-agata-andre-frere-editions-3.jpg 430w, https:\/\/www.andrefrereditions.com\/wp-content\/uploads\/2017\/11\/corpus-antoine-d-agata-andre-frere-editions-3-420x305.jpg 420w, https:\/\/www.andrefrereditions.com\/wp-content\/uploads\/2017\/11\/corpus-antoine-d-agata-andre-frere-editions-3-300x218.jpg 300w\" sizes=\"auto, (max-width: 430px) 100vw, 430px\" \/><\/p>\n<p>Mai 2014: Fronti\u00e8re italienne \/ Passo della Morte \/ Source du P\u00f4 \/ <em>Sur la France et l\u2019Italie, le soleil descend&#8230; Un amas de rochers et de buissons, un seul; un amas de terre, avec des pics, des creux, des courbes&#8230; En face la montagne, le pas de la mort, le saut de la Mort.<\/em> P. P. P. \/ A: Unni cci persi i scarpi u signuri&#8230; Le monde s&#8217;ouvre \u00e0 moi dans un souffle. Mon corps balance dans le vide. Je suis l\u00e0 o\u00f9 je veux \u00eatre. Image fixe. Ne pas tomber. Penser ses entrailles. Approcher mes l\u00e8vres. Ce sera comme renoncer \u00e0 un vice, voir resurgir dans le miroir un visage d\u00e9funt, \u00e9couter des l\u00e8vres closes. Nous descendrons dans le gouffre, muets. Je revois son visage. Go\u00fbt de sang dans la bouche. L\u00e0, nait le fleuve qui purifie les hommes de la mort. La montagne se fond dans l&#8217;air rouge. L&#8217;odeur de la viande ne me quitte pas. Lui est l\u00e0, qui a pleur\u00e9 pour moi, ou \u00e0 cause de moi.CARTA AL PADRE: <em>Solos t\u00fa y yo, e irremediablemente unidos por la muerte: torturados a\u00fan por fantasmas que dejamos con torpeza, ara\u00f1arnos el cuerpo y luchar por los despojos del sudario, pero ambos muertos, y seguros de nuestra muerte.<\/em> L. M. P. \/ LETTRE DE V (1956): <em>Mon \u00e2me, comment tu as pu m\u2019abandonner comme \u00e7a&#8230; Comme si j\u2019\u00e9tais mort&#8230; Comment es-tu devenue comme cela\u00a0? Tu me caches quelque chose&#8230; Parle\u00a0! \u00c0 quoi penses -tu ? Crois-moi, je suis fatigu\u00e9 de vivre, je n\u2019en peux plus&#8230; Depuis quelque temps ton amour est si froid et distant&#8230;<\/em> \/ JOURNAL DE M (Dimanche 20 Avril 2008): <em>rest\u00e9e seule toute la journ\u00e9e.<\/em> \/ A: Invoquer le corps v\u00e9cu, quitter l&#8217;espace de la repr\u00e9sentation, p\u00e9n\u00e9trer celui de la sensation! Investissement de la vie, m\u00eame improductive, st\u00e9rile ou inconsommable! \/ JOURNAL DE L: <em>Je suis mont\u00e9e dans la chambre, la porte \u00e9tait ouverte. Dans le couloir, les bruits de la femme de m\u00e9nage. Il n&#8217;y avait plus de traces de toi, le lit \u00e9tait fait, les serviettes chang\u00e9es. Pour un instant je suis devenue le rythme des tes actes dans cet espace circonscrit, la ceinture serr\u00e9e autour de ton bras, la morphine dans tes veines, l&#8217;absence de bagages, et toi, toujours pr\u00eat \u00e0 \u00eatre ailleurs. Quelques heures plus tard, un \u00e9clat de rire inconnu derri\u00e8re la porte ferm\u00e9e. Je voudrais t&#8217;aimer, te ha\u00efr, t&#8217;embrasser, te caresser, te baiser, t&#8217;offrir chaque centim\u00e8tre de mon corps, chaque recoin de mon esprit&#8230; Les hommes marchent sans bruit&#8230; les os du corps&#8230; l&#8217;animal se glisse l\u00e0 o\u00f9 la hache va tomber&#8230; que les hommes meurent&#8230; chacun courrant apr\u00e8s sa propre solitude.<\/em> \/ JOURNAL DU 08\/05\/14: <em>Il \u00e9tait revenu dans la vie parce qu&#8217;il n&#8217;avait pu supporter la solitude de la mort.<\/em> \/ MAIL DE T: Jeudi 29 Mai 2014 19:29:45 &#8211; 0500: <em>L&#8217;Oc\u00e9an Pacifique est agit\u00e9&#8230; tumultueux, plein de temp\u00eates. S&#8217;assurer de la peur, invoquer un voyage obscur. Quelle est la v\u00e9rit\u00e9 de tout cela? Donner un nom \u00e0 ce qui ne peut \u00eatre nomm\u00e9. Quel est le risque? La mort est-elle irr\u00e9sistible? Tout devient absurde&#8230; tisser le fil de la vie&#8230; tu n&#8217;es pas l\u00e0&#8230;<\/em><\/p>\n<p><img loading=\"lazy\" decoding=\"async\" class=\"alignnone size-full wp-image-7828\" src=\"https:\/\/www.andrefrereditions.com\/wp-content\/uploads\/2017\/11\/corpus-antoine-d-agata-andre-frere-editions-4.jpg\" alt=\"corpus-antoine-d-agata-andre-frere-editions-4\" width=\"430\" height=\"312\" srcset=\"https:\/\/www.andrefrereditions.com\/wp-content\/uploads\/2017\/11\/corpus-antoine-d-agata-andre-frere-editions-4.jpg 430w, https:\/\/www.andrefrereditions.com\/wp-content\/uploads\/2017\/11\/corpus-antoine-d-agata-andre-frere-editions-4-420x305.jpg 420w, https:\/\/www.andrefrereditions.com\/wp-content\/uploads\/2017\/11\/corpus-antoine-d-agata-andre-frere-editions-4-300x218.jpg 300w\" sizes=\"auto, (max-width: 430px) 100vw, 430px\" \/><\/p>\n<p><img loading=\"lazy\" decoding=\"async\" class=\"alignnone size-full wp-image-7830\" src=\"https:\/\/www.andrefrereditions.com\/wp-content\/uploads\/2017\/11\/corpus-antoine-d-agata-andre-frere-editions-5.jpg\" alt=\"corpus-antoine-d-agata-andre-frere-editions-5\" width=\"430\" height=\"312\" srcset=\"https:\/\/www.andrefrereditions.com\/wp-content\/uploads\/2017\/11\/corpus-antoine-d-agata-andre-frere-editions-5.jpg 430w, https:\/\/www.andrefrereditions.com\/wp-content\/uploads\/2017\/11\/corpus-antoine-d-agata-andre-frere-editions-5-420x305.jpg 420w, https:\/\/www.andrefrereditions.com\/wp-content\/uploads\/2017\/11\/corpus-antoine-d-agata-andre-frere-editions-5-300x218.jpg 300w\" sizes=\"auto, (max-width: 430px) 100vw, 430px\" \/><\/p>\n<p><img loading=\"lazy\" decoding=\"async\" class=\"alignnone size-full wp-image-7832\" src=\"https:\/\/www.andrefrereditions.com\/wp-content\/uploads\/2017\/11\/corpus-antoine-d-agata-andre-frere-editions-6.jpg\" alt=\"corpus-antoine-d-agata-andre-frere-editions-6\" width=\"430\" height=\"312\" srcset=\"https:\/\/www.andrefrereditions.com\/wp-content\/uploads\/2017\/11\/corpus-antoine-d-agata-andre-frere-editions-6.jpg 430w, https:\/\/www.andrefrereditions.com\/wp-content\/uploads\/2017\/11\/corpus-antoine-d-agata-andre-frere-editions-6-420x305.jpg 420w, https:\/\/www.andrefrereditions.com\/wp-content\/uploads\/2017\/11\/corpus-antoine-d-agata-andre-frere-editions-6-300x218.jpg 300w\" sizes=\"auto, (max-width: 430px) 100vw, 430px\" \/><\/p>\n","protected":false},"excerpt":{"rendered":"<p>Photographs : Antoine d\u2019Agata 64 pages 14 x 21 cm 31 black, silver and white pictures Binded 25 \u20ac \u2013 500 \u20ac ISBN\u00a0: 979-10-92265-68-2 A special edition This collector edition is signed, with an original picture numbered and signed. 10 copies of this picture were made on Hahnem\u00fchle fine art paper, format 15,8 x 21 [&hellip;]<\/p>\n","protected":false},"featured_media":7821,"template":"","meta":[],"product_brand":[],"product_cat":[37],"product_tag":[],"class_list":{"0":"post-12129","1":"product","2":"type-product","3":"status-publish","4":"has-post-thumbnail","6":"product_cat-photography","7":"product_shipping_class-c1-en","9":"first","10":"instock","11":"shipping-taxable","12":"purchasable","13":"product-type-variable"},"yoast_head":"<!-- This site is optimized with the Yoast SEO plugin v27.4 - https:\/\/yoast.com\/product\/yoast-seo-wordpress\/ -->\n<title>Corpus | Andr\u00e9 Fr\u00e8re \u00c9ditions<\/title>\n<meta name=\"description\" content=\"Corpus par Antoine d&#039;Agata dans la cat\u00e9gorie Photography. Publi\u00e9 par Andr\u00e9 Fr\u00e8re \u00c9ditions.\" \/>\n<meta name=\"robots\" content=\"index, follow, max-snippet:-1, max-image-preview:large, max-video-preview:-1\" \/>\n<link rel=\"canonical\" href=\"https:\/\/www.andrefrereditions.com\/en\/books\/photography\/corpus\/\" \/>\n<meta property=\"og:locale\" content=\"en_US\" \/>\n<meta property=\"og:type\" content=\"article\" \/>\n<meta property=\"og:title\" content=\"Corpus | Andr\u00e9 Fr\u00e8re \u00c9ditions\" \/>\n<meta property=\"og:description\" content=\"Corpus par Antoine d&#039;Agata dans la cat\u00e9gorie Photography. Publi\u00e9 par Andr\u00e9 Fr\u00e8re \u00c9ditions.\" \/>\n<meta property=\"og:url\" content=\"https:\/\/www.andrefrereditions.com\/en\/books\/photography\/corpus\/\" \/>\n<meta property=\"og:site_name\" content=\"Andr\u00e9 Fr\u00e8re \u00c9ditions\" \/>\n<meta property=\"article:modified_time\" content=\"2025-06-26T09:11:59+00:00\" \/>\n<meta property=\"og:image\" content=\"https:\/\/www.andrefrereditions.com\/wp-content\/uploads\/2017\/11\/corpus-antoine-d_agata-andre-frere-editions.png\" \/>\n\t<meta property=\"og:image:width\" content=\"282\" \/>\n\t<meta property=\"og:image:height\" content=\"420\" \/>\n\t<meta property=\"og:image:type\" content=\"image\/png\" \/>\n<meta name=\"twitter:label1\" content=\"Est. reading time\" \/>\n\t<meta name=\"twitter:data1\" content=\"6 minutes\" \/>\n<script type=\"application\/ld+json\" class=\"yoast-schema-graph\">{\"@context\":\"https:\\\/\\\/schema.org\",\"@graph\":[{\"@type\":\"WebPage\",\"@id\":\"https:\\\/\\\/www.andrefrereditions.com\\\/en\\\/books\\\/photography\\\/corpus\\\/\",\"url\":\"https:\\\/\\\/www.andrefrereditions.com\\\/en\\\/books\\\/photography\\\/corpus\\\/\",\"name\":\"Corpus | Andr\u00e9 Fr\u00e8re \u00c9ditions\",\"isPartOf\":{\"@id\":\"https:\\\/\\\/www.andrefrereditions.com\\\/en\\\/#website\"},\"primaryImageOfPage\":{\"@id\":\"https:\\\/\\\/www.andrefrereditions.com\\\/en\\\/books\\\/photography\\\/corpus\\\/#primaryimage\"},\"image\":{\"@id\":\"https:\\\/\\\/www.andrefrereditions.com\\\/en\\\/books\\\/photography\\\/corpus\\\/#primaryimage\"},\"thumbnailUrl\":\"https:\\\/\\\/www.andrefrereditions.com\\\/wp-content\\\/uploads\\\/2017\\\/11\\\/corpus-antoine-d_agata-andre-frere-editions.png\",\"datePublished\":\"2017-11-01T16:18:04+00:00\",\"dateModified\":\"2025-06-26T09:11:59+00:00\",\"description\":\"Corpus par Antoine d&#039;Agata dans la cat\u00e9gorie Photography. Publi\u00e9 par Andr\u00e9 Fr\u00e8re \u00c9ditions.\",\"breadcrumb\":{\"@id\":\"https:\\\/\\\/www.andrefrereditions.com\\\/en\\\/books\\\/photography\\\/corpus\\\/#breadcrumb\"},\"inLanguage\":\"en-US\",\"potentialAction\":[{\"@type\":\"ReadAction\",\"target\":[\"https:\\\/\\\/www.andrefrereditions.com\\\/en\\\/books\\\/photography\\\/corpus\\\/\"]}]},{\"@type\":\"ImageObject\",\"inLanguage\":\"en-US\",\"@id\":\"https:\\\/\\\/www.andrefrereditions.com\\\/en\\\/books\\\/photography\\\/corpus\\\/#primaryimage\",\"url\":\"https:\\\/\\\/www.andrefrereditions.com\\\/wp-content\\\/uploads\\\/2017\\\/11\\\/corpus-antoine-d_agata-andre-frere-editions.png\",\"contentUrl\":\"https:\\\/\\\/www.andrefrereditions.com\\\/wp-content\\\/uploads\\\/2017\\\/11\\\/corpus-antoine-d_agata-andre-frere-editions.png\",\"width\":282,\"height\":420},{\"@type\":\"BreadcrumbList\",\"@id\":\"https:\\\/\\\/www.andrefrereditions.com\\\/en\\\/books\\\/photography\\\/corpus\\\/#breadcrumb\",\"itemListElement\":[{\"@type\":\"ListItem\",\"position\":1,\"name\":\"Home\",\"item\":\"https:\\\/\\\/www.andrefrereditions.com\\\/en\\\/\"},{\"@type\":\"ListItem\",\"position\":2,\"name\":\"Books\",\"item\":\"https:\\\/\\\/www.andrefrereditions.com\\\/en\\\/books\\\/\"},{\"@type\":\"ListItem\",\"position\":3,\"name\":\"Corpus\"}]},{\"@type\":\"WebSite\",\"@id\":\"https:\\\/\\\/www.andrefrereditions.com\\\/en\\\/#website\",\"url\":\"https:\\\/\\\/www.andrefrereditions.com\\\/en\\\/\",\"name\":\"Andr\u00e9 Fr\u00e8re \u00c9ditions\",\"description\":\"\u00c9dition ind\u00e9pendante de photographie et d\u2019art\",\"publisher\":{\"@id\":\"https:\\\/\\\/www.andrefrereditions.com\\\/en\\\/#organization\"},\"potentialAction\":[{\"@type\":\"SearchAction\",\"target\":{\"@type\":\"EntryPoint\",\"urlTemplate\":\"https:\\\/\\\/www.andrefrereditions.com\\\/en\\\/?s={search_term_string}\"},\"query-input\":{\"@type\":\"PropertyValueSpecification\",\"valueRequired\":true,\"valueName\":\"search_term_string\"}}],\"inLanguage\":\"en-US\"},{\"@type\":\"Organization\",\"@id\":\"https:\\\/\\\/www.andrefrereditions.com\\\/en\\\/#organization\",\"name\":\"Andr\u00e9 Fr\u00e8re \u00c9ditions\",\"url\":\"https:\\\/\\\/www.andrefrereditions.com\\\/en\\\/\",\"logo\":{\"@type\":\"ImageObject\",\"inLanguage\":\"en-US\",\"@id\":\"https:\\\/\\\/www.andrefrereditions.com\\\/en\\\/#\\\/schema\\\/logo\\\/image\\\/\",\"url\":\"https:\\\/\\\/www.andrefrereditions.com\\\/wp-content\\\/uploads\\\/2014\\\/12\\\/andre-frere-editions-logo.png\",\"contentUrl\":\"https:\\\/\\\/www.andrefrereditions.com\\\/wp-content\\\/uploads\\\/2014\\\/12\\\/andre-frere-editions-logo.png\",\"width\":80,\"height\":79,\"caption\":\"Andr\u00e9 Fr\u00e8re \u00c9ditions\"},\"image\":{\"@id\":\"https:\\\/\\\/www.andrefrereditions.com\\\/en\\\/#\\\/schema\\\/logo\\\/image\\\/\"}}]}<\/script>\n<!-- \/ Yoast SEO plugin. -->","yoast_head_json":{"title":"Corpus | Andr\u00e9 Fr\u00e8re \u00c9ditions","description":"Corpus par Antoine d&#039;Agata dans la cat\u00e9gorie Photography. Publi\u00e9 par Andr\u00e9 Fr\u00e8re \u00c9ditions.","robots":{"index":"index","follow":"follow","max-snippet":"max-snippet:-1","max-image-preview":"max-image-preview:large","max-video-preview":"max-video-preview:-1"},"canonical":"https:\/\/www.andrefrereditions.com\/en\/books\/photography\/corpus\/","og_locale":"en_US","og_type":"article","og_title":"Corpus | Andr\u00e9 Fr\u00e8re \u00c9ditions","og_description":"Corpus par Antoine d&#039;Agata dans la cat\u00e9gorie Photography. Publi\u00e9 par Andr\u00e9 Fr\u00e8re \u00c9ditions.","og_url":"https:\/\/www.andrefrereditions.com\/en\/books\/photography\/corpus\/","og_site_name":"Andr\u00e9 Fr\u00e8re \u00c9ditions","article_modified_time":"2025-06-26T09:11:59+00:00","og_image":[{"width":282,"height":420,"url":"https:\/\/www.andrefrereditions.com\/wp-content\/uploads\/2017\/11\/corpus-antoine-d_agata-andre-frere-editions.png","type":"image\/png"}],"twitter_misc":{"Est. reading time":"6 minutes"},"schema":{"@context":"https:\/\/schema.org","@graph":[{"@type":"WebPage","@id":"https:\/\/www.andrefrereditions.com\/en\/books\/photography\/corpus\/","url":"https:\/\/www.andrefrereditions.com\/en\/books\/photography\/corpus\/","name":"Corpus | Andr\u00e9 Fr\u00e8re \u00c9ditions","isPartOf":{"@id":"https:\/\/www.andrefrereditions.com\/en\/#website"},"primaryImageOfPage":{"@id":"https:\/\/www.andrefrereditions.com\/en\/books\/photography\/corpus\/#primaryimage"},"image":{"@id":"https:\/\/www.andrefrereditions.com\/en\/books\/photography\/corpus\/#primaryimage"},"thumbnailUrl":"https:\/\/www.andrefrereditions.com\/wp-content\/uploads\/2017\/11\/corpus-antoine-d_agata-andre-frere-editions.png","datePublished":"2017-11-01T16:18:04+00:00","dateModified":"2025-06-26T09:11:59+00:00","description":"Corpus par Antoine d&#039;Agata dans la cat\u00e9gorie Photography. Publi\u00e9 par Andr\u00e9 Fr\u00e8re \u00c9ditions.","breadcrumb":{"@id":"https:\/\/www.andrefrereditions.com\/en\/books\/photography\/corpus\/#breadcrumb"},"inLanguage":"en-US","potentialAction":[{"@type":"ReadAction","target":["https:\/\/www.andrefrereditions.com\/en\/books\/photography\/corpus\/"]}]},{"@type":"ImageObject","inLanguage":"en-US","@id":"https:\/\/www.andrefrereditions.com\/en\/books\/photography\/corpus\/#primaryimage","url":"https:\/\/www.andrefrereditions.com\/wp-content\/uploads\/2017\/11\/corpus-antoine-d_agata-andre-frere-editions.png","contentUrl":"https:\/\/www.andrefrereditions.com\/wp-content\/uploads\/2017\/11\/corpus-antoine-d_agata-andre-frere-editions.png","width":282,"height":420},{"@type":"BreadcrumbList","@id":"https:\/\/www.andrefrereditions.com\/en\/books\/photography\/corpus\/#breadcrumb","itemListElement":[{"@type":"ListItem","position":1,"name":"Home","item":"https:\/\/www.andrefrereditions.com\/en\/"},{"@type":"ListItem","position":2,"name":"Books","item":"https:\/\/www.andrefrereditions.com\/en\/books\/"},{"@type":"ListItem","position":3,"name":"Corpus"}]},{"@type":"WebSite","@id":"https:\/\/www.andrefrereditions.com\/en\/#website","url":"https:\/\/www.andrefrereditions.com\/en\/","name":"Andr\u00e9 Fr\u00e8re \u00c9ditions","description":"\u00c9dition ind\u00e9pendante de photographie et d\u2019art","publisher":{"@id":"https:\/\/www.andrefrereditions.com\/en\/#organization"},"potentialAction":[{"@type":"SearchAction","target":{"@type":"EntryPoint","urlTemplate":"https:\/\/www.andrefrereditions.com\/en\/?s={search_term_string}"},"query-input":{"@type":"PropertyValueSpecification","valueRequired":true,"valueName":"search_term_string"}}],"inLanguage":"en-US"},{"@type":"Organization","@id":"https:\/\/www.andrefrereditions.com\/en\/#organization","name":"Andr\u00e9 Fr\u00e8re \u00c9ditions","url":"https:\/\/www.andrefrereditions.com\/en\/","logo":{"@type":"ImageObject","inLanguage":"en-US","@id":"https:\/\/www.andrefrereditions.com\/en\/#\/schema\/logo\/image\/","url":"https:\/\/www.andrefrereditions.com\/wp-content\/uploads\/2014\/12\/andre-frere-editions-logo.png","contentUrl":"https:\/\/www.andrefrereditions.com\/wp-content\/uploads\/2014\/12\/andre-frere-editions-logo.png","width":80,"height":79,"caption":"Andr\u00e9 Fr\u00e8re \u00c9ditions"},"image":{"@id":"https:\/\/www.andrefrereditions.com\/en\/#\/schema\/logo\/image\/"}}]}},"_links":{"self":[{"href":"https:\/\/www.andrefrereditions.com\/en\/wp-json\/wp\/v2\/product\/12129","targetHints":{"allow":["GET"]}}],"collection":[{"href":"https:\/\/www.andrefrereditions.com\/en\/wp-json\/wp\/v2\/product"}],"about":[{"href":"https:\/\/www.andrefrereditions.com\/en\/wp-json\/wp\/v2\/types\/product"}],"wp:featuredmedia":[{"embeddable":true,"href":"https:\/\/www.andrefrereditions.com\/en\/wp-json\/wp\/v2\/media\/7821"}],"wp:attachment":[{"href":"https:\/\/www.andrefrereditions.com\/en\/wp-json\/wp\/v2\/media?parent=12129"}],"wp:term":[{"taxonomy":"product_brand","embeddable":true,"href":"https:\/\/www.andrefrereditions.com\/en\/wp-json\/wp\/v2\/product_brand?post=12129"},{"taxonomy":"product_cat","embeddable":true,"href":"https:\/\/www.andrefrereditions.com\/en\/wp-json\/wp\/v2\/product_cat?post=12129"},{"taxonomy":"product_tag","embeddable":true,"href":"https:\/\/www.andrefrereditions.com\/en\/wp-json\/wp\/v2\/product_tag?post=12129"}],"curies":[{"name":"wp","href":"https:\/\/api.w.org\/{rel}","templated":true}]}}