{"id":12187,"date":"2016-10-20T00:20:25","date_gmt":"2016-10-19T22:20:25","guid":{"rendered":"https:\/\/www.andrefrereditions.com\/books\/uncategorized\/vera-y-victoria\/"},"modified":"2025-06-26T11:12:11","modified_gmt":"2025-06-26T09:12:11","slug":"vera-y-victoria","status":"publish","type":"product","link":"https:\/\/www.andrefrereditions.com\/en\/books\/photography\/vera-y-victoria\/","title":{"rendered":"Vera y Victoria"},"content":{"rendered":"<ul class=\"infos-livre\">\n<li>Pictures and texts: Mar S\u00e1ez<\/li>\n<li>80 pages<\/li>\n<li>16,5 x 21,8 cm<\/li>\n<li>43 trichrome pictures<\/li>\n<li>Swiss binding<\/li>\n<li>French\u00a0\/ English<\/li>\n<li>ISBN: 979-10-92265-55-2<\/li>\n<li>\u20ac 25 \u2013 \u20ac 255<\/li>\n<\/ul>\n<h2>A special edition<\/h2>\n<p>This collection books is sold signed, with a picture signed and numbered. A choice among four photographs from the book is possible, numbered below from 1 to 4. Only 4 copy of each print is avalaible in a 15\u00a0x\u00a020\u00a0cm format, for \u20ac\u00a0255.<\/p>\n<p><strong>N\u00ba1 <a class=\"in_page_button\" href=\"\/?page_id=67&amp;add-to-cart=12187&amp;variation_id=12189&amp;attribute_pa_version=special-edition-1&amp;quantity=1\">Add to cart<\/a><\/strong><br \/>\n<img loading=\"lazy\" decoding=\"async\" class=\"alignnone size-full wp-image-7183\" src=\"https:\/\/www.andrefrereditions.com\/wp-content\/uploads\/2016\/10\/vera-victoria-mar-saez-andre-frere-edition-5.jpg\" alt=\"vera-victoria-mar-saez-andre-frere-edition-5\" width=\"430\" height=\"287\" srcset=\"https:\/\/www.andrefrereditions.com\/wp-content\/uploads\/2016\/10\/vera-victoria-mar-saez-andre-frere-edition-5.jpg 430w, https:\/\/www.andrefrereditions.com\/wp-content\/uploads\/2016\/10\/vera-victoria-mar-saez-andre-frere-edition-5-420x280.jpg 420w, https:\/\/www.andrefrereditions.com\/wp-content\/uploads\/2016\/10\/vera-victoria-mar-saez-andre-frere-edition-5-300x200.jpg 300w\" sizes=\"auto, (max-width: 430px) 100vw, 430px\" \/><\/p>\n<p><strong>N\u00ba2 <a class=\"in_page_button\" href=\"\/?page_id=67&amp;add-to-cart=12187&amp;variation_id=12190&amp;attribute_pa_version=special-edition-2&amp;quantity=1\">Add to cart<\/a><\/strong><br \/>\n<img loading=\"lazy\" decoding=\"async\" class=\"alignnone size-full wp-image-7175\" src=\"https:\/\/www.andrefrereditions.com\/wp-content\/uploads\/2016\/10\/vera-victoria-mar-saez-andre-frere-edition-1.jpg\" alt=\"vera-victoria-mar-saez-andre-frere-edition-1\" width=\"430\" height=\"287\" srcset=\"https:\/\/www.andrefrereditions.com\/wp-content\/uploads\/2016\/10\/vera-victoria-mar-saez-andre-frere-edition-1.jpg 430w, https:\/\/www.andrefrereditions.com\/wp-content\/uploads\/2016\/10\/vera-victoria-mar-saez-andre-frere-edition-1-420x280.jpg 420w, https:\/\/www.andrefrereditions.com\/wp-content\/uploads\/2016\/10\/vera-victoria-mar-saez-andre-frere-edition-1-300x200.jpg 300w\" sizes=\"auto, (max-width: 430px) 100vw, 430px\" \/><\/p>\n<p><strong>N\u00ba3 <a class=\"in_page_button\" href=\"\/?page_id=67&amp;add-to-cart=12187&amp;variation_id=12191&amp;attribute_pa_version=special-edition-3&amp;quantity=1\">Add to cart<\/a><\/strong><br \/>\n<img loading=\"lazy\" decoding=\"async\" class=\"alignnone size-full wp-image-7177\" src=\"https:\/\/www.andrefrereditions.com\/wp-content\/uploads\/2016\/10\/vera-victoria-mar-saez-andre-frere-edition-2.jpg\" alt=\"vera-victoria-mar-saez-andre-frere-edition-2\" width=\"430\" height=\"287\" srcset=\"https:\/\/www.andrefrereditions.com\/wp-content\/uploads\/2016\/10\/vera-victoria-mar-saez-andre-frere-edition-2.jpg 430w, https:\/\/www.andrefrereditions.com\/wp-content\/uploads\/2016\/10\/vera-victoria-mar-saez-andre-frere-edition-2-420x280.jpg 420w, https:\/\/www.andrefrereditions.com\/wp-content\/uploads\/2016\/10\/vera-victoria-mar-saez-andre-frere-edition-2-300x200.jpg 300w\" sizes=\"auto, (max-width: 430px) 100vw, 430px\" \/><\/p>\n<h2>The book<\/h2>\n<p>Vera confessed to Victoria that she was transe-xual the day they kissed for the first time. It was in a park. It did not change anything. For the four years that they were together, they loved each other as they had never loved anyone before.<\/p>\n<p><img loading=\"lazy\" decoding=\"async\" class=\"alignnone size-full wp-image-7175\" src=\"https:\/\/www.andrefrereditions.com\/wp-content\/uploads\/2016\/10\/vera-victoria-mar-saez-andre-frere-edition-1.jpg\" alt=\"\" width=\"430\" height=\"287\" srcset=\"https:\/\/www.andrefrereditions.com\/wp-content\/uploads\/2016\/10\/vera-victoria-mar-saez-andre-frere-edition-1.jpg 430w, https:\/\/www.andrefrereditions.com\/wp-content\/uploads\/2016\/10\/vera-victoria-mar-saez-andre-frere-edition-1-420x280.jpg 420w, https:\/\/www.andrefrereditions.com\/wp-content\/uploads\/2016\/10\/vera-victoria-mar-saez-andre-frere-edition-1-300x200.jpg 300w\" sizes=\"auto, (max-width: 430px) 100vw, 430px\" \/><\/p>\n<p><img loading=\"lazy\" decoding=\"async\" class=\"alignnone size-full wp-image-7177\" src=\"https:\/\/www.andrefrereditions.com\/wp-content\/uploads\/2016\/10\/vera-victoria-mar-saez-andre-frere-edition-2.jpg\" alt=\"\" width=\"430\" height=\"287\" srcset=\"https:\/\/www.andrefrereditions.com\/wp-content\/uploads\/2016\/10\/vera-victoria-mar-saez-andre-frere-edition-2.jpg 430w, https:\/\/www.andrefrereditions.com\/wp-content\/uploads\/2016\/10\/vera-victoria-mar-saez-andre-frere-edition-2-420x280.jpg 420w, https:\/\/www.andrefrereditions.com\/wp-content\/uploads\/2016\/10\/vera-victoria-mar-saez-andre-frere-edition-2-300x200.jpg 300w\" sizes=\"auto, (max-width: 430px) 100vw, 430px\" \/><\/p>\n<p><img loading=\"lazy\" decoding=\"async\" class=\"alignnone size-full wp-image-7179\" src=\"https:\/\/www.andrefrereditions.com\/wp-content\/uploads\/2016\/10\/vera-victoria-mar-saez-andre-frere-edition-3.jpg\" alt=\"\" width=\"430\" height=\"287\" srcset=\"https:\/\/www.andrefrereditions.com\/wp-content\/uploads\/2016\/10\/vera-victoria-mar-saez-andre-frere-edition-3.jpg 430w, https:\/\/www.andrefrereditions.com\/wp-content\/uploads\/2016\/10\/vera-victoria-mar-saez-andre-frere-edition-3-420x280.jpg 420w, https:\/\/www.andrefrereditions.com\/wp-content\/uploads\/2016\/10\/vera-victoria-mar-saez-andre-frere-edition-3-300x200.jpg 300w\" sizes=\"auto, (max-width: 430px) 100vw, 430px\" \/><\/p>\n<p>The book is a visual diary shot between 2012 and 2016 in which the autor Mar S\u00e1ez portrayed the intimate universe of Vera and Victoria. A universe in which new facets of a relationship as intense as theirs come to the surface. No better or worse than anyone else.<\/p>\n<p><img loading=\"lazy\" decoding=\"async\" class=\"alignnone size-full wp-image-7181\" src=\"https:\/\/www.andrefrereditions.com\/wp-content\/uploads\/2016\/10\/vera-victoria-mar-saez-andre-frere-edition-4.jpg\" alt=\"\" width=\"430\" height=\"287\" srcset=\"https:\/\/www.andrefrereditions.com\/wp-content\/uploads\/2016\/10\/vera-victoria-mar-saez-andre-frere-edition-4.jpg 430w, https:\/\/www.andrefrereditions.com\/wp-content\/uploads\/2016\/10\/vera-victoria-mar-saez-andre-frere-edition-4-420x280.jpg 420w, https:\/\/www.andrefrereditions.com\/wp-content\/uploads\/2016\/10\/vera-victoria-mar-saez-andre-frere-edition-4-300x200.jpg 300w\" sizes=\"auto, (max-width: 430px) 100vw, 430px\" \/><\/p>\n<p><img loading=\"lazy\" decoding=\"async\" class=\"alignnone size-full wp-image-7183\" src=\"https:\/\/www.andrefrereditions.com\/wp-content\/uploads\/2016\/10\/vera-victoria-mar-saez-andre-frere-edition-5.jpg\" alt=\"\" width=\"430\" height=\"287\" srcset=\"https:\/\/www.andrefrereditions.com\/wp-content\/uploads\/2016\/10\/vera-victoria-mar-saez-andre-frere-edition-5.jpg 430w, https:\/\/www.andrefrereditions.com\/wp-content\/uploads\/2016\/10\/vera-victoria-mar-saez-andre-frere-edition-5-420x280.jpg 420w, https:\/\/www.andrefrereditions.com\/wp-content\/uploads\/2016\/10\/vera-victoria-mar-saez-andre-frere-edition-5-300x200.jpg 300w\" sizes=\"auto, (max-width: 430px) 100vw, 430px\" \/><\/p>\n<p><img loading=\"lazy\" decoding=\"async\" class=\"alignnone size-full wp-image-7185\" src=\"https:\/\/www.andrefrereditions.com\/wp-content\/uploads\/2016\/10\/vera-victoria-mar-saez-andre-frere-edition-6.jpg\" alt=\"\" width=\"430\" height=\"284\" srcset=\"https:\/\/www.andrefrereditions.com\/wp-content\/uploads\/2016\/10\/vera-victoria-mar-saez-andre-frere-edition-6.jpg 430w, https:\/\/www.andrefrereditions.com\/wp-content\/uploads\/2016\/10\/vera-victoria-mar-saez-andre-frere-edition-6-420x277.jpg 420w, https:\/\/www.andrefrereditions.com\/wp-content\/uploads\/2016\/10\/vera-victoria-mar-saez-andre-frere-edition-6-300x198.jpg 300w\" sizes=\"auto, (max-width: 430px) 100vw, 430px\" \/><\/p>\n<p><img loading=\"lazy\" decoding=\"async\" class=\"alignnone size-full wp-image-7187\" src=\"https:\/\/www.andrefrereditions.com\/wp-content\/uploads\/2016\/10\/vera-victoria-mar-saez-andre-frere-edition-8.jpg\" alt=\"\" width=\"430\" height=\"284\" srcset=\"https:\/\/www.andrefrereditions.com\/wp-content\/uploads\/2016\/10\/vera-victoria-mar-saez-andre-frere-edition-8.jpg 430w, https:\/\/www.andrefrereditions.com\/wp-content\/uploads\/2016\/10\/vera-victoria-mar-saez-andre-frere-edition-8-420x277.jpg 420w, https:\/\/www.andrefrereditions.com\/wp-content\/uploads\/2016\/10\/vera-victoria-mar-saez-andre-frere-edition-8-300x198.jpg 300w\" sizes=\"auto, (max-width: 430px) 100vw, 430px\" \/><\/p>\n<p class=\"bio-auteur\">Mar S\u00e1ez (Murcia, 1983) studied Psychology and Audiovisual Communication. Although she worked for the written press for more than six years, she currently devotes all of her energy to professional photography. Simultaneously, she works on personal projects that she uses to try to explore the complexity of identity and biopolitics by attempting to portray, from within herself, the realities that concern her. She has won the LUX Professional Photography Prize twice (2014 and 2015) in the \u201cDocumentary\u201d category with projects that tackle the subject of transexuality, whilst collaborating with the magazine <em>Ojo de Pez<\/em> and various elements of the national media.<br \/>\nSince 2008 she has also taken part in several individual and collective exhibitions in Spain and the USA, in venues such as: the Fernando Pradilla Gallery (Madrid), the Alonso Vidal Gallery (Barcelona) and the Gabarron Foundation Carriage House Center for the Arts (New York), among others.<br \/>\nIn 2016 she published her first photo book, <em>Vera and Victoria<\/em> with the French publishing house Andr\u00e9 Fr\u00e8re \u00c9ditions and also published <em>On Travelling on the Road with Strangers<\/em> <em>in D\u00daO A<\/em> (Phree publishing house), with the writer Miguel \u00c1ngel Hern\u00e1ndez. She also won the scholarship for the PhotoEspa\u00f1a Photography Masters.<\/p>\n","protected":false},"excerpt":{"rendered":"<p>Pictures and texts: Mar S\u00e1ez 80 pages 16,5 x 21,8 cm 43 trichrome pictures Swiss binding French\u00a0\/ English ISBN: 979-10-92265-55-2 \u20ac 25 \u2013 \u20ac 255 A special edition This collection books is sold signed, with a picture signed and numbered. A choice among four photographs from the book is possible, numbered below from 1 to [&hellip;]<\/p>\n","protected":false},"featured_media":7174,"template":"","meta":[],"product_brand":[],"product_cat":[37],"product_tag":[],"class_list":{"0":"post-12187","1":"product","2":"type-product","3":"status-publish","4":"has-post-thumbnail","6":"product_cat-photography","7":"product_shipping_class-c1-en","9":"first","10":"instock","11":"shipping-taxable","12":"purchasable","13":"product-type-variable"},"yoast_head":"<!-- This site is optimized with the Yoast SEO plugin v27.4 - https:\/\/yoast.com\/product\/yoast-seo-wordpress\/ -->\n<title>Vera y Victoria | Andr\u00e9 Fr\u00e8re \u00c9ditions<\/title>\n<meta name=\"description\" content=\"Vera y Victoria par Mar S\u00e1ez dans la cat\u00e9gorie Photography. Publi\u00e9 par Andr\u00e9 Fr\u00e8re \u00c9ditions.\" \/>\n<meta name=\"robots\" content=\"index, follow, max-snippet:-1, max-image-preview:large, max-video-preview:-1\" \/>\n<link rel=\"canonical\" href=\"https:\/\/www.andrefrereditions.com\/en\/books\/photography\/vera-y-victoria\/\" \/>\n<meta property=\"og:locale\" content=\"en_US\" \/>\n<meta property=\"og:type\" content=\"article\" \/>\n<meta property=\"og:title\" content=\"Vera y Victoria | Andr\u00e9 Fr\u00e8re \u00c9ditions\" \/>\n<meta property=\"og:description\" content=\"Vera y Victoria par Mar S\u00e1ez dans la cat\u00e9gorie Photography. Publi\u00e9 par Andr\u00e9 Fr\u00e8re \u00c9ditions.\" \/>\n<meta property=\"og:url\" content=\"https:\/\/www.andrefrereditions.com\/en\/books\/photography\/vera-y-victoria\/\" \/>\n<meta property=\"og:site_name\" content=\"Andr\u00e9 Fr\u00e8re \u00c9ditions\" \/>\n<meta property=\"article:modified_time\" content=\"2025-06-26T09:12:11+00:00\" \/>\n<meta property=\"og:image\" content=\"https:\/\/www.andrefrereditions.com\/wp-content\/uploads\/2016\/10\/vera-victoria-mar-saez-andre-frere-editions.jpg\" \/>\n\t<meta property=\"og:image:width\" content=\"317\" \/>\n\t<meta property=\"og:image:height\" content=\"420\" \/>\n\t<meta property=\"og:image:type\" content=\"image\/jpeg\" \/>\n<meta name=\"twitter:label1\" content=\"Est. reading time\" \/>\n\t<meta name=\"twitter:data1\" content=\"4 minutes\" \/>\n<script type=\"application\/ld+json\" class=\"yoast-schema-graph\">{\"@context\":\"https:\\\/\\\/schema.org\",\"@graph\":[{\"@type\":\"WebPage\",\"@id\":\"https:\\\/\\\/www.andrefrereditions.com\\\/en\\\/books\\\/photography\\\/vera-y-victoria\\\/\",\"url\":\"https:\\\/\\\/www.andrefrereditions.com\\\/en\\\/books\\\/photography\\\/vera-y-victoria\\\/\",\"name\":\"Vera y Victoria | Andr\u00e9 Fr\u00e8re \u00c9ditions\",\"isPartOf\":{\"@id\":\"https:\\\/\\\/www.andrefrereditions.com\\\/en\\\/#website\"},\"primaryImageOfPage\":{\"@id\":\"https:\\\/\\\/www.andrefrereditions.com\\\/en\\\/books\\\/photography\\\/vera-y-victoria\\\/#primaryimage\"},\"image\":{\"@id\":\"https:\\\/\\\/www.andrefrereditions.com\\\/en\\\/books\\\/photography\\\/vera-y-victoria\\\/#primaryimage\"},\"thumbnailUrl\":\"https:\\\/\\\/www.andrefrereditions.com\\\/wp-content\\\/uploads\\\/2016\\\/10\\\/vera-victoria-mar-saez-andre-frere-editions.jpg\",\"datePublished\":\"2016-10-19T22:20:25+00:00\",\"dateModified\":\"2025-06-26T09:12:11+00:00\",\"description\":\"Vera y Victoria par Mar S\u00e1ez dans la cat\u00e9gorie Photography. Publi\u00e9 par Andr\u00e9 Fr\u00e8re \u00c9ditions.\",\"breadcrumb\":{\"@id\":\"https:\\\/\\\/www.andrefrereditions.com\\\/en\\\/books\\\/photography\\\/vera-y-victoria\\\/#breadcrumb\"},\"inLanguage\":\"en-US\",\"potentialAction\":[{\"@type\":\"ReadAction\",\"target\":[\"https:\\\/\\\/www.andrefrereditions.com\\\/en\\\/books\\\/photography\\\/vera-y-victoria\\\/\"]}]},{\"@type\":\"ImageObject\",\"inLanguage\":\"en-US\",\"@id\":\"https:\\\/\\\/www.andrefrereditions.com\\\/en\\\/books\\\/photography\\\/vera-y-victoria\\\/#primaryimage\",\"url\":\"https:\\\/\\\/www.andrefrereditions.com\\\/wp-content\\\/uploads\\\/2016\\\/10\\\/vera-victoria-mar-saez-andre-frere-editions.jpg\",\"contentUrl\":\"https:\\\/\\\/www.andrefrereditions.com\\\/wp-content\\\/uploads\\\/2016\\\/10\\\/vera-victoria-mar-saez-andre-frere-editions.jpg\",\"width\":317,\"height\":420},{\"@type\":\"BreadcrumbList\",\"@id\":\"https:\\\/\\\/www.andrefrereditions.com\\\/en\\\/books\\\/photography\\\/vera-y-victoria\\\/#breadcrumb\",\"itemListElement\":[{\"@type\":\"ListItem\",\"position\":1,\"name\":\"Home\",\"item\":\"https:\\\/\\\/www.andrefrereditions.com\\\/en\\\/\"},{\"@type\":\"ListItem\",\"position\":2,\"name\":\"Books\",\"item\":\"https:\\\/\\\/www.andrefrereditions.com\\\/en\\\/books\\\/\"},{\"@type\":\"ListItem\",\"position\":3,\"name\":\"Vera y Victoria\"}]},{\"@type\":\"WebSite\",\"@id\":\"https:\\\/\\\/www.andrefrereditions.com\\\/en\\\/#website\",\"url\":\"https:\\\/\\\/www.andrefrereditions.com\\\/en\\\/\",\"name\":\"Andr\u00e9 Fr\u00e8re \u00c9ditions\",\"description\":\"\u00c9dition ind\u00e9pendante de photographie et d\u2019art\",\"publisher\":{\"@id\":\"https:\\\/\\\/www.andrefrereditions.com\\\/en\\\/#organization\"},\"potentialAction\":[{\"@type\":\"SearchAction\",\"target\":{\"@type\":\"EntryPoint\",\"urlTemplate\":\"https:\\\/\\\/www.andrefrereditions.com\\\/en\\\/?s={search_term_string}\"},\"query-input\":{\"@type\":\"PropertyValueSpecification\",\"valueRequired\":true,\"valueName\":\"search_term_string\"}}],\"inLanguage\":\"en-US\"},{\"@type\":\"Organization\",\"@id\":\"https:\\\/\\\/www.andrefrereditions.com\\\/en\\\/#organization\",\"name\":\"Andr\u00e9 Fr\u00e8re \u00c9ditions\",\"url\":\"https:\\\/\\\/www.andrefrereditions.com\\\/en\\\/\",\"logo\":{\"@type\":\"ImageObject\",\"inLanguage\":\"en-US\",\"@id\":\"https:\\\/\\\/www.andrefrereditions.com\\\/en\\\/#\\\/schema\\\/logo\\\/image\\\/\",\"url\":\"https:\\\/\\\/www.andrefrereditions.com\\\/wp-content\\\/uploads\\\/2014\\\/12\\\/andre-frere-editions-logo.png\",\"contentUrl\":\"https:\\\/\\\/www.andrefrereditions.com\\\/wp-content\\\/uploads\\\/2014\\\/12\\\/andre-frere-editions-logo.png\",\"width\":80,\"height\":79,\"caption\":\"Andr\u00e9 Fr\u00e8re \u00c9ditions\"},\"image\":{\"@id\":\"https:\\\/\\\/www.andrefrereditions.com\\\/en\\\/#\\\/schema\\\/logo\\\/image\\\/\"}}]}<\/script>\n<!-- \/ Yoast SEO plugin. -->","yoast_head_json":{"title":"Vera y Victoria | Andr\u00e9 Fr\u00e8re \u00c9ditions","description":"Vera y Victoria par Mar S\u00e1ez dans la cat\u00e9gorie Photography. Publi\u00e9 par Andr\u00e9 Fr\u00e8re \u00c9ditions.","robots":{"index":"index","follow":"follow","max-snippet":"max-snippet:-1","max-image-preview":"max-image-preview:large","max-video-preview":"max-video-preview:-1"},"canonical":"https:\/\/www.andrefrereditions.com\/en\/books\/photography\/vera-y-victoria\/","og_locale":"en_US","og_type":"article","og_title":"Vera y Victoria | Andr\u00e9 Fr\u00e8re \u00c9ditions","og_description":"Vera y Victoria par Mar S\u00e1ez dans la cat\u00e9gorie Photography. Publi\u00e9 par Andr\u00e9 Fr\u00e8re \u00c9ditions.","og_url":"https:\/\/www.andrefrereditions.com\/en\/books\/photography\/vera-y-victoria\/","og_site_name":"Andr\u00e9 Fr\u00e8re \u00c9ditions","article_modified_time":"2025-06-26T09:12:11+00:00","og_image":[{"width":317,"height":420,"url":"https:\/\/www.andrefrereditions.com\/wp-content\/uploads\/2016\/10\/vera-victoria-mar-saez-andre-frere-editions.jpg","type":"image\/jpeg"}],"twitter_misc":{"Est. reading time":"4 minutes"},"schema":{"@context":"https:\/\/schema.org","@graph":[{"@type":"WebPage","@id":"https:\/\/www.andrefrereditions.com\/en\/books\/photography\/vera-y-victoria\/","url":"https:\/\/www.andrefrereditions.com\/en\/books\/photography\/vera-y-victoria\/","name":"Vera y Victoria | Andr\u00e9 Fr\u00e8re \u00c9ditions","isPartOf":{"@id":"https:\/\/www.andrefrereditions.com\/en\/#website"},"primaryImageOfPage":{"@id":"https:\/\/www.andrefrereditions.com\/en\/books\/photography\/vera-y-victoria\/#primaryimage"},"image":{"@id":"https:\/\/www.andrefrereditions.com\/en\/books\/photography\/vera-y-victoria\/#primaryimage"},"thumbnailUrl":"https:\/\/www.andrefrereditions.com\/wp-content\/uploads\/2016\/10\/vera-victoria-mar-saez-andre-frere-editions.jpg","datePublished":"2016-10-19T22:20:25+00:00","dateModified":"2025-06-26T09:12:11+00:00","description":"Vera y Victoria par Mar S\u00e1ez dans la cat\u00e9gorie Photography. Publi\u00e9 par Andr\u00e9 Fr\u00e8re \u00c9ditions.","breadcrumb":{"@id":"https:\/\/www.andrefrereditions.com\/en\/books\/photography\/vera-y-victoria\/#breadcrumb"},"inLanguage":"en-US","potentialAction":[{"@type":"ReadAction","target":["https:\/\/www.andrefrereditions.com\/en\/books\/photography\/vera-y-victoria\/"]}]},{"@type":"ImageObject","inLanguage":"en-US","@id":"https:\/\/www.andrefrereditions.com\/en\/books\/photography\/vera-y-victoria\/#primaryimage","url":"https:\/\/www.andrefrereditions.com\/wp-content\/uploads\/2016\/10\/vera-victoria-mar-saez-andre-frere-editions.jpg","contentUrl":"https:\/\/www.andrefrereditions.com\/wp-content\/uploads\/2016\/10\/vera-victoria-mar-saez-andre-frere-editions.jpg","width":317,"height":420},{"@type":"BreadcrumbList","@id":"https:\/\/www.andrefrereditions.com\/en\/books\/photography\/vera-y-victoria\/#breadcrumb","itemListElement":[{"@type":"ListItem","position":1,"name":"Home","item":"https:\/\/www.andrefrereditions.com\/en\/"},{"@type":"ListItem","position":2,"name":"Books","item":"https:\/\/www.andrefrereditions.com\/en\/books\/"},{"@type":"ListItem","position":3,"name":"Vera y Victoria"}]},{"@type":"WebSite","@id":"https:\/\/www.andrefrereditions.com\/en\/#website","url":"https:\/\/www.andrefrereditions.com\/en\/","name":"Andr\u00e9 Fr\u00e8re \u00c9ditions","description":"\u00c9dition ind\u00e9pendante de photographie et d\u2019art","publisher":{"@id":"https:\/\/www.andrefrereditions.com\/en\/#organization"},"potentialAction":[{"@type":"SearchAction","target":{"@type":"EntryPoint","urlTemplate":"https:\/\/www.andrefrereditions.com\/en\/?s={search_term_string}"},"query-input":{"@type":"PropertyValueSpecification","valueRequired":true,"valueName":"search_term_string"}}],"inLanguage":"en-US"},{"@type":"Organization","@id":"https:\/\/www.andrefrereditions.com\/en\/#organization","name":"Andr\u00e9 Fr\u00e8re \u00c9ditions","url":"https:\/\/www.andrefrereditions.com\/en\/","logo":{"@type":"ImageObject","inLanguage":"en-US","@id":"https:\/\/www.andrefrereditions.com\/en\/#\/schema\/logo\/image\/","url":"https:\/\/www.andrefrereditions.com\/wp-content\/uploads\/2014\/12\/andre-frere-editions-logo.png","contentUrl":"https:\/\/www.andrefrereditions.com\/wp-content\/uploads\/2014\/12\/andre-frere-editions-logo.png","width":80,"height":79,"caption":"Andr\u00e9 Fr\u00e8re \u00c9ditions"},"image":{"@id":"https:\/\/www.andrefrereditions.com\/en\/#\/schema\/logo\/image\/"}}]}},"_links":{"self":[{"href":"https:\/\/www.andrefrereditions.com\/en\/wp-json\/wp\/v2\/product\/12187","targetHints":{"allow":["GET"]}}],"collection":[{"href":"https:\/\/www.andrefrereditions.com\/en\/wp-json\/wp\/v2\/product"}],"about":[{"href":"https:\/\/www.andrefrereditions.com\/en\/wp-json\/wp\/v2\/types\/product"}],"wp:featuredmedia":[{"embeddable":true,"href":"https:\/\/www.andrefrereditions.com\/en\/wp-json\/wp\/v2\/media\/7174"}],"wp:attachment":[{"href":"https:\/\/www.andrefrereditions.com\/en\/wp-json\/wp\/v2\/media?parent=12187"}],"wp:term":[{"taxonomy":"product_brand","embeddable":true,"href":"https:\/\/www.andrefrereditions.com\/en\/wp-json\/wp\/v2\/product_brand?post=12187"},{"taxonomy":"product_cat","embeddable":true,"href":"https:\/\/www.andrefrereditions.com\/en\/wp-json\/wp\/v2\/product_cat?post=12187"},{"taxonomy":"product_tag","embeddable":true,"href":"https:\/\/www.andrefrereditions.com\/en\/wp-json\/wp\/v2\/product_tag?post=12187"}],"curies":[{"name":"wp","href":"https:\/\/api.w.org\/{rel}","templated":true}]}}