{"id":12753,"date":"2023-11-02T08:00:33","date_gmt":"2023-11-20T09:05:14","guid":{"rendered":"https:\/\/www.andrefrereditions.com\/?post_type=product&#038;p=12753"},"modified":"2025-06-26T11:12:02","modified_gmt":"2025-06-26T09:12:02","slug":"harry-gruyaert","status":"publish","type":"product","link":"https:\/\/www.andrefrereditions.com\/en\/books\/photography\/harry-gruyaert\/","title":{"rendered":"Harry Gruyaert"},"content":{"rendered":"<ul class=\"infos-livre\">\n<li>Collection \u201cJuste entre nous\u201d<\/li>\n<li>Pictures : Harry Gruyaert<\/li>\n<li>Text : Brice Matthieussent, Harry Gruyaert<\/li>\n<li>128 pages<\/li>\n<li>14 x 19 cm<\/li>\n<li>Softcover<\/li>\n<li>32 colour pictures<\/li>\n<li>French<\/li>\n<li>ISBN : 978-2-492696-16-9<\/li>\n<li>20 \u20ac<\/li>\n<\/ul>\n<p>Over the past few decades, Harry Gruyaert has been celebrated as a master of color photography. Born in Antwerp in 1941, his fervor for cinema found a parallel expression in photography, a field in which he carved a distinguished career, notably joining the Magnum agency in 1981.<\/p>\n<h2>limited edition of 40 copies<\/h2>\n<p><strong>Claim your copy of the book signed by Harry Gruyaert and Brice Matthieussent, accompanied by a premium pigment ink print, 10x15cm (image size), numbered and signed by the artist \u2013 \u20ac280.<br \/>\n<\/strong><\/p>\n<p><strong><a class=\"in_page_button\" href=\"\/panier\/?add-to-cart=12753&amp;variation_id=12755&amp;attribute_pa_version=limited-edition&amp;quantity=1\">Add to cart<\/a><\/strong><\/p>\n<p><img loading=\"lazy\" decoding=\"async\" class=\"alignnone size-full wp-image-12683\" src=\"https:\/\/www.andrefrereditions.com\/wp-content\/uploads\/2023\/10\/harry-gruyaert-brice-matthieussent-andre-frere-editions-8.jpg\" alt=\"\" width=\"430\" height=\"287\" srcset=\"https:\/\/www.andrefrereditions.com\/wp-content\/uploads\/2023\/10\/harry-gruyaert-brice-matthieussent-andre-frere-editions-8.jpg 430w, https:\/\/www.andrefrereditions.com\/wp-content\/uploads\/2023\/10\/harry-gruyaert-brice-matthieussent-andre-frere-editions-8-300x200.jpg 300w, https:\/\/www.andrefrereditions.com\/wp-content\/uploads\/2023\/10\/harry-gruyaert-brice-matthieussent-andre-frere-editions-8-420x280.jpg 420w\" sizes=\"auto, (max-width: 430px) 100vw, 430px\" \/><\/p>\n<p><em>\u2014 Belgium. Boom, 1988<\/em><\/p>\n<h2>about the book<\/h2>\n<p>Brice Matthieussent, a writer, critic, and translator, has been a friend and confidant to Harry Gruyaert for nearly forty years.<\/p>\n<p><img loading=\"lazy\" decoding=\"async\" class=\"alignnone size-full wp-image-12673\" src=\"https:\/\/www.andrefrereditions.com\/wp-content\/uploads\/2023\/10\/harry-gruyaert-brice-matthieussent-andre-frere-editions-3.jpg\" alt=\"\" width=\"430\" height=\"287\" srcset=\"https:\/\/www.andrefrereditions.com\/wp-content\/uploads\/2023\/10\/harry-gruyaert-brice-matthieussent-andre-frere-editions-3.jpg 430w, https:\/\/www.andrefrereditions.com\/wp-content\/uploads\/2023\/10\/harry-gruyaert-brice-matthieussent-andre-frere-editions-3-300x200.jpg 300w, https:\/\/www.andrefrereditions.com\/wp-content\/uploads\/2023\/10\/harry-gruyaert-brice-matthieussent-andre-frere-editions-3-420x280.jpg 420w\" sizes=\"auto, (max-width: 430px) 100vw, 430px\" \/><\/p>\n<p>Their bond has given rise to conversations interwoven with vivid memories \u2013 Belgium, both in monochrome and then in color; the exploration of Morocco, India, the United States, Russia, Africa \u2013 peppered with astonishing or heartwarming anecdotes, humor and irony, shared admirations, and above all, the signs of a tenacious energy, a determination to uncover new landscapes, alternative ways of life, and the full potential of the then-uncharted medium of color photography some fifty years ago.<\/p>\n<p><img loading=\"lazy\" decoding=\"async\" class=\"alignnone size-full wp-image-12685\" src=\"https:\/\/www.andrefrereditions.com\/wp-content\/uploads\/2023\/10\/harry-gruyaert-brice-matthieussent-andre-frere-editions-9.jpg\" alt=\"\" width=\"430\" height=\"287\" srcset=\"https:\/\/www.andrefrereditions.com\/wp-content\/uploads\/2023\/10\/harry-gruyaert-brice-matthieussent-andre-frere-editions-9.jpg 430w, https:\/\/www.andrefrereditions.com\/wp-content\/uploads\/2023\/10\/harry-gruyaert-brice-matthieussent-andre-frere-editions-9-300x200.jpg 300w, https:\/\/www.andrefrereditions.com\/wp-content\/uploads\/2023\/10\/harry-gruyaert-brice-matthieussent-andre-frere-editions-9-420x280.jpg 420w\" sizes=\"auto, (max-width: 430px) 100vw, 430px\" \/><\/p>\n<p><img loading=\"lazy\" decoding=\"async\" class=\"alignnone size-full wp-image-12677\" src=\"https:\/\/www.andrefrereditions.com\/wp-content\/uploads\/2023\/10\/harry-gruyaert-brice-matthieussent-andre-frere-editions-5.jpg\" alt=\"\" width=\"430\" height=\"287\" srcset=\"https:\/\/www.andrefrereditions.com\/wp-content\/uploads\/2023\/10\/harry-gruyaert-brice-matthieussent-andre-frere-editions-5.jpg 430w, https:\/\/www.andrefrereditions.com\/wp-content\/uploads\/2023\/10\/harry-gruyaert-brice-matthieussent-andre-frere-editions-5-300x200.jpg 300w, https:\/\/www.andrefrereditions.com\/wp-content\/uploads\/2023\/10\/harry-gruyaert-brice-matthieussent-andre-frere-editions-5-420x280.jpg 420w\" sizes=\"auto, (max-width: 430px) 100vw, 430px\" \/><\/p>\n<p><img loading=\"lazy\" decoding=\"async\" class=\"alignnone size-full wp-image-12679\" src=\"https:\/\/www.andrefrereditions.com\/wp-content\/uploads\/2023\/10\/harry-gruyaert-brice-matthieussent-andre-frere-editions-6.jpg\" alt=\"\" width=\"430\" height=\"287\" srcset=\"https:\/\/www.andrefrereditions.com\/wp-content\/uploads\/2023\/10\/harry-gruyaert-brice-matthieussent-andre-frere-editions-6.jpg 430w, https:\/\/www.andrefrereditions.com\/wp-content\/uploads\/2023\/10\/harry-gruyaert-brice-matthieussent-andre-frere-editions-6-300x200.jpg 300w, https:\/\/www.andrefrereditions.com\/wp-content\/uploads\/2023\/10\/harry-gruyaert-brice-matthieussent-andre-frere-editions-6-420x280.jpg 420w\" sizes=\"auto, (max-width: 430px) 100vw, 430px\" \/><\/p>\n<p>Each chapter dedicated to a country or a photographic practice explored by Harry Gruyaert \u2013 be it fashion, industry, theater, street scenes, landscapes, and beyond \u2013 opens with a nod to one of Gruyaert\u2019s iconic images pertinent to that theme. What follows is a blend of biography with enthralling reflections on the lifelong work of this master colorist and, of course, on the art of his photography.<\/p>\n<p><img loading=\"lazy\" decoding=\"async\" class=\"alignnone size-full wp-image-12689\" src=\"https:\/\/www.andrefrereditions.com\/wp-content\/uploads\/2023\/10\/harry-gruyaert-brice-matthieussent-andre-frere-editions-11.jpg\" alt=\"\" width=\"430\" height=\"287\" srcset=\"https:\/\/www.andrefrereditions.com\/wp-content\/uploads\/2023\/10\/harry-gruyaert-brice-matthieussent-andre-frere-editions-11.jpg 430w, https:\/\/www.andrefrereditions.com\/wp-content\/uploads\/2023\/10\/harry-gruyaert-brice-matthieussent-andre-frere-editions-11-300x200.jpg 300w, https:\/\/www.andrefrereditions.com\/wp-content\/uploads\/2023\/10\/harry-gruyaert-brice-matthieussent-andre-frere-editions-11-420x280.jpg 420w\" sizes=\"auto, (max-width: 430px) 100vw, 430px\" \/><\/p>\n<p>\u201cIt\u2019s like magic&#8230; Harry is Belgian, and, as we know, Belgium is the second home of Surrealism. Harry delights in the grotesque, the absurd, the incongruous. He has an affinity for James Ensor\u2019s grimacing paintings and the melancholy and disquiet found in the works of L\u00e9on Spilliaert. He once took a photo of a Magritte painting being contemplated by a bald man and a woman wearing glasses.<\/p>\n<p><img loading=\"lazy\" decoding=\"async\" class=\"alignnone size-full wp-image-12675\" src=\"https:\/\/www.andrefrereditions.com\/wp-content\/uploads\/2023\/10\/harry-gruyaert-brice-matthieussent-andre-frere-editions-4.jpg\" alt=\"\" width=\"430\" height=\"287\" srcset=\"https:\/\/www.andrefrereditions.com\/wp-content\/uploads\/2023\/10\/harry-gruyaert-brice-matthieussent-andre-frere-editions-4.jpg 430w, https:\/\/www.andrefrereditions.com\/wp-content\/uploads\/2023\/10\/harry-gruyaert-brice-matthieussent-andre-frere-editions-4-300x200.jpg 300w, https:\/\/www.andrefrereditions.com\/wp-content\/uploads\/2023\/10\/harry-gruyaert-brice-matthieussent-andre-frere-editions-4-420x280.jpg 420w\" sizes=\"auto, (max-width: 430px) 100vw, 430px\" \/><\/p>\n<p>I believe I have solved the puzzle: Harry\u2019s photos have the same unsettling effect on me as Ensor and Spilliaert, Magritte and Delvaux, the symbolists and surrealists who sought the magnetic fields celebrated by Andr\u00e9 Breton. My unease stemmed from Belgitude! But here\u2019s the thing: Harry is the most jovial, or as the English say, the most companionable, friend in the world.<\/p>\n<p><img loading=\"lazy\" decoding=\"async\" class=\"alignnone size-full wp-image-12687\" src=\"https:\/\/www.andrefrereditions.com\/wp-content\/uploads\/2023\/10\/harry-gruyaert-brice-matthieussent-andre-frere-editions-10.jpg\" alt=\"\" width=\"430\" height=\"287\" srcset=\"https:\/\/www.andrefrereditions.com\/wp-content\/uploads\/2023\/10\/harry-gruyaert-brice-matthieussent-andre-frere-editions-10.jpg 430w, https:\/\/www.andrefrereditions.com\/wp-content\/uploads\/2023\/10\/harry-gruyaert-brice-matthieussent-andre-frere-editions-10-300x200.jpg 300w, https:\/\/www.andrefrereditions.com\/wp-content\/uploads\/2023\/10\/harry-gruyaert-brice-matthieussent-andre-frere-editions-10-420x280.jpg 420w\" sizes=\"auto, (max-width: 430px) 100vw, 430px\" \/><\/p>\n<p>Warm, polite, and funny, with a penchant for jokes, he is a great storyteller who loves to hear a good yarn\u2026 until he shares some \u2018incredible stroke of chance\u2019 that had just befallen him. And then, I&#8217;m in doubt again: Surrealism suddenly makes the laws of probability implode; this \u2018incredible\u2019 thing that he\u2019d just experienced, it could happen to no one else.<\/p>\n<p><img loading=\"lazy\" decoding=\"async\" class=\"alignnone size-full wp-image-12681\" src=\"https:\/\/www.andrefrereditions.com\/wp-content\/uploads\/2023\/10\/harry-gruyaert-brice-matthieussent-andre-frere-editions-7.jpg\" alt=\"\" width=\"430\" height=\"287\" srcset=\"https:\/\/www.andrefrereditions.com\/wp-content\/uploads\/2023\/10\/harry-gruyaert-brice-matthieussent-andre-frere-editions-7.jpg 430w, https:\/\/www.andrefrereditions.com\/wp-content\/uploads\/2023\/10\/harry-gruyaert-brice-matthieussent-andre-frere-editions-7-300x200.jpg 300w, https:\/\/www.andrefrereditions.com\/wp-content\/uploads\/2023\/10\/harry-gruyaert-brice-matthieussent-andre-frere-editions-7-420x280.jpg 420w\" sizes=\"auto, (max-width: 430px) 100vw, 430px\" \/><\/p>\n<p>The world, with sumptuous colors that he distils into his images, its beguiling, seductive order, begins to unravel, or rather, is quietly subverted, eroded by coincidences that mark Harry Gruyaert\u2019s existence, lacing his bright images with a hint of the uncanny, creating a slight sense of unease that, in my view, gives them their true depth.<\/p>\n<p><img loading=\"lazy\" decoding=\"async\" class=\"alignnone size-full wp-image-12671\" src=\"https:\/\/www.andrefrereditions.com\/wp-content\/uploads\/2023\/10\/harry-gruyaert-brice-matthieussent-andre-frere-editions-2.jpg\" alt=\"\" width=\"430\" height=\"287\" srcset=\"https:\/\/www.andrefrereditions.com\/wp-content\/uploads\/2023\/10\/harry-gruyaert-brice-matthieussent-andre-frere-editions-2.jpg 430w, https:\/\/www.andrefrereditions.com\/wp-content\/uploads\/2023\/10\/harry-gruyaert-brice-matthieussent-andre-frere-editions-2-300x200.jpg 300w, https:\/\/www.andrefrereditions.com\/wp-content\/uploads\/2023\/10\/harry-gruyaert-brice-matthieussent-andre-frere-editions-2-420x280.jpg 420w\" sizes=\"auto, (max-width: 430px) 100vw, 430px\" \/><\/p>\n<p>As Harry puts it: \u2018One must be wary of those who never contradict themselves.\u2019\u201d<br \/>\nBrice Matthieussent, extract.<\/p>\n<p>&nbsp;<\/p>\n","protected":false},"excerpt":{"rendered":"<p>Collection \u201cJuste entre nous\u201d Pictures : Harry Gruyaert Text : Brice Matthieussent, Harry Gruyaert 128 pages 14 x 19 cm Softcover 32 colour pictures French ISBN : 978-2-492696-16-9 20 \u20ac Over the past few decades, Harry Gruyaert has been celebrated as a master of color photography. Born in Antwerp in 1941, his fervor for cinema [&hellip;]<\/p>\n","protected":false},"featured_media":12694,"template":"","meta":[],"product_brand":[],"product_cat":[43,37],"product_tag":[],"class_list":{"0":"post-12753","1":"product","2":"type-product","3":"status-publish","4":"has-post-thumbnail","6":"product_cat-new-books","7":"product_cat-photography","8":"product_shipping_class-c1-en","10":"first","11":"instock","12":"shipping-taxable","13":"purchasable","14":"product-type-variable"},"yoast_head":"<!-- This site is optimized with the Yoast SEO plugin v27.5 - https:\/\/yoast.com\/product\/yoast-seo-wordpress\/ -->\n<title>Harry Gruyaert | Andr\u00e9 Fr\u00e8re \u00c9ditions<\/title>\n<meta name=\"description\" content=\"Harry Gruyaert par Harry Gruyaert dans la cat\u00e9gorie New books, Photography. Publi\u00e9 par Andr\u00e9 Fr\u00e8re \u00c9ditions.\" \/>\n<meta name=\"robots\" content=\"index, follow, max-snippet:-1, max-image-preview:large, max-video-preview:-1\" \/>\n<link rel=\"canonical\" href=\"https:\/\/www.andrefrereditions.com\/en\/books\/photography\/harry-gruyaert\/\" \/>\n<meta property=\"og:locale\" content=\"en_US\" \/>\n<meta property=\"og:type\" content=\"article\" \/>\n<meta property=\"og:title\" content=\"Harry Gruyaert | Andr\u00e9 Fr\u00e8re \u00c9ditions\" \/>\n<meta property=\"og:description\" content=\"Harry Gruyaert par Harry Gruyaert dans la cat\u00e9gorie New books, Photography. Publi\u00e9 par Andr\u00e9 Fr\u00e8re \u00c9ditions.\" \/>\n<meta property=\"og:url\" content=\"https:\/\/www.andrefrereditions.com\/en\/books\/photography\/harry-gruyaert\/\" \/>\n<meta property=\"og:site_name\" content=\"Andr\u00e9 Fr\u00e8re \u00c9ditions\" \/>\n<meta property=\"article:modified_time\" content=\"2025-06-26T09:12:02+00:00\" \/>\n<meta property=\"og:image\" content=\"https:\/\/www.andrefrereditions.com\/wp-content\/uploads\/2023\/10\/harry-gruyaert-brice-matthieussent-andre-frere-editions-1.jpg\" \/>\n\t<meta property=\"og:image:width\" content=\"420\" \/>\n\t<meta property=\"og:image:height\" content=\"570\" \/>\n\t<meta property=\"og:image:type\" content=\"image\/jpeg\" \/>\n<meta name=\"twitter:label1\" content=\"Est. reading time\" \/>\n\t<meta name=\"twitter:data1\" content=\"5 minutes\" \/>\n<script type=\"application\/ld+json\" class=\"yoast-schema-graph\">{\"@context\":\"https:\\\/\\\/schema.org\",\"@graph\":[{\"@type\":\"WebPage\",\"@id\":\"https:\\\/\\\/www.andrefrereditions.com\\\/en\\\/books\\\/photography\\\/harry-gruyaert\\\/\",\"url\":\"https:\\\/\\\/www.andrefrereditions.com\\\/en\\\/books\\\/photography\\\/harry-gruyaert\\\/\",\"name\":\"Harry Gruyaert | Andr\u00e9 Fr\u00e8re \u00c9ditions\",\"isPartOf\":{\"@id\":\"https:\\\/\\\/www.andrefrereditions.com\\\/en\\\/#website\"},\"primaryImageOfPage\":{\"@id\":\"https:\\\/\\\/www.andrefrereditions.com\\\/en\\\/books\\\/photography\\\/harry-gruyaert\\\/#primaryimage\"},\"image\":{\"@id\":\"https:\\\/\\\/www.andrefrereditions.com\\\/en\\\/books\\\/photography\\\/harry-gruyaert\\\/#primaryimage\"},\"thumbnailUrl\":\"https:\\\/\\\/www.andrefrereditions.com\\\/wp-content\\\/uploads\\\/2023\\\/10\\\/harry-gruyaert-brice-matthieussent-andre-frere-editions-1.jpg\",\"datePublished\":\"2023-11-20T09:05:14+00:00\",\"dateModified\":\"2025-06-26T09:12:02+00:00\",\"description\":\"Harry Gruyaert par Harry Gruyaert dans la cat\u00e9gorie New books, Photography. Publi\u00e9 par Andr\u00e9 Fr\u00e8re \u00c9ditions.\",\"breadcrumb\":{\"@id\":\"https:\\\/\\\/www.andrefrereditions.com\\\/en\\\/books\\\/photography\\\/harry-gruyaert\\\/#breadcrumb\"},\"inLanguage\":\"en-US\",\"potentialAction\":[{\"@type\":\"ReadAction\",\"target\":[\"https:\\\/\\\/www.andrefrereditions.com\\\/en\\\/books\\\/photography\\\/harry-gruyaert\\\/\"]}]},{\"@type\":\"ImageObject\",\"inLanguage\":\"en-US\",\"@id\":\"https:\\\/\\\/www.andrefrereditions.com\\\/en\\\/books\\\/photography\\\/harry-gruyaert\\\/#primaryimage\",\"url\":\"https:\\\/\\\/www.andrefrereditions.com\\\/wp-content\\\/uploads\\\/2023\\\/10\\\/harry-gruyaert-brice-matthieussent-andre-frere-editions-1.jpg\",\"contentUrl\":\"https:\\\/\\\/www.andrefrereditions.com\\\/wp-content\\\/uploads\\\/2023\\\/10\\\/harry-gruyaert-brice-matthieussent-andre-frere-editions-1.jpg\",\"width\":420,\"height\":570},{\"@type\":\"BreadcrumbList\",\"@id\":\"https:\\\/\\\/www.andrefrereditions.com\\\/en\\\/books\\\/photography\\\/harry-gruyaert\\\/#breadcrumb\",\"itemListElement\":[{\"@type\":\"ListItem\",\"position\":1,\"name\":\"Home\",\"item\":\"https:\\\/\\\/www.andrefrereditions.com\\\/en\\\/\"},{\"@type\":\"ListItem\",\"position\":2,\"name\":\"Books\",\"item\":\"https:\\\/\\\/www.andrefrereditions.com\\\/en\\\/books\\\/\"},{\"@type\":\"ListItem\",\"position\":3,\"name\":\"Harry Gruyaert\"}]},{\"@type\":\"WebSite\",\"@id\":\"https:\\\/\\\/www.andrefrereditions.com\\\/en\\\/#website\",\"url\":\"https:\\\/\\\/www.andrefrereditions.com\\\/en\\\/\",\"name\":\"Andr\u00e9 Fr\u00e8re \u00c9ditions\",\"description\":\"\u00c9dition ind\u00e9pendante de photographie et d\u2019art\",\"publisher\":{\"@id\":\"https:\\\/\\\/www.andrefrereditions.com\\\/en\\\/#organization\"},\"potentialAction\":[{\"@type\":\"SearchAction\",\"target\":{\"@type\":\"EntryPoint\",\"urlTemplate\":\"https:\\\/\\\/www.andrefrereditions.com\\\/en\\\/?s={search_term_string}\"},\"query-input\":{\"@type\":\"PropertyValueSpecification\",\"valueRequired\":true,\"valueName\":\"search_term_string\"}}],\"inLanguage\":\"en-US\"},{\"@type\":\"Organization\",\"@id\":\"https:\\\/\\\/www.andrefrereditions.com\\\/en\\\/#organization\",\"name\":\"Andr\u00e9 Fr\u00e8re \u00c9ditions\",\"url\":\"https:\\\/\\\/www.andrefrereditions.com\\\/en\\\/\",\"logo\":{\"@type\":\"ImageObject\",\"inLanguage\":\"en-US\",\"@id\":\"https:\\\/\\\/www.andrefrereditions.com\\\/en\\\/#\\\/schema\\\/logo\\\/image\\\/\",\"url\":\"https:\\\/\\\/www.andrefrereditions.com\\\/wp-content\\\/uploads\\\/2014\\\/12\\\/andre-frere-editions-logo.png\",\"contentUrl\":\"https:\\\/\\\/www.andrefrereditions.com\\\/wp-content\\\/uploads\\\/2014\\\/12\\\/andre-frere-editions-logo.png\",\"width\":80,\"height\":79,\"caption\":\"Andr\u00e9 Fr\u00e8re \u00c9ditions\"},\"image\":{\"@id\":\"https:\\\/\\\/www.andrefrereditions.com\\\/en\\\/#\\\/schema\\\/logo\\\/image\\\/\"}}]}<\/script>\n<!-- \/ Yoast SEO plugin. -->","yoast_head_json":{"title":"Harry Gruyaert | Andr\u00e9 Fr\u00e8re \u00c9ditions","description":"Harry Gruyaert par Harry Gruyaert dans la cat\u00e9gorie New books, Photography. Publi\u00e9 par Andr\u00e9 Fr\u00e8re \u00c9ditions.","robots":{"index":"index","follow":"follow","max-snippet":"max-snippet:-1","max-image-preview":"max-image-preview:large","max-video-preview":"max-video-preview:-1"},"canonical":"https:\/\/www.andrefrereditions.com\/en\/books\/photography\/harry-gruyaert\/","og_locale":"en_US","og_type":"article","og_title":"Harry Gruyaert | Andr\u00e9 Fr\u00e8re \u00c9ditions","og_description":"Harry Gruyaert par Harry Gruyaert dans la cat\u00e9gorie New books, Photography. Publi\u00e9 par Andr\u00e9 Fr\u00e8re \u00c9ditions.","og_url":"https:\/\/www.andrefrereditions.com\/en\/books\/photography\/harry-gruyaert\/","og_site_name":"Andr\u00e9 Fr\u00e8re \u00c9ditions","article_modified_time":"2025-06-26T09:12:02+00:00","og_image":[{"width":420,"height":570,"url":"https:\/\/www.andrefrereditions.com\/wp-content\/uploads\/2023\/10\/harry-gruyaert-brice-matthieussent-andre-frere-editions-1.jpg","type":"image\/jpeg"}],"twitter_misc":{"Est. reading time":"5 minutes"},"schema":{"@context":"https:\/\/schema.org","@graph":[{"@type":"WebPage","@id":"https:\/\/www.andrefrereditions.com\/en\/books\/photography\/harry-gruyaert\/","url":"https:\/\/www.andrefrereditions.com\/en\/books\/photography\/harry-gruyaert\/","name":"Harry Gruyaert | Andr\u00e9 Fr\u00e8re \u00c9ditions","isPartOf":{"@id":"https:\/\/www.andrefrereditions.com\/en\/#website"},"primaryImageOfPage":{"@id":"https:\/\/www.andrefrereditions.com\/en\/books\/photography\/harry-gruyaert\/#primaryimage"},"image":{"@id":"https:\/\/www.andrefrereditions.com\/en\/books\/photography\/harry-gruyaert\/#primaryimage"},"thumbnailUrl":"https:\/\/www.andrefrereditions.com\/wp-content\/uploads\/2023\/10\/harry-gruyaert-brice-matthieussent-andre-frere-editions-1.jpg","datePublished":"2023-11-20T09:05:14+00:00","dateModified":"2025-06-26T09:12:02+00:00","description":"Harry Gruyaert par Harry Gruyaert dans la cat\u00e9gorie New books, Photography. Publi\u00e9 par Andr\u00e9 Fr\u00e8re \u00c9ditions.","breadcrumb":{"@id":"https:\/\/www.andrefrereditions.com\/en\/books\/photography\/harry-gruyaert\/#breadcrumb"},"inLanguage":"en-US","potentialAction":[{"@type":"ReadAction","target":["https:\/\/www.andrefrereditions.com\/en\/books\/photography\/harry-gruyaert\/"]}]},{"@type":"ImageObject","inLanguage":"en-US","@id":"https:\/\/www.andrefrereditions.com\/en\/books\/photography\/harry-gruyaert\/#primaryimage","url":"https:\/\/www.andrefrereditions.com\/wp-content\/uploads\/2023\/10\/harry-gruyaert-brice-matthieussent-andre-frere-editions-1.jpg","contentUrl":"https:\/\/www.andrefrereditions.com\/wp-content\/uploads\/2023\/10\/harry-gruyaert-brice-matthieussent-andre-frere-editions-1.jpg","width":420,"height":570},{"@type":"BreadcrumbList","@id":"https:\/\/www.andrefrereditions.com\/en\/books\/photography\/harry-gruyaert\/#breadcrumb","itemListElement":[{"@type":"ListItem","position":1,"name":"Home","item":"https:\/\/www.andrefrereditions.com\/en\/"},{"@type":"ListItem","position":2,"name":"Books","item":"https:\/\/www.andrefrereditions.com\/en\/books\/"},{"@type":"ListItem","position":3,"name":"Harry Gruyaert"}]},{"@type":"WebSite","@id":"https:\/\/www.andrefrereditions.com\/en\/#website","url":"https:\/\/www.andrefrereditions.com\/en\/","name":"Andr\u00e9 Fr\u00e8re \u00c9ditions","description":"\u00c9dition ind\u00e9pendante de photographie et d\u2019art","publisher":{"@id":"https:\/\/www.andrefrereditions.com\/en\/#organization"},"potentialAction":[{"@type":"SearchAction","target":{"@type":"EntryPoint","urlTemplate":"https:\/\/www.andrefrereditions.com\/en\/?s={search_term_string}"},"query-input":{"@type":"PropertyValueSpecification","valueRequired":true,"valueName":"search_term_string"}}],"inLanguage":"en-US"},{"@type":"Organization","@id":"https:\/\/www.andrefrereditions.com\/en\/#organization","name":"Andr\u00e9 Fr\u00e8re \u00c9ditions","url":"https:\/\/www.andrefrereditions.com\/en\/","logo":{"@type":"ImageObject","inLanguage":"en-US","@id":"https:\/\/www.andrefrereditions.com\/en\/#\/schema\/logo\/image\/","url":"https:\/\/www.andrefrereditions.com\/wp-content\/uploads\/2014\/12\/andre-frere-editions-logo.png","contentUrl":"https:\/\/www.andrefrereditions.com\/wp-content\/uploads\/2014\/12\/andre-frere-editions-logo.png","width":80,"height":79,"caption":"Andr\u00e9 Fr\u00e8re \u00c9ditions"},"image":{"@id":"https:\/\/www.andrefrereditions.com\/en\/#\/schema\/logo\/image\/"}}]}},"_links":{"self":[{"href":"https:\/\/www.andrefrereditions.com\/en\/wp-json\/wp\/v2\/product\/12753","targetHints":{"allow":["GET"]}}],"collection":[{"href":"https:\/\/www.andrefrereditions.com\/en\/wp-json\/wp\/v2\/product"}],"about":[{"href":"https:\/\/www.andrefrereditions.com\/en\/wp-json\/wp\/v2\/types\/product"}],"wp:featuredmedia":[{"embeddable":true,"href":"https:\/\/www.andrefrereditions.com\/en\/wp-json\/wp\/v2\/media\/12694"}],"wp:attachment":[{"href":"https:\/\/www.andrefrereditions.com\/en\/wp-json\/wp\/v2\/media?parent=12753"}],"wp:term":[{"taxonomy":"product_brand","embeddable":true,"href":"https:\/\/www.andrefrereditions.com\/en\/wp-json\/wp\/v2\/product_brand?post=12753"},{"taxonomy":"product_cat","embeddable":true,"href":"https:\/\/www.andrefrereditions.com\/en\/wp-json\/wp\/v2\/product_cat?post=12753"},{"taxonomy":"product_tag","embeddable":true,"href":"https:\/\/www.andrefrereditions.com\/en\/wp-json\/wp\/v2\/product_tag?post=12753"}],"curies":[{"name":"wp","href":"https:\/\/api.w.org\/{rel}","templated":true}]}}