{"id":13329,"date":"2024-11-05T15:44:52","date_gmt":"2024-11-05T14:44:52","guid":{"rendered":"https:\/\/www.andrefrereditions.com\/?post_type=product&#038;p=13329"},"modified":"2025-11-13T15:21:43","modified_gmt":"2025-11-13T14:21:43","slug":"trashissima","status":"publish","type":"product","link":"https:\/\/www.andrefrereditions.com\/en\/books\/photography\/trashissima\/","title":{"rendered":"Trashissima"},"content":{"rendered":"<ul class=\"infos-livre\">\n<li>In Bookshops on April 2025, 10th<\/li>\n<li>Photographs: Kourtney Roy<\/li>\n<li>Design: Kakkalaki<\/li>\n<li>12 color photographs<\/li>\n<li>48 pages<\/li>\n<li>13,5 x 18 cm<\/li>\n<li>Leporello, vinyl cover<\/li>\n<li>French\/english<\/li>\n<li>\u20ac39 \u2014\u00a0 \u20ac400<\/li>\n<\/ul>\n<p><em>Trashissima<\/em> is comprised of photos made during various vacations in Italy in 2024.<\/p>\n<p>\u201cItaly is like a colossal, extravagant cinema set. Everything from the pillars of classical antiquity to the most vulgar and sleazy of dives can be found within this wonderful country.<\/p>\n<p><img loading=\"lazy\" decoding=\"async\" class=\"alignnone size-full wp-image-13319\" src=\"https:\/\/www.andrefrereditions.com\/wp-content\/uploads\/2024\/11\/trashissima-kourtney-roy-andre-frere-editions-7.jpg\" alt=\"\" width=\"430\" height=\"287\" srcset=\"https:\/\/www.andrefrereditions.com\/wp-content\/uploads\/2024\/11\/trashissima-kourtney-roy-andre-frere-editions-7.jpg 430w, https:\/\/www.andrefrereditions.com\/wp-content\/uploads\/2024\/11\/trashissima-kourtney-roy-andre-frere-editions-7-300x200.jpg 300w, https:\/\/www.andrefrereditions.com\/wp-content\/uploads\/2024\/11\/trashissima-kourtney-roy-andre-frere-editions-7-420x280.jpg 420w\" sizes=\"auto, (max-width: 430px) 100vw, 430px\" \/><\/p>\n<p>I like to take advantage of this cinematic grandeur to stage my photos.<\/p>\n<p><img loading=\"lazy\" decoding=\"async\" class=\"alignnone size-full wp-image-13307\" src=\"https:\/\/www.andrefrereditions.com\/wp-content\/uploads\/2024\/11\/trashissima-kourtney-roy-andre-frere-editions-1.jpg\" alt=\"\" width=\"430\" height=\"287\" srcset=\"https:\/\/www.andrefrereditions.com\/wp-content\/uploads\/2024\/11\/trashissima-kourtney-roy-andre-frere-editions-1.jpg 430w, https:\/\/www.andrefrereditions.com\/wp-content\/uploads\/2024\/11\/trashissima-kourtney-roy-andre-frere-editions-1-300x200.jpg 300w, https:\/\/www.andrefrereditions.com\/wp-content\/uploads\/2024\/11\/trashissima-kourtney-roy-andre-frere-editions-1-420x280.jpg 420w\" sizes=\"auto, (max-width: 430px) 100vw, 430px\" \/><\/p>\n<p>When I travel there I always go with a few wigs, a couple of pairs of garish stockings, some random slutty clothes and a cheap, lightweight tripod.<\/p>\n<p><img loading=\"lazy\" decoding=\"async\" class=\"alignnone size-full wp-image-13313\" src=\"https:\/\/www.andrefrereditions.com\/wp-content\/uploads\/2024\/11\/trashissima-kourtney-roy-andre-frere-editions-4.jpg\" alt=\"\" width=\"430\" height=\"287\" srcset=\"https:\/\/www.andrefrereditions.com\/wp-content\/uploads\/2024\/11\/trashissima-kourtney-roy-andre-frere-editions-4.jpg 430w, https:\/\/www.andrefrereditions.com\/wp-content\/uploads\/2024\/11\/trashissima-kourtney-roy-andre-frere-editions-4-300x200.jpg 300w, https:\/\/www.andrefrereditions.com\/wp-content\/uploads\/2024\/11\/trashissima-kourtney-roy-andre-frere-editions-4-420x280.jpg 420w\" sizes=\"auto, (max-width: 430px) 100vw, 430px\" \/><\/p>\n<p>It needs to be as convenient and hassle free as possible.<\/p>\n<p><img loading=\"lazy\" decoding=\"async\" class=\"alignnone size-full wp-image-13311\" src=\"https:\/\/www.andrefrereditions.com\/wp-content\/uploads\/2024\/11\/trashissima-kourtney-roy-andre-frere-editions-3.jpg\" alt=\"\" width=\"430\" height=\"287\" srcset=\"https:\/\/www.andrefrereditions.com\/wp-content\/uploads\/2024\/11\/trashissima-kourtney-roy-andre-frere-editions-3.jpg 430w, https:\/\/www.andrefrereditions.com\/wp-content\/uploads\/2024\/11\/trashissima-kourtney-roy-andre-frere-editions-3-300x200.jpg 300w, https:\/\/www.andrefrereditions.com\/wp-content\/uploads\/2024\/11\/trashissima-kourtney-roy-andre-frere-editions-3-420x280.jpg 420w\" sizes=\"auto, (max-width: 430px) 100vw, 430px\" \/><\/p>\n<p>Nothing is planned in advance, I find the locations on the fly, using the existing landscape and decors as background to portray various crude and sleazy characters.\u201d<\/p>\n<h2>A limited edition of 30 copies<\/h2>\n<p>Order your book signed by Kourtney Roy + a 13 x 18 cm print numbered from 1 to 30 and signed, Photo Pigmentary (Fine Art) print on Canson Baryta Prestige \u2014 <strong>\u20ac215<\/strong><br \/>\n<strong><a class=\"in_page_button\" href=\"\/?page_id=67&amp;add-to-cart=13329&amp;variation_id=13332&amp;attribute_pa_version=limited-edition&amp;quantity=1\">Add to cart<\/a><\/strong><\/p>\n<p><img loading=\"lazy\" decoding=\"async\" class=\"alignnone size-full wp-image-13315\" src=\"https:\/\/www.andrefrereditions.com\/wp-content\/uploads\/2024\/11\/trashissima-kourtney-roy-andre-frere-editions-5.jpg\" alt=\"\" width=\"430\" height=\"644\" srcset=\"https:\/\/www.andrefrereditions.com\/wp-content\/uploads\/2024\/11\/trashissima-kourtney-roy-andre-frere-editions-5.jpg 430w, https:\/\/www.andrefrereditions.com\/wp-content\/uploads\/2024\/11\/trashissima-kourtney-roy-andre-frere-editions-5-200x300.jpg 200w, https:\/\/www.andrefrereditions.com\/wp-content\/uploads\/2024\/11\/trashissima-kourtney-roy-andre-frere-editions-5-420x629.jpg 420w\" sizes=\"auto, (max-width: 430px) 100vw, 430px\" \/><\/p>\n<h2>One of 3 head prints available<\/h2>\n<p>Order your book signed by Kourtney Roy + a 13 x 18 cm print, numbered from 1 to 7 and signed by the author, Photo Pigmentary (Fine Art) print on Canson Baryta Prestige \u2014 <strong>\u20ac400<\/strong><strong><br \/>\n<\/strong><\/p>\n<p><strong>N\u00b01<\/strong> <strong><a class=\"in_page_button\" href=\"\/?page_id=67&amp;add-to-cart=13329&amp;variation_id=13333&amp;attribute_pa_version=special-edition-1&amp;quantity=1\">Add to cart<\/a><\/strong><\/p>\n<p><img loading=\"lazy\" decoding=\"async\" class=\"alignnone size-full wp-image-13317\" src=\"https:\/\/www.andrefrereditions.com\/wp-content\/uploads\/2024\/11\/trashissima-kourtney-roy-andre-frere-editions-6.jpg\" alt=\"\" width=\"430\" height=\"287\" srcset=\"https:\/\/www.andrefrereditions.com\/wp-content\/uploads\/2024\/11\/trashissima-kourtney-roy-andre-frere-editions-6.jpg 430w, https:\/\/www.andrefrereditions.com\/wp-content\/uploads\/2024\/11\/trashissima-kourtney-roy-andre-frere-editions-6-300x200.jpg 300w, https:\/\/www.andrefrereditions.com\/wp-content\/uploads\/2024\/11\/trashissima-kourtney-roy-andre-frere-editions-6-420x280.jpg 420w\" sizes=\"auto, (max-width: 430px) 100vw, 430px\" \/><\/p>\n<p><strong>N\u00b02<\/strong> <strong><a class=\"in_page_button\" href=\"\/?page_id=67&amp;add-to-cart=13329&amp;variation_id=13334&amp;attribute_pa_version=special-edition-2&amp;quantity=1\">Add to cart<\/a><\/strong><\/p>\n<p><img loading=\"lazy\" decoding=\"async\" class=\"alignnone size-full wp-image-13321\" src=\"https:\/\/www.andrefrereditions.com\/wp-content\/uploads\/2024\/11\/trashissima-kourtney-roy-andre-frere-editions-8.jpg\" alt=\"\" width=\"430\" height=\"287\" srcset=\"https:\/\/www.andrefrereditions.com\/wp-content\/uploads\/2024\/11\/trashissima-kourtney-roy-andre-frere-editions-8.jpg 430w, https:\/\/www.andrefrereditions.com\/wp-content\/uploads\/2024\/11\/trashissima-kourtney-roy-andre-frere-editions-8-300x200.jpg 300w, https:\/\/www.andrefrereditions.com\/wp-content\/uploads\/2024\/11\/trashissima-kourtney-roy-andre-frere-editions-8-420x280.jpg 420w\" sizes=\"auto, (max-width: 430px) 100vw, 430px\" \/><\/p>\n<p><strong>N\u00b03<\/strong> <strong><a class=\"in_page_button\" href=\"\/?page_id=67&amp;add-to-cart=13329&amp;variation_id=13335&amp;attribute_pa_version=special-edition-3&amp;quantity=1\">Add to cart<\/a><\/strong><\/p>\n<p><img loading=\"lazy\" decoding=\"async\" class=\"alignnone size-full wp-image-13309\" src=\"https:\/\/www.andrefrereditions.com\/wp-content\/uploads\/2024\/11\/trashissima-kourtney-roy-andre-frere-editions-2.jpg\" alt=\"\" width=\"430\" height=\"644\" srcset=\"https:\/\/www.andrefrereditions.com\/wp-content\/uploads\/2024\/11\/trashissima-kourtney-roy-andre-frere-editions-2.jpg 430w, https:\/\/www.andrefrereditions.com\/wp-content\/uploads\/2024\/11\/trashissima-kourtney-roy-andre-frere-editions-2-200x300.jpg 200w, https:\/\/www.andrefrereditions.com\/wp-content\/uploads\/2024\/11\/trashissima-kourtney-roy-andre-frere-editions-2-420x629.jpg 420w\" sizes=\"auto, (max-width: 430px) 100vw, 430px\" \/><\/p>\n","protected":false},"excerpt":{"rendered":"<p>In Bookshops on April 2025, 10th Photographs: Kourtney Roy Design: Kakkalaki 12 color photographs 48 pages 13,5 x 18 cm Leporello, vinyl cover French\/english \u20ac39 \u2014\u00a0 \u20ac400 Trashissima is comprised of photos made during various vacations in Italy in 2024. \u201cItaly is like a colossal, extravagant cinema set. Everything from the pillars of classical antiquity [&hellip;]<\/p>\n","protected":false},"featured_media":13304,"template":"","meta":[],"product_brand":[],"product_cat":[37],"product_tag":[],"class_list":{"0":"post-13329","1":"product","2":"type-product","3":"status-publish","4":"has-post-thumbnail","6":"product_cat-photography","7":"product_shipping_class-c1-en","9":"first","10":"instock","11":"shipping-taxable","12":"purchasable","13":"product-type-variable"},"yoast_head":"<!-- This site is optimized with the Yoast SEO plugin v27.4 - https:\/\/yoast.com\/product\/yoast-seo-wordpress\/ -->\n<title>Trashissima | Andr\u00e9 Fr\u00e8re \u00c9ditions<\/title>\n<meta name=\"description\" content=\"Trashissima par Kourtney Roy dans la cat\u00e9gorie Photography. Publi\u00e9 par Andr\u00e9 Fr\u00e8re \u00c9ditions.\" \/>\n<meta name=\"robots\" content=\"index, follow, max-snippet:-1, max-image-preview:large, max-video-preview:-1\" \/>\n<link rel=\"canonical\" href=\"https:\/\/www.andrefrereditions.com\/en\/books\/photography\/trashissima\/\" \/>\n<meta property=\"og:locale\" content=\"en_US\" \/>\n<meta property=\"og:type\" content=\"article\" \/>\n<meta property=\"og:title\" content=\"Trashissima | Andr\u00e9 Fr\u00e8re \u00c9ditions\" \/>\n<meta property=\"og:description\" content=\"Trashissima par Kourtney Roy dans la cat\u00e9gorie Photography. Publi\u00e9 par Andr\u00e9 Fr\u00e8re \u00c9ditions.\" \/>\n<meta property=\"og:url\" content=\"https:\/\/www.andrefrereditions.com\/en\/books\/photography\/trashissima\/\" \/>\n<meta property=\"og:site_name\" content=\"Andr\u00e9 Fr\u00e8re \u00c9ditions\" \/>\n<meta property=\"article:modified_time\" content=\"2025-11-13T14:21:43+00:00\" \/>\n<meta property=\"og:image\" content=\"https:\/\/www.andrefrereditions.com\/wp-content\/uploads\/2024\/11\/trashissima-kourtney-roy-andre-frere-editions.jpg\" \/>\n\t<meta property=\"og:image:width\" content=\"420\" \/>\n\t<meta property=\"og:image:height\" content=\"554\" \/>\n\t<meta property=\"og:image:type\" content=\"image\/jpeg\" \/>\n<meta name=\"twitter:label1\" content=\"Est. reading time\" \/>\n\t<meta name=\"twitter:data1\" content=\"4 minutes\" \/>\n<script type=\"application\/ld+json\" class=\"yoast-schema-graph\">{\"@context\":\"https:\\\/\\\/schema.org\",\"@graph\":[{\"@type\":\"WebPage\",\"@id\":\"https:\\\/\\\/www.andrefrereditions.com\\\/en\\\/books\\\/photography\\\/trashissima\\\/\",\"url\":\"https:\\\/\\\/www.andrefrereditions.com\\\/en\\\/books\\\/photography\\\/trashissima\\\/\",\"name\":\"Trashissima | Andr\u00e9 Fr\u00e8re \u00c9ditions\",\"isPartOf\":{\"@id\":\"https:\\\/\\\/www.andrefrereditions.com\\\/en\\\/#website\"},\"primaryImageOfPage\":{\"@id\":\"https:\\\/\\\/www.andrefrereditions.com\\\/en\\\/books\\\/photography\\\/trashissima\\\/#primaryimage\"},\"image\":{\"@id\":\"https:\\\/\\\/www.andrefrereditions.com\\\/en\\\/books\\\/photography\\\/trashissima\\\/#primaryimage\"},\"thumbnailUrl\":\"https:\\\/\\\/www.andrefrereditions.com\\\/wp-content\\\/uploads\\\/2024\\\/11\\\/trashissima-kourtney-roy-andre-frere-editions.jpg\",\"datePublished\":\"2024-11-05T14:44:52+00:00\",\"dateModified\":\"2025-11-13T14:21:43+00:00\",\"description\":\"Trashissima par Kourtney Roy dans la cat\u00e9gorie Photography. Publi\u00e9 par Andr\u00e9 Fr\u00e8re \u00c9ditions.\",\"breadcrumb\":{\"@id\":\"https:\\\/\\\/www.andrefrereditions.com\\\/en\\\/books\\\/photography\\\/trashissima\\\/#breadcrumb\"},\"inLanguage\":\"en-US\",\"potentialAction\":[{\"@type\":\"ReadAction\",\"target\":[\"https:\\\/\\\/www.andrefrereditions.com\\\/en\\\/books\\\/photography\\\/trashissima\\\/\"]}]},{\"@type\":\"ImageObject\",\"inLanguage\":\"en-US\",\"@id\":\"https:\\\/\\\/www.andrefrereditions.com\\\/en\\\/books\\\/photography\\\/trashissima\\\/#primaryimage\",\"url\":\"https:\\\/\\\/www.andrefrereditions.com\\\/wp-content\\\/uploads\\\/2024\\\/11\\\/trashissima-kourtney-roy-andre-frere-editions.jpg\",\"contentUrl\":\"https:\\\/\\\/www.andrefrereditions.com\\\/wp-content\\\/uploads\\\/2024\\\/11\\\/trashissima-kourtney-roy-andre-frere-editions.jpg\",\"width\":420,\"height\":554},{\"@type\":\"BreadcrumbList\",\"@id\":\"https:\\\/\\\/www.andrefrereditions.com\\\/en\\\/books\\\/photography\\\/trashissima\\\/#breadcrumb\",\"itemListElement\":[{\"@type\":\"ListItem\",\"position\":1,\"name\":\"Home\",\"item\":\"https:\\\/\\\/www.andrefrereditions.com\\\/en\\\/\"},{\"@type\":\"ListItem\",\"position\":2,\"name\":\"Books\",\"item\":\"https:\\\/\\\/www.andrefrereditions.com\\\/en\\\/books\\\/\"},{\"@type\":\"ListItem\",\"position\":3,\"name\":\"Trashissima\"}]},{\"@type\":\"WebSite\",\"@id\":\"https:\\\/\\\/www.andrefrereditions.com\\\/en\\\/#website\",\"url\":\"https:\\\/\\\/www.andrefrereditions.com\\\/en\\\/\",\"name\":\"Andr\u00e9 Fr\u00e8re \u00c9ditions\",\"description\":\"\u00c9dition ind\u00e9pendante de photographie et d\u2019art\",\"publisher\":{\"@id\":\"https:\\\/\\\/www.andrefrereditions.com\\\/en\\\/#organization\"},\"potentialAction\":[{\"@type\":\"SearchAction\",\"target\":{\"@type\":\"EntryPoint\",\"urlTemplate\":\"https:\\\/\\\/www.andrefrereditions.com\\\/en\\\/?s={search_term_string}\"},\"query-input\":{\"@type\":\"PropertyValueSpecification\",\"valueRequired\":true,\"valueName\":\"search_term_string\"}}],\"inLanguage\":\"en-US\"},{\"@type\":\"Organization\",\"@id\":\"https:\\\/\\\/www.andrefrereditions.com\\\/en\\\/#organization\",\"name\":\"Andr\u00e9 Fr\u00e8re \u00c9ditions\",\"url\":\"https:\\\/\\\/www.andrefrereditions.com\\\/en\\\/\",\"logo\":{\"@type\":\"ImageObject\",\"inLanguage\":\"en-US\",\"@id\":\"https:\\\/\\\/www.andrefrereditions.com\\\/en\\\/#\\\/schema\\\/logo\\\/image\\\/\",\"url\":\"https:\\\/\\\/www.andrefrereditions.com\\\/wp-content\\\/uploads\\\/2014\\\/12\\\/andre-frere-editions-logo.png\",\"contentUrl\":\"https:\\\/\\\/www.andrefrereditions.com\\\/wp-content\\\/uploads\\\/2014\\\/12\\\/andre-frere-editions-logo.png\",\"width\":80,\"height\":79,\"caption\":\"Andr\u00e9 Fr\u00e8re \u00c9ditions\"},\"image\":{\"@id\":\"https:\\\/\\\/www.andrefrereditions.com\\\/en\\\/#\\\/schema\\\/logo\\\/image\\\/\"}}]}<\/script>\n<!-- \/ Yoast SEO plugin. -->","yoast_head_json":{"title":"Trashissima | Andr\u00e9 Fr\u00e8re \u00c9ditions","description":"Trashissima par Kourtney Roy dans la cat\u00e9gorie Photography. Publi\u00e9 par Andr\u00e9 Fr\u00e8re \u00c9ditions.","robots":{"index":"index","follow":"follow","max-snippet":"max-snippet:-1","max-image-preview":"max-image-preview:large","max-video-preview":"max-video-preview:-1"},"canonical":"https:\/\/www.andrefrereditions.com\/en\/books\/photography\/trashissima\/","og_locale":"en_US","og_type":"article","og_title":"Trashissima | Andr\u00e9 Fr\u00e8re \u00c9ditions","og_description":"Trashissima par Kourtney Roy dans la cat\u00e9gorie Photography. Publi\u00e9 par Andr\u00e9 Fr\u00e8re \u00c9ditions.","og_url":"https:\/\/www.andrefrereditions.com\/en\/books\/photography\/trashissima\/","og_site_name":"Andr\u00e9 Fr\u00e8re \u00c9ditions","article_modified_time":"2025-11-13T14:21:43+00:00","og_image":[{"width":420,"height":554,"url":"https:\/\/www.andrefrereditions.com\/wp-content\/uploads\/2024\/11\/trashissima-kourtney-roy-andre-frere-editions.jpg","type":"image\/jpeg"}],"twitter_misc":{"Est. reading time":"4 minutes"},"schema":{"@context":"https:\/\/schema.org","@graph":[{"@type":"WebPage","@id":"https:\/\/www.andrefrereditions.com\/en\/books\/photography\/trashissima\/","url":"https:\/\/www.andrefrereditions.com\/en\/books\/photography\/trashissima\/","name":"Trashissima | Andr\u00e9 Fr\u00e8re \u00c9ditions","isPartOf":{"@id":"https:\/\/www.andrefrereditions.com\/en\/#website"},"primaryImageOfPage":{"@id":"https:\/\/www.andrefrereditions.com\/en\/books\/photography\/trashissima\/#primaryimage"},"image":{"@id":"https:\/\/www.andrefrereditions.com\/en\/books\/photography\/trashissima\/#primaryimage"},"thumbnailUrl":"https:\/\/www.andrefrereditions.com\/wp-content\/uploads\/2024\/11\/trashissima-kourtney-roy-andre-frere-editions.jpg","datePublished":"2024-11-05T14:44:52+00:00","dateModified":"2025-11-13T14:21:43+00:00","description":"Trashissima par Kourtney Roy dans la cat\u00e9gorie Photography. Publi\u00e9 par Andr\u00e9 Fr\u00e8re \u00c9ditions.","breadcrumb":{"@id":"https:\/\/www.andrefrereditions.com\/en\/books\/photography\/trashissima\/#breadcrumb"},"inLanguage":"en-US","potentialAction":[{"@type":"ReadAction","target":["https:\/\/www.andrefrereditions.com\/en\/books\/photography\/trashissima\/"]}]},{"@type":"ImageObject","inLanguage":"en-US","@id":"https:\/\/www.andrefrereditions.com\/en\/books\/photography\/trashissima\/#primaryimage","url":"https:\/\/www.andrefrereditions.com\/wp-content\/uploads\/2024\/11\/trashissima-kourtney-roy-andre-frere-editions.jpg","contentUrl":"https:\/\/www.andrefrereditions.com\/wp-content\/uploads\/2024\/11\/trashissima-kourtney-roy-andre-frere-editions.jpg","width":420,"height":554},{"@type":"BreadcrumbList","@id":"https:\/\/www.andrefrereditions.com\/en\/books\/photography\/trashissima\/#breadcrumb","itemListElement":[{"@type":"ListItem","position":1,"name":"Home","item":"https:\/\/www.andrefrereditions.com\/en\/"},{"@type":"ListItem","position":2,"name":"Books","item":"https:\/\/www.andrefrereditions.com\/en\/books\/"},{"@type":"ListItem","position":3,"name":"Trashissima"}]},{"@type":"WebSite","@id":"https:\/\/www.andrefrereditions.com\/en\/#website","url":"https:\/\/www.andrefrereditions.com\/en\/","name":"Andr\u00e9 Fr\u00e8re \u00c9ditions","description":"\u00c9dition ind\u00e9pendante de photographie et d\u2019art","publisher":{"@id":"https:\/\/www.andrefrereditions.com\/en\/#organization"},"potentialAction":[{"@type":"SearchAction","target":{"@type":"EntryPoint","urlTemplate":"https:\/\/www.andrefrereditions.com\/en\/?s={search_term_string}"},"query-input":{"@type":"PropertyValueSpecification","valueRequired":true,"valueName":"search_term_string"}}],"inLanguage":"en-US"},{"@type":"Organization","@id":"https:\/\/www.andrefrereditions.com\/en\/#organization","name":"Andr\u00e9 Fr\u00e8re \u00c9ditions","url":"https:\/\/www.andrefrereditions.com\/en\/","logo":{"@type":"ImageObject","inLanguage":"en-US","@id":"https:\/\/www.andrefrereditions.com\/en\/#\/schema\/logo\/image\/","url":"https:\/\/www.andrefrereditions.com\/wp-content\/uploads\/2014\/12\/andre-frere-editions-logo.png","contentUrl":"https:\/\/www.andrefrereditions.com\/wp-content\/uploads\/2014\/12\/andre-frere-editions-logo.png","width":80,"height":79,"caption":"Andr\u00e9 Fr\u00e8re \u00c9ditions"},"image":{"@id":"https:\/\/www.andrefrereditions.com\/en\/#\/schema\/logo\/image\/"}}]}},"_links":{"self":[{"href":"https:\/\/www.andrefrereditions.com\/en\/wp-json\/wp\/v2\/product\/13329","targetHints":{"allow":["GET"]}}],"collection":[{"href":"https:\/\/www.andrefrereditions.com\/en\/wp-json\/wp\/v2\/product"}],"about":[{"href":"https:\/\/www.andrefrereditions.com\/en\/wp-json\/wp\/v2\/types\/product"}],"wp:featuredmedia":[{"embeddable":true,"href":"https:\/\/www.andrefrereditions.com\/en\/wp-json\/wp\/v2\/media\/13304"}],"wp:attachment":[{"href":"https:\/\/www.andrefrereditions.com\/en\/wp-json\/wp\/v2\/media?parent=13329"}],"wp:term":[{"taxonomy":"product_brand","embeddable":true,"href":"https:\/\/www.andrefrereditions.com\/en\/wp-json\/wp\/v2\/product_brand?post=13329"},{"taxonomy":"product_cat","embeddable":true,"href":"https:\/\/www.andrefrereditions.com\/en\/wp-json\/wp\/v2\/product_cat?post=13329"},{"taxonomy":"product_tag","embeddable":true,"href":"https:\/\/www.andrefrereditions.com\/en\/wp-json\/wp\/v2\/product_tag?post=13329"}],"curies":[{"name":"wp","href":"https:\/\/api.w.org\/{rel}","templated":true}]}}