{"id":13475,"date":"2025-01-22T16:38:52","date_gmt":"2025-01-22T15:42:49","guid":{"rendered":"https:\/\/www.andrefrereditions.com\/?post_type=product&#038;p=13475"},"modified":"2025-06-26T11:19:08","modified_gmt":"2025-06-26T09:19:08","slug":"solid-maze","status":"publish","type":"product","link":"https:\/\/www.andrefrereditions.com\/en\/books\/photography\/solid-maze\/","title":{"rendered":"Solid Maze"},"content":{"rendered":"<ul class=\"infos-livre\">\n<li>Photographs: Piotr Zbierski<\/li>\n<li>Texts: Piotr Zbierski<\/li>\n<li>Design: Piotr Zbierski \/ 19R<\/li>\n<li>French Translation: Cl\u00e9ment Paradis<\/li>\n<li>160 Pages<\/li>\n<li>330 x 220 mm<\/li>\n<li>Soft Cover<\/li>\n<li>40 color pictures and 100 black and white pictures<\/li>\n<li>French and English<\/li>\n<li>\u20ac49<\/li>\n<\/ul>\n<p>Based on an intuitive, surreal narration the photographic series of Piotr\u00a0Zbierski are constantly asking questions on relationships between nature and culture, between memory and narration, as\u00a0well as between experience and story telling.<\/p>\n<p><img loading=\"lazy\" decoding=\"async\" class=\"alignnone size-full wp-image-13463\" src=\"https:\/\/www.andrefrereditions.com\/wp-content\/uploads\/2025\/01\/solid-maze-piotr-zbierski-andre-frere-editions-3.jpg\" alt=\"\" width=\"430\" height=\"287\" srcset=\"https:\/\/www.andrefrereditions.com\/wp-content\/uploads\/2025\/01\/solid-maze-piotr-zbierski-andre-frere-editions-3.jpg 430w, https:\/\/www.andrefrereditions.com\/wp-content\/uploads\/2025\/01\/solid-maze-piotr-zbierski-andre-frere-editions-3-300x200.jpg 300w, https:\/\/www.andrefrereditions.com\/wp-content\/uploads\/2025\/01\/solid-maze-piotr-zbierski-andre-frere-editions-3-420x280.jpg 420w\" sizes=\"auto, (max-width: 430px) 100vw, 430px\" \/><\/p>\n<p>His photography pay also a tribute to the ceremonies and rituals of different communities where traditions are connecting the material reality and a wider spiritual understanding of the world. The works, very poetics and full of pure emotions, invites to meditation by plumbing the depths of the human soul and the mysteries of life and death.<\/p>\n<p><img loading=\"lazy\" decoding=\"async\" class=\"alignnone size-full wp-image-13467\" src=\"https:\/\/www.andrefrereditions.com\/wp-content\/uploads\/2025\/01\/solid-maze-piotr-zbierski-andre-frere-editions-5.jpg\" alt=\"\" width=\"430\" height=\"430\" srcset=\"https:\/\/www.andrefrereditions.com\/wp-content\/uploads\/2025\/01\/solid-maze-piotr-zbierski-andre-frere-editions-5.jpg 430w, https:\/\/www.andrefrereditions.com\/wp-content\/uploads\/2025\/01\/solid-maze-piotr-zbierski-andre-frere-editions-5-300x300.jpg 300w, https:\/\/www.andrefrereditions.com\/wp-content\/uploads\/2025\/01\/solid-maze-piotr-zbierski-andre-frere-editions-5-420x420.jpg 420w, https:\/\/www.andrefrereditions.com\/wp-content\/uploads\/2025\/01\/solid-maze-piotr-zbierski-andre-frere-editions-5-100x100.jpg 100w\" sizes=\"auto, (max-width: 430px) 100vw, 430px\" \/><\/p>\n<p>\u201cNowadays more and more I think of photography as the river, on which both banks one stays simultaneously. The stories are on the first shore \u2013 well-constructed, thoughtful, intentional narratives enclosed in the form of books, exhibitions &#8211; in layouts to be seen. The spoken anecdotes, chemistry of emotions, edition works, knowledge and feelings.<\/p>\n<p><img loading=\"lazy\" decoding=\"async\" class=\"alignnone size-full wp-image-13469\" src=\"https:\/\/www.andrefrereditions.com\/wp-content\/uploads\/2025\/01\/solid-maze-piotr-zbierski-andre-frere-editions-6.jpg\" alt=\"\" width=\"430\" height=\"287\" srcset=\"https:\/\/www.andrefrereditions.com\/wp-content\/uploads\/2025\/01\/solid-maze-piotr-zbierski-andre-frere-editions-6.jpg 430w, https:\/\/www.andrefrereditions.com\/wp-content\/uploads\/2025\/01\/solid-maze-piotr-zbierski-andre-frere-editions-6-300x200.jpg 300w, https:\/\/www.andrefrereditions.com\/wp-content\/uploads\/2025\/01\/solid-maze-piotr-zbierski-andre-frere-editions-6-420x280.jpg 420w\" sizes=\"auto, (max-width: 430px) 100vw, 430px\" \/><\/p>\n<p>But on the other bank there is a storehouse of photographic negatives and contact sheets. The whole thing together with emotional and factual memory. A solid maze of all possibilities and all that\u2019s left untold. Here the story is open-ended, like the act of speaking, which only here has the chance to become similar to hearing.<\/p>\n<p><img loading=\"lazy\" decoding=\"async\" class=\"alignnone size-full wp-image-13471\" src=\"https:\/\/www.andrefrereditions.com\/wp-content\/uploads\/2025\/01\/solid-maze-piotr-zbierski-andre-frere-editions-7.jpg\" alt=\"\" width=\"430\" height=\"429\" srcset=\"https:\/\/www.andrefrereditions.com\/wp-content\/uploads\/2025\/01\/solid-maze-piotr-zbierski-andre-frere-editions-7.jpg 430w, https:\/\/www.andrefrereditions.com\/wp-content\/uploads\/2025\/01\/solid-maze-piotr-zbierski-andre-frere-editions-7-300x300.jpg 300w, https:\/\/www.andrefrereditions.com\/wp-content\/uploads\/2025\/01\/solid-maze-piotr-zbierski-andre-frere-editions-7-420x419.jpg 420w, https:\/\/www.andrefrereditions.com\/wp-content\/uploads\/2025\/01\/solid-maze-piotr-zbierski-andre-frere-editions-7-100x100.jpg 100w\" sizes=\"auto, (max-width: 430px) 100vw, 430px\" \/><\/p>\n<p>Moreover, on the second shore photography is no longer only about love and sincerity, but also about time. This natural location seems to be no longer an intentional story, but rather the possibility. And maybe the closest one I know to visit the real past events and present longings and fantasies. \u00a0The possibility to dance with it.\u201d<\/p>\n<p><img loading=\"lazy\" decoding=\"async\" class=\"alignnone size-full wp-image-13465\" src=\"https:\/\/www.andrefrereditions.com\/wp-content\/uploads\/2025\/01\/solid-maze-piotr-zbierski-andre-frere-editions-4.jpg\" alt=\"\" width=\"430\" height=\"306\" srcset=\"https:\/\/www.andrefrereditions.com\/wp-content\/uploads\/2025\/01\/solid-maze-piotr-zbierski-andre-frere-editions-4.jpg 430w, https:\/\/www.andrefrereditions.com\/wp-content\/uploads\/2025\/01\/solid-maze-piotr-zbierski-andre-frere-editions-4-300x213.jpg 300w, https:\/\/www.andrefrereditions.com\/wp-content\/uploads\/2025\/01\/solid-maze-piotr-zbierski-andre-frere-editions-4-420x299.jpg 420w\" sizes=\"auto, (max-width: 430px) 100vw, 430px\" \/><\/p>\n<p>&nbsp;<\/p>\n<p>There are no words or pictures here that stay motionless in fact.<br \/>\nThey rearrange themselves like things on a shelves.<br \/>\nYear by year, from everyday life to the passage of time.<\/p>\n<p>I wish I could imagine their alternative axes.<br \/>\nNot really sure if they stay still, while flowing with river current.<br \/>\nPerhaps both. Time proves it doesn\u2019t really matter.<\/p>\n<p>But I can say I shiver sometimes imagining going out of that river,<br \/>\nFeeling the morning breeze<br \/>\nin still motionless mouths and faces.<\/p>\n<p>Unknown what can survive on paper,<br \/>\nwith probable eddies and floods.<br \/>\nMaybe they must leave to be saved.<br \/>\nThe time shapes the space, parallel to the memory selfgrowth.<\/p>\n<p>Let\u2019s give the words some time to learn how to dance.<br \/>\nTango that would be danced like salsa,<br \/>\nthat would be danced like rumba,<br \/>\nthat would be tapped by the ones who could wish<br \/>\nTo set on fire the Tower of Babel<br \/>\nwith the feelings dancing.<\/p>\n<p>Piotr Zbierski, 2024.<\/p>\n<p><img loading=\"lazy\" decoding=\"async\" class=\"alignnone size-full wp-image-13459\" src=\"https:\/\/www.andrefrereditions.com\/wp-content\/uploads\/2025\/01\/solid-maze-piotr-zbierski-andre-frere-editions-1.jpg\" alt=\"\" width=\"430\" height=\"286\" srcset=\"https:\/\/www.andrefrereditions.com\/wp-content\/uploads\/2025\/01\/solid-maze-piotr-zbierski-andre-frere-editions-1.jpg 430w, https:\/\/www.andrefrereditions.com\/wp-content\/uploads\/2025\/01\/solid-maze-piotr-zbierski-andre-frere-editions-1-300x200.jpg 300w, https:\/\/www.andrefrereditions.com\/wp-content\/uploads\/2025\/01\/solid-maze-piotr-zbierski-andre-frere-editions-1-420x279.jpg 420w\" sizes=\"auto, (max-width: 430px) 100vw, 430px\" \/><\/p>\n<p class=\"bio-auteur\">Piotr Zbierski (b. 1987) studied photography at National Film School in Lodz Poland, where he earn PhD\u00a0 degree in 2021. He presented his works in many countries like France, Poland, Germany, Portugal, Russia, Slovakia. As well as magazines (Shots Magazine, Ninja Mag, Archivo Zine, Die Nacht, Gup Magazine). In 2012 he won the prestigious prize for young photographer Leica Oscar Barnack Newcomer Award for his series \u201cPass by me\u201d. His works has been shown at festival in Arles 2012, 2022 and are in collection of Kiyosato Museum of Photographic Arts and Mus\u00e9e de l&#8217;\u00c9lys\u00e9e. In 2016 he published his first book titled \u201cPush the Sky Away\u201d \u2014 the triptych of three series that he worked on in last nine years. In 2020 he published his second book called \u201cEchoes Shades\u201d.<\/p>\n<p><img loading=\"lazy\" decoding=\"async\" class=\"alignnone size-full wp-image-13461\" src=\"https:\/\/www.andrefrereditions.com\/wp-content\/uploads\/2025\/01\/solid-maze-piotr-zbierski-andre-frere-editions-2.jpg\" alt=\"\" width=\"430\" height=\"430\" srcset=\"https:\/\/www.andrefrereditions.com\/wp-content\/uploads\/2025\/01\/solid-maze-piotr-zbierski-andre-frere-editions-2.jpg 430w, https:\/\/www.andrefrereditions.com\/wp-content\/uploads\/2025\/01\/solid-maze-piotr-zbierski-andre-frere-editions-2-300x300.jpg 300w, https:\/\/www.andrefrereditions.com\/wp-content\/uploads\/2025\/01\/solid-maze-piotr-zbierski-andre-frere-editions-2-420x420.jpg 420w, https:\/\/www.andrefrereditions.com\/wp-content\/uploads\/2025\/01\/solid-maze-piotr-zbierski-andre-frere-editions-2-100x100.jpg 100w\" sizes=\"auto, (max-width: 430px) 100vw, 430px\" \/><\/p>\n","protected":false},"excerpt":{"rendered":"<p>Photographs: Piotr Zbierski Texts: Piotr Zbierski Design: Piotr Zbierski \/ 19R French Translation: Cl\u00e9ment Paradis 160 Pages 330 x 220 mm Soft Cover 40 color pictures and 100 black and white pictures French and English \u20ac49 Based on an intuitive, surreal narration the photographic series of Piotr\u00a0Zbierski are constantly asking questions on relationships between nature [&hellip;]<\/p>\n","protected":false},"featured_media":13474,"template":"","meta":[],"product_brand":[],"product_cat":[37],"product_tag":[],"class_list":{"0":"post-13475","1":"product","2":"type-product","3":"status-publish","4":"has-post-thumbnail","6":"product_cat-photography","7":"product_shipping_class-c3-en","9":"first","10":"instock","11":"shipping-taxable","12":"purchasable","13":"product-type-simple"},"yoast_head":"<!-- This site is optimized with the Yoast SEO plugin v27.4 - https:\/\/yoast.com\/product\/yoast-seo-wordpress\/ -->\n<title>Solid Maze | Andr\u00e9 Fr\u00e8re \u00c9ditions<\/title>\n<meta name=\"description\" content=\"Solid Maze par Piotr Zbierski dans la cat\u00e9gorie Photography. Publi\u00e9 par Andr\u00e9 Fr\u00e8re \u00c9ditions.\" \/>\n<meta name=\"robots\" content=\"index, follow, max-snippet:-1, max-image-preview:large, max-video-preview:-1\" \/>\n<link rel=\"canonical\" href=\"https:\/\/www.andrefrereditions.com\/en\/books\/photography\/solid-maze\/\" \/>\n<meta property=\"og:locale\" content=\"en_US\" \/>\n<meta property=\"og:type\" content=\"article\" \/>\n<meta property=\"og:title\" content=\"Solid Maze | Andr\u00e9 Fr\u00e8re \u00c9ditions\" \/>\n<meta property=\"og:description\" content=\"Solid Maze par Piotr Zbierski dans la cat\u00e9gorie Photography. Publi\u00e9 par Andr\u00e9 Fr\u00e8re \u00c9ditions.\" \/>\n<meta property=\"og:url\" content=\"https:\/\/www.andrefrereditions.com\/en\/books\/photography\/solid-maze\/\" \/>\n<meta property=\"og:site_name\" content=\"Andr\u00e9 Fr\u00e8re \u00c9ditions\" \/>\n<meta property=\"article:modified_time\" content=\"2025-06-26T09:19:08+00:00\" \/>\n<meta property=\"og:image\" content=\"https:\/\/www.andrefrereditions.com\/wp-content\/uploads\/2025\/01\/solid-maze-piotr-zbierski-andre-frere-editions.jpg\" \/>\n\t<meta property=\"og:image:width\" content=\"420\" \/>\n\t<meta property=\"og:image:height\" content=\"578\" \/>\n\t<meta property=\"og:image:type\" content=\"image\/jpeg\" \/>\n<meta name=\"twitter:label1\" content=\"Est. reading time\" \/>\n\t<meta name=\"twitter:data1\" content=\"5 minutes\" \/>\n<script type=\"application\/ld+json\" class=\"yoast-schema-graph\">{\"@context\":\"https:\\\/\\\/schema.org\",\"@graph\":[{\"@type\":\"WebPage\",\"@id\":\"https:\\\/\\\/www.andrefrereditions.com\\\/en\\\/books\\\/photography\\\/solid-maze\\\/\",\"url\":\"https:\\\/\\\/www.andrefrereditions.com\\\/en\\\/books\\\/photography\\\/solid-maze\\\/\",\"name\":\"Solid Maze | Andr\u00e9 Fr\u00e8re \u00c9ditions\",\"isPartOf\":{\"@id\":\"https:\\\/\\\/www.andrefrereditions.com\\\/en\\\/#website\"},\"primaryImageOfPage\":{\"@id\":\"https:\\\/\\\/www.andrefrereditions.com\\\/en\\\/books\\\/photography\\\/solid-maze\\\/#primaryimage\"},\"image\":{\"@id\":\"https:\\\/\\\/www.andrefrereditions.com\\\/en\\\/books\\\/photography\\\/solid-maze\\\/#primaryimage\"},\"thumbnailUrl\":\"https:\\\/\\\/www.andrefrereditions.com\\\/wp-content\\\/uploads\\\/2025\\\/01\\\/solid-maze-piotr-zbierski-andre-frere-editions.jpg\",\"datePublished\":\"2025-01-22T15:42:49+00:00\",\"dateModified\":\"2025-06-26T09:19:08+00:00\",\"description\":\"Solid Maze par Piotr Zbierski dans la cat\u00e9gorie Photography. Publi\u00e9 par Andr\u00e9 Fr\u00e8re \u00c9ditions.\",\"breadcrumb\":{\"@id\":\"https:\\\/\\\/www.andrefrereditions.com\\\/en\\\/books\\\/photography\\\/solid-maze\\\/#breadcrumb\"},\"inLanguage\":\"en-US\",\"potentialAction\":[{\"@type\":\"ReadAction\",\"target\":[\"https:\\\/\\\/www.andrefrereditions.com\\\/en\\\/books\\\/photography\\\/solid-maze\\\/\"]}]},{\"@type\":\"ImageObject\",\"inLanguage\":\"en-US\",\"@id\":\"https:\\\/\\\/www.andrefrereditions.com\\\/en\\\/books\\\/photography\\\/solid-maze\\\/#primaryimage\",\"url\":\"https:\\\/\\\/www.andrefrereditions.com\\\/wp-content\\\/uploads\\\/2025\\\/01\\\/solid-maze-piotr-zbierski-andre-frere-editions.jpg\",\"contentUrl\":\"https:\\\/\\\/www.andrefrereditions.com\\\/wp-content\\\/uploads\\\/2025\\\/01\\\/solid-maze-piotr-zbierski-andre-frere-editions.jpg\",\"width\":420,\"height\":578},{\"@type\":\"BreadcrumbList\",\"@id\":\"https:\\\/\\\/www.andrefrereditions.com\\\/en\\\/books\\\/photography\\\/solid-maze\\\/#breadcrumb\",\"itemListElement\":[{\"@type\":\"ListItem\",\"position\":1,\"name\":\"Home\",\"item\":\"https:\\\/\\\/www.andrefrereditions.com\\\/en\\\/\"},{\"@type\":\"ListItem\",\"position\":2,\"name\":\"Books\",\"item\":\"https:\\\/\\\/www.andrefrereditions.com\\\/en\\\/books\\\/\"},{\"@type\":\"ListItem\",\"position\":3,\"name\":\"Solid Maze\"}]},{\"@type\":\"WebSite\",\"@id\":\"https:\\\/\\\/www.andrefrereditions.com\\\/en\\\/#website\",\"url\":\"https:\\\/\\\/www.andrefrereditions.com\\\/en\\\/\",\"name\":\"Andr\u00e9 Fr\u00e8re \u00c9ditions\",\"description\":\"\u00c9dition ind\u00e9pendante de photographie et d\u2019art\",\"publisher\":{\"@id\":\"https:\\\/\\\/www.andrefrereditions.com\\\/en\\\/#organization\"},\"potentialAction\":[{\"@type\":\"SearchAction\",\"target\":{\"@type\":\"EntryPoint\",\"urlTemplate\":\"https:\\\/\\\/www.andrefrereditions.com\\\/en\\\/?s={search_term_string}\"},\"query-input\":{\"@type\":\"PropertyValueSpecification\",\"valueRequired\":true,\"valueName\":\"search_term_string\"}}],\"inLanguage\":\"en-US\"},{\"@type\":\"Organization\",\"@id\":\"https:\\\/\\\/www.andrefrereditions.com\\\/en\\\/#organization\",\"name\":\"Andr\u00e9 Fr\u00e8re \u00c9ditions\",\"url\":\"https:\\\/\\\/www.andrefrereditions.com\\\/en\\\/\",\"logo\":{\"@type\":\"ImageObject\",\"inLanguage\":\"en-US\",\"@id\":\"https:\\\/\\\/www.andrefrereditions.com\\\/en\\\/#\\\/schema\\\/logo\\\/image\\\/\",\"url\":\"https:\\\/\\\/www.andrefrereditions.com\\\/wp-content\\\/uploads\\\/2014\\\/12\\\/andre-frere-editions-logo.png\",\"contentUrl\":\"https:\\\/\\\/www.andrefrereditions.com\\\/wp-content\\\/uploads\\\/2014\\\/12\\\/andre-frere-editions-logo.png\",\"width\":80,\"height\":79,\"caption\":\"Andr\u00e9 Fr\u00e8re \u00c9ditions\"},\"image\":{\"@id\":\"https:\\\/\\\/www.andrefrereditions.com\\\/en\\\/#\\\/schema\\\/logo\\\/image\\\/\"}}]}<\/script>\n<!-- \/ Yoast SEO plugin. -->","yoast_head_json":{"title":"Solid Maze | Andr\u00e9 Fr\u00e8re \u00c9ditions","description":"Solid Maze par Piotr Zbierski dans la cat\u00e9gorie Photography. Publi\u00e9 par Andr\u00e9 Fr\u00e8re \u00c9ditions.","robots":{"index":"index","follow":"follow","max-snippet":"max-snippet:-1","max-image-preview":"max-image-preview:large","max-video-preview":"max-video-preview:-1"},"canonical":"https:\/\/www.andrefrereditions.com\/en\/books\/photography\/solid-maze\/","og_locale":"en_US","og_type":"article","og_title":"Solid Maze | Andr\u00e9 Fr\u00e8re \u00c9ditions","og_description":"Solid Maze par Piotr Zbierski dans la cat\u00e9gorie Photography. Publi\u00e9 par Andr\u00e9 Fr\u00e8re \u00c9ditions.","og_url":"https:\/\/www.andrefrereditions.com\/en\/books\/photography\/solid-maze\/","og_site_name":"Andr\u00e9 Fr\u00e8re \u00c9ditions","article_modified_time":"2025-06-26T09:19:08+00:00","og_image":[{"width":420,"height":578,"url":"https:\/\/www.andrefrereditions.com\/wp-content\/uploads\/2025\/01\/solid-maze-piotr-zbierski-andre-frere-editions.jpg","type":"image\/jpeg"}],"twitter_misc":{"Est. reading time":"5 minutes"},"schema":{"@context":"https:\/\/schema.org","@graph":[{"@type":"WebPage","@id":"https:\/\/www.andrefrereditions.com\/en\/books\/photography\/solid-maze\/","url":"https:\/\/www.andrefrereditions.com\/en\/books\/photography\/solid-maze\/","name":"Solid Maze | Andr\u00e9 Fr\u00e8re \u00c9ditions","isPartOf":{"@id":"https:\/\/www.andrefrereditions.com\/en\/#website"},"primaryImageOfPage":{"@id":"https:\/\/www.andrefrereditions.com\/en\/books\/photography\/solid-maze\/#primaryimage"},"image":{"@id":"https:\/\/www.andrefrereditions.com\/en\/books\/photography\/solid-maze\/#primaryimage"},"thumbnailUrl":"https:\/\/www.andrefrereditions.com\/wp-content\/uploads\/2025\/01\/solid-maze-piotr-zbierski-andre-frere-editions.jpg","datePublished":"2025-01-22T15:42:49+00:00","dateModified":"2025-06-26T09:19:08+00:00","description":"Solid Maze par Piotr Zbierski dans la cat\u00e9gorie Photography. Publi\u00e9 par Andr\u00e9 Fr\u00e8re \u00c9ditions.","breadcrumb":{"@id":"https:\/\/www.andrefrereditions.com\/en\/books\/photography\/solid-maze\/#breadcrumb"},"inLanguage":"en-US","potentialAction":[{"@type":"ReadAction","target":["https:\/\/www.andrefrereditions.com\/en\/books\/photography\/solid-maze\/"]}]},{"@type":"ImageObject","inLanguage":"en-US","@id":"https:\/\/www.andrefrereditions.com\/en\/books\/photography\/solid-maze\/#primaryimage","url":"https:\/\/www.andrefrereditions.com\/wp-content\/uploads\/2025\/01\/solid-maze-piotr-zbierski-andre-frere-editions.jpg","contentUrl":"https:\/\/www.andrefrereditions.com\/wp-content\/uploads\/2025\/01\/solid-maze-piotr-zbierski-andre-frere-editions.jpg","width":420,"height":578},{"@type":"BreadcrumbList","@id":"https:\/\/www.andrefrereditions.com\/en\/books\/photography\/solid-maze\/#breadcrumb","itemListElement":[{"@type":"ListItem","position":1,"name":"Home","item":"https:\/\/www.andrefrereditions.com\/en\/"},{"@type":"ListItem","position":2,"name":"Books","item":"https:\/\/www.andrefrereditions.com\/en\/books\/"},{"@type":"ListItem","position":3,"name":"Solid Maze"}]},{"@type":"WebSite","@id":"https:\/\/www.andrefrereditions.com\/en\/#website","url":"https:\/\/www.andrefrereditions.com\/en\/","name":"Andr\u00e9 Fr\u00e8re \u00c9ditions","description":"\u00c9dition ind\u00e9pendante de photographie et d\u2019art","publisher":{"@id":"https:\/\/www.andrefrereditions.com\/en\/#organization"},"potentialAction":[{"@type":"SearchAction","target":{"@type":"EntryPoint","urlTemplate":"https:\/\/www.andrefrereditions.com\/en\/?s={search_term_string}"},"query-input":{"@type":"PropertyValueSpecification","valueRequired":true,"valueName":"search_term_string"}}],"inLanguage":"en-US"},{"@type":"Organization","@id":"https:\/\/www.andrefrereditions.com\/en\/#organization","name":"Andr\u00e9 Fr\u00e8re \u00c9ditions","url":"https:\/\/www.andrefrereditions.com\/en\/","logo":{"@type":"ImageObject","inLanguage":"en-US","@id":"https:\/\/www.andrefrereditions.com\/en\/#\/schema\/logo\/image\/","url":"https:\/\/www.andrefrereditions.com\/wp-content\/uploads\/2014\/12\/andre-frere-editions-logo.png","contentUrl":"https:\/\/www.andrefrereditions.com\/wp-content\/uploads\/2014\/12\/andre-frere-editions-logo.png","width":80,"height":79,"caption":"Andr\u00e9 Fr\u00e8re \u00c9ditions"},"image":{"@id":"https:\/\/www.andrefrereditions.com\/en\/#\/schema\/logo\/image\/"}}]}},"_links":{"self":[{"href":"https:\/\/www.andrefrereditions.com\/en\/wp-json\/wp\/v2\/product\/13475","targetHints":{"allow":["GET"]}}],"collection":[{"href":"https:\/\/www.andrefrereditions.com\/en\/wp-json\/wp\/v2\/product"}],"about":[{"href":"https:\/\/www.andrefrereditions.com\/en\/wp-json\/wp\/v2\/types\/product"}],"wp:featuredmedia":[{"embeddable":true,"href":"https:\/\/www.andrefrereditions.com\/en\/wp-json\/wp\/v2\/media\/13474"}],"wp:attachment":[{"href":"https:\/\/www.andrefrereditions.com\/en\/wp-json\/wp\/v2\/media?parent=13475"}],"wp:term":[{"taxonomy":"product_brand","embeddable":true,"href":"https:\/\/www.andrefrereditions.com\/en\/wp-json\/wp\/v2\/product_brand?post=13475"},{"taxonomy":"product_cat","embeddable":true,"href":"https:\/\/www.andrefrereditions.com\/en\/wp-json\/wp\/v2\/product_cat?post=13475"},{"taxonomy":"product_tag","embeddable":true,"href":"https:\/\/www.andrefrereditions.com\/en\/wp-json\/wp\/v2\/product_tag?post=13475"}],"curies":[{"name":"wp","href":"https:\/\/api.w.org\/{rel}","templated":true}]}}