{"id":14057,"date":"2026-02-16T15:04:58","date_gmt":"2026-02-16T14:04:58","guid":{"rendered":"https:\/\/www.andrefrereditions.com\/?post_type=product&#038;p=14057"},"modified":"2026-03-03T18:30:57","modified_gmt":"2026-03-03T17:30:57","slug":"100-days-of-war","status":"publish","type":"product","link":"https:\/\/www.andrefrereditions.com\/en\/books\/to-be-released\/100-days-of-war\/","title":{"rendered":"100 Days Of War"},"content":{"rendered":"<ul class=\"infos-livre\">\n<li>Photographs: Igor Chekachkov<\/li>\n<li>Texts: Igor Chekachkov<\/li>\n<li>Design: Kakkalaki<\/li>\n<li>206 color photographs<\/li>\n<li>304 pages<\/li>\n<li>13 x 21 cm<\/li>\n<li>Soft cover<\/li>\n<li>English\/French<\/li>\n<li>ISBN: 978-2-492696-29-9<\/li>\n<li><strong>\u20ac50<\/strong>\u00a0<del>\u20ac<\/del><del>55<\/del><\/li>\n<li>\u2192 The books will be sent out at the beginning of May 2026.<\/li>\n<li>\u2192 You can <strong>pick up your order directly at our stand<\/strong> in Arles in early July 2026 or in early November during Paris Photo 2026.<br \/>\n\u2022 Add the version of the book you would like on this page, then select the \u201cPoint of Sale\u201d option on the cart page when placing your order.<br \/>\n\u2022 We will then contact you to confirm your choices.<\/li>\n<li>This book was supported by the R\u00e9gion Sud &#8211; Provence-Alpes-C\u00f4te-d&#8217;Azur<\/li>\n<\/ul>\n<h2>Pre-sale<\/h2>\n<p>Until april 23, 2026<br \/>\nReceive your book signed by the artist!<br \/>\n<strong>\u20ac50<\/strong> <del>\u20ac<\/del><del>55<\/del><\/p>\n<p><img loading=\"lazy\" decoding=\"async\" class=\"alignnone size-full wp-image-14071\" src=\"https:\/\/www.andrefrereditions.com\/wp-content\/uploads\/2026\/02\/100-days-of-war-Igor-chekachkov-andrefrereditions-11.jpg\" alt=\"\" width=\"430\" height=\"287\" srcset=\"https:\/\/www.andrefrereditions.com\/wp-content\/uploads\/2026\/02\/100-days-of-war-Igor-chekachkov-andrefrereditions-11.jpg 430w, https:\/\/www.andrefrereditions.com\/wp-content\/uploads\/2026\/02\/100-days-of-war-Igor-chekachkov-andrefrereditions-11-300x200.jpg 300w, https:\/\/www.andrefrereditions.com\/wp-content\/uploads\/2026\/02\/100-days-of-war-Igor-chekachkov-andrefrereditions-11-420x280.jpg 420w\" sizes=\"auto, (max-width: 430px) 100vw, 430px\" \/><br \/>\n<strong><a class=\"in_page_button\" href=\"\/?page_id=67&amp;add-to-cart=14057&amp;variation_id=14058&amp;attribute_pa_version=simple-book&amp;quantity=1\">Add to cart<\/a><\/strong><\/p>\n<p>When Russia invaded Ukraine in February 2022, I was forced to leave my hometown, Kharkiv, and go to the west of the country.<\/p>\n<p><img loading=\"lazy\" decoding=\"async\" class=\"alignnone size-full wp-image-14051\" src=\"https:\/\/www.andrefrereditions.com\/wp-content\/uploads\/2026\/02\/100-days-of-war-Igor-chekachkov-andrefrereditions-9.jpg\" alt=\"\" width=\"430\" height=\"287\" srcset=\"https:\/\/www.andrefrereditions.com\/wp-content\/uploads\/2026\/02\/100-days-of-war-Igor-chekachkov-andrefrereditions-9.jpg 430w, https:\/\/www.andrefrereditions.com\/wp-content\/uploads\/2026\/02\/100-days-of-war-Igor-chekachkov-andrefrereditions-9-300x200.jpg 300w, https:\/\/www.andrefrereditions.com\/wp-content\/uploads\/2026\/02\/100-days-of-war-Igor-chekachkov-andrefrereditions-9-420x280.jpg 420w\" sizes=\"auto, (max-width: 430px) 100vw, 430px\" \/><\/p>\n<p>Aware that the war is well documented by many photographers and media outlets, I decided to seek out new forms through which to depict the aftermath of the invasion. That is how the \u201c100 Days of War\u201d project came about.<\/p>\n<p><img loading=\"lazy\" decoding=\"async\" class=\"alignnone size-full wp-image-14049\" src=\"https:\/\/www.andrefrereditions.com\/wp-content\/uploads\/2026\/02\/100-days-of-war-Igor-chekachkov-andrefrereditions-8.jpg\" alt=\"\" width=\"430\" height=\"287\" srcset=\"https:\/\/www.andrefrereditions.com\/wp-content\/uploads\/2026\/02\/100-days-of-war-Igor-chekachkov-andrefrereditions-8.jpg 430w, https:\/\/www.andrefrereditions.com\/wp-content\/uploads\/2026\/02\/100-days-of-war-Igor-chekachkov-andrefrereditions-8-300x200.jpg 300w, https:\/\/www.andrefrereditions.com\/wp-content\/uploads\/2026\/02\/100-days-of-war-Igor-chekachkov-andrefrereditions-8-420x280.jpg 420w\" sizes=\"auto, (max-width: 430px) 100vw, 430px\" \/><\/p>\n<p><img loading=\"lazy\" decoding=\"async\" class=\"alignnone size-full wp-image-14053\" src=\"https:\/\/www.andrefrereditions.com\/wp-content\/uploads\/2026\/02\/100-days-of-war-Igor-chekachkov-andrefrereditions-10.jpg\" alt=\"\" width=\"430\" height=\"290\" srcset=\"https:\/\/www.andrefrereditions.com\/wp-content\/uploads\/2026\/02\/100-days-of-war-Igor-chekachkov-andrefrereditions-10.jpg 430w, https:\/\/www.andrefrereditions.com\/wp-content\/uploads\/2026\/02\/100-days-of-war-Igor-chekachkov-andrefrereditions-10-300x202.jpg 300w, https:\/\/www.andrefrereditions.com\/wp-content\/uploads\/2026\/02\/100-days-of-war-Igor-chekachkov-andrefrereditions-10-420x283.jpg 420w\" sizes=\"auto, (max-width: 430px) 100vw, 430px\" \/><\/p>\n<h2>A limited edition of 30 copies<\/h2>\n<p>Order your book signed by Igor Chekachkov + a 11 x 13 cm print numbered from 1 to 30 and signed, Photo Pigmentary (Fine Art) print on Baryta Hahnem\u00fchle paper. \u2014 <strong>165\u00a0\u20ac<\/strong> <del>185 \u20ac<\/del><br \/>\n<strong><a class=\"in_page_button\" href=\"\/?page_id=67&amp;add-to-cart=14057&amp;variation_id=14059&amp;attribute_pa_version=limited-edition&amp;quantity=1\">Add to cart<\/a><\/strong><\/p>\n<p><img loading=\"lazy\" decoding=\"async\" class=\"alignnone size-full wp-image-14041\" src=\"https:\/\/www.andrefrereditions.com\/wp-content\/uploads\/2026\/02\/100-days-of-war-Igor-chekachkov-andrefrereditions-4.jpg\" alt=\"\" width=\"430\" height=\"509\" srcset=\"https:\/\/www.andrefrereditions.com\/wp-content\/uploads\/2026\/02\/100-days-of-war-Igor-chekachkov-andrefrereditions-4.jpg 430w, https:\/\/www.andrefrereditions.com\/wp-content\/uploads\/2026\/02\/100-days-of-war-Igor-chekachkov-andrefrereditions-4-253x300.jpg 253w, https:\/\/www.andrefrereditions.com\/wp-content\/uploads\/2026\/02\/100-days-of-war-Igor-chekachkov-andrefrereditions-4-420x497.jpg 420w\" sizes=\"auto, (max-width: 430px) 100vw, 430px\" \/><\/p>\n<h2>One of 2 head print avalaible<\/h2>\n<p>Order your book signed by Igor Chekachkov + a print numbered from 1 to 6 and signed by the author, Photo Pigmentary (Fine Art) print on Baryta Hahnem\u00fchle paper. \u2014 <strong>250 \u20ac<\/strong> <del>300 \u20ac<\/del><\/p>\n<p><strong>N\u00ba1 \u2014 13 x 21 cm<\/strong>\u00a0<strong><a class=\"in_page_button\" href=\"\/?page_id=67&amp;add-to-cart=14057&amp;variation_id=14060&amp;attribute_pa_version=special-edition-1&amp;quantity=1\">Add to cart<\/a><\/strong><\/p>\n<p><img loading=\"lazy\" decoding=\"async\" class=\"alignnone size-full wp-image-14035\" src=\"https:\/\/www.andrefrereditions.com\/wp-content\/uploads\/2026\/02\/100-days-of-war-Igor-chekachkov-andrefrereditions-1.jpg\" alt=\"\" width=\"430\" height=\"683\" srcset=\"https:\/\/www.andrefrereditions.com\/wp-content\/uploads\/2026\/02\/100-days-of-war-Igor-chekachkov-andrefrereditions-1.jpg 430w, https:\/\/www.andrefrereditions.com\/wp-content\/uploads\/2026\/02\/100-days-of-war-Igor-chekachkov-andrefrereditions-1-189x300.jpg 189w, https:\/\/www.andrefrereditions.com\/wp-content\/uploads\/2026\/02\/100-days-of-war-Igor-chekachkov-andrefrereditions-1-420x667.jpg 420w\" sizes=\"auto, (max-width: 430px) 100vw, 430px\" \/><\/p>\n<p><strong>N\u00ba2 \u2014 13 x 15,6 cm<\/strong> <strong><a class=\"in_page_button\" href=\"\/?page_id=67&amp;add-to-cart=14057&amp;variation_id=14061&amp;attribute_pa_version=special-edition-2&amp;quantity=1\">Add to cart<\/a><\/strong><\/p>\n<p><img loading=\"lazy\" decoding=\"async\" class=\"alignnone size-full wp-image-14047\" src=\"https:\/\/www.andrefrereditions.com\/wp-content\/uploads\/2026\/02\/100-days-of-war-Igor-chekachkov-andrefrereditions-7.jpg\" alt=\"\" width=\"430\" height=\"509\" srcset=\"https:\/\/www.andrefrereditions.com\/wp-content\/uploads\/2026\/02\/100-days-of-war-Igor-chekachkov-andrefrereditions-7.jpg 430w, https:\/\/www.andrefrereditions.com\/wp-content\/uploads\/2026\/02\/100-days-of-war-Igor-chekachkov-andrefrereditions-7-253x300.jpg 253w, https:\/\/www.andrefrereditions.com\/wp-content\/uploads\/2026\/02\/100-days-of-war-Igor-chekachkov-andrefrereditions-7-420x497.jpg 420w\" sizes=\"auto, (max-width: 430px) 100vw, 430px\" \/><\/p>\n<h2><em>100 Days Of War,<\/em> the book<\/h2>\n<p>From the very first day, I began to put together photographs and notes in a small notebook, creating a personal record of war and displacement from the inside.<\/p>\n<p><img loading=\"lazy\" decoding=\"async\" class=\"alignnone size-full wp-image-14039\" src=\"https:\/\/www.andrefrereditions.com\/wp-content\/uploads\/2026\/02\/100-days-of-war-Igor-chekachkov-andrefrereditions-3.jpg\" alt=\"\" width=\"430\" height=\"528\" srcset=\"https:\/\/www.andrefrereditions.com\/wp-content\/uploads\/2026\/02\/100-days-of-war-Igor-chekachkov-andrefrereditions-3.jpg 430w, https:\/\/www.andrefrereditions.com\/wp-content\/uploads\/2026\/02\/100-days-of-war-Igor-chekachkov-andrefrereditions-3-244x300.jpg 244w, https:\/\/www.andrefrereditions.com\/wp-content\/uploads\/2026\/02\/100-days-of-war-Igor-chekachkov-andrefrereditions-3-420x516.jpg 420w\" sizes=\"auto, (max-width: 430px) 100vw, 430px\" \/><\/p>\n<p>What originally stemmed from an intuitive desire to document my experience of war and uncertainty developed into something broader: a reflection on the notions of home, identity, and displacement.<\/p>\n<p>Whilst the work literally describes the sudden evacuation of my family and the consequences of a brutal Russian attack, it also seeks to question the language of photography itself, and its limitations in documenting, representing and affecting conflict.<\/p>\n<p>This subjective documentation of Russia\u2019s brutal invasion of Ukraine became my project 100 Days of War.<\/p>\n<p><img loading=\"lazy\" decoding=\"async\" class=\"alignnone size-full wp-image-14037\" src=\"https:\/\/www.andrefrereditions.com\/wp-content\/uploads\/2026\/02\/100-days-of-war-Igor-chekachkov-andrefrereditions-2.jpg\" alt=\"\" width=\"430\" height=\"514\" srcset=\"https:\/\/www.andrefrereditions.com\/wp-content\/uploads\/2026\/02\/100-days-of-war-Igor-chekachkov-andrefrereditions-2.jpg 430w, https:\/\/www.andrefrereditions.com\/wp-content\/uploads\/2026\/02\/100-days-of-war-Igor-chekachkov-andrefrereditions-2-251x300.jpg 251w, https:\/\/www.andrefrereditions.com\/wp-content\/uploads\/2026\/02\/100-days-of-war-Igor-chekachkov-andrefrereditions-2-420x502.jpg 420w\" sizes=\"auto, (max-width: 430px) 100vw, 430px\" \/><\/p>\n<p>The project was shortlisted for the <a href=\"https:\/\/www.youtube.com\/watch?v=qrNy-2sgUFU\">Kassel Dummy Awards 2023<\/a> and selected by <a href=\"https:\/\/www.youtube.com\/watch?v=DLJcuqpMoNY\">The Photographers\u2019 Gallery for a \u201cNew Talent\u201d award<\/a>.<\/p>\n<h3>Exhibitions<\/h3>\n<p>10.03 Solo show at British Residence in Brussels<br \/>\n19.03 Solo show at\u00a0Leneuf Sinibaldi Gallery, Paris<br \/>\n23.04 Group show at Radvila Palace Museum of Art, Lithuanian National Museum of Art<\/p>\n<h3>Talks<\/h3>\n<p>02.04 The Photographers\u2019 Gallery<\/p>\n<p class=\"bio-auteur\">Igor Chekachkov began his career in 2008 as a photojournalist, covering a wide range of cultural, mass, and sporting events. This foundation eventually led him toward art photography, where he continues to explore the boundaries between public and private spaces, as well as the impact of digital technologies and algorithms on the image. Following the full-scale Russian invasion of Ukraine, his focus shifted toward themes of Ukrainian identity and the concept of home.<br \/>\nHis work has been published in Forbes, National Geographic, The Guardian, Le Monde, Der Spiegel, The Economist, among others. Chekachkov\u2019s photographs have been exhibited internationally in solo and group exhibitions, including at Mystetskyi Arsenal (Kyiv), the Ukrainian Museum (New York), Odesa Photo Days, Photo Elys\u00e9e, Fisheye Gallery, Open Eye Gallery, Stills Gallery, and many others.<\/p>\n","protected":false},"excerpt":{"rendered":"<p>Photographs: Igor Chekachkov Texts: Igor Chekachkov Design: Kakkalaki 206 color photographs 304 pages 13 x 21 cm Soft cover English\/French ISBN: 978-2-492696-29-9 \u20ac50\u00a0\u20ac55 \u2192 The books will be sent out at the beginning of May 2026. \u2192 You can pick up your order directly at our stand in Arles in early July 2026 or in [&hellip;]<\/p>\n","protected":false},"featured_media":14073,"template":"","meta":[],"product_brand":[],"product_cat":[37,32],"product_tag":[],"class_list":{"0":"post-14057","1":"product","2":"type-product","3":"status-publish","4":"has-post-thumbnail","6":"product_cat-photography","7":"product_cat-to-be-released","8":"product_shipping_class-c2-en","10":"first","11":"instock","12":"sale","13":"sold-individually","14":"shipping-taxable","15":"purchasable","16":"product-type-variable"},"yoast_head":"<!-- This site is optimized with the Yoast SEO plugin v27.4 - https:\/\/yoast.com\/product\/yoast-seo-wordpress\/ -->\n<title>100 Days Of War | Andr\u00e9 Fr\u00e8re \u00c9ditions<\/title>\n<meta name=\"description\" content=\"100 Days Of War par Igor Chekachkov dans la cat\u00e9gorie Photography, To be released. Publi\u00e9 par Andr\u00e9 Fr\u00e8re \u00c9ditions.\" \/>\n<meta name=\"robots\" content=\"index, follow, max-snippet:-1, max-image-preview:large, max-video-preview:-1\" \/>\n<link rel=\"canonical\" href=\"https:\/\/www.andrefrereditions.com\/en\/books\/to-be-released\/100-days-of-war\/\" \/>\n<meta property=\"og:locale\" content=\"en_US\" \/>\n<meta property=\"og:type\" content=\"article\" \/>\n<meta property=\"og:title\" content=\"100 Days Of War | Andr\u00e9 Fr\u00e8re \u00c9ditions\" \/>\n<meta property=\"og:description\" content=\"100 Days Of War par Igor Chekachkov dans la cat\u00e9gorie Photography, To be released. Publi\u00e9 par Andr\u00e9 Fr\u00e8re \u00c9ditions.\" \/>\n<meta property=\"og:url\" content=\"https:\/\/www.andrefrereditions.com\/en\/books\/to-be-released\/100-days-of-war\/\" \/>\n<meta property=\"og:site_name\" content=\"Andr\u00e9 Fr\u00e8re \u00c9ditions\" \/>\n<meta property=\"article:modified_time\" content=\"2026-03-03T17:30:57+00:00\" \/>\n<meta property=\"og:image\" content=\"https:\/\/www.andrefrereditions.com\/wp-content\/uploads\/2026\/02\/100-days-of-war-Igor-chekachkov-andrefrereditions-12.jpg\" \/>\n\t<meta property=\"og:image:width\" content=\"420\" \/>\n\t<meta property=\"og:image:height\" content=\"662\" \/>\n\t<meta property=\"og:image:type\" content=\"image\/jpeg\" \/>\n<meta name=\"twitter:label1\" content=\"Est. reading time\" \/>\n\t<meta name=\"twitter:data1\" content=\"6 minutes\" \/>\n<script type=\"application\/ld+json\" class=\"yoast-schema-graph\">{\"@context\":\"https:\\\/\\\/schema.org\",\"@graph\":[{\"@type\":\"WebPage\",\"@id\":\"https:\\\/\\\/www.andrefrereditions.com\\\/en\\\/books\\\/to-be-released\\\/100-days-of-war\\\/\",\"url\":\"https:\\\/\\\/www.andrefrereditions.com\\\/en\\\/books\\\/to-be-released\\\/100-days-of-war\\\/\",\"name\":\"100 Days Of War | Andr\u00e9 Fr\u00e8re \u00c9ditions\",\"isPartOf\":{\"@id\":\"https:\\\/\\\/www.andrefrereditions.com\\\/en\\\/#website\"},\"primaryImageOfPage\":{\"@id\":\"https:\\\/\\\/www.andrefrereditions.com\\\/en\\\/books\\\/to-be-released\\\/100-days-of-war\\\/#primaryimage\"},\"image\":{\"@id\":\"https:\\\/\\\/www.andrefrereditions.com\\\/en\\\/books\\\/to-be-released\\\/100-days-of-war\\\/#primaryimage\"},\"thumbnailUrl\":\"https:\\\/\\\/www.andrefrereditions.com\\\/wp-content\\\/uploads\\\/2026\\\/02\\\/100-days-of-war-Igor-chekachkov-andrefrereditions-12.jpg\",\"datePublished\":\"2026-02-16T14:04:58+00:00\",\"dateModified\":\"2026-03-03T17:30:57+00:00\",\"description\":\"100 Days Of War par Igor Chekachkov dans la cat\u00e9gorie Photography, To be released. Publi\u00e9 par Andr\u00e9 Fr\u00e8re \u00c9ditions.\",\"breadcrumb\":{\"@id\":\"https:\\\/\\\/www.andrefrereditions.com\\\/en\\\/books\\\/to-be-released\\\/100-days-of-war\\\/#breadcrumb\"},\"inLanguage\":\"en-US\",\"potentialAction\":[{\"@type\":\"ReadAction\",\"target\":[\"https:\\\/\\\/www.andrefrereditions.com\\\/en\\\/books\\\/to-be-released\\\/100-days-of-war\\\/\"]}]},{\"@type\":\"ImageObject\",\"inLanguage\":\"en-US\",\"@id\":\"https:\\\/\\\/www.andrefrereditions.com\\\/en\\\/books\\\/to-be-released\\\/100-days-of-war\\\/#primaryimage\",\"url\":\"https:\\\/\\\/www.andrefrereditions.com\\\/wp-content\\\/uploads\\\/2026\\\/02\\\/100-days-of-war-Igor-chekachkov-andrefrereditions-12.jpg\",\"contentUrl\":\"https:\\\/\\\/www.andrefrereditions.com\\\/wp-content\\\/uploads\\\/2026\\\/02\\\/100-days-of-war-Igor-chekachkov-andrefrereditions-12.jpg\",\"width\":420,\"height\":662},{\"@type\":\"BreadcrumbList\",\"@id\":\"https:\\\/\\\/www.andrefrereditions.com\\\/en\\\/books\\\/to-be-released\\\/100-days-of-war\\\/#breadcrumb\",\"itemListElement\":[{\"@type\":\"ListItem\",\"position\":1,\"name\":\"Home\",\"item\":\"https:\\\/\\\/www.andrefrereditions.com\\\/en\\\/\"},{\"@type\":\"ListItem\",\"position\":2,\"name\":\"Books\",\"item\":\"https:\\\/\\\/www.andrefrereditions.com\\\/en\\\/books\\\/\"},{\"@type\":\"ListItem\",\"position\":3,\"name\":\"100 Days Of War\"}]},{\"@type\":\"WebSite\",\"@id\":\"https:\\\/\\\/www.andrefrereditions.com\\\/en\\\/#website\",\"url\":\"https:\\\/\\\/www.andrefrereditions.com\\\/en\\\/\",\"name\":\"Andr\u00e9 Fr\u00e8re \u00c9ditions\",\"description\":\"\u00c9dition ind\u00e9pendante de photographie et d\u2019art\",\"publisher\":{\"@id\":\"https:\\\/\\\/www.andrefrereditions.com\\\/en\\\/#organization\"},\"potentialAction\":[{\"@type\":\"SearchAction\",\"target\":{\"@type\":\"EntryPoint\",\"urlTemplate\":\"https:\\\/\\\/www.andrefrereditions.com\\\/en\\\/?s={search_term_string}\"},\"query-input\":{\"@type\":\"PropertyValueSpecification\",\"valueRequired\":true,\"valueName\":\"search_term_string\"}}],\"inLanguage\":\"en-US\"},{\"@type\":\"Organization\",\"@id\":\"https:\\\/\\\/www.andrefrereditions.com\\\/en\\\/#organization\",\"name\":\"Andr\u00e9 Fr\u00e8re \u00c9ditions\",\"url\":\"https:\\\/\\\/www.andrefrereditions.com\\\/en\\\/\",\"logo\":{\"@type\":\"ImageObject\",\"inLanguage\":\"en-US\",\"@id\":\"https:\\\/\\\/www.andrefrereditions.com\\\/en\\\/#\\\/schema\\\/logo\\\/image\\\/\",\"url\":\"https:\\\/\\\/www.andrefrereditions.com\\\/wp-content\\\/uploads\\\/2014\\\/12\\\/andre-frere-editions-logo.png\",\"contentUrl\":\"https:\\\/\\\/www.andrefrereditions.com\\\/wp-content\\\/uploads\\\/2014\\\/12\\\/andre-frere-editions-logo.png\",\"width\":80,\"height\":79,\"caption\":\"Andr\u00e9 Fr\u00e8re \u00c9ditions\"},\"image\":{\"@id\":\"https:\\\/\\\/www.andrefrereditions.com\\\/en\\\/#\\\/schema\\\/logo\\\/image\\\/\"}}]}<\/script>\n<!-- \/ Yoast SEO plugin. -->","yoast_head_json":{"title":"100 Days Of War | Andr\u00e9 Fr\u00e8re \u00c9ditions","description":"100 Days Of War par Igor Chekachkov dans la cat\u00e9gorie Photography, To be released. Publi\u00e9 par Andr\u00e9 Fr\u00e8re \u00c9ditions.","robots":{"index":"index","follow":"follow","max-snippet":"max-snippet:-1","max-image-preview":"max-image-preview:large","max-video-preview":"max-video-preview:-1"},"canonical":"https:\/\/www.andrefrereditions.com\/en\/books\/to-be-released\/100-days-of-war\/","og_locale":"en_US","og_type":"article","og_title":"100 Days Of War | Andr\u00e9 Fr\u00e8re \u00c9ditions","og_description":"100 Days Of War par Igor Chekachkov dans la cat\u00e9gorie Photography, To be released. Publi\u00e9 par Andr\u00e9 Fr\u00e8re \u00c9ditions.","og_url":"https:\/\/www.andrefrereditions.com\/en\/books\/to-be-released\/100-days-of-war\/","og_site_name":"Andr\u00e9 Fr\u00e8re \u00c9ditions","article_modified_time":"2026-03-03T17:30:57+00:00","og_image":[{"width":420,"height":662,"url":"https:\/\/www.andrefrereditions.com\/wp-content\/uploads\/2026\/02\/100-days-of-war-Igor-chekachkov-andrefrereditions-12.jpg","type":"image\/jpeg"}],"twitter_misc":{"Est. reading time":"6 minutes"},"schema":{"@context":"https:\/\/schema.org","@graph":[{"@type":"WebPage","@id":"https:\/\/www.andrefrereditions.com\/en\/books\/to-be-released\/100-days-of-war\/","url":"https:\/\/www.andrefrereditions.com\/en\/books\/to-be-released\/100-days-of-war\/","name":"100 Days Of War | Andr\u00e9 Fr\u00e8re \u00c9ditions","isPartOf":{"@id":"https:\/\/www.andrefrereditions.com\/en\/#website"},"primaryImageOfPage":{"@id":"https:\/\/www.andrefrereditions.com\/en\/books\/to-be-released\/100-days-of-war\/#primaryimage"},"image":{"@id":"https:\/\/www.andrefrereditions.com\/en\/books\/to-be-released\/100-days-of-war\/#primaryimage"},"thumbnailUrl":"https:\/\/www.andrefrereditions.com\/wp-content\/uploads\/2026\/02\/100-days-of-war-Igor-chekachkov-andrefrereditions-12.jpg","datePublished":"2026-02-16T14:04:58+00:00","dateModified":"2026-03-03T17:30:57+00:00","description":"100 Days Of War par Igor Chekachkov dans la cat\u00e9gorie Photography, To be released. Publi\u00e9 par Andr\u00e9 Fr\u00e8re \u00c9ditions.","breadcrumb":{"@id":"https:\/\/www.andrefrereditions.com\/en\/books\/to-be-released\/100-days-of-war\/#breadcrumb"},"inLanguage":"en-US","potentialAction":[{"@type":"ReadAction","target":["https:\/\/www.andrefrereditions.com\/en\/books\/to-be-released\/100-days-of-war\/"]}]},{"@type":"ImageObject","inLanguage":"en-US","@id":"https:\/\/www.andrefrereditions.com\/en\/books\/to-be-released\/100-days-of-war\/#primaryimage","url":"https:\/\/www.andrefrereditions.com\/wp-content\/uploads\/2026\/02\/100-days-of-war-Igor-chekachkov-andrefrereditions-12.jpg","contentUrl":"https:\/\/www.andrefrereditions.com\/wp-content\/uploads\/2026\/02\/100-days-of-war-Igor-chekachkov-andrefrereditions-12.jpg","width":420,"height":662},{"@type":"BreadcrumbList","@id":"https:\/\/www.andrefrereditions.com\/en\/books\/to-be-released\/100-days-of-war\/#breadcrumb","itemListElement":[{"@type":"ListItem","position":1,"name":"Home","item":"https:\/\/www.andrefrereditions.com\/en\/"},{"@type":"ListItem","position":2,"name":"Books","item":"https:\/\/www.andrefrereditions.com\/en\/books\/"},{"@type":"ListItem","position":3,"name":"100 Days Of War"}]},{"@type":"WebSite","@id":"https:\/\/www.andrefrereditions.com\/en\/#website","url":"https:\/\/www.andrefrereditions.com\/en\/","name":"Andr\u00e9 Fr\u00e8re \u00c9ditions","description":"\u00c9dition ind\u00e9pendante de photographie et d\u2019art","publisher":{"@id":"https:\/\/www.andrefrereditions.com\/en\/#organization"},"potentialAction":[{"@type":"SearchAction","target":{"@type":"EntryPoint","urlTemplate":"https:\/\/www.andrefrereditions.com\/en\/?s={search_term_string}"},"query-input":{"@type":"PropertyValueSpecification","valueRequired":true,"valueName":"search_term_string"}}],"inLanguage":"en-US"},{"@type":"Organization","@id":"https:\/\/www.andrefrereditions.com\/en\/#organization","name":"Andr\u00e9 Fr\u00e8re \u00c9ditions","url":"https:\/\/www.andrefrereditions.com\/en\/","logo":{"@type":"ImageObject","inLanguage":"en-US","@id":"https:\/\/www.andrefrereditions.com\/en\/#\/schema\/logo\/image\/","url":"https:\/\/www.andrefrereditions.com\/wp-content\/uploads\/2014\/12\/andre-frere-editions-logo.png","contentUrl":"https:\/\/www.andrefrereditions.com\/wp-content\/uploads\/2014\/12\/andre-frere-editions-logo.png","width":80,"height":79,"caption":"Andr\u00e9 Fr\u00e8re \u00c9ditions"},"image":{"@id":"https:\/\/www.andrefrereditions.com\/en\/#\/schema\/logo\/image\/"}}]}},"_links":{"self":[{"href":"https:\/\/www.andrefrereditions.com\/en\/wp-json\/wp\/v2\/product\/14057","targetHints":{"allow":["GET"]}}],"collection":[{"href":"https:\/\/www.andrefrereditions.com\/en\/wp-json\/wp\/v2\/product"}],"about":[{"href":"https:\/\/www.andrefrereditions.com\/en\/wp-json\/wp\/v2\/types\/product"}],"wp:featuredmedia":[{"embeddable":true,"href":"https:\/\/www.andrefrereditions.com\/en\/wp-json\/wp\/v2\/media\/14073"}],"wp:attachment":[{"href":"https:\/\/www.andrefrereditions.com\/en\/wp-json\/wp\/v2\/media?parent=14057"}],"wp:term":[{"taxonomy":"product_brand","embeddable":true,"href":"https:\/\/www.andrefrereditions.com\/en\/wp-json\/wp\/v2\/product_brand?post=14057"},{"taxonomy":"product_cat","embeddable":true,"href":"https:\/\/www.andrefrereditions.com\/en\/wp-json\/wp\/v2\/product_cat?post=14057"},{"taxonomy":"product_tag","embeddable":true,"href":"https:\/\/www.andrefrereditions.com\/en\/wp-json\/wp\/v2\/product_tag?post=14057"}],"curies":[{"name":"wp","href":"https:\/\/api.w.org\/{rel}","templated":true}]}}