{"id":372,"date":"2013-11-28T21:01:44","date_gmt":"2013-11-28T20:07:44","guid":{"rendered":"http:\/\/www.andrefrereditions.com\/books\/non-classe\/le-mucem-de-rudy-ricciotti-2\/"},"modified":"2025-06-26T11:14:48","modified_gmt":"2025-06-26T09:14:48","slug":"le-mucem-de-rudy-ricciotti","status":"publish","type":"product","link":"https:\/\/www.andrefrereditions.com\/en\/books\/architecture-city-landscape\/le-mucem-de-rudy-ricciotti\/","title":{"rendered":"Le MuCEM de Rudy Ricciotti"},"content":{"rendered":"<ul class=\"infos-livre\">\n<li>Photographs: Lisa Ricciotti<\/li>\n<li>96 pages<\/li>\n<li>Size 17 x 22.7 cm<\/li>\n<li>Hardcover<\/li>\n<li>40 photographs<\/li>\n<li>french &amp; english<\/li>\n<li>ISBN: 979-10-92265-02-6<\/li>\n<li>Price: \u20ac25<\/li>\n<\/ul>\n<p>The Museum of Civilizations in Europe and the Mediterranean (MuCEM) is the only national museum established by the State in the region.<br \/>\n\u201cThis is a project that speaks to the earth, the sea, the sky and the wind\u201d, declared Rudy Ricciotti, who with associate Roland Carta, were chosen prize-winners in 2004 of the competition launched by the Ministry of Culture for the only decentralized national museum. In direct view of Fort Saint-Jean, he designed a naked building without clothing or adornment, encircled by latticework developed on the south and west facades and partly on its overhanging roof, fixing it in the landscape. No shiny rollover, no glued-on decorations, nor stone cladding. The building is stone itself, a fragile stone subjected to four winds. A highly refined and discreet project that fades between the Fort Saint-Jean and the Vieux-Port.<br \/>\nThe MuCEM deliberately shows the bare essential. Simple, fair, necessary, raw; the matter is minimal, glass and concrete.<br \/>\nIn this book, Lisa Ricciotti invites us with her photographs into the secrets of construction of the MuCEM, the recurrence of furrows, the sensual delight of the columns, on a vertiginous journey from the silhouette inhabited by light, to the closed and matte pores of the matter.<\/p>\n","protected":false},"excerpt":{"rendered":"<p>Photographs: Lisa Ricciotti 96 pages Size 17 x 22.7 cm Hardcover 40 photographs french &amp; english ISBN: 979-10-92265-02-6 Price: \u20ac25 The Museum of Civilizations in Europe and the Mediterranean (MuCEM) is the only national museum established by the State in the region. \u201cThis is a project that speaks to the earth, the sea, the sky [&hellip;]<\/p>\n","protected":false},"featured_media":450,"template":"","meta":[],"product_brand":[],"product_cat":[33],"product_tag":[],"class_list":{"0":"post-372","1":"product","2":"type-product","3":"status-publish","4":"has-post-thumbnail","6":"product_cat-architecture-city-landscape","7":"product_shipping_class-c2-en","9":"first","10":"instock","11":"shipping-taxable","12":"purchasable","13":"product-type-simple"},"yoast_head":"<!-- This site is optimized with the Yoast SEO plugin v27.5 - https:\/\/yoast.com\/product\/yoast-seo-wordpress\/ -->\n<title>The MuCEM by Rudy Ricciotti | Andr\u00e9 Fr\u00e8re \u00c9ditions<\/title>\n<meta name=\"description\" content=\"Rudy Ricciotti&#039;s MuCEM by Andr\u00e9 Fr\u00e8re \u00c9ditions. Photographs by Lisa Ricciotti, texts by Florence Accorsi. Discover the French museum architecture.\" \/>\n<meta name=\"robots\" content=\"index, follow, max-snippet:-1, max-image-preview:large, max-video-preview:-1\" \/>\n<link rel=\"canonical\" href=\"https:\/\/www.andrefrereditions.com\/en\/books\/architecture-city-landscape\/le-mucem-de-rudy-ricciotti\/\" \/>\n<meta property=\"og:locale\" content=\"en_US\" \/>\n<meta property=\"og:type\" content=\"article\" \/>\n<meta property=\"og:title\" content=\"The MuCEM by Rudy Ricciotti | Andr\u00e9 Fr\u00e8re \u00c9ditions\" \/>\n<meta property=\"og:description\" content=\"Rudy Ricciotti&#039;s MuCEM by Andr\u00e9 Fr\u00e8re \u00c9ditions. Photographs by Lisa Ricciotti, texts by Florence Accorsi. Discover the French museum architecture.\" \/>\n<meta property=\"og:url\" content=\"https:\/\/www.andrefrereditions.com\/en\/books\/architecture-city-landscape\/le-mucem-de-rudy-ricciotti\/\" \/>\n<meta property=\"og:site_name\" content=\"Andr\u00e9 Fr\u00e8re \u00c9ditions\" \/>\n<meta property=\"article:modified_time\" content=\"2025-06-26T09:14:48+00:00\" \/>\n<meta property=\"og:image\" content=\"https:\/\/www.andrefrereditions.com\/wp-content\/uploads\/2013\/11\/mucem-rudy-ricciotti-andre-frere-editions1.jpg\" \/>\n\t<meta property=\"og:image:width\" content=\"420\" \/>\n\t<meta property=\"og:image:height\" content=\"545\" \/>\n\t<meta property=\"og:image:type\" content=\"image\/jpeg\" \/>\n<meta name=\"twitter:label1\" content=\"Est. reading time\" \/>\n\t<meta name=\"twitter:data1\" content=\"1 minute\" \/>\n<script type=\"application\/ld+json\" class=\"yoast-schema-graph\">{\"@context\":\"https:\\\/\\\/schema.org\",\"@graph\":[{\"@type\":\"WebPage\",\"@id\":\"https:\\\/\\\/www.andrefrereditions.com\\\/en\\\/books\\\/architecture-city-landscape\\\/le-mucem-de-rudy-ricciotti\\\/\",\"url\":\"https:\\\/\\\/www.andrefrereditions.com\\\/en\\\/books\\\/architecture-city-landscape\\\/le-mucem-de-rudy-ricciotti\\\/\",\"name\":\"The MuCEM by Rudy Ricciotti | Andr\u00e9 Fr\u00e8re \u00c9ditions\",\"isPartOf\":{\"@id\":\"https:\\\/\\\/www.andrefrereditions.com\\\/en\\\/#website\"},\"primaryImageOfPage\":{\"@id\":\"https:\\\/\\\/www.andrefrereditions.com\\\/en\\\/books\\\/architecture-city-landscape\\\/le-mucem-de-rudy-ricciotti\\\/#primaryimage\"},\"image\":{\"@id\":\"https:\\\/\\\/www.andrefrereditions.com\\\/en\\\/books\\\/architecture-city-landscape\\\/le-mucem-de-rudy-ricciotti\\\/#primaryimage\"},\"thumbnailUrl\":\"https:\\\/\\\/www.andrefrereditions.com\\\/wp-content\\\/uploads\\\/2013\\\/11\\\/mucem-rudy-ricciotti-andre-frere-editions1.jpg\",\"datePublished\":\"2013-11-28T20:07:44+00:00\",\"dateModified\":\"2025-06-26T09:14:48+00:00\",\"description\":\"Rudy Ricciotti's MuCEM by Andr\u00e9 Fr\u00e8re \u00c9ditions. Photographs by Lisa Ricciotti, texts by Florence Accorsi. Discover the French museum architecture.\",\"breadcrumb\":{\"@id\":\"https:\\\/\\\/www.andrefrereditions.com\\\/en\\\/books\\\/architecture-city-landscape\\\/le-mucem-de-rudy-ricciotti\\\/#breadcrumb\"},\"inLanguage\":\"en-US\",\"potentialAction\":[{\"@type\":\"ReadAction\",\"target\":[\"https:\\\/\\\/www.andrefrereditions.com\\\/en\\\/books\\\/architecture-city-landscape\\\/le-mucem-de-rudy-ricciotti\\\/\"]}]},{\"@type\":\"ImageObject\",\"inLanguage\":\"en-US\",\"@id\":\"https:\\\/\\\/www.andrefrereditions.com\\\/en\\\/books\\\/architecture-city-landscape\\\/le-mucem-de-rudy-ricciotti\\\/#primaryimage\",\"url\":\"https:\\\/\\\/www.andrefrereditions.com\\\/wp-content\\\/uploads\\\/2013\\\/11\\\/mucem-rudy-ricciotti-andre-frere-editions1.jpg\",\"contentUrl\":\"https:\\\/\\\/www.andrefrereditions.com\\\/wp-content\\\/uploads\\\/2013\\\/11\\\/mucem-rudy-ricciotti-andre-frere-editions1.jpg\",\"width\":420,\"height\":545},{\"@type\":\"BreadcrumbList\",\"@id\":\"https:\\\/\\\/www.andrefrereditions.com\\\/en\\\/books\\\/architecture-city-landscape\\\/le-mucem-de-rudy-ricciotti\\\/#breadcrumb\",\"itemListElement\":[{\"@type\":\"ListItem\",\"position\":1,\"name\":\"Home\",\"item\":\"https:\\\/\\\/www.andrefrereditions.com\\\/en\\\/\"},{\"@type\":\"ListItem\",\"position\":2,\"name\":\"Books\",\"item\":\"https:\\\/\\\/www.andrefrereditions.com\\\/en\\\/books\\\/\"},{\"@type\":\"ListItem\",\"position\":3,\"name\":\"Le MuCEM de Rudy Ricciotti\"}]},{\"@type\":\"WebSite\",\"@id\":\"https:\\\/\\\/www.andrefrereditions.com\\\/en\\\/#website\",\"url\":\"https:\\\/\\\/www.andrefrereditions.com\\\/en\\\/\",\"name\":\"Andr\u00e9 Fr\u00e8re \u00c9ditions\",\"description\":\"\u00c9dition ind\u00e9pendante de photographie et d\u2019art\",\"publisher\":{\"@id\":\"https:\\\/\\\/www.andrefrereditions.com\\\/en\\\/#organization\"},\"potentialAction\":[{\"@type\":\"SearchAction\",\"target\":{\"@type\":\"EntryPoint\",\"urlTemplate\":\"https:\\\/\\\/www.andrefrereditions.com\\\/en\\\/?s={search_term_string}\"},\"query-input\":{\"@type\":\"PropertyValueSpecification\",\"valueRequired\":true,\"valueName\":\"search_term_string\"}}],\"inLanguage\":\"en-US\"},{\"@type\":\"Organization\",\"@id\":\"https:\\\/\\\/www.andrefrereditions.com\\\/en\\\/#organization\",\"name\":\"Andr\u00e9 Fr\u00e8re \u00c9ditions\",\"url\":\"https:\\\/\\\/www.andrefrereditions.com\\\/en\\\/\",\"logo\":{\"@type\":\"ImageObject\",\"inLanguage\":\"en-US\",\"@id\":\"https:\\\/\\\/www.andrefrereditions.com\\\/en\\\/#\\\/schema\\\/logo\\\/image\\\/\",\"url\":\"https:\\\/\\\/www.andrefrereditions.com\\\/wp-content\\\/uploads\\\/2014\\\/12\\\/andre-frere-editions-logo.png\",\"contentUrl\":\"https:\\\/\\\/www.andrefrereditions.com\\\/wp-content\\\/uploads\\\/2014\\\/12\\\/andre-frere-editions-logo.png\",\"width\":80,\"height\":79,\"caption\":\"Andr\u00e9 Fr\u00e8re \u00c9ditions\"},\"image\":{\"@id\":\"https:\\\/\\\/www.andrefrereditions.com\\\/en\\\/#\\\/schema\\\/logo\\\/image\\\/\"}}]}<\/script>\n<!-- \/ Yoast SEO plugin. -->","yoast_head_json":{"title":"The MuCEM by Rudy Ricciotti | Andr\u00e9 Fr\u00e8re \u00c9ditions","description":"Rudy Ricciotti's MuCEM by Andr\u00e9 Fr\u00e8re \u00c9ditions. Photographs by Lisa Ricciotti, texts by Florence Accorsi. Discover the French museum architecture.","robots":{"index":"index","follow":"follow","max-snippet":"max-snippet:-1","max-image-preview":"max-image-preview:large","max-video-preview":"max-video-preview:-1"},"canonical":"https:\/\/www.andrefrereditions.com\/en\/books\/architecture-city-landscape\/le-mucem-de-rudy-ricciotti\/","og_locale":"en_US","og_type":"article","og_title":"The MuCEM by Rudy Ricciotti | Andr\u00e9 Fr\u00e8re \u00c9ditions","og_description":"Rudy Ricciotti's MuCEM by Andr\u00e9 Fr\u00e8re \u00c9ditions. Photographs by Lisa Ricciotti, texts by Florence Accorsi. Discover the French museum architecture.","og_url":"https:\/\/www.andrefrereditions.com\/en\/books\/architecture-city-landscape\/le-mucem-de-rudy-ricciotti\/","og_site_name":"Andr\u00e9 Fr\u00e8re \u00c9ditions","article_modified_time":"2025-06-26T09:14:48+00:00","og_image":[{"width":420,"height":545,"url":"https:\/\/www.andrefrereditions.com\/wp-content\/uploads\/2013\/11\/mucem-rudy-ricciotti-andre-frere-editions1.jpg","type":"image\/jpeg"}],"twitter_misc":{"Est. reading time":"1 minute"},"schema":{"@context":"https:\/\/schema.org","@graph":[{"@type":"WebPage","@id":"https:\/\/www.andrefrereditions.com\/en\/books\/architecture-city-landscape\/le-mucem-de-rudy-ricciotti\/","url":"https:\/\/www.andrefrereditions.com\/en\/books\/architecture-city-landscape\/le-mucem-de-rudy-ricciotti\/","name":"The MuCEM by Rudy Ricciotti | Andr\u00e9 Fr\u00e8re \u00c9ditions","isPartOf":{"@id":"https:\/\/www.andrefrereditions.com\/en\/#website"},"primaryImageOfPage":{"@id":"https:\/\/www.andrefrereditions.com\/en\/books\/architecture-city-landscape\/le-mucem-de-rudy-ricciotti\/#primaryimage"},"image":{"@id":"https:\/\/www.andrefrereditions.com\/en\/books\/architecture-city-landscape\/le-mucem-de-rudy-ricciotti\/#primaryimage"},"thumbnailUrl":"https:\/\/www.andrefrereditions.com\/wp-content\/uploads\/2013\/11\/mucem-rudy-ricciotti-andre-frere-editions1.jpg","datePublished":"2013-11-28T20:07:44+00:00","dateModified":"2025-06-26T09:14:48+00:00","description":"Rudy Ricciotti's MuCEM by Andr\u00e9 Fr\u00e8re \u00c9ditions. Photographs by Lisa Ricciotti, texts by Florence Accorsi. Discover the French museum architecture.","breadcrumb":{"@id":"https:\/\/www.andrefrereditions.com\/en\/books\/architecture-city-landscape\/le-mucem-de-rudy-ricciotti\/#breadcrumb"},"inLanguage":"en-US","potentialAction":[{"@type":"ReadAction","target":["https:\/\/www.andrefrereditions.com\/en\/books\/architecture-city-landscape\/le-mucem-de-rudy-ricciotti\/"]}]},{"@type":"ImageObject","inLanguage":"en-US","@id":"https:\/\/www.andrefrereditions.com\/en\/books\/architecture-city-landscape\/le-mucem-de-rudy-ricciotti\/#primaryimage","url":"https:\/\/www.andrefrereditions.com\/wp-content\/uploads\/2013\/11\/mucem-rudy-ricciotti-andre-frere-editions1.jpg","contentUrl":"https:\/\/www.andrefrereditions.com\/wp-content\/uploads\/2013\/11\/mucem-rudy-ricciotti-andre-frere-editions1.jpg","width":420,"height":545},{"@type":"BreadcrumbList","@id":"https:\/\/www.andrefrereditions.com\/en\/books\/architecture-city-landscape\/le-mucem-de-rudy-ricciotti\/#breadcrumb","itemListElement":[{"@type":"ListItem","position":1,"name":"Home","item":"https:\/\/www.andrefrereditions.com\/en\/"},{"@type":"ListItem","position":2,"name":"Books","item":"https:\/\/www.andrefrereditions.com\/en\/books\/"},{"@type":"ListItem","position":3,"name":"Le MuCEM de Rudy Ricciotti"}]},{"@type":"WebSite","@id":"https:\/\/www.andrefrereditions.com\/en\/#website","url":"https:\/\/www.andrefrereditions.com\/en\/","name":"Andr\u00e9 Fr\u00e8re \u00c9ditions","description":"\u00c9dition ind\u00e9pendante de photographie et d\u2019art","publisher":{"@id":"https:\/\/www.andrefrereditions.com\/en\/#organization"},"potentialAction":[{"@type":"SearchAction","target":{"@type":"EntryPoint","urlTemplate":"https:\/\/www.andrefrereditions.com\/en\/?s={search_term_string}"},"query-input":{"@type":"PropertyValueSpecification","valueRequired":true,"valueName":"search_term_string"}}],"inLanguage":"en-US"},{"@type":"Organization","@id":"https:\/\/www.andrefrereditions.com\/en\/#organization","name":"Andr\u00e9 Fr\u00e8re \u00c9ditions","url":"https:\/\/www.andrefrereditions.com\/en\/","logo":{"@type":"ImageObject","inLanguage":"en-US","@id":"https:\/\/www.andrefrereditions.com\/en\/#\/schema\/logo\/image\/","url":"https:\/\/www.andrefrereditions.com\/wp-content\/uploads\/2014\/12\/andre-frere-editions-logo.png","contentUrl":"https:\/\/www.andrefrereditions.com\/wp-content\/uploads\/2014\/12\/andre-frere-editions-logo.png","width":80,"height":79,"caption":"Andr\u00e9 Fr\u00e8re \u00c9ditions"},"image":{"@id":"https:\/\/www.andrefrereditions.com\/en\/#\/schema\/logo\/image\/"}}]}},"_links":{"self":[{"href":"https:\/\/www.andrefrereditions.com\/en\/wp-json\/wp\/v2\/product\/372","targetHints":{"allow":["GET"]}}],"collection":[{"href":"https:\/\/www.andrefrereditions.com\/en\/wp-json\/wp\/v2\/product"}],"about":[{"href":"https:\/\/www.andrefrereditions.com\/en\/wp-json\/wp\/v2\/types\/product"}],"wp:featuredmedia":[{"embeddable":true,"href":"https:\/\/www.andrefrereditions.com\/en\/wp-json\/wp\/v2\/media\/450"}],"wp:attachment":[{"href":"https:\/\/www.andrefrereditions.com\/en\/wp-json\/wp\/v2\/media?parent=372"}],"wp:term":[{"taxonomy":"product_brand","embeddable":true,"href":"https:\/\/www.andrefrereditions.com\/en\/wp-json\/wp\/v2\/product_brand?post=372"},{"taxonomy":"product_cat","embeddable":true,"href":"https:\/\/www.andrefrereditions.com\/en\/wp-json\/wp\/v2\/product_cat?post=372"},{"taxonomy":"product_tag","embeddable":true,"href":"https:\/\/www.andrefrereditions.com\/en\/wp-json\/wp\/v2\/product_tag?post=372"}],"curies":[{"name":"wp","href":"https:\/\/api.w.org\/{rel}","templated":true}]}}