{"id":374,"date":"2013-11-28T21:40:17","date_gmt":"2013-11-28T20:08:17","guid":{"rendered":"http:\/\/www.andrefrereditions.com\/books\/non-classe\/the-western-front\/"},"modified":"2025-06-26T11:19:11","modified_gmt":"2025-06-26T09:19:11","slug":"the-western-front","status":"publish","type":"product","link":"https:\/\/www.andrefrereditions.com\/en\/books\/photography\/the-western-front\/","title":{"rendered":"The Western Front"},"content":{"rendered":"<ul class=\"infos-livre\">\n<li>Photographs and texts: Stanley Greene<\/li>\n<li>Graphic design: Teun van der Heijden\u200b<\/li>\n<li>176 pages<\/li>\n<li>Size: 24,5 x 34,5 cm<\/li>\n<li>Hardcover<\/li>\n<li>110 images<\/li>\n<li>Texts in English &amp; French<\/li>\n<li>ISBN: 979-10-92265-03-3<\/li>\n<li>Price: 53,50 \u20ac<\/li>\n<li><a title=\"The Western Front \u2013 Headprint\" href=\"\/?p=535\">Headprint avalaible<\/a><\/li>\n<\/ul>\n<blockquote><p>\u00abI began photographing musicians in 1975, in fact they were my roommates, the punk movement was just starting, so sometimes I took a picture&#8230;<br \/>\nBut in San Francisco, it was special. It was called &#8220;Art and Music&#8221;. The Mutants, The Dills, Flipper, Crime, SVT, The Yanks, Tuxedo Moon, The Tubes, Los Lobos, The Avengers, Dead Kennedys and Romeo Void, U2. Many of them were students at the San Francisco Art Institute. Members of The Mutants and Romeo Void of course. Chris Isaac of Silver Tones, too, and Bonnie Hayes &amp; The Wild Bunch &#8211; Bonnie Hayes, one of the coolest girls in the punk scene. I was surrounded by these rock bands, both punks and artists. Suddenly these groups wanted images. They\u2019d call me and say: &#8220;Stanley, I know you have pictures, you know, this magazine wants to do an article about us, etc.&#8221; And without realizing it, I became a professional photographer while still an art student&#8230;<br \/>\nAt the VU agency, when I arrived, they wanted these photos, these punk pictures, an assistant then asked me where were the contact sheets \u2013 but there was no contact sheets.\u00bb<\/p><\/blockquote>\n<p><img loading=\"lazy\" decoding=\"async\" class=\"alignnone size-full wp-image-7492\" src=\"https:\/\/www.andrefrereditions.com\/wp-content\/uploads\/2013\/11\/stanley-greene-western-front-andre-frere-editions_1.jpg\" alt=\"stanley-greene-western-front-andre-frere-editions_1\" width=\"430\" height=\"287\" srcset=\"https:\/\/www.andrefrereditions.com\/wp-content\/uploads\/2013\/11\/stanley-greene-western-front-andre-frere-editions_1.jpg 430w, https:\/\/www.andrefrereditions.com\/wp-content\/uploads\/2013\/11\/stanley-greene-western-front-andre-frere-editions_1-420x280.jpg 420w, https:\/\/www.andrefrereditions.com\/wp-content\/uploads\/2013\/11\/stanley-greene-western-front-andre-frere-editions_1-300x200.jpg 300w\" sizes=\"auto, (max-width: 430px) 100vw, 430px\" \/><\/p>\n<p><img loading=\"lazy\" decoding=\"async\" class=\"alignnone size-full wp-image-7494\" src=\"https:\/\/www.andrefrereditions.com\/wp-content\/uploads\/2013\/11\/stanley-greene-western-front-andre-frere-editions_2.jpg\" alt=\"stanley-greene-western-front-andre-frere-editions_2\" width=\"430\" height=\"287\" srcset=\"https:\/\/www.andrefrereditions.com\/wp-content\/uploads\/2013\/11\/stanley-greene-western-front-andre-frere-editions_2.jpg 430w, https:\/\/www.andrefrereditions.com\/wp-content\/uploads\/2013\/11\/stanley-greene-western-front-andre-frere-editions_2-420x280.jpg 420w, https:\/\/www.andrefrereditions.com\/wp-content\/uploads\/2013\/11\/stanley-greene-western-front-andre-frere-editions_2-300x200.jpg 300w\" sizes=\"auto, (max-width: 430px) 100vw, 430px\" \/><\/p>\n<p><img loading=\"lazy\" decoding=\"async\" class=\"alignnone size-full wp-image-7496\" src=\"https:\/\/www.andrefrereditions.com\/wp-content\/uploads\/2013\/11\/stanley-greene-western-front-andre-frere-editions_3.jpg\" alt=\"stanley-greene-western-front-andre-frere-editions_3\" width=\"430\" height=\"287\" srcset=\"https:\/\/www.andrefrereditions.com\/wp-content\/uploads\/2013\/11\/stanley-greene-western-front-andre-frere-editions_3.jpg 430w, https:\/\/www.andrefrereditions.com\/wp-content\/uploads\/2013\/11\/stanley-greene-western-front-andre-frere-editions_3-420x280.jpg 420w, https:\/\/www.andrefrereditions.com\/wp-content\/uploads\/2013\/11\/stanley-greene-western-front-andre-frere-editions_3-300x200.jpg 300w\" sizes=\"auto, (max-width: 430px) 100vw, 430px\" \/><\/p>\n<p><img loading=\"lazy\" decoding=\"async\" class=\"alignnone size-full wp-image-7498\" src=\"https:\/\/www.andrefrereditions.com\/wp-content\/uploads\/2013\/11\/stanley-greene-western-front-andre-frere-editions_4.jpg\" alt=\"stanley-greene-western-front-andre-frere-editions_4\" width=\"430\" height=\"287\" srcset=\"https:\/\/www.andrefrereditions.com\/wp-content\/uploads\/2013\/11\/stanley-greene-western-front-andre-frere-editions_4.jpg 430w, https:\/\/www.andrefrereditions.com\/wp-content\/uploads\/2013\/11\/stanley-greene-western-front-andre-frere-editions_4-420x280.jpg 420w, https:\/\/www.andrefrereditions.com\/wp-content\/uploads\/2013\/11\/stanley-greene-western-front-andre-frere-editions_4-300x200.jpg 300w\" sizes=\"auto, (max-width: 430px) 100vw, 430px\" \/><\/p>\n<p>Thus 400 contact sheets from this period were made a few years later, when Teun van der Heijden &#8211; who directed the design of the Stanley\u2019s book Black Passport &#8211; found the few prints the photographer had. Some images have been exhibited in Perpignan five years ago and the book is finally released for the 25th anniversary of Visa pour l\u2019image. Since the success of Black Passport in 2009 (the award-winning book designed by the same book designer), Stanley Greene has not published a thematic book.<\/p>\n<p><img loading=\"lazy\" decoding=\"async\" class=\"alignnone size-full wp-image-7500\" src=\"https:\/\/www.andrefrereditions.com\/wp-content\/uploads\/2013\/11\/stanley-greene-western-front-andre-frere-editions_5.jpg\" alt=\"stanley-greene-western-front-andre-frere-editions_5\" width=\"430\" height=\"645\" srcset=\"https:\/\/www.andrefrereditions.com\/wp-content\/uploads\/2013\/11\/stanley-greene-western-front-andre-frere-editions_5.jpg 430w, https:\/\/www.andrefrereditions.com\/wp-content\/uploads\/2013\/11\/stanley-greene-western-front-andre-frere-editions_5-420x630.jpg 420w, https:\/\/www.andrefrereditions.com\/wp-content\/uploads\/2013\/11\/stanley-greene-western-front-andre-frere-editions_5-200x300.jpg 200w\" sizes=\"auto, (max-width: 430px) 100vw, 430px\" \/><\/p>\n<p class=\"bio-auteur\">Born in 1949 in Brooklyn, New York, Stanley Greene has worked around the world as a photojournalist. His most famous work is his coverage of the war in Chechnya. He has received, among others, the W. Eugene Smith prize and the World Press five times. He has published several books, including Open Wound published by Trolley, and Black Passport. Stanley is a founding member of the Noor agency. He is based in Paris and New York.<\/p>\n","protected":false},"excerpt":{"rendered":"<p>Photographs and texts: Stanley Greene Graphic design: Teun van der Heijden\u200b 176 pages Size: 24,5 x 34,5 cm Hardcover 110 images Texts in English &amp; French ISBN: 979-10-92265-03-3 Price: 53,50 \u20ac Headprint avalaible \u00abI began photographing musicians in 1975, in fact they were my roommates, the punk movement was just starting, so sometimes I took [&hellip;]<\/p>\n","protected":false},"featured_media":304,"template":"","meta":[],"product_brand":[],"product_cat":[37],"product_tag":[],"class_list":{"0":"post-374","1":"product","2":"type-product","3":"status-publish","4":"has-post-thumbnail","6":"product_cat-photography","7":"product_shipping_class-c3-en","9":"first","10":"instock","11":"shipping-taxable","12":"purchasable","13":"product-type-simple"},"yoast_head":"<!-- This site is optimized with the Yoast SEO plugin v27.5 - https:\/\/yoast.com\/product\/yoast-seo-wordpress\/ -->\n<title>The Western Front by Stanley Greene | Andr\u00e9 Fr\u00e8re \u00c9ditions<\/title>\n<meta name=\"description\" content=\"Andr\u00e9 Fr\u00e8re \u00c9ditions releases The Western Front, a thematic book from photographer Stanley Greene, conctsheets of punks bands in San Francisco about 1975\" \/>\n<meta name=\"robots\" content=\"index, follow, max-snippet:-1, max-image-preview:large, max-video-preview:-1\" \/>\n<link rel=\"canonical\" href=\"https:\/\/www.andrefrereditions.com\/en\/books\/photography\/the-western-front\/\" \/>\n<meta property=\"og:locale\" content=\"en_US\" \/>\n<meta property=\"og:type\" content=\"article\" \/>\n<meta property=\"og:title\" content=\"The Western Front by Stanley Greene | Andr\u00e9 Fr\u00e8re \u00c9ditions\" \/>\n<meta property=\"og:description\" content=\"Andr\u00e9 Fr\u00e8re \u00c9ditions releases The Western Front, a thematic book from photographer Stanley Greene, conctsheets of punks bands in San Francisco about 1975\" \/>\n<meta property=\"og:url\" content=\"https:\/\/www.andrefrereditions.com\/en\/books\/photography\/the-western-front\/\" \/>\n<meta property=\"og:site_name\" content=\"Andr\u00e9 Fr\u00e8re \u00c9ditions\" \/>\n<meta property=\"article:modified_time\" content=\"2025-06-26T09:19:11+00:00\" \/>\n<meta property=\"og:image\" content=\"https:\/\/www.andrefrereditions.com\/wp-content\/uploads\/2013\/11\/the-western-front-stanley-greene-andre-frere-editions.jpg\" \/>\n\t<meta property=\"og:image:width\" content=\"396\" \/>\n\t<meta property=\"og:image:height\" content=\"566\" \/>\n\t<meta property=\"og:image:type\" content=\"image\/jpeg\" \/>\n<meta name=\"twitter:label1\" content=\"Est. reading time\" \/>\n\t<meta name=\"twitter:data1\" content=\"2 minutes\" \/>\n<script type=\"application\/ld+json\" class=\"yoast-schema-graph\">{\"@context\":\"https:\\\/\\\/schema.org\",\"@graph\":[{\"@type\":\"WebPage\",\"@id\":\"https:\\\/\\\/www.andrefrereditions.com\\\/en\\\/books\\\/photography\\\/the-western-front\\\/\",\"url\":\"https:\\\/\\\/www.andrefrereditions.com\\\/en\\\/books\\\/photography\\\/the-western-front\\\/\",\"name\":\"The Western Front by Stanley Greene | Andr\u00e9 Fr\u00e8re \u00c9ditions\",\"isPartOf\":{\"@id\":\"https:\\\/\\\/www.andrefrereditions.com\\\/en\\\/#website\"},\"primaryImageOfPage\":{\"@id\":\"https:\\\/\\\/www.andrefrereditions.com\\\/en\\\/books\\\/photography\\\/the-western-front\\\/#primaryimage\"},\"image\":{\"@id\":\"https:\\\/\\\/www.andrefrereditions.com\\\/en\\\/books\\\/photography\\\/the-western-front\\\/#primaryimage\"},\"thumbnailUrl\":\"https:\\\/\\\/www.andrefrereditions.com\\\/wp-content\\\/uploads\\\/2013\\\/11\\\/the-western-front-stanley-greene-andre-frere-editions.jpg\",\"datePublished\":\"2013-11-28T20:08:17+00:00\",\"dateModified\":\"2025-06-26T09:19:11+00:00\",\"description\":\"Andr\u00e9 Fr\u00e8re \u00c9ditions releases The Western Front, a thematic book from photographer Stanley Greene, conctsheets of punks bands in San Francisco about 1975\",\"breadcrumb\":{\"@id\":\"https:\\\/\\\/www.andrefrereditions.com\\\/en\\\/books\\\/photography\\\/the-western-front\\\/#breadcrumb\"},\"inLanguage\":\"en-US\",\"potentialAction\":[{\"@type\":\"ReadAction\",\"target\":[\"https:\\\/\\\/www.andrefrereditions.com\\\/en\\\/books\\\/photography\\\/the-western-front\\\/\"]}]},{\"@type\":\"ImageObject\",\"inLanguage\":\"en-US\",\"@id\":\"https:\\\/\\\/www.andrefrereditions.com\\\/en\\\/books\\\/photography\\\/the-western-front\\\/#primaryimage\",\"url\":\"https:\\\/\\\/www.andrefrereditions.com\\\/wp-content\\\/uploads\\\/2013\\\/11\\\/the-western-front-stanley-greene-andre-frere-editions.jpg\",\"contentUrl\":\"https:\\\/\\\/www.andrefrereditions.com\\\/wp-content\\\/uploads\\\/2013\\\/11\\\/the-western-front-stanley-greene-andre-frere-editions.jpg\",\"width\":396,\"height\":566,\"caption\":\"Couverture de l\u2019ouvrage \u00abThe Western Front\u00bb de Stanley Greene publi\u00e9 aux \u00c9ditions Andr\u00e9 Fr\u00e8re\"},{\"@type\":\"BreadcrumbList\",\"@id\":\"https:\\\/\\\/www.andrefrereditions.com\\\/en\\\/books\\\/photography\\\/the-western-front\\\/#breadcrumb\",\"itemListElement\":[{\"@type\":\"ListItem\",\"position\":1,\"name\":\"Home\",\"item\":\"https:\\\/\\\/www.andrefrereditions.com\\\/en\\\/\"},{\"@type\":\"ListItem\",\"position\":2,\"name\":\"Books\",\"item\":\"https:\\\/\\\/www.andrefrereditions.com\\\/en\\\/books\\\/\"},{\"@type\":\"ListItem\",\"position\":3,\"name\":\"The Western Front\"}]},{\"@type\":\"WebSite\",\"@id\":\"https:\\\/\\\/www.andrefrereditions.com\\\/en\\\/#website\",\"url\":\"https:\\\/\\\/www.andrefrereditions.com\\\/en\\\/\",\"name\":\"Andr\u00e9 Fr\u00e8re \u00c9ditions\",\"description\":\"\u00c9dition ind\u00e9pendante de photographie et d\u2019art\",\"publisher\":{\"@id\":\"https:\\\/\\\/www.andrefrereditions.com\\\/en\\\/#organization\"},\"potentialAction\":[{\"@type\":\"SearchAction\",\"target\":{\"@type\":\"EntryPoint\",\"urlTemplate\":\"https:\\\/\\\/www.andrefrereditions.com\\\/en\\\/?s={search_term_string}\"},\"query-input\":{\"@type\":\"PropertyValueSpecification\",\"valueRequired\":true,\"valueName\":\"search_term_string\"}}],\"inLanguage\":\"en-US\"},{\"@type\":\"Organization\",\"@id\":\"https:\\\/\\\/www.andrefrereditions.com\\\/en\\\/#organization\",\"name\":\"Andr\u00e9 Fr\u00e8re \u00c9ditions\",\"url\":\"https:\\\/\\\/www.andrefrereditions.com\\\/en\\\/\",\"logo\":{\"@type\":\"ImageObject\",\"inLanguage\":\"en-US\",\"@id\":\"https:\\\/\\\/www.andrefrereditions.com\\\/en\\\/#\\\/schema\\\/logo\\\/image\\\/\",\"url\":\"https:\\\/\\\/www.andrefrereditions.com\\\/wp-content\\\/uploads\\\/2014\\\/12\\\/andre-frere-editions-logo.png\",\"contentUrl\":\"https:\\\/\\\/www.andrefrereditions.com\\\/wp-content\\\/uploads\\\/2014\\\/12\\\/andre-frere-editions-logo.png\",\"width\":80,\"height\":79,\"caption\":\"Andr\u00e9 Fr\u00e8re \u00c9ditions\"},\"image\":{\"@id\":\"https:\\\/\\\/www.andrefrereditions.com\\\/en\\\/#\\\/schema\\\/logo\\\/image\\\/\"}}]}<\/script>\n<!-- \/ Yoast SEO plugin. -->","yoast_head_json":{"title":"The Western Front by Stanley Greene | Andr\u00e9 Fr\u00e8re \u00c9ditions","description":"Andr\u00e9 Fr\u00e8re \u00c9ditions releases The Western Front, a thematic book from photographer Stanley Greene, conctsheets of punks bands in San Francisco about 1975","robots":{"index":"index","follow":"follow","max-snippet":"max-snippet:-1","max-image-preview":"max-image-preview:large","max-video-preview":"max-video-preview:-1"},"canonical":"https:\/\/www.andrefrereditions.com\/en\/books\/photography\/the-western-front\/","og_locale":"en_US","og_type":"article","og_title":"The Western Front by Stanley Greene | Andr\u00e9 Fr\u00e8re \u00c9ditions","og_description":"Andr\u00e9 Fr\u00e8re \u00c9ditions releases The Western Front, a thematic book from photographer Stanley Greene, conctsheets of punks bands in San Francisco about 1975","og_url":"https:\/\/www.andrefrereditions.com\/en\/books\/photography\/the-western-front\/","og_site_name":"Andr\u00e9 Fr\u00e8re \u00c9ditions","article_modified_time":"2025-06-26T09:19:11+00:00","og_image":[{"width":396,"height":566,"url":"https:\/\/www.andrefrereditions.com\/wp-content\/uploads\/2013\/11\/the-western-front-stanley-greene-andre-frere-editions.jpg","type":"image\/jpeg"}],"twitter_misc":{"Est. reading time":"2 minutes"},"schema":{"@context":"https:\/\/schema.org","@graph":[{"@type":"WebPage","@id":"https:\/\/www.andrefrereditions.com\/en\/books\/photography\/the-western-front\/","url":"https:\/\/www.andrefrereditions.com\/en\/books\/photography\/the-western-front\/","name":"The Western Front by Stanley Greene | Andr\u00e9 Fr\u00e8re \u00c9ditions","isPartOf":{"@id":"https:\/\/www.andrefrereditions.com\/en\/#website"},"primaryImageOfPage":{"@id":"https:\/\/www.andrefrereditions.com\/en\/books\/photography\/the-western-front\/#primaryimage"},"image":{"@id":"https:\/\/www.andrefrereditions.com\/en\/books\/photography\/the-western-front\/#primaryimage"},"thumbnailUrl":"https:\/\/www.andrefrereditions.com\/wp-content\/uploads\/2013\/11\/the-western-front-stanley-greene-andre-frere-editions.jpg","datePublished":"2013-11-28T20:08:17+00:00","dateModified":"2025-06-26T09:19:11+00:00","description":"Andr\u00e9 Fr\u00e8re \u00c9ditions releases The Western Front, a thematic book from photographer Stanley Greene, conctsheets of punks bands in San Francisco about 1975","breadcrumb":{"@id":"https:\/\/www.andrefrereditions.com\/en\/books\/photography\/the-western-front\/#breadcrumb"},"inLanguage":"en-US","potentialAction":[{"@type":"ReadAction","target":["https:\/\/www.andrefrereditions.com\/en\/books\/photography\/the-western-front\/"]}]},{"@type":"ImageObject","inLanguage":"en-US","@id":"https:\/\/www.andrefrereditions.com\/en\/books\/photography\/the-western-front\/#primaryimage","url":"https:\/\/www.andrefrereditions.com\/wp-content\/uploads\/2013\/11\/the-western-front-stanley-greene-andre-frere-editions.jpg","contentUrl":"https:\/\/www.andrefrereditions.com\/wp-content\/uploads\/2013\/11\/the-western-front-stanley-greene-andre-frere-editions.jpg","width":396,"height":566,"caption":"Couverture de l\u2019ouvrage \u00abThe Western Front\u00bb de Stanley Greene publi\u00e9 aux \u00c9ditions Andr\u00e9 Fr\u00e8re"},{"@type":"BreadcrumbList","@id":"https:\/\/www.andrefrereditions.com\/en\/books\/photography\/the-western-front\/#breadcrumb","itemListElement":[{"@type":"ListItem","position":1,"name":"Home","item":"https:\/\/www.andrefrereditions.com\/en\/"},{"@type":"ListItem","position":2,"name":"Books","item":"https:\/\/www.andrefrereditions.com\/en\/books\/"},{"@type":"ListItem","position":3,"name":"The Western Front"}]},{"@type":"WebSite","@id":"https:\/\/www.andrefrereditions.com\/en\/#website","url":"https:\/\/www.andrefrereditions.com\/en\/","name":"Andr\u00e9 Fr\u00e8re \u00c9ditions","description":"\u00c9dition ind\u00e9pendante de photographie et d\u2019art","publisher":{"@id":"https:\/\/www.andrefrereditions.com\/en\/#organization"},"potentialAction":[{"@type":"SearchAction","target":{"@type":"EntryPoint","urlTemplate":"https:\/\/www.andrefrereditions.com\/en\/?s={search_term_string}"},"query-input":{"@type":"PropertyValueSpecification","valueRequired":true,"valueName":"search_term_string"}}],"inLanguage":"en-US"},{"@type":"Organization","@id":"https:\/\/www.andrefrereditions.com\/en\/#organization","name":"Andr\u00e9 Fr\u00e8re \u00c9ditions","url":"https:\/\/www.andrefrereditions.com\/en\/","logo":{"@type":"ImageObject","inLanguage":"en-US","@id":"https:\/\/www.andrefrereditions.com\/en\/#\/schema\/logo\/image\/","url":"https:\/\/www.andrefrereditions.com\/wp-content\/uploads\/2014\/12\/andre-frere-editions-logo.png","contentUrl":"https:\/\/www.andrefrereditions.com\/wp-content\/uploads\/2014\/12\/andre-frere-editions-logo.png","width":80,"height":79,"caption":"Andr\u00e9 Fr\u00e8re \u00c9ditions"},"image":{"@id":"https:\/\/www.andrefrereditions.com\/en\/#\/schema\/logo\/image\/"}}]}},"_links":{"self":[{"href":"https:\/\/www.andrefrereditions.com\/en\/wp-json\/wp\/v2\/product\/374","targetHints":{"allow":["GET"]}}],"collection":[{"href":"https:\/\/www.andrefrereditions.com\/en\/wp-json\/wp\/v2\/product"}],"about":[{"href":"https:\/\/www.andrefrereditions.com\/en\/wp-json\/wp\/v2\/types\/product"}],"wp:featuredmedia":[{"embeddable":true,"href":"https:\/\/www.andrefrereditions.com\/en\/wp-json\/wp\/v2\/media\/304"}],"wp:attachment":[{"href":"https:\/\/www.andrefrereditions.com\/en\/wp-json\/wp\/v2\/media?parent=374"}],"wp:term":[{"taxonomy":"product_brand","embeddable":true,"href":"https:\/\/www.andrefrereditions.com\/en\/wp-json\/wp\/v2\/product_brand?post=374"},{"taxonomy":"product_cat","embeddable":true,"href":"https:\/\/www.andrefrereditions.com\/en\/wp-json\/wp\/v2\/product_cat?post=374"},{"taxonomy":"product_tag","embeddable":true,"href":"https:\/\/www.andrefrereditions.com\/en\/wp-json\/wp\/v2\/product_tag?post=374"}],"curies":[{"name":"wp","href":"https:\/\/api.w.org\/{rel}","templated":true}]}}