{"id":376,"date":"2013-11-28T21:03:36","date_gmt":"2013-11-28T20:07:36","guid":{"rendered":"http:\/\/www.andrefrereditions.com\/books\/non-classe\/odysseia-2\/"},"modified":"2025-06-26T11:14:49","modified_gmt":"2025-06-26T09:14:49","slug":"odysseia","status":"publish","type":"product","link":"https:\/\/www.andrefrereditions.com\/en\/books\/photography\/odysseia\/","title":{"rendered":"Odysseia"},"content":{"rendered":"<ul class=\"infos-livre\">\n<li>Size (closed) 165 x 212 mm<\/li>\n<li>192 pages<\/li>\n<li>Hardcover<\/li>\n<li>Photographs : Antoine d\u2019Agata<br \/>\nTexts : Antoine d\u2019Agata<br \/>\nBruno Le Dantec<br \/>\nRafael Garido<\/li>\n<li>ISBN: 979-10-92265-05-7<\/li>\n<li>Price: \u20ac32<\/li>\n<\/ul>\n<blockquote><p>When I was on the ground, I constantly questioned the usefulness of my presence. I photographed people dying, to show them to those who let them die.<br \/>\n<cite>Antoine d\u2019Agata<\/cite><\/p><\/blockquote>\n<blockquote><p>\u00abDetails bored Antoine d&#8217;Agata. The reality is the men and their trials. Here, there is nothing like a haunting documentary concern or a complex construction. The project simply reports activities like walking, eating, staying warm and sleeping. The everyday life of a world in-between, made of nomadism and inertia.<br \/>\nHence the intensity, the density of sequences that couldn\u2019t be told in any way. The linear narrative is absent. Antoine d&#8217;Agata is the photographer who\u2019s the most stubbornly photographer ever. Still he persists in his pursuit of another corporation. This business can\u2019t be practiced without values.<br \/>\nIn fact, Antoine d&#8217;Agata has never really been a fan of photojournalism. The paper, dry and flat, is a sham. The event never took place. One can\u2019t mimic emotions that one does not feel. D\u2019Agata is perhaps entirely in these shots somewhere. With him, the modern image gets closer to despair, it faces the human distress and, perhaps, finds a new life among all that.\u00bb<br \/>\n<cite>Fran\u00e7ois Cheval<\/cite><\/p><\/blockquote>\n<p><em>Odysseia<\/em> includes:<br \/>\n&#8211; Texts by Bruno Le Dantec, Rafael Garido,<br \/>\n&#8211; Several words of migrants,<br \/>\n&#8211; A text by Antoine d&#8217;Agata, Bruno Le Dantec and Rafael Garido based on statistical datas about European immigration.<br \/>\n&#8211; Photographs and images from the video recordings.<\/p>\n<p class=\"bio-auteur\">Member of Magnum Photos, Antoine d&#8217;Agata followed migrants in Morocco, Tunisia, Libya, Greece, Bulgaria, Ukraine, Slovakia and Hungary, finding in each of their courses the dimension of a personal Odyssey. Through photography and video, the artist invites us to understand the reality of these routes, to share the lives of these anonymous, lives made of \u200b\u200broads, homes, detention centers, port areas&#8230;<\/p>\n","protected":false},"excerpt":{"rendered":"<p>Size (closed) 165 x 212 mm 192 pages Hardcover Photographs : Antoine d\u2019Agata Texts : Antoine d\u2019Agata Bruno Le Dantec Rafael Garido ISBN: 979-10-92265-05-7 Price: \u20ac32 When I was on the ground, I constantly questioned the usefulness of my presence. I photographed people dying, to show them to those who let them die. Antoine d\u2019Agata [&hellip;]<\/p>\n","protected":false},"featured_media":295,"template":"","meta":[],"product_brand":[],"product_cat":[37],"product_tag":[],"class_list":{"0":"post-376","1":"product","2":"type-product","3":"status-publish","4":"has-post-thumbnail","6":"product_cat-photography","7":"product_shipping_class-c2-en","9":"first","10":"instock","11":"shipping-taxable","12":"purchasable","13":"product-type-simple"},"yoast_head":"<!-- This site is optimized with the Yoast SEO plugin v27.5 - https:\/\/yoast.com\/product\/yoast-seo-wordpress\/ -->\n<title>Odysseia by Antoine d\u2019Agata | Andr\u00e9 Fr\u00e8re \u00c9ditions<\/title>\n<meta name=\"description\" content=\"Andr\u00e9 Fr\u00e8re \u00c9ditions releases Odysseia by Antoine d\u2019Agata. Antoine d\u2019Agata has followed migrants and transforms each one&#039;s trip in an odyssey.\" \/>\n<meta name=\"robots\" content=\"index, follow, max-snippet:-1, max-image-preview:large, max-video-preview:-1\" \/>\n<link rel=\"canonical\" href=\"https:\/\/www.andrefrereditions.com\/en\/books\/photography\/odysseia\/\" \/>\n<meta property=\"og:locale\" content=\"en_US\" \/>\n<meta property=\"og:type\" content=\"article\" \/>\n<meta property=\"og:title\" content=\"Odysseia by Antoine d\u2019Agata | Andr\u00e9 Fr\u00e8re \u00c9ditions\" \/>\n<meta property=\"og:description\" content=\"Andr\u00e9 Fr\u00e8re \u00c9ditions releases Odysseia by Antoine d\u2019Agata. Antoine d\u2019Agata has followed migrants and transforms each one&#039;s trip in an odyssey.\" \/>\n<meta property=\"og:url\" content=\"https:\/\/www.andrefrereditions.com\/en\/books\/photography\/odysseia\/\" \/>\n<meta property=\"og:site_name\" content=\"Andr\u00e9 Fr\u00e8re \u00c9ditions\" \/>\n<meta property=\"article:modified_time\" content=\"2025-06-26T09:14:49+00:00\" \/>\n<meta property=\"og:image\" content=\"https:\/\/www.andrefrereditions.com\/wp-content\/uploads\/2013\/11\/odysseia-antoine-d-agatha-andre-frere-editions.jpg\" \/>\n\t<meta property=\"og:image:width\" content=\"280\" \/>\n\t<meta property=\"og:image:height\" content=\"380\" \/>\n\t<meta property=\"og:image:type\" content=\"image\/jpeg\" \/>\n<meta name=\"twitter:label1\" content=\"Est. reading time\" \/>\n\t<meta name=\"twitter:data1\" content=\"2 minutes\" \/>\n<script type=\"application\/ld+json\" class=\"yoast-schema-graph\">{\"@context\":\"https:\\\/\\\/schema.org\",\"@graph\":[{\"@type\":\"WebPage\",\"@id\":\"https:\\\/\\\/www.andrefrereditions.com\\\/en\\\/books\\\/photography\\\/odysseia\\\/\",\"url\":\"https:\\\/\\\/www.andrefrereditions.com\\\/en\\\/books\\\/photography\\\/odysseia\\\/\",\"name\":\"Odysseia by Antoine d\u2019Agata | Andr\u00e9 Fr\u00e8re \u00c9ditions\",\"isPartOf\":{\"@id\":\"https:\\\/\\\/www.andrefrereditions.com\\\/en\\\/#website\"},\"primaryImageOfPage\":{\"@id\":\"https:\\\/\\\/www.andrefrereditions.com\\\/en\\\/books\\\/photography\\\/odysseia\\\/#primaryimage\"},\"image\":{\"@id\":\"https:\\\/\\\/www.andrefrereditions.com\\\/en\\\/books\\\/photography\\\/odysseia\\\/#primaryimage\"},\"thumbnailUrl\":\"https:\\\/\\\/www.andrefrereditions.com\\\/wp-content\\\/uploads\\\/2013\\\/11\\\/odysseia-antoine-d-agatha-andre-frere-editions.jpg\",\"datePublished\":\"2013-11-28T20:07:36+00:00\",\"dateModified\":\"2025-06-26T09:14:49+00:00\",\"description\":\"Andr\u00e9 Fr\u00e8re \u00c9ditions releases Odysseia by Antoine d\u2019Agata. Antoine d\u2019Agata has followed migrants and transforms each one's trip in an odyssey.\",\"breadcrumb\":{\"@id\":\"https:\\\/\\\/www.andrefrereditions.com\\\/en\\\/books\\\/photography\\\/odysseia\\\/#breadcrumb\"},\"inLanguage\":\"en-US\",\"potentialAction\":[{\"@type\":\"ReadAction\",\"target\":[\"https:\\\/\\\/www.andrefrereditions.com\\\/en\\\/books\\\/photography\\\/odysseia\\\/\"]}]},{\"@type\":\"ImageObject\",\"inLanguage\":\"en-US\",\"@id\":\"https:\\\/\\\/www.andrefrereditions.com\\\/en\\\/books\\\/photography\\\/odysseia\\\/#primaryimage\",\"url\":\"https:\\\/\\\/www.andrefrereditions.com\\\/wp-content\\\/uploads\\\/2013\\\/11\\\/odysseia-antoine-d-agatha-andre-frere-editions.jpg\",\"contentUrl\":\"https:\\\/\\\/www.andrefrereditions.com\\\/wp-content\\\/uploads\\\/2013\\\/11\\\/odysseia-antoine-d-agatha-andre-frere-editions.jpg\",\"width\":280,\"height\":380},{\"@type\":\"BreadcrumbList\",\"@id\":\"https:\\\/\\\/www.andrefrereditions.com\\\/en\\\/books\\\/photography\\\/odysseia\\\/#breadcrumb\",\"itemListElement\":[{\"@type\":\"ListItem\",\"position\":1,\"name\":\"Home\",\"item\":\"https:\\\/\\\/www.andrefrereditions.com\\\/en\\\/\"},{\"@type\":\"ListItem\",\"position\":2,\"name\":\"Books\",\"item\":\"https:\\\/\\\/www.andrefrereditions.com\\\/en\\\/books\\\/\"},{\"@type\":\"ListItem\",\"position\":3,\"name\":\"Odysseia\"}]},{\"@type\":\"WebSite\",\"@id\":\"https:\\\/\\\/www.andrefrereditions.com\\\/en\\\/#website\",\"url\":\"https:\\\/\\\/www.andrefrereditions.com\\\/en\\\/\",\"name\":\"Andr\u00e9 Fr\u00e8re \u00c9ditions\",\"description\":\"\u00c9dition ind\u00e9pendante de photographie et d\u2019art\",\"publisher\":{\"@id\":\"https:\\\/\\\/www.andrefrereditions.com\\\/en\\\/#organization\"},\"potentialAction\":[{\"@type\":\"SearchAction\",\"target\":{\"@type\":\"EntryPoint\",\"urlTemplate\":\"https:\\\/\\\/www.andrefrereditions.com\\\/en\\\/?s={search_term_string}\"},\"query-input\":{\"@type\":\"PropertyValueSpecification\",\"valueRequired\":true,\"valueName\":\"search_term_string\"}}],\"inLanguage\":\"en-US\"},{\"@type\":\"Organization\",\"@id\":\"https:\\\/\\\/www.andrefrereditions.com\\\/en\\\/#organization\",\"name\":\"Andr\u00e9 Fr\u00e8re \u00c9ditions\",\"url\":\"https:\\\/\\\/www.andrefrereditions.com\\\/en\\\/\",\"logo\":{\"@type\":\"ImageObject\",\"inLanguage\":\"en-US\",\"@id\":\"https:\\\/\\\/www.andrefrereditions.com\\\/en\\\/#\\\/schema\\\/logo\\\/image\\\/\",\"url\":\"https:\\\/\\\/www.andrefrereditions.com\\\/wp-content\\\/uploads\\\/2014\\\/12\\\/andre-frere-editions-logo.png\",\"contentUrl\":\"https:\\\/\\\/www.andrefrereditions.com\\\/wp-content\\\/uploads\\\/2014\\\/12\\\/andre-frere-editions-logo.png\",\"width\":80,\"height\":79,\"caption\":\"Andr\u00e9 Fr\u00e8re \u00c9ditions\"},\"image\":{\"@id\":\"https:\\\/\\\/www.andrefrereditions.com\\\/en\\\/#\\\/schema\\\/logo\\\/image\\\/\"}}]}<\/script>\n<!-- \/ Yoast SEO plugin. -->","yoast_head_json":{"title":"Odysseia by Antoine d\u2019Agata | Andr\u00e9 Fr\u00e8re \u00c9ditions","description":"Andr\u00e9 Fr\u00e8re \u00c9ditions releases Odysseia by Antoine d\u2019Agata. Antoine d\u2019Agata has followed migrants and transforms each one's trip in an odyssey.","robots":{"index":"index","follow":"follow","max-snippet":"max-snippet:-1","max-image-preview":"max-image-preview:large","max-video-preview":"max-video-preview:-1"},"canonical":"https:\/\/www.andrefrereditions.com\/en\/books\/photography\/odysseia\/","og_locale":"en_US","og_type":"article","og_title":"Odysseia by Antoine d\u2019Agata | Andr\u00e9 Fr\u00e8re \u00c9ditions","og_description":"Andr\u00e9 Fr\u00e8re \u00c9ditions releases Odysseia by Antoine d\u2019Agata. Antoine d\u2019Agata has followed migrants and transforms each one's trip in an odyssey.","og_url":"https:\/\/www.andrefrereditions.com\/en\/books\/photography\/odysseia\/","og_site_name":"Andr\u00e9 Fr\u00e8re \u00c9ditions","article_modified_time":"2025-06-26T09:14:49+00:00","og_image":[{"width":280,"height":380,"url":"https:\/\/www.andrefrereditions.com\/wp-content\/uploads\/2013\/11\/odysseia-antoine-d-agatha-andre-frere-editions.jpg","type":"image\/jpeg"}],"twitter_misc":{"Est. reading time":"2 minutes"},"schema":{"@context":"https:\/\/schema.org","@graph":[{"@type":"WebPage","@id":"https:\/\/www.andrefrereditions.com\/en\/books\/photography\/odysseia\/","url":"https:\/\/www.andrefrereditions.com\/en\/books\/photography\/odysseia\/","name":"Odysseia by Antoine d\u2019Agata | Andr\u00e9 Fr\u00e8re \u00c9ditions","isPartOf":{"@id":"https:\/\/www.andrefrereditions.com\/en\/#website"},"primaryImageOfPage":{"@id":"https:\/\/www.andrefrereditions.com\/en\/books\/photography\/odysseia\/#primaryimage"},"image":{"@id":"https:\/\/www.andrefrereditions.com\/en\/books\/photography\/odysseia\/#primaryimage"},"thumbnailUrl":"https:\/\/www.andrefrereditions.com\/wp-content\/uploads\/2013\/11\/odysseia-antoine-d-agatha-andre-frere-editions.jpg","datePublished":"2013-11-28T20:07:36+00:00","dateModified":"2025-06-26T09:14:49+00:00","description":"Andr\u00e9 Fr\u00e8re \u00c9ditions releases Odysseia by Antoine d\u2019Agata. Antoine d\u2019Agata has followed migrants and transforms each one's trip in an odyssey.","breadcrumb":{"@id":"https:\/\/www.andrefrereditions.com\/en\/books\/photography\/odysseia\/#breadcrumb"},"inLanguage":"en-US","potentialAction":[{"@type":"ReadAction","target":["https:\/\/www.andrefrereditions.com\/en\/books\/photography\/odysseia\/"]}]},{"@type":"ImageObject","inLanguage":"en-US","@id":"https:\/\/www.andrefrereditions.com\/en\/books\/photography\/odysseia\/#primaryimage","url":"https:\/\/www.andrefrereditions.com\/wp-content\/uploads\/2013\/11\/odysseia-antoine-d-agatha-andre-frere-editions.jpg","contentUrl":"https:\/\/www.andrefrereditions.com\/wp-content\/uploads\/2013\/11\/odysseia-antoine-d-agatha-andre-frere-editions.jpg","width":280,"height":380},{"@type":"BreadcrumbList","@id":"https:\/\/www.andrefrereditions.com\/en\/books\/photography\/odysseia\/#breadcrumb","itemListElement":[{"@type":"ListItem","position":1,"name":"Home","item":"https:\/\/www.andrefrereditions.com\/en\/"},{"@type":"ListItem","position":2,"name":"Books","item":"https:\/\/www.andrefrereditions.com\/en\/books\/"},{"@type":"ListItem","position":3,"name":"Odysseia"}]},{"@type":"WebSite","@id":"https:\/\/www.andrefrereditions.com\/en\/#website","url":"https:\/\/www.andrefrereditions.com\/en\/","name":"Andr\u00e9 Fr\u00e8re \u00c9ditions","description":"\u00c9dition ind\u00e9pendante de photographie et d\u2019art","publisher":{"@id":"https:\/\/www.andrefrereditions.com\/en\/#organization"},"potentialAction":[{"@type":"SearchAction","target":{"@type":"EntryPoint","urlTemplate":"https:\/\/www.andrefrereditions.com\/en\/?s={search_term_string}"},"query-input":{"@type":"PropertyValueSpecification","valueRequired":true,"valueName":"search_term_string"}}],"inLanguage":"en-US"},{"@type":"Organization","@id":"https:\/\/www.andrefrereditions.com\/en\/#organization","name":"Andr\u00e9 Fr\u00e8re \u00c9ditions","url":"https:\/\/www.andrefrereditions.com\/en\/","logo":{"@type":"ImageObject","inLanguage":"en-US","@id":"https:\/\/www.andrefrereditions.com\/en\/#\/schema\/logo\/image\/","url":"https:\/\/www.andrefrereditions.com\/wp-content\/uploads\/2014\/12\/andre-frere-editions-logo.png","contentUrl":"https:\/\/www.andrefrereditions.com\/wp-content\/uploads\/2014\/12\/andre-frere-editions-logo.png","width":80,"height":79,"caption":"Andr\u00e9 Fr\u00e8re \u00c9ditions"},"image":{"@id":"https:\/\/www.andrefrereditions.com\/en\/#\/schema\/logo\/image\/"}}]}},"_links":{"self":[{"href":"https:\/\/www.andrefrereditions.com\/en\/wp-json\/wp\/v2\/product\/376","targetHints":{"allow":["GET"]}}],"collection":[{"href":"https:\/\/www.andrefrereditions.com\/en\/wp-json\/wp\/v2\/product"}],"about":[{"href":"https:\/\/www.andrefrereditions.com\/en\/wp-json\/wp\/v2\/types\/product"}],"wp:featuredmedia":[{"embeddable":true,"href":"https:\/\/www.andrefrereditions.com\/en\/wp-json\/wp\/v2\/media\/295"}],"wp:attachment":[{"href":"https:\/\/www.andrefrereditions.com\/en\/wp-json\/wp\/v2\/media?parent=376"}],"wp:term":[{"taxonomy":"product_brand","embeddable":true,"href":"https:\/\/www.andrefrereditions.com\/en\/wp-json\/wp\/v2\/product_brand?post=376"},{"taxonomy":"product_cat","embeddable":true,"href":"https:\/\/www.andrefrereditions.com\/en\/wp-json\/wp\/v2\/product_cat?post=376"},{"taxonomy":"product_tag","embeddable":true,"href":"https:\/\/www.andrefrereditions.com\/en\/wp-json\/wp\/v2\/product_tag?post=376"}],"curies":[{"name":"wp","href":"https:\/\/api.w.org\/{rel}","templated":true}]}}