{"id":386,"date":"2013-12-01T14:27:09","date_gmt":"2013-12-01T13:27:09","guid":{"rendered":"http:\/\/www.andrefrereditions.com\/books\/non-classe\/paraiso-2\/"},"modified":"2025-06-26T11:12:08","modified_gmt":"2025-06-26T09:12:08","slug":"paraiso","status":"publish","type":"product","link":"https:\/\/www.andrefrereditions.com\/en\/books\/photography\/paraiso\/","title":{"rendered":"Paraiso"},"content":{"rendered":"<ul class=\"infos-livre\">\n<li>Photograph and texts: <a title=\"Wikipedia: Antoine d\u2019Agata [FR]\" href=\"http:\/\/fr.wikipedia.org\/wiki\/Antoine_d%27Agata\" target=\"_blank\">Antoine d\u2019Agata<\/a><\/li>\n<li>64 pages<\/li>\n<li>16 x 23 cm<\/li>\n<li>Softcover<\/li>\n<li>76 pictures<\/li>\n<li>English and Spanish<\/li>\n<li>Co-edition <abbr title=\"Festival Internacional de Fotograf\u00eda en Valpara\u00edso\">FIFV<\/abbr>, Valparaiso<\/li>\n<li>ISBN: 979-10-92265-14-9<\/li>\n<li>\u20ac22.50<\/li>\n<\/ul>\n<p>November 12, 2012: one last rock of cbp crackles on the cap of a bottle of milk. This is the last day of Antoine d&#8217;Agata in Valparaiso, where he was invited by Rodrigo Gomez Rovira, director of the <a title=\"Festival Internacional Fotografia Valparaiso\" href=\"https:\/\/www.facebook.com\/festival.internacional.fotografia.valparaiso\" target=\"_blank\">Valparaiso photo festival<\/a> (<abbr title=\"Festival Internacional de Fotograf\u00eda en Valpara\u00edso\">FIFV<\/abbr>), to participate in a workshop&#8230; Another opportunity for the photographer to enter the night, and show another side of Valparaiso.<\/p>\n<p>In the heart of the city, a form of epiphany is awaiting Antoine d&#8217;Agata: in the fumes and the claustrophobia of the hotel rooms, the society of the spectacle reveals its true face \u2013 cold, pixelated, and addictive.<\/p>\n<p>But crack also attacks the corpses, and death spreads again in the body of the photographer, recalling another experience: the encounter with the ICE, the drug which haunted the photographer during his years spent in Cambodia. <em>Paraiso<\/em> is an experience of involuntary return of the past through drugs, putting the reader face to face with a staggering reality, the fall of the photographer in a world of virtuality that blends memories of the past and indecipherable images of the present.<\/p>\n<p>This is also an opportunity for Antoine d&#8217;Agata to provide a fresh perspective on his diaries, kept in the recent years in Valparaiso and Phnom Penh.<\/p>\n<p><img loading=\"lazy\" decoding=\"async\" class=\"alignnone size-full wp-image-355\" src=\"https:\/\/www.andrefrereditions.com\/wp-content\/uploads\/2013\/12\/paraiso-antoine-agata-andre-frere-1.jpg\" alt=\"Image de l'ouvrage \u00abParaiso\u00bb par Antoine d\u2019Agata aux \u00c9ditions Andr\u00e9 Fr\u00e8re\" width=\"420\" height=\"315\" srcset=\"https:\/\/www.andrefrereditions.com\/wp-content\/uploads\/2013\/12\/paraiso-antoine-agata-andre-frere-1.jpg 420w, https:\/\/www.andrefrereditions.com\/wp-content\/uploads\/2013\/12\/paraiso-antoine-agata-andre-frere-1-300x225.jpg 300w\" sizes=\"auto, (max-width: 420px) 100vw, 420px\" \/><\/p>\n<p>In this tribute book to Sergio Larrain\u2019s <a title=\"Go to Valparaiso photo page on Magnum website\" href=\"https:\/\/www.magnumphotos.com\/Catalogue\/Sergio-Larrain\/1963\/CHILE-Valparaiso-1963-NN134165.html\" target=\"_blank\"><em>Valparaiso<\/em><\/a> (through its shape, size and cover), Antoine d&#8217;Agata describes day by day his stay in Chile, interspersed with flashbacks on the Cambodian experience developed in his <a title=\"Images en Man\u0153uvre \u00c9ditions | ICE\" href=\"http:\/\/www.iemeditions.com\/catalog\/product_info.php?manufacturers_id=33&amp;products_id=463\" target=\"_blank\"><em>ICE<\/em><\/a> book. Diary of an inner journey, <em>Paraiso<\/em> is written in the languages \u200b\u200bspoken by Antoine d&#8217; Agata during his stay in Valparaiso, English and Spanish.<\/p>\n<p><img loading=\"lazy\" decoding=\"async\" class=\"alignnone size-full wp-image-357\" src=\"https:\/\/www.andrefrereditions.com\/wp-content\/uploads\/2013\/12\/paraiso-antoine-agata-andre-frere-2.jpg\" alt=\"Autre image de l'ouvrage \u00abParaiso\u00bb par Antoine d\u2019Agata aux \u00c9ditions Andr\u00e9 Fr\u00e8re\" width=\"430\" height=\"645\" srcset=\"https:\/\/www.andrefrereditions.com\/wp-content\/uploads\/2013\/12\/paraiso-antoine-agata-andre-frere-2.jpg 430w, https:\/\/www.andrefrereditions.com\/wp-content\/uploads\/2013\/12\/paraiso-antoine-agata-andre-frere-2-420x630.jpg 420w, https:\/\/www.andrefrereditions.com\/wp-content\/uploads\/2013\/12\/paraiso-antoine-agata-andre-frere-2-200x300.jpg 200w\" sizes=\"auto, (max-width: 430px) 100vw, 430px\" \/><\/p>\n<p><img loading=\"lazy\" decoding=\"async\" class=\"alignnone size-full wp-image-359\" src=\"https:\/\/www.andrefrereditions.com\/wp-content\/uploads\/2013\/12\/paraiso-antoine-agata-andre-frere-3.jpg\" alt=\"Image de \u00abParaiso\u00bb par Antoine d\u2019Agata aux \u00c9ditions Andr\u00e9 Fr\u00e8re\" width=\"430\" height=\"323\" srcset=\"https:\/\/www.andrefrereditions.com\/wp-content\/uploads\/2013\/12\/paraiso-antoine-agata-andre-frere-3.jpg 430w, https:\/\/www.andrefrereditions.com\/wp-content\/uploads\/2013\/12\/paraiso-antoine-agata-andre-frere-3-420x315.jpg 420w, https:\/\/www.andrefrereditions.com\/wp-content\/uploads\/2013\/12\/paraiso-antoine-agata-andre-frere-3-300x225.jpg 300w\" sizes=\"auto, (max-width: 430px) 100vw, 430px\" \/><\/p>\n<p><img loading=\"lazy\" decoding=\"async\" class=\"alignnone size-full wp-image-361\" src=\"https:\/\/www.andrefrereditions.com\/wp-content\/uploads\/2013\/12\/paraiso-antoine-agata-andre-frere-4.jpg\" alt=\"\u00abParaiso\u00bb Antoine d\u2019Agata aux \u00c9ditions Andr\u00e9 Fr\u00e8re\" width=\"430\" height=\"645\" srcset=\"https:\/\/www.andrefrereditions.com\/wp-content\/uploads\/2013\/12\/paraiso-antoine-agata-andre-frere-4.jpg 430w, https:\/\/www.andrefrereditions.com\/wp-content\/uploads\/2013\/12\/paraiso-antoine-agata-andre-frere-4-420x630.jpg 420w, https:\/\/www.andrefrereditions.com\/wp-content\/uploads\/2013\/12\/paraiso-antoine-agata-andre-frere-4-200x300.jpg 200w\" sizes=\"auto, (max-width: 430px) 100vw, 430px\" \/><\/p>\n","protected":false},"excerpt":{"rendered":"<p>Photograph and texts: Antoine d\u2019Agata 64 pages 16 x 23 cm Softcover 76 pictures English and Spanish Co-edition FIFV, Valparaiso ISBN: 979-10-92265-14-9 \u20ac22.50 November 12, 2012: one last rock of cbp crackles on the cap of a bottle of milk. This is the last day of Antoine d&#8217;Agata in Valparaiso, where he was invited by [&hellip;]<\/p>\n","protected":false},"featured_media":354,"template":"","meta":[],"product_brand":[],"product_cat":[37],"product_tag":[],"class_list":{"0":"post-386","1":"product","2":"type-product","3":"status-publish","4":"has-post-thumbnail","6":"product_cat-photography","7":"product_shipping_class-c1-en","9":"first","10":"instock","11":"shipping-taxable","12":"purchasable","13":"product-type-simple"},"yoast_head":"<!-- This site is optimized with the Yoast SEO plugin v27.5 - https:\/\/yoast.com\/product\/yoast-seo-wordpress\/ -->\n<title>Paraiso by Antoine d\u2019Agata | Andr\u00e9 Fr\u00e8re \u00c9ditions<\/title>\n<meta name=\"description\" content=\"Andr\u00e9 Fr\u00e8re \u00c9ditions releases Paraiso, photographic book by Antoine d\u2019Agata, travel journal about his stay in Valparaiso, Chile.\" \/>\n<meta name=\"robots\" content=\"index, follow, max-snippet:-1, max-image-preview:large, max-video-preview:-1\" \/>\n<link rel=\"canonical\" href=\"https:\/\/www.andrefrereditions.com\/en\/books\/photography\/paraiso\/\" \/>\n<meta property=\"og:locale\" content=\"en_US\" \/>\n<meta property=\"og:type\" content=\"article\" \/>\n<meta property=\"og:title\" content=\"Paraiso by Antoine d\u2019Agata | Andr\u00e9 Fr\u00e8re \u00c9ditions\" \/>\n<meta property=\"og:description\" content=\"Andr\u00e9 Fr\u00e8re \u00c9ditions releases Paraiso, photographic book by Antoine d\u2019Agata, travel journal about his stay in Valparaiso, Chile.\" \/>\n<meta property=\"og:url\" content=\"https:\/\/www.andrefrereditions.com\/en\/books\/photography\/paraiso\/\" \/>\n<meta property=\"og:site_name\" content=\"Andr\u00e9 Fr\u00e8re \u00c9ditions\" \/>\n<meta property=\"article:modified_time\" content=\"2025-06-26T09:12:08+00:00\" \/>\n<meta property=\"og:image\" content=\"https:\/\/www.andrefrereditions.com\/wp-content\/uploads\/2013\/12\/paraiso-antoine-agata-andre-frere-couv.jpg\" \/>\n\t<meta property=\"og:image:width\" content=\"321\" \/>\n\t<meta property=\"og:image:height\" content=\"450\" \/>\n\t<meta property=\"og:image:type\" content=\"image\/jpeg\" \/>\n<meta name=\"twitter:label1\" content=\"Est. reading time\" \/>\n\t<meta name=\"twitter:data1\" content=\"1 minute\" \/>\n<script type=\"application\/ld+json\" class=\"yoast-schema-graph\">{\"@context\":\"https:\\\/\\\/schema.org\",\"@graph\":[{\"@type\":\"WebPage\",\"@id\":\"https:\\\/\\\/www.andrefrereditions.com\\\/en\\\/books\\\/photography\\\/paraiso\\\/\",\"url\":\"https:\\\/\\\/www.andrefrereditions.com\\\/en\\\/books\\\/photography\\\/paraiso\\\/\",\"name\":\"Paraiso by Antoine d\u2019Agata | Andr\u00e9 Fr\u00e8re \u00c9ditions\",\"isPartOf\":{\"@id\":\"https:\\\/\\\/www.andrefrereditions.com\\\/en\\\/#website\"},\"primaryImageOfPage\":{\"@id\":\"https:\\\/\\\/www.andrefrereditions.com\\\/en\\\/books\\\/photography\\\/paraiso\\\/#primaryimage\"},\"image\":{\"@id\":\"https:\\\/\\\/www.andrefrereditions.com\\\/en\\\/books\\\/photography\\\/paraiso\\\/#primaryimage\"},\"thumbnailUrl\":\"https:\\\/\\\/www.andrefrereditions.com\\\/wp-content\\\/uploads\\\/2013\\\/12\\\/paraiso-antoine-agata-andre-frere-couv.jpg\",\"datePublished\":\"2013-12-01T13:27:09+00:00\",\"dateModified\":\"2025-06-26T09:12:08+00:00\",\"description\":\"Andr\u00e9 Fr\u00e8re \u00c9ditions releases Paraiso, photographic book by Antoine d\u2019Agata, travel journal about his stay in Valparaiso, Chile.\",\"breadcrumb\":{\"@id\":\"https:\\\/\\\/www.andrefrereditions.com\\\/en\\\/books\\\/photography\\\/paraiso\\\/#breadcrumb\"},\"inLanguage\":\"en-US\",\"potentialAction\":[{\"@type\":\"ReadAction\",\"target\":[\"https:\\\/\\\/www.andrefrereditions.com\\\/en\\\/books\\\/photography\\\/paraiso\\\/\"]}]},{\"@type\":\"ImageObject\",\"inLanguage\":\"en-US\",\"@id\":\"https:\\\/\\\/www.andrefrereditions.com\\\/en\\\/books\\\/photography\\\/paraiso\\\/#primaryimage\",\"url\":\"https:\\\/\\\/www.andrefrereditions.com\\\/wp-content\\\/uploads\\\/2013\\\/12\\\/paraiso-antoine-agata-andre-frere-couv.jpg\",\"contentUrl\":\"https:\\\/\\\/www.andrefrereditions.com\\\/wp-content\\\/uploads\\\/2013\\\/12\\\/paraiso-antoine-agata-andre-frere-couv.jpg\",\"width\":321,\"height\":450},{\"@type\":\"BreadcrumbList\",\"@id\":\"https:\\\/\\\/www.andrefrereditions.com\\\/en\\\/books\\\/photography\\\/paraiso\\\/#breadcrumb\",\"itemListElement\":[{\"@type\":\"ListItem\",\"position\":1,\"name\":\"Home\",\"item\":\"https:\\\/\\\/www.andrefrereditions.com\\\/en\\\/\"},{\"@type\":\"ListItem\",\"position\":2,\"name\":\"Books\",\"item\":\"https:\\\/\\\/www.andrefrereditions.com\\\/en\\\/books\\\/\"},{\"@type\":\"ListItem\",\"position\":3,\"name\":\"Paraiso\"}]},{\"@type\":\"WebSite\",\"@id\":\"https:\\\/\\\/www.andrefrereditions.com\\\/en\\\/#website\",\"url\":\"https:\\\/\\\/www.andrefrereditions.com\\\/en\\\/\",\"name\":\"Andr\u00e9 Fr\u00e8re \u00c9ditions\",\"description\":\"\u00c9dition ind\u00e9pendante de photographie et d\u2019art\",\"publisher\":{\"@id\":\"https:\\\/\\\/www.andrefrereditions.com\\\/en\\\/#organization\"},\"potentialAction\":[{\"@type\":\"SearchAction\",\"target\":{\"@type\":\"EntryPoint\",\"urlTemplate\":\"https:\\\/\\\/www.andrefrereditions.com\\\/en\\\/?s={search_term_string}\"},\"query-input\":{\"@type\":\"PropertyValueSpecification\",\"valueRequired\":true,\"valueName\":\"search_term_string\"}}],\"inLanguage\":\"en-US\"},{\"@type\":\"Organization\",\"@id\":\"https:\\\/\\\/www.andrefrereditions.com\\\/en\\\/#organization\",\"name\":\"Andr\u00e9 Fr\u00e8re \u00c9ditions\",\"url\":\"https:\\\/\\\/www.andrefrereditions.com\\\/en\\\/\",\"logo\":{\"@type\":\"ImageObject\",\"inLanguage\":\"en-US\",\"@id\":\"https:\\\/\\\/www.andrefrereditions.com\\\/en\\\/#\\\/schema\\\/logo\\\/image\\\/\",\"url\":\"https:\\\/\\\/www.andrefrereditions.com\\\/wp-content\\\/uploads\\\/2014\\\/12\\\/andre-frere-editions-logo.png\",\"contentUrl\":\"https:\\\/\\\/www.andrefrereditions.com\\\/wp-content\\\/uploads\\\/2014\\\/12\\\/andre-frere-editions-logo.png\",\"width\":80,\"height\":79,\"caption\":\"Andr\u00e9 Fr\u00e8re \u00c9ditions\"},\"image\":{\"@id\":\"https:\\\/\\\/www.andrefrereditions.com\\\/en\\\/#\\\/schema\\\/logo\\\/image\\\/\"}}]}<\/script>\n<!-- \/ Yoast SEO plugin. -->","yoast_head_json":{"title":"Paraiso by Antoine d\u2019Agata | Andr\u00e9 Fr\u00e8re \u00c9ditions","description":"Andr\u00e9 Fr\u00e8re \u00c9ditions releases Paraiso, photographic book by Antoine d\u2019Agata, travel journal about his stay in Valparaiso, Chile.","robots":{"index":"index","follow":"follow","max-snippet":"max-snippet:-1","max-image-preview":"max-image-preview:large","max-video-preview":"max-video-preview:-1"},"canonical":"https:\/\/www.andrefrereditions.com\/en\/books\/photography\/paraiso\/","og_locale":"en_US","og_type":"article","og_title":"Paraiso by Antoine d\u2019Agata | Andr\u00e9 Fr\u00e8re \u00c9ditions","og_description":"Andr\u00e9 Fr\u00e8re \u00c9ditions releases Paraiso, photographic book by Antoine d\u2019Agata, travel journal about his stay in Valparaiso, Chile.","og_url":"https:\/\/www.andrefrereditions.com\/en\/books\/photography\/paraiso\/","og_site_name":"Andr\u00e9 Fr\u00e8re \u00c9ditions","article_modified_time":"2025-06-26T09:12:08+00:00","og_image":[{"width":321,"height":450,"url":"https:\/\/www.andrefrereditions.com\/wp-content\/uploads\/2013\/12\/paraiso-antoine-agata-andre-frere-couv.jpg","type":"image\/jpeg"}],"twitter_misc":{"Est. reading time":"1 minute"},"schema":{"@context":"https:\/\/schema.org","@graph":[{"@type":"WebPage","@id":"https:\/\/www.andrefrereditions.com\/en\/books\/photography\/paraiso\/","url":"https:\/\/www.andrefrereditions.com\/en\/books\/photography\/paraiso\/","name":"Paraiso by Antoine d\u2019Agata | Andr\u00e9 Fr\u00e8re \u00c9ditions","isPartOf":{"@id":"https:\/\/www.andrefrereditions.com\/en\/#website"},"primaryImageOfPage":{"@id":"https:\/\/www.andrefrereditions.com\/en\/books\/photography\/paraiso\/#primaryimage"},"image":{"@id":"https:\/\/www.andrefrereditions.com\/en\/books\/photography\/paraiso\/#primaryimage"},"thumbnailUrl":"https:\/\/www.andrefrereditions.com\/wp-content\/uploads\/2013\/12\/paraiso-antoine-agata-andre-frere-couv.jpg","datePublished":"2013-12-01T13:27:09+00:00","dateModified":"2025-06-26T09:12:08+00:00","description":"Andr\u00e9 Fr\u00e8re \u00c9ditions releases Paraiso, photographic book by Antoine d\u2019Agata, travel journal about his stay in Valparaiso, Chile.","breadcrumb":{"@id":"https:\/\/www.andrefrereditions.com\/en\/books\/photography\/paraiso\/#breadcrumb"},"inLanguage":"en-US","potentialAction":[{"@type":"ReadAction","target":["https:\/\/www.andrefrereditions.com\/en\/books\/photography\/paraiso\/"]}]},{"@type":"ImageObject","inLanguage":"en-US","@id":"https:\/\/www.andrefrereditions.com\/en\/books\/photography\/paraiso\/#primaryimage","url":"https:\/\/www.andrefrereditions.com\/wp-content\/uploads\/2013\/12\/paraiso-antoine-agata-andre-frere-couv.jpg","contentUrl":"https:\/\/www.andrefrereditions.com\/wp-content\/uploads\/2013\/12\/paraiso-antoine-agata-andre-frere-couv.jpg","width":321,"height":450},{"@type":"BreadcrumbList","@id":"https:\/\/www.andrefrereditions.com\/en\/books\/photography\/paraiso\/#breadcrumb","itemListElement":[{"@type":"ListItem","position":1,"name":"Home","item":"https:\/\/www.andrefrereditions.com\/en\/"},{"@type":"ListItem","position":2,"name":"Books","item":"https:\/\/www.andrefrereditions.com\/en\/books\/"},{"@type":"ListItem","position":3,"name":"Paraiso"}]},{"@type":"WebSite","@id":"https:\/\/www.andrefrereditions.com\/en\/#website","url":"https:\/\/www.andrefrereditions.com\/en\/","name":"Andr\u00e9 Fr\u00e8re \u00c9ditions","description":"\u00c9dition ind\u00e9pendante de photographie et d\u2019art","publisher":{"@id":"https:\/\/www.andrefrereditions.com\/en\/#organization"},"potentialAction":[{"@type":"SearchAction","target":{"@type":"EntryPoint","urlTemplate":"https:\/\/www.andrefrereditions.com\/en\/?s={search_term_string}"},"query-input":{"@type":"PropertyValueSpecification","valueRequired":true,"valueName":"search_term_string"}}],"inLanguage":"en-US"},{"@type":"Organization","@id":"https:\/\/www.andrefrereditions.com\/en\/#organization","name":"Andr\u00e9 Fr\u00e8re \u00c9ditions","url":"https:\/\/www.andrefrereditions.com\/en\/","logo":{"@type":"ImageObject","inLanguage":"en-US","@id":"https:\/\/www.andrefrereditions.com\/en\/#\/schema\/logo\/image\/","url":"https:\/\/www.andrefrereditions.com\/wp-content\/uploads\/2014\/12\/andre-frere-editions-logo.png","contentUrl":"https:\/\/www.andrefrereditions.com\/wp-content\/uploads\/2014\/12\/andre-frere-editions-logo.png","width":80,"height":79,"caption":"Andr\u00e9 Fr\u00e8re \u00c9ditions"},"image":{"@id":"https:\/\/www.andrefrereditions.com\/en\/#\/schema\/logo\/image\/"}}]}},"_links":{"self":[{"href":"https:\/\/www.andrefrereditions.com\/en\/wp-json\/wp\/v2\/product\/386","targetHints":{"allow":["GET"]}}],"collection":[{"href":"https:\/\/www.andrefrereditions.com\/en\/wp-json\/wp\/v2\/product"}],"about":[{"href":"https:\/\/www.andrefrereditions.com\/en\/wp-json\/wp\/v2\/types\/product"}],"wp:featuredmedia":[{"embeddable":true,"href":"https:\/\/www.andrefrereditions.com\/en\/wp-json\/wp\/v2\/media\/354"}],"wp:attachment":[{"href":"https:\/\/www.andrefrereditions.com\/en\/wp-json\/wp\/v2\/media?parent=386"}],"wp:term":[{"taxonomy":"product_brand","embeddable":true,"href":"https:\/\/www.andrefrereditions.com\/en\/wp-json\/wp\/v2\/product_brand?post=386"},{"taxonomy":"product_cat","embeddable":true,"href":"https:\/\/www.andrefrereditions.com\/en\/wp-json\/wp\/v2\/product_cat?post=386"},{"taxonomy":"product_tag","embeddable":true,"href":"https:\/\/www.andrefrereditions.com\/en\/wp-json\/wp\/v2\/product_tag?post=386"}],"curies":[{"name":"wp","href":"https:\/\/api.w.org\/{rel}","templated":true}]}}