{"id":5825,"date":"2014-09-13T17:34:30","date_gmt":"2014-09-13T15:34:30","guid":{"rendered":"http:\/\/www.andrefrereditions.com\/books\/non-classe\/maydan-hundred-portraits-2\/"},"modified":"2025-06-26T11:19:01","modified_gmt":"2025-06-26T09:19:01","slug":"maydan-hundred-portraits-2","status":"publish","type":"product","link":"https:\/\/www.andrefrereditions.com\/en\/books\/photography\/maydan-hundred-portraits-2\/","title":{"rendered":"Maydan &#8211; Hundred Portraits"},"content":{"rendered":"<ul class=\"infos-livre\">\n<li>Photographs: <a href=\"http:\/\/www.emericlhuisset.com\/\" title=\"Go to \u00c9meric Lhuisset\u2019s personnal website and Portfolio\" target=\"_blank\">\u00c9meric Lhuisset<\/a><\/li>\n<li>Texts: Adrien Goetz et the Maydan rebels<\/li>\n<li>Coproduction with <a href=\"http:\/\/www.editionsparadox.com\/\" title=\"Voir le site des \u00e9ditions Paradox\" target=\"_blank\">Paradox<\/a><\/li>\n<li>224 pages<\/li>\n<li>30 x 40 cm<\/li>\n<li>Softcover<\/li>\n<li>101 colour photographs<\/li>\n<li>Languages: French, English, Ukrainian, Russian, German, Dutch<\/li>\n<li>ISBN: 979-10-92265-23-1<\/li>\n<li>\u20ac29<\/li>\n<li><a href=\"\/?p=5591\" title=\"Go to Maydan \u2013 Hundred Portraits special edition\u2019s page\">Special edition of <em>Maydan&nbsp;\u2013 Hundred Portraits<\/em> available<\/a><\/li>\n<\/ul>\n<p><iframe loading=\"lazy\" src=\"\/\/player.vimeo.com\/video\/107258104?color=b3001e\" width=\"430\" height=\"242\" frameborder=\"0\" webkitallowfullscreen mozallowfullscreen allowfullscreen><\/iframe><\/p>\n<p><img loading=\"lazy\" decoding=\"async\" width=\"430\" height=\"576\" class=\"alignnone size-full wp-image-781\" src=\"https:\/\/www.andrefrereditions.com\/wp-content\/uploads\/2014\/09\/maydan-emeric-lhuisset-andre-frere-editions-1.jpg\" alt=\"maydan-emeric-lhuisset-andre-frere-editions-1\" srcset=\"https:\/\/www.andrefrereditions.com\/wp-content\/uploads\/2014\/09\/maydan-emeric-lhuisset-andre-frere-editions-1.jpg 430w, https:\/\/www.andrefrereditions.com\/wp-content\/uploads\/2014\/09\/maydan-emeric-lhuisset-andre-frere-editions-1-420x563.jpg 420w, https:\/\/www.andrefrereditions.com\/wp-content\/uploads\/2014\/09\/maydan-emeric-lhuisset-andre-frere-editions-1-223x300.jpg 223w\" sizes=\"auto, (max-width: 430px) 100vw, 430px\" \/><\/p>\n<blockquote><p>As Yanukovych\u2019s government had just fallen, as the president was on the run and the police had disappeared from the streets of Kiev, for a very short time power belonged entirely to the people. It\u2019s that time of latency, when everything seems possible, that I tried to capture in the eyes of the people as I asked them two questions: What would you like to see happening now? And, what do you think will happen?<\/p><\/blockquote>\n<p><cite>\u00c9meric Lhuisset<\/cite><\/p>\n<p><img loading=\"lazy\" decoding=\"async\" width=\"430\" height=\"576\" class=\"alignnone size-full wp-image-783\" src=\"https:\/\/www.andrefrereditions.com\/wp-content\/uploads\/2014\/09\/maydan-emeric-lhuisset-andre-frere-editions-2.jpg\" alt=\"maydan-emeric-lhuisset-andre-frere-editions-2\" srcset=\"https:\/\/www.andrefrereditions.com\/wp-content\/uploads\/2014\/09\/maydan-emeric-lhuisset-andre-frere-editions-2.jpg 430w, https:\/\/www.andrefrereditions.com\/wp-content\/uploads\/2014\/09\/maydan-emeric-lhuisset-andre-frere-editions-2-420x563.jpg 420w, https:\/\/www.andrefrereditions.com\/wp-content\/uploads\/2014\/09\/maydan-emeric-lhuisset-andre-frere-editions-2-223x300.jpg 223w\" sizes=\"auto, (max-width: 430px) 100vw, 430px\" \/><\/p>\n<p>Maidan Nezalezhnosti is the name of the main square in the centre of Kiev that became the theatre of pro-EU, anti-government demonstrations at the end of 2013. The protests united thousands of Ukrainians who were tired of the government\u2019s corruption and the Russian grip on their country. After three months the situation escalated when protesters were fired upon by the authorities, leading to the death of more than 100 people \u2013&nbsp;referred to as the \u201cHeavenly Hundred\u201d. <\/p>\n<p><img loading=\"lazy\" decoding=\"async\" width=\"430\" height=\"576\" class=\"alignnone size-full wp-image-785\" src=\"https:\/\/www.andrefrereditions.com\/wp-content\/uploads\/2014\/09\/maydan-emeric-lhuisset-andre-frere-editions-3.jpg\" alt=\"maydan-emeric-lhuisset-andre-frere-editions-3\" srcset=\"https:\/\/www.andrefrereditions.com\/wp-content\/uploads\/2014\/09\/maydan-emeric-lhuisset-andre-frere-editions-3.jpg 430w, https:\/\/www.andrefrereditions.com\/wp-content\/uploads\/2014\/09\/maydan-emeric-lhuisset-andre-frere-editions-3-420x563.jpg 420w, https:\/\/www.andrefrereditions.com\/wp-content\/uploads\/2014\/09\/maydan-emeric-lhuisset-andre-frere-editions-3-223x300.jpg 223w\" sizes=\"auto, (max-width: 430px) 100vw, 430px\" \/><\/p>\n<p>With <em>Maydan &#8211; Hundred Portraits<\/em> Lhuisset brings us to February 2014 and the faces of the revolution. Although anchored in a specific time context, the series conveys a shared and universal sense of hope. Be it in the eyes of the young nurse or the elderly Cossack, one can read the same determination, the same commitment. Together with the written interviews, each photograph becomes the testimony of a recent moment that is already long gone. As the French art critic Adrien Goetz puts it in the introduction to the book, \u201cthe power of these images lies in the power of these words, written by each of them, but in the name of all of them\u201d.<\/p>\n<p><img loading=\"lazy\" decoding=\"async\" width=\"430\" height=\"576\" class=\"alignnone size-full wp-image-787\" src=\"https:\/\/www.andrefrereditions.com\/wp-content\/uploads\/2014\/09\/maydan-emeric-lhuisset-andre-frere-editions-4.jpg\" alt=\"maydan-emeric-lhuisset-andre-frere-editions-4\" srcset=\"https:\/\/www.andrefrereditions.com\/wp-content\/uploads\/2014\/09\/maydan-emeric-lhuisset-andre-frere-editions-4.jpg 430w, https:\/\/www.andrefrereditions.com\/wp-content\/uploads\/2014\/09\/maydan-emeric-lhuisset-andre-frere-editions-4-420x563.jpg 420w, https:\/\/www.andrefrereditions.com\/wp-content\/uploads\/2014\/09\/maydan-emeric-lhuisset-andre-frere-editions-4-223x300.jpg 223w\" sizes=\"auto, (max-width: 430px) 100vw, 430px\" \/><\/p>\n<p><img loading=\"lazy\" decoding=\"async\" width=\"430\" height=\"576\" class=\"alignnone size-full wp-image-789\" src=\"https:\/\/www.andrefrereditions.com\/wp-content\/uploads\/2014\/09\/maydan-emeric-lhuisset-andre-frere-editions-5.jpg\" alt=\"maydan-emeric-lhuisset-andre-frere-editions-5\" srcset=\"https:\/\/www.andrefrereditions.com\/wp-content\/uploads\/2014\/09\/maydan-emeric-lhuisset-andre-frere-editions-5.jpg 430w, https:\/\/www.andrefrereditions.com\/wp-content\/uploads\/2014\/09\/maydan-emeric-lhuisset-andre-frere-editions-5-420x563.jpg 420w, https:\/\/www.andrefrereditions.com\/wp-content\/uploads\/2014\/09\/maydan-emeric-lhuisset-andre-frere-editions-5-223x300.jpg 223w\" sizes=\"auto, (max-width: 430px) 100vw, 430px\" \/><\/p>\n<blockquote><p>When the news broke of Ukraine in 2014, he left to meet the fighters of the revolution. Did he already have in mind the protocol he would follow up on? This parade of Ukrainians, one by one, Maydan Square, this metal door sheet, half-charred, for which to serve as background? And these questions, always the same, that he put everyone? His enthusiasm needs this kind of rules. <\/p>\n<p>For him, the models are also artists of the past, above all when faced with today\u2019s fighters. Over the centuries, before his eyes, it&#8217;s always the same look, the same pride, the same wound, the same war. He never tries to show a picture of combat, not in a time when any witness with a cell phone can create an image that will circle the globe. He seeks to build, through the eyes of fighters he meets, an image that escapes time and anecdote.<\/p>\n<p>The artist told each one they would fill in a questionnaire, that he might better understand their commitment &#8211; they would create for the second time a face of this revolution, they caught the idea, the abstract dimension, floating above them, united them over those few days. The strength of these images goes with the force of these words, scribbled by each, but in the name of all, in those moments, rare in history, when the people had the desire to write and had the power to look ahead.\n<\/p><\/blockquote>\n<p><cite>Adrien Goetz<\/cite><\/p>\n<p><img loading=\"lazy\" decoding=\"async\" width=\"430\" height=\"576\" class=\"alignnone size-full wp-image-791\" src=\"https:\/\/www.andrefrereditions.com\/wp-content\/uploads\/2014\/09\/maydan-emeric-lhuisset-andre-frere-editions-6.jpg\" alt=\"maydan-emeric-lhuisset-andre-frere-editions-6\" srcset=\"https:\/\/www.andrefrereditions.com\/wp-content\/uploads\/2014\/09\/maydan-emeric-lhuisset-andre-frere-editions-6.jpg 430w, https:\/\/www.andrefrereditions.com\/wp-content\/uploads\/2014\/09\/maydan-emeric-lhuisset-andre-frere-editions-6-420x563.jpg 420w, https:\/\/www.andrefrereditions.com\/wp-content\/uploads\/2014\/09\/maydan-emeric-lhuisset-andre-frere-editions-6-223x300.jpg 223w\" sizes=\"auto, (max-width: 430px) 100vw, 430px\" \/><\/p>\n<p><img loading=\"lazy\" decoding=\"async\" width=\"430\" height=\"576\" class=\"alignnone size-full wp-image-793\" src=\"https:\/\/www.andrefrereditions.com\/wp-content\/uploads\/2014\/09\/maydan-emeric-lhuisset-andre-frere-editions-7.jpg\" alt=\"maydan-emeric-lhuisset-andre-frere-editions-7\" srcset=\"https:\/\/www.andrefrereditions.com\/wp-content\/uploads\/2014\/09\/maydan-emeric-lhuisset-andre-frere-editions-7.jpg 430w, https:\/\/www.andrefrereditions.com\/wp-content\/uploads\/2014\/09\/maydan-emeric-lhuisset-andre-frere-editions-7-420x563.jpg 420w, https:\/\/www.andrefrereditions.com\/wp-content\/uploads\/2014\/09\/maydan-emeric-lhuisset-andre-frere-editions-7-223x300.jpg 223w\" sizes=\"auto, (max-width: 430px) 100vw, 430px\" \/><\/p>\n<p>From the first news of Ukraine in 2014, he went to meet the soldiers of the revolution. Had he already had in mind the protocol he followed up on: the parade of Ukrainians, one by one in Maidan, in front of this burnt metal door serving as a background, and these questions, all the same, he asked everyone? <\/p>\n<p>For him, the models are also artists of the past, especially when facing living veterans. Over the centuries, before his eyes, it&#8217;s always the same look, the same pride, the same injury, the same war. He never tries to show a picture of combat, in a time when any witness with a cell phone can create an image that will go around the world; he seeks to build, through the eyes of the fighters he meets, an image that escapes time and anecdote.<\/p>\n<p>In front of each face, he wanted a written page. This is part of the protocol. It is this second part of the device which plays here the role of an Area of Freedom. <\/p>\n<p>The strength of these pictures goes with the strength of the words, traced by everyone, but on behalf of all, in those moments, rare in history, where the people had the desire to write and had the power to do so.<\/p>\n<p><img loading=\"lazy\" decoding=\"async\" width=\"430\" height=\"576\" class=\"alignnone size-full wp-image-795\" src=\"https:\/\/www.andrefrereditions.com\/wp-content\/uploads\/2014\/09\/maydan-emeric-lhuisset-andre-frere-editions-8.jpg\" alt=\"maydan-emeric-lhuisset-andre-frere-editions-8\" srcset=\"https:\/\/www.andrefrereditions.com\/wp-content\/uploads\/2014\/09\/maydan-emeric-lhuisset-andre-frere-editions-8.jpg 430w, https:\/\/www.andrefrereditions.com\/wp-content\/uploads\/2014\/09\/maydan-emeric-lhuisset-andre-frere-editions-8-420x563.jpg 420w, https:\/\/www.andrefrereditions.com\/wp-content\/uploads\/2014\/09\/maydan-emeric-lhuisset-andre-frere-editions-8-223x300.jpg 223w\" sizes=\"auto, (max-width: 430px) 100vw, 430px\" \/><\/p>\n<p><img loading=\"lazy\" decoding=\"async\" width=\"430\" height=\"576\" class=\"alignnone size-full wp-image-797\" src=\"https:\/\/www.andrefrereditions.com\/wp-content\/uploads\/2014\/09\/maydan-emeric-lhuisset-andre-frere-editions-9.jpg\" alt=\"maydan-emeric-lhuisset-andre-frere-editions-9\" srcset=\"https:\/\/www.andrefrereditions.com\/wp-content\/uploads\/2014\/09\/maydan-emeric-lhuisset-andre-frere-editions-9.jpg 430w, https:\/\/www.andrefrereditions.com\/wp-content\/uploads\/2014\/09\/maydan-emeric-lhuisset-andre-frere-editions-9-420x563.jpg 420w, https:\/\/www.andrefrereditions.com\/wp-content\/uploads\/2014\/09\/maydan-emeric-lhuisset-andre-frere-editions-9-223x300.jpg 223w\" sizes=\"auto, (max-width: 430px) 100vw, 430px\" \/><\/p>\n","protected":false},"excerpt":{"rendered":"<p>Photographs: \u00c9meric Lhuisset Texts: Adrien Goetz et the Maydan rebels Coproduction with Paradox 224 pages 30 x 40 cm Softcover 101 colour photographs Languages: French, English, Ukrainian, Russian, German, Dutch ISBN: 979-10-92265-23-1 \u20ac29 Special edition of Maydan&nbsp;\u2013 Hundred Portraits available As Yanukovych\u2019s government had just fallen, as the president was on the run and the [&hellip;]<\/p>\n","protected":false},"featured_media":5870,"template":"","meta":[],"product_brand":[],"product_cat":[37],"product_tag":[],"class_list":{"0":"post-5825","1":"product","2":"type-product","3":"status-publish","4":"has-post-thumbnail","6":"product_cat-photography","7":"product_shipping_class-c3-en","9":"first","10":"outofstock","11":"shipping-taxable","12":"purchasable","13":"product-type-simple"},"yoast_head":"<!-- This site is optimized with the Yoast SEO plugin v27.4 - https:\/\/yoast.com\/product\/yoast-seo-wordpress\/ -->\n<title>Maydan - Hundred Portraits | Andr\u00e9 Fr\u00e8re \u00c9ditions<\/title>\n<meta name=\"description\" content=\"\u00c9meric Lhuisset went to Ukraine to met the revolutionnaries. Maydan - Hundred Portraits displays these portraits and testimonies.\" \/>\n<meta name=\"robots\" content=\"index, follow, max-snippet:-1, max-image-preview:large, max-video-preview:-1\" \/>\n<link rel=\"canonical\" href=\"https:\/\/www.andrefrereditions.com\/en\/books\/photography\/maydan-hundred-portraits-2\/\" \/>\n<meta property=\"og:locale\" content=\"en_US\" \/>\n<meta property=\"og:type\" content=\"article\" \/>\n<meta property=\"og:title\" content=\"Maydan - Hundred Portraits | Andr\u00e9 Fr\u00e8re \u00c9ditions\" \/>\n<meta property=\"og:description\" content=\"\u00c9meric Lhuisset went to Ukraine to met the revolutionnaries. Maydan - Hundred Portraits displays these portraits and testimonies.\" \/>\n<meta property=\"og:url\" content=\"https:\/\/www.andrefrereditions.com\/en\/books\/photography\/maydan-hundred-portraits-2\/\" \/>\n<meta property=\"og:site_name\" content=\"Andr\u00e9 Fr\u00e8re \u00c9ditions\" \/>\n<meta property=\"article:modified_time\" content=\"2025-06-26T09:19:01+00:00\" \/>\n<meta property=\"og:image\" content=\"https:\/\/www.andrefrereditions.com\/wp-content\/uploads\/2014\/09\/maydan-emeric-lhuisset-andre-frere-editions1.jpg\" \/>\n\t<meta property=\"og:image:width\" content=\"290\" \/>\n\t<meta property=\"og:image:height\" content=\"420\" \/>\n\t<meta property=\"og:image:type\" content=\"image\/jpeg\" \/>\n<meta name=\"twitter:label1\" content=\"Est. reading time\" \/>\n\t<meta name=\"twitter:data1\" content=\"4 minutes\" \/>\n<script type=\"application\/ld+json\" class=\"yoast-schema-graph\">{\"@context\":\"https:\\\/\\\/schema.org\",\"@graph\":[{\"@type\":\"WebPage\",\"@id\":\"https:\\\/\\\/www.andrefrereditions.com\\\/en\\\/books\\\/photography\\\/maydan-hundred-portraits-2\\\/\",\"url\":\"https:\\\/\\\/www.andrefrereditions.com\\\/en\\\/books\\\/photography\\\/maydan-hundred-portraits-2\\\/\",\"name\":\"Maydan - Hundred Portraits | Andr\u00e9 Fr\u00e8re \u00c9ditions\",\"isPartOf\":{\"@id\":\"https:\\\/\\\/www.andrefrereditions.com\\\/en\\\/#website\"},\"primaryImageOfPage\":{\"@id\":\"https:\\\/\\\/www.andrefrereditions.com\\\/en\\\/books\\\/photography\\\/maydan-hundred-portraits-2\\\/#primaryimage\"},\"image\":{\"@id\":\"https:\\\/\\\/www.andrefrereditions.com\\\/en\\\/books\\\/photography\\\/maydan-hundred-portraits-2\\\/#primaryimage\"},\"thumbnailUrl\":\"https:\\\/\\\/www.andrefrereditions.com\\\/wp-content\\\/uploads\\\/2014\\\/09\\\/maydan-emeric-lhuisset-andre-frere-editions1.jpg\",\"datePublished\":\"2014-09-13T15:34:30+00:00\",\"dateModified\":\"2025-06-26T09:19:01+00:00\",\"description\":\"\u00c9meric Lhuisset went to Ukraine to met the revolutionnaries. Maydan - Hundred Portraits displays these portraits and testimonies.\",\"breadcrumb\":{\"@id\":\"https:\\\/\\\/www.andrefrereditions.com\\\/en\\\/books\\\/photography\\\/maydan-hundred-portraits-2\\\/#breadcrumb\"},\"inLanguage\":\"en-US\",\"potentialAction\":[{\"@type\":\"ReadAction\",\"target\":[\"https:\\\/\\\/www.andrefrereditions.com\\\/en\\\/books\\\/photography\\\/maydan-hundred-portraits-2\\\/\"]}]},{\"@type\":\"ImageObject\",\"inLanguage\":\"en-US\",\"@id\":\"https:\\\/\\\/www.andrefrereditions.com\\\/en\\\/books\\\/photography\\\/maydan-hundred-portraits-2\\\/#primaryimage\",\"url\":\"https:\\\/\\\/www.andrefrereditions.com\\\/wp-content\\\/uploads\\\/2014\\\/09\\\/maydan-emeric-lhuisset-andre-frere-editions1.jpg\",\"contentUrl\":\"https:\\\/\\\/www.andrefrereditions.com\\\/wp-content\\\/uploads\\\/2014\\\/09\\\/maydan-emeric-lhuisset-andre-frere-editions1.jpg\",\"width\":290,\"height\":420},{\"@type\":\"BreadcrumbList\",\"@id\":\"https:\\\/\\\/www.andrefrereditions.com\\\/en\\\/books\\\/photography\\\/maydan-hundred-portraits-2\\\/#breadcrumb\",\"itemListElement\":[{\"@type\":\"ListItem\",\"position\":1,\"name\":\"Home\",\"item\":\"https:\\\/\\\/www.andrefrereditions.com\\\/en\\\/\"},{\"@type\":\"ListItem\",\"position\":2,\"name\":\"Books\",\"item\":\"https:\\\/\\\/www.andrefrereditions.com\\\/en\\\/books\\\/\"},{\"@type\":\"ListItem\",\"position\":3,\"name\":\"Maydan &#8211; Hundred Portraits\"}]},{\"@type\":\"WebSite\",\"@id\":\"https:\\\/\\\/www.andrefrereditions.com\\\/en\\\/#website\",\"url\":\"https:\\\/\\\/www.andrefrereditions.com\\\/en\\\/\",\"name\":\"Andr\u00e9 Fr\u00e8re \u00c9ditions\",\"description\":\"\u00c9dition ind\u00e9pendante de photographie et d\u2019art\",\"publisher\":{\"@id\":\"https:\\\/\\\/www.andrefrereditions.com\\\/en\\\/#organization\"},\"potentialAction\":[{\"@type\":\"SearchAction\",\"target\":{\"@type\":\"EntryPoint\",\"urlTemplate\":\"https:\\\/\\\/www.andrefrereditions.com\\\/en\\\/?s={search_term_string}\"},\"query-input\":{\"@type\":\"PropertyValueSpecification\",\"valueRequired\":true,\"valueName\":\"search_term_string\"}}],\"inLanguage\":\"en-US\"},{\"@type\":\"Organization\",\"@id\":\"https:\\\/\\\/www.andrefrereditions.com\\\/en\\\/#organization\",\"name\":\"Andr\u00e9 Fr\u00e8re \u00c9ditions\",\"url\":\"https:\\\/\\\/www.andrefrereditions.com\\\/en\\\/\",\"logo\":{\"@type\":\"ImageObject\",\"inLanguage\":\"en-US\",\"@id\":\"https:\\\/\\\/www.andrefrereditions.com\\\/en\\\/#\\\/schema\\\/logo\\\/image\\\/\",\"url\":\"https:\\\/\\\/www.andrefrereditions.com\\\/wp-content\\\/uploads\\\/2014\\\/12\\\/andre-frere-editions-logo.png\",\"contentUrl\":\"https:\\\/\\\/www.andrefrereditions.com\\\/wp-content\\\/uploads\\\/2014\\\/12\\\/andre-frere-editions-logo.png\",\"width\":80,\"height\":79,\"caption\":\"Andr\u00e9 Fr\u00e8re \u00c9ditions\"},\"image\":{\"@id\":\"https:\\\/\\\/www.andrefrereditions.com\\\/en\\\/#\\\/schema\\\/logo\\\/image\\\/\"}}]}<\/script>\n<!-- \/ Yoast SEO plugin. -->","yoast_head_json":{"title":"Maydan - Hundred Portraits | Andr\u00e9 Fr\u00e8re \u00c9ditions","description":"\u00c9meric Lhuisset went to Ukraine to met the revolutionnaries. Maydan - Hundred Portraits displays these portraits and testimonies.","robots":{"index":"index","follow":"follow","max-snippet":"max-snippet:-1","max-image-preview":"max-image-preview:large","max-video-preview":"max-video-preview:-1"},"canonical":"https:\/\/www.andrefrereditions.com\/en\/books\/photography\/maydan-hundred-portraits-2\/","og_locale":"en_US","og_type":"article","og_title":"Maydan - Hundred Portraits | Andr\u00e9 Fr\u00e8re \u00c9ditions","og_description":"\u00c9meric Lhuisset went to Ukraine to met the revolutionnaries. Maydan - Hundred Portraits displays these portraits and testimonies.","og_url":"https:\/\/www.andrefrereditions.com\/en\/books\/photography\/maydan-hundred-portraits-2\/","og_site_name":"Andr\u00e9 Fr\u00e8re \u00c9ditions","article_modified_time":"2025-06-26T09:19:01+00:00","og_image":[{"width":290,"height":420,"url":"https:\/\/www.andrefrereditions.com\/wp-content\/uploads\/2014\/09\/maydan-emeric-lhuisset-andre-frere-editions1.jpg","type":"image\/jpeg"}],"twitter_misc":{"Est. reading time":"4 minutes"},"schema":{"@context":"https:\/\/schema.org","@graph":[{"@type":"WebPage","@id":"https:\/\/www.andrefrereditions.com\/en\/books\/photography\/maydan-hundred-portraits-2\/","url":"https:\/\/www.andrefrereditions.com\/en\/books\/photography\/maydan-hundred-portraits-2\/","name":"Maydan - Hundred Portraits | Andr\u00e9 Fr\u00e8re \u00c9ditions","isPartOf":{"@id":"https:\/\/www.andrefrereditions.com\/en\/#website"},"primaryImageOfPage":{"@id":"https:\/\/www.andrefrereditions.com\/en\/books\/photography\/maydan-hundred-portraits-2\/#primaryimage"},"image":{"@id":"https:\/\/www.andrefrereditions.com\/en\/books\/photography\/maydan-hundred-portraits-2\/#primaryimage"},"thumbnailUrl":"https:\/\/www.andrefrereditions.com\/wp-content\/uploads\/2014\/09\/maydan-emeric-lhuisset-andre-frere-editions1.jpg","datePublished":"2014-09-13T15:34:30+00:00","dateModified":"2025-06-26T09:19:01+00:00","description":"\u00c9meric Lhuisset went to Ukraine to met the revolutionnaries. Maydan - Hundred Portraits displays these portraits and testimonies.","breadcrumb":{"@id":"https:\/\/www.andrefrereditions.com\/en\/books\/photography\/maydan-hundred-portraits-2\/#breadcrumb"},"inLanguage":"en-US","potentialAction":[{"@type":"ReadAction","target":["https:\/\/www.andrefrereditions.com\/en\/books\/photography\/maydan-hundred-portraits-2\/"]}]},{"@type":"ImageObject","inLanguage":"en-US","@id":"https:\/\/www.andrefrereditions.com\/en\/books\/photography\/maydan-hundred-portraits-2\/#primaryimage","url":"https:\/\/www.andrefrereditions.com\/wp-content\/uploads\/2014\/09\/maydan-emeric-lhuisset-andre-frere-editions1.jpg","contentUrl":"https:\/\/www.andrefrereditions.com\/wp-content\/uploads\/2014\/09\/maydan-emeric-lhuisset-andre-frere-editions1.jpg","width":290,"height":420},{"@type":"BreadcrumbList","@id":"https:\/\/www.andrefrereditions.com\/en\/books\/photography\/maydan-hundred-portraits-2\/#breadcrumb","itemListElement":[{"@type":"ListItem","position":1,"name":"Home","item":"https:\/\/www.andrefrereditions.com\/en\/"},{"@type":"ListItem","position":2,"name":"Books","item":"https:\/\/www.andrefrereditions.com\/en\/books\/"},{"@type":"ListItem","position":3,"name":"Maydan &#8211; Hundred Portraits"}]},{"@type":"WebSite","@id":"https:\/\/www.andrefrereditions.com\/en\/#website","url":"https:\/\/www.andrefrereditions.com\/en\/","name":"Andr\u00e9 Fr\u00e8re \u00c9ditions","description":"\u00c9dition ind\u00e9pendante de photographie et d\u2019art","publisher":{"@id":"https:\/\/www.andrefrereditions.com\/en\/#organization"},"potentialAction":[{"@type":"SearchAction","target":{"@type":"EntryPoint","urlTemplate":"https:\/\/www.andrefrereditions.com\/en\/?s={search_term_string}"},"query-input":{"@type":"PropertyValueSpecification","valueRequired":true,"valueName":"search_term_string"}}],"inLanguage":"en-US"},{"@type":"Organization","@id":"https:\/\/www.andrefrereditions.com\/en\/#organization","name":"Andr\u00e9 Fr\u00e8re \u00c9ditions","url":"https:\/\/www.andrefrereditions.com\/en\/","logo":{"@type":"ImageObject","inLanguage":"en-US","@id":"https:\/\/www.andrefrereditions.com\/en\/#\/schema\/logo\/image\/","url":"https:\/\/www.andrefrereditions.com\/wp-content\/uploads\/2014\/12\/andre-frere-editions-logo.png","contentUrl":"https:\/\/www.andrefrereditions.com\/wp-content\/uploads\/2014\/12\/andre-frere-editions-logo.png","width":80,"height":79,"caption":"Andr\u00e9 Fr\u00e8re \u00c9ditions"},"image":{"@id":"https:\/\/www.andrefrereditions.com\/en\/#\/schema\/logo\/image\/"}}]}},"_links":{"self":[{"href":"https:\/\/www.andrefrereditions.com\/en\/wp-json\/wp\/v2\/product\/5825","targetHints":{"allow":["GET"]}}],"collection":[{"href":"https:\/\/www.andrefrereditions.com\/en\/wp-json\/wp\/v2\/product"}],"about":[{"href":"https:\/\/www.andrefrereditions.com\/en\/wp-json\/wp\/v2\/types\/product"}],"wp:featuredmedia":[{"embeddable":true,"href":"https:\/\/www.andrefrereditions.com\/en\/wp-json\/wp\/v2\/media\/5870"}],"wp:attachment":[{"href":"https:\/\/www.andrefrereditions.com\/en\/wp-json\/wp\/v2\/media?parent=5825"}],"wp:term":[{"taxonomy":"product_brand","embeddable":true,"href":"https:\/\/www.andrefrereditions.com\/en\/wp-json\/wp\/v2\/product_brand?post=5825"},{"taxonomy":"product_cat","embeddable":true,"href":"https:\/\/www.andrefrereditions.com\/en\/wp-json\/wp\/v2\/product_cat?post=5825"},{"taxonomy":"product_tag","embeddable":true,"href":"https:\/\/www.andrefrereditions.com\/en\/wp-json\/wp\/v2\/product_tag?post=5825"}],"curies":[{"name":"wp","href":"https:\/\/api.w.org\/{rel}","templated":true}]}}