{"id":5826,"date":"2014-09-22T16:23:20","date_gmt":"2014-09-22T14:23:20","guid":{"rendered":"http:\/\/www.andrefrereditions.com\/books\/non-classe\/raymond-depardon-2\/"},"modified":"2025-06-26T11:12:09","modified_gmt":"2025-06-26T09:12:09","slug":"raymond-depardon-2","status":"publish","type":"product","link":"https:\/\/www.andrefrereditions.com\/en\/books\/photography\/raymond-depardon-2\/","title":{"rendered":"Raymond Depardon"},"content":{"rendered":"<ul class=\"infos-livre\">\n<li>Christian Caujolle<\/li>\n<li>148 to 160 pages<\/li>\n<li>14 x 19 cm<\/li>\n<li>Softcover<\/li>\n<li>30 colour pictures<\/li>\n<li>French<\/li>\n<li>ISBN: 979-10-92265-21-7<\/li>\n<li>\u20ac17.50<\/li>\n<li>Go to <a title=\"Raymond Depardon \u2013 Special edition\" href=\"\/?p=5900\">Raymond Depardon Special Edition book page<\/a><\/li>\n<\/ul>\n<p>After <a title=\"Anders Petersen\" href=\"\/?p=379\">Anders Petersen<\/a>, Christian Caujolle unveils in this book the universe of the great Magnum photographer <a title=\"Go to Raymond Depardon's personnal website\" href=\"http:\/\/www.palmeraieetdesert.fr\/\" target=\"_blank\">Raymond Depardon<\/a>.<\/p>\n<p>Confidently, Raymond Depardon speaks. A lot, at length, without hesitation but with an overflow of digressions.<\/p>\n<p>The time marks are perfectly in place, the history is here, remembrances combines and words seem to always call other leading thoughts elsewhere, further.<\/p>\n<p>From the rural childhood to Paris years, from the Dalmas agency, its gossips, everyday shots, and war reports to the founding of Gamma and his time as redactor-in-chief, then from Magnum to the cinema, and from the book &#8211;\u00a0essential\u00a0&#8211; to the exhibition, the sometimes taciturn Raymond proves himself voluble.<\/p>\n<p>He pours his motives, desires, his attitude toward the technical side of photography, as important for his photographs as for his movies. Selection of devices, of machinery &#8211; which he has a very large number, from the Rolleiflex to the large format camera, as he chooses depending on the projects &#8211; determining a relationship to the world and a viewing angle. He also explains his relationship to writing, to the text, the way he practices and links his works.<\/p>\n<p>He tells coyly, the intimate aspects of his career, his desires to take with him on assignment his loved ones, his travels, flying away from unsatisfying romantic relationships, his departures nourished by needs to avoid suffering and prove to oneself and to the other, what he is, what he can say and give.<\/p>\n<p>The tensions are here \u2013\u00a0and they are achievements\u00a0&#8211; between photography and film that transposes or transports one into the other and vice versa. Words that say and try to identify \u201cpictures of Anger\u201d that have always excited the photographer, in Africa and in Latin America or France, with farmers or landscapes that still look somewhat like the one he experienced in his youth.<\/p>\n<p>Words that often interrupt to show the permanence of profound loneliness. One that always brings him, without anyone ever asking him, to the Garet farm.<\/p>\n<p class=\"bio-auteur\">Born in 1953, former student of the \u00c9cole Normale Sup\u00e9rieure de Saint Cloud, Christian Caujolle was a student and collaborator of Michel Foucault, Roland Barthes, Pierre Bourdieu.<br \/>\nAfter a career as a critic and photo editor at <em>Lib\u00e9ration<\/em>, he created in 1986 his photo agency, the <a href=\"https:\/\/www.agencevu.com\/\" title=\"Go to VU agency website\" target=\"_blank\">VU agency<\/a>, and in 1998, the gallery of the same name.<br \/>\nArtistic director of the Rencontres d&#8217;Arles in 1997, member of many international juries, he has published books on Bernard Faucon, William Klein, <a href=\"\/?p=251\" title=\"Anders Petersen\">Anders Petersen<\/a>, Isabel Mu\u00f1oz, Christer Str\u00f6mholm, Peter Beard, the collective Tendance Floue, Juan Manuel Castro Prieto, the photographic collection of Marin Karmitz. He published with Actes Sud two text works: \u201cSpecial Circumstances\u201d.<br \/>\nHe now teaches at the Ecole Nationale Sup\u00e9rieure Louis Lumi\u00e8re, writes, works as an independent curator for numerous exhibitions and directs the Photo Phnom Penh festival he created in 2008 in Cambodia. He regularly collaborates to the programming and animation of the Images Singuli\u00e8res festival in S\u00e8te since its creation.<br \/>\nUntil 2015, he was also the artistic director of Getxophoto festival, which features photography in public space, near Bilbao, in the Basque country.<\/p>\n","protected":false},"excerpt":{"rendered":"<p>Christian Caujolle 148 to 160 pages 14 x 19 cm Softcover 30 colour pictures French ISBN: 979-10-92265-21-7 \u20ac17.50 Go to Raymond Depardon Special Edition book page After Anders Petersen, Christian Caujolle unveils in this book the universe of the great Magnum photographer Raymond Depardon. Confidently, Raymond Depardon speaks. A lot, at length, without hesitation but [&hellip;]<\/p>\n","protected":false},"featured_media":5671,"template":"","meta":[],"product_brand":[],"product_cat":[37],"product_tag":[],"class_list":{"0":"post-5826","1":"product","2":"type-product","3":"status-publish","4":"has-post-thumbnail","6":"product_cat-photography","7":"product_shipping_class-c1-en","9":"first","10":"instock","11":"shipping-taxable","12":"purchasable","13":"product-type-simple"},"yoast_head":"<!-- This site is optimized with the Yoast SEO plugin v27.5 - https:\/\/yoast.com\/product\/yoast-seo-wordpress\/ -->\n<title>Raymond Depardon by Christian Caujolle | Andr\u00e9 Fr\u00e8re \u00c9ditions<\/title>\n<meta name=\"description\" content=\"Interview with Raymond Depardon by Christian Caujolle, this one let us discover in this work the universe of the famous Magnum agency photographer.\" \/>\n<meta name=\"robots\" content=\"index, follow, max-snippet:-1, max-image-preview:large, max-video-preview:-1\" \/>\n<link rel=\"canonical\" href=\"https:\/\/www.andrefrereditions.com\/en\/books\/photography\/raymond-depardon-2\/\" \/>\n<meta property=\"og:locale\" content=\"en_US\" \/>\n<meta property=\"og:type\" content=\"article\" \/>\n<meta property=\"og:title\" content=\"Raymond Depardon by Christian Caujolle | Andr\u00e9 Fr\u00e8re \u00c9ditions\" \/>\n<meta property=\"og:description\" content=\"Interview with Raymond Depardon by Christian Caujolle, this one let us discover in this work the universe of the famous Magnum agency photographer.\" \/>\n<meta property=\"og:url\" content=\"https:\/\/www.andrefrereditions.com\/en\/books\/photography\/raymond-depardon-2\/\" \/>\n<meta property=\"og:site_name\" content=\"Andr\u00e9 Fr\u00e8re \u00c9ditions\" \/>\n<meta property=\"article:modified_time\" content=\"2025-06-26T09:12:09+00:00\" \/>\n<meta property=\"og:image\" content=\"https:\/\/www.andrefrereditions.com\/wp-content\/uploads\/2014\/09\/couverture-depardon-christian-caujolle-andre-frere-editions.jpg\" \/>\n\t<meta property=\"og:image:width\" content=\"310\" \/>\n\t<meta property=\"og:image:height\" content=\"420\" \/>\n\t<meta property=\"og:image:type\" content=\"image\/jpeg\" \/>\n<meta name=\"twitter:label1\" content=\"Est. reading time\" \/>\n\t<meta name=\"twitter:data1\" content=\"3 minutes\" \/>\n<script type=\"application\/ld+json\" class=\"yoast-schema-graph\">{\"@context\":\"https:\\\/\\\/schema.org\",\"@graph\":[{\"@type\":\"WebPage\",\"@id\":\"https:\\\/\\\/www.andrefrereditions.com\\\/en\\\/books\\\/photography\\\/raymond-depardon-2\\\/\",\"url\":\"https:\\\/\\\/www.andrefrereditions.com\\\/en\\\/books\\\/photography\\\/raymond-depardon-2\\\/\",\"name\":\"Raymond Depardon by Christian Caujolle | Andr\u00e9 Fr\u00e8re \u00c9ditions\",\"isPartOf\":{\"@id\":\"https:\\\/\\\/www.andrefrereditions.com\\\/en\\\/#website\"},\"primaryImageOfPage\":{\"@id\":\"https:\\\/\\\/www.andrefrereditions.com\\\/en\\\/books\\\/photography\\\/raymond-depardon-2\\\/#primaryimage\"},\"image\":{\"@id\":\"https:\\\/\\\/www.andrefrereditions.com\\\/en\\\/books\\\/photography\\\/raymond-depardon-2\\\/#primaryimage\"},\"thumbnailUrl\":\"https:\\\/\\\/www.andrefrereditions.com\\\/wp-content\\\/uploads\\\/2014\\\/09\\\/couverture-depardon-christian-caujolle-andre-frere-editions.jpg\",\"datePublished\":\"2014-09-22T14:23:20+00:00\",\"dateModified\":\"2025-06-26T09:12:09+00:00\",\"description\":\"Interview with Raymond Depardon by Christian Caujolle, this one let us discover in this work the universe of the famous Magnum agency photographer.\",\"breadcrumb\":{\"@id\":\"https:\\\/\\\/www.andrefrereditions.com\\\/en\\\/books\\\/photography\\\/raymond-depardon-2\\\/#breadcrumb\"},\"inLanguage\":\"en-US\",\"potentialAction\":[{\"@type\":\"ReadAction\",\"target\":[\"https:\\\/\\\/www.andrefrereditions.com\\\/en\\\/books\\\/photography\\\/raymond-depardon-2\\\/\"]}]},{\"@type\":\"ImageObject\",\"inLanguage\":\"en-US\",\"@id\":\"https:\\\/\\\/www.andrefrereditions.com\\\/en\\\/books\\\/photography\\\/raymond-depardon-2\\\/#primaryimage\",\"url\":\"https:\\\/\\\/www.andrefrereditions.com\\\/wp-content\\\/uploads\\\/2014\\\/09\\\/couverture-depardon-christian-caujolle-andre-frere-editions.jpg\",\"contentUrl\":\"https:\\\/\\\/www.andrefrereditions.com\\\/wp-content\\\/uploads\\\/2014\\\/09\\\/couverture-depardon-christian-caujolle-andre-frere-editions.jpg\",\"width\":310,\"height\":420},{\"@type\":\"BreadcrumbList\",\"@id\":\"https:\\\/\\\/www.andrefrereditions.com\\\/en\\\/books\\\/photography\\\/raymond-depardon-2\\\/#breadcrumb\",\"itemListElement\":[{\"@type\":\"ListItem\",\"position\":1,\"name\":\"Home\",\"item\":\"https:\\\/\\\/www.andrefrereditions.com\\\/en\\\/\"},{\"@type\":\"ListItem\",\"position\":2,\"name\":\"Books\",\"item\":\"https:\\\/\\\/www.andrefrereditions.com\\\/en\\\/books\\\/\"},{\"@type\":\"ListItem\",\"position\":3,\"name\":\"Raymond Depardon\"}]},{\"@type\":\"WebSite\",\"@id\":\"https:\\\/\\\/www.andrefrereditions.com\\\/en\\\/#website\",\"url\":\"https:\\\/\\\/www.andrefrereditions.com\\\/en\\\/\",\"name\":\"Andr\u00e9 Fr\u00e8re \u00c9ditions\",\"description\":\"\u00c9dition ind\u00e9pendante de photographie et d\u2019art\",\"publisher\":{\"@id\":\"https:\\\/\\\/www.andrefrereditions.com\\\/en\\\/#organization\"},\"potentialAction\":[{\"@type\":\"SearchAction\",\"target\":{\"@type\":\"EntryPoint\",\"urlTemplate\":\"https:\\\/\\\/www.andrefrereditions.com\\\/en\\\/?s={search_term_string}\"},\"query-input\":{\"@type\":\"PropertyValueSpecification\",\"valueRequired\":true,\"valueName\":\"search_term_string\"}}],\"inLanguage\":\"en-US\"},{\"@type\":\"Organization\",\"@id\":\"https:\\\/\\\/www.andrefrereditions.com\\\/en\\\/#organization\",\"name\":\"Andr\u00e9 Fr\u00e8re \u00c9ditions\",\"url\":\"https:\\\/\\\/www.andrefrereditions.com\\\/en\\\/\",\"logo\":{\"@type\":\"ImageObject\",\"inLanguage\":\"en-US\",\"@id\":\"https:\\\/\\\/www.andrefrereditions.com\\\/en\\\/#\\\/schema\\\/logo\\\/image\\\/\",\"url\":\"https:\\\/\\\/www.andrefrereditions.com\\\/wp-content\\\/uploads\\\/2014\\\/12\\\/andre-frere-editions-logo.png\",\"contentUrl\":\"https:\\\/\\\/www.andrefrereditions.com\\\/wp-content\\\/uploads\\\/2014\\\/12\\\/andre-frere-editions-logo.png\",\"width\":80,\"height\":79,\"caption\":\"Andr\u00e9 Fr\u00e8re \u00c9ditions\"},\"image\":{\"@id\":\"https:\\\/\\\/www.andrefrereditions.com\\\/en\\\/#\\\/schema\\\/logo\\\/image\\\/\"}}]}<\/script>\n<!-- \/ Yoast SEO plugin. -->","yoast_head_json":{"title":"Raymond Depardon by Christian Caujolle | Andr\u00e9 Fr\u00e8re \u00c9ditions","description":"Interview with Raymond Depardon by Christian Caujolle, this one let us discover in this work the universe of the famous Magnum agency photographer.","robots":{"index":"index","follow":"follow","max-snippet":"max-snippet:-1","max-image-preview":"max-image-preview:large","max-video-preview":"max-video-preview:-1"},"canonical":"https:\/\/www.andrefrereditions.com\/en\/books\/photography\/raymond-depardon-2\/","og_locale":"en_US","og_type":"article","og_title":"Raymond Depardon by Christian Caujolle | Andr\u00e9 Fr\u00e8re \u00c9ditions","og_description":"Interview with Raymond Depardon by Christian Caujolle, this one let us discover in this work the universe of the famous Magnum agency photographer.","og_url":"https:\/\/www.andrefrereditions.com\/en\/books\/photography\/raymond-depardon-2\/","og_site_name":"Andr\u00e9 Fr\u00e8re \u00c9ditions","article_modified_time":"2025-06-26T09:12:09+00:00","og_image":[{"width":310,"height":420,"url":"https:\/\/www.andrefrereditions.com\/wp-content\/uploads\/2014\/09\/couverture-depardon-christian-caujolle-andre-frere-editions.jpg","type":"image\/jpeg"}],"twitter_misc":{"Est. reading time":"3 minutes"},"schema":{"@context":"https:\/\/schema.org","@graph":[{"@type":"WebPage","@id":"https:\/\/www.andrefrereditions.com\/en\/books\/photography\/raymond-depardon-2\/","url":"https:\/\/www.andrefrereditions.com\/en\/books\/photography\/raymond-depardon-2\/","name":"Raymond Depardon by Christian Caujolle | Andr\u00e9 Fr\u00e8re \u00c9ditions","isPartOf":{"@id":"https:\/\/www.andrefrereditions.com\/en\/#website"},"primaryImageOfPage":{"@id":"https:\/\/www.andrefrereditions.com\/en\/books\/photography\/raymond-depardon-2\/#primaryimage"},"image":{"@id":"https:\/\/www.andrefrereditions.com\/en\/books\/photography\/raymond-depardon-2\/#primaryimage"},"thumbnailUrl":"https:\/\/www.andrefrereditions.com\/wp-content\/uploads\/2014\/09\/couverture-depardon-christian-caujolle-andre-frere-editions.jpg","datePublished":"2014-09-22T14:23:20+00:00","dateModified":"2025-06-26T09:12:09+00:00","description":"Interview with Raymond Depardon by Christian Caujolle, this one let us discover in this work the universe of the famous Magnum agency photographer.","breadcrumb":{"@id":"https:\/\/www.andrefrereditions.com\/en\/books\/photography\/raymond-depardon-2\/#breadcrumb"},"inLanguage":"en-US","potentialAction":[{"@type":"ReadAction","target":["https:\/\/www.andrefrereditions.com\/en\/books\/photography\/raymond-depardon-2\/"]}]},{"@type":"ImageObject","inLanguage":"en-US","@id":"https:\/\/www.andrefrereditions.com\/en\/books\/photography\/raymond-depardon-2\/#primaryimage","url":"https:\/\/www.andrefrereditions.com\/wp-content\/uploads\/2014\/09\/couverture-depardon-christian-caujolle-andre-frere-editions.jpg","contentUrl":"https:\/\/www.andrefrereditions.com\/wp-content\/uploads\/2014\/09\/couverture-depardon-christian-caujolle-andre-frere-editions.jpg","width":310,"height":420},{"@type":"BreadcrumbList","@id":"https:\/\/www.andrefrereditions.com\/en\/books\/photography\/raymond-depardon-2\/#breadcrumb","itemListElement":[{"@type":"ListItem","position":1,"name":"Home","item":"https:\/\/www.andrefrereditions.com\/en\/"},{"@type":"ListItem","position":2,"name":"Books","item":"https:\/\/www.andrefrereditions.com\/en\/books\/"},{"@type":"ListItem","position":3,"name":"Raymond Depardon"}]},{"@type":"WebSite","@id":"https:\/\/www.andrefrereditions.com\/en\/#website","url":"https:\/\/www.andrefrereditions.com\/en\/","name":"Andr\u00e9 Fr\u00e8re \u00c9ditions","description":"\u00c9dition ind\u00e9pendante de photographie et d\u2019art","publisher":{"@id":"https:\/\/www.andrefrereditions.com\/en\/#organization"},"potentialAction":[{"@type":"SearchAction","target":{"@type":"EntryPoint","urlTemplate":"https:\/\/www.andrefrereditions.com\/en\/?s={search_term_string}"},"query-input":{"@type":"PropertyValueSpecification","valueRequired":true,"valueName":"search_term_string"}}],"inLanguage":"en-US"},{"@type":"Organization","@id":"https:\/\/www.andrefrereditions.com\/en\/#organization","name":"Andr\u00e9 Fr\u00e8re \u00c9ditions","url":"https:\/\/www.andrefrereditions.com\/en\/","logo":{"@type":"ImageObject","inLanguage":"en-US","@id":"https:\/\/www.andrefrereditions.com\/en\/#\/schema\/logo\/image\/","url":"https:\/\/www.andrefrereditions.com\/wp-content\/uploads\/2014\/12\/andre-frere-editions-logo.png","contentUrl":"https:\/\/www.andrefrereditions.com\/wp-content\/uploads\/2014\/12\/andre-frere-editions-logo.png","width":80,"height":79,"caption":"Andr\u00e9 Fr\u00e8re \u00c9ditions"},"image":{"@id":"https:\/\/www.andrefrereditions.com\/en\/#\/schema\/logo\/image\/"}}]}},"_links":{"self":[{"href":"https:\/\/www.andrefrereditions.com\/en\/wp-json\/wp\/v2\/product\/5826","targetHints":{"allow":["GET"]}}],"collection":[{"href":"https:\/\/www.andrefrereditions.com\/en\/wp-json\/wp\/v2\/product"}],"about":[{"href":"https:\/\/www.andrefrereditions.com\/en\/wp-json\/wp\/v2\/types\/product"}],"wp:featuredmedia":[{"embeddable":true,"href":"https:\/\/www.andrefrereditions.com\/en\/wp-json\/wp\/v2\/media\/5671"}],"wp:attachment":[{"href":"https:\/\/www.andrefrereditions.com\/en\/wp-json\/wp\/v2\/media?parent=5826"}],"wp:term":[{"taxonomy":"product_brand","embeddable":true,"href":"https:\/\/www.andrefrereditions.com\/en\/wp-json\/wp\/v2\/product_brand?post=5826"},{"taxonomy":"product_cat","embeddable":true,"href":"https:\/\/www.andrefrereditions.com\/en\/wp-json\/wp\/v2\/product_cat?post=5826"},{"taxonomy":"product_tag","embeddable":true,"href":"https:\/\/www.andrefrereditions.com\/en\/wp-json\/wp\/v2\/product_tag?post=5826"}],"curies":[{"name":"wp","href":"https:\/\/api.w.org\/{rel}","templated":true}]}}