{"id":5828,"date":"2014-06-21T12:00:01","date_gmt":"2014-06-21T10:00:01","guid":{"rendered":"http:\/\/www.andrefrereditions.com\/books\/non-classe\/pipeline\/"},"modified":"2025-06-26T11:14:50","modified_gmt":"2025-06-26T09:14:50","slug":"pipeline","status":"publish","type":"product","link":"https:\/\/www.andrefrereditions.com\/en\/books\/photography\/pipeline\/","title":{"rendered":"Pipeline"},"content":{"rendered":"<ul class=\"infos-livre\">\n<li>Photographs: <a title=\"Go to Elena Perlino's website\" href=\"http:\/\/www.elenaperlino.com\/\" target=\"_blank\">Elena Perlino<\/a><\/li>\n<li>192 pages<\/li>\n<li>17 x 21 cm<\/li>\n<li>Hardcover<\/li>\n<li>76 colour pictures<\/li>\n<li>French<\/li>\n<li>ISBN: 979-10-92265-16-3<\/li>\n<li>&euro;29.50<\/li>\n<li><a title=\"Pipeline &mdash; limited edition\" href=\"..\/en\/books\/special-editions\/pipeline-special-edition\/\">Limited Edition avalaible<\/a><\/li>\n<\/ul>\n<p>While in France the debate about the abolition of prostitution is raised once again, the UN Office against Drugs and Crime has rated Nigeria in the list of eight countries with the highest rates of human trafficking in the world. Photographer <a title=\"Go to Elena Perlino's website\" href=\"http:\/\/www.elenaperlino.com\/\" target=\"_blank\">Elena Perlino<\/a> has been working on this vital topic for many years, focusing mainly on the Italian connection since Italy boasts an extensive sex industry based on trafficking from Africa. <img loading=\"lazy\" decoding=\"async\" width=\"430\" height=\"286\" class=\"alignnone size-full wp-image-670\" src=\"https:\/\/www.andrefrereditions.com\/wp-content\/uploads\/2014\/06\/pipeline-elena-perlino-andre-frere-editions-03.jpg\" alt=\"pipeline-elena-perlino-andre-frere-editions-03\" srcset=\"https:\/\/www.andrefrereditions.com\/wp-content\/uploads\/2014\/06\/pipeline-elena-perlino-andre-frere-editions-03.jpg 430w, https:\/\/www.andrefrereditions.com\/wp-content\/uploads\/2014\/06\/pipeline-elena-perlino-andre-frere-editions-03-420x279.jpg 420w, https:\/\/www.andrefrereditions.com\/wp-content\/uploads\/2014\/06\/pipeline-elena-perlino-andre-frere-editions-03-300x199.jpg 300w\" sizes=\"auto, (max-width: 430px) 100vw, 430px\" \/> Perlino&rsquo;s work attempts to show the complexities and contradictions of the women&rsquo;s experiences, documenting their daily life in Turin, Genoa, Rome, Naples and Palermo. <img loading=\"lazy\" decoding=\"async\" width=\"430\" height=\"286\" class=\"alignnone size-full wp-image-672\" src=\"https:\/\/www.andrefrereditions.com\/wp-content\/uploads\/2014\/06\/pipeline-elena-perlino-andre-frere-editions-06.jpg\" alt=\"pipeline-elena-perlino-andre-frere-editions-06\" srcset=\"https:\/\/www.andrefrereditions.com\/wp-content\/uploads\/2014\/06\/pipeline-elena-perlino-andre-frere-editions-06.jpg 430w, https:\/\/www.andrefrereditions.com\/wp-content\/uploads\/2014\/06\/pipeline-elena-perlino-andre-frere-editions-06-420x279.jpg 420w, https:\/\/www.andrefrereditions.com\/wp-content\/uploads\/2014\/06\/pipeline-elena-perlino-andre-frere-editions-06-300x199.jpg 300w\" sizes=\"auto, (max-width: 430px) 100vw, 430px\" \/> By collecting stories of women from Benin City (Edo State), the hometown of around 80% of trafficked women, this reportage bears witness to the multiple reasons behind women&rsquo;s migration &ndash; either forced or voluntary. This photographic work is accompanied in <em>Pipeline<\/em> by a text by Isoke Rose Aikpitanyi that tells the descent into hell lived by all of these young women who come to Europe, convinced of finding a better life than in their own country. Elena Perlino has succeeded in telling a compelling story with elegance; this book has thus become a harsh yet touching account of the life these women lead. <img loading=\"lazy\" decoding=\"async\" width=\"430\" height=\"283\" class=\"alignnone size-full wp-image-674\" src=\"https:\/\/www.andrefrereditions.com\/wp-content\/uploads\/2014\/06\/pipeline-elena-perlino-andre-frere-editions-07.jpg\" alt=\"\" srcset=\"https:\/\/www.andrefrereditions.com\/wp-content\/uploads\/2014\/06\/pipeline-elena-perlino-andre-frere-editions-07.jpg 430w, https:\/\/www.andrefrereditions.com\/wp-content\/uploads\/2014\/06\/pipeline-elena-perlino-andre-frere-editions-07-420x276.jpg 420w, https:\/\/www.andrefrereditions.com\/wp-content\/uploads\/2014\/06\/pipeline-elena-perlino-andre-frere-editions-07-300x197.jpg 300w\" sizes=\"auto, (max-width: 430px) 100vw, 430px\" \/><br \/>\n<img loading=\"lazy\" decoding=\"async\" width=\"430\" height=\"286\" class=\"alignnone size-full wp-image-676\" src=\"https:\/\/www.andrefrereditions.com\/wp-content\/uploads\/2014\/06\/pipeline-elena-perlino-andre-frere-editions-08.jpg\" alt=\"\" srcset=\"https:\/\/www.andrefrereditions.com\/wp-content\/uploads\/2014\/06\/pipeline-elena-perlino-andre-frere-editions-08.jpg 430w, https:\/\/www.andrefrereditions.com\/wp-content\/uploads\/2014\/06\/pipeline-elena-perlino-andre-frere-editions-08-420x279.jpg 420w, https:\/\/www.andrefrereditions.com\/wp-content\/uploads\/2014\/06\/pipeline-elena-perlino-andre-frere-editions-08-300x199.jpg 300w\" sizes=\"auto, (max-width: 430px) 100vw, 430px\" \/><br \/>\n<img loading=\"lazy\" decoding=\"async\" width=\"430\" height=\"286\" class=\"alignnone size-full wp-image-678\" src=\"https:\/\/www.andrefrereditions.com\/wp-content\/uploads\/2014\/06\/pipeline-elena-perlino-andre-frere-editions-11.jpg\" alt=\"\" srcset=\"https:\/\/www.andrefrereditions.com\/wp-content\/uploads\/2014\/06\/pipeline-elena-perlino-andre-frere-editions-11.jpg 430w, https:\/\/www.andrefrereditions.com\/wp-content\/uploads\/2014\/06\/pipeline-elena-perlino-andre-frere-editions-11-420x279.jpg 420w, https:\/\/www.andrefrereditions.com\/wp-content\/uploads\/2014\/06\/pipeline-elena-perlino-andre-frere-editions-11-300x199.jpg 300w\" sizes=\"auto, (max-width: 430px) 100vw, 430px\" \/><br \/>\n<img loading=\"lazy\" decoding=\"async\" width=\"430\" height=\"645\" class=\"alignnone size-full wp-image-680\" src=\"https:\/\/www.andrefrereditions.com\/wp-content\/uploads\/2014\/06\/pipeline-elena-perlino-andre-frere-editions-17.jpg\" alt=\"\" srcset=\"https:\/\/www.andrefrereditions.com\/wp-content\/uploads\/2014\/06\/pipeline-elena-perlino-andre-frere-editions-17.jpg 430w, https:\/\/www.andrefrereditions.com\/wp-content\/uploads\/2014\/06\/pipeline-elena-perlino-andre-frere-editions-17-420x630.jpg 420w, https:\/\/www.andrefrereditions.com\/wp-content\/uploads\/2014\/06\/pipeline-elena-perlino-andre-frere-editions-17-200x300.jpg 200w\" sizes=\"auto, (max-width: 430px) 100vw, 430px\" \/><br \/>\n<img loading=\"lazy\" decoding=\"async\" width=\"430\" height=\"286\" class=\"alignnone size-full wp-image-682\" src=\"https:\/\/www.andrefrereditions.com\/wp-content\/uploads\/2014\/06\/pipeline-elena-perlino-andre-frere-editions-25.jpg\" alt=\"\" srcset=\"https:\/\/www.andrefrereditions.com\/wp-content\/uploads\/2014\/06\/pipeline-elena-perlino-andre-frere-editions-25.jpg 430w, https:\/\/www.andrefrereditions.com\/wp-content\/uploads\/2014\/06\/pipeline-elena-perlino-andre-frere-editions-25-420x279.jpg 420w, https:\/\/www.andrefrereditions.com\/wp-content\/uploads\/2014\/06\/pipeline-elena-perlino-andre-frere-editions-25-300x199.jpg 300w\" sizes=\"auto, (max-width: 430px) 100vw, 430px\" \/><br \/>\n<img loading=\"lazy\" decoding=\"async\" width=\"430\" height=\"286\" class=\"alignnone size-full wp-image-684\" src=\"https:\/\/www.andrefrereditions.com\/wp-content\/uploads\/2014\/06\/pipeline-elena-perlino-andre-frere-editions-27.jpg\" alt=\"\" srcset=\"https:\/\/www.andrefrereditions.com\/wp-content\/uploads\/2014\/06\/pipeline-elena-perlino-andre-frere-editions-27.jpg 430w, https:\/\/www.andrefrereditions.com\/wp-content\/uploads\/2014\/06\/pipeline-elena-perlino-andre-frere-editions-27-420x279.jpg 420w, https:\/\/www.andrefrereditions.com\/wp-content\/uploads\/2014\/06\/pipeline-elena-perlino-andre-frere-editions-27-300x199.jpg 300w\" sizes=\"auto, (max-width: 430px) 100vw, 430px\" \/><br \/>\n<img loading=\"lazy\" decoding=\"async\" width=\"430\" height=\"286\" class=\"alignnone size-full wp-image-686\" src=\"https:\/\/www.andrefrereditions.com\/wp-content\/uploads\/2014\/06\/pipeline-elena-perlino-andre-frere-editions-28.jpg\" alt=\"\" srcset=\"https:\/\/www.andrefrereditions.com\/wp-content\/uploads\/2014\/06\/pipeline-elena-perlino-andre-frere-editions-28.jpg 430w, https:\/\/www.andrefrereditions.com\/wp-content\/uploads\/2014\/06\/pipeline-elena-perlino-andre-frere-editions-28-420x279.jpg 420w, https:\/\/www.andrefrereditions.com\/wp-content\/uploads\/2014\/06\/pipeline-elena-perlino-andre-frere-editions-28-300x199.jpg 300w\" sizes=\"auto, (max-width: 430px) 100vw, 430px\" \/><br \/>\n<img loading=\"lazy\" decoding=\"async\" width=\"430\" height=\"286\" class=\"alignnone size-full wp-image-696\" src=\"https:\/\/www.andrefrereditions.com\/wp-content\/uploads\/2014\/06\/pipeline-elena-perlino-andre-frere-editions-72.jpg\" alt=\"\" srcset=\"https:\/\/www.andrefrereditions.com\/wp-content\/uploads\/2014\/06\/pipeline-elena-perlino-andre-frere-editions-72.jpg 430w, https:\/\/www.andrefrereditions.com\/wp-content\/uploads\/2014\/06\/pipeline-elena-perlino-andre-frere-editions-72-420x279.jpg 420w, https:\/\/www.andrefrereditions.com\/wp-content\/uploads\/2014\/06\/pipeline-elena-perlino-andre-frere-editions-72-300x199.jpg 300w\" sizes=\"auto, (max-width: 430px) 100vw, 430px\" \/><br \/>\n<img loading=\"lazy\" decoding=\"async\" width=\"430\" height=\"286\" class=\"alignnone size-full wp-image-694\" src=\"https:\/\/www.andrefrereditions.com\/wp-content\/uploads\/2014\/06\/pipeline-elena-perlino-andre-frere-editions-69.jpg\" alt=\"\" srcset=\"https:\/\/www.andrefrereditions.com\/wp-content\/uploads\/2014\/06\/pipeline-elena-perlino-andre-frere-editions-69.jpg 430w, https:\/\/www.andrefrereditions.com\/wp-content\/uploads\/2014\/06\/pipeline-elena-perlino-andre-frere-editions-69-420x279.jpg 420w, https:\/\/www.andrefrereditions.com\/wp-content\/uploads\/2014\/06\/pipeline-elena-perlino-andre-frere-editions-69-300x199.jpg 300w\" sizes=\"auto, (max-width: 430px) 100vw, 430px\" \/><br \/>\n<img loading=\"lazy\" decoding=\"async\" width=\"430\" height=\"286\" class=\"alignnone size-full wp-image-688\" src=\"https:\/\/www.andrefrereditions.com\/wp-content\/uploads\/2014\/06\/pipeline-elena-perlino-andre-frere-editions-48.jpg\" alt=\"\" srcset=\"https:\/\/www.andrefrereditions.com\/wp-content\/uploads\/2014\/06\/pipeline-elena-perlino-andre-frere-editions-48.jpg 430w, https:\/\/www.andrefrereditions.com\/wp-content\/uploads\/2014\/06\/pipeline-elena-perlino-andre-frere-editions-48-420x279.jpg 420w, https:\/\/www.andrefrereditions.com\/wp-content\/uploads\/2014\/06\/pipeline-elena-perlino-andre-frere-editions-48-300x199.jpg 300w\" sizes=\"auto, (max-width: 430px) 100vw, 430px\" \/><br \/>\n<img loading=\"lazy\" decoding=\"async\" width=\"430\" height=\"286\" class=\"alignnone size-full wp-image-690\" src=\"https:\/\/www.andrefrereditions.com\/wp-content\/uploads\/2014\/06\/pipeline-elena-perlino-andre-frere-editions-52.jpg\" alt=\"\" srcset=\"https:\/\/www.andrefrereditions.com\/wp-content\/uploads\/2014\/06\/pipeline-elena-perlino-andre-frere-editions-52.jpg 430w, https:\/\/www.andrefrereditions.com\/wp-content\/uploads\/2014\/06\/pipeline-elena-perlino-andre-frere-editions-52-420x279.jpg 420w, https:\/\/www.andrefrereditions.com\/wp-content\/uploads\/2014\/06\/pipeline-elena-perlino-andre-frere-editions-52-300x199.jpg 300w\" sizes=\"auto, (max-width: 430px) 100vw, 430px\" \/><br \/>\n<img loading=\"lazy\" decoding=\"async\" width=\"430\" height=\"286\" class=\"alignnone size-full wp-image-692\" src=\"https:\/\/www.andrefrereditions.com\/wp-content\/uploads\/2014\/06\/pipeline-elena-perlino-andre-frere-editions-54.jpg\" alt=\"\" srcset=\"https:\/\/www.andrefrereditions.com\/wp-content\/uploads\/2014\/06\/pipeline-elena-perlino-andre-frere-editions-54.jpg 430w, https:\/\/www.andrefrereditions.com\/wp-content\/uploads\/2014\/06\/pipeline-elena-perlino-andre-frere-editions-54-420x279.jpg 420w, https:\/\/www.andrefrereditions.com\/wp-content\/uploads\/2014\/06\/pipeline-elena-perlino-andre-frere-editions-54-300x199.jpg 300w\" sizes=\"auto, (max-width: 430px) 100vw, 430px\" \/><\/p>\n","protected":false},"excerpt":{"rendered":"<p>Photographs: Elena Perlino 192 pages 17 x 21 cm Hardcover 76 colour pictures French ISBN: 979-10-92265-16-3 &euro;29.50 Limited Edition avalaible While in France the debate about the abolition of prostitution is raised once again, the UN Office against Drugs and Crime has rated Nigeria in the list of eight countries with the highest rates of [&hellip;]<\/p>\n","protected":false},"featured_media":748,"template":"","meta":[],"product_brand":[],"product_cat":[37],"product_tag":[],"class_list":{"0":"post-5828","1":"product","2":"type-product","3":"status-publish","4":"has-post-thumbnail","6":"product_cat-photography","7":"product_shipping_class-c2-en","9":"first","10":"instock","11":"shipping-taxable","12":"purchasable","13":"product-type-simple"},"yoast_head":"<!-- This site is optimized with the Yoast SEO plugin v27.5 - https:\/\/yoast.com\/product\/yoast-seo-wordpress\/ -->\n<title>Pipeline | Andr\u00e9 Fr\u00e8re \u00c9ditions<\/title>\n<meta name=\"description\" content=\"Pipeline. An Elena Perlino photo work with a story by Isok\u00e9 Aikpitanyi dealing with prostitution and women trafic from Nigeria to Italy.\" \/>\n<meta name=\"robots\" content=\"index, follow, max-snippet:-1, max-image-preview:large, max-video-preview:-1\" \/>\n<link rel=\"canonical\" href=\"https:\/\/www.andrefrereditions.com\/en\/books\/photography\/pipeline\/\" \/>\n<meta property=\"og:locale\" content=\"en_US\" \/>\n<meta property=\"og:type\" content=\"article\" \/>\n<meta property=\"og:title\" content=\"Pipeline | Andr\u00e9 Fr\u00e8re \u00c9ditions\" \/>\n<meta property=\"og:description\" content=\"Pipeline. An Elena Perlino photo work with a story by Isok\u00e9 Aikpitanyi dealing with prostitution and women trafic from Nigeria to Italy.\" \/>\n<meta property=\"og:url\" content=\"https:\/\/www.andrefrereditions.com\/en\/books\/photography\/pipeline\/\" \/>\n<meta property=\"og:site_name\" content=\"Andr\u00e9 Fr\u00e8re \u00c9ditions\" \/>\n<meta property=\"article:modified_time\" content=\"2025-06-26T09:14:50+00:00\" \/>\n<meta property=\"og:image\" content=\"https:\/\/www.andrefrereditions.com\/wp-content\/uploads\/2014\/06\/pipeline-elena-perlino-andre-frere-editions.jpg\" \/>\n\t<meta property=\"og:image:width\" content=\"420\" \/>\n\t<meta property=\"og:image:height\" content=\"548\" \/>\n\t<meta property=\"og:image:type\" content=\"image\/jpeg\" \/>\n<meta name=\"twitter:label1\" content=\"Est. reading time\" \/>\n\t<meta name=\"twitter:data1\" content=\"1 minute\" \/>\n<script type=\"application\/ld+json\" class=\"yoast-schema-graph\">{\"@context\":\"https:\\\/\\\/schema.org\",\"@graph\":[{\"@type\":\"WebPage\",\"@id\":\"https:\\\/\\\/www.andrefrereditions.com\\\/en\\\/books\\\/photography\\\/pipeline\\\/\",\"url\":\"https:\\\/\\\/www.andrefrereditions.com\\\/en\\\/books\\\/photography\\\/pipeline\\\/\",\"name\":\"Pipeline | Andr\u00e9 Fr\u00e8re \u00c9ditions\",\"isPartOf\":{\"@id\":\"https:\\\/\\\/www.andrefrereditions.com\\\/en\\\/#website\"},\"primaryImageOfPage\":{\"@id\":\"https:\\\/\\\/www.andrefrereditions.com\\\/en\\\/books\\\/photography\\\/pipeline\\\/#primaryimage\"},\"image\":{\"@id\":\"https:\\\/\\\/www.andrefrereditions.com\\\/en\\\/books\\\/photography\\\/pipeline\\\/#primaryimage\"},\"thumbnailUrl\":\"https:\\\/\\\/www.andrefrereditions.com\\\/wp-content\\\/uploads\\\/2014\\\/06\\\/pipeline-elena-perlino-andre-frere-editions.jpg\",\"datePublished\":\"2014-06-21T10:00:01+00:00\",\"dateModified\":\"2025-06-26T09:14:50+00:00\",\"description\":\"Pipeline. An Elena Perlino photo work with a story by Isok\u00e9 Aikpitanyi dealing with prostitution and women trafic from Nigeria to Italy.\",\"breadcrumb\":{\"@id\":\"https:\\\/\\\/www.andrefrereditions.com\\\/en\\\/books\\\/photography\\\/pipeline\\\/#breadcrumb\"},\"inLanguage\":\"en-US\",\"potentialAction\":[{\"@type\":\"ReadAction\",\"target\":[\"https:\\\/\\\/www.andrefrereditions.com\\\/en\\\/books\\\/photography\\\/pipeline\\\/\"]}]},{\"@type\":\"ImageObject\",\"inLanguage\":\"en-US\",\"@id\":\"https:\\\/\\\/www.andrefrereditions.com\\\/en\\\/books\\\/photography\\\/pipeline\\\/#primaryimage\",\"url\":\"https:\\\/\\\/www.andrefrereditions.com\\\/wp-content\\\/uploads\\\/2014\\\/06\\\/pipeline-elena-perlino-andre-frere-editions.jpg\",\"contentUrl\":\"https:\\\/\\\/www.andrefrereditions.com\\\/wp-content\\\/uploads\\\/2014\\\/06\\\/pipeline-elena-perlino-andre-frere-editions.jpg\",\"width\":420,\"height\":548},{\"@type\":\"BreadcrumbList\",\"@id\":\"https:\\\/\\\/www.andrefrereditions.com\\\/en\\\/books\\\/photography\\\/pipeline\\\/#breadcrumb\",\"itemListElement\":[{\"@type\":\"ListItem\",\"position\":1,\"name\":\"Home\",\"item\":\"https:\\\/\\\/www.andrefrereditions.com\\\/en\\\/\"},{\"@type\":\"ListItem\",\"position\":2,\"name\":\"Books\",\"item\":\"https:\\\/\\\/www.andrefrereditions.com\\\/en\\\/books\\\/\"},{\"@type\":\"ListItem\",\"position\":3,\"name\":\"Pipeline\"}]},{\"@type\":\"WebSite\",\"@id\":\"https:\\\/\\\/www.andrefrereditions.com\\\/en\\\/#website\",\"url\":\"https:\\\/\\\/www.andrefrereditions.com\\\/en\\\/\",\"name\":\"Andr\u00e9 Fr\u00e8re \u00c9ditions\",\"description\":\"\u00c9dition ind\u00e9pendante de photographie et d\u2019art\",\"publisher\":{\"@id\":\"https:\\\/\\\/www.andrefrereditions.com\\\/en\\\/#organization\"},\"potentialAction\":[{\"@type\":\"SearchAction\",\"target\":{\"@type\":\"EntryPoint\",\"urlTemplate\":\"https:\\\/\\\/www.andrefrereditions.com\\\/en\\\/?s={search_term_string}\"},\"query-input\":{\"@type\":\"PropertyValueSpecification\",\"valueRequired\":true,\"valueName\":\"search_term_string\"}}],\"inLanguage\":\"en-US\"},{\"@type\":\"Organization\",\"@id\":\"https:\\\/\\\/www.andrefrereditions.com\\\/en\\\/#organization\",\"name\":\"Andr\u00e9 Fr\u00e8re \u00c9ditions\",\"url\":\"https:\\\/\\\/www.andrefrereditions.com\\\/en\\\/\",\"logo\":{\"@type\":\"ImageObject\",\"inLanguage\":\"en-US\",\"@id\":\"https:\\\/\\\/www.andrefrereditions.com\\\/en\\\/#\\\/schema\\\/logo\\\/image\\\/\",\"url\":\"https:\\\/\\\/www.andrefrereditions.com\\\/wp-content\\\/uploads\\\/2014\\\/12\\\/andre-frere-editions-logo.png\",\"contentUrl\":\"https:\\\/\\\/www.andrefrereditions.com\\\/wp-content\\\/uploads\\\/2014\\\/12\\\/andre-frere-editions-logo.png\",\"width\":80,\"height\":79,\"caption\":\"Andr\u00e9 Fr\u00e8re \u00c9ditions\"},\"image\":{\"@id\":\"https:\\\/\\\/www.andrefrereditions.com\\\/en\\\/#\\\/schema\\\/logo\\\/image\\\/\"}}]}<\/script>\n<!-- \/ Yoast SEO plugin. -->","yoast_head_json":{"title":"Pipeline | Andr\u00e9 Fr\u00e8re \u00c9ditions","description":"Pipeline. An Elena Perlino photo work with a story by Isok\u00e9 Aikpitanyi dealing with prostitution and women trafic from Nigeria to Italy.","robots":{"index":"index","follow":"follow","max-snippet":"max-snippet:-1","max-image-preview":"max-image-preview:large","max-video-preview":"max-video-preview:-1"},"canonical":"https:\/\/www.andrefrereditions.com\/en\/books\/photography\/pipeline\/","og_locale":"en_US","og_type":"article","og_title":"Pipeline | Andr\u00e9 Fr\u00e8re \u00c9ditions","og_description":"Pipeline. An Elena Perlino photo work with a story by Isok\u00e9 Aikpitanyi dealing with prostitution and women trafic from Nigeria to Italy.","og_url":"https:\/\/www.andrefrereditions.com\/en\/books\/photography\/pipeline\/","og_site_name":"Andr\u00e9 Fr\u00e8re \u00c9ditions","article_modified_time":"2025-06-26T09:14:50+00:00","og_image":[{"width":420,"height":548,"url":"https:\/\/www.andrefrereditions.com\/wp-content\/uploads\/2014\/06\/pipeline-elena-perlino-andre-frere-editions.jpg","type":"image\/jpeg"}],"twitter_misc":{"Est. reading time":"1 minute"},"schema":{"@context":"https:\/\/schema.org","@graph":[{"@type":"WebPage","@id":"https:\/\/www.andrefrereditions.com\/en\/books\/photography\/pipeline\/","url":"https:\/\/www.andrefrereditions.com\/en\/books\/photography\/pipeline\/","name":"Pipeline | Andr\u00e9 Fr\u00e8re \u00c9ditions","isPartOf":{"@id":"https:\/\/www.andrefrereditions.com\/en\/#website"},"primaryImageOfPage":{"@id":"https:\/\/www.andrefrereditions.com\/en\/books\/photography\/pipeline\/#primaryimage"},"image":{"@id":"https:\/\/www.andrefrereditions.com\/en\/books\/photography\/pipeline\/#primaryimage"},"thumbnailUrl":"https:\/\/www.andrefrereditions.com\/wp-content\/uploads\/2014\/06\/pipeline-elena-perlino-andre-frere-editions.jpg","datePublished":"2014-06-21T10:00:01+00:00","dateModified":"2025-06-26T09:14:50+00:00","description":"Pipeline. An Elena Perlino photo work with a story by Isok\u00e9 Aikpitanyi dealing with prostitution and women trafic from Nigeria to Italy.","breadcrumb":{"@id":"https:\/\/www.andrefrereditions.com\/en\/books\/photography\/pipeline\/#breadcrumb"},"inLanguage":"en-US","potentialAction":[{"@type":"ReadAction","target":["https:\/\/www.andrefrereditions.com\/en\/books\/photography\/pipeline\/"]}]},{"@type":"ImageObject","inLanguage":"en-US","@id":"https:\/\/www.andrefrereditions.com\/en\/books\/photography\/pipeline\/#primaryimage","url":"https:\/\/www.andrefrereditions.com\/wp-content\/uploads\/2014\/06\/pipeline-elena-perlino-andre-frere-editions.jpg","contentUrl":"https:\/\/www.andrefrereditions.com\/wp-content\/uploads\/2014\/06\/pipeline-elena-perlino-andre-frere-editions.jpg","width":420,"height":548},{"@type":"BreadcrumbList","@id":"https:\/\/www.andrefrereditions.com\/en\/books\/photography\/pipeline\/#breadcrumb","itemListElement":[{"@type":"ListItem","position":1,"name":"Home","item":"https:\/\/www.andrefrereditions.com\/en\/"},{"@type":"ListItem","position":2,"name":"Books","item":"https:\/\/www.andrefrereditions.com\/en\/books\/"},{"@type":"ListItem","position":3,"name":"Pipeline"}]},{"@type":"WebSite","@id":"https:\/\/www.andrefrereditions.com\/en\/#website","url":"https:\/\/www.andrefrereditions.com\/en\/","name":"Andr\u00e9 Fr\u00e8re \u00c9ditions","description":"\u00c9dition ind\u00e9pendante de photographie et d\u2019art","publisher":{"@id":"https:\/\/www.andrefrereditions.com\/en\/#organization"},"potentialAction":[{"@type":"SearchAction","target":{"@type":"EntryPoint","urlTemplate":"https:\/\/www.andrefrereditions.com\/en\/?s={search_term_string}"},"query-input":{"@type":"PropertyValueSpecification","valueRequired":true,"valueName":"search_term_string"}}],"inLanguage":"en-US"},{"@type":"Organization","@id":"https:\/\/www.andrefrereditions.com\/en\/#organization","name":"Andr\u00e9 Fr\u00e8re \u00c9ditions","url":"https:\/\/www.andrefrereditions.com\/en\/","logo":{"@type":"ImageObject","inLanguage":"en-US","@id":"https:\/\/www.andrefrereditions.com\/en\/#\/schema\/logo\/image\/","url":"https:\/\/www.andrefrereditions.com\/wp-content\/uploads\/2014\/12\/andre-frere-editions-logo.png","contentUrl":"https:\/\/www.andrefrereditions.com\/wp-content\/uploads\/2014\/12\/andre-frere-editions-logo.png","width":80,"height":79,"caption":"Andr\u00e9 Fr\u00e8re \u00c9ditions"},"image":{"@id":"https:\/\/www.andrefrereditions.com\/en\/#\/schema\/logo\/image\/"}}]}},"_links":{"self":[{"href":"https:\/\/www.andrefrereditions.com\/en\/wp-json\/wp\/v2\/product\/5828","targetHints":{"allow":["GET"]}}],"collection":[{"href":"https:\/\/www.andrefrereditions.com\/en\/wp-json\/wp\/v2\/product"}],"about":[{"href":"https:\/\/www.andrefrereditions.com\/en\/wp-json\/wp\/v2\/types\/product"}],"wp:featuredmedia":[{"embeddable":true,"href":"https:\/\/www.andrefrereditions.com\/en\/wp-json\/wp\/v2\/media\/748"}],"wp:attachment":[{"href":"https:\/\/www.andrefrereditions.com\/en\/wp-json\/wp\/v2\/media?parent=5828"}],"wp:term":[{"taxonomy":"product_brand","embeddable":true,"href":"https:\/\/www.andrefrereditions.com\/en\/wp-json\/wp\/v2\/product_brand?post=5828"},{"taxonomy":"product_cat","embeddable":true,"href":"https:\/\/www.andrefrereditions.com\/en\/wp-json\/wp\/v2\/product_cat?post=5828"},{"taxonomy":"product_tag","embeddable":true,"href":"https:\/\/www.andrefrereditions.com\/en\/wp-json\/wp\/v2\/product_tag?post=5828"}],"curies":[{"name":"wp","href":"https:\/\/api.w.org\/{rel}","templated":true}]}}