{"id":5830,"date":"2014-09-22T16:23:55","date_gmt":"2014-09-22T14:23:55","guid":{"rendered":"http:\/\/www.andrefrereditions.com\/books\/non-classe\/japan-coast-2\/"},"modified":"2025-06-26T11:18:57","modified_gmt":"2025-06-26T09:18:57","slug":"japan-coast-2","status":"publish","type":"product","link":"https:\/\/www.andrefrereditions.com\/en\/books\/photography\/japan-coast-2\/","title":{"rendered":"Japan Coast"},"content":{"rendered":"<ul class=\"infos-livre\">\n<li>Author: <a title=\"Go to Silva Bingaz's personnal website\" href=\"http:\/\/silvabingaz.com\/\" target=\"_blank\">Silva Bingaz<\/a><\/li>\n<li>96 pages<\/li>\n<li>21,5 x 29 cm<\/li>\n<li>Hardcover<\/li>\n<li>55 colour photographs<\/li>\n<li>French and English<\/li>\n<li>ISBN: 979-10-92265-20-0<\/li>\n<li>\u20ac29<\/li>\n<li>The <a title=\"Japan coast \u2013 Special Edition\" href=\"\/?p=5924\">Special edition of <em>Japan Coast <\/em><\/a>is avalaible<\/li>\n<\/ul>\n<p><iframe loading=\"lazy\" src=\"\/\/player.vimeo.com\/video\/111209436?color=b3001e\" width=\"430\" height=\"242\" frameborder=\"0\" allowfullscreen=\"allowfullscreen\"><\/iframe><\/p>\n<p><img decoding=\"async\" class=\"alignnone size-full\" src=\"https:\/\/www.andrefrereditions.com\/wp-content\/uploads\/2014\/09\/japan-coast-1-andre-frere-editions.jpg\" alt=\"\" \/><\/p>\n<p><img decoding=\"async\" class=\"alignnone size-full\" src=\"https:\/\/www.andrefrereditions.com\/wp-content\/uploads\/2014\/09\/japan-coast-2-andre-frere-editions.jpg\" alt=\"\" \/><\/p>\n<p><img decoding=\"async\" class=\"alignnone size-full\" src=\"https:\/\/www.andrefrereditions.com\/wp-content\/uploads\/2014\/09\/japan-coast-3-andre-frere-editions.jpg\" alt=\"\" \/><\/p>\n<p><img decoding=\"async\" class=\"alignnone size-full\" src=\"https:\/\/www.andrefrereditions.com\/wp-content\/uploads\/2014\/09\/japan-coast-4-andre-frere-editions.jpg\" alt=\"\" \/><\/p>\n<blockquote><p>\u00abI was on a path that wended its way between heaviness and lightness in the real and certain existence of the most fundamental things. This path resembles the highly variegated and over\u00adlapping tales of Asian literature and I followed it, bitter in the knowledge that I will never achieve lightness. There, I photographed women, men, third-genders, children, pregnant women, pea\u00adsants, houses, cars, trees and animals.\u00bb<\/p><\/blockquote>\n<p><img decoding=\"async\" class=\"alignnone size-full\" src=\"https:\/\/www.andrefrereditions.com\/wp-content\/uploads\/2014\/09\/japan-coast-8-andre-frere-editions.jpg\" alt=\"\" \/><\/p>\n<p><img decoding=\"async\" class=\"alignnone size-full\" src=\"https:\/\/www.andrefrereditions.com\/wp-content\/uploads\/2014\/09\/japan-coast-7-andre-frere-editions.jpg\" alt=\"\" \/><\/p>\n<p><img decoding=\"async\" class=\"alignnone size-full\" src=\"https:\/\/www.andrefrereditions.com\/wp-content\/uploads\/2014\/09\/japan-coast-6-andre-frere-editions.jpg\" alt=\"\" \/><\/p>\n<blockquote><p>\u00abIn the process, I tried to take into account the masculine world and its limits through my female identity. Thus, I show the fragility of manliness by photographing a woman\u2019s hand touching a man, but also by photographing a man who exposes his muscles. In the same way, I show the lightness of a sunflower by photographing \u201cMedusa\u201d in her eternal prison; the eye of tradition by photog\u00adraphing the eye of a peasant behind branches, or the eye of the of the city through a youth who identifies as being a gang member. During my second stay in Tottori, for a week in 2011, my goal was to explore the traces of the space between life and death, by walking through a hospital where people go to die, children\u2019s homes and cemeteries. I therefore want to show cemetery flowers as an characteristic illusion of our industrial era.\u00bb<\/p><\/blockquote>\n<p><img decoding=\"async\" class=\"alignnone size-full\" src=\"https:\/\/www.andrefrereditions.com\/wp-content\/uploads\/2014\/09\/japan-coast-5-andre-frere-editions.jpg\" alt=\"\" \/><\/p>\n<p><img decoding=\"async\" class=\"alignnone size-full\" src=\"https:\/\/www.andrefrereditions.com\/wp-content\/uploads\/2014\/09\/japan-coast-12-andre-frere-editions.jpg\" alt=\"\" \/><\/p>\n<p><img decoding=\"async\" class=\"alignnone size-full\" src=\"https:\/\/www.andrefrereditions.com\/wp-content\/uploads\/2014\/09\/japan-coast-11-andre-frere-editions.jpg\" alt=\"\" \/><\/p>\n<blockquote><p>\u201cIn closing, I would like to say that the allusions I make to birth and death, the masculine wor\u00adld, love and the unknown end of life do not mean that I chase after dreams. In the words of Italo Calvino, \u2018Whenever humanity seems condemned to heaviness, I think I should fly like Perseus into a different space. I don\u2019t mean escaping into dreams or the irrational. I mean that I have to change my approach, look at the world from a different perspective, with a diffe\u00adrent logic and with fresh methods of cognition and verification\u2019.\u201d<\/p><\/blockquote>\n<p><cite>Silva Bingaz<\/cite><\/p>\n<p><img decoding=\"async\" class=\"alignnone size-full\" src=\"https:\/\/www.andrefrereditions.com\/wp-content\/uploads\/2014\/09\/japan-coast-10-andre-frere-editions.jpg\" alt=\"\" \/><\/p>\n<p><img decoding=\"async\" class=\"alignnone size-full\" src=\"https:\/\/www.andrefrereditions.com\/wp-content\/uploads\/2014\/09\/japan-coast-9-andre-frere-editions.jpg\" alt=\"\" \/><\/p>\n<p><img decoding=\"async\" class=\"alignnone size-full\" src=\"https:\/\/www.andrefrereditions.com\/wp-content\/uploads\/2014\/09\/japan-coast-13-andre-frere-editions.jpg\" alt=\"\" \/><\/p>\n<p class=\"bio-auteur\"><a title=\"Go to Silva Bingaz's personnal website\" href=\"http:\/\/silvabingaz.com\/\" target=\"_blank\">Silva Bingaz<\/a>\u00a0is a Turkish photographer; she was a student of Antoine d&#8217;Agata and Anders Petersen. She lives and works in Istanbul.<\/p>\n","protected":false},"excerpt":{"rendered":"<p>Author: Silva Bingaz 96 pages 21,5 x 29 cm Hardcover 55 colour photographs French and English ISBN: 979-10-92265-20-0 \u20ac29 The Special edition of Japan Coast is avalaible \u00abI was on a path that wended its way between heaviness and lightness in the real and certain existence of the most fundamental things. This path resembles the [&hellip;]<\/p>\n","protected":false},"featured_media":5703,"template":"","meta":[],"product_brand":[],"product_cat":[37],"product_tag":[],"class_list":{"0":"post-5830","1":"product","2":"type-product","3":"status-publish","4":"has-post-thumbnail","6":"product_cat-photography","7":"product_shipping_class-c3-en","9":"first","10":"instock","11":"shipping-taxable","12":"purchasable","13":"product-type-simple"},"yoast_head":"<!-- This site is optimized with the Yoast SEO plugin v27.5 - https:\/\/yoast.com\/product\/yoast-seo-wordpress\/ -->\n<title>Japan Coast | Andr\u00e9 Fr\u00e8re \u00c9ditions<\/title>\n<meta name=\"description\" content=\"Silva Bingaz releases Japan Coast at Andr\u00e9 Fr\u00e8re \u00c9ditions, displaying photographs taken in Japan.\" \/>\n<meta name=\"robots\" content=\"index, follow, max-snippet:-1, max-image-preview:large, max-video-preview:-1\" \/>\n<link rel=\"canonical\" href=\"https:\/\/www.andrefrereditions.com\/en\/books\/photography\/japan-coast-2\/\" \/>\n<meta property=\"og:locale\" content=\"en_US\" \/>\n<meta property=\"og:type\" content=\"article\" \/>\n<meta property=\"og:title\" content=\"Japan Coast | Andr\u00e9 Fr\u00e8re \u00c9ditions\" \/>\n<meta property=\"og:description\" content=\"Silva Bingaz releases Japan Coast at Andr\u00e9 Fr\u00e8re \u00c9ditions, displaying photographs taken in Japan.\" \/>\n<meta property=\"og:url\" content=\"https:\/\/www.andrefrereditions.com\/en\/books\/photography\/japan-coast-2\/\" \/>\n<meta property=\"og:site_name\" content=\"Andr\u00e9 Fr\u00e8re \u00c9ditions\" \/>\n<meta property=\"article:modified_time\" content=\"2025-06-26T09:18:57+00:00\" \/>\n<meta property=\"og:image\" content=\"https:\/\/www.andrefrereditions.com\/wp-content\/uploads\/2014\/09\/couverture-japan-coast-andre-frere-editions.jpg\" \/>\n\t<meta property=\"og:image:width\" content=\"300\" \/>\n\t<meta property=\"og:image:height\" content=\"420\" \/>\n\t<meta property=\"og:image:type\" content=\"image\/jpeg\" \/>\n<meta name=\"twitter:label1\" content=\"Est. reading time\" \/>\n\t<meta name=\"twitter:data1\" content=\"2 minutes\" \/>\n<script type=\"application\/ld+json\" class=\"yoast-schema-graph\">{\"@context\":\"https:\\\/\\\/schema.org\",\"@graph\":[{\"@type\":\"WebPage\",\"@id\":\"https:\\\/\\\/www.andrefrereditions.com\\\/en\\\/books\\\/photography\\\/japan-coast-2\\\/\",\"url\":\"https:\\\/\\\/www.andrefrereditions.com\\\/en\\\/books\\\/photography\\\/japan-coast-2\\\/\",\"name\":\"Japan Coast | Andr\u00e9 Fr\u00e8re \u00c9ditions\",\"isPartOf\":{\"@id\":\"https:\\\/\\\/www.andrefrereditions.com\\\/en\\\/#website\"},\"primaryImageOfPage\":{\"@id\":\"https:\\\/\\\/www.andrefrereditions.com\\\/en\\\/books\\\/photography\\\/japan-coast-2\\\/#primaryimage\"},\"image\":{\"@id\":\"https:\\\/\\\/www.andrefrereditions.com\\\/en\\\/books\\\/photography\\\/japan-coast-2\\\/#primaryimage\"},\"thumbnailUrl\":\"https:\\\/\\\/www.andrefrereditions.com\\\/wp-content\\\/uploads\\\/2014\\\/09\\\/couverture-japan-coast-andre-frere-editions.jpg\",\"datePublished\":\"2014-09-22T14:23:55+00:00\",\"dateModified\":\"2025-06-26T09:18:57+00:00\",\"description\":\"Silva Bingaz releases Japan Coast at Andr\u00e9 Fr\u00e8re \u00c9ditions, displaying photographs taken in Japan.\",\"breadcrumb\":{\"@id\":\"https:\\\/\\\/www.andrefrereditions.com\\\/en\\\/books\\\/photography\\\/japan-coast-2\\\/#breadcrumb\"},\"inLanguage\":\"en-US\",\"potentialAction\":[{\"@type\":\"ReadAction\",\"target\":[\"https:\\\/\\\/www.andrefrereditions.com\\\/en\\\/books\\\/photography\\\/japan-coast-2\\\/\"]}]},{\"@type\":\"ImageObject\",\"inLanguage\":\"en-US\",\"@id\":\"https:\\\/\\\/www.andrefrereditions.com\\\/en\\\/books\\\/photography\\\/japan-coast-2\\\/#primaryimage\",\"url\":\"https:\\\/\\\/www.andrefrereditions.com\\\/wp-content\\\/uploads\\\/2014\\\/09\\\/couverture-japan-coast-andre-frere-editions.jpg\",\"contentUrl\":\"https:\\\/\\\/www.andrefrereditions.com\\\/wp-content\\\/uploads\\\/2014\\\/09\\\/couverture-japan-coast-andre-frere-editions.jpg\",\"width\":300,\"height\":420},{\"@type\":\"BreadcrumbList\",\"@id\":\"https:\\\/\\\/www.andrefrereditions.com\\\/en\\\/books\\\/photography\\\/japan-coast-2\\\/#breadcrumb\",\"itemListElement\":[{\"@type\":\"ListItem\",\"position\":1,\"name\":\"Home\",\"item\":\"https:\\\/\\\/www.andrefrereditions.com\\\/en\\\/\"},{\"@type\":\"ListItem\",\"position\":2,\"name\":\"Books\",\"item\":\"https:\\\/\\\/www.andrefrereditions.com\\\/en\\\/books\\\/\"},{\"@type\":\"ListItem\",\"position\":3,\"name\":\"Japan Coast\"}]},{\"@type\":\"WebSite\",\"@id\":\"https:\\\/\\\/www.andrefrereditions.com\\\/en\\\/#website\",\"url\":\"https:\\\/\\\/www.andrefrereditions.com\\\/en\\\/\",\"name\":\"Andr\u00e9 Fr\u00e8re \u00c9ditions\",\"description\":\"\u00c9dition ind\u00e9pendante de photographie et d\u2019art\",\"publisher\":{\"@id\":\"https:\\\/\\\/www.andrefrereditions.com\\\/en\\\/#organization\"},\"potentialAction\":[{\"@type\":\"SearchAction\",\"target\":{\"@type\":\"EntryPoint\",\"urlTemplate\":\"https:\\\/\\\/www.andrefrereditions.com\\\/en\\\/?s={search_term_string}\"},\"query-input\":{\"@type\":\"PropertyValueSpecification\",\"valueRequired\":true,\"valueName\":\"search_term_string\"}}],\"inLanguage\":\"en-US\"},{\"@type\":\"Organization\",\"@id\":\"https:\\\/\\\/www.andrefrereditions.com\\\/en\\\/#organization\",\"name\":\"Andr\u00e9 Fr\u00e8re \u00c9ditions\",\"url\":\"https:\\\/\\\/www.andrefrereditions.com\\\/en\\\/\",\"logo\":{\"@type\":\"ImageObject\",\"inLanguage\":\"en-US\",\"@id\":\"https:\\\/\\\/www.andrefrereditions.com\\\/en\\\/#\\\/schema\\\/logo\\\/image\\\/\",\"url\":\"https:\\\/\\\/www.andrefrereditions.com\\\/wp-content\\\/uploads\\\/2014\\\/12\\\/andre-frere-editions-logo.png\",\"contentUrl\":\"https:\\\/\\\/www.andrefrereditions.com\\\/wp-content\\\/uploads\\\/2014\\\/12\\\/andre-frere-editions-logo.png\",\"width\":80,\"height\":79,\"caption\":\"Andr\u00e9 Fr\u00e8re \u00c9ditions\"},\"image\":{\"@id\":\"https:\\\/\\\/www.andrefrereditions.com\\\/en\\\/#\\\/schema\\\/logo\\\/image\\\/\"}}]}<\/script>\n<!-- \/ Yoast SEO plugin. -->","yoast_head_json":{"title":"Japan Coast | Andr\u00e9 Fr\u00e8re \u00c9ditions","description":"Silva Bingaz releases Japan Coast at Andr\u00e9 Fr\u00e8re \u00c9ditions, displaying photographs taken in Japan.","robots":{"index":"index","follow":"follow","max-snippet":"max-snippet:-1","max-image-preview":"max-image-preview:large","max-video-preview":"max-video-preview:-1"},"canonical":"https:\/\/www.andrefrereditions.com\/en\/books\/photography\/japan-coast-2\/","og_locale":"en_US","og_type":"article","og_title":"Japan Coast | Andr\u00e9 Fr\u00e8re \u00c9ditions","og_description":"Silva Bingaz releases Japan Coast at Andr\u00e9 Fr\u00e8re \u00c9ditions, displaying photographs taken in Japan.","og_url":"https:\/\/www.andrefrereditions.com\/en\/books\/photography\/japan-coast-2\/","og_site_name":"Andr\u00e9 Fr\u00e8re \u00c9ditions","article_modified_time":"2025-06-26T09:18:57+00:00","og_image":[{"width":300,"height":420,"url":"https:\/\/www.andrefrereditions.com\/wp-content\/uploads\/2014\/09\/couverture-japan-coast-andre-frere-editions.jpg","type":"image\/jpeg"}],"twitter_misc":{"Est. reading time":"2 minutes"},"schema":{"@context":"https:\/\/schema.org","@graph":[{"@type":"WebPage","@id":"https:\/\/www.andrefrereditions.com\/en\/books\/photography\/japan-coast-2\/","url":"https:\/\/www.andrefrereditions.com\/en\/books\/photography\/japan-coast-2\/","name":"Japan Coast | Andr\u00e9 Fr\u00e8re \u00c9ditions","isPartOf":{"@id":"https:\/\/www.andrefrereditions.com\/en\/#website"},"primaryImageOfPage":{"@id":"https:\/\/www.andrefrereditions.com\/en\/books\/photography\/japan-coast-2\/#primaryimage"},"image":{"@id":"https:\/\/www.andrefrereditions.com\/en\/books\/photography\/japan-coast-2\/#primaryimage"},"thumbnailUrl":"https:\/\/www.andrefrereditions.com\/wp-content\/uploads\/2014\/09\/couverture-japan-coast-andre-frere-editions.jpg","datePublished":"2014-09-22T14:23:55+00:00","dateModified":"2025-06-26T09:18:57+00:00","description":"Silva Bingaz releases Japan Coast at Andr\u00e9 Fr\u00e8re \u00c9ditions, displaying photographs taken in Japan.","breadcrumb":{"@id":"https:\/\/www.andrefrereditions.com\/en\/books\/photography\/japan-coast-2\/#breadcrumb"},"inLanguage":"en-US","potentialAction":[{"@type":"ReadAction","target":["https:\/\/www.andrefrereditions.com\/en\/books\/photography\/japan-coast-2\/"]}]},{"@type":"ImageObject","inLanguage":"en-US","@id":"https:\/\/www.andrefrereditions.com\/en\/books\/photography\/japan-coast-2\/#primaryimage","url":"https:\/\/www.andrefrereditions.com\/wp-content\/uploads\/2014\/09\/couverture-japan-coast-andre-frere-editions.jpg","contentUrl":"https:\/\/www.andrefrereditions.com\/wp-content\/uploads\/2014\/09\/couverture-japan-coast-andre-frere-editions.jpg","width":300,"height":420},{"@type":"BreadcrumbList","@id":"https:\/\/www.andrefrereditions.com\/en\/books\/photography\/japan-coast-2\/#breadcrumb","itemListElement":[{"@type":"ListItem","position":1,"name":"Home","item":"https:\/\/www.andrefrereditions.com\/en\/"},{"@type":"ListItem","position":2,"name":"Books","item":"https:\/\/www.andrefrereditions.com\/en\/books\/"},{"@type":"ListItem","position":3,"name":"Japan Coast"}]},{"@type":"WebSite","@id":"https:\/\/www.andrefrereditions.com\/en\/#website","url":"https:\/\/www.andrefrereditions.com\/en\/","name":"Andr\u00e9 Fr\u00e8re \u00c9ditions","description":"\u00c9dition ind\u00e9pendante de photographie et d\u2019art","publisher":{"@id":"https:\/\/www.andrefrereditions.com\/en\/#organization"},"potentialAction":[{"@type":"SearchAction","target":{"@type":"EntryPoint","urlTemplate":"https:\/\/www.andrefrereditions.com\/en\/?s={search_term_string}"},"query-input":{"@type":"PropertyValueSpecification","valueRequired":true,"valueName":"search_term_string"}}],"inLanguage":"en-US"},{"@type":"Organization","@id":"https:\/\/www.andrefrereditions.com\/en\/#organization","name":"Andr\u00e9 Fr\u00e8re \u00c9ditions","url":"https:\/\/www.andrefrereditions.com\/en\/","logo":{"@type":"ImageObject","inLanguage":"en-US","@id":"https:\/\/www.andrefrereditions.com\/en\/#\/schema\/logo\/image\/","url":"https:\/\/www.andrefrereditions.com\/wp-content\/uploads\/2014\/12\/andre-frere-editions-logo.png","contentUrl":"https:\/\/www.andrefrereditions.com\/wp-content\/uploads\/2014\/12\/andre-frere-editions-logo.png","width":80,"height":79,"caption":"Andr\u00e9 Fr\u00e8re \u00c9ditions"},"image":{"@id":"https:\/\/www.andrefrereditions.com\/en\/#\/schema\/logo\/image\/"}}]}},"_links":{"self":[{"href":"https:\/\/www.andrefrereditions.com\/en\/wp-json\/wp\/v2\/product\/5830","targetHints":{"allow":["GET"]}}],"collection":[{"href":"https:\/\/www.andrefrereditions.com\/en\/wp-json\/wp\/v2\/product"}],"about":[{"href":"https:\/\/www.andrefrereditions.com\/en\/wp-json\/wp\/v2\/types\/product"}],"wp:featuredmedia":[{"embeddable":true,"href":"https:\/\/www.andrefrereditions.com\/en\/wp-json\/wp\/v2\/media\/5703"}],"wp:attachment":[{"href":"https:\/\/www.andrefrereditions.com\/en\/wp-json\/wp\/v2\/media?parent=5830"}],"wp:term":[{"taxonomy":"product_brand","embeddable":true,"href":"https:\/\/www.andrefrereditions.com\/en\/wp-json\/wp\/v2\/product_brand?post=5830"},{"taxonomy":"product_cat","embeddable":true,"href":"https:\/\/www.andrefrereditions.com\/en\/wp-json\/wp\/v2\/product_cat?post=5830"},{"taxonomy":"product_tag","embeddable":true,"href":"https:\/\/www.andrefrereditions.com\/en\/wp-json\/wp\/v2\/product_tag?post=5830"}],"curies":[{"name":"wp","href":"https:\/\/api.w.org\/{rel}","templated":true}]}}