{"id":5840,"date":"2013-03-17T20:47:22","date_gmt":"2013-03-17T18:47:22","guid":{"rendered":"http:\/\/www.andrefrereditions.com\/books\/non-classe\/ende-und-anfang-print-head\/"},"modified":"2025-06-26T11:18:54","modified_gmt":"2025-06-26T09:18:54","slug":"ende-und-anfang-print-head","status":"publish","type":"product","link":"https:\/\/www.andrefrereditions.com\/en\/books\/special-editions\/ende-und-anfang-print-head\/","title":{"rendered":"Ende und Anfang \u2013 Special edition"},"content":{"rendered":"<ul class=\"infos-livre\">\n<li>Photographs and texts: J.H. Engstr\u00f6m<\/li>\n<li>Special edition of\u00a0<a title=\"Ende und Anfang \u2013 Early Trips\" href=\"\/en?p=576\">End und Anfang<\/a> published by Andr\u00e9 Fr\u00e8re \u00c9ditions.<\/li>\n<\/ul>\n<p>This collection books is sold signed, with an original picture signed and numbered.<br \/>\nThis set is proposed only on our website, or on trade fairs and photographic world special events where Andr\u00e9 Fr\u00e8re \u00c9ditions is present.<\/p>\n<p>A choice between <strong>four pictures<\/strong> from the book is proposed.<br \/>\nEach print is available in <strong>10 copies <\/strong>.<\/p>\n<p>N\u00ba1: 165 x 235 mm: \u20ac450<br \/>\nN\u00ba2: 165 x 235 mm: \u20ac650<br \/>\nN\u00ba3: 130 x 170 mm: \u20ac400<br \/>\nN\u00ba4: 130 x 170 mm: \u20ac400<\/p>\n<p>Upon receipt of your order, we will send you a confirmation mail and we will ask you to confirm the picture chosen. Please feel free to\u00a0<a title=\"Contact\" href=\"\/?page_id=9\">contact us<\/a>\u00a0for any question about this product.<\/p>\n<p class=\"texte-important\">1.<\/p>\n<p><img loading=\"lazy\" decoding=\"async\" class=\"alignnone size-full wp-image-562\" src=\"https:\/\/www.andrefrereditions.com\/wp-content\/uploads\/2014\/03\/ende-und-anfang-j-h-engstrom-andre-frere-editions-3.jpg\" alt=\"Image extraite de Ende und Anfang par J.H. Engstr\u00f6m\" width=\"430\" height=\"663\" \/><\/p>\n<p class=\"texte-important\">2.<\/p>\n<p><img loading=\"lazy\" decoding=\"async\" class=\"alignnone size-full wp-image-558\" src=\"https:\/\/www.andrefrereditions.com\/wp-content\/uploads\/2014\/03\/ende-und-anfang-j-h-engstrom-andre-frere-editions-1.jpg\" alt=\"Image extraite de Ende und Anfang par J.H. Engstr\u00f6m\" width=\"430\" height=\"573\" \/><\/p>\n<p class=\"texte-important\">3.<\/p>\n<p><img loading=\"lazy\" decoding=\"async\" class=\"alignnone size-full wp-image-564\" src=\"https:\/\/www.andrefrereditions.com\/wp-content\/uploads\/2014\/03\/ende-und-anfang-j-h-engstrom-andre-frere-editions-4.jpg\" alt=\"Image extraite de Ende und Anfang par J.H. Engstr\u00f6m\" width=\"430\" height=\"294\" \/><\/p>\n<p class=\"texte-important\">4.<\/p>\n<p><img loading=\"lazy\" decoding=\"async\" class=\"alignnone size-full wp-image-560\" src=\"https:\/\/www.andrefrereditions.com\/wp-content\/uploads\/2014\/03\/ende-und-anfang-j-h-engstrom-andre-frere-editions-2.jpg\" alt=\"Image extraite de Ende und Anfang par J.H. Engstr\u00f6m\" width=\"430\" height=\"324\" \/><\/p>\n","protected":false},"excerpt":{"rendered":"<p>Photographs and texts: J.H. Engstr\u00f6m Special edition of\u00a0End und Anfang published by Andr\u00e9 Fr\u00e8re \u00c9ditions. This collection books is sold signed, with an original picture signed and numbered. This set is proposed only on our website, or on trade fairs and photographic world special events where Andr\u00e9 Fr\u00e8re \u00c9ditions is present. A choice between four [&hellip;]<\/p>\n","protected":false},"featured_media":567,"template":"","meta":[],"product_brand":[],"product_cat":[35],"product_tag":[],"class_list":{"0":"post-5840","1":"product","2":"type-product","3":"status-publish","4":"has-post-thumbnail","6":"product_cat-special-editions","7":"product_shipping_class-c3-en","8":"pa_picture-picture-n-1","9":"pa_picture-picture-n-2","10":"pa_picture-picture-n-3","11":"pa_picture-picture-n-4","13":"first","14":"instock","15":"shipping-taxable","16":"purchasable","17":"product-type-variable"},"yoast_head":"<!-- This site is optimized with the Yoast SEO plugin v27.4 - https:\/\/yoast.com\/product\/yoast-seo-wordpress\/ -->\n<title>Ende und Anfang \u2013 Special edition | Andr\u00e9 Fr\u00e8re \u00c9ditions<\/title>\n<meta name=\"description\" content=\"Ende und Anfang \u2013 Special edition par J.H Engstr\u00f6m dans la cat\u00e9gorie Special editions. Publi\u00e9 par Andr\u00e9 Fr\u00e8re \u00c9ditions.\" \/>\n<meta name=\"robots\" content=\"index, follow, max-snippet:-1, max-image-preview:large, max-video-preview:-1\" \/>\n<link rel=\"canonical\" href=\"https:\/\/www.andrefrereditions.com\/en\/books\/special-editions\/ende-und-anfang-print-head\/\" \/>\n<meta property=\"og:locale\" content=\"en_US\" \/>\n<meta property=\"og:type\" content=\"article\" \/>\n<meta property=\"og:title\" content=\"Ende und Anfang \u2013 Special edition | Andr\u00e9 Fr\u00e8re \u00c9ditions\" \/>\n<meta property=\"og:description\" content=\"Ende und Anfang \u2013 Special edition par J.H Engstr\u00f6m dans la cat\u00e9gorie Special editions. Publi\u00e9 par Andr\u00e9 Fr\u00e8re \u00c9ditions.\" \/>\n<meta property=\"og:url\" content=\"https:\/\/www.andrefrereditions.com\/en\/books\/special-editions\/ende-und-anfang-print-head\/\" \/>\n<meta property=\"og:site_name\" content=\"Andr\u00e9 Fr\u00e8re \u00c9ditions\" \/>\n<meta property=\"article:modified_time\" content=\"2025-06-26T09:18:54+00:00\" \/>\n<meta property=\"og:image\" content=\"https:\/\/www.andrefrereditions.com\/wp-content\/uploads\/2014\/03\/Ende-und-Anfang-Early-Trips-1-andre-frere-editions.jpg\" \/>\n\t<meta property=\"og:image:width\" content=\"420\" \/>\n\t<meta property=\"og:image:height\" content=\"522\" \/>\n\t<meta property=\"og:image:type\" content=\"image\/jpeg\" \/>\n<meta name=\"twitter:label1\" content=\"Est. reading time\" \/>\n\t<meta name=\"twitter:data1\" content=\"1 minute\" \/>\n<script type=\"application\/ld+json\" class=\"yoast-schema-graph\">{\"@context\":\"https:\\\/\\\/schema.org\",\"@graph\":[{\"@type\":\"WebPage\",\"@id\":\"https:\\\/\\\/www.andrefrereditions.com\\\/en\\\/books\\\/special-editions\\\/ende-und-anfang-print-head\\\/\",\"url\":\"https:\\\/\\\/www.andrefrereditions.com\\\/en\\\/books\\\/special-editions\\\/ende-und-anfang-print-head\\\/\",\"name\":\"Ende und Anfang \u2013 Special edition | Andr\u00e9 Fr\u00e8re \u00c9ditions\",\"isPartOf\":{\"@id\":\"https:\\\/\\\/www.andrefrereditions.com\\\/en\\\/#website\"},\"primaryImageOfPage\":{\"@id\":\"https:\\\/\\\/www.andrefrereditions.com\\\/en\\\/books\\\/special-editions\\\/ende-und-anfang-print-head\\\/#primaryimage\"},\"image\":{\"@id\":\"https:\\\/\\\/www.andrefrereditions.com\\\/en\\\/books\\\/special-editions\\\/ende-und-anfang-print-head\\\/#primaryimage\"},\"thumbnailUrl\":\"https:\\\/\\\/www.andrefrereditions.com\\\/wp-content\\\/uploads\\\/2014\\\/03\\\/Ende-und-Anfang-Early-Trips-1-andre-frere-editions.jpg\",\"datePublished\":\"2013-03-17T18:47:22+00:00\",\"dateModified\":\"2025-06-26T09:18:54+00:00\",\"description\":\"Ende und Anfang \u2013 Special edition par J.H Engstr\u00f6m dans la cat\u00e9gorie Special editions. Publi\u00e9 par Andr\u00e9 Fr\u00e8re \u00c9ditions.\",\"breadcrumb\":{\"@id\":\"https:\\\/\\\/www.andrefrereditions.com\\\/en\\\/books\\\/special-editions\\\/ende-und-anfang-print-head\\\/#breadcrumb\"},\"inLanguage\":\"en-US\",\"potentialAction\":[{\"@type\":\"ReadAction\",\"target\":[\"https:\\\/\\\/www.andrefrereditions.com\\\/en\\\/books\\\/special-editions\\\/ende-und-anfang-print-head\\\/\"]}]},{\"@type\":\"ImageObject\",\"inLanguage\":\"en-US\",\"@id\":\"https:\\\/\\\/www.andrefrereditions.com\\\/en\\\/books\\\/special-editions\\\/ende-und-anfang-print-head\\\/#primaryimage\",\"url\":\"https:\\\/\\\/www.andrefrereditions.com\\\/wp-content\\\/uploads\\\/2014\\\/03\\\/Ende-und-Anfang-Early-Trips-1-andre-frere-editions.jpg\",\"contentUrl\":\"https:\\\/\\\/www.andrefrereditions.com\\\/wp-content\\\/uploads\\\/2014\\\/03\\\/Ende-und-Anfang-Early-Trips-1-andre-frere-editions.jpg\",\"width\":420,\"height\":522},{\"@type\":\"BreadcrumbList\",\"@id\":\"https:\\\/\\\/www.andrefrereditions.com\\\/en\\\/books\\\/special-editions\\\/ende-und-anfang-print-head\\\/#breadcrumb\",\"itemListElement\":[{\"@type\":\"ListItem\",\"position\":1,\"name\":\"Home\",\"item\":\"https:\\\/\\\/www.andrefrereditions.com\\\/en\\\/\"},{\"@type\":\"ListItem\",\"position\":2,\"name\":\"Books\",\"item\":\"https:\\\/\\\/www.andrefrereditions.com\\\/en\\\/books\\\/\"},{\"@type\":\"ListItem\",\"position\":3,\"name\":\"Ende und Anfang \u2013 Special edition\"}]},{\"@type\":\"WebSite\",\"@id\":\"https:\\\/\\\/www.andrefrereditions.com\\\/en\\\/#website\",\"url\":\"https:\\\/\\\/www.andrefrereditions.com\\\/en\\\/\",\"name\":\"Andr\u00e9 Fr\u00e8re \u00c9ditions\",\"description\":\"\u00c9dition ind\u00e9pendante de photographie et d\u2019art\",\"publisher\":{\"@id\":\"https:\\\/\\\/www.andrefrereditions.com\\\/en\\\/#organization\"},\"potentialAction\":[{\"@type\":\"SearchAction\",\"target\":{\"@type\":\"EntryPoint\",\"urlTemplate\":\"https:\\\/\\\/www.andrefrereditions.com\\\/en\\\/?s={search_term_string}\"},\"query-input\":{\"@type\":\"PropertyValueSpecification\",\"valueRequired\":true,\"valueName\":\"search_term_string\"}}],\"inLanguage\":\"en-US\"},{\"@type\":\"Organization\",\"@id\":\"https:\\\/\\\/www.andrefrereditions.com\\\/en\\\/#organization\",\"name\":\"Andr\u00e9 Fr\u00e8re \u00c9ditions\",\"url\":\"https:\\\/\\\/www.andrefrereditions.com\\\/en\\\/\",\"logo\":{\"@type\":\"ImageObject\",\"inLanguage\":\"en-US\",\"@id\":\"https:\\\/\\\/www.andrefrereditions.com\\\/en\\\/#\\\/schema\\\/logo\\\/image\\\/\",\"url\":\"https:\\\/\\\/www.andrefrereditions.com\\\/wp-content\\\/uploads\\\/2014\\\/12\\\/andre-frere-editions-logo.png\",\"contentUrl\":\"https:\\\/\\\/www.andrefrereditions.com\\\/wp-content\\\/uploads\\\/2014\\\/12\\\/andre-frere-editions-logo.png\",\"width\":80,\"height\":79,\"caption\":\"Andr\u00e9 Fr\u00e8re \u00c9ditions\"},\"image\":{\"@id\":\"https:\\\/\\\/www.andrefrereditions.com\\\/en\\\/#\\\/schema\\\/logo\\\/image\\\/\"}}]}<\/script>\n<!-- \/ Yoast SEO plugin. -->","yoast_head_json":{"title":"Ende und Anfang \u2013 Special edition | Andr\u00e9 Fr\u00e8re \u00c9ditions","description":"Ende und Anfang \u2013 Special edition par J.H Engstr\u00f6m dans la cat\u00e9gorie Special editions. Publi\u00e9 par Andr\u00e9 Fr\u00e8re \u00c9ditions.","robots":{"index":"index","follow":"follow","max-snippet":"max-snippet:-1","max-image-preview":"max-image-preview:large","max-video-preview":"max-video-preview:-1"},"canonical":"https:\/\/www.andrefrereditions.com\/en\/books\/special-editions\/ende-und-anfang-print-head\/","og_locale":"en_US","og_type":"article","og_title":"Ende und Anfang \u2013 Special edition | Andr\u00e9 Fr\u00e8re \u00c9ditions","og_description":"Ende und Anfang \u2013 Special edition par J.H Engstr\u00f6m dans la cat\u00e9gorie Special editions. Publi\u00e9 par Andr\u00e9 Fr\u00e8re \u00c9ditions.","og_url":"https:\/\/www.andrefrereditions.com\/en\/books\/special-editions\/ende-und-anfang-print-head\/","og_site_name":"Andr\u00e9 Fr\u00e8re \u00c9ditions","article_modified_time":"2025-06-26T09:18:54+00:00","og_image":[{"width":420,"height":522,"url":"https:\/\/www.andrefrereditions.com\/wp-content\/uploads\/2014\/03\/Ende-und-Anfang-Early-Trips-1-andre-frere-editions.jpg","type":"image\/jpeg"}],"twitter_misc":{"Est. reading time":"1 minute"},"schema":{"@context":"https:\/\/schema.org","@graph":[{"@type":"WebPage","@id":"https:\/\/www.andrefrereditions.com\/en\/books\/special-editions\/ende-und-anfang-print-head\/","url":"https:\/\/www.andrefrereditions.com\/en\/books\/special-editions\/ende-und-anfang-print-head\/","name":"Ende und Anfang \u2013 Special edition | Andr\u00e9 Fr\u00e8re \u00c9ditions","isPartOf":{"@id":"https:\/\/www.andrefrereditions.com\/en\/#website"},"primaryImageOfPage":{"@id":"https:\/\/www.andrefrereditions.com\/en\/books\/special-editions\/ende-und-anfang-print-head\/#primaryimage"},"image":{"@id":"https:\/\/www.andrefrereditions.com\/en\/books\/special-editions\/ende-und-anfang-print-head\/#primaryimage"},"thumbnailUrl":"https:\/\/www.andrefrereditions.com\/wp-content\/uploads\/2014\/03\/Ende-und-Anfang-Early-Trips-1-andre-frere-editions.jpg","datePublished":"2013-03-17T18:47:22+00:00","dateModified":"2025-06-26T09:18:54+00:00","description":"Ende und Anfang \u2013 Special edition par J.H Engstr\u00f6m dans la cat\u00e9gorie Special editions. Publi\u00e9 par Andr\u00e9 Fr\u00e8re \u00c9ditions.","breadcrumb":{"@id":"https:\/\/www.andrefrereditions.com\/en\/books\/special-editions\/ende-und-anfang-print-head\/#breadcrumb"},"inLanguage":"en-US","potentialAction":[{"@type":"ReadAction","target":["https:\/\/www.andrefrereditions.com\/en\/books\/special-editions\/ende-und-anfang-print-head\/"]}]},{"@type":"ImageObject","inLanguage":"en-US","@id":"https:\/\/www.andrefrereditions.com\/en\/books\/special-editions\/ende-und-anfang-print-head\/#primaryimage","url":"https:\/\/www.andrefrereditions.com\/wp-content\/uploads\/2014\/03\/Ende-und-Anfang-Early-Trips-1-andre-frere-editions.jpg","contentUrl":"https:\/\/www.andrefrereditions.com\/wp-content\/uploads\/2014\/03\/Ende-und-Anfang-Early-Trips-1-andre-frere-editions.jpg","width":420,"height":522},{"@type":"BreadcrumbList","@id":"https:\/\/www.andrefrereditions.com\/en\/books\/special-editions\/ende-und-anfang-print-head\/#breadcrumb","itemListElement":[{"@type":"ListItem","position":1,"name":"Home","item":"https:\/\/www.andrefrereditions.com\/en\/"},{"@type":"ListItem","position":2,"name":"Books","item":"https:\/\/www.andrefrereditions.com\/en\/books\/"},{"@type":"ListItem","position":3,"name":"Ende und Anfang \u2013 Special edition"}]},{"@type":"WebSite","@id":"https:\/\/www.andrefrereditions.com\/en\/#website","url":"https:\/\/www.andrefrereditions.com\/en\/","name":"Andr\u00e9 Fr\u00e8re \u00c9ditions","description":"\u00c9dition ind\u00e9pendante de photographie et d\u2019art","publisher":{"@id":"https:\/\/www.andrefrereditions.com\/en\/#organization"},"potentialAction":[{"@type":"SearchAction","target":{"@type":"EntryPoint","urlTemplate":"https:\/\/www.andrefrereditions.com\/en\/?s={search_term_string}"},"query-input":{"@type":"PropertyValueSpecification","valueRequired":true,"valueName":"search_term_string"}}],"inLanguage":"en-US"},{"@type":"Organization","@id":"https:\/\/www.andrefrereditions.com\/en\/#organization","name":"Andr\u00e9 Fr\u00e8re \u00c9ditions","url":"https:\/\/www.andrefrereditions.com\/en\/","logo":{"@type":"ImageObject","inLanguage":"en-US","@id":"https:\/\/www.andrefrereditions.com\/en\/#\/schema\/logo\/image\/","url":"https:\/\/www.andrefrereditions.com\/wp-content\/uploads\/2014\/12\/andre-frere-editions-logo.png","contentUrl":"https:\/\/www.andrefrereditions.com\/wp-content\/uploads\/2014\/12\/andre-frere-editions-logo.png","width":80,"height":79,"caption":"Andr\u00e9 Fr\u00e8re \u00c9ditions"},"image":{"@id":"https:\/\/www.andrefrereditions.com\/en\/#\/schema\/logo\/image\/"}}]}},"_links":{"self":[{"href":"https:\/\/www.andrefrereditions.com\/en\/wp-json\/wp\/v2\/product\/5840","targetHints":{"allow":["GET"]}}],"collection":[{"href":"https:\/\/www.andrefrereditions.com\/en\/wp-json\/wp\/v2\/product"}],"about":[{"href":"https:\/\/www.andrefrereditions.com\/en\/wp-json\/wp\/v2\/types\/product"}],"wp:featuredmedia":[{"embeddable":true,"href":"https:\/\/www.andrefrereditions.com\/en\/wp-json\/wp\/v2\/media\/567"}],"wp:attachment":[{"href":"https:\/\/www.andrefrereditions.com\/en\/wp-json\/wp\/v2\/media?parent=5840"}],"wp:term":[{"taxonomy":"product_brand","embeddable":true,"href":"https:\/\/www.andrefrereditions.com\/en\/wp-json\/wp\/v2\/product_brand?post=5840"},{"taxonomy":"product_cat","embeddable":true,"href":"https:\/\/www.andrefrereditions.com\/en\/wp-json\/wp\/v2\/product_cat?post=5840"},{"taxonomy":"product_tag","embeddable":true,"href":"https:\/\/www.andrefrereditions.com\/en\/wp-json\/wp\/v2\/product_tag?post=5840"}],"curies":[{"name":"wp","href":"https:\/\/api.w.org\/{rel}","templated":true}]}}