{"id":5900,"date":"2013-09-23T13:17:52","date_gmt":"2014-12-04T21:55:11","guid":{"rendered":"http:\/\/www.andrefrereditions.com\/?post_type=product&#038;p=5900"},"modified":"2025-06-26T11:12:09","modified_gmt":"2025-06-26T09:12:09","slug":"raymond-depardon-special-edition","status":"publish","type":"product","link":"https:\/\/www.andrefrereditions.com\/en\/books\/special-editions\/raymond-depardon-special-edition\/","title":{"rendered":"Raymond Depardon &#8211; Special edition"},"content":{"rendered":"<ul class=\"infos-livre\">\n<li><strong>Special edition of\u00a0<a title=\"Raymond Depardon\" href=\"\/?p=5826\">Raymond Depardon par Christian Caujolle<\/a><\/strong><\/li>\n<li>Book in French language<\/li>\n<\/ul>\n<p>This collector\u2019s version is presented in an elegant box protecting the book,\u00a0<strong>signed by\u00a0Raymond Depardon<\/strong>.<\/p>\n<p>This collection books is sold signed, with an original picture signed and numbered.<\/p>\n<p>This set is proposed only on our website, or on trade fairs and photographic world special events where Andr\u00e9 Fr\u00e8re \u00c9ditions is present.<\/p>\n<p>A choice between <strong>two pictures<\/strong> from the book is proposed.<\/p>\n<p>Each print on Hahnem\u00fchle fine art is available in<strong> 6 copies<\/strong> only, in paper format 18 x 24 cm at a unit price of \u20ac1000 for N\u00b0 1 and \u20ac1500 for N\u00b02.<\/p>\n<p>Upon receipt of your order, we will send you a confirmation mail and we will ask you to confirm the picture chosen. Please feel free to\u00a0contact us\u00a0for any question about this product.<\/p>\n<p>Please feel free to <a title=\"Contact us\" href=\"\/?page_id=286\">contact us<\/a> for any question about this product.<\/p>\n<p class=\"texte-important\">1.<br \/>\n<img loading=\"lazy\" decoding=\"async\" width=\"430\" height=\"432\" class=\"alignnone size-full wp-image-5896\" src=\"https:\/\/www.andrefrereditions.com\/wp-content\/uploads\/2014\/12\/raymond-depardon-andre-frere-editions-speciale-1.jpg\" alt=\"\" srcset=\"https:\/\/www.andrefrereditions.com\/wp-content\/uploads\/2014\/12\/raymond-depardon-andre-frere-editions-speciale-1.jpg 430w, https:\/\/www.andrefrereditions.com\/wp-content\/uploads\/2014\/12\/raymond-depardon-andre-frere-editions-speciale-1-420x422.jpg 420w, https:\/\/www.andrefrereditions.com\/wp-content\/uploads\/2014\/12\/raymond-depardon-andre-frere-editions-speciale-1-100x100.jpg 100w, https:\/\/www.andrefrereditions.com\/wp-content\/uploads\/2014\/12\/raymond-depardon-andre-frere-editions-speciale-1-298x300.jpg 298w\" sizes=\"auto, (max-width: 430px) 100vw, 430px\" \/><br \/>\n<img loading=\"lazy\" decoding=\"async\" width=\"430\" height=\"308\" class=\"alignnone size-full wp-image-5892\" src=\"https:\/\/www.andrefrereditions.com\/wp-content\/uploads\/2014\/12\/boitage-raymond-depardon-andre-frere-editions-speciale-1.jpg\" alt=\"\" srcset=\"https:\/\/www.andrefrereditions.com\/wp-content\/uploads\/2014\/12\/boitage-raymond-depardon-andre-frere-editions-speciale-1.jpg 430w, https:\/\/www.andrefrereditions.com\/wp-content\/uploads\/2014\/12\/boitage-raymond-depardon-andre-frere-editions-speciale-1-420x301.jpg 420w, https:\/\/www.andrefrereditions.com\/wp-content\/uploads\/2014\/12\/boitage-raymond-depardon-andre-frere-editions-speciale-1-300x214.jpg 300w\" sizes=\"auto, (max-width: 430px) 100vw, 430px\" \/><\/p>\n<p class=\"texte-important\">2.<br \/>\n<img loading=\"lazy\" decoding=\"async\" width=\"430\" height=\"308\" class=\"alignnone size-full wp-image-5894\" src=\"https:\/\/www.andrefrereditions.com\/wp-content\/uploads\/2014\/12\/boitage-raymond-depardon-andre-frere-editions-speciale-2.jpg\" alt=\"\" srcset=\"https:\/\/www.andrefrereditions.com\/wp-content\/uploads\/2014\/12\/boitage-raymond-depardon-andre-frere-editions-speciale-2.jpg 430w, https:\/\/www.andrefrereditions.com\/wp-content\/uploads\/2014\/12\/boitage-raymond-depardon-andre-frere-editions-speciale-2-420x301.jpg 420w, https:\/\/www.andrefrereditions.com\/wp-content\/uploads\/2014\/12\/boitage-raymond-depardon-andre-frere-editions-speciale-2-300x214.jpg 300w\" sizes=\"auto, (max-width: 430px) 100vw, 430px\" \/><br \/>\n<img loading=\"lazy\" decoding=\"async\" width=\"430\" height=\"425\" class=\"alignnone size-full wp-image-5898\" src=\"https:\/\/www.andrefrereditions.com\/wp-content\/uploads\/2014\/12\/raymond-depardon-andre-frere-editions-speciale-2.jpg\" alt=\"\" srcset=\"https:\/\/www.andrefrereditions.com\/wp-content\/uploads\/2014\/12\/raymond-depardon-andre-frere-editions-speciale-2.jpg 430w, https:\/\/www.andrefrereditions.com\/wp-content\/uploads\/2014\/12\/raymond-depardon-andre-frere-editions-speciale-2-420x415.jpg 420w, https:\/\/www.andrefrereditions.com\/wp-content\/uploads\/2014\/12\/raymond-depardon-andre-frere-editions-speciale-2-100x100.jpg 100w, https:\/\/www.andrefrereditions.com\/wp-content\/uploads\/2014\/12\/raymond-depardon-andre-frere-editions-speciale-2-300x296.jpg 300w\" sizes=\"auto, (max-width: 430px) 100vw, 430px\" \/><\/p>\n<p>Fine Art print by Picto is an inkjet printing process that uses a printer and HP Vivera inks. Fine Art Pigment prints are exceptionally high quality and produced on art paper.<br \/>\nUltra-long life pigment inks are printed in high definition on neutral, generally 100% cotton paper.<br \/>\nThe result is a long-lasting print with a better image quality than C-type prints.<\/p>\n","protected":false},"excerpt":{"rendered":"<p>Special edition of\u00a0Raymond Depardon par Christian Caujolle Book in French language This collector\u2019s version is presented in an elegant box protecting the book,\u00a0signed by\u00a0Raymond Depardon. This collection books is sold signed, with an original picture signed and numbered. This set is proposed only on our website, or on trade fairs and photographic world special events [&hellip;]<\/p>\n","protected":false},"featured_media":5671,"template":"","meta":[],"product_brand":[],"product_cat":[35],"product_tag":[],"class_list":{"0":"post-5900","1":"product","2":"type-product","3":"status-publish","4":"has-post-thumbnail","6":"product_cat-special-editions","7":"product_shipping_class-c1-en","8":"pa_picture-picture-n-1","9":"pa_picture-picture-n-2","11":"first","12":"instock","13":"shipping-taxable","14":"purchasable","15":"product-type-variable"},"yoast_head":"<!-- This site is optimized with the Yoast SEO plugin v27.5 - https:\/\/yoast.com\/product\/yoast-seo-wordpress\/ -->\n<title>Raymond Depardon - Special edition | Andr\u00e9 Fr\u00e8re \u00c9ditions<\/title>\n<meta name=\"description\" content=\"Raymond Depardon - Special edition par Christian Caujolle dans la cat\u00e9gorie Special editions. Publi\u00e9 par Andr\u00e9 Fr\u00e8re \u00c9ditions.\" \/>\n<meta name=\"robots\" content=\"index, follow, max-snippet:-1, max-image-preview:large, max-video-preview:-1\" \/>\n<link rel=\"canonical\" href=\"https:\/\/www.andrefrereditions.com\/en\/books\/special-editions\/raymond-depardon-special-edition\/\" \/>\n<meta property=\"og:locale\" content=\"en_US\" \/>\n<meta property=\"og:type\" content=\"article\" \/>\n<meta property=\"og:title\" content=\"Raymond Depardon - Special edition | Andr\u00e9 Fr\u00e8re \u00c9ditions\" \/>\n<meta property=\"og:description\" content=\"Raymond Depardon - Special edition par Christian Caujolle dans la cat\u00e9gorie Special editions. Publi\u00e9 par Andr\u00e9 Fr\u00e8re \u00c9ditions.\" \/>\n<meta property=\"og:url\" content=\"https:\/\/www.andrefrereditions.com\/en\/books\/special-editions\/raymond-depardon-special-edition\/\" \/>\n<meta property=\"og:site_name\" content=\"Andr\u00e9 Fr\u00e8re \u00c9ditions\" \/>\n<meta property=\"article:modified_time\" content=\"2025-06-26T09:12:09+00:00\" \/>\n<meta property=\"og:image\" content=\"https:\/\/www.andrefrereditions.com\/wp-content\/uploads\/2014\/09\/couverture-depardon-christian-caujolle-andre-frere-editions.jpg\" \/>\n\t<meta property=\"og:image:width\" content=\"310\" \/>\n\t<meta property=\"og:image:height\" content=\"420\" \/>\n\t<meta property=\"og:image:type\" content=\"image\/jpeg\" \/>\n<meta name=\"twitter:label1\" content=\"Est. reading time\" \/>\n\t<meta name=\"twitter:data1\" content=\"1 minute\" \/>\n<script type=\"application\/ld+json\" class=\"yoast-schema-graph\">{\"@context\":\"https:\\\/\\\/schema.org\",\"@graph\":[{\"@type\":\"WebPage\",\"@id\":\"https:\\\/\\\/www.andrefrereditions.com\\\/en\\\/books\\\/special-editions\\\/raymond-depardon-special-edition\\\/\",\"url\":\"https:\\\/\\\/www.andrefrereditions.com\\\/en\\\/books\\\/special-editions\\\/raymond-depardon-special-edition\\\/\",\"name\":\"Raymond Depardon - Special edition | Andr\u00e9 Fr\u00e8re \u00c9ditions\",\"isPartOf\":{\"@id\":\"https:\\\/\\\/www.andrefrereditions.com\\\/en\\\/#website\"},\"primaryImageOfPage\":{\"@id\":\"https:\\\/\\\/www.andrefrereditions.com\\\/en\\\/books\\\/special-editions\\\/raymond-depardon-special-edition\\\/#primaryimage\"},\"image\":{\"@id\":\"https:\\\/\\\/www.andrefrereditions.com\\\/en\\\/books\\\/special-editions\\\/raymond-depardon-special-edition\\\/#primaryimage\"},\"thumbnailUrl\":\"https:\\\/\\\/www.andrefrereditions.com\\\/wp-content\\\/uploads\\\/2014\\\/09\\\/couverture-depardon-christian-caujolle-andre-frere-editions.jpg\",\"datePublished\":\"2014-12-04T21:55:11+00:00\",\"dateModified\":\"2025-06-26T09:12:09+00:00\",\"description\":\"Raymond Depardon - Special edition par Christian Caujolle dans la cat\u00e9gorie Special editions. Publi\u00e9 par Andr\u00e9 Fr\u00e8re \u00c9ditions.\",\"breadcrumb\":{\"@id\":\"https:\\\/\\\/www.andrefrereditions.com\\\/en\\\/books\\\/special-editions\\\/raymond-depardon-special-edition\\\/#breadcrumb\"},\"inLanguage\":\"en-US\",\"potentialAction\":[{\"@type\":\"ReadAction\",\"target\":[\"https:\\\/\\\/www.andrefrereditions.com\\\/en\\\/books\\\/special-editions\\\/raymond-depardon-special-edition\\\/\"]}]},{\"@type\":\"ImageObject\",\"inLanguage\":\"en-US\",\"@id\":\"https:\\\/\\\/www.andrefrereditions.com\\\/en\\\/books\\\/special-editions\\\/raymond-depardon-special-edition\\\/#primaryimage\",\"url\":\"https:\\\/\\\/www.andrefrereditions.com\\\/wp-content\\\/uploads\\\/2014\\\/09\\\/couverture-depardon-christian-caujolle-andre-frere-editions.jpg\",\"contentUrl\":\"https:\\\/\\\/www.andrefrereditions.com\\\/wp-content\\\/uploads\\\/2014\\\/09\\\/couverture-depardon-christian-caujolle-andre-frere-editions.jpg\",\"width\":310,\"height\":420},{\"@type\":\"BreadcrumbList\",\"@id\":\"https:\\\/\\\/www.andrefrereditions.com\\\/en\\\/books\\\/special-editions\\\/raymond-depardon-special-edition\\\/#breadcrumb\",\"itemListElement\":[{\"@type\":\"ListItem\",\"position\":1,\"name\":\"Home\",\"item\":\"https:\\\/\\\/www.andrefrereditions.com\\\/en\\\/\"},{\"@type\":\"ListItem\",\"position\":2,\"name\":\"Books\",\"item\":\"https:\\\/\\\/www.andrefrereditions.com\\\/en\\\/books\\\/\"},{\"@type\":\"ListItem\",\"position\":3,\"name\":\"Raymond Depardon &#8211; Special edition\"}]},{\"@type\":\"WebSite\",\"@id\":\"https:\\\/\\\/www.andrefrereditions.com\\\/en\\\/#website\",\"url\":\"https:\\\/\\\/www.andrefrereditions.com\\\/en\\\/\",\"name\":\"Andr\u00e9 Fr\u00e8re \u00c9ditions\",\"description\":\"\u00c9dition ind\u00e9pendante de photographie et d\u2019art\",\"publisher\":{\"@id\":\"https:\\\/\\\/www.andrefrereditions.com\\\/en\\\/#organization\"},\"potentialAction\":[{\"@type\":\"SearchAction\",\"target\":{\"@type\":\"EntryPoint\",\"urlTemplate\":\"https:\\\/\\\/www.andrefrereditions.com\\\/en\\\/?s={search_term_string}\"},\"query-input\":{\"@type\":\"PropertyValueSpecification\",\"valueRequired\":true,\"valueName\":\"search_term_string\"}}],\"inLanguage\":\"en-US\"},{\"@type\":\"Organization\",\"@id\":\"https:\\\/\\\/www.andrefrereditions.com\\\/en\\\/#organization\",\"name\":\"Andr\u00e9 Fr\u00e8re \u00c9ditions\",\"url\":\"https:\\\/\\\/www.andrefrereditions.com\\\/en\\\/\",\"logo\":{\"@type\":\"ImageObject\",\"inLanguage\":\"en-US\",\"@id\":\"https:\\\/\\\/www.andrefrereditions.com\\\/en\\\/#\\\/schema\\\/logo\\\/image\\\/\",\"url\":\"https:\\\/\\\/www.andrefrereditions.com\\\/wp-content\\\/uploads\\\/2014\\\/12\\\/andre-frere-editions-logo.png\",\"contentUrl\":\"https:\\\/\\\/www.andrefrereditions.com\\\/wp-content\\\/uploads\\\/2014\\\/12\\\/andre-frere-editions-logo.png\",\"width\":80,\"height\":79,\"caption\":\"Andr\u00e9 Fr\u00e8re \u00c9ditions\"},\"image\":{\"@id\":\"https:\\\/\\\/www.andrefrereditions.com\\\/en\\\/#\\\/schema\\\/logo\\\/image\\\/\"}}]}<\/script>\n<!-- \/ Yoast SEO plugin. -->","yoast_head_json":{"title":"Raymond Depardon - Special edition | Andr\u00e9 Fr\u00e8re \u00c9ditions","description":"Raymond Depardon - Special edition par Christian Caujolle dans la cat\u00e9gorie Special editions. Publi\u00e9 par Andr\u00e9 Fr\u00e8re \u00c9ditions.","robots":{"index":"index","follow":"follow","max-snippet":"max-snippet:-1","max-image-preview":"max-image-preview:large","max-video-preview":"max-video-preview:-1"},"canonical":"https:\/\/www.andrefrereditions.com\/en\/books\/special-editions\/raymond-depardon-special-edition\/","og_locale":"en_US","og_type":"article","og_title":"Raymond Depardon - Special edition | Andr\u00e9 Fr\u00e8re \u00c9ditions","og_description":"Raymond Depardon - Special edition par Christian Caujolle dans la cat\u00e9gorie Special editions. Publi\u00e9 par Andr\u00e9 Fr\u00e8re \u00c9ditions.","og_url":"https:\/\/www.andrefrereditions.com\/en\/books\/special-editions\/raymond-depardon-special-edition\/","og_site_name":"Andr\u00e9 Fr\u00e8re \u00c9ditions","article_modified_time":"2025-06-26T09:12:09+00:00","og_image":[{"width":310,"height":420,"url":"https:\/\/www.andrefrereditions.com\/wp-content\/uploads\/2014\/09\/couverture-depardon-christian-caujolle-andre-frere-editions.jpg","type":"image\/jpeg"}],"twitter_misc":{"Est. reading time":"1 minute"},"schema":{"@context":"https:\/\/schema.org","@graph":[{"@type":"WebPage","@id":"https:\/\/www.andrefrereditions.com\/en\/books\/special-editions\/raymond-depardon-special-edition\/","url":"https:\/\/www.andrefrereditions.com\/en\/books\/special-editions\/raymond-depardon-special-edition\/","name":"Raymond Depardon - Special edition | Andr\u00e9 Fr\u00e8re \u00c9ditions","isPartOf":{"@id":"https:\/\/www.andrefrereditions.com\/en\/#website"},"primaryImageOfPage":{"@id":"https:\/\/www.andrefrereditions.com\/en\/books\/special-editions\/raymond-depardon-special-edition\/#primaryimage"},"image":{"@id":"https:\/\/www.andrefrereditions.com\/en\/books\/special-editions\/raymond-depardon-special-edition\/#primaryimage"},"thumbnailUrl":"https:\/\/www.andrefrereditions.com\/wp-content\/uploads\/2014\/09\/couverture-depardon-christian-caujolle-andre-frere-editions.jpg","datePublished":"2014-12-04T21:55:11+00:00","dateModified":"2025-06-26T09:12:09+00:00","description":"Raymond Depardon - Special edition par Christian Caujolle dans la cat\u00e9gorie Special editions. Publi\u00e9 par Andr\u00e9 Fr\u00e8re \u00c9ditions.","breadcrumb":{"@id":"https:\/\/www.andrefrereditions.com\/en\/books\/special-editions\/raymond-depardon-special-edition\/#breadcrumb"},"inLanguage":"en-US","potentialAction":[{"@type":"ReadAction","target":["https:\/\/www.andrefrereditions.com\/en\/books\/special-editions\/raymond-depardon-special-edition\/"]}]},{"@type":"ImageObject","inLanguage":"en-US","@id":"https:\/\/www.andrefrereditions.com\/en\/books\/special-editions\/raymond-depardon-special-edition\/#primaryimage","url":"https:\/\/www.andrefrereditions.com\/wp-content\/uploads\/2014\/09\/couverture-depardon-christian-caujolle-andre-frere-editions.jpg","contentUrl":"https:\/\/www.andrefrereditions.com\/wp-content\/uploads\/2014\/09\/couverture-depardon-christian-caujolle-andre-frere-editions.jpg","width":310,"height":420},{"@type":"BreadcrumbList","@id":"https:\/\/www.andrefrereditions.com\/en\/books\/special-editions\/raymond-depardon-special-edition\/#breadcrumb","itemListElement":[{"@type":"ListItem","position":1,"name":"Home","item":"https:\/\/www.andrefrereditions.com\/en\/"},{"@type":"ListItem","position":2,"name":"Books","item":"https:\/\/www.andrefrereditions.com\/en\/books\/"},{"@type":"ListItem","position":3,"name":"Raymond Depardon &#8211; Special edition"}]},{"@type":"WebSite","@id":"https:\/\/www.andrefrereditions.com\/en\/#website","url":"https:\/\/www.andrefrereditions.com\/en\/","name":"Andr\u00e9 Fr\u00e8re \u00c9ditions","description":"\u00c9dition ind\u00e9pendante de photographie et d\u2019art","publisher":{"@id":"https:\/\/www.andrefrereditions.com\/en\/#organization"},"potentialAction":[{"@type":"SearchAction","target":{"@type":"EntryPoint","urlTemplate":"https:\/\/www.andrefrereditions.com\/en\/?s={search_term_string}"},"query-input":{"@type":"PropertyValueSpecification","valueRequired":true,"valueName":"search_term_string"}}],"inLanguage":"en-US"},{"@type":"Organization","@id":"https:\/\/www.andrefrereditions.com\/en\/#organization","name":"Andr\u00e9 Fr\u00e8re \u00c9ditions","url":"https:\/\/www.andrefrereditions.com\/en\/","logo":{"@type":"ImageObject","inLanguage":"en-US","@id":"https:\/\/www.andrefrereditions.com\/en\/#\/schema\/logo\/image\/","url":"https:\/\/www.andrefrereditions.com\/wp-content\/uploads\/2014\/12\/andre-frere-editions-logo.png","contentUrl":"https:\/\/www.andrefrereditions.com\/wp-content\/uploads\/2014\/12\/andre-frere-editions-logo.png","width":80,"height":79,"caption":"Andr\u00e9 Fr\u00e8re \u00c9ditions"},"image":{"@id":"https:\/\/www.andrefrereditions.com\/en\/#\/schema\/logo\/image\/"}}]}},"_links":{"self":[{"href":"https:\/\/www.andrefrereditions.com\/en\/wp-json\/wp\/v2\/product\/5900","targetHints":{"allow":["GET"]}}],"collection":[{"href":"https:\/\/www.andrefrereditions.com\/en\/wp-json\/wp\/v2\/product"}],"about":[{"href":"https:\/\/www.andrefrereditions.com\/en\/wp-json\/wp\/v2\/types\/product"}],"wp:featuredmedia":[{"embeddable":true,"href":"https:\/\/www.andrefrereditions.com\/en\/wp-json\/wp\/v2\/media\/5671"}],"wp:attachment":[{"href":"https:\/\/www.andrefrereditions.com\/en\/wp-json\/wp\/v2\/media?parent=5900"}],"wp:term":[{"taxonomy":"product_brand","embeddable":true,"href":"https:\/\/www.andrefrereditions.com\/en\/wp-json\/wp\/v2\/product_brand?post=5900"},{"taxonomy":"product_cat","embeddable":true,"href":"https:\/\/www.andrefrereditions.com\/en\/wp-json\/wp\/v2\/product_cat?post=5900"},{"taxonomy":"product_tag","embeddable":true,"href":"https:\/\/www.andrefrereditions.com\/en\/wp-json\/wp\/v2\/product_tag?post=5900"}],"curies":[{"name":"wp","href":"https:\/\/api.w.org\/{rel}","templated":true}]}}