{"id":5924,"date":"2013-09-22T23:57:08","date_gmt":"2014-12-04T22:46:33","guid":{"rendered":"http:\/\/www.andrefrereditions.com\/?post_type=product&#038;p=5924"},"modified":"2025-06-26T11:18:57","modified_gmt":"2025-06-26T09:18:57","slug":"japan-coast-special-edition","status":"publish","type":"product","link":"https:\/\/www.andrefrereditions.com\/en\/books\/special-editions\/japan-coast-special-edition\/","title":{"rendered":"Japan coast \u2013 Special Edition"},"content":{"rendered":"<ul class=\"infos-livre\">\n<li>French and english<\/li>\n<li>Photographs: <a title=\"Silva Bingaz' website\" href=\"http:\/\/silvabingaz.com\/\" target=\"_blank\">Silva Bingaz<\/a><\/li>\n<li>Go to <a title=\"Japan Coast\" href=\"\/?p=5830\"><em>Japan Coast<\/em> book page<\/a><\/li>\n<\/ul>\n<p>Special edition of\u00a0Japan Coast, published by Andr\u00e9 Fr\u00e8re \u00c9ditions.<\/p>\n<p>This collection books is sold signed, with an original picture signed and numbered.<\/p>\n<p>This set is proposed only on our website, or on trade fairs and photographic world special events where Andr\u00e9 Fr\u00e8re \u00c9ditions is present.<\/p>\n<p>A choice between<strong> two pictures<\/strong> from the book is proposed, numbering below 1 to 2, to be mentioned when ordering.<\/p>\n<p>Each print is available in <strong>15 copies<\/strong>, in paper format 18 x 27,5 cm at a unit price of 180 \u20ac.<\/p>\n<p>Upon receipt of your order, we will send you a confirmation mail and we will ask you to confirm the picture chosen. Please feel free to\u00a0<a href=\"\/en?page_id=286\">contact us\u00a0<\/a>for any question about this product.<\/p>\n<p class=\"texte-important\">1.<br \/>\n<img loading=\"lazy\" decoding=\"async\" width=\"430\" height=\"648\" class=\"alignnone size-full wp-image-5916\" src=\"https:\/\/www.andrefrereditions.com\/wp-content\/uploads\/2014\/12\/japan-coast-silva-bingaz-andre-frere-editions-speciale-1.jpg\" alt=\"\" srcset=\"https:\/\/www.andrefrereditions.com\/wp-content\/uploads\/2014\/12\/japan-coast-silva-bingaz-andre-frere-editions-speciale-1.jpg 430w, https:\/\/www.andrefrereditions.com\/wp-content\/uploads\/2014\/12\/japan-coast-silva-bingaz-andre-frere-editions-speciale-1-420x633.jpg 420w, https:\/\/www.andrefrereditions.com\/wp-content\/uploads\/2014\/12\/japan-coast-silva-bingaz-andre-frere-editions-speciale-1-199x300.jpg 199w\" sizes=\"auto, (max-width: 430px) 100vw, 430px\" \/><br \/>\n<img loading=\"lazy\" decoding=\"async\" width=\"430\" height=\"323\" class=\"alignnone size-full wp-image-5920\" src=\"https:\/\/www.andrefrereditions.com\/wp-content\/uploads\/2014\/12\/japan-coast-silva-bingaz-andre-frere-editions-speciale-boitage-1.jpg\" alt=\"\" srcset=\"https:\/\/www.andrefrereditions.com\/wp-content\/uploads\/2014\/12\/japan-coast-silva-bingaz-andre-frere-editions-speciale-boitage-1.jpg 430w, https:\/\/www.andrefrereditions.com\/wp-content\/uploads\/2014\/12\/japan-coast-silva-bingaz-andre-frere-editions-speciale-boitage-1-420x315.jpg 420w, https:\/\/www.andrefrereditions.com\/wp-content\/uploads\/2014\/12\/japan-coast-silva-bingaz-andre-frere-editions-speciale-boitage-1-300x225.jpg 300w\" sizes=\"auto, (max-width: 430px) 100vw, 430px\" \/><\/p>\n<p class=\"texte-important\">2.<br \/>\n<img loading=\"lazy\" decoding=\"async\" width=\"430\" height=\"277\" class=\"alignnone size-full wp-image-5918\" src=\"https:\/\/www.andrefrereditions.com\/wp-content\/uploads\/2014\/12\/japan-coast-silva-bingaz-andre-frere-editions-speciale-2.jpg\" alt=\"\" srcset=\"https:\/\/www.andrefrereditions.com\/wp-content\/uploads\/2014\/12\/japan-coast-silva-bingaz-andre-frere-editions-speciale-2.jpg 430w, https:\/\/www.andrefrereditions.com\/wp-content\/uploads\/2014\/12\/japan-coast-silva-bingaz-andre-frere-editions-speciale-2-420x271.jpg 420w, https:\/\/www.andrefrereditions.com\/wp-content\/uploads\/2014\/12\/japan-coast-silva-bingaz-andre-frere-editions-speciale-2-300x193.jpg 300w\" sizes=\"auto, (max-width: 430px) 100vw, 430px\" \/><br \/>\n<img loading=\"lazy\" decoding=\"async\" width=\"430\" height=\"323\" class=\"alignnone size-full wp-image-5922\" src=\"https:\/\/www.andrefrereditions.com\/wp-content\/uploads\/2014\/12\/japan-coast-silva-bingaz-andre-frere-editions-speciale-boitage-2.jpg\" alt=\"\" srcset=\"https:\/\/www.andrefrereditions.com\/wp-content\/uploads\/2014\/12\/japan-coast-silva-bingaz-andre-frere-editions-speciale-boitage-2.jpg 430w, https:\/\/www.andrefrereditions.com\/wp-content\/uploads\/2014\/12\/japan-coast-silva-bingaz-andre-frere-editions-speciale-boitage-2-420x315.jpg 420w, https:\/\/www.andrefrereditions.com\/wp-content\/uploads\/2014\/12\/japan-coast-silva-bingaz-andre-frere-editions-speciale-boitage-2-300x225.jpg 300w\" sizes=\"auto, (max-width: 430px) 100vw, 430px\" \/><\/p>\n","protected":false},"excerpt":{"rendered":"<p>French and english Photographs: Silva Bingaz Go to Japan Coast book page Special edition of\u00a0Japan Coast, published by Andr\u00e9 Fr\u00e8re \u00c9ditions. This collection books is sold signed, with an original picture signed and numbered. This set is proposed only on our website, or on trade fairs and photographic world special events where Andr\u00e9 Fr\u00e8re \u00c9ditions [&hellip;]<\/p>\n","protected":false},"featured_media":5703,"template":"","meta":[],"product_brand":[],"product_cat":[35],"product_tag":[],"class_list":{"0":"post-5924","1":"product","2":"type-product","3":"status-publish","4":"has-post-thumbnail","6":"product_cat-special-editions","7":"product_shipping_class-c3-en","8":"pa_picture-picture-n-1","9":"pa_picture-picture-n-2","11":"first","12":"instock","13":"shipping-taxable","14":"purchasable","15":"product-type-variable"},"yoast_head":"<!-- This site is optimized with the Yoast SEO plugin v27.5 - https:\/\/yoast.com\/product\/yoast-seo-wordpress\/ -->\n<title>Japan coast \u2013 Special Edition | Andr\u00e9 Fr\u00e8re \u00c9ditions<\/title>\n<meta name=\"description\" content=\"Japan coast \u2013 Special Edition par Silva Bingaz dans la cat\u00e9gorie Special editions. Publi\u00e9 par Andr\u00e9 Fr\u00e8re \u00c9ditions.\" \/>\n<meta name=\"robots\" content=\"index, follow, max-snippet:-1, max-image-preview:large, max-video-preview:-1\" \/>\n<link rel=\"canonical\" href=\"https:\/\/www.andrefrereditions.com\/en\/books\/special-editions\/japan-coast-special-edition\/\" \/>\n<meta property=\"og:locale\" content=\"en_US\" \/>\n<meta property=\"og:type\" content=\"article\" \/>\n<meta property=\"og:title\" content=\"Japan coast \u2013 Special Edition | Andr\u00e9 Fr\u00e8re \u00c9ditions\" \/>\n<meta property=\"og:description\" content=\"Japan coast \u2013 Special Edition par Silva Bingaz dans la cat\u00e9gorie Special editions. Publi\u00e9 par Andr\u00e9 Fr\u00e8re \u00c9ditions.\" \/>\n<meta property=\"og:url\" content=\"https:\/\/www.andrefrereditions.com\/en\/books\/special-editions\/japan-coast-special-edition\/\" \/>\n<meta property=\"og:site_name\" content=\"Andr\u00e9 Fr\u00e8re \u00c9ditions\" \/>\n<meta property=\"article:modified_time\" content=\"2025-06-26T09:18:57+00:00\" \/>\n<meta property=\"og:image\" content=\"https:\/\/www.andrefrereditions.com\/wp-content\/uploads\/2014\/09\/couverture-japan-coast-andre-frere-editions.jpg\" \/>\n\t<meta property=\"og:image:width\" content=\"300\" \/>\n\t<meta property=\"og:image:height\" content=\"420\" \/>\n\t<meta property=\"og:image:type\" content=\"image\/jpeg\" \/>\n<meta name=\"twitter:label1\" content=\"Est. reading time\" \/>\n\t<meta name=\"twitter:data1\" content=\"1 minute\" \/>\n<script type=\"application\/ld+json\" class=\"yoast-schema-graph\">{\"@context\":\"https:\\\/\\\/schema.org\",\"@graph\":[{\"@type\":\"WebPage\",\"@id\":\"https:\\\/\\\/www.andrefrereditions.com\\\/en\\\/books\\\/special-editions\\\/japan-coast-special-edition\\\/\",\"url\":\"https:\\\/\\\/www.andrefrereditions.com\\\/en\\\/books\\\/special-editions\\\/japan-coast-special-edition\\\/\",\"name\":\"Japan coast \u2013 Special Edition | Andr\u00e9 Fr\u00e8re \u00c9ditions\",\"isPartOf\":{\"@id\":\"https:\\\/\\\/www.andrefrereditions.com\\\/en\\\/#website\"},\"primaryImageOfPage\":{\"@id\":\"https:\\\/\\\/www.andrefrereditions.com\\\/en\\\/books\\\/special-editions\\\/japan-coast-special-edition\\\/#primaryimage\"},\"image\":{\"@id\":\"https:\\\/\\\/www.andrefrereditions.com\\\/en\\\/books\\\/special-editions\\\/japan-coast-special-edition\\\/#primaryimage\"},\"thumbnailUrl\":\"https:\\\/\\\/www.andrefrereditions.com\\\/wp-content\\\/uploads\\\/2014\\\/09\\\/couverture-japan-coast-andre-frere-editions.jpg\",\"datePublished\":\"2014-12-04T22:46:33+00:00\",\"dateModified\":\"2025-06-26T09:18:57+00:00\",\"description\":\"Japan coast \u2013 Special Edition par Silva Bingaz dans la cat\u00e9gorie Special editions. Publi\u00e9 par Andr\u00e9 Fr\u00e8re \u00c9ditions.\",\"breadcrumb\":{\"@id\":\"https:\\\/\\\/www.andrefrereditions.com\\\/en\\\/books\\\/special-editions\\\/japan-coast-special-edition\\\/#breadcrumb\"},\"inLanguage\":\"en-US\",\"potentialAction\":[{\"@type\":\"ReadAction\",\"target\":[\"https:\\\/\\\/www.andrefrereditions.com\\\/en\\\/books\\\/special-editions\\\/japan-coast-special-edition\\\/\"]}]},{\"@type\":\"ImageObject\",\"inLanguage\":\"en-US\",\"@id\":\"https:\\\/\\\/www.andrefrereditions.com\\\/en\\\/books\\\/special-editions\\\/japan-coast-special-edition\\\/#primaryimage\",\"url\":\"https:\\\/\\\/www.andrefrereditions.com\\\/wp-content\\\/uploads\\\/2014\\\/09\\\/couverture-japan-coast-andre-frere-editions.jpg\",\"contentUrl\":\"https:\\\/\\\/www.andrefrereditions.com\\\/wp-content\\\/uploads\\\/2014\\\/09\\\/couverture-japan-coast-andre-frere-editions.jpg\",\"width\":300,\"height\":420},{\"@type\":\"BreadcrumbList\",\"@id\":\"https:\\\/\\\/www.andrefrereditions.com\\\/en\\\/books\\\/special-editions\\\/japan-coast-special-edition\\\/#breadcrumb\",\"itemListElement\":[{\"@type\":\"ListItem\",\"position\":1,\"name\":\"Home\",\"item\":\"https:\\\/\\\/www.andrefrereditions.com\\\/en\\\/\"},{\"@type\":\"ListItem\",\"position\":2,\"name\":\"Books\",\"item\":\"https:\\\/\\\/www.andrefrereditions.com\\\/en\\\/books\\\/\"},{\"@type\":\"ListItem\",\"position\":3,\"name\":\"Japan coast \u2013 Special Edition\"}]},{\"@type\":\"WebSite\",\"@id\":\"https:\\\/\\\/www.andrefrereditions.com\\\/en\\\/#website\",\"url\":\"https:\\\/\\\/www.andrefrereditions.com\\\/en\\\/\",\"name\":\"Andr\u00e9 Fr\u00e8re \u00c9ditions\",\"description\":\"\u00c9dition ind\u00e9pendante de photographie et d\u2019art\",\"publisher\":{\"@id\":\"https:\\\/\\\/www.andrefrereditions.com\\\/en\\\/#organization\"},\"potentialAction\":[{\"@type\":\"SearchAction\",\"target\":{\"@type\":\"EntryPoint\",\"urlTemplate\":\"https:\\\/\\\/www.andrefrereditions.com\\\/en\\\/?s={search_term_string}\"},\"query-input\":{\"@type\":\"PropertyValueSpecification\",\"valueRequired\":true,\"valueName\":\"search_term_string\"}}],\"inLanguage\":\"en-US\"},{\"@type\":\"Organization\",\"@id\":\"https:\\\/\\\/www.andrefrereditions.com\\\/en\\\/#organization\",\"name\":\"Andr\u00e9 Fr\u00e8re \u00c9ditions\",\"url\":\"https:\\\/\\\/www.andrefrereditions.com\\\/en\\\/\",\"logo\":{\"@type\":\"ImageObject\",\"inLanguage\":\"en-US\",\"@id\":\"https:\\\/\\\/www.andrefrereditions.com\\\/en\\\/#\\\/schema\\\/logo\\\/image\\\/\",\"url\":\"https:\\\/\\\/www.andrefrereditions.com\\\/wp-content\\\/uploads\\\/2014\\\/12\\\/andre-frere-editions-logo.png\",\"contentUrl\":\"https:\\\/\\\/www.andrefrereditions.com\\\/wp-content\\\/uploads\\\/2014\\\/12\\\/andre-frere-editions-logo.png\",\"width\":80,\"height\":79,\"caption\":\"Andr\u00e9 Fr\u00e8re \u00c9ditions\"},\"image\":{\"@id\":\"https:\\\/\\\/www.andrefrereditions.com\\\/en\\\/#\\\/schema\\\/logo\\\/image\\\/\"}}]}<\/script>\n<!-- \/ Yoast SEO plugin. -->","yoast_head_json":{"title":"Japan coast \u2013 Special Edition | Andr\u00e9 Fr\u00e8re \u00c9ditions","description":"Japan coast \u2013 Special Edition par Silva Bingaz dans la cat\u00e9gorie Special editions. Publi\u00e9 par Andr\u00e9 Fr\u00e8re \u00c9ditions.","robots":{"index":"index","follow":"follow","max-snippet":"max-snippet:-1","max-image-preview":"max-image-preview:large","max-video-preview":"max-video-preview:-1"},"canonical":"https:\/\/www.andrefrereditions.com\/en\/books\/special-editions\/japan-coast-special-edition\/","og_locale":"en_US","og_type":"article","og_title":"Japan coast \u2013 Special Edition | Andr\u00e9 Fr\u00e8re \u00c9ditions","og_description":"Japan coast \u2013 Special Edition par Silva Bingaz dans la cat\u00e9gorie Special editions. Publi\u00e9 par Andr\u00e9 Fr\u00e8re \u00c9ditions.","og_url":"https:\/\/www.andrefrereditions.com\/en\/books\/special-editions\/japan-coast-special-edition\/","og_site_name":"Andr\u00e9 Fr\u00e8re \u00c9ditions","article_modified_time":"2025-06-26T09:18:57+00:00","og_image":[{"width":300,"height":420,"url":"https:\/\/www.andrefrereditions.com\/wp-content\/uploads\/2014\/09\/couverture-japan-coast-andre-frere-editions.jpg","type":"image\/jpeg"}],"twitter_misc":{"Est. reading time":"1 minute"},"schema":{"@context":"https:\/\/schema.org","@graph":[{"@type":"WebPage","@id":"https:\/\/www.andrefrereditions.com\/en\/books\/special-editions\/japan-coast-special-edition\/","url":"https:\/\/www.andrefrereditions.com\/en\/books\/special-editions\/japan-coast-special-edition\/","name":"Japan coast \u2013 Special Edition | Andr\u00e9 Fr\u00e8re \u00c9ditions","isPartOf":{"@id":"https:\/\/www.andrefrereditions.com\/en\/#website"},"primaryImageOfPage":{"@id":"https:\/\/www.andrefrereditions.com\/en\/books\/special-editions\/japan-coast-special-edition\/#primaryimage"},"image":{"@id":"https:\/\/www.andrefrereditions.com\/en\/books\/special-editions\/japan-coast-special-edition\/#primaryimage"},"thumbnailUrl":"https:\/\/www.andrefrereditions.com\/wp-content\/uploads\/2014\/09\/couverture-japan-coast-andre-frere-editions.jpg","datePublished":"2014-12-04T22:46:33+00:00","dateModified":"2025-06-26T09:18:57+00:00","description":"Japan coast \u2013 Special Edition par Silva Bingaz dans la cat\u00e9gorie Special editions. Publi\u00e9 par Andr\u00e9 Fr\u00e8re \u00c9ditions.","breadcrumb":{"@id":"https:\/\/www.andrefrereditions.com\/en\/books\/special-editions\/japan-coast-special-edition\/#breadcrumb"},"inLanguage":"en-US","potentialAction":[{"@type":"ReadAction","target":["https:\/\/www.andrefrereditions.com\/en\/books\/special-editions\/japan-coast-special-edition\/"]}]},{"@type":"ImageObject","inLanguage":"en-US","@id":"https:\/\/www.andrefrereditions.com\/en\/books\/special-editions\/japan-coast-special-edition\/#primaryimage","url":"https:\/\/www.andrefrereditions.com\/wp-content\/uploads\/2014\/09\/couverture-japan-coast-andre-frere-editions.jpg","contentUrl":"https:\/\/www.andrefrereditions.com\/wp-content\/uploads\/2014\/09\/couverture-japan-coast-andre-frere-editions.jpg","width":300,"height":420},{"@type":"BreadcrumbList","@id":"https:\/\/www.andrefrereditions.com\/en\/books\/special-editions\/japan-coast-special-edition\/#breadcrumb","itemListElement":[{"@type":"ListItem","position":1,"name":"Home","item":"https:\/\/www.andrefrereditions.com\/en\/"},{"@type":"ListItem","position":2,"name":"Books","item":"https:\/\/www.andrefrereditions.com\/en\/books\/"},{"@type":"ListItem","position":3,"name":"Japan coast \u2013 Special Edition"}]},{"@type":"WebSite","@id":"https:\/\/www.andrefrereditions.com\/en\/#website","url":"https:\/\/www.andrefrereditions.com\/en\/","name":"Andr\u00e9 Fr\u00e8re \u00c9ditions","description":"\u00c9dition ind\u00e9pendante de photographie et d\u2019art","publisher":{"@id":"https:\/\/www.andrefrereditions.com\/en\/#organization"},"potentialAction":[{"@type":"SearchAction","target":{"@type":"EntryPoint","urlTemplate":"https:\/\/www.andrefrereditions.com\/en\/?s={search_term_string}"},"query-input":{"@type":"PropertyValueSpecification","valueRequired":true,"valueName":"search_term_string"}}],"inLanguage":"en-US"},{"@type":"Organization","@id":"https:\/\/www.andrefrereditions.com\/en\/#organization","name":"Andr\u00e9 Fr\u00e8re \u00c9ditions","url":"https:\/\/www.andrefrereditions.com\/en\/","logo":{"@type":"ImageObject","inLanguage":"en-US","@id":"https:\/\/www.andrefrereditions.com\/en\/#\/schema\/logo\/image\/","url":"https:\/\/www.andrefrereditions.com\/wp-content\/uploads\/2014\/12\/andre-frere-editions-logo.png","contentUrl":"https:\/\/www.andrefrereditions.com\/wp-content\/uploads\/2014\/12\/andre-frere-editions-logo.png","width":80,"height":79,"caption":"Andr\u00e9 Fr\u00e8re \u00c9ditions"},"image":{"@id":"https:\/\/www.andrefrereditions.com\/en\/#\/schema\/logo\/image\/"}}]}},"_links":{"self":[{"href":"https:\/\/www.andrefrereditions.com\/en\/wp-json\/wp\/v2\/product\/5924","targetHints":{"allow":["GET"]}}],"collection":[{"href":"https:\/\/www.andrefrereditions.com\/en\/wp-json\/wp\/v2\/product"}],"about":[{"href":"https:\/\/www.andrefrereditions.com\/en\/wp-json\/wp\/v2\/types\/product"}],"wp:featuredmedia":[{"embeddable":true,"href":"https:\/\/www.andrefrereditions.com\/en\/wp-json\/wp\/v2\/media\/5703"}],"wp:attachment":[{"href":"https:\/\/www.andrefrereditions.com\/en\/wp-json\/wp\/v2\/media?parent=5924"}],"wp:term":[{"taxonomy":"product_brand","embeddable":true,"href":"https:\/\/www.andrefrereditions.com\/en\/wp-json\/wp\/v2\/product_brand?post=5924"},{"taxonomy":"product_cat","embeddable":true,"href":"https:\/\/www.andrefrereditions.com\/en\/wp-json\/wp\/v2\/product_cat?post=5924"},{"taxonomy":"product_tag","embeddable":true,"href":"https:\/\/www.andrefrereditions.com\/en\/wp-json\/wp\/v2\/product_tag?post=5924"}],"curies":[{"name":"wp","href":"https:\/\/api.w.org\/{rel}","templated":true}]}}