{"id":6181,"date":"2015-05-10T10:00:44","date_gmt":"2015-05-10T10:22:04","guid":{"rendered":"http:\/\/www.andrefrereditions.com\/?post_type=product&#038;p=6181"},"modified":"2025-06-26T11:14:52","modified_gmt":"2025-06-26T09:14:52","slug":"stay","status":"publish","type":"product","link":"https:\/\/www.andrefrereditions.com\/en\/books\/photography\/stay\/","title":{"rendered":"Stay"},"content":{"rendered":"<ul class=\"infos-livre\">\n<li>Texts and photographs: Nicolas Wormull<\/li>\n<li>68 pages<\/li>\n<li>English \/ Espagnol<\/li>\n<li>17 x 24 cm<\/li>\n<li>56 colour photographs<\/li>\n<li>Hardcover<\/li>\n<li>ISBN: 979-10-92265-34-7<\/li>\n<li>\u20ac25<\/li>\n<li>Co-edition <abbr title=\"Festival Internacional de Fotograf\u00eda en Valpara\u00edso\">FIFV<\/abbr>, Valparaiso<\/li>\n<li>Release early June 2015<\/li>\n<\/ul>\n<blockquote><p>This book has neither future nor past. It is about the present, the Now, and all of those little things that occur daily, right in front of my eyes. It is about how hard it can be to stop the endless chattering of the mind, conscious or subconscious, all the &#8220;must do&#8221;, &#8220;must have&#8221;, &#8220;must be&#8221;; thoughts, impulses, obligations, imagined and real. This book reflects the urge to stay, to pause and to remain in the present, but it also touches upon the comfort and strength that is gained when achieving this. I want these images to stay &#8211; because nothing is as intense, as real, as vivid and as powerful as remaining present.<\/p><\/blockquote>\n<p><cite>Nicolas Wormull<\/cite><br \/>\n<img loading=\"lazy\" decoding=\"async\" class=\"alignnone size-full wp-image-6167\" src=\"https:\/\/www.andrefrereditions.com\/wp-content\/uploads\/2015\/05\/stay-nicolas-wormull-1.jpg\" alt=\"stay-nicolas-wormull-1\" width=\"430\" height=\"658\" srcset=\"https:\/\/www.andrefrereditions.com\/wp-content\/uploads\/2015\/05\/stay-nicolas-wormull-1.jpg 430w, https:\/\/www.andrefrereditions.com\/wp-content\/uploads\/2015\/05\/stay-nicolas-wormull-1-420x643.jpg 420w, https:\/\/www.andrefrereditions.com\/wp-content\/uploads\/2015\/05\/stay-nicolas-wormull-1-196x300.jpg 196w\" sizes=\"auto, (max-width: 430px) 100vw, 430px\" \/><\/p>\n<p><img loading=\"lazy\" decoding=\"async\" class=\"alignnone size-full wp-image-6169\" src=\"https:\/\/www.andrefrereditions.com\/wp-content\/uploads\/2015\/05\/stay-nicolas-wormull-2.jpg\" alt=\"stay-nicolas-wormull-2\" width=\"430\" height=\"658\" srcset=\"https:\/\/www.andrefrereditions.com\/wp-content\/uploads\/2015\/05\/stay-nicolas-wormull-2.jpg 430w, https:\/\/www.andrefrereditions.com\/wp-content\/uploads\/2015\/05\/stay-nicolas-wormull-2-420x643.jpg 420w, https:\/\/www.andrefrereditions.com\/wp-content\/uploads\/2015\/05\/stay-nicolas-wormull-2-196x300.jpg 196w\" sizes=\"auto, (max-width: 430px) 100vw, 430px\" \/><\/p>\n<p><img loading=\"lazy\" decoding=\"async\" class=\"alignnone size-full wp-image-6171\" src=\"https:\/\/www.andrefrereditions.com\/wp-content\/uploads\/2015\/05\/stay-nicolas-wormull-3.jpg\" alt=\"stay-nicolas-wormull-3\" width=\"430\" height=\"294\" srcset=\"https:\/\/www.andrefrereditions.com\/wp-content\/uploads\/2015\/05\/stay-nicolas-wormull-3.jpg 430w, https:\/\/www.andrefrereditions.com\/wp-content\/uploads\/2015\/05\/stay-nicolas-wormull-3-420x287.jpg 420w, https:\/\/www.andrefrereditions.com\/wp-content\/uploads\/2015\/05\/stay-nicolas-wormull-3-300x205.jpg 300w\" sizes=\"auto, (max-width: 430px) 100vw, 430px\" \/><\/p>\n<p><img loading=\"lazy\" decoding=\"async\" class=\"alignnone size-full wp-image-6173\" src=\"https:\/\/www.andrefrereditions.com\/wp-content\/uploads\/2015\/05\/stay-nicolas-wormull-4.jpg\" alt=\"stay-nicolas-wormull-4\" width=\"430\" height=\"294\" srcset=\"https:\/\/www.andrefrereditions.com\/wp-content\/uploads\/2015\/05\/stay-nicolas-wormull-4.jpg 430w, https:\/\/www.andrefrereditions.com\/wp-content\/uploads\/2015\/05\/stay-nicolas-wormull-4-420x287.jpg 420w, https:\/\/www.andrefrereditions.com\/wp-content\/uploads\/2015\/05\/stay-nicolas-wormull-4-300x205.jpg 300w\" sizes=\"auto, (max-width: 430px) 100vw, 430px\" \/><\/p>\n<p><img loading=\"lazy\" decoding=\"async\" class=\"alignnone size-full wp-image-6175\" src=\"https:\/\/www.andrefrereditions.com\/wp-content\/uploads\/2015\/05\/stay-nicolas-wormull-5.jpg\" alt=\"stay-nicolas-wormull-5\" width=\"430\" height=\"658\" srcset=\"https:\/\/www.andrefrereditions.com\/wp-content\/uploads\/2015\/05\/stay-nicolas-wormull-5.jpg 430w, https:\/\/www.andrefrereditions.com\/wp-content\/uploads\/2015\/05\/stay-nicolas-wormull-5-420x643.jpg 420w, https:\/\/www.andrefrereditions.com\/wp-content\/uploads\/2015\/05\/stay-nicolas-wormull-5-196x300.jpg 196w\" sizes=\"auto, (max-width: 430px) 100vw, 430px\" \/><\/p>\n<p><img loading=\"lazy\" decoding=\"async\" class=\"alignnone size-full wp-image-6177\" src=\"https:\/\/www.andrefrereditions.com\/wp-content\/uploads\/2015\/05\/stay-nicolas-wormull-6.jpg\" alt=\"stay-nicolas-wormull-6\" width=\"430\" height=\"294\" srcset=\"https:\/\/www.andrefrereditions.com\/wp-content\/uploads\/2015\/05\/stay-nicolas-wormull-6.jpg 430w, https:\/\/www.andrefrereditions.com\/wp-content\/uploads\/2015\/05\/stay-nicolas-wormull-6-420x287.jpg 420w, https:\/\/www.andrefrereditions.com\/wp-content\/uploads\/2015\/05\/stay-nicolas-wormull-6-300x205.jpg 300w\" sizes=\"auto, (max-width: 430px) 100vw, 430px\" \/><\/p>\n<p><img loading=\"lazy\" decoding=\"async\" class=\"alignnone size-full wp-image-6179\" src=\"https:\/\/www.andrefrereditions.com\/wp-content\/uploads\/2015\/05\/stay-nicolas-wormull-7.jpg\" alt=\"stay-nicolas-wormull-7\" width=\"430\" height=\"658\" srcset=\"https:\/\/www.andrefrereditions.com\/wp-content\/uploads\/2015\/05\/stay-nicolas-wormull-7.jpg 430w, https:\/\/www.andrefrereditions.com\/wp-content\/uploads\/2015\/05\/stay-nicolas-wormull-7-420x643.jpg 420w, https:\/\/www.andrefrereditions.com\/wp-content\/uploads\/2015\/05\/stay-nicolas-wormull-7-196x300.jpg 196w\" sizes=\"auto, (max-width: 430px) 100vw, 430px\" \/><\/p>\n<p class=\"bio-auteur\">Nicol\u00e1s Wormull (1977) born in Santiago, Chile but grew up in Sweden where he was formed as a photographer. Currently he lives in Chile where he works as a freelance photographer for major newspapers and magazines in Scandinavia and Chile.<br \/>\nIn my photography I often explore the concept of the family, the nostalgia of the past, close relationships, encounters with and the sense of (lack of) belonging.<br \/>\nI have always been strongly influenced by my personal history and my family is a theme that I keep coming back to, just as the need to explore the duality of having grown up in two different worlds.<br \/>\n<b>Nominations and Awards<\/b><br \/>\nNominated to the Paul Huf Award 2012, FOAM, Holand.<br \/>\nWon Rodrigo Rojas de Negri, Chilean Contemporary Photography 2011. Chile.<br \/>\nFinalist Magnum Expression Award 2011.<br \/>\nSelected to main exhibition, Photoespa\u00f1a 2011, Madrid, Spain.<br \/>\nTransatl\u00e1ntica Photoespa\u00f1a 2011, Bolivia.<br \/>\nFinalist Magnum Expression Award 2010.<br \/>\nFinalist Sony Award 2010, Cannes, France.<br \/>\nSelected to main exhibition of the NYPhotofestival 2010, NY,USA.<br \/>\nFinalist IILA Award, Instituto Italo Latino Americano 2010, Italy.<br \/>\nFinalist IILA Award, Instituto Italo Latino Americano 2009, Italy.<br \/>\nTransatl\u00e1ntica Photoespa\u00f1a 2009, Guatemala.<br \/>\nWon Chilean Photo of the year, 2008, Chile.<br \/>\n<b>Exhibitions<\/b><br \/>\n2014, <abbr title=\"Festival Internacional de Fotograf\u00eda en Valpara\u00edso\">FIFV<\/abbr> Colection, Festival Internacional de Fotograf\u00eda, Valpara\u00edso, Chile.<br \/>\n2014, Veraruz, M\u00e9xico. Chilean Contemporary Photography.<br \/>\nPo\u00e9ticas del Borde.<br \/>\n2013 Begira Photo Festival, Durango.<br \/>\n2013 Forum Latino-Americano de Fotograf\u00eda de Sao Paolo, Brasil.<br \/>\n2013 Noorderlicht, ExtraOrdinary, Holand.<br \/>\n2012 Photoespa\u00f1a, Esquizofrenia Tropical, Madrid, Spain.<br \/>\n2011 Estaci\u00f3n Mapocho, Chocolate on my Jeans, Santiago, Chile.<br \/>\n2010 New York Photofestival 2010, USA<br \/>\n2010 <abbr title=\"Festival Internacional de Fotograf\u00eda en Valpara\u00edso\">FIFV<\/abbr>, Festival Internacional de Fotograf\u00eda de Valpara\u00edso, Chile.<br \/>\n2010 Paisaje, habitaci\u00f3n, persona, AECID, Nicaragua.<br \/>\n2009 Show of Photography, San Diego, USA.<br \/>\n<b>Publications<\/b><br \/>\nNew York Times (USA), Omv\u00e4rlden (Sweden), KomUt (Sweden), Der Greif (Austria), Situation Stockholm (Sweden), Boken Om Sverige (Sweden), DN (Sweden), SVD, Svenska Dagbladet (Sweden) Sydsvenskan (Sweden), Hufvudstadsbladet, hbl.fi (Finland), Ojo de Pez (Spain), La Tercera (Chile), The Clinic (Chile), Las \u00faltimas noticias, LUN (Chile), Spiegel (Germany).<br \/>\n<b>Books<\/b><br \/>\n<em>Republica<\/em>, 2015. Buen Lugar Ediciones, Chile.<br \/>\n<em>Corazonada<\/em>, 2012. T&#038;G Publishing, Australia.<br \/>\n<em>Abweg<\/em>, 2011. La Visita Editorial, Chile.<\/p>\n","protected":false},"excerpt":{"rendered":"<p>Texts and photographs: Nicolas Wormull 68 pages English \/ Espagnol 17 x 24 cm 56 colour photographs Hardcover ISBN: 979-10-92265-34-7 \u20ac25 Co-edition FIFV, Valparaiso Release early June 2015 This book has neither future nor past. It is about the present, the Now, and all of those little things that occur daily, right in front of [&hellip;]<\/p>\n","protected":false},"featured_media":6166,"template":"","meta":[],"product_brand":[],"product_cat":[37],"product_tag":[],"class_list":{"0":"post-6181","1":"product","2":"type-product","3":"status-publish","4":"has-post-thumbnail","6":"product_cat-photography","7":"product_shipping_class-c2-en","9":"first","10":"instock","11":"shipping-taxable","12":"purchasable","13":"product-type-simple"},"yoast_head":"<!-- This site is optimized with the Yoast SEO plugin v27.6 - https:\/\/yoast.com\/product\/yoast-seo-wordpress\/ -->\n<title>Stay by Nicolas Wormull | Andr\u00e9 Fr\u00e8re \u00c9ditions<\/title>\n<meta name=\"description\" content=\"Stay is a photographic work by Nicolas Wormull. Scenes from the present times, the reality, photographed by the author. Stay is published by Andr\u00e9 Fr\u00e8re \u00c9ditions.\" \/>\n<meta name=\"robots\" content=\"index, follow, max-snippet:-1, max-image-preview:large, max-video-preview:-1\" \/>\n<link rel=\"canonical\" href=\"https:\/\/www.andrefrereditions.com\/en\/books\/photography\/stay\/\" \/>\n<meta property=\"og:locale\" content=\"en_US\" \/>\n<meta property=\"og:type\" content=\"article\" \/>\n<meta property=\"og:title\" content=\"Stay by Nicolas Wormull | Andr\u00e9 Fr\u00e8re \u00c9ditions\" \/>\n<meta property=\"og:description\" content=\"Stay is a photographic work by Nicolas Wormull. Scenes from the present times, the reality, photographed by the author. Stay is published by Andr\u00e9 Fr\u00e8re \u00c9ditions.\" \/>\n<meta property=\"og:url\" content=\"https:\/\/www.andrefrereditions.com\/en\/books\/photography\/stay\/\" \/>\n<meta property=\"og:site_name\" content=\"Andr\u00e9 Fr\u00e8re \u00c9ditions\" \/>\n<meta property=\"article:modified_time\" content=\"2025-06-26T09:14:52+00:00\" \/>\n<meta property=\"og:image\" content=\"https:\/\/www.andrefrereditions.com\/wp-content\/uploads\/2015\/05\/stay-nicolas-wormull-couverture-andre-frere-editions.jpg\" \/>\n\t<meta property=\"og:image:width\" content=\"308\" \/>\n\t<meta property=\"og:image:height\" content=\"420\" \/>\n\t<meta property=\"og:image:type\" content=\"image\/jpeg\" \/>\n<meta name=\"twitter:label1\" content=\"Est. reading time\" \/>\n\t<meta name=\"twitter:data1\" content=\"2 minutes\" \/>\n<script type=\"application\/ld+json\" class=\"yoast-schema-graph\">{\"@context\":\"https:\\\/\\\/schema.org\",\"@graph\":[{\"@type\":\"WebPage\",\"@id\":\"https:\\\/\\\/www.andrefrereditions.com\\\/en\\\/books\\\/photography\\\/stay\\\/\",\"url\":\"https:\\\/\\\/www.andrefrereditions.com\\\/en\\\/books\\\/photography\\\/stay\\\/\",\"name\":\"Stay by Nicolas Wormull | Andr\u00e9 Fr\u00e8re \u00c9ditions\",\"isPartOf\":{\"@id\":\"https:\\\/\\\/www.andrefrereditions.com\\\/en\\\/#website\"},\"primaryImageOfPage\":{\"@id\":\"https:\\\/\\\/www.andrefrereditions.com\\\/en\\\/books\\\/photography\\\/stay\\\/#primaryimage\"},\"image\":{\"@id\":\"https:\\\/\\\/www.andrefrereditions.com\\\/en\\\/books\\\/photography\\\/stay\\\/#primaryimage\"},\"thumbnailUrl\":\"https:\\\/\\\/www.andrefrereditions.com\\\/wp-content\\\/uploads\\\/2015\\\/05\\\/stay-nicolas-wormull-couverture-andre-frere-editions.jpg\",\"datePublished\":\"2015-05-10T10:22:04+00:00\",\"dateModified\":\"2025-06-26T09:14:52+00:00\",\"description\":\"Stay is a photographic work by Nicolas Wormull. Scenes from the present times, the reality, photographed by the author. Stay is published by Andr\u00e9 Fr\u00e8re \u00c9ditions.\",\"breadcrumb\":{\"@id\":\"https:\\\/\\\/www.andrefrereditions.com\\\/en\\\/books\\\/photography\\\/stay\\\/#breadcrumb\"},\"inLanguage\":\"en-US\",\"potentialAction\":[{\"@type\":\"ReadAction\",\"target\":[\"https:\\\/\\\/www.andrefrereditions.com\\\/en\\\/books\\\/photography\\\/stay\\\/\"]}]},{\"@type\":\"ImageObject\",\"inLanguage\":\"en-US\",\"@id\":\"https:\\\/\\\/www.andrefrereditions.com\\\/en\\\/books\\\/photography\\\/stay\\\/#primaryimage\",\"url\":\"https:\\\/\\\/www.andrefrereditions.com\\\/wp-content\\\/uploads\\\/2015\\\/05\\\/stay-nicolas-wormull-couverture-andre-frere-editions.jpg\",\"contentUrl\":\"https:\\\/\\\/www.andrefrereditions.com\\\/wp-content\\\/uploads\\\/2015\\\/05\\\/stay-nicolas-wormull-couverture-andre-frere-editions.jpg\",\"width\":308,\"height\":420},{\"@type\":\"BreadcrumbList\",\"@id\":\"https:\\\/\\\/www.andrefrereditions.com\\\/en\\\/books\\\/photography\\\/stay\\\/#breadcrumb\",\"itemListElement\":[{\"@type\":\"ListItem\",\"position\":1,\"name\":\"Home\",\"item\":\"https:\\\/\\\/www.andrefrereditions.com\\\/en\\\/\"},{\"@type\":\"ListItem\",\"position\":2,\"name\":\"Books\",\"item\":\"https:\\\/\\\/www.andrefrereditions.com\\\/en\\\/books\\\/\"},{\"@type\":\"ListItem\",\"position\":3,\"name\":\"Stay\"}]},{\"@type\":\"WebSite\",\"@id\":\"https:\\\/\\\/www.andrefrereditions.com\\\/en\\\/#website\",\"url\":\"https:\\\/\\\/www.andrefrereditions.com\\\/en\\\/\",\"name\":\"Andr\u00e9 Fr\u00e8re \u00c9ditions\",\"description\":\"\u00c9dition ind\u00e9pendante de photographie et d\u2019art\",\"publisher\":{\"@id\":\"https:\\\/\\\/www.andrefrereditions.com\\\/en\\\/#organization\"},\"potentialAction\":[{\"@type\":\"SearchAction\",\"target\":{\"@type\":\"EntryPoint\",\"urlTemplate\":\"https:\\\/\\\/www.andrefrereditions.com\\\/en\\\/?s={search_term_string}\"},\"query-input\":{\"@type\":\"PropertyValueSpecification\",\"valueRequired\":true,\"valueName\":\"search_term_string\"}}],\"inLanguage\":\"en-US\"},{\"@type\":\"Organization\",\"@id\":\"https:\\\/\\\/www.andrefrereditions.com\\\/en\\\/#organization\",\"name\":\"Andr\u00e9 Fr\u00e8re \u00c9ditions\",\"url\":\"https:\\\/\\\/www.andrefrereditions.com\\\/en\\\/\",\"logo\":{\"@type\":\"ImageObject\",\"inLanguage\":\"en-US\",\"@id\":\"https:\\\/\\\/www.andrefrereditions.com\\\/en\\\/#\\\/schema\\\/logo\\\/image\\\/\",\"url\":\"https:\\\/\\\/www.andrefrereditions.com\\\/wp-content\\\/uploads\\\/2014\\\/12\\\/andre-frere-editions-logo.png\",\"contentUrl\":\"https:\\\/\\\/www.andrefrereditions.com\\\/wp-content\\\/uploads\\\/2014\\\/12\\\/andre-frere-editions-logo.png\",\"width\":80,\"height\":79,\"caption\":\"Andr\u00e9 Fr\u00e8re \u00c9ditions\"},\"image\":{\"@id\":\"https:\\\/\\\/www.andrefrereditions.com\\\/en\\\/#\\\/schema\\\/logo\\\/image\\\/\"}}]}<\/script>\n<!-- \/ Yoast SEO plugin. -->","yoast_head_json":{"title":"Stay by Nicolas Wormull | Andr\u00e9 Fr\u00e8re \u00c9ditions","description":"Stay is a photographic work by Nicolas Wormull. Scenes from the present times, the reality, photographed by the author. Stay is published by Andr\u00e9 Fr\u00e8re \u00c9ditions.","robots":{"index":"index","follow":"follow","max-snippet":"max-snippet:-1","max-image-preview":"max-image-preview:large","max-video-preview":"max-video-preview:-1"},"canonical":"https:\/\/www.andrefrereditions.com\/en\/books\/photography\/stay\/","og_locale":"en_US","og_type":"article","og_title":"Stay by Nicolas Wormull | Andr\u00e9 Fr\u00e8re \u00c9ditions","og_description":"Stay is a photographic work by Nicolas Wormull. Scenes from the present times, the reality, photographed by the author. Stay is published by Andr\u00e9 Fr\u00e8re \u00c9ditions.","og_url":"https:\/\/www.andrefrereditions.com\/en\/books\/photography\/stay\/","og_site_name":"Andr\u00e9 Fr\u00e8re \u00c9ditions","article_modified_time":"2025-06-26T09:14:52+00:00","og_image":[{"width":308,"height":420,"url":"https:\/\/www.andrefrereditions.com\/wp-content\/uploads\/2015\/05\/stay-nicolas-wormull-couverture-andre-frere-editions.jpg","type":"image\/jpeg"}],"twitter_misc":{"Est. reading time":"2 minutes"},"schema":{"@context":"https:\/\/schema.org","@graph":[{"@type":"WebPage","@id":"https:\/\/www.andrefrereditions.com\/en\/books\/photography\/stay\/","url":"https:\/\/www.andrefrereditions.com\/en\/books\/photography\/stay\/","name":"Stay by Nicolas Wormull | Andr\u00e9 Fr\u00e8re \u00c9ditions","isPartOf":{"@id":"https:\/\/www.andrefrereditions.com\/en\/#website"},"primaryImageOfPage":{"@id":"https:\/\/www.andrefrereditions.com\/en\/books\/photography\/stay\/#primaryimage"},"image":{"@id":"https:\/\/www.andrefrereditions.com\/en\/books\/photography\/stay\/#primaryimage"},"thumbnailUrl":"https:\/\/www.andrefrereditions.com\/wp-content\/uploads\/2015\/05\/stay-nicolas-wormull-couverture-andre-frere-editions.jpg","datePublished":"2015-05-10T10:22:04+00:00","dateModified":"2025-06-26T09:14:52+00:00","description":"Stay is a photographic work by Nicolas Wormull. Scenes from the present times, the reality, photographed by the author. Stay is published by Andr\u00e9 Fr\u00e8re \u00c9ditions.","breadcrumb":{"@id":"https:\/\/www.andrefrereditions.com\/en\/books\/photography\/stay\/#breadcrumb"},"inLanguage":"en-US","potentialAction":[{"@type":"ReadAction","target":["https:\/\/www.andrefrereditions.com\/en\/books\/photography\/stay\/"]}]},{"@type":"ImageObject","inLanguage":"en-US","@id":"https:\/\/www.andrefrereditions.com\/en\/books\/photography\/stay\/#primaryimage","url":"https:\/\/www.andrefrereditions.com\/wp-content\/uploads\/2015\/05\/stay-nicolas-wormull-couverture-andre-frere-editions.jpg","contentUrl":"https:\/\/www.andrefrereditions.com\/wp-content\/uploads\/2015\/05\/stay-nicolas-wormull-couverture-andre-frere-editions.jpg","width":308,"height":420},{"@type":"BreadcrumbList","@id":"https:\/\/www.andrefrereditions.com\/en\/books\/photography\/stay\/#breadcrumb","itemListElement":[{"@type":"ListItem","position":1,"name":"Home","item":"https:\/\/www.andrefrereditions.com\/en\/"},{"@type":"ListItem","position":2,"name":"Books","item":"https:\/\/www.andrefrereditions.com\/en\/books\/"},{"@type":"ListItem","position":3,"name":"Stay"}]},{"@type":"WebSite","@id":"https:\/\/www.andrefrereditions.com\/en\/#website","url":"https:\/\/www.andrefrereditions.com\/en\/","name":"Andr\u00e9 Fr\u00e8re \u00c9ditions","description":"\u00c9dition ind\u00e9pendante de photographie et d\u2019art","publisher":{"@id":"https:\/\/www.andrefrereditions.com\/en\/#organization"},"potentialAction":[{"@type":"SearchAction","target":{"@type":"EntryPoint","urlTemplate":"https:\/\/www.andrefrereditions.com\/en\/?s={search_term_string}"},"query-input":{"@type":"PropertyValueSpecification","valueRequired":true,"valueName":"search_term_string"}}],"inLanguage":"en-US"},{"@type":"Organization","@id":"https:\/\/www.andrefrereditions.com\/en\/#organization","name":"Andr\u00e9 Fr\u00e8re \u00c9ditions","url":"https:\/\/www.andrefrereditions.com\/en\/","logo":{"@type":"ImageObject","inLanguage":"en-US","@id":"https:\/\/www.andrefrereditions.com\/en\/#\/schema\/logo\/image\/","url":"https:\/\/www.andrefrereditions.com\/wp-content\/uploads\/2014\/12\/andre-frere-editions-logo.png","contentUrl":"https:\/\/www.andrefrereditions.com\/wp-content\/uploads\/2014\/12\/andre-frere-editions-logo.png","width":80,"height":79,"caption":"Andr\u00e9 Fr\u00e8re \u00c9ditions"},"image":{"@id":"https:\/\/www.andrefrereditions.com\/en\/#\/schema\/logo\/image\/"}}]}},"_links":{"self":[{"href":"https:\/\/www.andrefrereditions.com\/en\/wp-json\/wp\/v2\/product\/6181","targetHints":{"allow":["GET"]}}],"collection":[{"href":"https:\/\/www.andrefrereditions.com\/en\/wp-json\/wp\/v2\/product"}],"about":[{"href":"https:\/\/www.andrefrereditions.com\/en\/wp-json\/wp\/v2\/types\/product"}],"wp:featuredmedia":[{"embeddable":true,"href":"https:\/\/www.andrefrereditions.com\/en\/wp-json\/wp\/v2\/media\/6166"}],"wp:attachment":[{"href":"https:\/\/www.andrefrereditions.com\/en\/wp-json\/wp\/v2\/media?parent=6181"}],"wp:term":[{"taxonomy":"product_brand","embeddable":true,"href":"https:\/\/www.andrefrereditions.com\/en\/wp-json\/wp\/v2\/product_brand?post=6181"},{"taxonomy":"product_cat","embeddable":true,"href":"https:\/\/www.andrefrereditions.com\/en\/wp-json\/wp\/v2\/product_cat?post=6181"},{"taxonomy":"product_tag","embeddable":true,"href":"https:\/\/www.andrefrereditions.com\/en\/wp-json\/wp\/v2\/product_tag?post=6181"}],"curies":[{"name":"wp","href":"https:\/\/api.w.org\/{rel}","templated":true}]}}