{"id":6199,"date":"2015-05-10T11:30:56","date_gmt":"2015-05-10T10:24:29","guid":{"rendered":"http:\/\/www.andrefrereditions.com\/?post_type=product&#038;p=6199"},"modified":"2025-06-26T11:19:09","modified_gmt":"2025-06-26T09:19:09","slug":"the-last-resort","status":"publish","type":"product","link":"https:\/\/www.andrefrereditions.com\/en\/books\/out-of-print\/the-last-resort\/","title":{"rendered":"The Last Resort"},"content":{"rendered":"<ul class=\"infos-livre\">\n<li>Photographs: <a href=\"http:\/\/www.martinparr.com\" title=\"Go to Martin Parr's official Website\" target=\"_blank\">Martin Parr<\/a><\/li>\n<li>Texts: <a href=\"http:\/\/www.gerrybadger.com\" title=\"Go to Gerry Badger's official Website\" target=\"_blank\">Gerry Badger<\/a><\/li>\n<li>Hardcover<\/li>\n<li>88 pages<\/li>\n<li>French<\/li>\n<li>30,5 x 24,5 cm<\/li>\n<li>Hardcover<\/li>\n<li>40 colour photographs<\/li>\n<li>ISBN: 979-10-92265-35-4<\/li>\n<li>\u20ac39.50<\/li>\n<li>Release early June 2015<\/li>\n<\/ul>\n<blockquote><p>It is difficult from a perspective of almost a quarter of a century to underestimate the significance of <em><a href=\"http:\/\/www.martinparr.com\/books\/\" title=\"Go to \u00abThe Last Resort\u00bb Book's page on Martin Parr's official Website\" target=\"_blank\">The Last Resort<\/a><\/em>, either in British photography or Martin Parr\u2019s career. For both, it represented a seismic change in the basic mode of photographic expression, from monochrome to colour, a fundamental technical change that heralded the development of a new tone in documentary photography. This shift in tone, with Parr as an important catalyst, was not confined to this island. It also marked the beginning of a period of vigorous revival in European photography, and the mode which came to be known as the \u2018New European Colour Photography\u2019.<\/p><\/blockquote>\n<p><img loading=\"lazy\" decoding=\"async\" src=\"https:\/\/www.andrefrereditions.com\/wp-content\/uploads\/2015\/05\/the-last-resort-martin-parr-1.jpg\" alt=\"the-last-resort-martin-parr-1\" width=\"430\" height=\"345\" class=\"alignnone size-full wp-image-6183\" srcset=\"https:\/\/www.andrefrereditions.com\/wp-content\/uploads\/2015\/05\/the-last-resort-martin-parr-1.jpg 430w, https:\/\/www.andrefrereditions.com\/wp-content\/uploads\/2015\/05\/the-last-resort-martin-parr-1-420x337.jpg 420w, https:\/\/www.andrefrereditions.com\/wp-content\/uploads\/2015\/05\/the-last-resort-martin-parr-1-300x241.jpg 300w\" sizes=\"auto, (max-width: 430px) 100vw, 430px\" \/><\/p>\n<blockquote><p><em>The Last Resort<\/em> was given a decidedly mixed reception when published in 1986, as Parr, and this work in particular, were perceived to encapsulate an especially contentious issue in the photographic debate of the period and British photography\u2019s reaction to the so-called Thatcher Years. From 1983 to 1985, Parr made frequent trips to New Brighton, producing the work that defined his career and which we can enjoy in this book. The summers of both 1983 and 1984 were unusually hot, so New Brighton drew unusually large crowds on weekends and Bank Holidays, ensuring that the resort was bursting at the seams and therefore at its liveliest. And inevitably, at its tackiest, strewn with litter and under severe pressure from the hungry hordes looking to feed and amuse their kids. This was food and drink to Parr.<\/p><\/blockquote>\n<p><img loading=\"lazy\" decoding=\"async\" src=\"https:\/\/www.andrefrereditions.com\/wp-content\/uploads\/2015\/05\/the-last-resort-martin-parr-2.jpg\" alt=\"the-last-resort-martin-parr-2\" width=\"430\" height=\"348\" class=\"alignnone size-full wp-image-6185\" srcset=\"https:\/\/www.andrefrereditions.com\/wp-content\/uploads\/2015\/05\/the-last-resort-martin-parr-2.jpg 430w, https:\/\/www.andrefrereditions.com\/wp-content\/uploads\/2015\/05\/the-last-resort-martin-parr-2-420x340.jpg 420w, https:\/\/www.andrefrereditions.com\/wp-content\/uploads\/2015\/05\/the-last-resort-martin-parr-2-300x243.jpg 300w\" sizes=\"auto, (max-width: 430px) 100vw, 430px\" \/><\/p>\n<blockquote><p>When <em>The Last Resort<\/em> appeared in 1986, and the pictures exhibited at London\u2019s Serpentine Gallery in August of that year, the critical reactions were extreme.<\/p><\/blockquote>\n<p><img loading=\"lazy\" decoding=\"async\" src=\"https:\/\/www.andrefrereditions.com\/wp-content\/uploads\/2015\/05\/the-last-resort-martin-parr-3.jpg\" alt=\"the-last-resort-martin-parr-3\" width=\"430\" height=\"348\" class=\"alignnone size-full wp-image-6187\" srcset=\"https:\/\/www.andrefrereditions.com\/wp-content\/uploads\/2015\/05\/the-last-resort-martin-parr-3.jpg 430w, https:\/\/www.andrefrereditions.com\/wp-content\/uploads\/2015\/05\/the-last-resort-martin-parr-3-420x340.jpg 420w, https:\/\/www.andrefrereditions.com\/wp-content\/uploads\/2015\/05\/the-last-resort-martin-parr-3-300x243.jpg 300w\" sizes=\"auto, (max-width: 430px) 100vw, 430px\" \/><\/p>\n<blockquote><p>However, the critical tide against the book has turned dramatically. In October 2008, <em>The Last Resort<\/em> work was chosen as one of \u20181000 Artworks to See Before You Die\u2019 in the <em>Guardian<\/em> newspaper.<br \/>\nImportantly for British and European photography, the book presents Martin Parr discovering both a persuasively contemporary mode of photography and a way of looking at the world that is clinically detached, sceptical to a degree, sharply humorous, yet humanistically engaged.<\/p><\/blockquote>\n<p><cite>Gerry Badger<\/cite><\/p>\n<p><img loading=\"lazy\" decoding=\"async\" src=\"https:\/\/www.andrefrereditions.com\/wp-content\/uploads\/2015\/05\/the-last-resort-martin-parr-4.jpg\" alt=\"the-last-resort-martin-parr-4\" width=\"430\" height=\"348\" class=\"alignnone size-full wp-image-6189\" srcset=\"https:\/\/www.andrefrereditions.com\/wp-content\/uploads\/2015\/05\/the-last-resort-martin-parr-4.jpg 430w, https:\/\/www.andrefrereditions.com\/wp-content\/uploads\/2015\/05\/the-last-resort-martin-parr-4-420x340.jpg 420w, https:\/\/www.andrefrereditions.com\/wp-content\/uploads\/2015\/05\/the-last-resort-martin-parr-4-300x243.jpg 300w\" sizes=\"auto, (max-width: 430px) 100vw, 430px\" \/><\/p>\n<p><img loading=\"lazy\" decoding=\"async\" src=\"https:\/\/www.andrefrereditions.com\/wp-content\/uploads\/2015\/05\/the-last-resort-martin-parr-5.jpg\" alt=\"the-last-resort-martin-parr-5\" width=\"430\" height=\"348\" class=\"alignnone size-full wp-image-6191\" srcset=\"https:\/\/www.andrefrereditions.com\/wp-content\/uploads\/2015\/05\/the-last-resort-martin-parr-5.jpg 430w, https:\/\/www.andrefrereditions.com\/wp-content\/uploads\/2015\/05\/the-last-resort-martin-parr-5-420x340.jpg 420w, https:\/\/www.andrefrereditions.com\/wp-content\/uploads\/2015\/05\/the-last-resort-martin-parr-5-300x243.jpg 300w\" sizes=\"auto, (max-width: 430px) 100vw, 430px\" \/><\/p>\n<p><img loading=\"lazy\" decoding=\"async\" src=\"https:\/\/www.andrefrereditions.com\/wp-content\/uploads\/2015\/05\/the-last-resort-martin-parr-6.jpg\" alt=\"the-last-resort-martin-parr-6\" width=\"430\" height=\"348\" class=\"alignnone size-full wp-image-6193\" srcset=\"https:\/\/www.andrefrereditions.com\/wp-content\/uploads\/2015\/05\/the-last-resort-martin-parr-6.jpg 430w, https:\/\/www.andrefrereditions.com\/wp-content\/uploads\/2015\/05\/the-last-resort-martin-parr-6-420x340.jpg 420w, https:\/\/www.andrefrereditions.com\/wp-content\/uploads\/2015\/05\/the-last-resort-martin-parr-6-300x243.jpg 300w\" sizes=\"auto, (max-width: 430px) 100vw, 430px\" \/><\/p>\n<p><img loading=\"lazy\" decoding=\"async\" src=\"https:\/\/www.andrefrereditions.com\/wp-content\/uploads\/2015\/05\/the-last-resort-martin-parr-7.jpg\" alt=\"the-last-resort-martin-parr-7\" width=\"430\" height=\"348\" class=\"alignnone size-full wp-image-6195\" srcset=\"https:\/\/www.andrefrereditions.com\/wp-content\/uploads\/2015\/05\/the-last-resort-martin-parr-7.jpg 430w, https:\/\/www.andrefrereditions.com\/wp-content\/uploads\/2015\/05\/the-last-resort-martin-parr-7-420x340.jpg 420w, https:\/\/www.andrefrereditions.com\/wp-content\/uploads\/2015\/05\/the-last-resort-martin-parr-7-300x243.jpg 300w\" sizes=\"auto, (max-width: 430px) 100vw, 430px\" \/><\/p>\n","protected":false},"excerpt":{"rendered":"<p>Photographs: Martin Parr Texts: Gerry Badger Hardcover 88 pages French 30,5 x 24,5 cm Hardcover 40 colour photographs ISBN: 979-10-92265-35-4 \u20ac39.50 Release early June 2015 It is difficult from a perspective of almost a quarter of a century to underestimate the significance of The Last Resort, either in British photography or Martin Parr\u2019s career. For [&hellip;]<\/p>\n","protected":false},"featured_media":6359,"template":"","meta":[],"product_brand":[],"product_cat":[36,37],"product_tag":[],"class_list":{"0":"post-6199","1":"product","2":"type-product","3":"status-publish","4":"has-post-thumbnail","6":"product_cat-out-of-print","7":"product_cat-photography","8":"product_shipping_class-c3-en","10":"first","11":"outofstock","12":"shipping-taxable","13":"purchasable","14":"product-type-simple"},"yoast_head":"<!-- This site is optimized with the Yoast SEO plugin v27.6 - https:\/\/yoast.com\/product\/yoast-seo-wordpress\/ -->\n<title>The Last Resort \u2013 Martin Parr | Andr\u00e9 Fr\u00e8re \u00c9ditions<\/title>\n<meta name=\"description\" content=\"French edition of The Last Resort. Martin Parr portrays here the life of modest families on holiday in New Brighton, a small seaside resort in decline.\" \/>\n<meta name=\"robots\" content=\"index, follow, max-snippet:-1, max-image-preview:large, max-video-preview:-1\" \/>\n<link rel=\"canonical\" href=\"https:\/\/www.andrefrereditions.com\/en\/books\/out-of-print\/the-last-resort\/\" \/>\n<meta property=\"og:locale\" content=\"en_US\" \/>\n<meta property=\"og:type\" content=\"article\" \/>\n<meta property=\"og:title\" content=\"The Last Resort \u2013 Martin Parr | Andr\u00e9 Fr\u00e8re \u00c9ditions\" \/>\n<meta property=\"og:description\" content=\"French edition of The Last Resort. Martin Parr portrays here the life of modest families on holiday in New Brighton, a small seaside resort in decline.\" \/>\n<meta property=\"og:url\" content=\"https:\/\/www.andrefrereditions.com\/en\/books\/out-of-print\/the-last-resort\/\" \/>\n<meta property=\"og:site_name\" content=\"Andr\u00e9 Fr\u00e8re \u00c9ditions\" \/>\n<meta property=\"article:modified_time\" content=\"2025-06-26T09:19:09+00:00\" \/>\n<meta property=\"og:image\" content=\"https:\/\/www.andrefrereditions.com\/wp-content\/uploads\/2015\/05\/the-last-resort-martin-parr-cover-andre-frere-editions1.jpg\" \/>\n\t<meta property=\"og:image:width\" content=\"420\" \/>\n\t<meta property=\"og:image:height\" content=\"420\" \/>\n\t<meta property=\"og:image:type\" content=\"image\/jpeg\" \/>\n<meta name=\"twitter:label1\" content=\"Est. reading time\" \/>\n\t<meta name=\"twitter:data1\" content=\"2 minutes\" \/>\n<script type=\"application\/ld+json\" class=\"yoast-schema-graph\">{\"@context\":\"https:\\\/\\\/schema.org\",\"@graph\":[{\"@type\":\"WebPage\",\"@id\":\"https:\\\/\\\/www.andrefrereditions.com\\\/en\\\/books\\\/out-of-print\\\/the-last-resort\\\/\",\"url\":\"https:\\\/\\\/www.andrefrereditions.com\\\/en\\\/books\\\/out-of-print\\\/the-last-resort\\\/\",\"name\":\"The Last Resort \u2013 Martin Parr | Andr\u00e9 Fr\u00e8re \u00c9ditions\",\"isPartOf\":{\"@id\":\"https:\\\/\\\/www.andrefrereditions.com\\\/en\\\/#website\"},\"primaryImageOfPage\":{\"@id\":\"https:\\\/\\\/www.andrefrereditions.com\\\/en\\\/books\\\/out-of-print\\\/the-last-resort\\\/#primaryimage\"},\"image\":{\"@id\":\"https:\\\/\\\/www.andrefrereditions.com\\\/en\\\/books\\\/out-of-print\\\/the-last-resort\\\/#primaryimage\"},\"thumbnailUrl\":\"https:\\\/\\\/www.andrefrereditions.com\\\/wp-content\\\/uploads\\\/2015\\\/05\\\/the-last-resort-martin-parr-cover-andre-frere-editions1.jpg\",\"datePublished\":\"2015-05-10T10:24:29+00:00\",\"dateModified\":\"2025-06-26T09:19:09+00:00\",\"description\":\"French edition of The Last Resort. Martin Parr portrays here the life of modest families on holiday in New Brighton, a small seaside resort in decline.\",\"breadcrumb\":{\"@id\":\"https:\\\/\\\/www.andrefrereditions.com\\\/en\\\/books\\\/out-of-print\\\/the-last-resort\\\/#breadcrumb\"},\"inLanguage\":\"en-US\",\"potentialAction\":[{\"@type\":\"ReadAction\",\"target\":[\"https:\\\/\\\/www.andrefrereditions.com\\\/en\\\/books\\\/out-of-print\\\/the-last-resort\\\/\"]}]},{\"@type\":\"ImageObject\",\"inLanguage\":\"en-US\",\"@id\":\"https:\\\/\\\/www.andrefrereditions.com\\\/en\\\/books\\\/out-of-print\\\/the-last-resort\\\/#primaryimage\",\"url\":\"https:\\\/\\\/www.andrefrereditions.com\\\/wp-content\\\/uploads\\\/2015\\\/05\\\/the-last-resort-martin-parr-cover-andre-frere-editions1.jpg\",\"contentUrl\":\"https:\\\/\\\/www.andrefrereditions.com\\\/wp-content\\\/uploads\\\/2015\\\/05\\\/the-last-resort-martin-parr-cover-andre-frere-editions1.jpg\",\"width\":420,\"height\":420},{\"@type\":\"BreadcrumbList\",\"@id\":\"https:\\\/\\\/www.andrefrereditions.com\\\/en\\\/books\\\/out-of-print\\\/the-last-resort\\\/#breadcrumb\",\"itemListElement\":[{\"@type\":\"ListItem\",\"position\":1,\"name\":\"Home\",\"item\":\"https:\\\/\\\/www.andrefrereditions.com\\\/en\\\/\"},{\"@type\":\"ListItem\",\"position\":2,\"name\":\"Books\",\"item\":\"https:\\\/\\\/www.andrefrereditions.com\\\/en\\\/books\\\/\"},{\"@type\":\"ListItem\",\"position\":3,\"name\":\"The Last Resort\"}]},{\"@type\":\"WebSite\",\"@id\":\"https:\\\/\\\/www.andrefrereditions.com\\\/en\\\/#website\",\"url\":\"https:\\\/\\\/www.andrefrereditions.com\\\/en\\\/\",\"name\":\"Andr\u00e9 Fr\u00e8re \u00c9ditions\",\"description\":\"\u00c9dition ind\u00e9pendante de photographie et d\u2019art\",\"publisher\":{\"@id\":\"https:\\\/\\\/www.andrefrereditions.com\\\/en\\\/#organization\"},\"potentialAction\":[{\"@type\":\"SearchAction\",\"target\":{\"@type\":\"EntryPoint\",\"urlTemplate\":\"https:\\\/\\\/www.andrefrereditions.com\\\/en\\\/?s={search_term_string}\"},\"query-input\":{\"@type\":\"PropertyValueSpecification\",\"valueRequired\":true,\"valueName\":\"search_term_string\"}}],\"inLanguage\":\"en-US\"},{\"@type\":\"Organization\",\"@id\":\"https:\\\/\\\/www.andrefrereditions.com\\\/en\\\/#organization\",\"name\":\"Andr\u00e9 Fr\u00e8re \u00c9ditions\",\"url\":\"https:\\\/\\\/www.andrefrereditions.com\\\/en\\\/\",\"logo\":{\"@type\":\"ImageObject\",\"inLanguage\":\"en-US\",\"@id\":\"https:\\\/\\\/www.andrefrereditions.com\\\/en\\\/#\\\/schema\\\/logo\\\/image\\\/\",\"url\":\"https:\\\/\\\/www.andrefrereditions.com\\\/wp-content\\\/uploads\\\/2014\\\/12\\\/andre-frere-editions-logo.png\",\"contentUrl\":\"https:\\\/\\\/www.andrefrereditions.com\\\/wp-content\\\/uploads\\\/2014\\\/12\\\/andre-frere-editions-logo.png\",\"width\":80,\"height\":79,\"caption\":\"Andr\u00e9 Fr\u00e8re \u00c9ditions\"},\"image\":{\"@id\":\"https:\\\/\\\/www.andrefrereditions.com\\\/en\\\/#\\\/schema\\\/logo\\\/image\\\/\"}}]}<\/script>\n<!-- \/ Yoast SEO plugin. -->","yoast_head_json":{"title":"The Last Resort \u2013 Martin Parr | Andr\u00e9 Fr\u00e8re \u00c9ditions","description":"French edition of The Last Resort. Martin Parr portrays here the life of modest families on holiday in New Brighton, a small seaside resort in decline.","robots":{"index":"index","follow":"follow","max-snippet":"max-snippet:-1","max-image-preview":"max-image-preview:large","max-video-preview":"max-video-preview:-1"},"canonical":"https:\/\/www.andrefrereditions.com\/en\/books\/out-of-print\/the-last-resort\/","og_locale":"en_US","og_type":"article","og_title":"The Last Resort \u2013 Martin Parr | Andr\u00e9 Fr\u00e8re \u00c9ditions","og_description":"French edition of The Last Resort. Martin Parr portrays here the life of modest families on holiday in New Brighton, a small seaside resort in decline.","og_url":"https:\/\/www.andrefrereditions.com\/en\/books\/out-of-print\/the-last-resort\/","og_site_name":"Andr\u00e9 Fr\u00e8re \u00c9ditions","article_modified_time":"2025-06-26T09:19:09+00:00","og_image":[{"width":420,"height":420,"url":"https:\/\/www.andrefrereditions.com\/wp-content\/uploads\/2015\/05\/the-last-resort-martin-parr-cover-andre-frere-editions1.jpg","type":"image\/jpeg"}],"twitter_misc":{"Est. reading time":"2 minutes"},"schema":{"@context":"https:\/\/schema.org","@graph":[{"@type":"WebPage","@id":"https:\/\/www.andrefrereditions.com\/en\/books\/out-of-print\/the-last-resort\/","url":"https:\/\/www.andrefrereditions.com\/en\/books\/out-of-print\/the-last-resort\/","name":"The Last Resort \u2013 Martin Parr | Andr\u00e9 Fr\u00e8re \u00c9ditions","isPartOf":{"@id":"https:\/\/www.andrefrereditions.com\/en\/#website"},"primaryImageOfPage":{"@id":"https:\/\/www.andrefrereditions.com\/en\/books\/out-of-print\/the-last-resort\/#primaryimage"},"image":{"@id":"https:\/\/www.andrefrereditions.com\/en\/books\/out-of-print\/the-last-resort\/#primaryimage"},"thumbnailUrl":"https:\/\/www.andrefrereditions.com\/wp-content\/uploads\/2015\/05\/the-last-resort-martin-parr-cover-andre-frere-editions1.jpg","datePublished":"2015-05-10T10:24:29+00:00","dateModified":"2025-06-26T09:19:09+00:00","description":"French edition of The Last Resort. Martin Parr portrays here the life of modest families on holiday in New Brighton, a small seaside resort in decline.","breadcrumb":{"@id":"https:\/\/www.andrefrereditions.com\/en\/books\/out-of-print\/the-last-resort\/#breadcrumb"},"inLanguage":"en-US","potentialAction":[{"@type":"ReadAction","target":["https:\/\/www.andrefrereditions.com\/en\/books\/out-of-print\/the-last-resort\/"]}]},{"@type":"ImageObject","inLanguage":"en-US","@id":"https:\/\/www.andrefrereditions.com\/en\/books\/out-of-print\/the-last-resort\/#primaryimage","url":"https:\/\/www.andrefrereditions.com\/wp-content\/uploads\/2015\/05\/the-last-resort-martin-parr-cover-andre-frere-editions1.jpg","contentUrl":"https:\/\/www.andrefrereditions.com\/wp-content\/uploads\/2015\/05\/the-last-resort-martin-parr-cover-andre-frere-editions1.jpg","width":420,"height":420},{"@type":"BreadcrumbList","@id":"https:\/\/www.andrefrereditions.com\/en\/books\/out-of-print\/the-last-resort\/#breadcrumb","itemListElement":[{"@type":"ListItem","position":1,"name":"Home","item":"https:\/\/www.andrefrereditions.com\/en\/"},{"@type":"ListItem","position":2,"name":"Books","item":"https:\/\/www.andrefrereditions.com\/en\/books\/"},{"@type":"ListItem","position":3,"name":"The Last Resort"}]},{"@type":"WebSite","@id":"https:\/\/www.andrefrereditions.com\/en\/#website","url":"https:\/\/www.andrefrereditions.com\/en\/","name":"Andr\u00e9 Fr\u00e8re \u00c9ditions","description":"\u00c9dition ind\u00e9pendante de photographie et d\u2019art","publisher":{"@id":"https:\/\/www.andrefrereditions.com\/en\/#organization"},"potentialAction":[{"@type":"SearchAction","target":{"@type":"EntryPoint","urlTemplate":"https:\/\/www.andrefrereditions.com\/en\/?s={search_term_string}"},"query-input":{"@type":"PropertyValueSpecification","valueRequired":true,"valueName":"search_term_string"}}],"inLanguage":"en-US"},{"@type":"Organization","@id":"https:\/\/www.andrefrereditions.com\/en\/#organization","name":"Andr\u00e9 Fr\u00e8re \u00c9ditions","url":"https:\/\/www.andrefrereditions.com\/en\/","logo":{"@type":"ImageObject","inLanguage":"en-US","@id":"https:\/\/www.andrefrereditions.com\/en\/#\/schema\/logo\/image\/","url":"https:\/\/www.andrefrereditions.com\/wp-content\/uploads\/2014\/12\/andre-frere-editions-logo.png","contentUrl":"https:\/\/www.andrefrereditions.com\/wp-content\/uploads\/2014\/12\/andre-frere-editions-logo.png","width":80,"height":79,"caption":"Andr\u00e9 Fr\u00e8re \u00c9ditions"},"image":{"@id":"https:\/\/www.andrefrereditions.com\/en\/#\/schema\/logo\/image\/"}}]}},"_links":{"self":[{"href":"https:\/\/www.andrefrereditions.com\/en\/wp-json\/wp\/v2\/product\/6199","targetHints":{"allow":["GET"]}}],"collection":[{"href":"https:\/\/www.andrefrereditions.com\/en\/wp-json\/wp\/v2\/product"}],"about":[{"href":"https:\/\/www.andrefrereditions.com\/en\/wp-json\/wp\/v2\/types\/product"}],"wp:featuredmedia":[{"embeddable":true,"href":"https:\/\/www.andrefrereditions.com\/en\/wp-json\/wp\/v2\/media\/6359"}],"wp:attachment":[{"href":"https:\/\/www.andrefrereditions.com\/en\/wp-json\/wp\/v2\/media?parent=6199"}],"wp:term":[{"taxonomy":"product_brand","embeddable":true,"href":"https:\/\/www.andrefrereditions.com\/en\/wp-json\/wp\/v2\/product_brand?post=6199"},{"taxonomy":"product_cat","embeddable":true,"href":"https:\/\/www.andrefrereditions.com\/en\/wp-json\/wp\/v2\/product_cat?post=6199"},{"taxonomy":"product_tag","embeddable":true,"href":"https:\/\/www.andrefrereditions.com\/en\/wp-json\/wp\/v2\/product_tag?post=6199"}],"curies":[{"name":"wp","href":"https:\/\/api.w.org\/{rel}","templated":true}]}}