{"id":6383,"date":"2015-06-21T15:19:00","date_gmt":"2015-06-30T11:58:14","guid":{"rendered":"http:\/\/www.andrefrereditions.com\/?post_type=product&#038;p=6383"},"modified":"2025-06-26T11:12:07","modified_gmt":"2025-06-26T09:12:07","slug":"6383","status":"publish","type":"product","link":"https:\/\/www.andrefrereditions.com\/en\/books\/photography\/6383\/","title":{"rendered":"NUNC STANS \u2013 La Sainte-Victoire"},"content":{"rendered":"<ul class=\"infos-livre\">\n<li>Texts et photographs: <a title=\"Go to Andrea Graziosi\u2019s website\" href=\"http:\/\/www.andreagraziosi.com\/\" target=\"_blank\">Andrea Graziosi<\/a><\/li>\n<li>80 pages<\/li>\n<li>Perfect bound<\/li>\n<li>French<\/li>\n<li>17 x 23 cm<\/li>\n<li>35 colour images<\/li>\n<li>ISBN: 979-10-92265-32-3<\/li>\n<li>\u20ac25<\/li>\n<\/ul>\n<p><em>Nunc Stans<\/em> (Instants d\u2019\u00c9ternit\u00e9)<\/p>\n<p><img loading=\"lazy\" decoding=\"async\" class=\"alignnone size-full wp-image-6335\" src=\"https:\/\/www.andrefrereditions.com\/wp-content\/uploads\/2015\/06\/nunc-stans-andre-frere-editions-1.jpg\" alt=\"nunc-stans-andre-frere-editions-1\" width=\"430\" height=\"586\" srcset=\"https:\/\/www.andrefrereditions.com\/wp-content\/uploads\/2015\/06\/nunc-stans-andre-frere-editions-1.jpg 430w, https:\/\/www.andrefrereditions.com\/wp-content\/uploads\/2015\/06\/nunc-stans-andre-frere-editions-1-420x572.jpg 420w, https:\/\/www.andrefrereditions.com\/wp-content\/uploads\/2015\/06\/nunc-stans-andre-frere-editions-1-220x300.jpg 220w\" sizes=\"auto, (max-width: 430px) 100vw, 430px\" \/><\/p>\n<p><img loading=\"lazy\" decoding=\"async\" class=\"alignnone size-full wp-image-6337\" src=\"https:\/\/www.andrefrereditions.com\/wp-content\/uploads\/2015\/06\/nunc-stans-andre-frere-editions-2.jpg\" alt=\"nunc-stans-andre-frere-editions-2\" width=\"430\" height=\"290\" srcset=\"https:\/\/www.andrefrereditions.com\/wp-content\/uploads\/2015\/06\/nunc-stans-andre-frere-editions-2.jpg 430w, https:\/\/www.andrefrereditions.com\/wp-content\/uploads\/2015\/06\/nunc-stans-andre-frere-editions-2-420x283.jpg 420w, https:\/\/www.andrefrereditions.com\/wp-content\/uploads\/2015\/06\/nunc-stans-andre-frere-editions-2-300x202.jpg 300w\" sizes=\"auto, (max-width: 430px) 100vw, 430px\" \/><\/p>\n<p><img loading=\"lazy\" decoding=\"async\" class=\"alignnone size-full wp-image-6339\" src=\"https:\/\/www.andrefrereditions.com\/wp-content\/uploads\/2015\/06\/nunc-stans-andre-frere-editions-3.jpg\" alt=\"nunc-stans-andre-frere-editions-3\" width=\"430\" height=\"290\" srcset=\"https:\/\/www.andrefrereditions.com\/wp-content\/uploads\/2015\/06\/nunc-stans-andre-frere-editions-3.jpg 430w, https:\/\/www.andrefrereditions.com\/wp-content\/uploads\/2015\/06\/nunc-stans-andre-frere-editions-3-420x283.jpg 420w, https:\/\/www.andrefrereditions.com\/wp-content\/uploads\/2015\/06\/nunc-stans-andre-frere-editions-3-300x202.jpg 300w\" sizes=\"auto, (max-width: 430px) 100vw, 430px\" \/><\/p>\n<blockquote><p>For the last five years I&#8217;ve been photographing the Sainte-Victoire mountains and its surroundings. I tried to explore the possibilities of the photographic technique to capture or seize the unpresentable; working on a pattern that precisely has been repeatedly addressed in the history of art. What remains invisible when you have seen everything? What can you represent that has not already been given to see? These questions determined my approach.<\/p><\/blockquote>\n<p><img loading=\"lazy\" decoding=\"async\" class=\"alignnone size-full wp-image-6341\" src=\"https:\/\/www.andrefrereditions.com\/wp-content\/uploads\/2015\/06\/nunc-stans-andre-frere-editions-4.jpg\" alt=\"nunc-stans-andre-frere-editions-4\" width=\"430\" height=\"290\" srcset=\"https:\/\/www.andrefrereditions.com\/wp-content\/uploads\/2015\/06\/nunc-stans-andre-frere-editions-4.jpg 430w, https:\/\/www.andrefrereditions.com\/wp-content\/uploads\/2015\/06\/nunc-stans-andre-frere-editions-4-420x283.jpg 420w, https:\/\/www.andrefrereditions.com\/wp-content\/uploads\/2015\/06\/nunc-stans-andre-frere-editions-4-300x202.jpg 300w\" sizes=\"auto, (max-width: 430px) 100vw, 430px\" \/><\/p>\n<p><img loading=\"lazy\" decoding=\"async\" class=\"alignnone size-full wp-image-6343\" src=\"https:\/\/www.andrefrereditions.com\/wp-content\/uploads\/2015\/06\/nunc-stans-andre-frere-editions-5.jpg\" alt=\"nunc-stans-andre-frere-editions-5\" width=\"430\" height=\"290\" srcset=\"https:\/\/www.andrefrereditions.com\/wp-content\/uploads\/2015\/06\/nunc-stans-andre-frere-editions-5.jpg 430w, https:\/\/www.andrefrereditions.com\/wp-content\/uploads\/2015\/06\/nunc-stans-andre-frere-editions-5-420x283.jpg 420w, https:\/\/www.andrefrereditions.com\/wp-content\/uploads\/2015\/06\/nunc-stans-andre-frere-editions-5-300x202.jpg 300w\" sizes=\"auto, (max-width: 430px) 100vw, 430px\" \/><\/p>\n<p><img loading=\"lazy\" decoding=\"async\" class=\"alignnone size-full wp-image-6345\" src=\"https:\/\/www.andrefrereditions.com\/wp-content\/uploads\/2015\/06\/nunc-stans-andre-frere-editions-6.jpg\" alt=\"nunc-stans-andre-frere-editions-6\" width=\"430\" height=\"290\" srcset=\"https:\/\/www.andrefrereditions.com\/wp-content\/uploads\/2015\/06\/nunc-stans-andre-frere-editions-6.jpg 430w, https:\/\/www.andrefrereditions.com\/wp-content\/uploads\/2015\/06\/nunc-stans-andre-frere-editions-6-420x283.jpg 420w, https:\/\/www.andrefrereditions.com\/wp-content\/uploads\/2015\/06\/nunc-stans-andre-frere-editions-6-300x202.jpg 300w\" sizes=\"auto, (max-width: 430px) 100vw, 430px\" \/><\/p>\n<blockquote><p>And thus Cezanne has been a guide to learn, facing the mountain, not to see. It seems to me that photography has to deal with the exhaustion of the subject(s) that characterize the contemporary world. Facing the globalization of remakes, I tried, through a local approach of appropriating optics, to embody it, to live it photographically.<\/p><\/blockquote>\n<p><cite>Andr\u00e9a Graziosi<\/cite><\/p>\n<p><img loading=\"lazy\" decoding=\"async\" class=\"alignnone size-full wp-image-6347\" src=\"https:\/\/www.andrefrereditions.com\/wp-content\/uploads\/2015\/06\/nunc-stans-andre-frere-editions-7.jpg\" alt=\"nunc-stans-andre-frere-editions-7\" width=\"430\" height=\"290\" srcset=\"https:\/\/www.andrefrereditions.com\/wp-content\/uploads\/2015\/06\/nunc-stans-andre-frere-editions-7.jpg 430w, https:\/\/www.andrefrereditions.com\/wp-content\/uploads\/2015\/06\/nunc-stans-andre-frere-editions-7-420x283.jpg 420w, https:\/\/www.andrefrereditions.com\/wp-content\/uploads\/2015\/06\/nunc-stans-andre-frere-editions-7-300x202.jpg 300w\" sizes=\"auto, (max-width: 430px) 100vw, 430px\" \/><\/p>\n<p><img loading=\"lazy\" decoding=\"async\" class=\"alignnone size-full wp-image-6349\" src=\"https:\/\/www.andrefrereditions.com\/wp-content\/uploads\/2015\/06\/nunc-stans-andre-frere-editions-8.jpg\" alt=\"nunc-stans-andre-frere-editions-8\" width=\"430\" height=\"290\" srcset=\"https:\/\/www.andrefrereditions.com\/wp-content\/uploads\/2015\/06\/nunc-stans-andre-frere-editions-8.jpg 430w, https:\/\/www.andrefrereditions.com\/wp-content\/uploads\/2015\/06\/nunc-stans-andre-frere-editions-8-420x283.jpg 420w, https:\/\/www.andrefrereditions.com\/wp-content\/uploads\/2015\/06\/nunc-stans-andre-frere-editions-8-300x202.jpg 300w\" sizes=\"auto, (max-width: 430px) 100vw, 430px\" \/><\/p>\n<p><img loading=\"lazy\" decoding=\"async\" class=\"alignnone size-full wp-image-6351\" src=\"https:\/\/www.andrefrereditions.com\/wp-content\/uploads\/2015\/06\/nunc-stans-andre-frere-editions-9.jpg\" alt=\"nunc-stans-andre-frere-editions-9\" width=\"430\" height=\"581\" srcset=\"https:\/\/www.andrefrereditions.com\/wp-content\/uploads\/2015\/06\/nunc-stans-andre-frere-editions-9.jpg 430w, https:\/\/www.andrefrereditions.com\/wp-content\/uploads\/2015\/06\/nunc-stans-andre-frere-editions-9-420x567.jpg 420w, https:\/\/www.andrefrereditions.com\/wp-content\/uploads\/2015\/06\/nunc-stans-andre-frere-editions-9-222x300.jpg 222w\" sizes=\"auto, (max-width: 430px) 100vw, 430px\" \/><\/p>\n<p class=\"bio-auteur\">Andrea Graziosi author and photographer, graduated in Art History from the University of Bologna, Italy, Andrea Graziosi also went to the Gobelins School of Image and at the European Training Centre for Film Production to complete his training.<br \/>\nHe lives and works in Marseille. His passion for the still image led him to write a graduation thesis on contemporary photography entitled &#8220;The transgression of the image or images of transgression in photography of the 90s.&#8221; In 2009 he decided to devote himself exclusively to the practice of artistic photography, a direct way to express himself, which allows him to work independently. Over the past five years, his work has been featured in numerous group and solo exhibitions in: Galerie Fontaine Obscure in Aix-En-Provence, Festival R\u00e9v\u00e9lation in Paris, Festival PhotAix in Aix-En-Provence and Photo Espa\u00f1a Festival in Madrid.<\/p>\n","protected":false},"excerpt":{"rendered":"<p>Texts et photographs: Andrea Graziosi 80 pages Perfect bound French 17 x 23 cm 35 colour images ISBN: 979-10-92265-32-3 \u20ac25 Nunc Stans (Instants d\u2019\u00c9ternit\u00e9) For the last five years I&#8217;ve been photographing the Sainte-Victoire mountains and its surroundings. I tried to explore the possibilities of the photographic technique to capture or seize the unpresentable; working [&hellip;]<\/p>\n","protected":false},"featured_media":6354,"template":"","meta":[],"product_brand":[],"product_cat":[37],"product_tag":[],"class_list":{"0":"post-6383","1":"product","2":"type-product","3":"status-publish","4":"has-post-thumbnail","6":"product_cat-photography","7":"product_shipping_class-c1-en","9":"first","10":"instock","11":"shipping-taxable","12":"purchasable","13":"product-type-simple"},"yoast_head":"<!-- This site is optimized with the Yoast SEO plugin v27.4 - https:\/\/yoast.com\/product\/yoast-seo-wordpress\/ -->\n<title>NUNC STANS \u2013 La Sainte-Victoire | Andr\u00e9 Fr\u00e8re \u00c9ditions<\/title>\n<meta name=\"description\" content=\"NUNC STANS \u2013 La Sainte-Victoire par Andrea Graziosi dans la cat\u00e9gorie Photography. Publi\u00e9 par Andr\u00e9 Fr\u00e8re \u00c9ditions.\" \/>\n<meta name=\"robots\" content=\"index, follow, max-snippet:-1, max-image-preview:large, max-video-preview:-1\" \/>\n<link rel=\"canonical\" href=\"https:\/\/www.andrefrereditions.com\/en\/books\/photography\/6383\/\" \/>\n<meta property=\"og:locale\" content=\"en_US\" \/>\n<meta property=\"og:type\" content=\"article\" \/>\n<meta property=\"og:title\" content=\"NUNC STANS \u2013 La Sainte-Victoire | Andr\u00e9 Fr\u00e8re \u00c9ditions\" \/>\n<meta property=\"og:description\" content=\"NUNC STANS \u2013 La Sainte-Victoire par Andrea Graziosi dans la cat\u00e9gorie Photography. Publi\u00e9 par Andr\u00e9 Fr\u00e8re \u00c9ditions.\" \/>\n<meta property=\"og:url\" content=\"https:\/\/www.andrefrereditions.com\/en\/books\/photography\/6383\/\" \/>\n<meta property=\"og:site_name\" content=\"Andr\u00e9 Fr\u00e8re \u00c9ditions\" \/>\n<meta property=\"article:modified_time\" content=\"2025-06-26T09:12:07+00:00\" \/>\n<meta property=\"og:image\" content=\"https:\/\/www.andrefrereditions.com\/wp-content\/uploads\/2015\/06\/nunc-stan-sainte-victoire-andrea-graziosi-couverture-andre-frere-editions.jpg\" \/>\n\t<meta property=\"og:image:width\" content=\"312\" \/>\n\t<meta property=\"og:image:height\" content=\"420\" \/>\n\t<meta property=\"og:image:type\" content=\"image\/jpeg\" \/>\n<meta name=\"twitter:label1\" content=\"Est. reading time\" \/>\n\t<meta name=\"twitter:data1\" content=\"1 minute\" \/>\n<script type=\"application\/ld+json\" class=\"yoast-schema-graph\">{\"@context\":\"https:\\\/\\\/schema.org\",\"@graph\":[{\"@type\":\"WebPage\",\"@id\":\"https:\\\/\\\/www.andrefrereditions.com\\\/en\\\/books\\\/photography\\\/6383\\\/\",\"url\":\"https:\\\/\\\/www.andrefrereditions.com\\\/en\\\/books\\\/photography\\\/6383\\\/\",\"name\":\"NUNC STANS \u2013 La Sainte-Victoire | Andr\u00e9 Fr\u00e8re \u00c9ditions\",\"isPartOf\":{\"@id\":\"https:\\\/\\\/www.andrefrereditions.com\\\/en\\\/#website\"},\"primaryImageOfPage\":{\"@id\":\"https:\\\/\\\/www.andrefrereditions.com\\\/en\\\/books\\\/photography\\\/6383\\\/#primaryimage\"},\"image\":{\"@id\":\"https:\\\/\\\/www.andrefrereditions.com\\\/en\\\/books\\\/photography\\\/6383\\\/#primaryimage\"},\"thumbnailUrl\":\"https:\\\/\\\/www.andrefrereditions.com\\\/wp-content\\\/uploads\\\/2015\\\/06\\\/nunc-stan-sainte-victoire-andrea-graziosi-couverture-andre-frere-editions.jpg\",\"datePublished\":\"2015-06-30T11:58:14+00:00\",\"dateModified\":\"2025-06-26T09:12:07+00:00\",\"description\":\"NUNC STANS \u2013 La Sainte-Victoire par Andrea Graziosi dans la cat\u00e9gorie Photography. Publi\u00e9 par Andr\u00e9 Fr\u00e8re \u00c9ditions.\",\"breadcrumb\":{\"@id\":\"https:\\\/\\\/www.andrefrereditions.com\\\/en\\\/books\\\/photography\\\/6383\\\/#breadcrumb\"},\"inLanguage\":\"en-US\",\"potentialAction\":[{\"@type\":\"ReadAction\",\"target\":[\"https:\\\/\\\/www.andrefrereditions.com\\\/en\\\/books\\\/photography\\\/6383\\\/\"]}]},{\"@type\":\"ImageObject\",\"inLanguage\":\"en-US\",\"@id\":\"https:\\\/\\\/www.andrefrereditions.com\\\/en\\\/books\\\/photography\\\/6383\\\/#primaryimage\",\"url\":\"https:\\\/\\\/www.andrefrereditions.com\\\/wp-content\\\/uploads\\\/2015\\\/06\\\/nunc-stan-sainte-victoire-andrea-graziosi-couverture-andre-frere-editions.jpg\",\"contentUrl\":\"https:\\\/\\\/www.andrefrereditions.com\\\/wp-content\\\/uploads\\\/2015\\\/06\\\/nunc-stan-sainte-victoire-andrea-graziosi-couverture-andre-frere-editions.jpg\",\"width\":312,\"height\":420},{\"@type\":\"BreadcrumbList\",\"@id\":\"https:\\\/\\\/www.andrefrereditions.com\\\/en\\\/books\\\/photography\\\/6383\\\/#breadcrumb\",\"itemListElement\":[{\"@type\":\"ListItem\",\"position\":1,\"name\":\"Home\",\"item\":\"https:\\\/\\\/www.andrefrereditions.com\\\/en\\\/\"},{\"@type\":\"ListItem\",\"position\":2,\"name\":\"Books\",\"item\":\"https:\\\/\\\/www.andrefrereditions.com\\\/en\\\/books\\\/\"},{\"@type\":\"ListItem\",\"position\":3,\"name\":\"NUNC STANS \u2013 La Sainte-Victoire\"}]},{\"@type\":\"WebSite\",\"@id\":\"https:\\\/\\\/www.andrefrereditions.com\\\/en\\\/#website\",\"url\":\"https:\\\/\\\/www.andrefrereditions.com\\\/en\\\/\",\"name\":\"Andr\u00e9 Fr\u00e8re \u00c9ditions\",\"description\":\"\u00c9dition ind\u00e9pendante de photographie et d\u2019art\",\"publisher\":{\"@id\":\"https:\\\/\\\/www.andrefrereditions.com\\\/en\\\/#organization\"},\"potentialAction\":[{\"@type\":\"SearchAction\",\"target\":{\"@type\":\"EntryPoint\",\"urlTemplate\":\"https:\\\/\\\/www.andrefrereditions.com\\\/en\\\/?s={search_term_string}\"},\"query-input\":{\"@type\":\"PropertyValueSpecification\",\"valueRequired\":true,\"valueName\":\"search_term_string\"}}],\"inLanguage\":\"en-US\"},{\"@type\":\"Organization\",\"@id\":\"https:\\\/\\\/www.andrefrereditions.com\\\/en\\\/#organization\",\"name\":\"Andr\u00e9 Fr\u00e8re \u00c9ditions\",\"url\":\"https:\\\/\\\/www.andrefrereditions.com\\\/en\\\/\",\"logo\":{\"@type\":\"ImageObject\",\"inLanguage\":\"en-US\",\"@id\":\"https:\\\/\\\/www.andrefrereditions.com\\\/en\\\/#\\\/schema\\\/logo\\\/image\\\/\",\"url\":\"https:\\\/\\\/www.andrefrereditions.com\\\/wp-content\\\/uploads\\\/2014\\\/12\\\/andre-frere-editions-logo.png\",\"contentUrl\":\"https:\\\/\\\/www.andrefrereditions.com\\\/wp-content\\\/uploads\\\/2014\\\/12\\\/andre-frere-editions-logo.png\",\"width\":80,\"height\":79,\"caption\":\"Andr\u00e9 Fr\u00e8re \u00c9ditions\"},\"image\":{\"@id\":\"https:\\\/\\\/www.andrefrereditions.com\\\/en\\\/#\\\/schema\\\/logo\\\/image\\\/\"}}]}<\/script>\n<!-- \/ Yoast SEO plugin. -->","yoast_head_json":{"title":"NUNC STANS \u2013 La Sainte-Victoire | Andr\u00e9 Fr\u00e8re \u00c9ditions","description":"NUNC STANS \u2013 La Sainte-Victoire par Andrea Graziosi dans la cat\u00e9gorie Photography. Publi\u00e9 par Andr\u00e9 Fr\u00e8re \u00c9ditions.","robots":{"index":"index","follow":"follow","max-snippet":"max-snippet:-1","max-image-preview":"max-image-preview:large","max-video-preview":"max-video-preview:-1"},"canonical":"https:\/\/www.andrefrereditions.com\/en\/books\/photography\/6383\/","og_locale":"en_US","og_type":"article","og_title":"NUNC STANS \u2013 La Sainte-Victoire | Andr\u00e9 Fr\u00e8re \u00c9ditions","og_description":"NUNC STANS \u2013 La Sainte-Victoire par Andrea Graziosi dans la cat\u00e9gorie Photography. Publi\u00e9 par Andr\u00e9 Fr\u00e8re \u00c9ditions.","og_url":"https:\/\/www.andrefrereditions.com\/en\/books\/photography\/6383\/","og_site_name":"Andr\u00e9 Fr\u00e8re \u00c9ditions","article_modified_time":"2025-06-26T09:12:07+00:00","og_image":[{"width":312,"height":420,"url":"https:\/\/www.andrefrereditions.com\/wp-content\/uploads\/2015\/06\/nunc-stan-sainte-victoire-andrea-graziosi-couverture-andre-frere-editions.jpg","type":"image\/jpeg"}],"twitter_misc":{"Est. reading time":"1 minute"},"schema":{"@context":"https:\/\/schema.org","@graph":[{"@type":"WebPage","@id":"https:\/\/www.andrefrereditions.com\/en\/books\/photography\/6383\/","url":"https:\/\/www.andrefrereditions.com\/en\/books\/photography\/6383\/","name":"NUNC STANS \u2013 La Sainte-Victoire | Andr\u00e9 Fr\u00e8re \u00c9ditions","isPartOf":{"@id":"https:\/\/www.andrefrereditions.com\/en\/#website"},"primaryImageOfPage":{"@id":"https:\/\/www.andrefrereditions.com\/en\/books\/photography\/6383\/#primaryimage"},"image":{"@id":"https:\/\/www.andrefrereditions.com\/en\/books\/photography\/6383\/#primaryimage"},"thumbnailUrl":"https:\/\/www.andrefrereditions.com\/wp-content\/uploads\/2015\/06\/nunc-stan-sainte-victoire-andrea-graziosi-couverture-andre-frere-editions.jpg","datePublished":"2015-06-30T11:58:14+00:00","dateModified":"2025-06-26T09:12:07+00:00","description":"NUNC STANS \u2013 La Sainte-Victoire par Andrea Graziosi dans la cat\u00e9gorie Photography. Publi\u00e9 par Andr\u00e9 Fr\u00e8re \u00c9ditions.","breadcrumb":{"@id":"https:\/\/www.andrefrereditions.com\/en\/books\/photography\/6383\/#breadcrumb"},"inLanguage":"en-US","potentialAction":[{"@type":"ReadAction","target":["https:\/\/www.andrefrereditions.com\/en\/books\/photography\/6383\/"]}]},{"@type":"ImageObject","inLanguage":"en-US","@id":"https:\/\/www.andrefrereditions.com\/en\/books\/photography\/6383\/#primaryimage","url":"https:\/\/www.andrefrereditions.com\/wp-content\/uploads\/2015\/06\/nunc-stan-sainte-victoire-andrea-graziosi-couverture-andre-frere-editions.jpg","contentUrl":"https:\/\/www.andrefrereditions.com\/wp-content\/uploads\/2015\/06\/nunc-stan-sainte-victoire-andrea-graziosi-couverture-andre-frere-editions.jpg","width":312,"height":420},{"@type":"BreadcrumbList","@id":"https:\/\/www.andrefrereditions.com\/en\/books\/photography\/6383\/#breadcrumb","itemListElement":[{"@type":"ListItem","position":1,"name":"Home","item":"https:\/\/www.andrefrereditions.com\/en\/"},{"@type":"ListItem","position":2,"name":"Books","item":"https:\/\/www.andrefrereditions.com\/en\/books\/"},{"@type":"ListItem","position":3,"name":"NUNC STANS \u2013 La Sainte-Victoire"}]},{"@type":"WebSite","@id":"https:\/\/www.andrefrereditions.com\/en\/#website","url":"https:\/\/www.andrefrereditions.com\/en\/","name":"Andr\u00e9 Fr\u00e8re \u00c9ditions","description":"\u00c9dition ind\u00e9pendante de photographie et d\u2019art","publisher":{"@id":"https:\/\/www.andrefrereditions.com\/en\/#organization"},"potentialAction":[{"@type":"SearchAction","target":{"@type":"EntryPoint","urlTemplate":"https:\/\/www.andrefrereditions.com\/en\/?s={search_term_string}"},"query-input":{"@type":"PropertyValueSpecification","valueRequired":true,"valueName":"search_term_string"}}],"inLanguage":"en-US"},{"@type":"Organization","@id":"https:\/\/www.andrefrereditions.com\/en\/#organization","name":"Andr\u00e9 Fr\u00e8re \u00c9ditions","url":"https:\/\/www.andrefrereditions.com\/en\/","logo":{"@type":"ImageObject","inLanguage":"en-US","@id":"https:\/\/www.andrefrereditions.com\/en\/#\/schema\/logo\/image\/","url":"https:\/\/www.andrefrereditions.com\/wp-content\/uploads\/2014\/12\/andre-frere-editions-logo.png","contentUrl":"https:\/\/www.andrefrereditions.com\/wp-content\/uploads\/2014\/12\/andre-frere-editions-logo.png","width":80,"height":79,"caption":"Andr\u00e9 Fr\u00e8re \u00c9ditions"},"image":{"@id":"https:\/\/www.andrefrereditions.com\/en\/#\/schema\/logo\/image\/"}}]}},"_links":{"self":[{"href":"https:\/\/www.andrefrereditions.com\/en\/wp-json\/wp\/v2\/product\/6383","targetHints":{"allow":["GET"]}}],"collection":[{"href":"https:\/\/www.andrefrereditions.com\/en\/wp-json\/wp\/v2\/product"}],"about":[{"href":"https:\/\/www.andrefrereditions.com\/en\/wp-json\/wp\/v2\/types\/product"}],"wp:featuredmedia":[{"embeddable":true,"href":"https:\/\/www.andrefrereditions.com\/en\/wp-json\/wp\/v2\/media\/6354"}],"wp:attachment":[{"href":"https:\/\/www.andrefrereditions.com\/en\/wp-json\/wp\/v2\/media?parent=6383"}],"wp:term":[{"taxonomy":"product_brand","embeddable":true,"href":"https:\/\/www.andrefrereditions.com\/en\/wp-json\/wp\/v2\/product_brand?post=6383"},{"taxonomy":"product_cat","embeddable":true,"href":"https:\/\/www.andrefrereditions.com\/en\/wp-json\/wp\/v2\/product_cat?post=6383"},{"taxonomy":"product_tag","embeddable":true,"href":"https:\/\/www.andrefrereditions.com\/en\/wp-json\/wp\/v2\/product_tag?post=6383"}],"curies":[{"name":"wp","href":"https:\/\/api.w.org\/{rel}","templated":true}]}}