{"id":6386,"date":"2015-10-26T18:00:13","date_gmt":"2015-06-30T12:23:47","guid":{"rendered":"http:\/\/www.andrefrereditions.com\/?post_type=product&#038;p=6386"},"modified":"2025-06-26T11:12:05","modified_gmt":"2025-06-26T09:12:05","slug":"jane-evelyn-atwood","status":"publish","type":"product","link":"https:\/\/www.andrefrereditions.com\/en\/books\/photography\/jane-evelyn-atwood\/","title":{"rendered":"Jane Evelyn Atwood"},"content":{"rendered":"<ul class=\"infos-livre\">\n<li><a title=\"Got to the page about Christine Delory-Momberger on Paris 13 university Website\" href=\"http:\/\/www.univ-paris13.fr\/experice\/fr\/membres-experice\/enseignants-chercheurs-experice\/57-fiche-delory-momberger.html\" target=\"_blank\">Christine Delory-Momberger<\/a><\/li>\n<li>Collection \u201cJuste entre nous\u201d<\/li>\n<li>160 pages<\/li>\n<li>14 x 19 cm<\/li>\n<li>34 colour and black &#038; white photographs<\/li>\n<li>Softcover<\/li>\n<li>ISBN: 979-1-09226-526-2<\/li>\n<li>\u20ac19.50<\/li>\n<li>To be released on May \/ June 2015<\/li>\n<\/ul>\n<p>Two voices, two people meet &#8211; people who talk, who know each other a long time. Jane Evelyn Atwood, American photographer and Christine Delory-Momberger, academic, author of numerous interviews with photographers, including Antoine d&#8217;Agata.<\/p>\n<p><img loading=\"lazy\" decoding=\"async\" class=\"alignnone size-full wp-image-6470\" src=\"https:\/\/www.andrefrereditions.com\/wp-content\/uploads\/2014\/12\/jane-evelyn-atwood-christine-delory-momberger-1.jpg\" alt=\"\" width=\"430\" height=\"652\" srcset=\"https:\/\/www.andrefrereditions.com\/wp-content\/uploads\/2014\/12\/jane-evelyn-atwood-christine-delory-momberger-1.jpg 430w, https:\/\/www.andrefrereditions.com\/wp-content\/uploads\/2014\/12\/jane-evelyn-atwood-christine-delory-momberger-1-420x637.jpg 420w, https:\/\/www.andrefrereditions.com\/wp-content\/uploads\/2014\/12\/jane-evelyn-atwood-christine-delory-momberger-1-198x300.jpg 198w\" sizes=\"auto, (max-width: 430px) 100vw, 430px\" \/><\/p>\n<p><img loading=\"lazy\" decoding=\"async\" class=\"alignnone size-full wp-image-6472\" src=\"https:\/\/www.andrefrereditions.com\/wp-content\/uploads\/2014\/12\/jane-evelyn-atwood-christine-delory-momberger-2.jpg\" alt=\"Life in a Russian Women's prison by Jane Evelyn Atwood on The Independent Magazine's cover\" width=\"430\" height=\"284\" srcset=\"https:\/\/www.andrefrereditions.com\/wp-content\/uploads\/2014\/12\/jane-evelyn-atwood-christine-delory-momberger-2.jpg 430w, https:\/\/www.andrefrereditions.com\/wp-content\/uploads\/2014\/12\/jane-evelyn-atwood-christine-delory-momberger-2-420x277.jpg 420w, https:\/\/www.andrefrereditions.com\/wp-content\/uploads\/2014\/12\/jane-evelyn-atwood-christine-delory-momberger-2-300x198.jpg 300w\" sizes=\"auto, (max-width: 430px) 100vw, 430px\" \/><\/p>\n<p>We can hear Jane Evelyn Atwood\u2019s voice. She explains, she tells her photographer course, the political commitment of her photography, her relationship to the people and places she photographs, her position of concerned woman. She doesn\u2019t go to the killing fields, when she is interested in a subject, she questions with her camera, takes the time to meet people, to let things happen. She never knows how long a job will take, and only stops when the feeling of having an answer to her original question emerges-and this can take years.<\/p>\n<p><img loading=\"lazy\" decoding=\"async\" class=\"alignnone size-full wp-image-6474\" src=\"https:\/\/www.andrefrereditions.com\/wp-content\/uploads\/2014\/12\/jane-evelyn-atwood-christine-delory-momberger-3.jpg\" alt=\"\" width=\"430\" height=\"572\" srcset=\"https:\/\/www.andrefrereditions.com\/wp-content\/uploads\/2014\/12\/jane-evelyn-atwood-christine-delory-momberger-3.jpg 430w, https:\/\/www.andrefrereditions.com\/wp-content\/uploads\/2014\/12\/jane-evelyn-atwood-christine-delory-momberger-3-420x559.jpg 420w, https:\/\/www.andrefrereditions.com\/wp-content\/uploads\/2014\/12\/jane-evelyn-atwood-christine-delory-momberger-3-226x300.jpg 226w\" sizes=\"auto, (max-width: 430px) 100vw, 430px\" \/><\/p>\n<p>Jane Evelyn Atwood talks about her work, which is always about the misfits, those who are on the margins of society, always about the frailty, the suffering and probably the destiny. When she arrived in the United States in 1971, she discovered photography and continued to work in this field. <\/p>\n<p><img loading=\"lazy\" decoding=\"async\" class=\"alignnone size-full wp-image-6476\" src=\"https:\/\/www.andrefrereditions.com\/wp-content\/uploads\/2014\/12\/jane-evelyn-atwood-christine-delory-momberger-4.jpg\" alt=\"Article of French magazine VSD by Jane Evelyn Atwood about James Earl Ray entitled \u00abI am not Martin Luther King's murderer\u00bb\" width=\"430\" height=\"280\" srcset=\"https:\/\/www.andrefrereditions.com\/wp-content\/uploads\/2014\/12\/jane-evelyn-atwood-christine-delory-momberger-4.jpg 430w, https:\/\/www.andrefrereditions.com\/wp-content\/uploads\/2014\/12\/jane-evelyn-atwood-christine-delory-momberger-4-420x273.jpg 420w, https:\/\/www.andrefrereditions.com\/wp-content\/uploads\/2014\/12\/jane-evelyn-atwood-christine-delory-momberger-4-300x195.jpg 300w\" sizes=\"auto, (max-width: 430px) 100vw, 430px\" \/><\/p>\n<p>From the Parisian prostitutes of the rue des Lombards to the blind people of Saint-Mand\u00e9, the victims of landmines in Angola, the imprisoned women, to Jean-Louis, the first <abbr title=\"Acquired Immune Deficiency Syndrome\">AIDS<\/abbr> patient who wanted Jane Evelyn Atwood to testify about the end of his life, to Haiti, before and after the earthquake.<\/p>\n<p><img loading=\"lazy\" decoding=\"async\" class=\"alignnone size-full wp-image-6478\" src=\"https:\/\/www.andrefrereditions.com\/wp-content\/uploads\/2014\/12\/jane-evelyn-atwood-christine-delory-momberger-5.jpg\" alt=\"\" width=\"430\" height=\"638\" srcset=\"https:\/\/www.andrefrereditions.com\/wp-content\/uploads\/2014\/12\/jane-evelyn-atwood-christine-delory-momberger-5.jpg 430w, https:\/\/www.andrefrereditions.com\/wp-content\/uploads\/2014\/12\/jane-evelyn-atwood-christine-delory-momberger-5-420x623.jpg 420w, https:\/\/www.andrefrereditions.com\/wp-content\/uploads\/2014\/12\/jane-evelyn-atwood-christine-delory-momberger-5-202x300.jpg 202w\" sizes=\"auto, (max-width: 430px) 100vw, 430px\" \/><\/p>\n<p>Jane Evelyn Atwood is where she feels she should be, with acuity, sensitivity, respect and intelligence.<\/p>\n","protected":false},"excerpt":{"rendered":"<p>Christine Delory-Momberger Collection \u201cJuste entre nous\u201d 160 pages 14 x 19 cm 34 colour and black &#038; white photographs Softcover ISBN: 979-1-09226-526-2 \u20ac19.50 To be released on May \/ June 2015 Two voices, two people meet &#8211; people who talk, who know each other a long time. Jane Evelyn Atwood, American photographer and Christine Delory-Momberger, [&hellip;]<\/p>\n","protected":false},"featured_media":6369,"template":"","meta":[],"product_brand":[],"product_cat":[37],"product_tag":[],"class_list":{"0":"post-6386","1":"product","2":"type-product","3":"status-publish","4":"has-post-thumbnail","6":"product_cat-photography","7":"product_shipping_class-c1-en","9":"first","10":"instock","11":"shipping-taxable","12":"purchasable","13":"product-type-simple"},"yoast_head":"<!-- This site is optimized with the Yoast SEO plugin v27.6 - https:\/\/yoast.com\/product\/yoast-seo-wordpress\/ -->\n<title>Jane Evelyn Atwood | Andr\u00e9 Fr\u00e8re \u00c9ditions<\/title>\n<meta name=\"description\" content=\"Jane Evelyn Atwood par Christine Delory-Momberger dans la cat\u00e9gorie Photography. Publi\u00e9 par Andr\u00e9 Fr\u00e8re \u00c9ditions.\" \/>\n<meta name=\"robots\" content=\"index, follow, max-snippet:-1, max-image-preview:large, max-video-preview:-1\" \/>\n<link rel=\"canonical\" href=\"https:\/\/www.andrefrereditions.com\/en\/books\/photography\/jane-evelyn-atwood\/\" \/>\n<meta property=\"og:locale\" content=\"en_US\" \/>\n<meta property=\"og:type\" content=\"article\" \/>\n<meta property=\"og:title\" content=\"Jane Evelyn Atwood | Andr\u00e9 Fr\u00e8re \u00c9ditions\" \/>\n<meta property=\"og:description\" content=\"Jane Evelyn Atwood par Christine Delory-Momberger dans la cat\u00e9gorie Photography. Publi\u00e9 par Andr\u00e9 Fr\u00e8re \u00c9ditions.\" \/>\n<meta property=\"og:url\" content=\"https:\/\/www.andrefrereditions.com\/en\/books\/photography\/jane-evelyn-atwood\/\" \/>\n<meta property=\"og:site_name\" content=\"Andr\u00e9 Fr\u00e8re \u00c9ditions\" \/>\n<meta property=\"article:modified_time\" content=\"2025-06-26T09:12:05+00:00\" \/>\n<meta property=\"og:image\" content=\"https:\/\/www.andrefrereditions.com\/wp-content\/uploads\/2014\/12\/couverture-jane-evelyn-atwood-andre-frere-editions2.jpg\" \/>\n\t<meta property=\"og:image:width\" content=\"301\" \/>\n\t<meta property=\"og:image:height\" content=\"420\" \/>\n\t<meta property=\"og:image:type\" content=\"image\/jpeg\" \/>\n<meta name=\"twitter:label1\" content=\"Est. reading time\" \/>\n\t<meta name=\"twitter:data1\" content=\"1 minute\" \/>\n<script type=\"application\/ld+json\" class=\"yoast-schema-graph\">{\"@context\":\"https:\\\/\\\/schema.org\",\"@graph\":[{\"@type\":\"WebPage\",\"@id\":\"https:\\\/\\\/www.andrefrereditions.com\\\/en\\\/books\\\/photography\\\/jane-evelyn-atwood\\\/\",\"url\":\"https:\\\/\\\/www.andrefrereditions.com\\\/en\\\/books\\\/photography\\\/jane-evelyn-atwood\\\/\",\"name\":\"Jane Evelyn Atwood | Andr\u00e9 Fr\u00e8re \u00c9ditions\",\"isPartOf\":{\"@id\":\"https:\\\/\\\/www.andrefrereditions.com\\\/en\\\/#website\"},\"primaryImageOfPage\":{\"@id\":\"https:\\\/\\\/www.andrefrereditions.com\\\/en\\\/books\\\/photography\\\/jane-evelyn-atwood\\\/#primaryimage\"},\"image\":{\"@id\":\"https:\\\/\\\/www.andrefrereditions.com\\\/en\\\/books\\\/photography\\\/jane-evelyn-atwood\\\/#primaryimage\"},\"thumbnailUrl\":\"https:\\\/\\\/www.andrefrereditions.com\\\/wp-content\\\/uploads\\\/2014\\\/12\\\/couverture-jane-evelyn-atwood-andre-frere-editions2.jpg\",\"datePublished\":\"2015-06-30T12:23:47+00:00\",\"dateModified\":\"2025-06-26T09:12:05+00:00\",\"description\":\"Jane Evelyn Atwood par Christine Delory-Momberger dans la cat\u00e9gorie Photography. Publi\u00e9 par Andr\u00e9 Fr\u00e8re \u00c9ditions.\",\"breadcrumb\":{\"@id\":\"https:\\\/\\\/www.andrefrereditions.com\\\/en\\\/books\\\/photography\\\/jane-evelyn-atwood\\\/#breadcrumb\"},\"inLanguage\":\"en-US\",\"potentialAction\":[{\"@type\":\"ReadAction\",\"target\":[\"https:\\\/\\\/www.andrefrereditions.com\\\/en\\\/books\\\/photography\\\/jane-evelyn-atwood\\\/\"]}]},{\"@type\":\"ImageObject\",\"inLanguage\":\"en-US\",\"@id\":\"https:\\\/\\\/www.andrefrereditions.com\\\/en\\\/books\\\/photography\\\/jane-evelyn-atwood\\\/#primaryimage\",\"url\":\"https:\\\/\\\/www.andrefrereditions.com\\\/wp-content\\\/uploads\\\/2014\\\/12\\\/couverture-jane-evelyn-atwood-andre-frere-editions2.jpg\",\"contentUrl\":\"https:\\\/\\\/www.andrefrereditions.com\\\/wp-content\\\/uploads\\\/2014\\\/12\\\/couverture-jane-evelyn-atwood-andre-frere-editions2.jpg\",\"width\":301,\"height\":420},{\"@type\":\"BreadcrumbList\",\"@id\":\"https:\\\/\\\/www.andrefrereditions.com\\\/en\\\/books\\\/photography\\\/jane-evelyn-atwood\\\/#breadcrumb\",\"itemListElement\":[{\"@type\":\"ListItem\",\"position\":1,\"name\":\"Home\",\"item\":\"https:\\\/\\\/www.andrefrereditions.com\\\/en\\\/\"},{\"@type\":\"ListItem\",\"position\":2,\"name\":\"Books\",\"item\":\"https:\\\/\\\/www.andrefrereditions.com\\\/en\\\/books\\\/\"},{\"@type\":\"ListItem\",\"position\":3,\"name\":\"Jane Evelyn Atwood\"}]},{\"@type\":\"WebSite\",\"@id\":\"https:\\\/\\\/www.andrefrereditions.com\\\/en\\\/#website\",\"url\":\"https:\\\/\\\/www.andrefrereditions.com\\\/en\\\/\",\"name\":\"Andr\u00e9 Fr\u00e8re \u00c9ditions\",\"description\":\"\u00c9dition ind\u00e9pendante de photographie et d\u2019art\",\"publisher\":{\"@id\":\"https:\\\/\\\/www.andrefrereditions.com\\\/en\\\/#organization\"},\"potentialAction\":[{\"@type\":\"SearchAction\",\"target\":{\"@type\":\"EntryPoint\",\"urlTemplate\":\"https:\\\/\\\/www.andrefrereditions.com\\\/en\\\/?s={search_term_string}\"},\"query-input\":{\"@type\":\"PropertyValueSpecification\",\"valueRequired\":true,\"valueName\":\"search_term_string\"}}],\"inLanguage\":\"en-US\"},{\"@type\":\"Organization\",\"@id\":\"https:\\\/\\\/www.andrefrereditions.com\\\/en\\\/#organization\",\"name\":\"Andr\u00e9 Fr\u00e8re \u00c9ditions\",\"url\":\"https:\\\/\\\/www.andrefrereditions.com\\\/en\\\/\",\"logo\":{\"@type\":\"ImageObject\",\"inLanguage\":\"en-US\",\"@id\":\"https:\\\/\\\/www.andrefrereditions.com\\\/en\\\/#\\\/schema\\\/logo\\\/image\\\/\",\"url\":\"https:\\\/\\\/www.andrefrereditions.com\\\/wp-content\\\/uploads\\\/2014\\\/12\\\/andre-frere-editions-logo.png\",\"contentUrl\":\"https:\\\/\\\/www.andrefrereditions.com\\\/wp-content\\\/uploads\\\/2014\\\/12\\\/andre-frere-editions-logo.png\",\"width\":80,\"height\":79,\"caption\":\"Andr\u00e9 Fr\u00e8re \u00c9ditions\"},\"image\":{\"@id\":\"https:\\\/\\\/www.andrefrereditions.com\\\/en\\\/#\\\/schema\\\/logo\\\/image\\\/\"}}]}<\/script>\n<!-- \/ Yoast SEO plugin. -->","yoast_head_json":{"title":"Jane Evelyn Atwood | Andr\u00e9 Fr\u00e8re \u00c9ditions","description":"Jane Evelyn Atwood par Christine Delory-Momberger dans la cat\u00e9gorie Photography. Publi\u00e9 par Andr\u00e9 Fr\u00e8re \u00c9ditions.","robots":{"index":"index","follow":"follow","max-snippet":"max-snippet:-1","max-image-preview":"max-image-preview:large","max-video-preview":"max-video-preview:-1"},"canonical":"https:\/\/www.andrefrereditions.com\/en\/books\/photography\/jane-evelyn-atwood\/","og_locale":"en_US","og_type":"article","og_title":"Jane Evelyn Atwood | Andr\u00e9 Fr\u00e8re \u00c9ditions","og_description":"Jane Evelyn Atwood par Christine Delory-Momberger dans la cat\u00e9gorie Photography. Publi\u00e9 par Andr\u00e9 Fr\u00e8re \u00c9ditions.","og_url":"https:\/\/www.andrefrereditions.com\/en\/books\/photography\/jane-evelyn-atwood\/","og_site_name":"Andr\u00e9 Fr\u00e8re \u00c9ditions","article_modified_time":"2025-06-26T09:12:05+00:00","og_image":[{"width":301,"height":420,"url":"https:\/\/www.andrefrereditions.com\/wp-content\/uploads\/2014\/12\/couverture-jane-evelyn-atwood-andre-frere-editions2.jpg","type":"image\/jpeg"}],"twitter_misc":{"Est. reading time":"1 minute"},"schema":{"@context":"https:\/\/schema.org","@graph":[{"@type":"WebPage","@id":"https:\/\/www.andrefrereditions.com\/en\/books\/photography\/jane-evelyn-atwood\/","url":"https:\/\/www.andrefrereditions.com\/en\/books\/photography\/jane-evelyn-atwood\/","name":"Jane Evelyn Atwood | Andr\u00e9 Fr\u00e8re \u00c9ditions","isPartOf":{"@id":"https:\/\/www.andrefrereditions.com\/en\/#website"},"primaryImageOfPage":{"@id":"https:\/\/www.andrefrereditions.com\/en\/books\/photography\/jane-evelyn-atwood\/#primaryimage"},"image":{"@id":"https:\/\/www.andrefrereditions.com\/en\/books\/photography\/jane-evelyn-atwood\/#primaryimage"},"thumbnailUrl":"https:\/\/www.andrefrereditions.com\/wp-content\/uploads\/2014\/12\/couverture-jane-evelyn-atwood-andre-frere-editions2.jpg","datePublished":"2015-06-30T12:23:47+00:00","dateModified":"2025-06-26T09:12:05+00:00","description":"Jane Evelyn Atwood par Christine Delory-Momberger dans la cat\u00e9gorie Photography. Publi\u00e9 par Andr\u00e9 Fr\u00e8re \u00c9ditions.","breadcrumb":{"@id":"https:\/\/www.andrefrereditions.com\/en\/books\/photography\/jane-evelyn-atwood\/#breadcrumb"},"inLanguage":"en-US","potentialAction":[{"@type":"ReadAction","target":["https:\/\/www.andrefrereditions.com\/en\/books\/photography\/jane-evelyn-atwood\/"]}]},{"@type":"ImageObject","inLanguage":"en-US","@id":"https:\/\/www.andrefrereditions.com\/en\/books\/photography\/jane-evelyn-atwood\/#primaryimage","url":"https:\/\/www.andrefrereditions.com\/wp-content\/uploads\/2014\/12\/couverture-jane-evelyn-atwood-andre-frere-editions2.jpg","contentUrl":"https:\/\/www.andrefrereditions.com\/wp-content\/uploads\/2014\/12\/couverture-jane-evelyn-atwood-andre-frere-editions2.jpg","width":301,"height":420},{"@type":"BreadcrumbList","@id":"https:\/\/www.andrefrereditions.com\/en\/books\/photography\/jane-evelyn-atwood\/#breadcrumb","itemListElement":[{"@type":"ListItem","position":1,"name":"Home","item":"https:\/\/www.andrefrereditions.com\/en\/"},{"@type":"ListItem","position":2,"name":"Books","item":"https:\/\/www.andrefrereditions.com\/en\/books\/"},{"@type":"ListItem","position":3,"name":"Jane Evelyn Atwood"}]},{"@type":"WebSite","@id":"https:\/\/www.andrefrereditions.com\/en\/#website","url":"https:\/\/www.andrefrereditions.com\/en\/","name":"Andr\u00e9 Fr\u00e8re \u00c9ditions","description":"\u00c9dition ind\u00e9pendante de photographie et d\u2019art","publisher":{"@id":"https:\/\/www.andrefrereditions.com\/en\/#organization"},"potentialAction":[{"@type":"SearchAction","target":{"@type":"EntryPoint","urlTemplate":"https:\/\/www.andrefrereditions.com\/en\/?s={search_term_string}"},"query-input":{"@type":"PropertyValueSpecification","valueRequired":true,"valueName":"search_term_string"}}],"inLanguage":"en-US"},{"@type":"Organization","@id":"https:\/\/www.andrefrereditions.com\/en\/#organization","name":"Andr\u00e9 Fr\u00e8re \u00c9ditions","url":"https:\/\/www.andrefrereditions.com\/en\/","logo":{"@type":"ImageObject","inLanguage":"en-US","@id":"https:\/\/www.andrefrereditions.com\/en\/#\/schema\/logo\/image\/","url":"https:\/\/www.andrefrereditions.com\/wp-content\/uploads\/2014\/12\/andre-frere-editions-logo.png","contentUrl":"https:\/\/www.andrefrereditions.com\/wp-content\/uploads\/2014\/12\/andre-frere-editions-logo.png","width":80,"height":79,"caption":"Andr\u00e9 Fr\u00e8re \u00c9ditions"},"image":{"@id":"https:\/\/www.andrefrereditions.com\/en\/#\/schema\/logo\/image\/"}}]}},"_links":{"self":[{"href":"https:\/\/www.andrefrereditions.com\/en\/wp-json\/wp\/v2\/product\/6386","targetHints":{"allow":["GET"]}}],"collection":[{"href":"https:\/\/www.andrefrereditions.com\/en\/wp-json\/wp\/v2\/product"}],"about":[{"href":"https:\/\/www.andrefrereditions.com\/en\/wp-json\/wp\/v2\/types\/product"}],"wp:featuredmedia":[{"embeddable":true,"href":"https:\/\/www.andrefrereditions.com\/en\/wp-json\/wp\/v2\/media\/6369"}],"wp:attachment":[{"href":"https:\/\/www.andrefrereditions.com\/en\/wp-json\/wp\/v2\/media?parent=6386"}],"wp:term":[{"taxonomy":"product_brand","embeddable":true,"href":"https:\/\/www.andrefrereditions.com\/en\/wp-json\/wp\/v2\/product_brand?post=6386"},{"taxonomy":"product_cat","embeddable":true,"href":"https:\/\/www.andrefrereditions.com\/en\/wp-json\/wp\/v2\/product_cat?post=6386"},{"taxonomy":"product_tag","embeddable":true,"href":"https:\/\/www.andrefrereditions.com\/en\/wp-json\/wp\/v2\/product_tag?post=6386"}],"curies":[{"name":"wp","href":"https:\/\/api.w.org\/{rel}","templated":true}]}}