{"id":6678,"date":"2015-10-26T23:37:22","date_gmt":"2015-12-18T11:44:11","guid":{"rendered":"http:\/\/www.andrefrereditions.com\/en\/?post_type=product&#038;p=6678"},"modified":"2025-06-26T11:12:00","modified_gmt":"2025-06-26T09:12:00","slug":"cosmos","status":"publish","type":"product","link":"https:\/\/www.andrefrereditions.com\/en\/books\/out-of-print\/cosmos\/","title":{"rendered":"Cosmos"},"content":{"rendered":"<ul class=\"infos-livre\">\n<li>Photographs: <a href=\"http:\/\/www.berangerefromont.com\" target=\"_blank\">B\u00e9rang\u00e8re Fromont<\/a><\/li>\n<li>text: <a href=\"http:\/\/dominiquecabrera.uniterre.com\/\" target=\"_blank\">Dominique Cabrera<\/a><\/li>\n<li>French<\/li>\n<li>56 pages<\/li>\n<li>Hardcover<\/li>\n<li>13,5 x 19\u00a0cm<\/li>\n<li>33 colour photographs<\/li>\n<li>ISBN: 979-1-09226-539-2<\/li>\n<li><strong>Sold out<\/strong><\/li>\n<li><a href=\"https:\/\/www.andrefrereditions.com\/?p=6590\"><em>Cosmos<\/em> special edition avalaible<\/a><\/li>\n<\/ul>\n<p><img loading=\"lazy\" decoding=\"async\" class=\"alignnone size-full wp-image-6504\" src=\"https:\/\/www.andrefrereditions.com\/wp-content\/uploads\/2015\/10\/cosmos-berangere-fromont-andre-frere-editions-1.jpg\" alt=\"Image de la photographe B\u00e9rang\u00e8re Fromont pour le livre Cosmos publi\u00e9 par Andr\u00e9 Fr\u00e8re \u00c9ditions\" width=\"430\" height=\"584\" srcset=\"https:\/\/www.andrefrereditions.com\/wp-content\/uploads\/2015\/10\/cosmos-berangere-fromont-andre-frere-editions-1.jpg 430w, https:\/\/www.andrefrereditions.com\/wp-content\/uploads\/2015\/10\/cosmos-berangere-fromont-andre-frere-editions-1-420x570.jpg 420w, https:\/\/www.andrefrereditions.com\/wp-content\/uploads\/2015\/10\/cosmos-berangere-fromont-andre-frere-editions-1-221x300.jpg 221w\" sizes=\"auto, (max-width: 430px) 100vw, 430px\" \/><\/p>\n<p><img loading=\"lazy\" decoding=\"async\" class=\"alignnone size-full wp-image-6506\" src=\"https:\/\/www.andrefrereditions.com\/wp-content\/uploads\/2015\/10\/cosmos-berangere-fromont-andre-frere-editions-2.jpg\" alt=\"\" width=\"430\" height=\"580\" srcset=\"https:\/\/www.andrefrereditions.com\/wp-content\/uploads\/2015\/10\/cosmos-berangere-fromont-andre-frere-editions-2.jpg 430w, https:\/\/www.andrefrereditions.com\/wp-content\/uploads\/2015\/10\/cosmos-berangere-fromont-andre-frere-editions-2-420x567.jpg 420w, https:\/\/www.andrefrereditions.com\/wp-content\/uploads\/2015\/10\/cosmos-berangere-fromont-andre-frere-editions-2-222x300.jpg 222w\" sizes=\"auto, (max-width: 430px) 100vw, 430px\" \/><\/p>\n<blockquote><p><em>Cosmos<\/em> is a visual tale, written in one night by B\u00e9rang\u00e8re Fromont. Its main theme is the embrace &#8211; the fragility of emotions, of youth, of desire.<br \/>\n<cite>B\u00e9rang\u00e8re Fromont<\/cite><\/p><\/blockquote>\n<p><img loading=\"lazy\" decoding=\"async\" class=\"alignnone size-full wp-image-6508\" src=\"https:\/\/www.andrefrereditions.com\/wp-content\/uploads\/2015\/10\/cosmos-berangere-fromont-andre-frere-editions-3.jpg\" alt=\"\" width=\"430\" height=\"582\" srcset=\"https:\/\/www.andrefrereditions.com\/wp-content\/uploads\/2015\/10\/cosmos-berangere-fromont-andre-frere-editions-3.jpg 430w, https:\/\/www.andrefrereditions.com\/wp-content\/uploads\/2015\/10\/cosmos-berangere-fromont-andre-frere-editions-3-420x568.jpg 420w, https:\/\/www.andrefrereditions.com\/wp-content\/uploads\/2015\/10\/cosmos-berangere-fromont-andre-frere-editions-3-222x300.jpg 222w\" sizes=\"auto, (max-width: 430px) 100vw, 430px\" \/><\/p>\n<p><img loading=\"lazy\" decoding=\"async\" class=\"alignnone size-full wp-image-6510\" src=\"https:\/\/www.andrefrereditions.com\/wp-content\/uploads\/2015\/10\/cosmos-berangere-fromont-andre-frere-editions-4.jpg\" alt=\"\" width=\"430\" height=\"578\" srcset=\"https:\/\/www.andrefrereditions.com\/wp-content\/uploads\/2015\/10\/cosmos-berangere-fromont-andre-frere-editions-4.jpg 430w, https:\/\/www.andrefrereditions.com\/wp-content\/uploads\/2015\/10\/cosmos-berangere-fromont-andre-frere-editions-4-420x565.jpg 420w, https:\/\/www.andrefrereditions.com\/wp-content\/uploads\/2015\/10\/cosmos-berangere-fromont-andre-frere-editions-4-223x300.jpg 223w\" sizes=\"auto, (max-width: 430px) 100vw, 430px\" \/><\/p>\n<p><img loading=\"lazy\" decoding=\"async\" class=\"alignnone size-full wp-image-6512\" src=\"https:\/\/www.andrefrereditions.com\/wp-content\/uploads\/2015\/10\/cosmos-berangere-fromont-andre-frere-editions-5.jpg\" alt=\"\" width=\"430\" height=\"581\" srcset=\"https:\/\/www.andrefrereditions.com\/wp-content\/uploads\/2015\/10\/cosmos-berangere-fromont-andre-frere-editions-5.jpg 430w, https:\/\/www.andrefrereditions.com\/wp-content\/uploads\/2015\/10\/cosmos-berangere-fromont-andre-frere-editions-5-420x567.jpg 420w, https:\/\/www.andrefrereditions.com\/wp-content\/uploads\/2015\/10\/cosmos-berangere-fromont-andre-frere-editions-5-222x300.jpg 222w\" sizes=\"auto, (max-width: 430px) 100vw, 430px\" \/><\/p>\n<p><img loading=\"lazy\" decoding=\"async\" class=\"alignnone size-full wp-image-6514\" src=\"https:\/\/www.andrefrereditions.com\/wp-content\/uploads\/2015\/10\/cosmos-berangere-fromont-andre-frere-editions-6.jpg\" alt=\"\" width=\"430\" height=\"578\" srcset=\"https:\/\/www.andrefrereditions.com\/wp-content\/uploads\/2015\/10\/cosmos-berangere-fromont-andre-frere-editions-6.jpg 430w, https:\/\/www.andrefrereditions.com\/wp-content\/uploads\/2015\/10\/cosmos-berangere-fromont-andre-frere-editions-6-420x565.jpg 420w, https:\/\/www.andrefrereditions.com\/wp-content\/uploads\/2015\/10\/cosmos-berangere-fromont-andre-frere-editions-6-223x300.jpg 223w\" sizes=\"auto, (max-width: 430px) 100vw, 430px\" \/><\/p>\n<p><img loading=\"lazy\" decoding=\"async\" class=\"alignnone size-full wp-image-6516\" src=\"https:\/\/www.andrefrereditions.com\/wp-content\/uploads\/2015\/10\/cosmos-berangere-fromont-andre-frere-editions-7.jpg\" alt=\"\" width=\"430\" height=\"579\" srcset=\"https:\/\/www.andrefrereditions.com\/wp-content\/uploads\/2015\/10\/cosmos-berangere-fromont-andre-frere-editions-7.jpg 430w, https:\/\/www.andrefrereditions.com\/wp-content\/uploads\/2015\/10\/cosmos-berangere-fromont-andre-frere-editions-7-420x566.jpg 420w, https:\/\/www.andrefrereditions.com\/wp-content\/uploads\/2015\/10\/cosmos-berangere-fromont-andre-frere-editions-7-223x300.jpg 223w\" sizes=\"auto, (max-width: 430px) 100vw, 430px\" \/><\/p>\n<p>Fine Art print by Picto is an inkjet printing process that uses a printer and HP Vivera inks. Fine Art Pigment prints are exceptionally high quality and produced on art paper.<br \/>\nUltra-long life pigment inks are printed in high definition on neutral, generally 100% cotton paper.<br \/>\nThe result is a long-lasting print with a better image quality than C-type prints.<\/p>\n","protected":false},"excerpt":{"rendered":"<p>Photographs: B\u00e9rang\u00e8re Fromont text: Dominique Cabrera French 56 pages Hardcover 13,5 x 19\u00a0cm 33 colour photographs ISBN: 979-1-09226-539-2 Sold out Cosmos special edition avalaible Cosmos is a visual tale, written in one night by B\u00e9rang\u00e8re Fromont. Its main theme is the embrace &#8211; the fragility of emotions, of youth, of desire. B\u00e9rang\u00e8re Fromont Fine Art [&hellip;]<\/p>\n","protected":false},"featured_media":6503,"template":"","meta":[],"product_brand":[],"product_cat":[36,37],"product_tag":[],"class_list":{"0":"post-6678","1":"product","2":"type-product","3":"status-publish","4":"has-post-thumbnail","6":"product_cat-out-of-print","7":"product_cat-photography","8":"product_shipping_class-c1-en","10":"first","11":"outofstock","12":"shipping-taxable","13":"product-type-simple"},"yoast_head":"<!-- This site is optimized with the Yoast SEO plugin v27.5 - https:\/\/yoast.com\/product\/yoast-seo-wordpress\/ -->\n<title>Cosmos | Andr\u00e9 Fr\u00e8re \u00c9ditions<\/title>\n<meta name=\"description\" content=\"Cosmos par B\u00e9rang\u00e8re Fromont dans la cat\u00e9gorie Out of print, Photography. Publi\u00e9 par Andr\u00e9 Fr\u00e8re \u00c9ditions.\" \/>\n<meta name=\"robots\" content=\"index, follow, max-snippet:-1, max-image-preview:large, max-video-preview:-1\" \/>\n<link rel=\"canonical\" href=\"https:\/\/www.andrefrereditions.com\/en\/books\/out-of-print\/cosmos\/\" \/>\n<meta property=\"og:locale\" content=\"en_US\" \/>\n<meta property=\"og:type\" content=\"article\" \/>\n<meta property=\"og:title\" content=\"Cosmos | Andr\u00e9 Fr\u00e8re \u00c9ditions\" \/>\n<meta property=\"og:description\" content=\"Cosmos par B\u00e9rang\u00e8re Fromont dans la cat\u00e9gorie Out of print, Photography. Publi\u00e9 par Andr\u00e9 Fr\u00e8re \u00c9ditions.\" \/>\n<meta property=\"og:url\" content=\"https:\/\/www.andrefrereditions.com\/en\/books\/out-of-print\/cosmos\/\" \/>\n<meta property=\"og:site_name\" content=\"Andr\u00e9 Fr\u00e8re \u00c9ditions\" \/>\n<meta property=\"article:modified_time\" content=\"2025-06-26T09:12:00+00:00\" \/>\n<meta property=\"og:image\" content=\"https:\/\/www.andrefrereditions.com\/wp-content\/uploads\/2015\/10\/couverture-cosmos-berangere-fromont-andre-frere-editions.jpg\" \/>\n\t<meta property=\"og:image:width\" content=\"310\" \/>\n\t<meta property=\"og:image:height\" content=\"420\" \/>\n\t<meta property=\"og:image:type\" content=\"image\/jpeg\" \/>\n<meta name=\"twitter:label1\" content=\"Est. reading time\" \/>\n\t<meta name=\"twitter:data1\" content=\"1 minute\" \/>\n<script type=\"application\/ld+json\" class=\"yoast-schema-graph\">{\"@context\":\"https:\\\/\\\/schema.org\",\"@graph\":[{\"@type\":\"WebPage\",\"@id\":\"https:\\\/\\\/www.andrefrereditions.com\\\/en\\\/books\\\/out-of-print\\\/cosmos\\\/\",\"url\":\"https:\\\/\\\/www.andrefrereditions.com\\\/en\\\/books\\\/out-of-print\\\/cosmos\\\/\",\"name\":\"Cosmos | Andr\u00e9 Fr\u00e8re \u00c9ditions\",\"isPartOf\":{\"@id\":\"https:\\\/\\\/www.andrefrereditions.com\\\/en\\\/#website\"},\"primaryImageOfPage\":{\"@id\":\"https:\\\/\\\/www.andrefrereditions.com\\\/en\\\/books\\\/out-of-print\\\/cosmos\\\/#primaryimage\"},\"image\":{\"@id\":\"https:\\\/\\\/www.andrefrereditions.com\\\/en\\\/books\\\/out-of-print\\\/cosmos\\\/#primaryimage\"},\"thumbnailUrl\":\"https:\\\/\\\/www.andrefrereditions.com\\\/wp-content\\\/uploads\\\/2015\\\/10\\\/couverture-cosmos-berangere-fromont-andre-frere-editions.jpg\",\"datePublished\":\"2015-12-18T11:44:11+00:00\",\"dateModified\":\"2025-06-26T09:12:00+00:00\",\"description\":\"Cosmos par B\u00e9rang\u00e8re Fromont dans la cat\u00e9gorie Out of print, Photography. Publi\u00e9 par Andr\u00e9 Fr\u00e8re \u00c9ditions.\",\"breadcrumb\":{\"@id\":\"https:\\\/\\\/www.andrefrereditions.com\\\/en\\\/books\\\/out-of-print\\\/cosmos\\\/#breadcrumb\"},\"inLanguage\":\"en-US\",\"potentialAction\":[{\"@type\":\"ReadAction\",\"target\":[\"https:\\\/\\\/www.andrefrereditions.com\\\/en\\\/books\\\/out-of-print\\\/cosmos\\\/\"]}]},{\"@type\":\"ImageObject\",\"inLanguage\":\"en-US\",\"@id\":\"https:\\\/\\\/www.andrefrereditions.com\\\/en\\\/books\\\/out-of-print\\\/cosmos\\\/#primaryimage\",\"url\":\"https:\\\/\\\/www.andrefrereditions.com\\\/wp-content\\\/uploads\\\/2015\\\/10\\\/couverture-cosmos-berangere-fromont-andre-frere-editions.jpg\",\"contentUrl\":\"https:\\\/\\\/www.andrefrereditions.com\\\/wp-content\\\/uploads\\\/2015\\\/10\\\/couverture-cosmos-berangere-fromont-andre-frere-editions.jpg\",\"width\":310,\"height\":420},{\"@type\":\"BreadcrumbList\",\"@id\":\"https:\\\/\\\/www.andrefrereditions.com\\\/en\\\/books\\\/out-of-print\\\/cosmos\\\/#breadcrumb\",\"itemListElement\":[{\"@type\":\"ListItem\",\"position\":1,\"name\":\"Home\",\"item\":\"https:\\\/\\\/www.andrefrereditions.com\\\/en\\\/\"},{\"@type\":\"ListItem\",\"position\":2,\"name\":\"Books\",\"item\":\"https:\\\/\\\/www.andrefrereditions.com\\\/en\\\/books\\\/\"},{\"@type\":\"ListItem\",\"position\":3,\"name\":\"Cosmos\"}]},{\"@type\":\"WebSite\",\"@id\":\"https:\\\/\\\/www.andrefrereditions.com\\\/en\\\/#website\",\"url\":\"https:\\\/\\\/www.andrefrereditions.com\\\/en\\\/\",\"name\":\"Andr\u00e9 Fr\u00e8re \u00c9ditions\",\"description\":\"\u00c9dition ind\u00e9pendante de photographie et d\u2019art\",\"publisher\":{\"@id\":\"https:\\\/\\\/www.andrefrereditions.com\\\/en\\\/#organization\"},\"potentialAction\":[{\"@type\":\"SearchAction\",\"target\":{\"@type\":\"EntryPoint\",\"urlTemplate\":\"https:\\\/\\\/www.andrefrereditions.com\\\/en\\\/?s={search_term_string}\"},\"query-input\":{\"@type\":\"PropertyValueSpecification\",\"valueRequired\":true,\"valueName\":\"search_term_string\"}}],\"inLanguage\":\"en-US\"},{\"@type\":\"Organization\",\"@id\":\"https:\\\/\\\/www.andrefrereditions.com\\\/en\\\/#organization\",\"name\":\"Andr\u00e9 Fr\u00e8re \u00c9ditions\",\"url\":\"https:\\\/\\\/www.andrefrereditions.com\\\/en\\\/\",\"logo\":{\"@type\":\"ImageObject\",\"inLanguage\":\"en-US\",\"@id\":\"https:\\\/\\\/www.andrefrereditions.com\\\/en\\\/#\\\/schema\\\/logo\\\/image\\\/\",\"url\":\"https:\\\/\\\/www.andrefrereditions.com\\\/wp-content\\\/uploads\\\/2014\\\/12\\\/andre-frere-editions-logo.png\",\"contentUrl\":\"https:\\\/\\\/www.andrefrereditions.com\\\/wp-content\\\/uploads\\\/2014\\\/12\\\/andre-frere-editions-logo.png\",\"width\":80,\"height\":79,\"caption\":\"Andr\u00e9 Fr\u00e8re \u00c9ditions\"},\"image\":{\"@id\":\"https:\\\/\\\/www.andrefrereditions.com\\\/en\\\/#\\\/schema\\\/logo\\\/image\\\/\"}}]}<\/script>\n<!-- \/ Yoast SEO plugin. -->","yoast_head_json":{"title":"Cosmos | Andr\u00e9 Fr\u00e8re \u00c9ditions","description":"Cosmos par B\u00e9rang\u00e8re Fromont dans la cat\u00e9gorie Out of print, Photography. Publi\u00e9 par Andr\u00e9 Fr\u00e8re \u00c9ditions.","robots":{"index":"index","follow":"follow","max-snippet":"max-snippet:-1","max-image-preview":"max-image-preview:large","max-video-preview":"max-video-preview:-1"},"canonical":"https:\/\/www.andrefrereditions.com\/en\/books\/out-of-print\/cosmos\/","og_locale":"en_US","og_type":"article","og_title":"Cosmos | Andr\u00e9 Fr\u00e8re \u00c9ditions","og_description":"Cosmos par B\u00e9rang\u00e8re Fromont dans la cat\u00e9gorie Out of print, Photography. Publi\u00e9 par Andr\u00e9 Fr\u00e8re \u00c9ditions.","og_url":"https:\/\/www.andrefrereditions.com\/en\/books\/out-of-print\/cosmos\/","og_site_name":"Andr\u00e9 Fr\u00e8re \u00c9ditions","article_modified_time":"2025-06-26T09:12:00+00:00","og_image":[{"width":310,"height":420,"url":"https:\/\/www.andrefrereditions.com\/wp-content\/uploads\/2015\/10\/couverture-cosmos-berangere-fromont-andre-frere-editions.jpg","type":"image\/jpeg"}],"twitter_misc":{"Est. reading time":"1 minute"},"schema":{"@context":"https:\/\/schema.org","@graph":[{"@type":"WebPage","@id":"https:\/\/www.andrefrereditions.com\/en\/books\/out-of-print\/cosmos\/","url":"https:\/\/www.andrefrereditions.com\/en\/books\/out-of-print\/cosmos\/","name":"Cosmos | Andr\u00e9 Fr\u00e8re \u00c9ditions","isPartOf":{"@id":"https:\/\/www.andrefrereditions.com\/en\/#website"},"primaryImageOfPage":{"@id":"https:\/\/www.andrefrereditions.com\/en\/books\/out-of-print\/cosmos\/#primaryimage"},"image":{"@id":"https:\/\/www.andrefrereditions.com\/en\/books\/out-of-print\/cosmos\/#primaryimage"},"thumbnailUrl":"https:\/\/www.andrefrereditions.com\/wp-content\/uploads\/2015\/10\/couverture-cosmos-berangere-fromont-andre-frere-editions.jpg","datePublished":"2015-12-18T11:44:11+00:00","dateModified":"2025-06-26T09:12:00+00:00","description":"Cosmos par B\u00e9rang\u00e8re Fromont dans la cat\u00e9gorie Out of print, Photography. Publi\u00e9 par Andr\u00e9 Fr\u00e8re \u00c9ditions.","breadcrumb":{"@id":"https:\/\/www.andrefrereditions.com\/en\/books\/out-of-print\/cosmos\/#breadcrumb"},"inLanguage":"en-US","potentialAction":[{"@type":"ReadAction","target":["https:\/\/www.andrefrereditions.com\/en\/books\/out-of-print\/cosmos\/"]}]},{"@type":"ImageObject","inLanguage":"en-US","@id":"https:\/\/www.andrefrereditions.com\/en\/books\/out-of-print\/cosmos\/#primaryimage","url":"https:\/\/www.andrefrereditions.com\/wp-content\/uploads\/2015\/10\/couverture-cosmos-berangere-fromont-andre-frere-editions.jpg","contentUrl":"https:\/\/www.andrefrereditions.com\/wp-content\/uploads\/2015\/10\/couverture-cosmos-berangere-fromont-andre-frere-editions.jpg","width":310,"height":420},{"@type":"BreadcrumbList","@id":"https:\/\/www.andrefrereditions.com\/en\/books\/out-of-print\/cosmos\/#breadcrumb","itemListElement":[{"@type":"ListItem","position":1,"name":"Home","item":"https:\/\/www.andrefrereditions.com\/en\/"},{"@type":"ListItem","position":2,"name":"Books","item":"https:\/\/www.andrefrereditions.com\/en\/books\/"},{"@type":"ListItem","position":3,"name":"Cosmos"}]},{"@type":"WebSite","@id":"https:\/\/www.andrefrereditions.com\/en\/#website","url":"https:\/\/www.andrefrereditions.com\/en\/","name":"Andr\u00e9 Fr\u00e8re \u00c9ditions","description":"\u00c9dition ind\u00e9pendante de photographie et d\u2019art","publisher":{"@id":"https:\/\/www.andrefrereditions.com\/en\/#organization"},"potentialAction":[{"@type":"SearchAction","target":{"@type":"EntryPoint","urlTemplate":"https:\/\/www.andrefrereditions.com\/en\/?s={search_term_string}"},"query-input":{"@type":"PropertyValueSpecification","valueRequired":true,"valueName":"search_term_string"}}],"inLanguage":"en-US"},{"@type":"Organization","@id":"https:\/\/www.andrefrereditions.com\/en\/#organization","name":"Andr\u00e9 Fr\u00e8re \u00c9ditions","url":"https:\/\/www.andrefrereditions.com\/en\/","logo":{"@type":"ImageObject","inLanguage":"en-US","@id":"https:\/\/www.andrefrereditions.com\/en\/#\/schema\/logo\/image\/","url":"https:\/\/www.andrefrereditions.com\/wp-content\/uploads\/2014\/12\/andre-frere-editions-logo.png","contentUrl":"https:\/\/www.andrefrereditions.com\/wp-content\/uploads\/2014\/12\/andre-frere-editions-logo.png","width":80,"height":79,"caption":"Andr\u00e9 Fr\u00e8re \u00c9ditions"},"image":{"@id":"https:\/\/www.andrefrereditions.com\/en\/#\/schema\/logo\/image\/"}}]}},"_links":{"self":[{"href":"https:\/\/www.andrefrereditions.com\/en\/wp-json\/wp\/v2\/product\/6678","targetHints":{"allow":["GET"]}}],"collection":[{"href":"https:\/\/www.andrefrereditions.com\/en\/wp-json\/wp\/v2\/product"}],"about":[{"href":"https:\/\/www.andrefrereditions.com\/en\/wp-json\/wp\/v2\/types\/product"}],"wp:featuredmedia":[{"embeddable":true,"href":"https:\/\/www.andrefrereditions.com\/en\/wp-json\/wp\/v2\/media\/6503"}],"wp:attachment":[{"href":"https:\/\/www.andrefrereditions.com\/en\/wp-json\/wp\/v2\/media?parent=6678"}],"wp:term":[{"taxonomy":"product_brand","embeddable":true,"href":"https:\/\/www.andrefrereditions.com\/en\/wp-json\/wp\/v2\/product_brand?post=6678"},{"taxonomy":"product_cat","embeddable":true,"href":"https:\/\/www.andrefrereditions.com\/en\/wp-json\/wp\/v2\/product_cat?post=6678"},{"taxonomy":"product_tag","embeddable":true,"href":"https:\/\/www.andrefrereditions.com\/en\/wp-json\/wp\/v2\/product_tag?post=6678"}],"curies":[{"name":"wp","href":"https:\/\/api.w.org\/{rel}","templated":true}]}}