{"id":6819,"date":"2016-03-28T10:18:23","date_gmt":"2016-03-30T17:34:07","guid":{"rendered":"http:\/\/www.andrefrereditions.com\/en\/?post_type=product&#038;p=6819"},"modified":"2025-06-26T11:18:56","modified_gmt":"2025-06-26T09:18:56","slug":"insert-coins-lutz","status":"publish","type":"product","link":"https:\/\/www.andrefrereditions.com\/en\/books\/photography\/insert-coins-lutz\/","title":{"rendered":"Insert Coins"},"content":{"rendered":"<ul class=\"infos-livre\">\n<li>Photographs: Christian Lutz<\/li>\n<li>96 pages<\/li>\n<li>19 x 24 cm<\/li>\n<li>47 colour photographs<\/li>\n<li>Hardcover<\/li>\n<li>ISBN: 979-10-92265-29-3<\/li>\n<li>\u20ac 29,50 \u2013 \u20ac 350<\/li>\n<\/ul>\n<h2>A special edition<\/h2>\n<p>This collection book is sold signed, with a picture signed and numbered.<\/p>\n<p>A choice among two photographs from the book is possible, numbering below from 1 to 2. Only 4 copy of each print is avalaible in a 17 x 21 cm format, for \u20ac 350.<\/p>\n<p><strong>N\u00ba1 <a class=\"in_page_button\" href=\"\/panier\/?add-to-cart=6819&amp;variation_id=12152&amp;attribute_pa_version=special-edition-1&amp;quantity=1\">Add to cart<\/a><\/strong><br \/>\n<img loading=\"lazy\" decoding=\"async\" class=\"alignnone size-full wp-image-7298\" src=\"https:\/\/www.andrefrereditions.com\/wp-content\/uploads\/2016\/12\/insert-coins_christian-lutz_edition-speciale_andre-frere-editions-3.jpg\" alt=\"insert-coins_christian-lutz_edition-speciale_andre-frere-editions-3\" width=\"430\" height=\"346\" srcset=\"https:\/\/www.andrefrereditions.com\/wp-content\/uploads\/2016\/12\/insert-coins_christian-lutz_edition-speciale_andre-frere-editions-3.jpg 430w, https:\/\/www.andrefrereditions.com\/wp-content\/uploads\/2016\/12\/insert-coins_christian-lutz_edition-speciale_andre-frere-editions-3-420x338.jpg 420w, https:\/\/www.andrefrereditions.com\/wp-content\/uploads\/2016\/12\/insert-coins_christian-lutz_edition-speciale_andre-frere-editions-3-300x241.jpg 300w\" sizes=\"auto, (max-width: 430px) 100vw, 430px\" \/><\/p>\n<p><strong>N\u00ba2 <a class=\"in_page_button\" href=\"\/panier\/?add-to-cart=6819&amp;variation_id=12153&amp;attribute_pa_version=special-edition-2&amp;quantity=1\">Add to cart<\/a><\/strong><br \/>\n<img loading=\"lazy\" decoding=\"async\" class=\"alignnone size-full wp-image-6748\" src=\"https:\/\/www.andrefrereditions.com\/wp-content\/uploads\/2016\/03\/insert-coins_christian-lutz_andre-frere-editions-3.jpg\" alt=\"insert-coins_christian-lutz_andre-frere-editions-3\" width=\"430\" height=\"348\" srcset=\"https:\/\/www.andrefrereditions.com\/wp-content\/uploads\/2016\/03\/insert-coins_christian-lutz_andre-frere-editions-3.jpg 430w, https:\/\/www.andrefrereditions.com\/wp-content\/uploads\/2016\/03\/insert-coins_christian-lutz_andre-frere-editions-3-420x340.jpg 420w, https:\/\/www.andrefrereditions.com\/wp-content\/uploads\/2016\/03\/insert-coins_christian-lutz_andre-frere-editions-3-300x243.jpg 300w\" sizes=\"auto, (max-width: 430px) 100vw, 430px\" \/><\/p>\n<h2>The book<\/h2>\n<p><img loading=\"lazy\" decoding=\"async\" class=\"alignnone size-full wp-image-6744\" src=\"https:\/\/www.andrefrereditions.com\/wp-content\/uploads\/2016\/03\/insert-coins_christian-lutz_andre-frere-editions-1.jpg\" alt=\"insert-coins_christian-lutz_andre-frere-editions-1\" width=\"430\" height=\"347\" srcset=\"https:\/\/www.andrefrereditions.com\/wp-content\/uploads\/2016\/03\/insert-coins_christian-lutz_andre-frere-editions-1.jpg 430w, https:\/\/www.andrefrereditions.com\/wp-content\/uploads\/2016\/03\/insert-coins_christian-lutz_andre-frere-editions-1-420x339.jpg 420w, https:\/\/www.andrefrereditions.com\/wp-content\/uploads\/2016\/03\/insert-coins_christian-lutz_andre-frere-editions-1-300x242.jpg 300w\" sizes=\"auto, (max-width: 430px) 100vw, 430px\" \/><\/p>\n<p>In Las Vegas, everything seems possible, indifference above all. &#8220;Insert Coins is a blues&#8221; in the words of the author. Its pace is melancholic and dark, intertwined with a poem that makes the unacceptable watchable, injecting humanity where the die is definitely cast.<\/p>\n<p><img loading=\"lazy\" decoding=\"async\" class=\"alignnone size-full wp-image-6746\" src=\"https:\/\/www.andrefrereditions.com\/wp-content\/uploads\/2016\/03\/insert-coins_christian-lutz_andre-frere-editions-2.jpg\" alt=\"insert-coins_christian-lutz_andre-frere-editions-2\" width=\"430\" height=\"348\" srcset=\"https:\/\/www.andrefrereditions.com\/wp-content\/uploads\/2016\/03\/insert-coins_christian-lutz_andre-frere-editions-2.jpg 430w, https:\/\/www.andrefrereditions.com\/wp-content\/uploads\/2016\/03\/insert-coins_christian-lutz_andre-frere-editions-2-420x340.jpg 420w, https:\/\/www.andrefrereditions.com\/wp-content\/uploads\/2016\/03\/insert-coins_christian-lutz_andre-frere-editions-2-300x243.jpg 300w\" sizes=\"auto, (max-width: 430px) 100vw, 430px\" \/><\/p>\n<p><img loading=\"lazy\" decoding=\"async\" class=\"alignnone size-full wp-image-6748\" src=\"https:\/\/www.andrefrereditions.com\/wp-content\/uploads\/2016\/03\/insert-coins_christian-lutz_andre-frere-editions-3.jpg\" alt=\"insert-coins_christian-lutz_andre-frere-editions-3\" width=\"430\" height=\"348\" srcset=\"https:\/\/www.andrefrereditions.com\/wp-content\/uploads\/2016\/03\/insert-coins_christian-lutz_andre-frere-editions-3.jpg 430w, https:\/\/www.andrefrereditions.com\/wp-content\/uploads\/2016\/03\/insert-coins_christian-lutz_andre-frere-editions-3-420x340.jpg 420w, https:\/\/www.andrefrereditions.com\/wp-content\/uploads\/2016\/03\/insert-coins_christian-lutz_andre-frere-editions-3-300x243.jpg 300w\" sizes=\"auto, (max-width: 430px) 100vw, 430px\" \/><\/p>\n<p>Christian Lutz shows a committed approach, he comments on a political, commercial and religious project. Born in Switzerland in 1973, living in Geneva, he started to follow the tradition of documentary photography before engaging in his own path with a singular distance from reality.<\/p>\n<p><img loading=\"lazy\" decoding=\"async\" class=\"alignnone size-full wp-image-6750\" src=\"https:\/\/www.andrefrereditions.com\/wp-content\/uploads\/2016\/03\/insert-coins_christian-lutz_andre-frere-editions-4.jpg\" alt=\"insert-coins_christian-lutz_andre-frere-editions-4\" width=\"430\" height=\"348\" srcset=\"https:\/\/www.andrefrereditions.com\/wp-content\/uploads\/2016\/03\/insert-coins_christian-lutz_andre-frere-editions-4.jpg 430w, https:\/\/www.andrefrereditions.com\/wp-content\/uploads\/2016\/03\/insert-coins_christian-lutz_andre-frere-editions-4-420x340.jpg 420w, https:\/\/www.andrefrereditions.com\/wp-content\/uploads\/2016\/03\/insert-coins_christian-lutz_andre-frere-editions-4-300x243.jpg 300w\" sizes=\"auto, (max-width: 430px) 100vw, 430px\" \/><\/p>\n<p><img loading=\"lazy\" decoding=\"async\" class=\"alignnone size-full wp-image-6752\" src=\"https:\/\/www.andrefrereditions.com\/wp-content\/uploads\/2016\/03\/insert-coins_christian-lutz_andre-frere-editions-5.jpg\" alt=\"insert-coins_christian-lutz_andre-frere-editions-5\" width=\"430\" height=\"348\" srcset=\"https:\/\/www.andrefrereditions.com\/wp-content\/uploads\/2016\/03\/insert-coins_christian-lutz_andre-frere-editions-5.jpg 430w, https:\/\/www.andrefrereditions.com\/wp-content\/uploads\/2016\/03\/insert-coins_christian-lutz_andre-frere-editions-5-420x340.jpg 420w, https:\/\/www.andrefrereditions.com\/wp-content\/uploads\/2016\/03\/insert-coins_christian-lutz_andre-frere-editions-5-300x243.jpg 300w\" sizes=\"auto, (max-width: 430px) 100vw, 430px\" \/><\/p>\n<p>With Insert Coins, he felt the need to confront the manufacturing of illusion, the very symbol of entertainment made in USA. And take a close look behind the lights of a system of deleterious values.<\/p>\n<p><img loading=\"lazy\" decoding=\"async\" class=\"alignnone size-full wp-image-6754\" src=\"https:\/\/www.andrefrereditions.com\/wp-content\/uploads\/2016\/03\/insert-coins_christian-lutz_andre-frere-editions-6.jpg\" alt=\"insert-coins_christian-lutz_andre-frere-editions-6\" width=\"430\" height=\"348\" srcset=\"https:\/\/www.andrefrereditions.com\/wp-content\/uploads\/2016\/03\/insert-coins_christian-lutz_andre-frere-editions-6.jpg 430w, https:\/\/www.andrefrereditions.com\/wp-content\/uploads\/2016\/03\/insert-coins_christian-lutz_andre-frere-editions-6-420x340.jpg 420w, https:\/\/www.andrefrereditions.com\/wp-content\/uploads\/2016\/03\/insert-coins_christian-lutz_andre-frere-editions-6-300x243.jpg 300w\" sizes=\"auto, (max-width: 430px) 100vw, 430px\" \/><\/p>\n<p><img loading=\"lazy\" decoding=\"async\" class=\"alignnone size-full wp-image-6756\" src=\"https:\/\/www.andrefrereditions.com\/wp-content\/uploads\/2016\/03\/insert-coins_christian-lutz_andre-frere-editions-7.jpg\" alt=\"insert-coins_christian-lutz_andre-frere-editions-7\" width=\"430\" height=\"348\" srcset=\"https:\/\/www.andrefrereditions.com\/wp-content\/uploads\/2016\/03\/insert-coins_christian-lutz_andre-frere-editions-7.jpg 430w, https:\/\/www.andrefrereditions.com\/wp-content\/uploads\/2016\/03\/insert-coins_christian-lutz_andre-frere-editions-7-420x340.jpg 420w, https:\/\/www.andrefrereditions.com\/wp-content\/uploads\/2016\/03\/insert-coins_christian-lutz_andre-frere-editions-7-300x243.jpg 300w\" sizes=\"auto, (max-width: 430px) 100vw, 430px\" \/><\/p>\n","protected":false},"excerpt":{"rendered":"<p>Photographs: Christian Lutz 96 pages 19 x 24 cm 47 colour photographs Hardcover ISBN: 979-10-92265-29-3 \u20ac 29,50 \u2013 \u20ac 350 A special edition This collection book is sold signed, with a picture signed and numbered. A choice among two photographs from the book is possible, numbering below from 1 to 2. Only 4 copy of [&hellip;]<\/p>\n","protected":false},"featured_media":6785,"template":"","meta":[],"product_brand":[],"product_cat":[37],"product_tag":[],"class_list":{"0":"post-6819","1":"product","2":"type-product","3":"status-publish","4":"has-post-thumbnail","6":"product_cat-photography","7":"product_shipping_class-c3-en","9":"first","10":"instock","11":"shipping-taxable","12":"purchasable","13":"product-type-variable"},"yoast_head":"<!-- This site is optimized with the Yoast SEO plugin v27.5 - https:\/\/yoast.com\/product\/yoast-seo-wordpress\/ -->\n<title>Insert Coins | Andr\u00e9 Fr\u00e8re \u00c9ditions<\/title>\n<meta name=\"description\" content=\"Insert Coins par Christian Lutz dans la cat\u00e9gorie Photography. Publi\u00e9 par Andr\u00e9 Fr\u00e8re \u00c9ditions.\" \/>\n<meta name=\"robots\" content=\"index, follow, max-snippet:-1, max-image-preview:large, max-video-preview:-1\" \/>\n<link rel=\"canonical\" href=\"https:\/\/www.andrefrereditions.com\/en\/books\/photography\/insert-coins-lutz\/\" \/>\n<meta property=\"og:locale\" content=\"en_US\" \/>\n<meta property=\"og:type\" content=\"article\" \/>\n<meta property=\"og:title\" content=\"Insert Coins | Andr\u00e9 Fr\u00e8re \u00c9ditions\" \/>\n<meta property=\"og:description\" content=\"Insert Coins par Christian Lutz dans la cat\u00e9gorie Photography. Publi\u00e9 par Andr\u00e9 Fr\u00e8re \u00c9ditions.\" \/>\n<meta property=\"og:url\" content=\"https:\/\/www.andrefrereditions.com\/en\/books\/photography\/insert-coins-lutz\/\" \/>\n<meta property=\"og:site_name\" content=\"Andr\u00e9 Fr\u00e8re \u00c9ditions\" \/>\n<meta property=\"article:modified_time\" content=\"2025-06-26T09:18:56+00:00\" \/>\n<meta property=\"og:image\" content=\"https:\/\/www.andrefrereditions.com\/wp-content\/uploads\/2016\/03\/insert-coins_christian-lutz_andre-frere-editions_couverture.jpg\" \/>\n\t<meta property=\"og:image:width\" content=\"334\" \/>\n\t<meta property=\"og:image:height\" content=\"420\" \/>\n\t<meta property=\"og:image:type\" content=\"image\/jpeg\" \/>\n<meta name=\"twitter:label1\" content=\"Est. reading time\" \/>\n\t<meta name=\"twitter:data1\" content=\"3 minutes\" \/>\n<script type=\"application\/ld+json\" class=\"yoast-schema-graph\">{\"@context\":\"https:\\\/\\\/schema.org\",\"@graph\":[{\"@type\":\"WebPage\",\"@id\":\"https:\\\/\\\/www.andrefrereditions.com\\\/en\\\/books\\\/photography\\\/insert-coins-lutz\\\/\",\"url\":\"https:\\\/\\\/www.andrefrereditions.com\\\/en\\\/books\\\/photography\\\/insert-coins-lutz\\\/\",\"name\":\"Insert Coins | Andr\u00e9 Fr\u00e8re \u00c9ditions\",\"isPartOf\":{\"@id\":\"https:\\\/\\\/www.andrefrereditions.com\\\/en\\\/#website\"},\"primaryImageOfPage\":{\"@id\":\"https:\\\/\\\/www.andrefrereditions.com\\\/en\\\/books\\\/photography\\\/insert-coins-lutz\\\/#primaryimage\"},\"image\":{\"@id\":\"https:\\\/\\\/www.andrefrereditions.com\\\/en\\\/books\\\/photography\\\/insert-coins-lutz\\\/#primaryimage\"},\"thumbnailUrl\":\"https:\\\/\\\/www.andrefrereditions.com\\\/wp-content\\\/uploads\\\/2016\\\/03\\\/insert-coins_christian-lutz_andre-frere-editions_couverture.jpg\",\"datePublished\":\"2016-03-30T17:34:07+00:00\",\"dateModified\":\"2025-06-26T09:18:56+00:00\",\"description\":\"Insert Coins par Christian Lutz dans la cat\u00e9gorie Photography. Publi\u00e9 par Andr\u00e9 Fr\u00e8re \u00c9ditions.\",\"breadcrumb\":{\"@id\":\"https:\\\/\\\/www.andrefrereditions.com\\\/en\\\/books\\\/photography\\\/insert-coins-lutz\\\/#breadcrumb\"},\"inLanguage\":\"en-US\",\"potentialAction\":[{\"@type\":\"ReadAction\",\"target\":[\"https:\\\/\\\/www.andrefrereditions.com\\\/en\\\/books\\\/photography\\\/insert-coins-lutz\\\/\"]}]},{\"@type\":\"ImageObject\",\"inLanguage\":\"en-US\",\"@id\":\"https:\\\/\\\/www.andrefrereditions.com\\\/en\\\/books\\\/photography\\\/insert-coins-lutz\\\/#primaryimage\",\"url\":\"https:\\\/\\\/www.andrefrereditions.com\\\/wp-content\\\/uploads\\\/2016\\\/03\\\/insert-coins_christian-lutz_andre-frere-editions_couverture.jpg\",\"contentUrl\":\"https:\\\/\\\/www.andrefrereditions.com\\\/wp-content\\\/uploads\\\/2016\\\/03\\\/insert-coins_christian-lutz_andre-frere-editions_couverture.jpg\",\"width\":334,\"height\":420},{\"@type\":\"BreadcrumbList\",\"@id\":\"https:\\\/\\\/www.andrefrereditions.com\\\/en\\\/books\\\/photography\\\/insert-coins-lutz\\\/#breadcrumb\",\"itemListElement\":[{\"@type\":\"ListItem\",\"position\":1,\"name\":\"Home\",\"item\":\"https:\\\/\\\/www.andrefrereditions.com\\\/en\\\/\"},{\"@type\":\"ListItem\",\"position\":2,\"name\":\"Books\",\"item\":\"https:\\\/\\\/www.andrefrereditions.com\\\/en\\\/books\\\/\"},{\"@type\":\"ListItem\",\"position\":3,\"name\":\"Insert Coins\"}]},{\"@type\":\"WebSite\",\"@id\":\"https:\\\/\\\/www.andrefrereditions.com\\\/en\\\/#website\",\"url\":\"https:\\\/\\\/www.andrefrereditions.com\\\/en\\\/\",\"name\":\"Andr\u00e9 Fr\u00e8re \u00c9ditions\",\"description\":\"\u00c9dition ind\u00e9pendante de photographie et d\u2019art\",\"publisher\":{\"@id\":\"https:\\\/\\\/www.andrefrereditions.com\\\/en\\\/#organization\"},\"potentialAction\":[{\"@type\":\"SearchAction\",\"target\":{\"@type\":\"EntryPoint\",\"urlTemplate\":\"https:\\\/\\\/www.andrefrereditions.com\\\/en\\\/?s={search_term_string}\"},\"query-input\":{\"@type\":\"PropertyValueSpecification\",\"valueRequired\":true,\"valueName\":\"search_term_string\"}}],\"inLanguage\":\"en-US\"},{\"@type\":\"Organization\",\"@id\":\"https:\\\/\\\/www.andrefrereditions.com\\\/en\\\/#organization\",\"name\":\"Andr\u00e9 Fr\u00e8re \u00c9ditions\",\"url\":\"https:\\\/\\\/www.andrefrereditions.com\\\/en\\\/\",\"logo\":{\"@type\":\"ImageObject\",\"inLanguage\":\"en-US\",\"@id\":\"https:\\\/\\\/www.andrefrereditions.com\\\/en\\\/#\\\/schema\\\/logo\\\/image\\\/\",\"url\":\"https:\\\/\\\/www.andrefrereditions.com\\\/wp-content\\\/uploads\\\/2014\\\/12\\\/andre-frere-editions-logo.png\",\"contentUrl\":\"https:\\\/\\\/www.andrefrereditions.com\\\/wp-content\\\/uploads\\\/2014\\\/12\\\/andre-frere-editions-logo.png\",\"width\":80,\"height\":79,\"caption\":\"Andr\u00e9 Fr\u00e8re \u00c9ditions\"},\"image\":{\"@id\":\"https:\\\/\\\/www.andrefrereditions.com\\\/en\\\/#\\\/schema\\\/logo\\\/image\\\/\"}}]}<\/script>\n<!-- \/ Yoast SEO plugin. -->","yoast_head_json":{"title":"Insert Coins | Andr\u00e9 Fr\u00e8re \u00c9ditions","description":"Insert Coins par Christian Lutz dans la cat\u00e9gorie Photography. Publi\u00e9 par Andr\u00e9 Fr\u00e8re \u00c9ditions.","robots":{"index":"index","follow":"follow","max-snippet":"max-snippet:-1","max-image-preview":"max-image-preview:large","max-video-preview":"max-video-preview:-1"},"canonical":"https:\/\/www.andrefrereditions.com\/en\/books\/photography\/insert-coins-lutz\/","og_locale":"en_US","og_type":"article","og_title":"Insert Coins | Andr\u00e9 Fr\u00e8re \u00c9ditions","og_description":"Insert Coins par Christian Lutz dans la cat\u00e9gorie Photography. Publi\u00e9 par Andr\u00e9 Fr\u00e8re \u00c9ditions.","og_url":"https:\/\/www.andrefrereditions.com\/en\/books\/photography\/insert-coins-lutz\/","og_site_name":"Andr\u00e9 Fr\u00e8re \u00c9ditions","article_modified_time":"2025-06-26T09:18:56+00:00","og_image":[{"width":334,"height":420,"url":"https:\/\/www.andrefrereditions.com\/wp-content\/uploads\/2016\/03\/insert-coins_christian-lutz_andre-frere-editions_couverture.jpg","type":"image\/jpeg"}],"twitter_misc":{"Est. reading time":"3 minutes"},"schema":{"@context":"https:\/\/schema.org","@graph":[{"@type":"WebPage","@id":"https:\/\/www.andrefrereditions.com\/en\/books\/photography\/insert-coins-lutz\/","url":"https:\/\/www.andrefrereditions.com\/en\/books\/photography\/insert-coins-lutz\/","name":"Insert Coins | Andr\u00e9 Fr\u00e8re \u00c9ditions","isPartOf":{"@id":"https:\/\/www.andrefrereditions.com\/en\/#website"},"primaryImageOfPage":{"@id":"https:\/\/www.andrefrereditions.com\/en\/books\/photography\/insert-coins-lutz\/#primaryimage"},"image":{"@id":"https:\/\/www.andrefrereditions.com\/en\/books\/photography\/insert-coins-lutz\/#primaryimage"},"thumbnailUrl":"https:\/\/www.andrefrereditions.com\/wp-content\/uploads\/2016\/03\/insert-coins_christian-lutz_andre-frere-editions_couverture.jpg","datePublished":"2016-03-30T17:34:07+00:00","dateModified":"2025-06-26T09:18:56+00:00","description":"Insert Coins par Christian Lutz dans la cat\u00e9gorie Photography. Publi\u00e9 par Andr\u00e9 Fr\u00e8re \u00c9ditions.","breadcrumb":{"@id":"https:\/\/www.andrefrereditions.com\/en\/books\/photography\/insert-coins-lutz\/#breadcrumb"},"inLanguage":"en-US","potentialAction":[{"@type":"ReadAction","target":["https:\/\/www.andrefrereditions.com\/en\/books\/photography\/insert-coins-lutz\/"]}]},{"@type":"ImageObject","inLanguage":"en-US","@id":"https:\/\/www.andrefrereditions.com\/en\/books\/photography\/insert-coins-lutz\/#primaryimage","url":"https:\/\/www.andrefrereditions.com\/wp-content\/uploads\/2016\/03\/insert-coins_christian-lutz_andre-frere-editions_couverture.jpg","contentUrl":"https:\/\/www.andrefrereditions.com\/wp-content\/uploads\/2016\/03\/insert-coins_christian-lutz_andre-frere-editions_couverture.jpg","width":334,"height":420},{"@type":"BreadcrumbList","@id":"https:\/\/www.andrefrereditions.com\/en\/books\/photography\/insert-coins-lutz\/#breadcrumb","itemListElement":[{"@type":"ListItem","position":1,"name":"Home","item":"https:\/\/www.andrefrereditions.com\/en\/"},{"@type":"ListItem","position":2,"name":"Books","item":"https:\/\/www.andrefrereditions.com\/en\/books\/"},{"@type":"ListItem","position":3,"name":"Insert Coins"}]},{"@type":"WebSite","@id":"https:\/\/www.andrefrereditions.com\/en\/#website","url":"https:\/\/www.andrefrereditions.com\/en\/","name":"Andr\u00e9 Fr\u00e8re \u00c9ditions","description":"\u00c9dition ind\u00e9pendante de photographie et d\u2019art","publisher":{"@id":"https:\/\/www.andrefrereditions.com\/en\/#organization"},"potentialAction":[{"@type":"SearchAction","target":{"@type":"EntryPoint","urlTemplate":"https:\/\/www.andrefrereditions.com\/en\/?s={search_term_string}"},"query-input":{"@type":"PropertyValueSpecification","valueRequired":true,"valueName":"search_term_string"}}],"inLanguage":"en-US"},{"@type":"Organization","@id":"https:\/\/www.andrefrereditions.com\/en\/#organization","name":"Andr\u00e9 Fr\u00e8re \u00c9ditions","url":"https:\/\/www.andrefrereditions.com\/en\/","logo":{"@type":"ImageObject","inLanguage":"en-US","@id":"https:\/\/www.andrefrereditions.com\/en\/#\/schema\/logo\/image\/","url":"https:\/\/www.andrefrereditions.com\/wp-content\/uploads\/2014\/12\/andre-frere-editions-logo.png","contentUrl":"https:\/\/www.andrefrereditions.com\/wp-content\/uploads\/2014\/12\/andre-frere-editions-logo.png","width":80,"height":79,"caption":"Andr\u00e9 Fr\u00e8re \u00c9ditions"},"image":{"@id":"https:\/\/www.andrefrereditions.com\/en\/#\/schema\/logo\/image\/"}}]}},"_links":{"self":[{"href":"https:\/\/www.andrefrereditions.com\/en\/wp-json\/wp\/v2\/product\/6819","targetHints":{"allow":["GET"]}}],"collection":[{"href":"https:\/\/www.andrefrereditions.com\/en\/wp-json\/wp\/v2\/product"}],"about":[{"href":"https:\/\/www.andrefrereditions.com\/en\/wp-json\/wp\/v2\/types\/product"}],"wp:featuredmedia":[{"embeddable":true,"href":"https:\/\/www.andrefrereditions.com\/en\/wp-json\/wp\/v2\/media\/6785"}],"wp:attachment":[{"href":"https:\/\/www.andrefrereditions.com\/en\/wp-json\/wp\/v2\/media?parent=6819"}],"wp:term":[{"taxonomy":"product_brand","embeddable":true,"href":"https:\/\/www.andrefrereditions.com\/en\/wp-json\/wp\/v2\/product_brand?post=6819"},{"taxonomy":"product_cat","embeddable":true,"href":"https:\/\/www.andrefrereditions.com\/en\/wp-json\/wp\/v2\/product_cat?post=6819"},{"taxonomy":"product_tag","embeddable":true,"href":"https:\/\/www.andrefrereditions.com\/en\/wp-json\/wp\/v2\/product_tag?post=6819"}],"curies":[{"name":"wp","href":"https:\/\/api.w.org\/{rel}","templated":true}]}}