{"id":7085,"date":"2016-09-21T20:26:39","date_gmt":"2016-09-26T16:42:33","guid":{"rendered":"http:\/\/www.andrefrereditions.com\/en\/?post_type=product&#038;p=7085"},"modified":"2025-06-26T11:14:48","modified_gmt":"2025-06-26T09:14:48","slug":"last-water-war-ruins-of-a-future","status":"publish","type":"product","link":"https:\/\/www.andrefrereditions.com\/en\/books\/photography\/last-water-war-ruins-of-a-future\/","title":{"rendered":"Last Water War, Ruins of a future"},"content":{"rendered":"<ul class=\"infos-livre\">\n<li>Sleeve \/ band 16.5\u00a0x\u00a022\u00a0cm, including 4 maps &#8211; size opened\u00a0 60\u00a0x\u00a080\u00a0cm<\/li>\n<li>35 colour pictures<\/li>\n<li>Softcover<\/li>\n<li>French \/ English \/ Arab<\/li>\n<li>ISBN\u00a0: 979-10-92265-48-4<\/li>\n<li>\u20ac 25<\/li>\n<li>Jack Lang (former Franch culture Minister)<\/li>\n<li>15 october 2016<\/li>\n<\/ul>\n<p><img loading=\"lazy\" decoding=\"async\" class=\"alignnone size-full wp-image-7077\" src=\"https:\/\/www.andrefrereditions.com\/wp-content\/uploads\/2016\/09\/emeric-lhuisset-last-water-war-3-1.jpg\" alt=\"emeric-lhuisset-last-water-war-3\" width=\"430\" height=\"326\" srcset=\"https:\/\/www.andrefrereditions.com\/wp-content\/uploads\/2016\/09\/emeric-lhuisset-last-water-war-3-1.jpg 430w, https:\/\/www.andrefrereditions.com\/wp-content\/uploads\/2016\/09\/emeric-lhuisset-last-water-war-3-1-420x318.jpg 420w, https:\/\/www.andrefrereditions.com\/wp-content\/uploads\/2016\/09\/emeric-lhuisset-last-water-war-3-1-300x227.jpg 300w\" sizes=\"auto, (max-width: 430px) 100vw, 430px\" \/><\/p>\n<p>The book has been conceptualised as an art object but also as an object of scientific research. It is divided into four parts:<br \/>\nGeopolitical approach: Allan Kaval<br \/>\nClimatic approach: Julia Marton-Lef\u00e8vre, Sarah Hassan<br \/>\n-> Focus on South Iraq: Sarah Hassan<br \/>\nHistorical Approach: Dr Ariane Thomas<br \/>\nCritical view: Philippe Dagen<\/p>\n<p>Since men cultivate the land, rivalries over water are a source of disputes. This concept is expressed directly in the English language, &#8220;rivalry&#8221; from the Latin <em>rivalis<\/em>, means &#8220;the one who uses the same river as the other.&#8221;<\/p>\n<p><img loading=\"lazy\" decoding=\"async\" class=\"alignnone size-full wp-image-7063\" src=\"https:\/\/www.andrefrereditions.com\/wp-content\/uploads\/2016\/09\/emeric-lhuisset-last-water-war-1.jpg\" alt=\"\" width=\"430\" height=\"319\" srcset=\"https:\/\/www.andrefrereditions.com\/wp-content\/uploads\/2016\/09\/emeric-lhuisset-last-water-war-1.jpg 430w, https:\/\/www.andrefrereditions.com\/wp-content\/uploads\/2016\/09\/emeric-lhuisset-last-water-war-1-420x312.jpg 420w, https:\/\/www.andrefrereditions.com\/wp-content\/uploads\/2016\/09\/emeric-lhuisset-last-water-war-1-300x223.jpg 300w\" sizes=\"auto, (max-width: 430px) 100vw, 430px\" \/><\/p>\n<p>It was around 2600 BC in Mesopotamia (now Iraq) that took place the first known water war. The city-states of Umma and of Lagash (including Girsu its religious capital) fought for centuries over the exploitation of irrigation canals fed by the Tigris.<\/p>\n<p><img loading=\"lazy\" decoding=\"async\" class=\"alignnone size-full wp-image-7065\" src=\"https:\/\/www.andrefrereditions.com\/wp-content\/uploads\/2016\/09\/emeric-lhuisset-last-water-war-4.jpg\" alt=\"\" width=\"430\" height=\"323\" srcset=\"https:\/\/www.andrefrereditions.com\/wp-content\/uploads\/2016\/09\/emeric-lhuisset-last-water-war-4.jpg 430w, https:\/\/www.andrefrereditions.com\/wp-content\/uploads\/2016\/09\/emeric-lhuisset-last-water-war-4-420x315.jpg 420w, https:\/\/www.andrefrereditions.com\/wp-content\/uploads\/2016\/09\/emeric-lhuisset-last-water-war-4-300x225.jpg 300w\" sizes=\"auto, (max-width: 430px) 100vw, 430px\" \/><\/p>\n<p>Power games between regional powers, the civil war in Syria, the presence of the Islamic State, which has made of control of dams a strategic objective, the control exerted upstream by Turkey on the flow of the Tigris and the Euphrates are all factors of instability and tension. Coupled with high population growth, the increasing scarcity of water resources in the region and global warming, they feed fears that a &#8220;new water war&#8221; would break out on the scene of the destruction of the ancient city of Girsu, which marked the end in 2350 BC of 300 years of water war.<\/p>\n<p><img loading=\"lazy\" decoding=\"async\" class=\"alignnone size-full wp-image-7067\" src=\"https:\/\/www.andrefrereditions.com\/wp-content\/uploads\/2016\/09\/emeric-lhuisset-last-water-war-7.jpg\" alt=\"\" width=\"430\" height=\"323\" srcset=\"https:\/\/www.andrefrereditions.com\/wp-content\/uploads\/2016\/09\/emeric-lhuisset-last-water-war-7.jpg 430w, https:\/\/www.andrefrereditions.com\/wp-content\/uploads\/2016\/09\/emeric-lhuisset-last-water-war-7-420x315.jpg 420w, https:\/\/www.andrefrereditions.com\/wp-content\/uploads\/2016\/09\/emeric-lhuisset-last-water-war-7-300x225.jpg 300w\" sizes=\"auto, (max-width: 430px) 100vw, 430px\" \/><\/p>\n<p>With a series of photographs taken in Iraq on the archaeological site of Girsu, the artist Emeric Lhuisset is aiming to question us about a future through the ruin, this architectural object sculpted by time, at crossroads between past, present and future, and intangible evidence of the ephemeral and fragile nature of all human civilization.<\/p>\n<p><img loading=\"lazy\" decoding=\"async\" class=\"alignnone size-full wp-image-7069\" src=\"https:\/\/www.andrefrereditions.com\/wp-content\/uploads\/2016\/09\/emeric-lhuisset-last-water-war-9.jpg\" alt=\"\" width=\"430\" height=\"285\" srcset=\"https:\/\/www.andrefrereditions.com\/wp-content\/uploads\/2016\/09\/emeric-lhuisset-last-water-war-9.jpg 430w, https:\/\/www.andrefrereditions.com\/wp-content\/uploads\/2016\/09\/emeric-lhuisset-last-water-war-9-420x278.jpg 420w, https:\/\/www.andrefrereditions.com\/wp-content\/uploads\/2016\/09\/emeric-lhuisset-last-water-war-9-300x199.jpg 300w\" sizes=\"auto, (max-width: 430px) 100vw, 430px\" \/><\/p>\n<p><img loading=\"lazy\" decoding=\"async\" class=\"alignnone size-full wp-image-7071\" src=\"https:\/\/www.andrefrereditions.com\/wp-content\/uploads\/2016\/09\/emeric-lhuisset-last-water-war-93.jpg\" alt=\"\" width=\"430\" height=\"284\" srcset=\"https:\/\/www.andrefrereditions.com\/wp-content\/uploads\/2016\/09\/emeric-lhuisset-last-water-war-93.jpg 430w, https:\/\/www.andrefrereditions.com\/wp-content\/uploads\/2016\/09\/emeric-lhuisset-last-water-war-93-420x277.jpg 420w, https:\/\/www.andrefrereditions.com\/wp-content\/uploads\/2016\/09\/emeric-lhuisset-last-water-war-93-300x198.jpg 300w\" sizes=\"auto, (max-width: 430px) 100vw, 430px\" \/><\/p>\n","protected":false},"excerpt":{"rendered":"<p>Sleeve \/ band 16.5\u00a0x\u00a022\u00a0cm, including 4 maps &#8211; size opened\u00a0 60\u00a0x\u00a080\u00a0cm 35 colour pictures Softcover French \/ English \/ Arab ISBN\u00a0: 979-10-92265-48-4 \u20ac 25 Jack Lang (former Franch culture Minister) 15 october 2016 The book has been conceptualised as an art object but also as an object of scientific research. It is divided into four [&hellip;]<\/p>\n","protected":false},"featured_media":7080,"template":"","meta":[],"product_brand":[],"product_cat":[37],"product_tag":[],"class_list":{"0":"post-7085","1":"product","2":"type-product","3":"status-publish","4":"has-post-thumbnail","6":"product_cat-photography","7":"product_shipping_class-c2-en","9":"first","10":"instock","11":"shipping-taxable","12":"purchasable","13":"product-type-simple"},"yoast_head":"<!-- This site is optimized with the Yoast SEO plugin v27.3 - https:\/\/yoast.com\/product\/yoast-seo-wordpress\/ -->\n<title>Last Water War, Ruins of a future | Andr\u00e9 Fr\u00e8re \u00c9ditions<\/title>\n<meta name=\"description\" content=\"Last Water War, Ruins of a future par \u00c9meric Lhuisset dans la cat\u00e9gorie Photography. Publi\u00e9 par Andr\u00e9 Fr\u00e8re \u00c9ditions.\" \/>\n<meta name=\"robots\" content=\"index, follow, max-snippet:-1, max-image-preview:large, max-video-preview:-1\" \/>\n<link rel=\"canonical\" href=\"https:\/\/www.andrefrereditions.com\/en\/books\/photography\/last-water-war-ruins-of-a-future\/\" \/>\n<meta property=\"og:locale\" content=\"en_US\" \/>\n<meta property=\"og:type\" content=\"article\" \/>\n<meta property=\"og:title\" content=\"Last Water War, Ruins of a future | Andr\u00e9 Fr\u00e8re \u00c9ditions\" \/>\n<meta property=\"og:description\" content=\"Last Water War, Ruins of a future par \u00c9meric Lhuisset dans la cat\u00e9gorie Photography. Publi\u00e9 par Andr\u00e9 Fr\u00e8re \u00c9ditions.\" \/>\n<meta property=\"og:url\" content=\"https:\/\/www.andrefrereditions.com\/en\/books\/photography\/last-water-war-ruins-of-a-future\/\" \/>\n<meta property=\"og:site_name\" content=\"Andr\u00e9 Fr\u00e8re \u00c9ditions\" \/>\n<meta property=\"article:modified_time\" content=\"2025-06-26T09:14:48+00:00\" \/>\n<meta property=\"og:image\" content=\"https:\/\/www.andrefrereditions.com\/wp-content\/uploads\/2016\/09\/emeric-lhuisset-last-water-war-andre-frere-editions-1.png\" \/>\n\t<meta property=\"og:image:width\" content=\"200\" \/>\n\t<meta property=\"og:image:height\" content=\"420\" \/>\n\t<meta property=\"og:image:type\" content=\"image\/png\" \/>\n<meta name=\"twitter:label1\" content=\"Est. reading time\" \/>\n\t<meta name=\"twitter:data1\" content=\"2 minutes\" \/>\n<script type=\"application\/ld+json\" class=\"yoast-schema-graph\">{\"@context\":\"https:\\\/\\\/schema.org\",\"@graph\":[{\"@type\":\"WebPage\",\"@id\":\"https:\\\/\\\/www.andrefrereditions.com\\\/en\\\/books\\\/photography\\\/last-water-war-ruins-of-a-future\\\/\",\"url\":\"https:\\\/\\\/www.andrefrereditions.com\\\/en\\\/books\\\/photography\\\/last-water-war-ruins-of-a-future\\\/\",\"name\":\"Last Water War, Ruins of a future | Andr\u00e9 Fr\u00e8re \u00c9ditions\",\"isPartOf\":{\"@id\":\"https:\\\/\\\/www.andrefrereditions.com\\\/en\\\/#website\"},\"primaryImageOfPage\":{\"@id\":\"https:\\\/\\\/www.andrefrereditions.com\\\/en\\\/books\\\/photography\\\/last-water-war-ruins-of-a-future\\\/#primaryimage\"},\"image\":{\"@id\":\"https:\\\/\\\/www.andrefrereditions.com\\\/en\\\/books\\\/photography\\\/last-water-war-ruins-of-a-future\\\/#primaryimage\"},\"thumbnailUrl\":\"https:\\\/\\\/www.andrefrereditions.com\\\/wp-content\\\/uploads\\\/2016\\\/09\\\/emeric-lhuisset-last-water-war-andre-frere-editions-1.png\",\"datePublished\":\"2016-09-26T16:42:33+00:00\",\"dateModified\":\"2025-06-26T09:14:48+00:00\",\"description\":\"Last Water War, Ruins of a future par \u00c9meric Lhuisset dans la cat\u00e9gorie Photography. Publi\u00e9 par Andr\u00e9 Fr\u00e8re \u00c9ditions.\",\"breadcrumb\":{\"@id\":\"https:\\\/\\\/www.andrefrereditions.com\\\/en\\\/books\\\/photography\\\/last-water-war-ruins-of-a-future\\\/#breadcrumb\"},\"inLanguage\":\"en-US\",\"potentialAction\":[{\"@type\":\"ReadAction\",\"target\":[\"https:\\\/\\\/www.andrefrereditions.com\\\/en\\\/books\\\/photography\\\/last-water-war-ruins-of-a-future\\\/\"]}]},{\"@type\":\"ImageObject\",\"inLanguage\":\"en-US\",\"@id\":\"https:\\\/\\\/www.andrefrereditions.com\\\/en\\\/books\\\/photography\\\/last-water-war-ruins-of-a-future\\\/#primaryimage\",\"url\":\"https:\\\/\\\/www.andrefrereditions.com\\\/wp-content\\\/uploads\\\/2016\\\/09\\\/emeric-lhuisset-last-water-war-andre-frere-editions-1.png\",\"contentUrl\":\"https:\\\/\\\/www.andrefrereditions.com\\\/wp-content\\\/uploads\\\/2016\\\/09\\\/emeric-lhuisset-last-water-war-andre-frere-editions-1.png\",\"width\":200,\"height\":420},{\"@type\":\"BreadcrumbList\",\"@id\":\"https:\\\/\\\/www.andrefrereditions.com\\\/en\\\/books\\\/photography\\\/last-water-war-ruins-of-a-future\\\/#breadcrumb\",\"itemListElement\":[{\"@type\":\"ListItem\",\"position\":1,\"name\":\"Home\",\"item\":\"https:\\\/\\\/www.andrefrereditions.com\\\/en\\\/\"},{\"@type\":\"ListItem\",\"position\":2,\"name\":\"Books\",\"item\":\"https:\\\/\\\/www.andrefrereditions.com\\\/en\\\/books\\\/\"},{\"@type\":\"ListItem\",\"position\":3,\"name\":\"Last Water War, Ruins of a future\"}]},{\"@type\":\"WebSite\",\"@id\":\"https:\\\/\\\/www.andrefrereditions.com\\\/en\\\/#website\",\"url\":\"https:\\\/\\\/www.andrefrereditions.com\\\/en\\\/\",\"name\":\"Andr\u00e9 Fr\u00e8re \u00c9ditions\",\"description\":\"\u00c9dition ind\u00e9pendante de photographie et d\u2019art\",\"publisher\":{\"@id\":\"https:\\\/\\\/www.andrefrereditions.com\\\/en\\\/#organization\"},\"potentialAction\":[{\"@type\":\"SearchAction\",\"target\":{\"@type\":\"EntryPoint\",\"urlTemplate\":\"https:\\\/\\\/www.andrefrereditions.com\\\/en\\\/?s={search_term_string}\"},\"query-input\":{\"@type\":\"PropertyValueSpecification\",\"valueRequired\":true,\"valueName\":\"search_term_string\"}}],\"inLanguage\":\"en-US\"},{\"@type\":\"Organization\",\"@id\":\"https:\\\/\\\/www.andrefrereditions.com\\\/en\\\/#organization\",\"name\":\"Andr\u00e9 Fr\u00e8re \u00c9ditions\",\"url\":\"https:\\\/\\\/www.andrefrereditions.com\\\/en\\\/\",\"logo\":{\"@type\":\"ImageObject\",\"inLanguage\":\"en-US\",\"@id\":\"https:\\\/\\\/www.andrefrereditions.com\\\/en\\\/#\\\/schema\\\/logo\\\/image\\\/\",\"url\":\"https:\\\/\\\/www.andrefrereditions.com\\\/wp-content\\\/uploads\\\/2014\\\/12\\\/andre-frere-editions-logo.png\",\"contentUrl\":\"https:\\\/\\\/www.andrefrereditions.com\\\/wp-content\\\/uploads\\\/2014\\\/12\\\/andre-frere-editions-logo.png\",\"width\":80,\"height\":79,\"caption\":\"Andr\u00e9 Fr\u00e8re \u00c9ditions\"},\"image\":{\"@id\":\"https:\\\/\\\/www.andrefrereditions.com\\\/en\\\/#\\\/schema\\\/logo\\\/image\\\/\"}}]}<\/script>\n<!-- \/ Yoast SEO plugin. -->","yoast_head_json":{"title":"Last Water War, Ruins of a future | Andr\u00e9 Fr\u00e8re \u00c9ditions","description":"Last Water War, Ruins of a future par \u00c9meric Lhuisset dans la cat\u00e9gorie Photography. Publi\u00e9 par Andr\u00e9 Fr\u00e8re \u00c9ditions.","robots":{"index":"index","follow":"follow","max-snippet":"max-snippet:-1","max-image-preview":"max-image-preview:large","max-video-preview":"max-video-preview:-1"},"canonical":"https:\/\/www.andrefrereditions.com\/en\/books\/photography\/last-water-war-ruins-of-a-future\/","og_locale":"en_US","og_type":"article","og_title":"Last Water War, Ruins of a future | Andr\u00e9 Fr\u00e8re \u00c9ditions","og_description":"Last Water War, Ruins of a future par \u00c9meric Lhuisset dans la cat\u00e9gorie Photography. Publi\u00e9 par Andr\u00e9 Fr\u00e8re \u00c9ditions.","og_url":"https:\/\/www.andrefrereditions.com\/en\/books\/photography\/last-water-war-ruins-of-a-future\/","og_site_name":"Andr\u00e9 Fr\u00e8re \u00c9ditions","article_modified_time":"2025-06-26T09:14:48+00:00","og_image":[{"width":200,"height":420,"url":"https:\/\/www.andrefrereditions.com\/wp-content\/uploads\/2016\/09\/emeric-lhuisset-last-water-war-andre-frere-editions-1.png","type":"image\/png"}],"twitter_misc":{"Est. reading time":"2 minutes"},"schema":{"@context":"https:\/\/schema.org","@graph":[{"@type":"WebPage","@id":"https:\/\/www.andrefrereditions.com\/en\/books\/photography\/last-water-war-ruins-of-a-future\/","url":"https:\/\/www.andrefrereditions.com\/en\/books\/photography\/last-water-war-ruins-of-a-future\/","name":"Last Water War, Ruins of a future | Andr\u00e9 Fr\u00e8re \u00c9ditions","isPartOf":{"@id":"https:\/\/www.andrefrereditions.com\/en\/#website"},"primaryImageOfPage":{"@id":"https:\/\/www.andrefrereditions.com\/en\/books\/photography\/last-water-war-ruins-of-a-future\/#primaryimage"},"image":{"@id":"https:\/\/www.andrefrereditions.com\/en\/books\/photography\/last-water-war-ruins-of-a-future\/#primaryimage"},"thumbnailUrl":"https:\/\/www.andrefrereditions.com\/wp-content\/uploads\/2016\/09\/emeric-lhuisset-last-water-war-andre-frere-editions-1.png","datePublished":"2016-09-26T16:42:33+00:00","dateModified":"2025-06-26T09:14:48+00:00","description":"Last Water War, Ruins of a future par \u00c9meric Lhuisset dans la cat\u00e9gorie Photography. Publi\u00e9 par Andr\u00e9 Fr\u00e8re \u00c9ditions.","breadcrumb":{"@id":"https:\/\/www.andrefrereditions.com\/en\/books\/photography\/last-water-war-ruins-of-a-future\/#breadcrumb"},"inLanguage":"en-US","potentialAction":[{"@type":"ReadAction","target":["https:\/\/www.andrefrereditions.com\/en\/books\/photography\/last-water-war-ruins-of-a-future\/"]}]},{"@type":"ImageObject","inLanguage":"en-US","@id":"https:\/\/www.andrefrereditions.com\/en\/books\/photography\/last-water-war-ruins-of-a-future\/#primaryimage","url":"https:\/\/www.andrefrereditions.com\/wp-content\/uploads\/2016\/09\/emeric-lhuisset-last-water-war-andre-frere-editions-1.png","contentUrl":"https:\/\/www.andrefrereditions.com\/wp-content\/uploads\/2016\/09\/emeric-lhuisset-last-water-war-andre-frere-editions-1.png","width":200,"height":420},{"@type":"BreadcrumbList","@id":"https:\/\/www.andrefrereditions.com\/en\/books\/photography\/last-water-war-ruins-of-a-future\/#breadcrumb","itemListElement":[{"@type":"ListItem","position":1,"name":"Home","item":"https:\/\/www.andrefrereditions.com\/en\/"},{"@type":"ListItem","position":2,"name":"Books","item":"https:\/\/www.andrefrereditions.com\/en\/books\/"},{"@type":"ListItem","position":3,"name":"Last Water War, Ruins of a future"}]},{"@type":"WebSite","@id":"https:\/\/www.andrefrereditions.com\/en\/#website","url":"https:\/\/www.andrefrereditions.com\/en\/","name":"Andr\u00e9 Fr\u00e8re \u00c9ditions","description":"\u00c9dition ind\u00e9pendante de photographie et d\u2019art","publisher":{"@id":"https:\/\/www.andrefrereditions.com\/en\/#organization"},"potentialAction":[{"@type":"SearchAction","target":{"@type":"EntryPoint","urlTemplate":"https:\/\/www.andrefrereditions.com\/en\/?s={search_term_string}"},"query-input":{"@type":"PropertyValueSpecification","valueRequired":true,"valueName":"search_term_string"}}],"inLanguage":"en-US"},{"@type":"Organization","@id":"https:\/\/www.andrefrereditions.com\/en\/#organization","name":"Andr\u00e9 Fr\u00e8re \u00c9ditions","url":"https:\/\/www.andrefrereditions.com\/en\/","logo":{"@type":"ImageObject","inLanguage":"en-US","@id":"https:\/\/www.andrefrereditions.com\/en\/#\/schema\/logo\/image\/","url":"https:\/\/www.andrefrereditions.com\/wp-content\/uploads\/2014\/12\/andre-frere-editions-logo.png","contentUrl":"https:\/\/www.andrefrereditions.com\/wp-content\/uploads\/2014\/12\/andre-frere-editions-logo.png","width":80,"height":79,"caption":"Andr\u00e9 Fr\u00e8re \u00c9ditions"},"image":{"@id":"https:\/\/www.andrefrereditions.com\/en\/#\/schema\/logo\/image\/"}}]}},"_links":{"self":[{"href":"https:\/\/www.andrefrereditions.com\/en\/wp-json\/wp\/v2\/product\/7085","targetHints":{"allow":["GET"]}}],"collection":[{"href":"https:\/\/www.andrefrereditions.com\/en\/wp-json\/wp\/v2\/product"}],"about":[{"href":"https:\/\/www.andrefrereditions.com\/en\/wp-json\/wp\/v2\/types\/product"}],"wp:featuredmedia":[{"embeddable":true,"href":"https:\/\/www.andrefrereditions.com\/en\/wp-json\/wp\/v2\/media\/7080"}],"wp:attachment":[{"href":"https:\/\/www.andrefrereditions.com\/en\/wp-json\/wp\/v2\/media?parent=7085"}],"wp:term":[{"taxonomy":"product_brand","embeddable":true,"href":"https:\/\/www.andrefrereditions.com\/en\/wp-json\/wp\/v2\/product_brand?post=7085"},{"taxonomy":"product_cat","embeddable":true,"href":"https:\/\/www.andrefrereditions.com\/en\/wp-json\/wp\/v2\/product_cat?post=7085"},{"taxonomy":"product_tag","embeddable":true,"href":"https:\/\/www.andrefrereditions.com\/en\/wp-json\/wp\/v2\/product_tag?post=7085"}],"curies":[{"name":"wp","href":"https:\/\/api.w.org\/{rel}","templated":true}]}}