{"id":7555,"date":"2017-06-14T09:25:57","date_gmt":"2017-06-14T07:35:38","guid":{"rendered":"http:\/\/www.andrefrereditions.com\/en\/?post_type=product&#038;p=7555"},"modified":"2025-06-26T11:12:00","modified_gmt":"2025-06-26T09:12:00","slug":"diane","status":"publish","type":"product","link":"https:\/\/www.andrefrereditions.com\/en\/books\/photography\/diane\/","title":{"rendered":"Diane"},"content":{"rendered":"<ul class=\"infos-livre\">\n<li>Photographs\u00a0: Giona Mottura<\/li>\n<li>88 pages + 3 inserts 4 pages<\/li>\n<li>format 17 x 24 cm<\/li>\n<li>softcover<\/li>\n<li>56 colour pictures<\/li>\n<li>French &#8211; Italian &#8211; English<\/li>\n<li>ISBN\u00a0: 979-10-92265-61-3<\/li>\n<li>\u20ac 25<\/li>\n<\/ul>\n<p><img loading=\"lazy\" decoding=\"async\" class=\"alignnone size-full wp-image-7537\" src=\"https:\/\/www.andrefrereditions.com\/wp-content\/uploads\/2017\/06\/diane-giona_mottura-andre_frere_editions-1.jpg\" alt=\"diane-giona_mottura-andre_frere_editions-1\" width=\"430\" height=\"611\" srcset=\"https:\/\/www.andrefrereditions.com\/wp-content\/uploads\/2017\/06\/diane-giona_mottura-andre_frere_editions-1.jpg 430w, https:\/\/www.andrefrereditions.com\/wp-content\/uploads\/2017\/06\/diane-giona_mottura-andre_frere_editions-1-420x597.jpg 420w, https:\/\/www.andrefrereditions.com\/wp-content\/uploads\/2017\/06\/diane-giona_mottura-andre_frere_editions-1-211x300.jpg 211w\" sizes=\"auto, (max-width: 430px) 100vw, 430px\" \/><\/p>\n<h2>DIANE a documentary photobook journey on the life of a transexual singer in Switzerland<\/h2>\n<p>\u201cDiane is a singer dwelling in the small village of Boveresse close to M\u00f4tiers in Val de Travers, Switzerland.<br \/>\nInvolved in the cultural events of her city till 2009, she now spends most of her time to create music as well as working on defending the LGBT cause (Lesbian, Gay, Bisexual and Transsexual).<br \/>\nHer rebirth and her under covering of life, Diane shares her history by song, she composes and sings melodies inspired among others by Brel, Brassens or Vian.<\/p>\n<p><img loading=\"lazy\" decoding=\"async\" class=\"alignnone size-full wp-image-7539\" src=\"https:\/\/www.andrefrereditions.com\/wp-content\/uploads\/2017\/06\/diane-giona_mottura-andre_frere_editions-2.jpg\" alt=\"diane-giona_mottura-andre_frere_editions-2\" width=\"430\" height=\"304\" srcset=\"https:\/\/www.andrefrereditions.com\/wp-content\/uploads\/2017\/06\/diane-giona_mottura-andre_frere_editions-2.jpg 430w, https:\/\/www.andrefrereditions.com\/wp-content\/uploads\/2017\/06\/diane-giona_mottura-andre_frere_editions-2-420x297.jpg 420w, https:\/\/www.andrefrereditions.com\/wp-content\/uploads\/2017\/06\/diane-giona_mottura-andre_frere_editions-2-300x212.jpg 300w\" sizes=\"auto, (max-width: 430px) 100vw, 430px\" \/><\/p>\n<p><img loading=\"lazy\" decoding=\"async\" class=\"alignnone size-full wp-image-7541\" src=\"https:\/\/www.andrefrereditions.com\/wp-content\/uploads\/2017\/06\/diane-giona_mottura-andre_frere_editions-3.jpg\" alt=\"diane-giona_mottura-andre_frere_editions-3\" width=\"430\" height=\"305\" srcset=\"https:\/\/www.andrefrereditions.com\/wp-content\/uploads\/2017\/06\/diane-giona_mottura-andre_frere_editions-3.jpg 430w, https:\/\/www.andrefrereditions.com\/wp-content\/uploads\/2017\/06\/diane-giona_mottura-andre_frere_editions-3-420x298.jpg 420w, https:\/\/www.andrefrereditions.com\/wp-content\/uploads\/2017\/06\/diane-giona_mottura-andre_frere_editions-3-300x213.jpg 300w\" sizes=\"auto, (max-width: 430px) 100vw, 430px\" \/><\/p>\n<p>I knew Diane in 2013, at the vernissage of her first album. Since then I have really wanted to investigate the meaning of the term change. Diane appears to me as an example of courage in the simplicity of a profound decision.<\/p>\n<p><img loading=\"lazy\" decoding=\"async\" class=\"alignnone size-full wp-image-7543\" src=\"https:\/\/www.andrefrereditions.com\/wp-content\/uploads\/2017\/06\/diane-giona_mottura-andre_frere_editions-4.jpg\" alt=\"diane-giona_mottura-andre_frere_editions-4\" width=\"430\" height=\"600\" srcset=\"https:\/\/www.andrefrereditions.com\/wp-content\/uploads\/2017\/06\/diane-giona_mottura-andre_frere_editions-4.jpg 430w, https:\/\/www.andrefrereditions.com\/wp-content\/uploads\/2017\/06\/diane-giona_mottura-andre_frere_editions-4-420x586.jpg 420w, https:\/\/www.andrefrereditions.com\/wp-content\/uploads\/2017\/06\/diane-giona_mottura-andre_frere_editions-4-215x300.jpg 215w\" sizes=\"auto, (max-width: 430px) 100vw, 430px\" \/><\/p>\n<p><img loading=\"lazy\" decoding=\"async\" class=\"alignnone size-full wp-image-7545\" src=\"https:\/\/www.andrefrereditions.com\/wp-content\/uploads\/2017\/06\/diane-giona_mottura-andre_frere_editions-5.jpg\" alt=\"diane-giona_mottura-andre_frere_editions-5\" width=\"430\" height=\"298\" srcset=\"https:\/\/www.andrefrereditions.com\/wp-content\/uploads\/2017\/06\/diane-giona_mottura-andre_frere_editions-5.jpg 430w, https:\/\/www.andrefrereditions.com\/wp-content\/uploads\/2017\/06\/diane-giona_mottura-andre_frere_editions-5-420x291.jpg 420w, https:\/\/www.andrefrereditions.com\/wp-content\/uploads\/2017\/06\/diane-giona_mottura-andre_frere_editions-5-300x208.jpg 300w\" sizes=\"auto, (max-width: 430px) 100vw, 430px\" \/><\/p>\n<p>Issues related to gender studies, the attention of life and development of the <abbr title=\"Lesbienne, Gay, Bisexuelle et Transsexuelle\">LGBT<\/abbr> movement, as well as the issue of territory and its culture are among the themes of this book.<\/p>\n<p><img loading=\"lazy\" decoding=\"async\" class=\"alignnone size-full wp-image-7547\" src=\"https:\/\/www.andrefrereditions.com\/wp-content\/uploads\/2017\/06\/diane-giona_mottura-andre_frere_editions-6.jpg\" alt=\"diane-giona_mottura-andre_frere_editions-6\" width=\"430\" height=\"610\" srcset=\"https:\/\/www.andrefrereditions.com\/wp-content\/uploads\/2017\/06\/diane-giona_mottura-andre_frere_editions-6.jpg 430w, https:\/\/www.andrefrereditions.com\/wp-content\/uploads\/2017\/06\/diane-giona_mottura-andre_frere_editions-6-420x596.jpg 420w, https:\/\/www.andrefrereditions.com\/wp-content\/uploads\/2017\/06\/diane-giona_mottura-andre_frere_editions-6-211x300.jpg 211w\" sizes=\"auto, (max-width: 430px) 100vw, 430px\" \/><\/p>\n<p>Je souhaite que la confrontation \u00e0 ces id\u00e9es et principes cl\u00e9s, la possibilit\u00e9 d&#8217;en parler simplement \u00e0 travers un langage m\u00e9tiss\u00e9 entre la photographie, l&#8217;anthropologie et l&#8217;\u00e9criture, puissent encourager les d\u00e9bats et les \u00e9changes et d\u00e9sacraliser un bon nombre de clich\u00e9s pr\u00e9sents, parfois inconsciemment, en nous.<\/p>\n<p><img loading=\"lazy\" decoding=\"async\" class=\"alignnone size-full wp-image-7549\" src=\"https:\/\/www.andrefrereditions.com\/wp-content\/uploads\/2017\/06\/diane-giona_mottura-andre_frere_editions-7.jpg\" alt=\"diane-giona_mottura-andre_frere_editions-7\" width=\"430\" height=\"298\" srcset=\"https:\/\/www.andrefrereditions.com\/wp-content\/uploads\/2017\/06\/diane-giona_mottura-andre_frere_editions-7.jpg 430w, https:\/\/www.andrefrereditions.com\/wp-content\/uploads\/2017\/06\/diane-giona_mottura-andre_frere_editions-7-420x291.jpg 420w, https:\/\/www.andrefrereditions.com\/wp-content\/uploads\/2017\/06\/diane-giona_mottura-andre_frere_editions-7-300x208.jpg 300w\" sizes=\"auto, (max-width: 430px) 100vw, 430px\" \/><\/p>\n<p>I hope that the confrontation with these themes, the possibility of speaking simply through a mixed language between photography, anthropology and writing, can encourage debates and exchanges and desacralize a good number of clich\u00e9s that exist for people, sometimes unconsciously.<br \/>\nIn the current social and political landscape, it seems important to me to facilitate the approach and discussion around these subjects.<\/p>\n<p><img loading=\"lazy\" decoding=\"async\" class=\"alignnone size-full wp-image-7551\" src=\"https:\/\/www.andrefrereditions.com\/wp-content\/uploads\/2017\/06\/diane-giona_mottura-andre_frere_editions-8.jpg\" alt=\"diane-giona_mottura-andre_frere_editions-8\" width=\"430\" height=\"611\" srcset=\"https:\/\/www.andrefrereditions.com\/wp-content\/uploads\/2017\/06\/diane-giona_mottura-andre_frere_editions-8.jpg 430w, https:\/\/www.andrefrereditions.com\/wp-content\/uploads\/2017\/06\/diane-giona_mottura-andre_frere_editions-8-420x597.jpg 420w, https:\/\/www.andrefrereditions.com\/wp-content\/uploads\/2017\/06\/diane-giona_mottura-andre_frere_editions-8-211x300.jpg 211w\" sizes=\"auto, (max-width: 430px) 100vw, 430px\" \/><\/p>\n<p><img loading=\"lazy\" decoding=\"async\" class=\"alignnone size-full wp-image-7553\" src=\"https:\/\/www.andrefrereditions.com\/wp-content\/uploads\/2017\/06\/diane-giona_mottura-andre_frere_editions-9.jpg\" alt=\"diane-giona_mottura-andre_frere_editions-9\" width=\"430\" height=\"304\" srcset=\"https:\/\/www.andrefrereditions.com\/wp-content\/uploads\/2017\/06\/diane-giona_mottura-andre_frere_editions-9.jpg 430w, https:\/\/www.andrefrereditions.com\/wp-content\/uploads\/2017\/06\/diane-giona_mottura-andre_frere_editions-9-420x297.jpg 420w, https:\/\/www.andrefrereditions.com\/wp-content\/uploads\/2017\/06\/diane-giona_mottura-andre_frere_editions-9-300x212.jpg 300w\" sizes=\"auto, (max-width: 430px) 100vw, 430px\" \/><\/p>\n<p>The point of this work lies in the desire to tell a very charged and complicated story, doing it in a natural human and genuine way, like the way Diane deals with her choices\u201d.<br \/>\nGiano Mottura.<\/p>\n<p class=\"bio-auteur\">Giona Mottura, born in 1985 in Bologna, currently living in Neuch\u00e2tel, Switzerland<br \/>\nMain Exhibitions: 2016 \u201cDiane\u201d selected for a collective exhibition, Photoforum Pasquart, Bienne 2015 \u201cEmerentia\u201d Projection at Bourg with the \u201cCollectif 15\u201d, Lausanne, Switzerland 2014 \u201cHordes et Nu\u00e9es\u201d , collective exhibition at Festival Images, Vevey, Switzerland 2014 \u201cNOISE\u201d, collective exhibition with the \u201cCollectif 15\u201c at Festival Images, Vevey, Switzerland 2012 \u201cBlack &amp; Color, Acids Colors\u201d, personal exhibition at Panenka, Bologne, Italy<br \/>\nStdies: 2013-2015 Master in Photography at CEPV, Vevey, Switzerland 2007-2012 Bachelor in Ethno-Anthropology, University of Bologna, Italy Workshops during the master at CEPV : Andr\u00e9 Cepeda, Roberto Greco, Hellen Van Meen, Reiner Riedler, Claus Goedike, Donnigam Cumming, Gilbert Fastenaekens, Gr\u00e9goire Alexandre, Petros Efstathiadis, Guillaume Herbaut, Anne Golaz, Bogdan Konopka, Geert Goiris, Eric Nehr, Stanley Greene, Phillippe Brault, Rudolf Steiner, Patrick Hari and Stefan Burger, Martin Kollar<\/p>\n<p><span style=\"border-radius: 2px; text-indent: 20px; width: auto; padding: 0px 4px 0px 0px; text-align: center; font: bold 11px\/20px 'Helvetica Neue',Helvetica,sans-serif; color: #ffffff; background: #bd081c no-repeat scroll 3px 50% \/ 14px 14px; position: absolute; opacity: 1; z-index: 8675309; display: none; cursor: pointer;\">Enregistrer<\/span><\/p>\n<p><span style=\"border-radius: 2px; text-indent: 20px; width: auto; padding: 0px 4px 0px 0px; text-align: center; font: bold 11px\/20px 'Helvetica Neue',Helvetica,sans-serif; color: #ffffff; background: #bd081c  no-repeat scroll 3px 50% \/ 14px 14px; position: absolute; opacity: 1; z-index: 8675309; display: none; cursor: pointer;\">Enregistrer<\/span><\/p>\n","protected":false},"excerpt":{"rendered":"<p>Photographs\u00a0: Giona Mottura 88 pages + 3 inserts 4 pages format 17 x 24 cm softcover 56 colour pictures French &#8211; Italian &#8211; English ISBN\u00a0: 979-10-92265-61-3 \u20ac 25 DIANE a documentary photobook journey on the life of a transexual singer in Switzerland \u201cDiane is a singer dwelling in the small village of Boveresse close to [&hellip;]<\/p>\n","protected":false},"featured_media":7536,"template":"","meta":[],"product_brand":[],"product_cat":[37],"product_tag":[],"class_list":{"0":"post-7555","1":"product","2":"type-product","3":"status-publish","4":"has-post-thumbnail","6":"product_cat-photography","7":"product_shipping_class-c1-en","9":"first","10":"instock","11":"shipping-taxable","12":"purchasable","13":"product-type-simple"},"yoast_head":"<!-- This site is optimized with the Yoast SEO plugin v27.5 - https:\/\/yoast.com\/product\/yoast-seo-wordpress\/ -->\n<title>Diane \u2014 Giona Mottura | Andr\u00e9 Fr\u00e8re \u00c9ditions<\/title>\n<meta name=\"description\" content=\"Diane a documentary photobook journey on the life of a transexual singer in Switzerland published by Andr\u00e9 Fr\u00e8re \u00c9ditions\" \/>\n<meta name=\"robots\" content=\"index, follow, max-snippet:-1, max-image-preview:large, max-video-preview:-1\" \/>\n<link rel=\"canonical\" href=\"https:\/\/www.andrefrereditions.com\/en\/books\/photography\/diane\/\" \/>\n<meta property=\"og:locale\" content=\"en_US\" \/>\n<meta property=\"og:type\" content=\"article\" \/>\n<meta property=\"og:title\" content=\"Diane \u2014 Giona Mottura | Andr\u00e9 Fr\u00e8re \u00c9ditions\" \/>\n<meta property=\"og:description\" content=\"Diane a documentary photobook journey on the life of a transexual singer in Switzerland published by Andr\u00e9 Fr\u00e8re \u00c9ditions\" \/>\n<meta property=\"og:url\" content=\"https:\/\/www.andrefrereditions.com\/en\/books\/photography\/diane\/\" \/>\n<meta property=\"og:site_name\" content=\"Andr\u00e9 Fr\u00e8re \u00c9ditions\" \/>\n<meta property=\"article:modified_time\" content=\"2025-06-26T09:12:00+00:00\" \/>\n<meta property=\"og:image\" content=\"https:\/\/www.andrefrereditions.com\/wp-content\/uploads\/2017\/06\/diane-giona_mottura-couverture-andre_frere_editions.jpg\" \/>\n\t<meta property=\"og:image:width\" content=\"299\" \/>\n\t<meta property=\"og:image:height\" content=\"420\" \/>\n\t<meta property=\"og:image:type\" content=\"image\/jpeg\" \/>\n<meta name=\"twitter:label1\" content=\"Est. reading time\" \/>\n\t<meta name=\"twitter:data1\" content=\"2 minutes\" \/>\n<script type=\"application\/ld+json\" class=\"yoast-schema-graph\">{\"@context\":\"https:\\\/\\\/schema.org\",\"@graph\":[{\"@type\":\"WebPage\",\"@id\":\"https:\\\/\\\/www.andrefrereditions.com\\\/en\\\/books\\\/photography\\\/diane\\\/\",\"url\":\"https:\\\/\\\/www.andrefrereditions.com\\\/en\\\/books\\\/photography\\\/diane\\\/\",\"name\":\"Diane \u2014 Giona Mottura | Andr\u00e9 Fr\u00e8re \u00c9ditions\",\"isPartOf\":{\"@id\":\"https:\\\/\\\/www.andrefrereditions.com\\\/en\\\/#website\"},\"primaryImageOfPage\":{\"@id\":\"https:\\\/\\\/www.andrefrereditions.com\\\/en\\\/books\\\/photography\\\/diane\\\/#primaryimage\"},\"image\":{\"@id\":\"https:\\\/\\\/www.andrefrereditions.com\\\/en\\\/books\\\/photography\\\/diane\\\/#primaryimage\"},\"thumbnailUrl\":\"https:\\\/\\\/www.andrefrereditions.com\\\/wp-content\\\/uploads\\\/2017\\\/06\\\/diane-giona_mottura-couverture-andre_frere_editions.jpg\",\"datePublished\":\"2017-06-14T07:35:38+00:00\",\"dateModified\":\"2025-06-26T09:12:00+00:00\",\"description\":\"Diane a documentary photobook journey on the life of a transexual singer in Switzerland published by Andr\u00e9 Fr\u00e8re \u00c9ditions\",\"breadcrumb\":{\"@id\":\"https:\\\/\\\/www.andrefrereditions.com\\\/en\\\/books\\\/photography\\\/diane\\\/#breadcrumb\"},\"inLanguage\":\"en-US\",\"potentialAction\":[{\"@type\":\"ReadAction\",\"target\":[\"https:\\\/\\\/www.andrefrereditions.com\\\/en\\\/books\\\/photography\\\/diane\\\/\"]}]},{\"@type\":\"ImageObject\",\"inLanguage\":\"en-US\",\"@id\":\"https:\\\/\\\/www.andrefrereditions.com\\\/en\\\/books\\\/photography\\\/diane\\\/#primaryimage\",\"url\":\"https:\\\/\\\/www.andrefrereditions.com\\\/wp-content\\\/uploads\\\/2017\\\/06\\\/diane-giona_mottura-couverture-andre_frere_editions.jpg\",\"contentUrl\":\"https:\\\/\\\/www.andrefrereditions.com\\\/wp-content\\\/uploads\\\/2017\\\/06\\\/diane-giona_mottura-couverture-andre_frere_editions.jpg\",\"width\":299,\"height\":420},{\"@type\":\"BreadcrumbList\",\"@id\":\"https:\\\/\\\/www.andrefrereditions.com\\\/en\\\/books\\\/photography\\\/diane\\\/#breadcrumb\",\"itemListElement\":[{\"@type\":\"ListItem\",\"position\":1,\"name\":\"Home\",\"item\":\"https:\\\/\\\/www.andrefrereditions.com\\\/en\\\/\"},{\"@type\":\"ListItem\",\"position\":2,\"name\":\"Books\",\"item\":\"https:\\\/\\\/www.andrefrereditions.com\\\/en\\\/books\\\/\"},{\"@type\":\"ListItem\",\"position\":3,\"name\":\"Diane\"}]},{\"@type\":\"WebSite\",\"@id\":\"https:\\\/\\\/www.andrefrereditions.com\\\/en\\\/#website\",\"url\":\"https:\\\/\\\/www.andrefrereditions.com\\\/en\\\/\",\"name\":\"Andr\u00e9 Fr\u00e8re \u00c9ditions\",\"description\":\"\u00c9dition ind\u00e9pendante de photographie et d\u2019art\",\"publisher\":{\"@id\":\"https:\\\/\\\/www.andrefrereditions.com\\\/en\\\/#organization\"},\"potentialAction\":[{\"@type\":\"SearchAction\",\"target\":{\"@type\":\"EntryPoint\",\"urlTemplate\":\"https:\\\/\\\/www.andrefrereditions.com\\\/en\\\/?s={search_term_string}\"},\"query-input\":{\"@type\":\"PropertyValueSpecification\",\"valueRequired\":true,\"valueName\":\"search_term_string\"}}],\"inLanguage\":\"en-US\"},{\"@type\":\"Organization\",\"@id\":\"https:\\\/\\\/www.andrefrereditions.com\\\/en\\\/#organization\",\"name\":\"Andr\u00e9 Fr\u00e8re \u00c9ditions\",\"url\":\"https:\\\/\\\/www.andrefrereditions.com\\\/en\\\/\",\"logo\":{\"@type\":\"ImageObject\",\"inLanguage\":\"en-US\",\"@id\":\"https:\\\/\\\/www.andrefrereditions.com\\\/en\\\/#\\\/schema\\\/logo\\\/image\\\/\",\"url\":\"https:\\\/\\\/www.andrefrereditions.com\\\/wp-content\\\/uploads\\\/2014\\\/12\\\/andre-frere-editions-logo.png\",\"contentUrl\":\"https:\\\/\\\/www.andrefrereditions.com\\\/wp-content\\\/uploads\\\/2014\\\/12\\\/andre-frere-editions-logo.png\",\"width\":80,\"height\":79,\"caption\":\"Andr\u00e9 Fr\u00e8re \u00c9ditions\"},\"image\":{\"@id\":\"https:\\\/\\\/www.andrefrereditions.com\\\/en\\\/#\\\/schema\\\/logo\\\/image\\\/\"}}]}<\/script>\n<!-- \/ Yoast SEO plugin. -->","yoast_head_json":{"title":"Diane \u2014 Giona Mottura | Andr\u00e9 Fr\u00e8re \u00c9ditions","description":"Diane a documentary photobook journey on the life of a transexual singer in Switzerland published by Andr\u00e9 Fr\u00e8re \u00c9ditions","robots":{"index":"index","follow":"follow","max-snippet":"max-snippet:-1","max-image-preview":"max-image-preview:large","max-video-preview":"max-video-preview:-1"},"canonical":"https:\/\/www.andrefrereditions.com\/en\/books\/photography\/diane\/","og_locale":"en_US","og_type":"article","og_title":"Diane \u2014 Giona Mottura | Andr\u00e9 Fr\u00e8re \u00c9ditions","og_description":"Diane a documentary photobook journey on the life of a transexual singer in Switzerland published by Andr\u00e9 Fr\u00e8re \u00c9ditions","og_url":"https:\/\/www.andrefrereditions.com\/en\/books\/photography\/diane\/","og_site_name":"Andr\u00e9 Fr\u00e8re \u00c9ditions","article_modified_time":"2025-06-26T09:12:00+00:00","og_image":[{"width":299,"height":420,"url":"https:\/\/www.andrefrereditions.com\/wp-content\/uploads\/2017\/06\/diane-giona_mottura-couverture-andre_frere_editions.jpg","type":"image\/jpeg"}],"twitter_misc":{"Est. reading time":"2 minutes"},"schema":{"@context":"https:\/\/schema.org","@graph":[{"@type":"WebPage","@id":"https:\/\/www.andrefrereditions.com\/en\/books\/photography\/diane\/","url":"https:\/\/www.andrefrereditions.com\/en\/books\/photography\/diane\/","name":"Diane \u2014 Giona Mottura | Andr\u00e9 Fr\u00e8re \u00c9ditions","isPartOf":{"@id":"https:\/\/www.andrefrereditions.com\/en\/#website"},"primaryImageOfPage":{"@id":"https:\/\/www.andrefrereditions.com\/en\/books\/photography\/diane\/#primaryimage"},"image":{"@id":"https:\/\/www.andrefrereditions.com\/en\/books\/photography\/diane\/#primaryimage"},"thumbnailUrl":"https:\/\/www.andrefrereditions.com\/wp-content\/uploads\/2017\/06\/diane-giona_mottura-couverture-andre_frere_editions.jpg","datePublished":"2017-06-14T07:35:38+00:00","dateModified":"2025-06-26T09:12:00+00:00","description":"Diane a documentary photobook journey on the life of a transexual singer in Switzerland published by Andr\u00e9 Fr\u00e8re \u00c9ditions","breadcrumb":{"@id":"https:\/\/www.andrefrereditions.com\/en\/books\/photography\/diane\/#breadcrumb"},"inLanguage":"en-US","potentialAction":[{"@type":"ReadAction","target":["https:\/\/www.andrefrereditions.com\/en\/books\/photography\/diane\/"]}]},{"@type":"ImageObject","inLanguage":"en-US","@id":"https:\/\/www.andrefrereditions.com\/en\/books\/photography\/diane\/#primaryimage","url":"https:\/\/www.andrefrereditions.com\/wp-content\/uploads\/2017\/06\/diane-giona_mottura-couverture-andre_frere_editions.jpg","contentUrl":"https:\/\/www.andrefrereditions.com\/wp-content\/uploads\/2017\/06\/diane-giona_mottura-couverture-andre_frere_editions.jpg","width":299,"height":420},{"@type":"BreadcrumbList","@id":"https:\/\/www.andrefrereditions.com\/en\/books\/photography\/diane\/#breadcrumb","itemListElement":[{"@type":"ListItem","position":1,"name":"Home","item":"https:\/\/www.andrefrereditions.com\/en\/"},{"@type":"ListItem","position":2,"name":"Books","item":"https:\/\/www.andrefrereditions.com\/en\/books\/"},{"@type":"ListItem","position":3,"name":"Diane"}]},{"@type":"WebSite","@id":"https:\/\/www.andrefrereditions.com\/en\/#website","url":"https:\/\/www.andrefrereditions.com\/en\/","name":"Andr\u00e9 Fr\u00e8re \u00c9ditions","description":"\u00c9dition ind\u00e9pendante de photographie et d\u2019art","publisher":{"@id":"https:\/\/www.andrefrereditions.com\/en\/#organization"},"potentialAction":[{"@type":"SearchAction","target":{"@type":"EntryPoint","urlTemplate":"https:\/\/www.andrefrereditions.com\/en\/?s={search_term_string}"},"query-input":{"@type":"PropertyValueSpecification","valueRequired":true,"valueName":"search_term_string"}}],"inLanguage":"en-US"},{"@type":"Organization","@id":"https:\/\/www.andrefrereditions.com\/en\/#organization","name":"Andr\u00e9 Fr\u00e8re \u00c9ditions","url":"https:\/\/www.andrefrereditions.com\/en\/","logo":{"@type":"ImageObject","inLanguage":"en-US","@id":"https:\/\/www.andrefrereditions.com\/en\/#\/schema\/logo\/image\/","url":"https:\/\/www.andrefrereditions.com\/wp-content\/uploads\/2014\/12\/andre-frere-editions-logo.png","contentUrl":"https:\/\/www.andrefrereditions.com\/wp-content\/uploads\/2014\/12\/andre-frere-editions-logo.png","width":80,"height":79,"caption":"Andr\u00e9 Fr\u00e8re \u00c9ditions"},"image":{"@id":"https:\/\/www.andrefrereditions.com\/en\/#\/schema\/logo\/image\/"}}]}},"_links":{"self":[{"href":"https:\/\/www.andrefrereditions.com\/en\/wp-json\/wp\/v2\/product\/7555","targetHints":{"allow":["GET"]}}],"collection":[{"href":"https:\/\/www.andrefrereditions.com\/en\/wp-json\/wp\/v2\/product"}],"about":[{"href":"https:\/\/www.andrefrereditions.com\/en\/wp-json\/wp\/v2\/types\/product"}],"wp:featuredmedia":[{"embeddable":true,"href":"https:\/\/www.andrefrereditions.com\/en\/wp-json\/wp\/v2\/media\/7536"}],"wp:attachment":[{"href":"https:\/\/www.andrefrereditions.com\/en\/wp-json\/wp\/v2\/media?parent=7555"}],"wp:term":[{"taxonomy":"product_brand","embeddable":true,"href":"https:\/\/www.andrefrereditions.com\/en\/wp-json\/wp\/v2\/product_brand?post=7555"},{"taxonomy":"product_cat","embeddable":true,"href":"https:\/\/www.andrefrereditions.com\/en\/wp-json\/wp\/v2\/product_cat?post=7555"},{"taxonomy":"product_tag","embeddable":true,"href":"https:\/\/www.andrefrereditions.com\/en\/wp-json\/wp\/v2\/product_tag?post=7555"}],"curies":[{"name":"wp","href":"https:\/\/api.w.org\/{rel}","templated":true}]}}