{"id":7579,"date":"2017-06-14T09:26:25","date_gmt":"2017-06-14T07:36:03","guid":{"rendered":"http:\/\/www.andrefrereditions.com\/en\/?post_type=product&#038;p=7579"},"modified":"2025-06-26T11:14:53","modified_gmt":"2025-06-26T09:14:53","slug":"torso","status":"publish","type":"product","link":"https:\/\/www.andrefrereditions.com\/en\/books\/photography\/torso\/","title":{"rendered":"Torso"},"content":{"rendered":"<ul class=\"infos-livre\">\n<li>Photographs: Nicolas Wormull<\/li>\n<li>88 pages<\/li>\n<li>17 x 24 cm<\/li>\n<li>hardcover<\/li>\n<li>56 colour pictures<\/li>\n<li>French &#8211; Spanish &#8211; English<\/li>\n<li>ISBN : 979-10-92265-34-7<\/li>\n<li>\u20ac 25<\/li>\n<\/ul>\n<p>Nicolas Wormull was born in 1977 in Santiago, Chile. He grew up in Sweden where he studied photography.<\/p>\n<p><img loading=\"lazy\" decoding=\"async\" class=\"alignnone size-full wp-image-7559\" src=\"https:\/\/www.andrefrereditions.com\/wp-content\/uploads\/2017\/06\/torso-nicolas-wormull-andre-frere-editions-1.jpg\" alt=\"torso-nicolas-wormull-andre-frere-editions-1\" width=\"430\" height=\"672\" srcset=\"https:\/\/www.andrefrereditions.com\/wp-content\/uploads\/2017\/06\/torso-nicolas-wormull-andre-frere-editions-1.jpg 430w, https:\/\/www.andrefrereditions.com\/wp-content\/uploads\/2017\/06\/torso-nicolas-wormull-andre-frere-editions-1-420x656.jpg 420w, https:\/\/www.andrefrereditions.com\/wp-content\/uploads\/2017\/06\/torso-nicolas-wormull-andre-frere-editions-1-192x300.jpg 192w\" sizes=\"auto, (max-width: 430px) 100vw, 430px\" \/><\/p>\n<p>Nicolas Wormull photography as he lives, he speaks to us of the present of instantaneity, and of all these little things that happen daily, right there under our eyes, under his own. He offers us raw and fragile images in order to question us about those little things that make our everyday life and thus force us to look differently, beyond.<\/p>\n<p><img loading=\"lazy\" decoding=\"async\" class=\"alignnone size-full wp-image-7561\" src=\"https:\/\/www.andrefrereditions.com\/wp-content\/uploads\/2017\/06\/torso-nicolas-wormull-andre-frere-editions-2.jpg\" alt=\"torso-nicolas-wormull-andre-frere-editions-2\" width=\"430\" height=\"287\" srcset=\"https:\/\/www.andrefrereditions.com\/wp-content\/uploads\/2017\/06\/torso-nicolas-wormull-andre-frere-editions-2.jpg 430w, https:\/\/www.andrefrereditions.com\/wp-content\/uploads\/2017\/06\/torso-nicolas-wormull-andre-frere-editions-2-420x280.jpg 420w, https:\/\/www.andrefrereditions.com\/wp-content\/uploads\/2017\/06\/torso-nicolas-wormull-andre-frere-editions-2-300x200.jpg 300w\" sizes=\"auto, (max-width: 430px) 100vw, 430px\" \/><\/p>\n<p><img loading=\"lazy\" decoding=\"async\" class=\"alignnone size-full wp-image-7563\" src=\"https:\/\/www.andrefrereditions.com\/wp-content\/uploads\/2017\/06\/torso-nicolas-wormull-andre-frere-editions-3.jpg\" alt=\"torso-nicolas-wormull-andre-frere-editions-3\" width=\"430\" height=\"672\" srcset=\"https:\/\/www.andrefrereditions.com\/wp-content\/uploads\/2017\/06\/torso-nicolas-wormull-andre-frere-editions-3.jpg 430w, https:\/\/www.andrefrereditions.com\/wp-content\/uploads\/2017\/06\/torso-nicolas-wormull-andre-frere-editions-3-420x656.jpg 420w, https:\/\/www.andrefrereditions.com\/wp-content\/uploads\/2017\/06\/torso-nicolas-wormull-andre-frere-editions-3-192x300.jpg 192w\" sizes=\"auto, (max-width: 430px) 100vw, 430px\" \/><\/p>\n<p><img loading=\"lazy\" decoding=\"async\" class=\"alignnone size-full wp-image-7565\" src=\"https:\/\/www.andrefrereditions.com\/wp-content\/uploads\/2017\/06\/torso-nicolas-wormull-andre-frere-editions-4.jpg\" alt=\"torso-nicolas-wormull-andre-frere-editions-4\" width=\"430\" height=\"672\" srcset=\"https:\/\/www.andrefrereditions.com\/wp-content\/uploads\/2017\/06\/torso-nicolas-wormull-andre-frere-editions-4.jpg 430w, https:\/\/www.andrefrereditions.com\/wp-content\/uploads\/2017\/06\/torso-nicolas-wormull-andre-frere-editions-4-420x656.jpg 420w, https:\/\/www.andrefrereditions.com\/wp-content\/uploads\/2017\/06\/torso-nicolas-wormull-andre-frere-editions-4-192x300.jpg 192w\" sizes=\"auto, (max-width: 430px) 100vw, 430px\" \/><\/p>\n<p>\u201cMy personal story has always been very important, and my family and those around me are recurring themes in my photographic work. I explore human relationships, the feeling (or lack) of belonging, and anything that suggests what happens behind the appearances of things and people.\u201d<\/p>\n<p><img loading=\"lazy\" decoding=\"async\" class=\"alignnone size-full wp-image-7567\" src=\"https:\/\/www.andrefrereditions.com\/wp-content\/uploads\/2017\/06\/torso-nicolas-wormull-andre-frere-editions-5.jpg\" alt=\"torso-nicolas-wormull-andre-frere-editions-5\" width=\"430\" height=\"672\" srcset=\"https:\/\/www.andrefrereditions.com\/wp-content\/uploads\/2017\/06\/torso-nicolas-wormull-andre-frere-editions-5.jpg 430w, https:\/\/www.andrefrereditions.com\/wp-content\/uploads\/2017\/06\/torso-nicolas-wormull-andre-frere-editions-5-420x656.jpg 420w, https:\/\/www.andrefrereditions.com\/wp-content\/uploads\/2017\/06\/torso-nicolas-wormull-andre-frere-editions-5-192x300.jpg 192w\" sizes=\"auto, (max-width: 430px) 100vw, 430px\" \/><\/p>\n<h2>What is a photographer? I mean, a real photographer<\/h2>\n<p>It\u2019s a person who, well into the night, when the sun has long disappeared, concealed by empty bottles, when even the bravest of warriors have laid down their weapons, takes out a small pocket camera, preferably a contax, and begins without hesitation his day\u2019s work.<\/p>\n<p><img loading=\"lazy\" decoding=\"async\" class=\"alignnone size-full wp-image-7569\" src=\"https:\/\/www.andrefrereditions.com\/wp-content\/uploads\/2017\/06\/torso-nicolas-wormull-andre-frere-editions-6.jpg\" alt=\"torso-nicolas-wormull-andre-frere-editions-6\" width=\"430\" height=\"672\" srcset=\"https:\/\/www.andrefrereditions.com\/wp-content\/uploads\/2017\/06\/torso-nicolas-wormull-andre-frere-editions-6.jpg 430w, https:\/\/www.andrefrereditions.com\/wp-content\/uploads\/2017\/06\/torso-nicolas-wormull-andre-frere-editions-6-420x656.jpg 420w, https:\/\/www.andrefrereditions.com\/wp-content\/uploads\/2017\/06\/torso-nicolas-wormull-andre-frere-editions-6-192x300.jpg 192w\" sizes=\"auto, (max-width: 430px) 100vw, 430px\" \/><\/p>\n<p><img loading=\"lazy\" decoding=\"async\" class=\"alignnone size-full wp-image-7571\" src=\"https:\/\/www.andrefrereditions.com\/wp-content\/uploads\/2017\/06\/torso-nicolas-wormull-andre-frere-editions-7.jpg\" alt=\"torso-nicolas-wormull-andre-frere-editions-7\" width=\"430\" height=\"672\" srcset=\"https:\/\/www.andrefrereditions.com\/wp-content\/uploads\/2017\/06\/torso-nicolas-wormull-andre-frere-editions-7.jpg 430w, https:\/\/www.andrefrereditions.com\/wp-content\/uploads\/2017\/06\/torso-nicolas-wormull-andre-frere-editions-7-420x656.jpg 420w, https:\/\/www.andrefrereditions.com\/wp-content\/uploads\/2017\/06\/torso-nicolas-wormull-andre-frere-editions-7-192x300.jpg 192w\" sizes=\"auto, (max-width: 430px) 100vw, 430px\" \/><\/p>\n<p>Usually, he\u2019s no longer very lucid and forgets the rudiments of (his) technique, learned with so much<br \/>\neffort. That is the moment when the most unique and unlikely images emerge.<\/p>\n<p>Nicol\u00e1s Wormull belongs to this breed, the kind that can stand in front of you and attack with just a burst of a flash. But don\u2019t misunderstand him \u2013 deep down he\u2019s a good guy who can even turn into the most charming<br \/>\nand affectionate of friends. He won\u2019t steal more than an image \u2013 as taking pictures is his way of life.<\/p>\n<p><img loading=\"lazy\" decoding=\"async\" class=\"alignnone size-full wp-image-7573\" src=\"https:\/\/www.andrefrereditions.com\/wp-content\/uploads\/2017\/06\/torso-nicolas-wormull-andre-frere-editions-8.jpg\" alt=\"torso-nicolas-wormull-andre-frere-editions-8\" width=\"430\" height=\"672\" srcset=\"https:\/\/www.andrefrereditions.com\/wp-content\/uploads\/2017\/06\/torso-nicolas-wormull-andre-frere-editions-8.jpg 430w, https:\/\/www.andrefrereditions.com\/wp-content\/uploads\/2017\/06\/torso-nicolas-wormull-andre-frere-editions-8-420x656.jpg 420w, https:\/\/www.andrefrereditions.com\/wp-content\/uploads\/2017\/06\/torso-nicolas-wormull-andre-frere-editions-8-192x300.jpg 192w\" sizes=\"auto, (max-width: 430px) 100vw, 430px\" \/><\/p>\n<p><img loading=\"lazy\" decoding=\"async\" class=\"alignnone size-full wp-image-7575\" src=\"https:\/\/www.andrefrereditions.com\/wp-content\/uploads\/2017\/06\/torso-nicolas-wormull-andre-frere-editions-9.jpg\" alt=\"torso-nicolas-wormull-andre-frere-editions-9\" width=\"430\" height=\"672\" srcset=\"https:\/\/www.andrefrereditions.com\/wp-content\/uploads\/2017\/06\/torso-nicolas-wormull-andre-frere-editions-9.jpg 430w, https:\/\/www.andrefrereditions.com\/wp-content\/uploads\/2017\/06\/torso-nicolas-wormull-andre-frere-editions-9-420x656.jpg 420w, https:\/\/www.andrefrereditions.com\/wp-content\/uploads\/2017\/06\/torso-nicolas-wormull-andre-frere-editions-9-192x300.jpg 192w\" sizes=\"auto, (max-width: 430px) 100vw, 430px\" \/><\/p>\n<p>His motto? The same as the one of another master who came in from the cold, \u201cJump in with both feet\u2026\u201d<\/p>\n<p>What is a photographer? Well, really, it is Nicol\u00e1s Wormull.<br \/>\nGilles Favier<\/p>\n<p><img loading=\"lazy\" decoding=\"async\" class=\"alignnone size-full wp-image-7577\" src=\"https:\/\/www.andrefrereditions.com\/wp-content\/uploads\/2017\/06\/torso-nicolas-wormull-andre-frere-editions-10.jpg\" alt=\"torso-nicolas-wormull-andre-frere-editions-10\" width=\"430\" height=\"287\" srcset=\"https:\/\/www.andrefrereditions.com\/wp-content\/uploads\/2017\/06\/torso-nicolas-wormull-andre-frere-editions-10.jpg 430w, https:\/\/www.andrefrereditions.com\/wp-content\/uploads\/2017\/06\/torso-nicolas-wormull-andre-frere-editions-10-420x280.jpg 420w, https:\/\/www.andrefrereditions.com\/wp-content\/uploads\/2017\/06\/torso-nicolas-wormull-andre-frere-editions-10-300x200.jpg 300w\" sizes=\"auto, (max-width: 430px) 100vw, 430px\" \/><\/p>\n<p class=\"bio-auteur\">Currently, Nicolas Wormull lives in Chile, where he works as an independent photographer for major newspapers and magazines in Scandinavia and Chile. He received the Photo of the Year Award in Chile in 2007 and was nominated and rewarded in various competitions and festivals such as the Sony Award, Photo Espa\u00f1a, ILLA.<\/p>\n<p><span style=\"border-radius: 2px; text-indent: 20px; width: auto; padding: 0px 4px 0px 0px; text-align: center; font: bold 11px\/20px 'Helvetica Neue',Helvetica,sans-serif; color: #ffffff; background: #bd081c no-repeat scroll 3px 50% \/ 14px 14px; position: absolute; opacity: 1; z-index: 8675309; display: none; cursor: pointer;\">Enregistrer<\/span><\/p>\n<p><span style=\"border-radius: 2px; text-indent: 20px; width: auto; padding: 0px 4px 0px 0px; text-align: center; font: bold 11px\/20px 'Helvetica Neue',Helvetica,sans-serif; color: #ffffff; background: #bd081c  no-repeat scroll 3px 50% \/ 14px 14px; position: absolute; opacity: 1; z-index: 8675309; display: none; cursor: pointer;\">Enregistrer<\/span><\/p>\n","protected":false},"excerpt":{"rendered":"<p>Photographs: Nicolas Wormull 88 pages 17 x 24 cm hardcover 56 colour pictures French &#8211; Spanish &#8211; English ISBN : 979-10-92265-34-7 \u20ac 25 Nicolas Wormull was born in 1977 in Santiago, Chile. He grew up in Sweden where he studied photography. Nicolas Wormull photography as he lives, he speaks to us of the present of [&hellip;]<\/p>\n","protected":false},"featured_media":7558,"template":"","meta":[],"product_brand":[],"product_cat":[37],"product_tag":[],"class_list":{"0":"post-7579","1":"product","2":"type-product","3":"status-publish","4":"has-post-thumbnail","6":"product_cat-photography","7":"product_shipping_class-c2-en","9":"first","10":"instock","11":"shipping-taxable","12":"purchasable","13":"product-type-simple"},"yoast_head":"<!-- This site is optimized with the Yoast SEO plugin v27.5 - https:\/\/yoast.com\/product\/yoast-seo-wordpress\/ -->\n<title>Torso \u2014 Nicolas Wormull | Andr\u00e9 Fr\u00e8re \u00c9ditions<\/title>\n<meta name=\"description\" content=\"Torso, a photo book by Nicolas Wormull published by Andr\u00e9 Fr\u00e8re \u00c9ditions\" \/>\n<meta name=\"robots\" content=\"index, follow, max-snippet:-1, max-image-preview:large, max-video-preview:-1\" \/>\n<link rel=\"canonical\" href=\"https:\/\/www.andrefrereditions.com\/en\/books\/photography\/torso\/\" \/>\n<meta property=\"og:locale\" content=\"en_US\" \/>\n<meta property=\"og:type\" content=\"article\" \/>\n<meta property=\"og:title\" content=\"Torso \u2014 Nicolas Wormull | Andr\u00e9 Fr\u00e8re \u00c9ditions\" \/>\n<meta property=\"og:description\" content=\"Torso, a photo book by Nicolas Wormull published by Andr\u00e9 Fr\u00e8re \u00c9ditions\" \/>\n<meta property=\"og:url\" content=\"https:\/\/www.andrefrereditions.com\/en\/books\/photography\/torso\/\" \/>\n<meta property=\"og:site_name\" content=\"Andr\u00e9 Fr\u00e8re \u00c9ditions\" \/>\n<meta property=\"article:modified_time\" content=\"2025-06-26T09:14:53+00:00\" \/>\n<meta property=\"og:image\" content=\"https:\/\/www.andrefrereditions.com\/wp-content\/uploads\/2017\/06\/torso-couverture-andre-frere-editions.png\" \/>\n\t<meta property=\"og:image:width\" content=\"297\" \/>\n\t<meta property=\"og:image:height\" content=\"420\" \/>\n\t<meta property=\"og:image:type\" content=\"image\/png\" \/>\n<meta name=\"twitter:label1\" content=\"Est. reading time\" \/>\n\t<meta name=\"twitter:data1\" content=\"2 minutes\" \/>\n<script type=\"application\/ld+json\" class=\"yoast-schema-graph\">{\"@context\":\"https:\\\/\\\/schema.org\",\"@graph\":[{\"@type\":\"WebPage\",\"@id\":\"https:\\\/\\\/www.andrefrereditions.com\\\/en\\\/books\\\/photography\\\/torso\\\/\",\"url\":\"https:\\\/\\\/www.andrefrereditions.com\\\/en\\\/books\\\/photography\\\/torso\\\/\",\"name\":\"Torso \u2014 Nicolas Wormull | Andr\u00e9 Fr\u00e8re \u00c9ditions\",\"isPartOf\":{\"@id\":\"https:\\\/\\\/www.andrefrereditions.com\\\/en\\\/#website\"},\"primaryImageOfPage\":{\"@id\":\"https:\\\/\\\/www.andrefrereditions.com\\\/en\\\/books\\\/photography\\\/torso\\\/#primaryimage\"},\"image\":{\"@id\":\"https:\\\/\\\/www.andrefrereditions.com\\\/en\\\/books\\\/photography\\\/torso\\\/#primaryimage\"},\"thumbnailUrl\":\"https:\\\/\\\/www.andrefrereditions.com\\\/wp-content\\\/uploads\\\/2017\\\/06\\\/torso-couverture-andre-frere-editions.png\",\"datePublished\":\"2017-06-14T07:36:03+00:00\",\"dateModified\":\"2025-06-26T09:14:53+00:00\",\"description\":\"Torso, a photo book by Nicolas Wormull published by Andr\u00e9 Fr\u00e8re \u00c9ditions\",\"breadcrumb\":{\"@id\":\"https:\\\/\\\/www.andrefrereditions.com\\\/en\\\/books\\\/photography\\\/torso\\\/#breadcrumb\"},\"inLanguage\":\"en-US\",\"potentialAction\":[{\"@type\":\"ReadAction\",\"target\":[\"https:\\\/\\\/www.andrefrereditions.com\\\/en\\\/books\\\/photography\\\/torso\\\/\"]}]},{\"@type\":\"ImageObject\",\"inLanguage\":\"en-US\",\"@id\":\"https:\\\/\\\/www.andrefrereditions.com\\\/en\\\/books\\\/photography\\\/torso\\\/#primaryimage\",\"url\":\"https:\\\/\\\/www.andrefrereditions.com\\\/wp-content\\\/uploads\\\/2017\\\/06\\\/torso-couverture-andre-frere-editions.png\",\"contentUrl\":\"https:\\\/\\\/www.andrefrereditions.com\\\/wp-content\\\/uploads\\\/2017\\\/06\\\/torso-couverture-andre-frere-editions.png\",\"width\":297,\"height\":420},{\"@type\":\"BreadcrumbList\",\"@id\":\"https:\\\/\\\/www.andrefrereditions.com\\\/en\\\/books\\\/photography\\\/torso\\\/#breadcrumb\",\"itemListElement\":[{\"@type\":\"ListItem\",\"position\":1,\"name\":\"Home\",\"item\":\"https:\\\/\\\/www.andrefrereditions.com\\\/en\\\/\"},{\"@type\":\"ListItem\",\"position\":2,\"name\":\"Books\",\"item\":\"https:\\\/\\\/www.andrefrereditions.com\\\/en\\\/books\\\/\"},{\"@type\":\"ListItem\",\"position\":3,\"name\":\"Torso\"}]},{\"@type\":\"WebSite\",\"@id\":\"https:\\\/\\\/www.andrefrereditions.com\\\/en\\\/#website\",\"url\":\"https:\\\/\\\/www.andrefrereditions.com\\\/en\\\/\",\"name\":\"Andr\u00e9 Fr\u00e8re \u00c9ditions\",\"description\":\"\u00c9dition ind\u00e9pendante de photographie et d\u2019art\",\"publisher\":{\"@id\":\"https:\\\/\\\/www.andrefrereditions.com\\\/en\\\/#organization\"},\"potentialAction\":[{\"@type\":\"SearchAction\",\"target\":{\"@type\":\"EntryPoint\",\"urlTemplate\":\"https:\\\/\\\/www.andrefrereditions.com\\\/en\\\/?s={search_term_string}\"},\"query-input\":{\"@type\":\"PropertyValueSpecification\",\"valueRequired\":true,\"valueName\":\"search_term_string\"}}],\"inLanguage\":\"en-US\"},{\"@type\":\"Organization\",\"@id\":\"https:\\\/\\\/www.andrefrereditions.com\\\/en\\\/#organization\",\"name\":\"Andr\u00e9 Fr\u00e8re \u00c9ditions\",\"url\":\"https:\\\/\\\/www.andrefrereditions.com\\\/en\\\/\",\"logo\":{\"@type\":\"ImageObject\",\"inLanguage\":\"en-US\",\"@id\":\"https:\\\/\\\/www.andrefrereditions.com\\\/en\\\/#\\\/schema\\\/logo\\\/image\\\/\",\"url\":\"https:\\\/\\\/www.andrefrereditions.com\\\/wp-content\\\/uploads\\\/2014\\\/12\\\/andre-frere-editions-logo.png\",\"contentUrl\":\"https:\\\/\\\/www.andrefrereditions.com\\\/wp-content\\\/uploads\\\/2014\\\/12\\\/andre-frere-editions-logo.png\",\"width\":80,\"height\":79,\"caption\":\"Andr\u00e9 Fr\u00e8re \u00c9ditions\"},\"image\":{\"@id\":\"https:\\\/\\\/www.andrefrereditions.com\\\/en\\\/#\\\/schema\\\/logo\\\/image\\\/\"}}]}<\/script>\n<!-- \/ Yoast SEO plugin. -->","yoast_head_json":{"title":"Torso \u2014 Nicolas Wormull | Andr\u00e9 Fr\u00e8re \u00c9ditions","description":"Torso, a photo book by Nicolas Wormull published by Andr\u00e9 Fr\u00e8re \u00c9ditions","robots":{"index":"index","follow":"follow","max-snippet":"max-snippet:-1","max-image-preview":"max-image-preview:large","max-video-preview":"max-video-preview:-1"},"canonical":"https:\/\/www.andrefrereditions.com\/en\/books\/photography\/torso\/","og_locale":"en_US","og_type":"article","og_title":"Torso \u2014 Nicolas Wormull | Andr\u00e9 Fr\u00e8re \u00c9ditions","og_description":"Torso, a photo book by Nicolas Wormull published by Andr\u00e9 Fr\u00e8re \u00c9ditions","og_url":"https:\/\/www.andrefrereditions.com\/en\/books\/photography\/torso\/","og_site_name":"Andr\u00e9 Fr\u00e8re \u00c9ditions","article_modified_time":"2025-06-26T09:14:53+00:00","og_image":[{"width":297,"height":420,"url":"https:\/\/www.andrefrereditions.com\/wp-content\/uploads\/2017\/06\/torso-couverture-andre-frere-editions.png","type":"image\/png"}],"twitter_misc":{"Est. reading time":"2 minutes"},"schema":{"@context":"https:\/\/schema.org","@graph":[{"@type":"WebPage","@id":"https:\/\/www.andrefrereditions.com\/en\/books\/photography\/torso\/","url":"https:\/\/www.andrefrereditions.com\/en\/books\/photography\/torso\/","name":"Torso \u2014 Nicolas Wormull | Andr\u00e9 Fr\u00e8re \u00c9ditions","isPartOf":{"@id":"https:\/\/www.andrefrereditions.com\/en\/#website"},"primaryImageOfPage":{"@id":"https:\/\/www.andrefrereditions.com\/en\/books\/photography\/torso\/#primaryimage"},"image":{"@id":"https:\/\/www.andrefrereditions.com\/en\/books\/photography\/torso\/#primaryimage"},"thumbnailUrl":"https:\/\/www.andrefrereditions.com\/wp-content\/uploads\/2017\/06\/torso-couverture-andre-frere-editions.png","datePublished":"2017-06-14T07:36:03+00:00","dateModified":"2025-06-26T09:14:53+00:00","description":"Torso, a photo book by Nicolas Wormull published by Andr\u00e9 Fr\u00e8re \u00c9ditions","breadcrumb":{"@id":"https:\/\/www.andrefrereditions.com\/en\/books\/photography\/torso\/#breadcrumb"},"inLanguage":"en-US","potentialAction":[{"@type":"ReadAction","target":["https:\/\/www.andrefrereditions.com\/en\/books\/photography\/torso\/"]}]},{"@type":"ImageObject","inLanguage":"en-US","@id":"https:\/\/www.andrefrereditions.com\/en\/books\/photography\/torso\/#primaryimage","url":"https:\/\/www.andrefrereditions.com\/wp-content\/uploads\/2017\/06\/torso-couverture-andre-frere-editions.png","contentUrl":"https:\/\/www.andrefrereditions.com\/wp-content\/uploads\/2017\/06\/torso-couverture-andre-frere-editions.png","width":297,"height":420},{"@type":"BreadcrumbList","@id":"https:\/\/www.andrefrereditions.com\/en\/books\/photography\/torso\/#breadcrumb","itemListElement":[{"@type":"ListItem","position":1,"name":"Home","item":"https:\/\/www.andrefrereditions.com\/en\/"},{"@type":"ListItem","position":2,"name":"Books","item":"https:\/\/www.andrefrereditions.com\/en\/books\/"},{"@type":"ListItem","position":3,"name":"Torso"}]},{"@type":"WebSite","@id":"https:\/\/www.andrefrereditions.com\/en\/#website","url":"https:\/\/www.andrefrereditions.com\/en\/","name":"Andr\u00e9 Fr\u00e8re \u00c9ditions","description":"\u00c9dition ind\u00e9pendante de photographie et d\u2019art","publisher":{"@id":"https:\/\/www.andrefrereditions.com\/en\/#organization"},"potentialAction":[{"@type":"SearchAction","target":{"@type":"EntryPoint","urlTemplate":"https:\/\/www.andrefrereditions.com\/en\/?s={search_term_string}"},"query-input":{"@type":"PropertyValueSpecification","valueRequired":true,"valueName":"search_term_string"}}],"inLanguage":"en-US"},{"@type":"Organization","@id":"https:\/\/www.andrefrereditions.com\/en\/#organization","name":"Andr\u00e9 Fr\u00e8re \u00c9ditions","url":"https:\/\/www.andrefrereditions.com\/en\/","logo":{"@type":"ImageObject","inLanguage":"en-US","@id":"https:\/\/www.andrefrereditions.com\/en\/#\/schema\/logo\/image\/","url":"https:\/\/www.andrefrereditions.com\/wp-content\/uploads\/2014\/12\/andre-frere-editions-logo.png","contentUrl":"https:\/\/www.andrefrereditions.com\/wp-content\/uploads\/2014\/12\/andre-frere-editions-logo.png","width":80,"height":79,"caption":"Andr\u00e9 Fr\u00e8re \u00c9ditions"},"image":{"@id":"https:\/\/www.andrefrereditions.com\/en\/#\/schema\/logo\/image\/"}}]}},"_links":{"self":[{"href":"https:\/\/www.andrefrereditions.com\/en\/wp-json\/wp\/v2\/product\/7579","targetHints":{"allow":["GET"]}}],"collection":[{"href":"https:\/\/www.andrefrereditions.com\/en\/wp-json\/wp\/v2\/product"}],"about":[{"href":"https:\/\/www.andrefrereditions.com\/en\/wp-json\/wp\/v2\/types\/product"}],"wp:featuredmedia":[{"embeddable":true,"href":"https:\/\/www.andrefrereditions.com\/en\/wp-json\/wp\/v2\/media\/7558"}],"wp:attachment":[{"href":"https:\/\/www.andrefrereditions.com\/en\/wp-json\/wp\/v2\/media?parent=7579"}],"wp:term":[{"taxonomy":"product_brand","embeddable":true,"href":"https:\/\/www.andrefrereditions.com\/en\/wp-json\/wp\/v2\/product_brand?post=7579"},{"taxonomy":"product_cat","embeddable":true,"href":"https:\/\/www.andrefrereditions.com\/en\/wp-json\/wp\/v2\/product_cat?post=7579"},{"taxonomy":"product_tag","embeddable":true,"href":"https:\/\/www.andrefrereditions.com\/en\/wp-json\/wp\/v2\/product_tag?post=7579"}],"curies":[{"name":"wp","href":"https:\/\/api.w.org\/{rel}","templated":true}]}}