{"id":7641,"date":"2017-08-03T10:01:51","date_gmt":"2017-08-03T08:23:57","guid":{"rendered":"http:\/\/www.andrefrereditions.com\/en\/?post_type=product&#038;p=7641"},"modified":"2025-06-26T11:19:05","modified_gmt":"2025-06-26T09:19:05","slug":"regla","status":"publish","type":"product","link":"https:\/\/www.andrefrereditions.com\/en\/books\/photography\/regla\/","title":{"rendered":"Regla"},"content":{"rendered":"<ul class=\"infos-livre\">\n<li>Photographs: <a href=\"http:\/\/www.nicolalocalzo.com\" target=\"_blank\" rel=\"noopener\">Nicola Lo Calzo<\/a><\/li>\n<li>Texts: Nicola Lo Calzo, <a href=\"http:\/\/www.afrocubaweb.com\/ivormiller\/ivormiller.htm\" target=\"_blank\" rel=\"noopener\">Ivor Miller<\/a>, Pap\u00e1 Humbertico<\/li>\n<li>144 pages<\/li>\n<li>19 x 24 cm<\/li>\n<li>70 colour photographs<\/li>\n<li>Hardcover<\/li>\n<li>French \/ Spanish<\/li>\n<li>\u20ac 35 \u2013 \u20ac 350<\/li>\n<li>ISBN: 979-10-92265-60-6<\/li>\n<\/ul>\n<h2>A special edition<\/h2>\n<p>This collection books is sold signed, with an original picture signed and numbered.<\/p>\n<p>A choice between <strong>two pictures<\/strong> from the book is proposed, numbering below 1 to 2. Each print is available in <strong>6 copies only,<\/strong> size 16 x 20 cm in paper format 18,5 x 22,5 cm at a unit price of 350 \u20ac.<\/p>\n<p><strong>N\u00ba1 <a class=\"in_page_button\" href=\"\/panier\/?add-to-cart=7641&amp;variation_id=12111&amp;attribute_pa_version=special-edition-1&amp;quantity=1\">Add to cart<\/a><\/strong><br \/>\n<img loading=\"lazy\" decoding=\"async\" class=\"alignnone size-full wp-image-7913\" src=\"https:\/\/www.andrefrereditions.com\/wp-content\/uploads\/2017\/12\/regia-nicolas-lo-celzo-edition-speciale-1-andre-frere-editions.jpg\" alt=\"regia-nicolas-lo-celzo-edition-speciale-1-andre-frere-editions\" width=\"430\" height=\"538\" srcset=\"https:\/\/www.andrefrereditions.com\/wp-content\/uploads\/2017\/12\/regia-nicolas-lo-celzo-edition-speciale-1-andre-frere-editions.jpg 430w, https:\/\/www.andrefrereditions.com\/wp-content\/uploads\/2017\/12\/regia-nicolas-lo-celzo-edition-speciale-1-andre-frere-editions-420x525.jpg 420w, https:\/\/www.andrefrereditions.com\/wp-content\/uploads\/2017\/12\/regia-nicolas-lo-celzo-edition-speciale-1-andre-frere-editions-240x300.jpg 240w\" sizes=\"auto, (max-width: 430px) 100vw, 430px\" \/><\/p>\n<p><strong>N\u00ba2 <a class=\"in_page_button\" href=\"\/panier\/?add-to-cart=7641&amp;variation_id=12112&amp;attribute_pa_version=special-edition-2&amp;quantity=1\">Add to cart<\/a><\/strong><br \/>\n<img loading=\"lazy\" decoding=\"async\" class=\"alignnone size-full wp-image-7915\" src=\"https:\/\/www.andrefrereditions.com\/wp-content\/uploads\/2017\/12\/regia-nicolas-lo-celzo-edition-speciale-2-andre-frere-editions.jpg\" alt=\"regia-nicolas-lo-celzo-edition-speciale-2-andre-frere-editions\" width=\"430\" height=\"344\" srcset=\"https:\/\/www.andrefrereditions.com\/wp-content\/uploads\/2017\/12\/regia-nicolas-lo-celzo-edition-speciale-2-andre-frere-editions.jpg 430w, https:\/\/www.andrefrereditions.com\/wp-content\/uploads\/2017\/12\/regia-nicolas-lo-celzo-edition-speciale-2-andre-frere-editions-420x336.jpg 420w, https:\/\/www.andrefrereditions.com\/wp-content\/uploads\/2017\/12\/regia-nicolas-lo-celzo-edition-speciale-2-andre-frere-editions-300x240.jpg 300w\" sizes=\"auto, (max-width: 430px) 100vw, 430px\" \/><\/p>\n<h2>The book<\/h2>\n<p>The brilliant images in Nicola Lo Calzo\u2019s \u201cRegla\u201d move straight into profound Cuba, starting from \u00c9kue (performed masks as living ancestors) to palenque (camps of escapees from European plantations) and comparsa (carnival dance troupes mobilized from colonial African \u2018nation-groups\u2019) whose altars display protective spirit figures in Catholic, indigenous and African forms.<\/p>\n<p><img loading=\"lazy\" decoding=\"async\" class=\"alignnone size-full wp-image-7625\" src=\"https:\/\/www.andrefrereditions.com\/wp-content\/uploads\/2017\/08\/regia-nicolas-lo-celzo-andre-frere-editions_1.jpg\" alt=\"regia-nicolas-lo-celzo-andre-frere-editions_1\" width=\"430\" height=\"343\" srcset=\"https:\/\/www.andrefrereditions.com\/wp-content\/uploads\/2017\/08\/regia-nicolas-lo-celzo-andre-frere-editions_1.jpg 430w, https:\/\/www.andrefrereditions.com\/wp-content\/uploads\/2017\/08\/regia-nicolas-lo-celzo-andre-frere-editions_1-420x335.jpg 420w, https:\/\/www.andrefrereditions.com\/wp-content\/uploads\/2017\/08\/regia-nicolas-lo-celzo-andre-frere-editions_1-300x239.jpg 300w\" sizes=\"auto, (max-width: 430px) 100vw, 430px\" \/><\/p>\n<p>He also shows the fort (the architecture of colonial strongholds), the horse (the Iberian transportation system) and European feudal costumes recycled by the colonized as signs of prestige in African-derived protection systems where the real leaders are sacred drums, \u2018fed\u2019, protected from police and bowed down to by generations of initiates.<\/p>\n<p><img loading=\"lazy\" decoding=\"async\" class=\"alignnone size-full wp-image-7627\" src=\"https:\/\/www.andrefrereditions.com\/wp-content\/uploads\/2017\/08\/regia-nicolas-lo-celzo-andre-frere-editions_2.jpg\" alt=\"regia-nicolas-lo-celzo-andre-frere-editions_2\" width=\"430\" height=\"536\" srcset=\"https:\/\/www.andrefrereditions.com\/wp-content\/uploads\/2017\/08\/regia-nicolas-lo-celzo-andre-frere-editions_2.jpg 430w, https:\/\/www.andrefrereditions.com\/wp-content\/uploads\/2017\/08\/regia-nicolas-lo-celzo-andre-frere-editions_2-420x524.jpg 420w, https:\/\/www.andrefrereditions.com\/wp-content\/uploads\/2017\/08\/regia-nicolas-lo-celzo-andre-frere-editions_2-241x300.jpg 241w\" sizes=\"auto, (max-width: 430px) 100vw, 430px\" \/><\/p>\n<p><img loading=\"lazy\" decoding=\"async\" class=\"alignnone size-full wp-image-7629\" src=\"https:\/\/www.andrefrereditions.com\/wp-content\/uploads\/2017\/08\/regia-nicolas-lo-celzo-andre-frere-editions_3.jpg\" alt=\"regia-nicolas-lo-celzo-andre-frere-editions_3\" width=\"430\" height=\"339\" srcset=\"https:\/\/www.andrefrereditions.com\/wp-content\/uploads\/2017\/08\/regia-nicolas-lo-celzo-andre-frere-editions_3.jpg 430w, https:\/\/www.andrefrereditions.com\/wp-content\/uploads\/2017\/08\/regia-nicolas-lo-celzo-andre-frere-editions_3-420x331.jpg 420w, https:\/\/www.andrefrereditions.com\/wp-content\/uploads\/2017\/08\/regia-nicolas-lo-celzo-andre-frere-editions_3-300x237.jpg 300w\" sizes=\"auto, (max-width: 430px) 100vw, 430px\" \/><\/p>\n<p>The photographer then deftly turns to the freemasons (European migrants who sided with the independence cause) and the rites of the Abaku\u00e1 or \u2018African freemasonry\u2019 (an autonomous, hermetic, male, urban palenque), visibly more popular still than the signs of \u2018modernity\u2019 sported by hip-hop, mobile-phoning and skateboarding youth.<\/p>\n<p><img loading=\"lazy\" decoding=\"async\" class=\"alignnone size-full wp-image-7631\" src=\"https:\/\/www.andrefrereditions.com\/wp-content\/uploads\/2017\/08\/regia-nicolas-lo-celzo-andre-frere-editions_4.jpg\" alt=\"regia-nicolas-lo-celzo-andre-frere-editions_4\" width=\"430\" height=\"339\" srcset=\"https:\/\/www.andrefrereditions.com\/wp-content\/uploads\/2017\/08\/regia-nicolas-lo-celzo-andre-frere-editions_4.jpg 430w, https:\/\/www.andrefrereditions.com\/wp-content\/uploads\/2017\/08\/regia-nicolas-lo-celzo-andre-frere-editions_4-420x331.jpg 420w, https:\/\/www.andrefrereditions.com\/wp-content\/uploads\/2017\/08\/regia-nicolas-lo-celzo-andre-frere-editions_4-300x237.jpg 300w\" sizes=\"auto, (max-width: 430px) 100vw, 430px\" \/><\/p>\n<p><img loading=\"lazy\" decoding=\"async\" class=\"alignnone size-full wp-image-7633\" src=\"https:\/\/www.andrefrereditions.com\/wp-content\/uploads\/2017\/08\/regia-nicolas-lo-celzo-andre-frere-editions_5.jpg\" alt=\"regia-nicolas-lo-celzo-andre-frere-editions_5\" width=\"430\" height=\"339\" srcset=\"https:\/\/www.andrefrereditions.com\/wp-content\/uploads\/2017\/08\/regia-nicolas-lo-celzo-andre-frere-editions_5.jpg 430w, https:\/\/www.andrefrereditions.com\/wp-content\/uploads\/2017\/08\/regia-nicolas-lo-celzo-andre-frere-editions_5-420x331.jpg 420w, https:\/\/www.andrefrereditions.com\/wp-content\/uploads\/2017\/08\/regia-nicolas-lo-celzo-andre-frere-editions_5-300x237.jpg 300w\" sizes=\"auto, (max-width: 430px) 100vw, 430px\" \/><\/p>\n<p>\u201cLa rumba no es como ayer\u201d (the rumba&#8217;s not like it used to be) as the elders once sang to provoke and instruct. But the rumba continues in the psyche of the Cuban \u2018people-people\u2019, descendants of the palenque, the enslaved, the rebels, whose ground zero remains firmly located the fundamentos, the \u2018spiritual foundations\u2019 planted down centuries ago by African forced migrants for healing and protection.<\/p>\n<p><img loading=\"lazy\" decoding=\"async\" class=\"alignnone size-full wp-image-7635\" src=\"https:\/\/www.andrefrereditions.com\/wp-content\/uploads\/2017\/08\/regia-nicolas-lo-celzo-andre-frere-editions_6.jpg\" alt=\"regia-nicolas-lo-celzo-andre-frere-editions_6\" width=\"430\" height=\"339\" srcset=\"https:\/\/www.andrefrereditions.com\/wp-content\/uploads\/2017\/08\/regia-nicolas-lo-celzo-andre-frere-editions_6.jpg 430w, https:\/\/www.andrefrereditions.com\/wp-content\/uploads\/2017\/08\/regia-nicolas-lo-celzo-andre-frere-editions_6-420x331.jpg 420w, https:\/\/www.andrefrereditions.com\/wp-content\/uploads\/2017\/08\/regia-nicolas-lo-celzo-andre-frere-editions_6-300x237.jpg 300w\" sizes=\"auto, (max-width: 430px) 100vw, 430px\" \/><\/p>\n<p><img loading=\"lazy\" decoding=\"async\" class=\"alignnone size-full wp-image-7637\" src=\"https:\/\/www.andrefrereditions.com\/wp-content\/uploads\/2017\/08\/regia-nicolas-lo-celzo-andre-frere-editions_7.jpg\" alt=\"regia-nicolas-lo-celzo-andre-frere-editions_7\" width=\"430\" height=\"536\" \/><\/p>\n<p>Today these historical shrines are maintained against perils of erasure and forgetfulness, and paradoxically, to approach them backwards in linear time through collective ritual and inherited myth carries the majority of the Cuban people forward.<\/p>\n<p><img loading=\"lazy\" decoding=\"async\" class=\"alignnone size-full wp-image-7639\" src=\"https:\/\/www.andrefrereditions.com\/wp-content\/uploads\/2017\/08\/regia-nicolas-lo-celzo-andre-frere-editions_8.jpg\" alt=\"regia-nicolas-lo-celzo-andre-frere-editions_8\" width=\"430\" height=\"339\" srcset=\"https:\/\/www.andrefrereditions.com\/wp-content\/uploads\/2017\/08\/regia-nicolas-lo-celzo-andre-frere-editions_8.jpg 430w, https:\/\/www.andrefrereditions.com\/wp-content\/uploads\/2017\/08\/regia-nicolas-lo-celzo-andre-frere-editions_8-420x331.jpg 420w, https:\/\/www.andrefrereditions.com\/wp-content\/uploads\/2017\/08\/regia-nicolas-lo-celzo-andre-frere-editions_8-300x237.jpg 300w\" sizes=\"auto, (max-width: 430px) 100vw, 430px\" \/><\/p>\n<blockquote><p>Nicola presents a magnificent view into current Cuban uncertainty, where the themes of marronage and resistance offer an alternative to the twin towers of communist regimentation and touristic exotica, both reliant on folkloric kitsch. Instead, the autonomous and historically continuous Abaku\u00e1 represents self-curation and definition, answering the Cuban Kongos rhetorical question: \u00a1\u00bfSomos o no somos?! (\u2018Are we, or are we not\u2019!)<br \/>\n<cite>Dr. Ivor L. Miller, University of Calabar, Cross River State, Nigeria<\/cite><\/p><\/blockquote>\n","protected":false},"excerpt":{"rendered":"<p>Photographs: Nicola Lo Calzo Texts: Nicola Lo Calzo, Ivor Miller, Pap\u00e1 Humbertico 144 pages 19 x 24 cm 70 colour photographs Hardcover French \/ Spanish \u20ac 35 \u2013 \u20ac 350 ISBN: 979-10-92265-60-6 A special edition This collection books is sold signed, with an original picture signed and numbered. A choice between two pictures from the [&hellip;]<\/p>\n","protected":false},"featured_media":7624,"template":"","meta":[],"product_brand":[],"product_cat":[37],"product_tag":[],"class_list":{"0":"post-7641","1":"product","2":"type-product","3":"status-publish","4":"has-post-thumbnail","6":"product_cat-photography","7":"product_shipping_class-c3-en","9":"first","10":"instock","11":"shipping-taxable","12":"purchasable","13":"product-type-variable"},"yoast_head":"<!-- This site is optimized with the Yoast SEO plugin v27.6 - https:\/\/yoast.com\/product\/yoast-seo-wordpress\/ -->\n<title>Regla | Nicola Lo Calzo<\/title>\n<meta name=\"description\" content=\"Regla par Nicola Lo Calzo dans la cat\u00e9gorie Photography. Publi\u00e9 par Andr\u00e9 Fr\u00e8re \u00c9ditions.\" \/>\n<meta name=\"robots\" content=\"index, follow, max-snippet:-1, max-image-preview:large, max-video-preview:-1\" \/>\n<link rel=\"canonical\" href=\"https:\/\/www.andrefrereditions.com\/en\/books\/photography\/regla\/\" \/>\n<meta property=\"og:locale\" content=\"en_US\" \/>\n<meta property=\"og:type\" content=\"article\" \/>\n<meta property=\"og:title\" content=\"Regla | Nicola Lo Calzo\" \/>\n<meta property=\"og:description\" content=\"Regla par Nicola Lo Calzo dans la cat\u00e9gorie Photography. Publi\u00e9 par Andr\u00e9 Fr\u00e8re \u00c9ditions.\" \/>\n<meta property=\"og:url\" content=\"https:\/\/www.andrefrereditions.com\/en\/books\/photography\/regla\/\" \/>\n<meta property=\"og:site_name\" content=\"Andr\u00e9 Fr\u00e8re \u00c9ditions\" \/>\n<meta property=\"article:modified_time\" content=\"2025-06-26T09:19:05+00:00\" \/>\n<meta property=\"og:image\" content=\"https:\/\/www.andrefrereditions.com\/wp-content\/uploads\/2017\/08\/regia-nicolas-lo-celzo-couverture-andre-frere-editions.jpg\" \/>\n\t<meta property=\"og:image:width\" content=\"337\" \/>\n\t<meta property=\"og:image:height\" content=\"420\" \/>\n\t<meta property=\"og:image:type\" content=\"image\/jpeg\" \/>\n<meta name=\"twitter:label1\" content=\"Est. reading time\" \/>\n\t<meta name=\"twitter:data1\" content=\"5 minutes\" \/>\n<script type=\"application\/ld+json\" class=\"yoast-schema-graph\">{\"@context\":\"https:\\\/\\\/schema.org\",\"@graph\":[{\"@type\":\"WebPage\",\"@id\":\"https:\\\/\\\/www.andrefrereditions.com\\\/en\\\/books\\\/photography\\\/regla\\\/\",\"url\":\"https:\\\/\\\/www.andrefrereditions.com\\\/en\\\/books\\\/photography\\\/regla\\\/\",\"name\":\"Regla | Nicola Lo Calzo\",\"isPartOf\":{\"@id\":\"https:\\\/\\\/www.andrefrereditions.com\\\/en\\\/#website\"},\"primaryImageOfPage\":{\"@id\":\"https:\\\/\\\/www.andrefrereditions.com\\\/en\\\/books\\\/photography\\\/regla\\\/#primaryimage\"},\"image\":{\"@id\":\"https:\\\/\\\/www.andrefrereditions.com\\\/en\\\/books\\\/photography\\\/regla\\\/#primaryimage\"},\"thumbnailUrl\":\"https:\\\/\\\/www.andrefrereditions.com\\\/wp-content\\\/uploads\\\/2017\\\/08\\\/regia-nicolas-lo-celzo-couverture-andre-frere-editions.jpg\",\"datePublished\":\"2017-08-03T08:23:57+00:00\",\"dateModified\":\"2025-06-26T09:19:05+00:00\",\"description\":\"Regla par Nicola Lo Calzo dans la cat\u00e9gorie Photography. Publi\u00e9 par Andr\u00e9 Fr\u00e8re \u00c9ditions.\",\"breadcrumb\":{\"@id\":\"https:\\\/\\\/www.andrefrereditions.com\\\/en\\\/books\\\/photography\\\/regla\\\/#breadcrumb\"},\"inLanguage\":\"en-US\",\"potentialAction\":[{\"@type\":\"ReadAction\",\"target\":[\"https:\\\/\\\/www.andrefrereditions.com\\\/en\\\/books\\\/photography\\\/regla\\\/\"]}]},{\"@type\":\"ImageObject\",\"inLanguage\":\"en-US\",\"@id\":\"https:\\\/\\\/www.andrefrereditions.com\\\/en\\\/books\\\/photography\\\/regla\\\/#primaryimage\",\"url\":\"https:\\\/\\\/www.andrefrereditions.com\\\/wp-content\\\/uploads\\\/2017\\\/08\\\/regia-nicolas-lo-celzo-couverture-andre-frere-editions.jpg\",\"contentUrl\":\"https:\\\/\\\/www.andrefrereditions.com\\\/wp-content\\\/uploads\\\/2017\\\/08\\\/regia-nicolas-lo-celzo-couverture-andre-frere-editions.jpg\",\"width\":337,\"height\":420},{\"@type\":\"BreadcrumbList\",\"@id\":\"https:\\\/\\\/www.andrefrereditions.com\\\/en\\\/books\\\/photography\\\/regla\\\/#breadcrumb\",\"itemListElement\":[{\"@type\":\"ListItem\",\"position\":1,\"name\":\"Home\",\"item\":\"https:\\\/\\\/www.andrefrereditions.com\\\/en\\\/\"},{\"@type\":\"ListItem\",\"position\":2,\"name\":\"Books\",\"item\":\"https:\\\/\\\/www.andrefrereditions.com\\\/en\\\/books\\\/\"},{\"@type\":\"ListItem\",\"position\":3,\"name\":\"Regla\"}]},{\"@type\":\"WebSite\",\"@id\":\"https:\\\/\\\/www.andrefrereditions.com\\\/en\\\/#website\",\"url\":\"https:\\\/\\\/www.andrefrereditions.com\\\/en\\\/\",\"name\":\"Andr\u00e9 Fr\u00e8re \u00c9ditions\",\"description\":\"\u00c9dition ind\u00e9pendante de photographie et d\u2019art\",\"publisher\":{\"@id\":\"https:\\\/\\\/www.andrefrereditions.com\\\/en\\\/#organization\"},\"potentialAction\":[{\"@type\":\"SearchAction\",\"target\":{\"@type\":\"EntryPoint\",\"urlTemplate\":\"https:\\\/\\\/www.andrefrereditions.com\\\/en\\\/?s={search_term_string}\"},\"query-input\":{\"@type\":\"PropertyValueSpecification\",\"valueRequired\":true,\"valueName\":\"search_term_string\"}}],\"inLanguage\":\"en-US\"},{\"@type\":\"Organization\",\"@id\":\"https:\\\/\\\/www.andrefrereditions.com\\\/en\\\/#organization\",\"name\":\"Andr\u00e9 Fr\u00e8re \u00c9ditions\",\"url\":\"https:\\\/\\\/www.andrefrereditions.com\\\/en\\\/\",\"logo\":{\"@type\":\"ImageObject\",\"inLanguage\":\"en-US\",\"@id\":\"https:\\\/\\\/www.andrefrereditions.com\\\/en\\\/#\\\/schema\\\/logo\\\/image\\\/\",\"url\":\"https:\\\/\\\/www.andrefrereditions.com\\\/wp-content\\\/uploads\\\/2014\\\/12\\\/andre-frere-editions-logo.png\",\"contentUrl\":\"https:\\\/\\\/www.andrefrereditions.com\\\/wp-content\\\/uploads\\\/2014\\\/12\\\/andre-frere-editions-logo.png\",\"width\":80,\"height\":79,\"caption\":\"Andr\u00e9 Fr\u00e8re \u00c9ditions\"},\"image\":{\"@id\":\"https:\\\/\\\/www.andrefrereditions.com\\\/en\\\/#\\\/schema\\\/logo\\\/image\\\/\"}}]}<\/script>\n<!-- \/ Yoast SEO plugin. -->","yoast_head_json":{"title":"Regla | Nicola Lo Calzo","description":"Regla par Nicola Lo Calzo dans la cat\u00e9gorie Photography. Publi\u00e9 par Andr\u00e9 Fr\u00e8re \u00c9ditions.","robots":{"index":"index","follow":"follow","max-snippet":"max-snippet:-1","max-image-preview":"max-image-preview:large","max-video-preview":"max-video-preview:-1"},"canonical":"https:\/\/www.andrefrereditions.com\/en\/books\/photography\/regla\/","og_locale":"en_US","og_type":"article","og_title":"Regla | Nicola Lo Calzo","og_description":"Regla par Nicola Lo Calzo dans la cat\u00e9gorie Photography. Publi\u00e9 par Andr\u00e9 Fr\u00e8re \u00c9ditions.","og_url":"https:\/\/www.andrefrereditions.com\/en\/books\/photography\/regla\/","og_site_name":"Andr\u00e9 Fr\u00e8re \u00c9ditions","article_modified_time":"2025-06-26T09:19:05+00:00","og_image":[{"width":337,"height":420,"url":"https:\/\/www.andrefrereditions.com\/wp-content\/uploads\/2017\/08\/regia-nicolas-lo-celzo-couverture-andre-frere-editions.jpg","type":"image\/jpeg"}],"twitter_misc":{"Est. reading time":"5 minutes"},"schema":{"@context":"https:\/\/schema.org","@graph":[{"@type":"WebPage","@id":"https:\/\/www.andrefrereditions.com\/en\/books\/photography\/regla\/","url":"https:\/\/www.andrefrereditions.com\/en\/books\/photography\/regla\/","name":"Regla | Nicola Lo Calzo","isPartOf":{"@id":"https:\/\/www.andrefrereditions.com\/en\/#website"},"primaryImageOfPage":{"@id":"https:\/\/www.andrefrereditions.com\/en\/books\/photography\/regla\/#primaryimage"},"image":{"@id":"https:\/\/www.andrefrereditions.com\/en\/books\/photography\/regla\/#primaryimage"},"thumbnailUrl":"https:\/\/www.andrefrereditions.com\/wp-content\/uploads\/2017\/08\/regia-nicolas-lo-celzo-couverture-andre-frere-editions.jpg","datePublished":"2017-08-03T08:23:57+00:00","dateModified":"2025-06-26T09:19:05+00:00","description":"Regla par Nicola Lo Calzo dans la cat\u00e9gorie Photography. Publi\u00e9 par Andr\u00e9 Fr\u00e8re \u00c9ditions.","breadcrumb":{"@id":"https:\/\/www.andrefrereditions.com\/en\/books\/photography\/regla\/#breadcrumb"},"inLanguage":"en-US","potentialAction":[{"@type":"ReadAction","target":["https:\/\/www.andrefrereditions.com\/en\/books\/photography\/regla\/"]}]},{"@type":"ImageObject","inLanguage":"en-US","@id":"https:\/\/www.andrefrereditions.com\/en\/books\/photography\/regla\/#primaryimage","url":"https:\/\/www.andrefrereditions.com\/wp-content\/uploads\/2017\/08\/regia-nicolas-lo-celzo-couverture-andre-frere-editions.jpg","contentUrl":"https:\/\/www.andrefrereditions.com\/wp-content\/uploads\/2017\/08\/regia-nicolas-lo-celzo-couverture-andre-frere-editions.jpg","width":337,"height":420},{"@type":"BreadcrumbList","@id":"https:\/\/www.andrefrereditions.com\/en\/books\/photography\/regla\/#breadcrumb","itemListElement":[{"@type":"ListItem","position":1,"name":"Home","item":"https:\/\/www.andrefrereditions.com\/en\/"},{"@type":"ListItem","position":2,"name":"Books","item":"https:\/\/www.andrefrereditions.com\/en\/books\/"},{"@type":"ListItem","position":3,"name":"Regla"}]},{"@type":"WebSite","@id":"https:\/\/www.andrefrereditions.com\/en\/#website","url":"https:\/\/www.andrefrereditions.com\/en\/","name":"Andr\u00e9 Fr\u00e8re \u00c9ditions","description":"\u00c9dition ind\u00e9pendante de photographie et d\u2019art","publisher":{"@id":"https:\/\/www.andrefrereditions.com\/en\/#organization"},"potentialAction":[{"@type":"SearchAction","target":{"@type":"EntryPoint","urlTemplate":"https:\/\/www.andrefrereditions.com\/en\/?s={search_term_string}"},"query-input":{"@type":"PropertyValueSpecification","valueRequired":true,"valueName":"search_term_string"}}],"inLanguage":"en-US"},{"@type":"Organization","@id":"https:\/\/www.andrefrereditions.com\/en\/#organization","name":"Andr\u00e9 Fr\u00e8re \u00c9ditions","url":"https:\/\/www.andrefrereditions.com\/en\/","logo":{"@type":"ImageObject","inLanguage":"en-US","@id":"https:\/\/www.andrefrereditions.com\/en\/#\/schema\/logo\/image\/","url":"https:\/\/www.andrefrereditions.com\/wp-content\/uploads\/2014\/12\/andre-frere-editions-logo.png","contentUrl":"https:\/\/www.andrefrereditions.com\/wp-content\/uploads\/2014\/12\/andre-frere-editions-logo.png","width":80,"height":79,"caption":"Andr\u00e9 Fr\u00e8re \u00c9ditions"},"image":{"@id":"https:\/\/www.andrefrereditions.com\/en\/#\/schema\/logo\/image\/"}}]}},"_links":{"self":[{"href":"https:\/\/www.andrefrereditions.com\/en\/wp-json\/wp\/v2\/product\/7641","targetHints":{"allow":["GET"]}}],"collection":[{"href":"https:\/\/www.andrefrereditions.com\/en\/wp-json\/wp\/v2\/product"}],"about":[{"href":"https:\/\/www.andrefrereditions.com\/en\/wp-json\/wp\/v2\/types\/product"}],"wp:featuredmedia":[{"embeddable":true,"href":"https:\/\/www.andrefrereditions.com\/en\/wp-json\/wp\/v2\/media\/7624"}],"wp:attachment":[{"href":"https:\/\/www.andrefrereditions.com\/en\/wp-json\/wp\/v2\/media?parent=7641"}],"wp:term":[{"taxonomy":"product_brand","embeddable":true,"href":"https:\/\/www.andrefrereditions.com\/en\/wp-json\/wp\/v2\/product_brand?post=7641"},{"taxonomy":"product_cat","embeddable":true,"href":"https:\/\/www.andrefrereditions.com\/en\/wp-json\/wp\/v2\/product_cat?post=7641"},{"taxonomy":"product_tag","embeddable":true,"href":"https:\/\/www.andrefrereditions.com\/en\/wp-json\/wp\/v2\/product_tag?post=7641"}],"curies":[{"name":"wp","href":"https:\/\/api.w.org\/{rel}","templated":true}]}}