{"id":7696,"date":"2017-08-24T17:42:42","date_gmt":"2017-08-25T16:36:50","guid":{"rendered":"http:\/\/www.andrefrereditions.com\/en\/?post_type=product&#038;p=7696"},"modified":"2025-06-26T11:18:54","modified_gmt":"2025-06-26T09:18:54","slug":"faubourg-treme","status":"publish","type":"product","link":"https:\/\/www.andrefrereditions.com\/en\/books\/photography\/faubourg-treme\/","title":{"rendered":"Faubourg Treme"},"content":{"rendered":"<ul class=\"infos-livre\">\n<li>Photographs: Alexis Pazoumian<\/li>\n<li>Text: Alexis Pazoumian and Jacques Denis<\/li>\n<li>120 pages<\/li>\n<li>format 24 x 30 cm<\/li>\n<li>Hardcover<\/li>\n<li>64 colour pictures<\/li>\n<li>ISBN : 979-10-92265-65-1<\/li>\n<li>\u20ac 37 \u2013 \u20ac 350<\/li>\n<\/ul>\n<h2>A special edition<\/h2>\n<p>Special edition of Faubourg Treme published by Andr\u00e9 Fr\u00e8re \u00c9ditions in 2017. This collection books is sold <strong>signed, with an original picture signed and numbered.<\/strong><\/p>\n<p>A choice between <strong>three pictures<\/strong> from the book is proposed, numbering below 1 to 3, to be mentioned when ordering. Each print is available in <strong>3 copies only,<\/strong> size 18 x 23 cm, in paper format 21 x 26 cm at a unit price of \u20ac350.<br \/>\n<strong>N\u00ba1 <a class=\"in_page_button\" href=\"\/panier\/?add-to-cart=7696&amp;variation_id=12119&amp;attribute_pa_version=special-edition-1&amp;quantity=1\">Add to cart<\/a><\/strong><br \/>\n<img loading=\"lazy\" decoding=\"async\" class=\"alignnone size-full wp-image-7895\" src=\"https:\/\/www.andrefrereditions.com\/wp-content\/uploads\/2017\/12\/faubourg-treme-alexis-pazoumian-edition-speciale-1-andre-frere-editions.jpg\" alt=\"faubourg-treme-alexis-pazoumian-edition-speciale-1-andre-frere-editions\" width=\"430\" height=\"343\" srcset=\"https:\/\/www.andrefrereditions.com\/wp-content\/uploads\/2017\/12\/faubourg-treme-alexis-pazoumian-edition-speciale-1-andre-frere-editions.jpg 430w, https:\/\/www.andrefrereditions.com\/wp-content\/uploads\/2017\/12\/faubourg-treme-alexis-pazoumian-edition-speciale-1-andre-frere-editions-420x335.jpg 420w, https:\/\/www.andrefrereditions.com\/wp-content\/uploads\/2017\/12\/faubourg-treme-alexis-pazoumian-edition-speciale-1-andre-frere-editions-300x239.jpg 300w\" sizes=\"auto, (max-width: 430px) 100vw, 430px\" \/><\/p>\n<p><strong>N\u00ba2 <a class=\"in_page_button\" href=\"\/panier\/?add-to-cart=7696&amp;variation_id=12120&amp;attribute_pa_version=special-edition-2&amp;quantity=1\">Add to cart<\/a><\/strong><br \/>\n<img loading=\"lazy\" decoding=\"async\" class=\"alignnone size-full wp-image-7897\" src=\"https:\/\/www.andrefrereditions.com\/wp-content\/uploads\/2017\/12\/faubourg-treme-alexis-pazoumian-edition-speciale-2-andre-frere-editions.jpg\" alt=\"faubourg-treme-alexis-pazoumian-edition-speciale-2-andre-frere-editions\" width=\"430\" height=\"347\" srcset=\"https:\/\/www.andrefrereditions.com\/wp-content\/uploads\/2017\/12\/faubourg-treme-alexis-pazoumian-edition-speciale-2-andre-frere-editions.jpg 430w, https:\/\/www.andrefrereditions.com\/wp-content\/uploads\/2017\/12\/faubourg-treme-alexis-pazoumian-edition-speciale-2-andre-frere-editions-420x339.jpg 420w, https:\/\/www.andrefrereditions.com\/wp-content\/uploads\/2017\/12\/faubourg-treme-alexis-pazoumian-edition-speciale-2-andre-frere-editions-300x242.jpg 300w\" sizes=\"auto, (max-width: 430px) 100vw, 430px\" \/><\/p>\n<p><strong>N\u00ba3 <a class=\"in_page_button\" href=\"\/panier\/?add-to-cart=7696&amp;variation_id=12121&amp;attribute_pa_version=special-edition-3&amp;quantity=1\">Add to cart<\/a><\/strong><br \/>\n<img loading=\"lazy\" decoding=\"async\" class=\"alignnone size-full wp-image-7899\" src=\"https:\/\/www.andrefrereditions.com\/wp-content\/uploads\/2017\/12\/faubourg-treme-alexis-pazoumian-edition-speciale-3-andre-frere-editions.jpg\" alt=\"faubourg-treme-alexis-pazoumian-edition-speciale-3-andre-frere-editions\" width=\"430\" height=\"325\" srcset=\"https:\/\/www.andrefrereditions.com\/wp-content\/uploads\/2017\/12\/faubourg-treme-alexis-pazoumian-edition-speciale-3-andre-frere-editions.jpg 430w, https:\/\/www.andrefrereditions.com\/wp-content\/uploads\/2017\/12\/faubourg-treme-alexis-pazoumian-edition-speciale-3-andre-frere-editions-420x317.jpg 420w, https:\/\/www.andrefrereditions.com\/wp-content\/uploads\/2017\/12\/faubourg-treme-alexis-pazoumian-edition-speciale-3-andre-frere-editions-300x227.jpg 300w\" sizes=\"auto, (max-width: 430px) 100vw, 430px\" \/><\/p>\n<h2>The book<\/h2>\n<p><img loading=\"lazy\" decoding=\"async\" class=\"alignnone size-full wp-image-7675\" src=\"https:\/\/www.andrefrereditions.com\/wp-content\/uploads\/2017\/08\/faubourg-treme-alexis-pazoumian-andre-frere-editions-1.jpg\" alt=\"faubourg-treme-alexis-pazoumian-andre-frere-editions-1\" width=\"430\" height=\"344\" srcset=\"https:\/\/www.andrefrereditions.com\/wp-content\/uploads\/2017\/08\/faubourg-treme-alexis-pazoumian-andre-frere-editions-1.jpg 430w, https:\/\/www.andrefrereditions.com\/wp-content\/uploads\/2017\/08\/faubourg-treme-alexis-pazoumian-andre-frere-editions-1-420x336.jpg 420w, https:\/\/www.andrefrereditions.com\/wp-content\/uploads\/2017\/08\/faubourg-treme-alexis-pazoumian-andre-frere-editions-1-300x240.jpg 300w\" sizes=\"auto, (max-width: 430px) 100vw, 430px\" \/><\/p>\n<p>\u201cThere are many similarities between Louisiana and my country of origin, Armenia. That they are a victim of a natural disaster or a crime against humanity, a doggedness of the history(story) bruised these populations, but never overcame, on the contrary even, their fighting spirit\u2026<\/p>\n<p><img loading=\"lazy\" decoding=\"async\" class=\"alignnone size-full wp-image-7677\" src=\"https:\/\/www.andrefrereditions.com\/wp-content\/uploads\/2017\/08\/faubourg-treme-alexis-pazoumian-andre-frere-editions-2.jpg\" alt=\"faubourg-treme-alexis-pazoumian-andre-frere-editions-2\" width=\"430\" height=\"567\" srcset=\"https:\/\/www.andrefrereditions.com\/wp-content\/uploads\/2017\/08\/faubourg-treme-alexis-pazoumian-andre-frere-editions-2.jpg 430w, https:\/\/www.andrefrereditions.com\/wp-content\/uploads\/2017\/08\/faubourg-treme-alexis-pazoumian-andre-frere-editions-2-420x554.jpg 420w, https:\/\/www.andrefrereditions.com\/wp-content\/uploads\/2017\/08\/faubourg-treme-alexis-pazoumian-andre-frere-editions-2-228x300.jpg 228w\" sizes=\"auto, (max-width: 430px) 100vw, 430px\" \/><\/p>\n<p>Here, as in my travels, I have witnessed a people faced with a key issue : the reconstruction. Despite the terrible adversity of life, in the rubble or precariousness, a strengh leads these people. A survival instinct transcend these women, men and children. It is this vital force which I wanted to retranscribe in this series, bringing me to these people, where the strength of their expression view each of my portraits.<\/p>\n<p><img loading=\"lazy\" decoding=\"async\" class=\"alignnone size-full wp-image-7679\" src=\"https:\/\/www.andrefrereditions.com\/wp-content\/uploads\/2017\/08\/faubourg-treme-alexis-pazoumian-andre-frere-editions-3.jpg\" alt=\"faubourg-treme-alexis-pazoumian-andre-frere-editions-3\" width=\"430\" height=\"344\" srcset=\"https:\/\/www.andrefrereditions.com\/wp-content\/uploads\/2017\/08\/faubourg-treme-alexis-pazoumian-andre-frere-editions-3.jpg 430w, https:\/\/www.andrefrereditions.com\/wp-content\/uploads\/2017\/08\/faubourg-treme-alexis-pazoumian-andre-frere-editions-3-420x336.jpg 420w, https:\/\/www.andrefrereditions.com\/wp-content\/uploads\/2017\/08\/faubourg-treme-alexis-pazoumian-andre-frere-editions-3-300x240.jpg 300w\" sizes=\"auto, (max-width: 430px) 100vw, 430px\" \/><\/p>\n<p>Music played a major role in this reconstruction. During the slave trade, the slaves were already meeting every Sunday on &#8220;Congo Square&#8221; to dance to the drums of their distant native land. Later, the &#8220;Creoles of color&#8221; or &#8220;free colored People&#8221; regularly gave concerts of brass instrument. Unknowingly, they put the bases of what would become one of the most fertile musical genres in the world : the Jazz. Since then, music has never left these places. On the contrary, it is mixed with many local cultures and interfererd in all aspects of life : religion, traditions education\u2026<\/p>\n<p><img loading=\"lazy\" decoding=\"async\" class=\"alignnone size-full wp-image-7681\" src=\"https:\/\/www.andrefrereditions.com\/wp-content\/uploads\/2017\/08\/faubourg-treme-alexis-pazoumian-andre-frere-editions-4.jpg\" alt=\"faubourg-treme-alexis-pazoumian-andre-frere-editions-4\" width=\"430\" height=\"337\" srcset=\"https:\/\/www.andrefrereditions.com\/wp-content\/uploads\/2017\/08\/faubourg-treme-alexis-pazoumian-andre-frere-editions-4.jpg 430w, https:\/\/www.andrefrereditions.com\/wp-content\/uploads\/2017\/08\/faubourg-treme-alexis-pazoumian-andre-frere-editions-4-420x329.jpg 420w, https:\/\/www.andrefrereditions.com\/wp-content\/uploads\/2017\/08\/faubourg-treme-alexis-pazoumian-andre-frere-editions-4-300x235.jpg 300w\" sizes=\"auto, (max-width: 430px) 100vw, 430px\" \/><\/p>\n<p>Ten years after the disaster of the hurricane Katrina, &#8220;Faubourg Treme&#8221; focuses on the daily lives of residents of Treme, legendary district of New Orleans, the birthplace of Afro-American culture. I decided to go and meet these people to follow them in their daily lives. For six months, I shared the life of these people. I noticed that the music was the key of this revival as an open door to the escape face the hostility of life.<\/p>\n<p><img loading=\"lazy\" decoding=\"async\" class=\"alignnone size-full wp-image-7683\" src=\"https:\/\/www.andrefrereditions.com\/wp-content\/uploads\/2017\/08\/faubourg-treme-alexis-pazoumian-andre-frere-editions-5.jpg\" alt=\"faubourg-treme-alexis-pazoumian-andre-frere-editions-5\" width=\"430\" height=\"344\" srcset=\"https:\/\/www.andrefrereditions.com\/wp-content\/uploads\/2017\/08\/faubourg-treme-alexis-pazoumian-andre-frere-editions-5.jpg 430w, https:\/\/www.andrefrereditions.com\/wp-content\/uploads\/2017\/08\/faubourg-treme-alexis-pazoumian-andre-frere-editions-5-420x336.jpg 420w, https:\/\/www.andrefrereditions.com\/wp-content\/uploads\/2017\/08\/faubourg-treme-alexis-pazoumian-andre-frere-editions-5-300x240.jpg 300w\" sizes=\"auto, (max-width: 430px) 100vw, 430px\" \/><\/p>\n<p>\u201cFaubourg Treme\u201d, this is the story of a neighborhood that survived. It is a tribute to the music, art life-saving and emancipating for these people. Art that has interfered in every aspect of life. Art that allowed people to live and resist.\u201d<\/p>\n<p><img loading=\"lazy\" decoding=\"async\" class=\"alignnone size-full wp-image-7685\" src=\"https:\/\/www.andrefrereditions.com\/wp-content\/uploads\/2017\/08\/faubourg-treme-alexis-pazoumian-andre-frere-editions-6.jpg\" alt=\"faubourg-treme-alexis-pazoumian-andre-frere-editions-6\" width=\"430\" height=\"553\" srcset=\"https:\/\/www.andrefrereditions.com\/wp-content\/uploads\/2017\/08\/faubourg-treme-alexis-pazoumian-andre-frere-editions-6.jpg 430w, https:\/\/www.andrefrereditions.com\/wp-content\/uploads\/2017\/08\/faubourg-treme-alexis-pazoumian-andre-frere-editions-6-420x540.jpg 420w, https:\/\/www.andrefrereditions.com\/wp-content\/uploads\/2017\/08\/faubourg-treme-alexis-pazoumian-andre-frere-editions-6-233x300.jpg 233w\" sizes=\"auto, (max-width: 430px) 100vw, 430px\" \/><\/p>\n<p><img loading=\"lazy\" decoding=\"async\" class=\"alignnone size-full wp-image-7687\" src=\"https:\/\/www.andrefrereditions.com\/wp-content\/uploads\/2017\/08\/faubourg-treme-alexis-pazoumian-andre-frere-editions-7.jpg\" alt=\"faubourg-treme-alexis-pazoumian-andre-frere-editions-7\" width=\"430\" height=\"331\" srcset=\"https:\/\/www.andrefrereditions.com\/wp-content\/uploads\/2017\/08\/faubourg-treme-alexis-pazoumian-andre-frere-editions-7.jpg 430w, https:\/\/www.andrefrereditions.com\/wp-content\/uploads\/2017\/08\/faubourg-treme-alexis-pazoumian-andre-frere-editions-7-420x323.jpg 420w, https:\/\/www.andrefrereditions.com\/wp-content\/uploads\/2017\/08\/faubourg-treme-alexis-pazoumian-andre-frere-editions-7-300x231.jpg 300w\" sizes=\"auto, (max-width: 430px) 100vw, 430px\" \/><\/p>\n","protected":false},"excerpt":{"rendered":"<p>Photographs: Alexis Pazoumian Text: Alexis Pazoumian and Jacques Denis 120 pages format 24 x 30 cm Hardcover 64 colour pictures ISBN : 979-10-92265-65-1 \u20ac 37 \u2013 \u20ac 350 A special edition Special edition of Faubourg Treme published by Andr\u00e9 Fr\u00e8re \u00c9ditions in 2017. This collection books is sold signed, with an original picture signed and [&hellip;]<\/p>\n","protected":false},"featured_media":7693,"template":"","meta":[],"product_brand":[],"product_cat":[37],"product_tag":[],"class_list":{"0":"post-7696","1":"product","2":"type-product","3":"status-publish","4":"has-post-thumbnail","6":"product_cat-photography","7":"product_shipping_class-c3-en","9":"first","10":"instock","11":"shipping-taxable","12":"purchasable","13":"product-type-variable"},"yoast_head":"<!-- This site is optimized with the Yoast SEO plugin v27.5 - https:\/\/yoast.com\/product\/yoast-seo-wordpress\/ -->\n<title>Faubourg Treme | Andr\u00e9 Fr\u00e8re \u00c9ditions<\/title>\n<meta name=\"description\" content=\"Faubourg Treme par Alexis Pazoumian dans la cat\u00e9gorie Photography. Publi\u00e9 par Andr\u00e9 Fr\u00e8re \u00c9ditions.\" \/>\n<meta name=\"robots\" content=\"index, follow, max-snippet:-1, max-image-preview:large, max-video-preview:-1\" \/>\n<link rel=\"canonical\" href=\"https:\/\/www.andrefrereditions.com\/en\/books\/photography\/faubourg-treme\/\" \/>\n<meta property=\"og:locale\" content=\"en_US\" \/>\n<meta property=\"og:type\" content=\"article\" \/>\n<meta property=\"og:title\" content=\"Faubourg Treme | Andr\u00e9 Fr\u00e8re \u00c9ditions\" \/>\n<meta property=\"og:description\" content=\"Faubourg Treme par Alexis Pazoumian dans la cat\u00e9gorie Photography. Publi\u00e9 par Andr\u00e9 Fr\u00e8re \u00c9ditions.\" \/>\n<meta property=\"og:url\" content=\"https:\/\/www.andrefrereditions.com\/en\/books\/photography\/faubourg-treme\/\" \/>\n<meta property=\"og:site_name\" content=\"Andr\u00e9 Fr\u00e8re \u00c9ditions\" \/>\n<meta property=\"article:modified_time\" content=\"2025-06-26T09:18:54+00:00\" \/>\n<meta property=\"og:image\" content=\"https:\/\/www.andrefrereditions.com\/wp-content\/uploads\/2017\/08\/faubourg-treme-alexis-pazoumian-couverture-andre-frere.jpg\" \/>\n\t<meta property=\"og:image:width\" content=\"339\" \/>\n\t<meta property=\"og:image:height\" content=\"420\" \/>\n\t<meta property=\"og:image:type\" content=\"image\/jpeg\" \/>\n<meta name=\"twitter:label1\" content=\"Est. reading time\" \/>\n\t<meta name=\"twitter:data1\" content=\"5 minutes\" \/>\n<script type=\"application\/ld+json\" class=\"yoast-schema-graph\">{\"@context\":\"https:\\\/\\\/schema.org\",\"@graph\":[{\"@type\":\"WebPage\",\"@id\":\"https:\\\/\\\/www.andrefrereditions.com\\\/en\\\/books\\\/photography\\\/faubourg-treme\\\/\",\"url\":\"https:\\\/\\\/www.andrefrereditions.com\\\/en\\\/books\\\/photography\\\/faubourg-treme\\\/\",\"name\":\"Faubourg Treme | Andr\u00e9 Fr\u00e8re \u00c9ditions\",\"isPartOf\":{\"@id\":\"https:\\\/\\\/www.andrefrereditions.com\\\/en\\\/#website\"},\"primaryImageOfPage\":{\"@id\":\"https:\\\/\\\/www.andrefrereditions.com\\\/en\\\/books\\\/photography\\\/faubourg-treme\\\/#primaryimage\"},\"image\":{\"@id\":\"https:\\\/\\\/www.andrefrereditions.com\\\/en\\\/books\\\/photography\\\/faubourg-treme\\\/#primaryimage\"},\"thumbnailUrl\":\"https:\\\/\\\/www.andrefrereditions.com\\\/wp-content\\\/uploads\\\/2017\\\/08\\\/faubourg-treme-alexis-pazoumian-couverture-andre-frere.jpg\",\"datePublished\":\"2017-08-25T16:36:50+00:00\",\"dateModified\":\"2025-06-26T09:18:54+00:00\",\"description\":\"Faubourg Treme par Alexis Pazoumian dans la cat\u00e9gorie Photography. Publi\u00e9 par Andr\u00e9 Fr\u00e8re \u00c9ditions.\",\"breadcrumb\":{\"@id\":\"https:\\\/\\\/www.andrefrereditions.com\\\/en\\\/books\\\/photography\\\/faubourg-treme\\\/#breadcrumb\"},\"inLanguage\":\"en-US\",\"potentialAction\":[{\"@type\":\"ReadAction\",\"target\":[\"https:\\\/\\\/www.andrefrereditions.com\\\/en\\\/books\\\/photography\\\/faubourg-treme\\\/\"]}]},{\"@type\":\"ImageObject\",\"inLanguage\":\"en-US\",\"@id\":\"https:\\\/\\\/www.andrefrereditions.com\\\/en\\\/books\\\/photography\\\/faubourg-treme\\\/#primaryimage\",\"url\":\"https:\\\/\\\/www.andrefrereditions.com\\\/wp-content\\\/uploads\\\/2017\\\/08\\\/faubourg-treme-alexis-pazoumian-couverture-andre-frere.jpg\",\"contentUrl\":\"https:\\\/\\\/www.andrefrereditions.com\\\/wp-content\\\/uploads\\\/2017\\\/08\\\/faubourg-treme-alexis-pazoumian-couverture-andre-frere.jpg\",\"width\":339,\"height\":420},{\"@type\":\"BreadcrumbList\",\"@id\":\"https:\\\/\\\/www.andrefrereditions.com\\\/en\\\/books\\\/photography\\\/faubourg-treme\\\/#breadcrumb\",\"itemListElement\":[{\"@type\":\"ListItem\",\"position\":1,\"name\":\"Home\",\"item\":\"https:\\\/\\\/www.andrefrereditions.com\\\/en\\\/\"},{\"@type\":\"ListItem\",\"position\":2,\"name\":\"Books\",\"item\":\"https:\\\/\\\/www.andrefrereditions.com\\\/en\\\/books\\\/\"},{\"@type\":\"ListItem\",\"position\":3,\"name\":\"Faubourg Treme\"}]},{\"@type\":\"WebSite\",\"@id\":\"https:\\\/\\\/www.andrefrereditions.com\\\/en\\\/#website\",\"url\":\"https:\\\/\\\/www.andrefrereditions.com\\\/en\\\/\",\"name\":\"Andr\u00e9 Fr\u00e8re \u00c9ditions\",\"description\":\"\u00c9dition ind\u00e9pendante de photographie et d\u2019art\",\"publisher\":{\"@id\":\"https:\\\/\\\/www.andrefrereditions.com\\\/en\\\/#organization\"},\"potentialAction\":[{\"@type\":\"SearchAction\",\"target\":{\"@type\":\"EntryPoint\",\"urlTemplate\":\"https:\\\/\\\/www.andrefrereditions.com\\\/en\\\/?s={search_term_string}\"},\"query-input\":{\"@type\":\"PropertyValueSpecification\",\"valueRequired\":true,\"valueName\":\"search_term_string\"}}],\"inLanguage\":\"en-US\"},{\"@type\":\"Organization\",\"@id\":\"https:\\\/\\\/www.andrefrereditions.com\\\/en\\\/#organization\",\"name\":\"Andr\u00e9 Fr\u00e8re \u00c9ditions\",\"url\":\"https:\\\/\\\/www.andrefrereditions.com\\\/en\\\/\",\"logo\":{\"@type\":\"ImageObject\",\"inLanguage\":\"en-US\",\"@id\":\"https:\\\/\\\/www.andrefrereditions.com\\\/en\\\/#\\\/schema\\\/logo\\\/image\\\/\",\"url\":\"https:\\\/\\\/www.andrefrereditions.com\\\/wp-content\\\/uploads\\\/2014\\\/12\\\/andre-frere-editions-logo.png\",\"contentUrl\":\"https:\\\/\\\/www.andrefrereditions.com\\\/wp-content\\\/uploads\\\/2014\\\/12\\\/andre-frere-editions-logo.png\",\"width\":80,\"height\":79,\"caption\":\"Andr\u00e9 Fr\u00e8re \u00c9ditions\"},\"image\":{\"@id\":\"https:\\\/\\\/www.andrefrereditions.com\\\/en\\\/#\\\/schema\\\/logo\\\/image\\\/\"}}]}<\/script>\n<!-- \/ Yoast SEO plugin. -->","yoast_head_json":{"title":"Faubourg Treme | Andr\u00e9 Fr\u00e8re \u00c9ditions","description":"Faubourg Treme par Alexis Pazoumian dans la cat\u00e9gorie Photography. Publi\u00e9 par Andr\u00e9 Fr\u00e8re \u00c9ditions.","robots":{"index":"index","follow":"follow","max-snippet":"max-snippet:-1","max-image-preview":"max-image-preview:large","max-video-preview":"max-video-preview:-1"},"canonical":"https:\/\/www.andrefrereditions.com\/en\/books\/photography\/faubourg-treme\/","og_locale":"en_US","og_type":"article","og_title":"Faubourg Treme | Andr\u00e9 Fr\u00e8re \u00c9ditions","og_description":"Faubourg Treme par Alexis Pazoumian dans la cat\u00e9gorie Photography. Publi\u00e9 par Andr\u00e9 Fr\u00e8re \u00c9ditions.","og_url":"https:\/\/www.andrefrereditions.com\/en\/books\/photography\/faubourg-treme\/","og_site_name":"Andr\u00e9 Fr\u00e8re \u00c9ditions","article_modified_time":"2025-06-26T09:18:54+00:00","og_image":[{"width":339,"height":420,"url":"https:\/\/www.andrefrereditions.com\/wp-content\/uploads\/2017\/08\/faubourg-treme-alexis-pazoumian-couverture-andre-frere.jpg","type":"image\/jpeg"}],"twitter_misc":{"Est. reading time":"5 minutes"},"schema":{"@context":"https:\/\/schema.org","@graph":[{"@type":"WebPage","@id":"https:\/\/www.andrefrereditions.com\/en\/books\/photography\/faubourg-treme\/","url":"https:\/\/www.andrefrereditions.com\/en\/books\/photography\/faubourg-treme\/","name":"Faubourg Treme | Andr\u00e9 Fr\u00e8re \u00c9ditions","isPartOf":{"@id":"https:\/\/www.andrefrereditions.com\/en\/#website"},"primaryImageOfPage":{"@id":"https:\/\/www.andrefrereditions.com\/en\/books\/photography\/faubourg-treme\/#primaryimage"},"image":{"@id":"https:\/\/www.andrefrereditions.com\/en\/books\/photography\/faubourg-treme\/#primaryimage"},"thumbnailUrl":"https:\/\/www.andrefrereditions.com\/wp-content\/uploads\/2017\/08\/faubourg-treme-alexis-pazoumian-couverture-andre-frere.jpg","datePublished":"2017-08-25T16:36:50+00:00","dateModified":"2025-06-26T09:18:54+00:00","description":"Faubourg Treme par Alexis Pazoumian dans la cat\u00e9gorie Photography. Publi\u00e9 par Andr\u00e9 Fr\u00e8re \u00c9ditions.","breadcrumb":{"@id":"https:\/\/www.andrefrereditions.com\/en\/books\/photography\/faubourg-treme\/#breadcrumb"},"inLanguage":"en-US","potentialAction":[{"@type":"ReadAction","target":["https:\/\/www.andrefrereditions.com\/en\/books\/photography\/faubourg-treme\/"]}]},{"@type":"ImageObject","inLanguage":"en-US","@id":"https:\/\/www.andrefrereditions.com\/en\/books\/photography\/faubourg-treme\/#primaryimage","url":"https:\/\/www.andrefrereditions.com\/wp-content\/uploads\/2017\/08\/faubourg-treme-alexis-pazoumian-couverture-andre-frere.jpg","contentUrl":"https:\/\/www.andrefrereditions.com\/wp-content\/uploads\/2017\/08\/faubourg-treme-alexis-pazoumian-couverture-andre-frere.jpg","width":339,"height":420},{"@type":"BreadcrumbList","@id":"https:\/\/www.andrefrereditions.com\/en\/books\/photography\/faubourg-treme\/#breadcrumb","itemListElement":[{"@type":"ListItem","position":1,"name":"Home","item":"https:\/\/www.andrefrereditions.com\/en\/"},{"@type":"ListItem","position":2,"name":"Books","item":"https:\/\/www.andrefrereditions.com\/en\/books\/"},{"@type":"ListItem","position":3,"name":"Faubourg Treme"}]},{"@type":"WebSite","@id":"https:\/\/www.andrefrereditions.com\/en\/#website","url":"https:\/\/www.andrefrereditions.com\/en\/","name":"Andr\u00e9 Fr\u00e8re \u00c9ditions","description":"\u00c9dition ind\u00e9pendante de photographie et d\u2019art","publisher":{"@id":"https:\/\/www.andrefrereditions.com\/en\/#organization"},"potentialAction":[{"@type":"SearchAction","target":{"@type":"EntryPoint","urlTemplate":"https:\/\/www.andrefrereditions.com\/en\/?s={search_term_string}"},"query-input":{"@type":"PropertyValueSpecification","valueRequired":true,"valueName":"search_term_string"}}],"inLanguage":"en-US"},{"@type":"Organization","@id":"https:\/\/www.andrefrereditions.com\/en\/#organization","name":"Andr\u00e9 Fr\u00e8re \u00c9ditions","url":"https:\/\/www.andrefrereditions.com\/en\/","logo":{"@type":"ImageObject","inLanguage":"en-US","@id":"https:\/\/www.andrefrereditions.com\/en\/#\/schema\/logo\/image\/","url":"https:\/\/www.andrefrereditions.com\/wp-content\/uploads\/2014\/12\/andre-frere-editions-logo.png","contentUrl":"https:\/\/www.andrefrereditions.com\/wp-content\/uploads\/2014\/12\/andre-frere-editions-logo.png","width":80,"height":79,"caption":"Andr\u00e9 Fr\u00e8re \u00c9ditions"},"image":{"@id":"https:\/\/www.andrefrereditions.com\/en\/#\/schema\/logo\/image\/"}}]}},"_links":{"self":[{"href":"https:\/\/www.andrefrereditions.com\/en\/wp-json\/wp\/v2\/product\/7696","targetHints":{"allow":["GET"]}}],"collection":[{"href":"https:\/\/www.andrefrereditions.com\/en\/wp-json\/wp\/v2\/product"}],"about":[{"href":"https:\/\/www.andrefrereditions.com\/en\/wp-json\/wp\/v2\/types\/product"}],"wp:featuredmedia":[{"embeddable":true,"href":"https:\/\/www.andrefrereditions.com\/en\/wp-json\/wp\/v2\/media\/7693"}],"wp:attachment":[{"href":"https:\/\/www.andrefrereditions.com\/en\/wp-json\/wp\/v2\/media?parent=7696"}],"wp:term":[{"taxonomy":"product_brand","embeddable":true,"href":"https:\/\/www.andrefrereditions.com\/en\/wp-json\/wp\/v2\/product_brand?post=7696"},{"taxonomy":"product_cat","embeddable":true,"href":"https:\/\/www.andrefrereditions.com\/en\/wp-json\/wp\/v2\/product_cat?post=7696"},{"taxonomy":"product_tag","embeddable":true,"href":"https:\/\/www.andrefrereditions.com\/en\/wp-json\/wp\/v2\/product_tag?post=7696"}],"curies":[{"name":"wp","href":"https:\/\/api.w.org\/{rel}","templated":true}]}}