{"id":7765,"date":"2017-09-26T22:55:52","date_gmt":"2017-09-26T20:56:41","guid":{"rendered":"http:\/\/www.andrefrereditions.com\/en\/?post_type=product&#038;p=7765"},"modified":"2025-06-26T11:18:58","modified_gmt":"2025-06-26T09:18:58","slug":"lautre-rive","status":"publish","type":"product","link":"https:\/\/www.andrefrereditions.com\/en\/books\/special-editions\/lautre-rive\/","title":{"rendered":"L\u2019Autre rive"},"content":{"rendered":"<ul class=\"infos-livre\">\n<li>100 numbered and signed copies<\/li>\n<li>43 cyanotypes prints disappearing progressively with the<br \/>\nsunlight<\/li>\n<li>Iraq, Syria, Turkey, Greece, Germany, Denmark, France<\/li>\n<li>Grand Prix Images Vevey \u2013 Prix Leica<\/li>\n<li>17 x 22 cm<\/li>\n<li>Public price \u20ac1,200<\/li>\n<li>2011 &#8211; 2017<\/li>\n<\/ul>\n<p>\u201cHaving worked on numerous war zones, many of the friends I met in Iraq, Syria, or Afghanistan are now on the refugees route\u2026 Some arrived in Europe a few years ago, others never arrived and vanished at sea.<\/p>\n<p>I follow their journey through the messages we regularly exchange. I also remember the stories my grandmother used to tell me when I was younger, about her journey to North Africa, to leave from a Europe at war\u2026\u201d<br \/>\nToday, Europe, which has always been a land of ethnic and cultural exchanges, seems amnesic.<\/p>\n<p><img loading=\"lazy\" decoding=\"async\" class=\"alignnone size-full wp-image-7761\" src=\"https:\/\/www.andrefrereditions.com\/wp-content\/uploads\/2017\/09\/autre-rive-emeric-lhuisset-andre-frere-editions-3.jpg\" alt=\"autre-rive-emeric-lhuisset-andre-frere-editions-3\" width=\"430\" height=\"479\" srcset=\"https:\/\/www.andrefrereditions.com\/wp-content\/uploads\/2017\/09\/autre-rive-emeric-lhuisset-andre-frere-editions-3.jpg 430w, https:\/\/www.andrefrereditions.com\/wp-content\/uploads\/2017\/09\/autre-rive-emeric-lhuisset-andre-frere-editions-3-420x468.jpg 420w, https:\/\/www.andrefrereditions.com\/wp-content\/uploads\/2017\/09\/autre-rive-emeric-lhuisset-andre-frere-editions-3-269x300.jpg 269w\" sizes=\"auto, (max-width: 430px) 100vw, 430px\" \/><\/p>\n<p><img loading=\"lazy\" decoding=\"async\" class=\"alignnone size-full wp-image-7763\" src=\"https:\/\/www.andrefrereditions.com\/wp-content\/uploads\/2017\/09\/autre-rive-emeric-lhuisset-andre-frere-editions-4.jpg\" alt=\"autre-rive-emeric-lhuisset-andre-frere-editions-4\" width=\"430\" height=\"287\" srcset=\"https:\/\/www.andrefrereditions.com\/wp-content\/uploads\/2017\/09\/autre-rive-emeric-lhuisset-andre-frere-editions-4.jpg 430w, https:\/\/www.andrefrereditions.com\/wp-content\/uploads\/2017\/09\/autre-rive-emeric-lhuisset-andre-frere-editions-4-420x280.jpg 420w, https:\/\/www.andrefrereditions.com\/wp-content\/uploads\/2017\/09\/autre-rive-emeric-lhuisset-andre-frere-editions-4-300x200.jpg 300w\" sizes=\"auto, (max-width: 430px) 100vw, 430px\" \/><\/p>\n<p>Emeric Lhuisset makes the choice to depart from these images belonging to the field of the news or of the spectacular, or miserabilist or even catastrophist. These impersonal images are too often used to justify populist discourses.<\/p>\n<p><img loading=\"lazy\" decoding=\"async\" class=\"alignnone size-full wp-image-7757\" src=\"https:\/\/www.andrefrereditions.com\/wp-content\/uploads\/2017\/09\/autre-rive-emeric-lhuisset-andre-frere-editions-1.jpg\" alt=\"autre-rive-emeric-lhuisset-andre-frere-editions-1\" width=\"430\" height=\"608\" srcset=\"https:\/\/www.andrefrereditions.com\/wp-content\/uploads\/2017\/09\/autre-rive-emeric-lhuisset-andre-frere-editions-1.jpg 430w, https:\/\/www.andrefrereditions.com\/wp-content\/uploads\/2017\/09\/autre-rive-emeric-lhuisset-andre-frere-editions-1-420x594.jpg 420w, https:\/\/www.andrefrereditions.com\/wp-content\/uploads\/2017\/09\/autre-rive-emeric-lhuisset-andre-frere-editions-1-212x300.jpg 212w\" sizes=\"auto, (max-width: 430px) 100vw, 430px\" \/><\/p>\n<p>He decided to meet his refugee friends throughout Europe and to photograph their everyday life in all its banality.<\/p>\n<p>This book , a tribute to the ones forced to leave their country to find shelter elsewhere, is entirely\u00a0 printed on cyanotype. The photographs will not be fixed, they will evolve with the sunlight, to be replaced by blue monochromes&#8230; The blue of this sea in which so many vanish, but also the blue of Europe.<\/p>\n<p>This book is limited to 100 numbered and signed copies. Each copy includes 43 cyanotypes, each printed manually by the autor.<\/p>\n<p><img loading=\"lazy\" decoding=\"async\" class=\"alignnone size-full wp-image-7759\" src=\"https:\/\/www.andrefrereditions.com\/wp-content\/uploads\/2017\/09\/autre-rive-emeric-lhuisset-andre-frere-editions-2.jpg\" alt=\"autre-rive-emeric-lhuisset-andre-frere-editions-2\" width=\"430\" height=\"608\" srcset=\"https:\/\/www.andrefrereditions.com\/wp-content\/uploads\/2017\/09\/autre-rive-emeric-lhuisset-andre-frere-editions-2.jpg 430w, https:\/\/www.andrefrereditions.com\/wp-content\/uploads\/2017\/09\/autre-rive-emeric-lhuisset-andre-frere-editions-2-420x594.jpg 420w, https:\/\/www.andrefrereditions.com\/wp-content\/uploads\/2017\/09\/autre-rive-emeric-lhuisset-andre-frere-editions-2-212x300.jpg 212w\" sizes=\"auto, (max-width: 430px) 100vw, 430px\" \/><\/p>\n<p>This book, entirely hand-made and unitary by the author, he is limited to 100 numbered and signed copies. Each copy includes 43 cyanotypes entirely hand-drawn by the author.<\/p>\n","protected":false},"excerpt":{"rendered":"<p>100 numbered and signed copies 43 cyanotypes prints disappearing progressively with the sunlight Iraq, Syria, Turkey, Greece, Germany, Denmark, France Grand Prix Images Vevey \u2013 Prix Leica 17 x 22 cm Public price \u20ac1,200 2011 &#8211; 2017 \u201cHaving worked on numerous war zones, many of the friends I met in Iraq, Syria, or Afghanistan are [&hellip;]<\/p>\n","protected":false},"featured_media":7768,"template":"","meta":[],"product_brand":[],"product_cat":[37,35],"product_tag":[],"class_list":{"0":"post-7765","1":"product","2":"type-product","3":"status-publish","4":"has-post-thumbnail","6":"product_cat-photography","7":"product_cat-special-editions","8":"product_shipping_class-c3-en","10":"first","11":"instock","12":"shipping-taxable","13":"purchasable","14":"product-type-simple"},"yoast_head":"<!-- This site is optimized with the Yoast SEO plugin v27.4 - https:\/\/yoast.com\/product\/yoast-seo-wordpress\/ -->\n<title>L\u2019Autre rive | Andr\u00e9 Fr\u00e8re \u00c9ditions<\/title>\n<meta name=\"description\" content=\"L\u2019Autre rive par Emeric Lhuisset dans la cat\u00e9gorie Photography, Special editions. Publi\u00e9 par Andr\u00e9 Fr\u00e8re \u00c9ditions.\" \/>\n<meta name=\"robots\" content=\"index, follow, max-snippet:-1, max-image-preview:large, max-video-preview:-1\" \/>\n<link rel=\"canonical\" href=\"https:\/\/www.andrefrereditions.com\/en\/books\/special-editions\/lautre-rive\/\" \/>\n<meta property=\"og:locale\" content=\"en_US\" \/>\n<meta property=\"og:type\" content=\"article\" \/>\n<meta property=\"og:title\" content=\"L\u2019Autre rive | Andr\u00e9 Fr\u00e8re \u00c9ditions\" \/>\n<meta property=\"og:description\" content=\"L\u2019Autre rive par Emeric Lhuisset dans la cat\u00e9gorie Photography, Special editions. Publi\u00e9 par Andr\u00e9 Fr\u00e8re \u00c9ditions.\" \/>\n<meta property=\"og:url\" content=\"https:\/\/www.andrefrereditions.com\/en\/books\/special-editions\/lautre-rive\/\" \/>\n<meta property=\"og:site_name\" content=\"Andr\u00e9 Fr\u00e8re \u00c9ditions\" \/>\n<meta property=\"article:modified_time\" content=\"2025-06-26T09:18:58+00:00\" \/>\n<meta property=\"og:image\" content=\"https:\/\/www.andrefrereditions.com\/wp-content\/uploads\/2017\/09\/autre-rive-emeric-lhuisset-andre-frere-editions.png\" \/>\n\t<meta property=\"og:image:width\" content=\"316\" \/>\n\t<meta property=\"og:image:height\" content=\"420\" \/>\n\t<meta property=\"og:image:type\" content=\"image\/png\" \/>\n<meta name=\"twitter:label1\" content=\"Est. reading time\" \/>\n\t<meta name=\"twitter:data1\" content=\"3 minutes\" \/>\n<script type=\"application\/ld+json\" class=\"yoast-schema-graph\">{\"@context\":\"https:\\\/\\\/schema.org\",\"@graph\":[{\"@type\":\"WebPage\",\"@id\":\"https:\\\/\\\/www.andrefrereditions.com\\\/en\\\/books\\\/special-editions\\\/lautre-rive\\\/\",\"url\":\"https:\\\/\\\/www.andrefrereditions.com\\\/en\\\/books\\\/special-editions\\\/lautre-rive\\\/\",\"name\":\"L\u2019Autre rive | Andr\u00e9 Fr\u00e8re \u00c9ditions\",\"isPartOf\":{\"@id\":\"https:\\\/\\\/www.andrefrereditions.com\\\/en\\\/#website\"},\"primaryImageOfPage\":{\"@id\":\"https:\\\/\\\/www.andrefrereditions.com\\\/en\\\/books\\\/special-editions\\\/lautre-rive\\\/#primaryimage\"},\"image\":{\"@id\":\"https:\\\/\\\/www.andrefrereditions.com\\\/en\\\/books\\\/special-editions\\\/lautre-rive\\\/#primaryimage\"},\"thumbnailUrl\":\"https:\\\/\\\/www.andrefrereditions.com\\\/wp-content\\\/uploads\\\/2017\\\/09\\\/autre-rive-emeric-lhuisset-andre-frere-editions.png\",\"datePublished\":\"2017-09-26T20:56:41+00:00\",\"dateModified\":\"2025-06-26T09:18:58+00:00\",\"description\":\"L\u2019Autre rive par Emeric Lhuisset dans la cat\u00e9gorie Photography, Special editions. Publi\u00e9 par Andr\u00e9 Fr\u00e8re \u00c9ditions.\",\"breadcrumb\":{\"@id\":\"https:\\\/\\\/www.andrefrereditions.com\\\/en\\\/books\\\/special-editions\\\/lautre-rive\\\/#breadcrumb\"},\"inLanguage\":\"en-US\",\"potentialAction\":[{\"@type\":\"ReadAction\",\"target\":[\"https:\\\/\\\/www.andrefrereditions.com\\\/en\\\/books\\\/special-editions\\\/lautre-rive\\\/\"]}]},{\"@type\":\"ImageObject\",\"inLanguage\":\"en-US\",\"@id\":\"https:\\\/\\\/www.andrefrereditions.com\\\/en\\\/books\\\/special-editions\\\/lautre-rive\\\/#primaryimage\",\"url\":\"https:\\\/\\\/www.andrefrereditions.com\\\/wp-content\\\/uploads\\\/2017\\\/09\\\/autre-rive-emeric-lhuisset-andre-frere-editions.png\",\"contentUrl\":\"https:\\\/\\\/www.andrefrereditions.com\\\/wp-content\\\/uploads\\\/2017\\\/09\\\/autre-rive-emeric-lhuisset-andre-frere-editions.png\",\"width\":316,\"height\":420},{\"@type\":\"BreadcrumbList\",\"@id\":\"https:\\\/\\\/www.andrefrereditions.com\\\/en\\\/books\\\/special-editions\\\/lautre-rive\\\/#breadcrumb\",\"itemListElement\":[{\"@type\":\"ListItem\",\"position\":1,\"name\":\"Home\",\"item\":\"https:\\\/\\\/www.andrefrereditions.com\\\/en\\\/\"},{\"@type\":\"ListItem\",\"position\":2,\"name\":\"Books\",\"item\":\"https:\\\/\\\/www.andrefrereditions.com\\\/en\\\/books\\\/\"},{\"@type\":\"ListItem\",\"position\":3,\"name\":\"L\u2019Autre rive\"}]},{\"@type\":\"WebSite\",\"@id\":\"https:\\\/\\\/www.andrefrereditions.com\\\/en\\\/#website\",\"url\":\"https:\\\/\\\/www.andrefrereditions.com\\\/en\\\/\",\"name\":\"Andr\u00e9 Fr\u00e8re \u00c9ditions\",\"description\":\"\u00c9dition ind\u00e9pendante de photographie et d\u2019art\",\"publisher\":{\"@id\":\"https:\\\/\\\/www.andrefrereditions.com\\\/en\\\/#organization\"},\"potentialAction\":[{\"@type\":\"SearchAction\",\"target\":{\"@type\":\"EntryPoint\",\"urlTemplate\":\"https:\\\/\\\/www.andrefrereditions.com\\\/en\\\/?s={search_term_string}\"},\"query-input\":{\"@type\":\"PropertyValueSpecification\",\"valueRequired\":true,\"valueName\":\"search_term_string\"}}],\"inLanguage\":\"en-US\"},{\"@type\":\"Organization\",\"@id\":\"https:\\\/\\\/www.andrefrereditions.com\\\/en\\\/#organization\",\"name\":\"Andr\u00e9 Fr\u00e8re \u00c9ditions\",\"url\":\"https:\\\/\\\/www.andrefrereditions.com\\\/en\\\/\",\"logo\":{\"@type\":\"ImageObject\",\"inLanguage\":\"en-US\",\"@id\":\"https:\\\/\\\/www.andrefrereditions.com\\\/en\\\/#\\\/schema\\\/logo\\\/image\\\/\",\"url\":\"https:\\\/\\\/www.andrefrereditions.com\\\/wp-content\\\/uploads\\\/2014\\\/12\\\/andre-frere-editions-logo.png\",\"contentUrl\":\"https:\\\/\\\/www.andrefrereditions.com\\\/wp-content\\\/uploads\\\/2014\\\/12\\\/andre-frere-editions-logo.png\",\"width\":80,\"height\":79,\"caption\":\"Andr\u00e9 Fr\u00e8re \u00c9ditions\"},\"image\":{\"@id\":\"https:\\\/\\\/www.andrefrereditions.com\\\/en\\\/#\\\/schema\\\/logo\\\/image\\\/\"}}]}<\/script>\n<!-- \/ Yoast SEO plugin. -->","yoast_head_json":{"title":"L\u2019Autre rive | Andr\u00e9 Fr\u00e8re \u00c9ditions","description":"L\u2019Autre rive par Emeric Lhuisset dans la cat\u00e9gorie Photography, Special editions. Publi\u00e9 par Andr\u00e9 Fr\u00e8re \u00c9ditions.","robots":{"index":"index","follow":"follow","max-snippet":"max-snippet:-1","max-image-preview":"max-image-preview:large","max-video-preview":"max-video-preview:-1"},"canonical":"https:\/\/www.andrefrereditions.com\/en\/books\/special-editions\/lautre-rive\/","og_locale":"en_US","og_type":"article","og_title":"L\u2019Autre rive | Andr\u00e9 Fr\u00e8re \u00c9ditions","og_description":"L\u2019Autre rive par Emeric Lhuisset dans la cat\u00e9gorie Photography, Special editions. Publi\u00e9 par Andr\u00e9 Fr\u00e8re \u00c9ditions.","og_url":"https:\/\/www.andrefrereditions.com\/en\/books\/special-editions\/lautre-rive\/","og_site_name":"Andr\u00e9 Fr\u00e8re \u00c9ditions","article_modified_time":"2025-06-26T09:18:58+00:00","og_image":[{"width":316,"height":420,"url":"https:\/\/www.andrefrereditions.com\/wp-content\/uploads\/2017\/09\/autre-rive-emeric-lhuisset-andre-frere-editions.png","type":"image\/png"}],"twitter_misc":{"Est. reading time":"3 minutes"},"schema":{"@context":"https:\/\/schema.org","@graph":[{"@type":"WebPage","@id":"https:\/\/www.andrefrereditions.com\/en\/books\/special-editions\/lautre-rive\/","url":"https:\/\/www.andrefrereditions.com\/en\/books\/special-editions\/lautre-rive\/","name":"L\u2019Autre rive | Andr\u00e9 Fr\u00e8re \u00c9ditions","isPartOf":{"@id":"https:\/\/www.andrefrereditions.com\/en\/#website"},"primaryImageOfPage":{"@id":"https:\/\/www.andrefrereditions.com\/en\/books\/special-editions\/lautre-rive\/#primaryimage"},"image":{"@id":"https:\/\/www.andrefrereditions.com\/en\/books\/special-editions\/lautre-rive\/#primaryimage"},"thumbnailUrl":"https:\/\/www.andrefrereditions.com\/wp-content\/uploads\/2017\/09\/autre-rive-emeric-lhuisset-andre-frere-editions.png","datePublished":"2017-09-26T20:56:41+00:00","dateModified":"2025-06-26T09:18:58+00:00","description":"L\u2019Autre rive par Emeric Lhuisset dans la cat\u00e9gorie Photography, Special editions. Publi\u00e9 par Andr\u00e9 Fr\u00e8re \u00c9ditions.","breadcrumb":{"@id":"https:\/\/www.andrefrereditions.com\/en\/books\/special-editions\/lautre-rive\/#breadcrumb"},"inLanguage":"en-US","potentialAction":[{"@type":"ReadAction","target":["https:\/\/www.andrefrereditions.com\/en\/books\/special-editions\/lautre-rive\/"]}]},{"@type":"ImageObject","inLanguage":"en-US","@id":"https:\/\/www.andrefrereditions.com\/en\/books\/special-editions\/lautre-rive\/#primaryimage","url":"https:\/\/www.andrefrereditions.com\/wp-content\/uploads\/2017\/09\/autre-rive-emeric-lhuisset-andre-frere-editions.png","contentUrl":"https:\/\/www.andrefrereditions.com\/wp-content\/uploads\/2017\/09\/autre-rive-emeric-lhuisset-andre-frere-editions.png","width":316,"height":420},{"@type":"BreadcrumbList","@id":"https:\/\/www.andrefrereditions.com\/en\/books\/special-editions\/lautre-rive\/#breadcrumb","itemListElement":[{"@type":"ListItem","position":1,"name":"Home","item":"https:\/\/www.andrefrereditions.com\/en\/"},{"@type":"ListItem","position":2,"name":"Books","item":"https:\/\/www.andrefrereditions.com\/en\/books\/"},{"@type":"ListItem","position":3,"name":"L\u2019Autre rive"}]},{"@type":"WebSite","@id":"https:\/\/www.andrefrereditions.com\/en\/#website","url":"https:\/\/www.andrefrereditions.com\/en\/","name":"Andr\u00e9 Fr\u00e8re \u00c9ditions","description":"\u00c9dition ind\u00e9pendante de photographie et d\u2019art","publisher":{"@id":"https:\/\/www.andrefrereditions.com\/en\/#organization"},"potentialAction":[{"@type":"SearchAction","target":{"@type":"EntryPoint","urlTemplate":"https:\/\/www.andrefrereditions.com\/en\/?s={search_term_string}"},"query-input":{"@type":"PropertyValueSpecification","valueRequired":true,"valueName":"search_term_string"}}],"inLanguage":"en-US"},{"@type":"Organization","@id":"https:\/\/www.andrefrereditions.com\/en\/#organization","name":"Andr\u00e9 Fr\u00e8re \u00c9ditions","url":"https:\/\/www.andrefrereditions.com\/en\/","logo":{"@type":"ImageObject","inLanguage":"en-US","@id":"https:\/\/www.andrefrereditions.com\/en\/#\/schema\/logo\/image\/","url":"https:\/\/www.andrefrereditions.com\/wp-content\/uploads\/2014\/12\/andre-frere-editions-logo.png","contentUrl":"https:\/\/www.andrefrereditions.com\/wp-content\/uploads\/2014\/12\/andre-frere-editions-logo.png","width":80,"height":79,"caption":"Andr\u00e9 Fr\u00e8re \u00c9ditions"},"image":{"@id":"https:\/\/www.andrefrereditions.com\/en\/#\/schema\/logo\/image\/"}}]}},"_links":{"self":[{"href":"https:\/\/www.andrefrereditions.com\/en\/wp-json\/wp\/v2\/product\/7765","targetHints":{"allow":["GET"]}}],"collection":[{"href":"https:\/\/www.andrefrereditions.com\/en\/wp-json\/wp\/v2\/product"}],"about":[{"href":"https:\/\/www.andrefrereditions.com\/en\/wp-json\/wp\/v2\/types\/product"}],"wp:featuredmedia":[{"embeddable":true,"href":"https:\/\/www.andrefrereditions.com\/en\/wp-json\/wp\/v2\/media\/7768"}],"wp:attachment":[{"href":"https:\/\/www.andrefrereditions.com\/en\/wp-json\/wp\/v2\/media?parent=7765"}],"wp:term":[{"taxonomy":"product_brand","embeddable":true,"href":"https:\/\/www.andrefrereditions.com\/en\/wp-json\/wp\/v2\/product_brand?post=7765"},{"taxonomy":"product_cat","embeddable":true,"href":"https:\/\/www.andrefrereditions.com\/en\/wp-json\/wp\/v2\/product_cat?post=7765"},{"taxonomy":"product_tag","embeddable":true,"href":"https:\/\/www.andrefrereditions.com\/en\/wp-json\/wp\/v2\/product_tag?post=7765"}],"curies":[{"name":"wp","href":"https:\/\/api.w.org\/{rel}","templated":true}]}}