{"id":7816,"date":"2017-11-01T16:48:09","date_gmt":"2017-11-01T14:56:50","guid":{"rendered":"http:\/\/www.andrefrereditions.com\/en\/?post_type=product&#038;p=7816"},"modified":"2025-06-26T11:14:45","modified_gmt":"2025-06-26T09:14:45","slug":"eve-reincarnee","status":"publish","type":"product","link":"https:\/\/www.andrefrereditions.com\/en\/books\/photography\/eve-reincarnee\/","title":{"rendered":"\u00c8ve r\u00e9incarn\u00e9e"},"content":{"rendered":"<ul class=\"infos-livre\">\n<li>Pictures : Colette Pourroy<\/li>\n<li>Text : H\u00e9lo\u00efse Con\u00e9sa<\/li>\n<li>64 pages<\/li>\n<li>17,5 x 19,5 cm<\/li>\n<li>32 duotone pictures<\/li>\n<li>Hardcover<\/li>\n<li>French \/ english<\/li>\n<li>\u20ac 26 \u2013 \u20ac 360<\/li>\n<li>ISBN : 979-10-92265-67-5<\/li>\n<\/ul>\n<h2>A special edition<\/h2>\n<p>This collection books is sold signed, <strong>with an original picture signed and numbered.\u00a0 <\/strong>A choice between <strong>four pictures<\/strong> from the book is proposed, numbered below from 1 to 3. Each print is available in <strong>6 copies<\/strong> only, size 21 x 21 cm in paper format 30 x 40 cm at a unit price of 360 \u20ac.<\/p>\n<p><strong>N\u00ba1 <a class=\"in_page_button\" href=\"\/?page_id=67&amp;add-to-cart=7816&amp;variation_id=12089&amp;attribute_pa_version=special-edition-1&amp;quantity=1\">Add to cart<\/a><\/strong><br \/>\n<img loading=\"lazy\" decoding=\"async\" class=\"alignnone size-full wp-image-7887\" src=\"https:\/\/www.andrefrereditions.com\/wp-content\/uploads\/2017\/12\/eve-reincarnee-collette-pourroy-edition-speciale-1-andre-frere-editions.jpg\" alt=\"eve-reincarnee-collette-pourroy-edition-speciale-1-andre-frere-editions\" width=\"430\" height=\"430\" srcset=\"https:\/\/www.andrefrereditions.com\/wp-content\/uploads\/2017\/12\/eve-reincarnee-collette-pourroy-edition-speciale-1-andre-frere-editions.jpg 430w, https:\/\/www.andrefrereditions.com\/wp-content\/uploads\/2017\/12\/eve-reincarnee-collette-pourroy-edition-speciale-1-andre-frere-editions-420x420.jpg 420w, https:\/\/www.andrefrereditions.com\/wp-content\/uploads\/2017\/12\/eve-reincarnee-collette-pourroy-edition-speciale-1-andre-frere-editions-100x100.jpg 100w, https:\/\/www.andrefrereditions.com\/wp-content\/uploads\/2017\/12\/eve-reincarnee-collette-pourroy-edition-speciale-1-andre-frere-editions-300x300.jpg 300w\" sizes=\"auto, (max-width: 430px) 100vw, 430px\" \/><\/p>\n<p><strong>N\u00ba2 <a class=\"in_page_button\" href=\"\/?page_id=67&amp;add-to-cart=7816&amp;variation_id=12090&amp;attribute_pa_version=special-edition-2&amp;quantity=1\">Add to cart<\/a><\/strong><br \/>\n<img loading=\"lazy\" decoding=\"async\" class=\"alignnone size-full wp-image-7889\" src=\"https:\/\/www.andrefrereditions.com\/wp-content\/uploads\/2017\/12\/eve-reincarnee-collette-pourroy-edition-speciale-2-andre-frere-editions.jpg\" alt=\"eve-reincarnee-collette-pourroy-edition-speciale-2-andre-frere-editions\" width=\"430\" height=\"430\" srcset=\"https:\/\/www.andrefrereditions.com\/wp-content\/uploads\/2017\/12\/eve-reincarnee-collette-pourroy-edition-speciale-2-andre-frere-editions.jpg 430w, https:\/\/www.andrefrereditions.com\/wp-content\/uploads\/2017\/12\/eve-reincarnee-collette-pourroy-edition-speciale-2-andre-frere-editions-420x420.jpg 420w, https:\/\/www.andrefrereditions.com\/wp-content\/uploads\/2017\/12\/eve-reincarnee-collette-pourroy-edition-speciale-2-andre-frere-editions-100x100.jpg 100w, https:\/\/www.andrefrereditions.com\/wp-content\/uploads\/2017\/12\/eve-reincarnee-collette-pourroy-edition-speciale-2-andre-frere-editions-300x300.jpg 300w\" sizes=\"auto, (max-width: 430px) 100vw, 430px\" \/><\/p>\n<p><strong>N\u00ba3 <a class=\"in_page_button\" href=\"\/?page_id=67&amp;add-to-cart=7816&amp;variation_id=12091&amp;attribute_pa_version=special-edition-3&amp;quantity=1\">Add to cart<\/a><\/strong><br \/>\n<img loading=\"lazy\" decoding=\"async\" class=\"alignnone size-full wp-image-7891\" src=\"https:\/\/www.andrefrereditions.com\/wp-content\/uploads\/2017\/12\/eve-reincarnee-collette-pourroy-edition-speciale-3-andre-frere-editions.jpg\" alt=\"eve-reincarnee-collette-pourroy-edition-speciale-3-andre-frere-editions\" width=\"430\" height=\"430\" srcset=\"https:\/\/www.andrefrereditions.com\/wp-content\/uploads\/2017\/12\/eve-reincarnee-collette-pourroy-edition-speciale-3-andre-frere-editions.jpg 430w, https:\/\/www.andrefrereditions.com\/wp-content\/uploads\/2017\/12\/eve-reincarnee-collette-pourroy-edition-speciale-3-andre-frere-editions-420x420.jpg 420w, https:\/\/www.andrefrereditions.com\/wp-content\/uploads\/2017\/12\/eve-reincarnee-collette-pourroy-edition-speciale-3-andre-frere-editions-100x100.jpg 100w, https:\/\/www.andrefrereditions.com\/wp-content\/uploads\/2017\/12\/eve-reincarnee-collette-pourroy-edition-speciale-3-andre-frere-editions-300x300.jpg 300w\" sizes=\"auto, (max-width: 430px) 100vw, 430px\" \/><\/p>\n<p>&nbsp;<\/p>\n<p>&nbsp;<\/p>\n<h2>The book<\/h2>\n<p><img loading=\"lazy\" decoding=\"async\" class=\"alignnone size-full wp-image-7798\" src=\"https:\/\/www.andrefrereditions.com\/wp-content\/uploads\/2017\/11\/eve-reincarnee-collette-pourroy-andre-frere-editions-1.jpg\" alt=\"eve-reincarnee-collette-pourroy-andre-frere-editions-1\" width=\"430\" height=\"425\" srcset=\"https:\/\/www.andrefrereditions.com\/wp-content\/uploads\/2017\/11\/eve-reincarnee-collette-pourroy-andre-frere-editions-1.jpg 430w, https:\/\/www.andrefrereditions.com\/wp-content\/uploads\/2017\/11\/eve-reincarnee-collette-pourroy-andre-frere-editions-1-420x415.jpg 420w, https:\/\/www.andrefrereditions.com\/wp-content\/uploads\/2017\/11\/eve-reincarnee-collette-pourroy-andre-frere-editions-1-100x100.jpg 100w, https:\/\/www.andrefrereditions.com\/wp-content\/uploads\/2017\/11\/eve-reincarnee-collette-pourroy-andre-frere-editions-1-300x297.jpg 300w\" sizes=\"auto, (max-width: 430px) 100vw, 430px\" \/><\/p>\n<p>\u201cEve, the first woman, the firstborn, the older sister, and the beloved sister\u2026. There is something in this photographic series by Colette Pourroy that resembles a declaration of sisterly love, expressed along with the desire to revisit places of intimacy and the urgency of preventing memories from vanishing, devastating though they may be. These images seem haunted by the train of memory that inexorably pursues its course from childhood to adulthood.<\/p>\n<p><img loading=\"lazy\" decoding=\"async\" class=\"alignnone size-full wp-image-7800\" src=\"https:\/\/www.andrefrereditions.com\/wp-content\/uploads\/2017\/11\/eve-reincarnee-collette-pourroy-andre-frere-editions-2.jpg\" alt=\"eve-reincarnee-collette-pourroy-andre-frere-editions-2\" width=\"430\" height=\"425\" srcset=\"https:\/\/www.andrefrereditions.com\/wp-content\/uploads\/2017\/11\/eve-reincarnee-collette-pourroy-andre-frere-editions-2.jpg 430w, https:\/\/www.andrefrereditions.com\/wp-content\/uploads\/2017\/11\/eve-reincarnee-collette-pourroy-andre-frere-editions-2-420x415.jpg 420w, https:\/\/www.andrefrereditions.com\/wp-content\/uploads\/2017\/11\/eve-reincarnee-collette-pourroy-andre-frere-editions-2-100x100.jpg 100w, https:\/\/www.andrefrereditions.com\/wp-content\/uploads\/2017\/11\/eve-reincarnee-collette-pourroy-andre-frere-editions-2-300x297.jpg 300w\" sizes=\"auto, (max-width: 430px) 100vw, 430px\" \/><\/p>\n<p>Dormant yet resistant, they recount a story that until now remained on the threshold of words and whose photographic transposition constitutes a palliative remedy to the pain of enunciation. The vaporous haze, the contrast between the milky whiteness and deep black, so characteristic of these works, confer a hallucinatory quality upon the series. Instead of sharpness, the photographer favors the blurriness of deliberately underestimated exposure, an imprecise focal distance, and brutally violent and crushing light as a means for expressing that which is unsaid\u2026<\/p>\n<p><img loading=\"lazy\" decoding=\"async\" class=\"alignnone size-full wp-image-7802\" src=\"https:\/\/www.andrefrereditions.com\/wp-content\/uploads\/2017\/11\/eve-reincarnee-collette-pourroy-andre-frere-editions-3.jpg\" alt=\"eve-reincarnee-collette-pourroy-andre-frere-editions-3\" width=\"430\" height=\"425\" srcset=\"https:\/\/www.andrefrereditions.com\/wp-content\/uploads\/2017\/11\/eve-reincarnee-collette-pourroy-andre-frere-editions-3.jpg 430w, https:\/\/www.andrefrereditions.com\/wp-content\/uploads\/2017\/11\/eve-reincarnee-collette-pourroy-andre-frere-editions-3-420x415.jpg 420w, https:\/\/www.andrefrereditions.com\/wp-content\/uploads\/2017\/11\/eve-reincarnee-collette-pourroy-andre-frere-editions-3-100x100.jpg 100w, https:\/\/www.andrefrereditions.com\/wp-content\/uploads\/2017\/11\/eve-reincarnee-collette-pourroy-andre-frere-editions-3-300x297.jpg 300w\" sizes=\"auto, (max-width: 430px) 100vw, 430px\" \/><\/p>\n<p><img loading=\"lazy\" decoding=\"async\" class=\"alignnone size-full wp-image-7804\" src=\"https:\/\/www.andrefrereditions.com\/wp-content\/uploads\/2017\/11\/eve-reincarnee-collette-pourroy-andre-frere-editions-4.jpg\" alt=\"eve-reincarnee-collette-pourroy-andre-frere-editions-4\" width=\"430\" height=\"425\" srcset=\"https:\/\/www.andrefrereditions.com\/wp-content\/uploads\/2017\/11\/eve-reincarnee-collette-pourroy-andre-frere-editions-4.jpg 430w, https:\/\/www.andrefrereditions.com\/wp-content\/uploads\/2017\/11\/eve-reincarnee-collette-pourroy-andre-frere-editions-4-420x415.jpg 420w, https:\/\/www.andrefrereditions.com\/wp-content\/uploads\/2017\/11\/eve-reincarnee-collette-pourroy-andre-frere-editions-4-100x100.jpg 100w, https:\/\/www.andrefrereditions.com\/wp-content\/uploads\/2017\/11\/eve-reincarnee-collette-pourroy-andre-frere-editions-4-300x297.jpg 300w\" sizes=\"auto, (max-width: 430px) 100vw, 430px\" \/><\/p>\n<p>Virginia Woolf\u2019s writing and her description of emotions, emotions that often dissipate when someone dies, come to mind. \u201cTo feel anything strongly was to create an abyss between oneself and others who feel strongly perhaps but differently,\u201d writes the British novelist in The Voyage Out. The subtle sharing and transmission of powerful emotion is the wonderful strength of Colette Pourroy\u2019s work, since photography perhaps possesses a cathartic function for her, permitting her to stage episodes of her personal story and exorcise demons. Through the camera\u2019s lens, buried memories are replayed and reactivated, her transposed feelings acting in a theater of emotions rather than being portrayed in the abrupt delivery of a series of moments.<\/p>\n<p><img loading=\"lazy\" decoding=\"async\" class=\"alignnone size-full wp-image-7806\" src=\"https:\/\/www.andrefrereditions.com\/wp-content\/uploads\/2017\/11\/eve-reincarnee-collette-pourroy-andre-frere-editions-5.jpg\" alt=\"eve-reincarnee-collette-pourroy-andre-frere-editions-5\" width=\"430\" height=\"425\" srcset=\"https:\/\/www.andrefrereditions.com\/wp-content\/uploads\/2017\/11\/eve-reincarnee-collette-pourroy-andre-frere-editions-5.jpg 430w, https:\/\/www.andrefrereditions.com\/wp-content\/uploads\/2017\/11\/eve-reincarnee-collette-pourroy-andre-frere-editions-5-420x415.jpg 420w, https:\/\/www.andrefrereditions.com\/wp-content\/uploads\/2017\/11\/eve-reincarnee-collette-pourroy-andre-frere-editions-5-100x100.jpg 100w, https:\/\/www.andrefrereditions.com\/wp-content\/uploads\/2017\/11\/eve-reincarnee-collette-pourroy-andre-frere-editions-5-300x297.jpg 300w\" sizes=\"auto, (max-width: 430px) 100vw, 430px\" \/><\/p>\n<p><img loading=\"lazy\" decoding=\"async\" class=\"alignnone size-full wp-image-7808\" src=\"https:\/\/www.andrefrereditions.com\/wp-content\/uploads\/2017\/11\/eve-reincarnee-collette-pourroy-andre-frere-editions-6.jpg\" alt=\"eve-reincarnee-collette-pourroy-andre-frere-editions-6\" width=\"430\" height=\"425\" srcset=\"https:\/\/www.andrefrereditions.com\/wp-content\/uploads\/2017\/11\/eve-reincarnee-collette-pourroy-andre-frere-editions-6.jpg 430w, https:\/\/www.andrefrereditions.com\/wp-content\/uploads\/2017\/11\/eve-reincarnee-collette-pourroy-andre-frere-editions-6-420x415.jpg 420w, https:\/\/www.andrefrereditions.com\/wp-content\/uploads\/2017\/11\/eve-reincarnee-collette-pourroy-andre-frere-editions-6-100x100.jpg 100w, https:\/\/www.andrefrereditions.com\/wp-content\/uploads\/2017\/11\/eve-reincarnee-collette-pourroy-andre-frere-editions-6-300x297.jpg 300w\" sizes=\"auto, (max-width: 430px) 100vw, 430px\" \/><\/p>\n<p>And so if this work is \u201cphotobiographical\u201d, to employ the term invented by Gilles Mora in the 1980s, it is in the transformative process of those feelings into photographic emotion that arises not from an event we perceive, but instead, from the images that reveal themselves, through their breathless rhythm, and through the trance that animates them into a tale. In this manner do the titles, which might appear redundant given how well the pictures speak for themselves, become stage directions for the viewer who is enjoined to hunt amid the folds of the bedsheets, that place of both pleasure and death, for the skeleton of a broken life\u201d.<br \/>\n\u00c9lo\u00efse Con\u00e9sa<\/p>\n<p><img loading=\"lazy\" decoding=\"async\" class=\"alignnone size-full wp-image-7810\" src=\"https:\/\/www.andrefrereditions.com\/wp-content\/uploads\/2017\/11\/eve-reincarnee-collette-pourroy-andre-frere-editions-7.jpg\" alt=\"eve-reincarnee-collette-pourroy-andre-frere-editions-7\" width=\"430\" height=\"425\" srcset=\"https:\/\/www.andrefrereditions.com\/wp-content\/uploads\/2017\/11\/eve-reincarnee-collette-pourroy-andre-frere-editions-7.jpg 430w, https:\/\/www.andrefrereditions.com\/wp-content\/uploads\/2017\/11\/eve-reincarnee-collette-pourroy-andre-frere-editions-7-420x415.jpg 420w, https:\/\/www.andrefrereditions.com\/wp-content\/uploads\/2017\/11\/eve-reincarnee-collette-pourroy-andre-frere-editions-7-100x100.jpg 100w, https:\/\/www.andrefrereditions.com\/wp-content\/uploads\/2017\/11\/eve-reincarnee-collette-pourroy-andre-frere-editions-7-300x297.jpg 300w\" sizes=\"auto, (max-width: 430px) 100vw, 430px\" \/><\/p>\n<p><img loading=\"lazy\" decoding=\"async\" class=\"alignnone size-full wp-image-7812\" src=\"https:\/\/www.andrefrereditions.com\/wp-content\/uploads\/2017\/11\/eve-reincarnee-collette-pourroy-andre-frere-editions-8.jpg\" alt=\"eve-reincarnee-collette-pourroy-andre-frere-editions-8\" width=\"430\" height=\"425\" srcset=\"https:\/\/www.andrefrereditions.com\/wp-content\/uploads\/2017\/11\/eve-reincarnee-collette-pourroy-andre-frere-editions-8.jpg 430w, https:\/\/www.andrefrereditions.com\/wp-content\/uploads\/2017\/11\/eve-reincarnee-collette-pourroy-andre-frere-editions-8-420x415.jpg 420w, https:\/\/www.andrefrereditions.com\/wp-content\/uploads\/2017\/11\/eve-reincarnee-collette-pourroy-andre-frere-editions-8-100x100.jpg 100w, https:\/\/www.andrefrereditions.com\/wp-content\/uploads\/2017\/11\/eve-reincarnee-collette-pourroy-andre-frere-editions-8-300x297.jpg 300w\" sizes=\"auto, (max-width: 430px) 100vw, 430px\" \/><\/p>\n","protected":false},"excerpt":{"rendered":"<p>Pictures : Colette Pourroy Text : H\u00e9lo\u00efse Con\u00e9sa 64 pages 17,5 x 19,5 cm 32 duotone pictures Hardcover French \/ english \u20ac 26 \u2013 \u20ac 360 ISBN : 979-10-92265-67-5 A special edition This collection books is sold signed, with an original picture signed and numbered.\u00a0 A choice between four pictures from the book is proposed, [&hellip;]<\/p>\n","protected":false},"featured_media":7815,"template":"","meta":[],"product_brand":[],"product_cat":[37],"product_tag":[],"class_list":{"0":"post-7816","1":"product","2":"type-product","3":"status-publish","4":"has-post-thumbnail","6":"product_cat-photography","7":"product_shipping_class-c2-en","9":"first","10":"instock","11":"shipping-taxable","12":"purchasable","13":"product-type-variable"},"yoast_head":"<!-- This site is optimized with the Yoast SEO plugin v27.4 - https:\/\/yoast.com\/product\/yoast-seo-wordpress\/ -->\n<title>\u00c8ve r\u00e9incarn\u00e9e | Andr\u00e9 Fr\u00e8re \u00c9ditions<\/title>\n<meta name=\"description\" content=\"\u00c8ve r\u00e9incarn\u00e9e par Colette Pourroy dans la cat\u00e9gorie Photography. Publi\u00e9 par Andr\u00e9 Fr\u00e8re \u00c9ditions.\" \/>\n<meta name=\"robots\" content=\"index, follow, max-snippet:-1, max-image-preview:large, max-video-preview:-1\" \/>\n<link rel=\"canonical\" href=\"https:\/\/www.andrefrereditions.com\/en\/books\/photography\/eve-reincarnee\/\" \/>\n<meta property=\"og:locale\" content=\"en_US\" \/>\n<meta property=\"og:type\" content=\"article\" \/>\n<meta property=\"og:title\" content=\"\u00c8ve r\u00e9incarn\u00e9e | Andr\u00e9 Fr\u00e8re \u00c9ditions\" \/>\n<meta property=\"og:description\" content=\"\u00c8ve r\u00e9incarn\u00e9e par Colette Pourroy dans la cat\u00e9gorie Photography. Publi\u00e9 par Andr\u00e9 Fr\u00e8re \u00c9ditions.\" \/>\n<meta property=\"og:url\" content=\"https:\/\/www.andrefrereditions.com\/en\/books\/photography\/eve-reincarnee\/\" \/>\n<meta property=\"og:site_name\" content=\"Andr\u00e9 Fr\u00e8re \u00c9ditions\" \/>\n<meta property=\"article:modified_time\" content=\"2025-06-26T09:14:45+00:00\" \/>\n<meta property=\"og:image\" content=\"https:\/\/www.andrefrereditions.com\/wp-content\/uploads\/2017\/11\/eve-reincarnee-collette-pourroy-andre-frere-editions.png\" \/>\n\t<meta property=\"og:image:width\" content=\"361\" \/>\n\t<meta property=\"og:image:height\" content=\"420\" \/>\n\t<meta property=\"og:image:type\" content=\"image\/png\" \/>\n<meta name=\"twitter:label1\" content=\"Est. reading time\" \/>\n\t<meta name=\"twitter:data1\" content=\"5 minutes\" \/>\n<script type=\"application\/ld+json\" class=\"yoast-schema-graph\">{\"@context\":\"https:\\\/\\\/schema.org\",\"@graph\":[{\"@type\":\"WebPage\",\"@id\":\"https:\\\/\\\/www.andrefrereditions.com\\\/en\\\/books\\\/photography\\\/eve-reincarnee\\\/\",\"url\":\"https:\\\/\\\/www.andrefrereditions.com\\\/en\\\/books\\\/photography\\\/eve-reincarnee\\\/\",\"name\":\"\u00c8ve r\u00e9incarn\u00e9e | Andr\u00e9 Fr\u00e8re \u00c9ditions\",\"isPartOf\":{\"@id\":\"https:\\\/\\\/www.andrefrereditions.com\\\/en\\\/#website\"},\"primaryImageOfPage\":{\"@id\":\"https:\\\/\\\/www.andrefrereditions.com\\\/en\\\/books\\\/photography\\\/eve-reincarnee\\\/#primaryimage\"},\"image\":{\"@id\":\"https:\\\/\\\/www.andrefrereditions.com\\\/en\\\/books\\\/photography\\\/eve-reincarnee\\\/#primaryimage\"},\"thumbnailUrl\":\"https:\\\/\\\/www.andrefrereditions.com\\\/wp-content\\\/uploads\\\/2017\\\/11\\\/eve-reincarnee-collette-pourroy-andre-frere-editions.png\",\"datePublished\":\"2017-11-01T14:56:50+00:00\",\"dateModified\":\"2025-06-26T09:14:45+00:00\",\"description\":\"\u00c8ve r\u00e9incarn\u00e9e par Colette Pourroy dans la cat\u00e9gorie Photography. Publi\u00e9 par Andr\u00e9 Fr\u00e8re \u00c9ditions.\",\"breadcrumb\":{\"@id\":\"https:\\\/\\\/www.andrefrereditions.com\\\/en\\\/books\\\/photography\\\/eve-reincarnee\\\/#breadcrumb\"},\"inLanguage\":\"en-US\",\"potentialAction\":[{\"@type\":\"ReadAction\",\"target\":[\"https:\\\/\\\/www.andrefrereditions.com\\\/en\\\/books\\\/photography\\\/eve-reincarnee\\\/\"]}]},{\"@type\":\"ImageObject\",\"inLanguage\":\"en-US\",\"@id\":\"https:\\\/\\\/www.andrefrereditions.com\\\/en\\\/books\\\/photography\\\/eve-reincarnee\\\/#primaryimage\",\"url\":\"https:\\\/\\\/www.andrefrereditions.com\\\/wp-content\\\/uploads\\\/2017\\\/11\\\/eve-reincarnee-collette-pourroy-andre-frere-editions.png\",\"contentUrl\":\"https:\\\/\\\/www.andrefrereditions.com\\\/wp-content\\\/uploads\\\/2017\\\/11\\\/eve-reincarnee-collette-pourroy-andre-frere-editions.png\",\"width\":361,\"height\":420},{\"@type\":\"BreadcrumbList\",\"@id\":\"https:\\\/\\\/www.andrefrereditions.com\\\/en\\\/books\\\/photography\\\/eve-reincarnee\\\/#breadcrumb\",\"itemListElement\":[{\"@type\":\"ListItem\",\"position\":1,\"name\":\"Home\",\"item\":\"https:\\\/\\\/www.andrefrereditions.com\\\/en\\\/\"},{\"@type\":\"ListItem\",\"position\":2,\"name\":\"Books\",\"item\":\"https:\\\/\\\/www.andrefrereditions.com\\\/en\\\/books\\\/\"},{\"@type\":\"ListItem\",\"position\":3,\"name\":\"\u00c8ve r\u00e9incarn\u00e9e\"}]},{\"@type\":\"WebSite\",\"@id\":\"https:\\\/\\\/www.andrefrereditions.com\\\/en\\\/#website\",\"url\":\"https:\\\/\\\/www.andrefrereditions.com\\\/en\\\/\",\"name\":\"Andr\u00e9 Fr\u00e8re \u00c9ditions\",\"description\":\"\u00c9dition ind\u00e9pendante de photographie et d\u2019art\",\"publisher\":{\"@id\":\"https:\\\/\\\/www.andrefrereditions.com\\\/en\\\/#organization\"},\"potentialAction\":[{\"@type\":\"SearchAction\",\"target\":{\"@type\":\"EntryPoint\",\"urlTemplate\":\"https:\\\/\\\/www.andrefrereditions.com\\\/en\\\/?s={search_term_string}\"},\"query-input\":{\"@type\":\"PropertyValueSpecification\",\"valueRequired\":true,\"valueName\":\"search_term_string\"}}],\"inLanguage\":\"en-US\"},{\"@type\":\"Organization\",\"@id\":\"https:\\\/\\\/www.andrefrereditions.com\\\/en\\\/#organization\",\"name\":\"Andr\u00e9 Fr\u00e8re \u00c9ditions\",\"url\":\"https:\\\/\\\/www.andrefrereditions.com\\\/en\\\/\",\"logo\":{\"@type\":\"ImageObject\",\"inLanguage\":\"en-US\",\"@id\":\"https:\\\/\\\/www.andrefrereditions.com\\\/en\\\/#\\\/schema\\\/logo\\\/image\\\/\",\"url\":\"https:\\\/\\\/www.andrefrereditions.com\\\/wp-content\\\/uploads\\\/2014\\\/12\\\/andre-frere-editions-logo.png\",\"contentUrl\":\"https:\\\/\\\/www.andrefrereditions.com\\\/wp-content\\\/uploads\\\/2014\\\/12\\\/andre-frere-editions-logo.png\",\"width\":80,\"height\":79,\"caption\":\"Andr\u00e9 Fr\u00e8re \u00c9ditions\"},\"image\":{\"@id\":\"https:\\\/\\\/www.andrefrereditions.com\\\/en\\\/#\\\/schema\\\/logo\\\/image\\\/\"}}]}<\/script>\n<!-- \/ Yoast SEO plugin. -->","yoast_head_json":{"title":"\u00c8ve r\u00e9incarn\u00e9e | Andr\u00e9 Fr\u00e8re \u00c9ditions","description":"\u00c8ve r\u00e9incarn\u00e9e par Colette Pourroy dans la cat\u00e9gorie Photography. Publi\u00e9 par Andr\u00e9 Fr\u00e8re \u00c9ditions.","robots":{"index":"index","follow":"follow","max-snippet":"max-snippet:-1","max-image-preview":"max-image-preview:large","max-video-preview":"max-video-preview:-1"},"canonical":"https:\/\/www.andrefrereditions.com\/en\/books\/photography\/eve-reincarnee\/","og_locale":"en_US","og_type":"article","og_title":"\u00c8ve r\u00e9incarn\u00e9e | Andr\u00e9 Fr\u00e8re \u00c9ditions","og_description":"\u00c8ve r\u00e9incarn\u00e9e par Colette Pourroy dans la cat\u00e9gorie Photography. Publi\u00e9 par Andr\u00e9 Fr\u00e8re \u00c9ditions.","og_url":"https:\/\/www.andrefrereditions.com\/en\/books\/photography\/eve-reincarnee\/","og_site_name":"Andr\u00e9 Fr\u00e8re \u00c9ditions","article_modified_time":"2025-06-26T09:14:45+00:00","og_image":[{"width":361,"height":420,"url":"https:\/\/www.andrefrereditions.com\/wp-content\/uploads\/2017\/11\/eve-reincarnee-collette-pourroy-andre-frere-editions.png","type":"image\/png"}],"twitter_misc":{"Est. reading time":"5 minutes"},"schema":{"@context":"https:\/\/schema.org","@graph":[{"@type":"WebPage","@id":"https:\/\/www.andrefrereditions.com\/en\/books\/photography\/eve-reincarnee\/","url":"https:\/\/www.andrefrereditions.com\/en\/books\/photography\/eve-reincarnee\/","name":"\u00c8ve r\u00e9incarn\u00e9e | Andr\u00e9 Fr\u00e8re \u00c9ditions","isPartOf":{"@id":"https:\/\/www.andrefrereditions.com\/en\/#website"},"primaryImageOfPage":{"@id":"https:\/\/www.andrefrereditions.com\/en\/books\/photography\/eve-reincarnee\/#primaryimage"},"image":{"@id":"https:\/\/www.andrefrereditions.com\/en\/books\/photography\/eve-reincarnee\/#primaryimage"},"thumbnailUrl":"https:\/\/www.andrefrereditions.com\/wp-content\/uploads\/2017\/11\/eve-reincarnee-collette-pourroy-andre-frere-editions.png","datePublished":"2017-11-01T14:56:50+00:00","dateModified":"2025-06-26T09:14:45+00:00","description":"\u00c8ve r\u00e9incarn\u00e9e par Colette Pourroy dans la cat\u00e9gorie Photography. Publi\u00e9 par Andr\u00e9 Fr\u00e8re \u00c9ditions.","breadcrumb":{"@id":"https:\/\/www.andrefrereditions.com\/en\/books\/photography\/eve-reincarnee\/#breadcrumb"},"inLanguage":"en-US","potentialAction":[{"@type":"ReadAction","target":["https:\/\/www.andrefrereditions.com\/en\/books\/photography\/eve-reincarnee\/"]}]},{"@type":"ImageObject","inLanguage":"en-US","@id":"https:\/\/www.andrefrereditions.com\/en\/books\/photography\/eve-reincarnee\/#primaryimage","url":"https:\/\/www.andrefrereditions.com\/wp-content\/uploads\/2017\/11\/eve-reincarnee-collette-pourroy-andre-frere-editions.png","contentUrl":"https:\/\/www.andrefrereditions.com\/wp-content\/uploads\/2017\/11\/eve-reincarnee-collette-pourroy-andre-frere-editions.png","width":361,"height":420},{"@type":"BreadcrumbList","@id":"https:\/\/www.andrefrereditions.com\/en\/books\/photography\/eve-reincarnee\/#breadcrumb","itemListElement":[{"@type":"ListItem","position":1,"name":"Home","item":"https:\/\/www.andrefrereditions.com\/en\/"},{"@type":"ListItem","position":2,"name":"Books","item":"https:\/\/www.andrefrereditions.com\/en\/books\/"},{"@type":"ListItem","position":3,"name":"\u00c8ve r\u00e9incarn\u00e9e"}]},{"@type":"WebSite","@id":"https:\/\/www.andrefrereditions.com\/en\/#website","url":"https:\/\/www.andrefrereditions.com\/en\/","name":"Andr\u00e9 Fr\u00e8re \u00c9ditions","description":"\u00c9dition ind\u00e9pendante de photographie et d\u2019art","publisher":{"@id":"https:\/\/www.andrefrereditions.com\/en\/#organization"},"potentialAction":[{"@type":"SearchAction","target":{"@type":"EntryPoint","urlTemplate":"https:\/\/www.andrefrereditions.com\/en\/?s={search_term_string}"},"query-input":{"@type":"PropertyValueSpecification","valueRequired":true,"valueName":"search_term_string"}}],"inLanguage":"en-US"},{"@type":"Organization","@id":"https:\/\/www.andrefrereditions.com\/en\/#organization","name":"Andr\u00e9 Fr\u00e8re \u00c9ditions","url":"https:\/\/www.andrefrereditions.com\/en\/","logo":{"@type":"ImageObject","inLanguage":"en-US","@id":"https:\/\/www.andrefrereditions.com\/en\/#\/schema\/logo\/image\/","url":"https:\/\/www.andrefrereditions.com\/wp-content\/uploads\/2014\/12\/andre-frere-editions-logo.png","contentUrl":"https:\/\/www.andrefrereditions.com\/wp-content\/uploads\/2014\/12\/andre-frere-editions-logo.png","width":80,"height":79,"caption":"Andr\u00e9 Fr\u00e8re \u00c9ditions"},"image":{"@id":"https:\/\/www.andrefrereditions.com\/en\/#\/schema\/logo\/image\/"}}]}},"_links":{"self":[{"href":"https:\/\/www.andrefrereditions.com\/en\/wp-json\/wp\/v2\/product\/7816","targetHints":{"allow":["GET"]}}],"collection":[{"href":"https:\/\/www.andrefrereditions.com\/en\/wp-json\/wp\/v2\/product"}],"about":[{"href":"https:\/\/www.andrefrereditions.com\/en\/wp-json\/wp\/v2\/types\/product"}],"wp:featuredmedia":[{"embeddable":true,"href":"https:\/\/www.andrefrereditions.com\/en\/wp-json\/wp\/v2\/media\/7815"}],"wp:attachment":[{"href":"https:\/\/www.andrefrereditions.com\/en\/wp-json\/wp\/v2\/media?parent=7816"}],"wp:term":[{"taxonomy":"product_brand","embeddable":true,"href":"https:\/\/www.andrefrereditions.com\/en\/wp-json\/wp\/v2\/product_brand?post=7816"},{"taxonomy":"product_cat","embeddable":true,"href":"https:\/\/www.andrefrereditions.com\/en\/wp-json\/wp\/v2\/product_cat?post=7816"},{"taxonomy":"product_tag","embeddable":true,"href":"https:\/\/www.andrefrereditions.com\/en\/wp-json\/wp\/v2\/product_tag?post=7816"}],"curies":[{"name":"wp","href":"https:\/\/api.w.org\/{rel}","templated":true}]}}