{"id":8031,"date":"2018-02-12T21:08:28","date_gmt":"2018-02-16T09:44:41","guid":{"rendered":"http:\/\/www.andrefrereditions.com\/en\/?post_type=product&#038;p=8031"},"modified":"2025-06-26T11:14:46","modified_gmt":"2025-06-26T09:14:46","slug":"eyes-wild-open","status":"publish","type":"product","link":"https:\/\/www.andrefrereditions.com\/en\/books\/photography\/eyes-wild-open\/","title":{"rendered":"Eyes Wild Open"},"content":{"rendered":"<ul class=\"infos-livre\">\n<li>Pictures : collective<\/li>\n<li>Texts : collective<\/li>\n<li>Graphic design : Mike Derez<\/li>\n<li>240 pages<\/li>\n<li>17 x 22 cm<\/li>\n<li>115 duotone pictures and 28 colour pictures<\/li>\n<li>Hardcover<\/li>\n<li>French \/ English<\/li>\n<li>\u20ac 39.50<\/li>\n<li>ISBN : 979-10-92265-66-8<\/li>\n<li>To be release : 2018, 21th february<\/li>\n<\/ul>\n<p><strong>&#8220;EYES WILD OPEN, on a trembling photography&#8221;, 70 years of photography, almost 30 prestigious photographers,\u00a0 17 nationalities<\/strong><\/p>\n<div id=\"attachment_8000\" style=\"width: 440px\" class=\"wp-caption alignnone\"><img loading=\"lazy\" decoding=\"async\" aria-describedby=\"caption-attachment-8000\" class=\"wp-image-8000 size-full\" src=\"https:\/\/www.andrefrereditions.com\/wp-content\/uploads\/2018\/02\/antoine-d-agata-eyes-wide-open-andre-frere-editions.jpg\" alt=\"antoine-d-agata-eyes-wide-open-andre-frere-editions\" width=\"430\" height=\"282\" srcset=\"https:\/\/www.andrefrereditions.com\/wp-content\/uploads\/2018\/02\/antoine-d-agata-eyes-wide-open-andre-frere-editions.jpg 430w, https:\/\/www.andrefrereditions.com\/wp-content\/uploads\/2018\/02\/antoine-d-agata-eyes-wide-open-andre-frere-editions-420x275.jpg 420w, https:\/\/www.andrefrereditions.com\/wp-content\/uploads\/2018\/02\/antoine-d-agata-eyes-wide-open-andre-frere-editions-300x197.jpg 300w\" sizes=\"auto, (max-width: 430px) 100vw, 430px\" \/><p id=\"caption-attachment-8000\" class=\"wp-caption-text\">\u00a9 Antoine d\u2019Agata<\/p><\/div>\n<p><strong>With photographs from:<\/strong> William Klein \u2013 Robert Frank \u2013 Ed van der Elsken \u2013\u00a0Daido Moriyama \u2013 Koji Taki \u2013 Takuma Nakahira \u2013 Yutaka Takanashi \u2013 Miyako Ishiuchi \u2013 Christer Str\u00f6mholm \u2013 Anders Petersen \u2013 J.H Engstr\u00f6m \u2013 Paulo Nozolino \u2013 Dolor\u00e8s Marat \u2013 Antoine d\u2019Agata \u2013 Klavdij Sluban \u2013 Michael Ackerman \u2013 Jehsong Baak \u2013 Olivier Pin-Fat \u2013 Tiane Doan Na Champassak \u2013 Lorenzo Castore \u2013 Arja Hyyti\u00e4inen \u2013 Jacob Aue Sobol \u2013 Alisa Resnik \u2013 Gilles Roudi\u00e8re \u2013 St\u00e9phane Charpentier \u2013 Gabrielle Duplantier \u2013 Yusuf Sevincli \u2013 Sohrab Hura \u2013 S\u00e9bastien Van Malleghem.<\/p>\n<div id=\"attachment_8027\" style=\"width: 440px\" class=\"wp-caption alignnone\"><img loading=\"lazy\" decoding=\"async\" aria-describedby=\"caption-attachment-8027\" class=\"wp-image-8027 size-full\" src=\"https:\/\/www.andrefrereditions.com\/wp-content\/uploads\/2018\/02\/daido-moriyama-eyes-wide-open-andre-frere-editions.jpg\" alt=\"daido-moriyama-eyes-wide-open-andre-frere-editions\" width=\"430\" height=\"647\" srcset=\"https:\/\/www.andrefrereditions.com\/wp-content\/uploads\/2018\/02\/daido-moriyama-eyes-wide-open-andre-frere-editions.jpg 430w, https:\/\/www.andrefrereditions.com\/wp-content\/uploads\/2018\/02\/daido-moriyama-eyes-wide-open-andre-frere-editions-420x632.jpg 420w, https:\/\/www.andrefrereditions.com\/wp-content\/uploads\/2018\/02\/daido-moriyama-eyes-wide-open-andre-frere-editions-199x300.jpg 199w\" sizes=\"auto, (max-width: 430px) 100vw, 430px\" \/><p id=\"caption-attachment-8027\" class=\"wp-caption-text\">\u00a9 Daido Moriyama<\/p><\/div>\n<div id=\"attachment_8029\" style=\"width: 440px\" class=\"wp-caption alignnone\"><img loading=\"lazy\" decoding=\"async\" aria-describedby=\"caption-attachment-8029\" class=\"wp-image-8029 size-full\" src=\"https:\/\/www.andrefrereditions.com\/wp-content\/uploads\/2018\/02\/michael-ackerman-eyes-wide-open-andre-frere-editions.jpg\" alt=\"michael-ackerman-eyes-wide-open-andre-frere-editions\" width=\"430\" height=\"289\" srcset=\"https:\/\/www.andrefrereditions.com\/wp-content\/uploads\/2018\/02\/michael-ackerman-eyes-wide-open-andre-frere-editions.jpg 430w, https:\/\/www.andrefrereditions.com\/wp-content\/uploads\/2018\/02\/michael-ackerman-eyes-wide-open-andre-frere-editions-420x282.jpg 420w, https:\/\/www.andrefrereditions.com\/wp-content\/uploads\/2018\/02\/michael-ackerman-eyes-wide-open-andre-frere-editions-300x202.jpg 300w\" sizes=\"auto, (max-width: 430px) 100vw, 430px\" \/><p id=\"caption-attachment-8029\" class=\"wp-caption-text\">\u00a9 Michael Ackerman<\/p><\/div>\n<p><strong>With texts and interviews from\u00a0:<\/strong> Caroline B\u00e9nichou, Christian Caujolle, Diane Dufour, Jean-Kenta Gauthier, Gilou Le Gruiec, Magali Jauffret, Brigitte Ollier et Laura Serani.<\/p>\n<p>Eyes Wild Open highlights the relationships that exist between several generations of photographers whose practice is as intuitive as it is abrupt or transgressive. Initiated after the second world war by pioneers such as Robert Frank, William Klein or the founders of the legendary Japanese magazine\u00a0Provoke, this singular approach to photography has stood the test of time, and its heritage remains particularly productive in contemporary creation.<\/p>\n<div id=\"attachment_8002\" style=\"width: 440px\" class=\"wp-caption alignnone\"><img loading=\"lazy\" decoding=\"async\" aria-describedby=\"caption-attachment-8002\" class=\"wp-image-8002 size-full\" src=\"https:\/\/www.andrefrereditions.com\/wp-content\/uploads\/2018\/02\/christer-stromholmeyes-wide-open-andre-frere-editions.jpg\" alt=\"christer-stromholmeyes-wide-open-andre-frere-editions\" width=\"430\" height=\"298\" srcset=\"https:\/\/www.andrefrereditions.com\/wp-content\/uploads\/2018\/02\/christer-stromholmeyes-wide-open-andre-frere-editions.jpg 430w, https:\/\/www.andrefrereditions.com\/wp-content\/uploads\/2018\/02\/christer-stromholmeyes-wide-open-andre-frere-editions-420x291.jpg 420w, https:\/\/www.andrefrereditions.com\/wp-content\/uploads\/2018\/02\/christer-stromholmeyes-wide-open-andre-frere-editions-300x208.jpg 300w\" sizes=\"auto, (max-width: 430px) 100vw, 430px\" \/><p id=\"caption-attachment-8002\" class=\"wp-caption-text\">\u00a9 Christer stromholm<\/p><\/div>\n<div id=\"attachment_8004\" style=\"width: 440px\" class=\"wp-caption alignnone\"><img loading=\"lazy\" decoding=\"async\" aria-describedby=\"caption-attachment-8004\" class=\"wp-image-8004 size-full\" src=\"https:\/\/www.andrefrereditions.com\/wp-content\/uploads\/2018\/02\/gabrielle-duplantiereyes-wide-open-andre-frere-editions.jpg\" alt=\"gabrielle-duplantiereyes-wide-open-andre-frere-editions\" width=\"430\" height=\"289\" srcset=\"https:\/\/www.andrefrereditions.com\/wp-content\/uploads\/2018\/02\/gabrielle-duplantiereyes-wide-open-andre-frere-editions.jpg 430w, https:\/\/www.andrefrereditions.com\/wp-content\/uploads\/2018\/02\/gabrielle-duplantiereyes-wide-open-andre-frere-editions-420x282.jpg 420w, https:\/\/www.andrefrereditions.com\/wp-content\/uploads\/2018\/02\/gabrielle-duplantiereyes-wide-open-andre-frere-editions-300x202.jpg 300w\" sizes=\"auto, (max-width: 430px) 100vw, 430px\" \/><p id=\"caption-attachment-8004\" class=\"wp-caption-text\">\u00a9 Gabrielle Duplantier<\/p><\/div>\n<div id=\"attachment_7998\" style=\"width: 440px\" class=\"wp-caption alignnone\"><img loading=\"lazy\" decoding=\"async\" aria-describedby=\"caption-attachment-7998\" class=\"wp-image-7998 size-full\" src=\"https:\/\/www.andrefrereditions.com\/wp-content\/uploads\/2018\/02\/alisa-resnikeyes-wide-open-andre-frere-editions.jpg\" alt=\"alisa-resnikeyes-wide-open-andre-frere-editions\" width=\"430\" height=\"645\" srcset=\"https:\/\/www.andrefrereditions.com\/wp-content\/uploads\/2018\/02\/alisa-resnikeyes-wide-open-andre-frere-editions.jpg 430w, https:\/\/www.andrefrereditions.com\/wp-content\/uploads\/2018\/02\/alisa-resnikeyes-wide-open-andre-frere-editions-420x630.jpg 420w, https:\/\/www.andrefrereditions.com\/wp-content\/uploads\/2018\/02\/alisa-resnikeyes-wide-open-andre-frere-editions-200x300.jpg 200w\" sizes=\"auto, (max-width: 430px) 100vw, 430px\" \/><p id=\"caption-attachment-7998\" class=\"wp-caption-text\">\u00a9 Alisa Resnik<\/p><\/div>\n<div id=\"attachment_8008\" style=\"width: 440px\" class=\"wp-caption alignnone\"><img loading=\"lazy\" decoding=\"async\" aria-describedby=\"caption-attachment-8008\" class=\"wp-image-8008 size-full\" src=\"https:\/\/www.andrefrereditions.com\/wp-content\/uploads\/2018\/02\/lorenzo-castoreeyes-wide-open-andre-frere-editions.jpg\" alt=\"lorenzo-castoreeyes-wide-open-andre-frere-editions\" width=\"430\" height=\"296\" srcset=\"https:\/\/www.andrefrereditions.com\/wp-content\/uploads\/2018\/02\/lorenzo-castoreeyes-wide-open-andre-frere-editions.jpg 430w, https:\/\/www.andrefrereditions.com\/wp-content\/uploads\/2018\/02\/lorenzo-castoreeyes-wide-open-andre-frere-editions-420x289.jpg 420w, https:\/\/www.andrefrereditions.com\/wp-content\/uploads\/2018\/02\/lorenzo-castoreeyes-wide-open-andre-frere-editions-300x207.jpg 300w\" sizes=\"auto, (max-width: 430px) 100vw, 430px\" \/><p id=\"caption-attachment-8008\" class=\"wp-caption-text\">\u00a9 Lorenzo Castore<\/p><\/div>\n<div id=\"attachment_8010\" style=\"width: 440px\" class=\"wp-caption alignnone\"><img loading=\"lazy\" decoding=\"async\" aria-describedby=\"caption-attachment-8010\" class=\"wp-image-8010 size-full\" src=\"https:\/\/www.andrefrereditions.com\/wp-content\/uploads\/2018\/02\/olivier-pin-fateyes-wide-open-andre-frere-editions.jpg\" alt=\"olivier-pin-fateyes-wide-open-andre-frere-editions\" width=\"430\" height=\"298\" srcset=\"https:\/\/www.andrefrereditions.com\/wp-content\/uploads\/2018\/02\/olivier-pin-fateyes-wide-open-andre-frere-editions.jpg 430w, https:\/\/www.andrefrereditions.com\/wp-content\/uploads\/2018\/02\/olivier-pin-fateyes-wide-open-andre-frere-editions-420x291.jpg 420w, https:\/\/www.andrefrereditions.com\/wp-content\/uploads\/2018\/02\/olivier-pin-fateyes-wide-open-andre-frere-editions-300x208.jpg 300w\" sizes=\"auto, (max-width: 430px) 100vw, 430px\" \/><p id=\"caption-attachment-8010\" class=\"wp-caption-text\">\u00a9 Olivier Pin Fat<\/p><\/div>\n<div id=\"attachment_8006\" style=\"width: 440px\" class=\"wp-caption alignnone\"><img loading=\"lazy\" decoding=\"async\" aria-describedby=\"caption-attachment-8006\" class=\"wp-image-8006 size-full\" src=\"https:\/\/www.andrefrereditions.com\/wp-content\/uploads\/2018\/02\/gilles-roudiereeyes-wide-open-andre-frere-editions.jpg\" alt=\"gilles-roudiereeyes-wide-open-andre-frere-editions\" width=\"430\" height=\"645\" srcset=\"https:\/\/www.andrefrereditions.com\/wp-content\/uploads\/2018\/02\/gilles-roudiereeyes-wide-open-andre-frere-editions.jpg 430w, https:\/\/www.andrefrereditions.com\/wp-content\/uploads\/2018\/02\/gilles-roudiereeyes-wide-open-andre-frere-editions-420x630.jpg 420w, https:\/\/www.andrefrereditions.com\/wp-content\/uploads\/2018\/02\/gilles-roudiereeyes-wide-open-andre-frere-editions-200x300.jpg 200w\" sizes=\"auto, (max-width: 430px) 100vw, 430px\" \/><p id=\"caption-attachment-8006\" class=\"wp-caption-text\">\u00a9 Gilles Roudier<\/p><\/div>\n<div id=\"attachment_8012\" style=\"width: 440px\" class=\"wp-caption alignnone\"><img loading=\"lazy\" decoding=\"async\" aria-describedby=\"caption-attachment-8012\" class=\"wp-image-8012 size-full\" src=\"https:\/\/www.andrefrereditions.com\/wp-content\/uploads\/2018\/02\/stephane-charpentiereyes-wide-open-andre-frere-editions.jpg\" alt=\"stephane-charpentiereyes-wide-open-andre-frere-editions\" width=\"430\" height=\"295\" srcset=\"https:\/\/www.andrefrereditions.com\/wp-content\/uploads\/2018\/02\/stephane-charpentiereyes-wide-open-andre-frere-editions.jpg 430w, https:\/\/www.andrefrereditions.com\/wp-content\/uploads\/2018\/02\/stephane-charpentiereyes-wide-open-andre-frere-editions-420x288.jpg 420w, https:\/\/www.andrefrereditions.com\/wp-content\/uploads\/2018\/02\/stephane-charpentiereyes-wide-open-andre-frere-editions-300x206.jpg 300w\" sizes=\"auto, (max-width: 430px) 100vw, 430px\" \/><p id=\"caption-attachment-8012\" class=\"wp-caption-text\">\u00a9 Stephane Charpentier<\/p><\/div>\n<div id=\"attachment_8014\" style=\"width: 440px\" class=\"wp-caption alignnone\"><img loading=\"lazy\" decoding=\"async\" aria-describedby=\"caption-attachment-8014\" class=\"wp-image-8014 size-full\" src=\"https:\/\/www.andrefrereditions.com\/wp-content\/uploads\/2018\/02\/tiane-doan-na-champassakeyes-wide-open-andre-frere-editions.jpg\" alt=\"tiane-doan-na-champassakeyes-wide-open-andre-frere-editions\" width=\"430\" height=\"444\" srcset=\"https:\/\/www.andrefrereditions.com\/wp-content\/uploads\/2018\/02\/tiane-doan-na-champassakeyes-wide-open-andre-frere-editions.jpg 430w, https:\/\/www.andrefrereditions.com\/wp-content\/uploads\/2018\/02\/tiane-doan-na-champassakeyes-wide-open-andre-frere-editions-420x434.jpg 420w, https:\/\/www.andrefrereditions.com\/wp-content\/uploads\/2018\/02\/tiane-doan-na-champassakeyes-wide-open-andre-frere-editions-291x300.jpg 291w\" sizes=\"auto, (max-width: 430px) 100vw, 430px\" \/><p id=\"caption-attachment-8014\" class=\"wp-caption-text\">\u00a9 Tiane Doan Na Champassa<\/p><\/div>\n","protected":false},"excerpt":{"rendered":"<p>Pictures : collective Texts : collective Graphic design : Mike Derez 240 pages 17 x 22 cm 115 duotone pictures and 28 colour pictures Hardcover French \/ English \u20ac 39.50 ISBN : 979-10-92265-66-8 To be release : 2018, 21th february &#8220;EYES WILD OPEN, on a trembling photography&#8221;, 70 years of photography, almost 30 prestigious photographers,\u00a0 [&hellip;]<\/p>\n","protected":false},"featured_media":8016,"template":"","meta":[],"product_brand":[],"product_cat":[37],"product_tag":[],"class_list":{"0":"post-8031","1":"product","2":"type-product","3":"status-publish","4":"has-post-thumbnail","6":"product_cat-photography","7":"product_shipping_class-c2-en","9":"first","10":"instock","11":"shipping-taxable","12":"purchasable","13":"product-type-simple"},"yoast_head":"<!-- This site is optimized with the Yoast SEO plugin v27.5 - https:\/\/yoast.com\/product\/yoast-seo-wordpress\/ -->\n<title>Eyes Wild Open | Andr\u00e9 Fr\u00e8re \u00c9ditions<\/title>\n<meta name=\"description\" content=\"Eyes Wild Open par Marie Sordat dans la cat\u00e9gorie Photography. Publi\u00e9 par Andr\u00e9 Fr\u00e8re \u00c9ditions.\" \/>\n<meta name=\"robots\" content=\"index, follow, max-snippet:-1, max-image-preview:large, max-video-preview:-1\" \/>\n<link rel=\"canonical\" href=\"https:\/\/www.andrefrereditions.com\/en\/books\/photography\/eyes-wild-open\/\" \/>\n<meta property=\"og:locale\" content=\"en_US\" \/>\n<meta property=\"og:type\" content=\"article\" \/>\n<meta property=\"og:title\" content=\"Eyes Wild Open | Andr\u00e9 Fr\u00e8re \u00c9ditions\" \/>\n<meta property=\"og:description\" content=\"Eyes Wild Open par Marie Sordat dans la cat\u00e9gorie Photography. Publi\u00e9 par Andr\u00e9 Fr\u00e8re \u00c9ditions.\" \/>\n<meta property=\"og:url\" content=\"https:\/\/www.andrefrereditions.com\/en\/books\/photography\/eyes-wild-open\/\" \/>\n<meta property=\"og:site_name\" content=\"Andr\u00e9 Fr\u00e8re \u00c9ditions\" \/>\n<meta property=\"article:modified_time\" content=\"2025-06-26T09:14:46+00:00\" \/>\n<meta property=\"og:image\" content=\"https:\/\/www.andrefrereditions.com\/wp-content\/uploads\/2018\/02\/eyes-wide-open-couverture-andre-frere-editions.jpg\" \/>\n\t<meta property=\"og:image:width\" content=\"420\" \/>\n\t<meta property=\"og:image:height\" content=\"550\" \/>\n\t<meta property=\"og:image:type\" content=\"image\/jpeg\" \/>\n<meta name=\"twitter:label1\" content=\"Est. reading time\" \/>\n\t<meta name=\"twitter:data1\" content=\"2 minutes\" \/>\n<script type=\"application\/ld+json\" class=\"yoast-schema-graph\">{\"@context\":\"https:\\\/\\\/schema.org\",\"@graph\":[{\"@type\":\"WebPage\",\"@id\":\"https:\\\/\\\/www.andrefrereditions.com\\\/en\\\/books\\\/photography\\\/eyes-wild-open\\\/\",\"url\":\"https:\\\/\\\/www.andrefrereditions.com\\\/en\\\/books\\\/photography\\\/eyes-wild-open\\\/\",\"name\":\"Eyes Wild Open | Andr\u00e9 Fr\u00e8re \u00c9ditions\",\"isPartOf\":{\"@id\":\"https:\\\/\\\/www.andrefrereditions.com\\\/en\\\/#website\"},\"primaryImageOfPage\":{\"@id\":\"https:\\\/\\\/www.andrefrereditions.com\\\/en\\\/books\\\/photography\\\/eyes-wild-open\\\/#primaryimage\"},\"image\":{\"@id\":\"https:\\\/\\\/www.andrefrereditions.com\\\/en\\\/books\\\/photography\\\/eyes-wild-open\\\/#primaryimage\"},\"thumbnailUrl\":\"https:\\\/\\\/www.andrefrereditions.com\\\/wp-content\\\/uploads\\\/2018\\\/02\\\/eyes-wide-open-couverture-andre-frere-editions.jpg\",\"datePublished\":\"2018-02-16T09:44:41+00:00\",\"dateModified\":\"2025-06-26T09:14:46+00:00\",\"description\":\"Eyes Wild Open par Marie Sordat dans la cat\u00e9gorie Photography. Publi\u00e9 par Andr\u00e9 Fr\u00e8re \u00c9ditions.\",\"breadcrumb\":{\"@id\":\"https:\\\/\\\/www.andrefrereditions.com\\\/en\\\/books\\\/photography\\\/eyes-wild-open\\\/#breadcrumb\"},\"inLanguage\":\"en-US\",\"potentialAction\":[{\"@type\":\"ReadAction\",\"target\":[\"https:\\\/\\\/www.andrefrereditions.com\\\/en\\\/books\\\/photography\\\/eyes-wild-open\\\/\"]}]},{\"@type\":\"ImageObject\",\"inLanguage\":\"en-US\",\"@id\":\"https:\\\/\\\/www.andrefrereditions.com\\\/en\\\/books\\\/photography\\\/eyes-wild-open\\\/#primaryimage\",\"url\":\"https:\\\/\\\/www.andrefrereditions.com\\\/wp-content\\\/uploads\\\/2018\\\/02\\\/eyes-wide-open-couverture-andre-frere-editions.jpg\",\"contentUrl\":\"https:\\\/\\\/www.andrefrereditions.com\\\/wp-content\\\/uploads\\\/2018\\\/02\\\/eyes-wide-open-couverture-andre-frere-editions.jpg\",\"width\":420,\"height\":550},{\"@type\":\"BreadcrumbList\",\"@id\":\"https:\\\/\\\/www.andrefrereditions.com\\\/en\\\/books\\\/photography\\\/eyes-wild-open\\\/#breadcrumb\",\"itemListElement\":[{\"@type\":\"ListItem\",\"position\":1,\"name\":\"Home\",\"item\":\"https:\\\/\\\/www.andrefrereditions.com\\\/en\\\/\"},{\"@type\":\"ListItem\",\"position\":2,\"name\":\"Books\",\"item\":\"https:\\\/\\\/www.andrefrereditions.com\\\/en\\\/books\\\/\"},{\"@type\":\"ListItem\",\"position\":3,\"name\":\"Eyes Wild Open\"}]},{\"@type\":\"WebSite\",\"@id\":\"https:\\\/\\\/www.andrefrereditions.com\\\/en\\\/#website\",\"url\":\"https:\\\/\\\/www.andrefrereditions.com\\\/en\\\/\",\"name\":\"Andr\u00e9 Fr\u00e8re \u00c9ditions\",\"description\":\"\u00c9dition ind\u00e9pendante de photographie et d\u2019art\",\"publisher\":{\"@id\":\"https:\\\/\\\/www.andrefrereditions.com\\\/en\\\/#organization\"},\"potentialAction\":[{\"@type\":\"SearchAction\",\"target\":{\"@type\":\"EntryPoint\",\"urlTemplate\":\"https:\\\/\\\/www.andrefrereditions.com\\\/en\\\/?s={search_term_string}\"},\"query-input\":{\"@type\":\"PropertyValueSpecification\",\"valueRequired\":true,\"valueName\":\"search_term_string\"}}],\"inLanguage\":\"en-US\"},{\"@type\":\"Organization\",\"@id\":\"https:\\\/\\\/www.andrefrereditions.com\\\/en\\\/#organization\",\"name\":\"Andr\u00e9 Fr\u00e8re \u00c9ditions\",\"url\":\"https:\\\/\\\/www.andrefrereditions.com\\\/en\\\/\",\"logo\":{\"@type\":\"ImageObject\",\"inLanguage\":\"en-US\",\"@id\":\"https:\\\/\\\/www.andrefrereditions.com\\\/en\\\/#\\\/schema\\\/logo\\\/image\\\/\",\"url\":\"https:\\\/\\\/www.andrefrereditions.com\\\/wp-content\\\/uploads\\\/2014\\\/12\\\/andre-frere-editions-logo.png\",\"contentUrl\":\"https:\\\/\\\/www.andrefrereditions.com\\\/wp-content\\\/uploads\\\/2014\\\/12\\\/andre-frere-editions-logo.png\",\"width\":80,\"height\":79,\"caption\":\"Andr\u00e9 Fr\u00e8re \u00c9ditions\"},\"image\":{\"@id\":\"https:\\\/\\\/www.andrefrereditions.com\\\/en\\\/#\\\/schema\\\/logo\\\/image\\\/\"}}]}<\/script>\n<!-- \/ Yoast SEO plugin. -->","yoast_head_json":{"title":"Eyes Wild Open | Andr\u00e9 Fr\u00e8re \u00c9ditions","description":"Eyes Wild Open par Marie Sordat dans la cat\u00e9gorie Photography. Publi\u00e9 par Andr\u00e9 Fr\u00e8re \u00c9ditions.","robots":{"index":"index","follow":"follow","max-snippet":"max-snippet:-1","max-image-preview":"max-image-preview:large","max-video-preview":"max-video-preview:-1"},"canonical":"https:\/\/www.andrefrereditions.com\/en\/books\/photography\/eyes-wild-open\/","og_locale":"en_US","og_type":"article","og_title":"Eyes Wild Open | Andr\u00e9 Fr\u00e8re \u00c9ditions","og_description":"Eyes Wild Open par Marie Sordat dans la cat\u00e9gorie Photography. Publi\u00e9 par Andr\u00e9 Fr\u00e8re \u00c9ditions.","og_url":"https:\/\/www.andrefrereditions.com\/en\/books\/photography\/eyes-wild-open\/","og_site_name":"Andr\u00e9 Fr\u00e8re \u00c9ditions","article_modified_time":"2025-06-26T09:14:46+00:00","og_image":[{"width":420,"height":550,"url":"https:\/\/www.andrefrereditions.com\/wp-content\/uploads\/2018\/02\/eyes-wide-open-couverture-andre-frere-editions.jpg","type":"image\/jpeg"}],"twitter_misc":{"Est. reading time":"2 minutes"},"schema":{"@context":"https:\/\/schema.org","@graph":[{"@type":"WebPage","@id":"https:\/\/www.andrefrereditions.com\/en\/books\/photography\/eyes-wild-open\/","url":"https:\/\/www.andrefrereditions.com\/en\/books\/photography\/eyes-wild-open\/","name":"Eyes Wild Open | Andr\u00e9 Fr\u00e8re \u00c9ditions","isPartOf":{"@id":"https:\/\/www.andrefrereditions.com\/en\/#website"},"primaryImageOfPage":{"@id":"https:\/\/www.andrefrereditions.com\/en\/books\/photography\/eyes-wild-open\/#primaryimage"},"image":{"@id":"https:\/\/www.andrefrereditions.com\/en\/books\/photography\/eyes-wild-open\/#primaryimage"},"thumbnailUrl":"https:\/\/www.andrefrereditions.com\/wp-content\/uploads\/2018\/02\/eyes-wide-open-couverture-andre-frere-editions.jpg","datePublished":"2018-02-16T09:44:41+00:00","dateModified":"2025-06-26T09:14:46+00:00","description":"Eyes Wild Open par Marie Sordat dans la cat\u00e9gorie Photography. Publi\u00e9 par Andr\u00e9 Fr\u00e8re \u00c9ditions.","breadcrumb":{"@id":"https:\/\/www.andrefrereditions.com\/en\/books\/photography\/eyes-wild-open\/#breadcrumb"},"inLanguage":"en-US","potentialAction":[{"@type":"ReadAction","target":["https:\/\/www.andrefrereditions.com\/en\/books\/photography\/eyes-wild-open\/"]}]},{"@type":"ImageObject","inLanguage":"en-US","@id":"https:\/\/www.andrefrereditions.com\/en\/books\/photography\/eyes-wild-open\/#primaryimage","url":"https:\/\/www.andrefrereditions.com\/wp-content\/uploads\/2018\/02\/eyes-wide-open-couverture-andre-frere-editions.jpg","contentUrl":"https:\/\/www.andrefrereditions.com\/wp-content\/uploads\/2018\/02\/eyes-wide-open-couverture-andre-frere-editions.jpg","width":420,"height":550},{"@type":"BreadcrumbList","@id":"https:\/\/www.andrefrereditions.com\/en\/books\/photography\/eyes-wild-open\/#breadcrumb","itemListElement":[{"@type":"ListItem","position":1,"name":"Home","item":"https:\/\/www.andrefrereditions.com\/en\/"},{"@type":"ListItem","position":2,"name":"Books","item":"https:\/\/www.andrefrereditions.com\/en\/books\/"},{"@type":"ListItem","position":3,"name":"Eyes Wild Open"}]},{"@type":"WebSite","@id":"https:\/\/www.andrefrereditions.com\/en\/#website","url":"https:\/\/www.andrefrereditions.com\/en\/","name":"Andr\u00e9 Fr\u00e8re \u00c9ditions","description":"\u00c9dition ind\u00e9pendante de photographie et d\u2019art","publisher":{"@id":"https:\/\/www.andrefrereditions.com\/en\/#organization"},"potentialAction":[{"@type":"SearchAction","target":{"@type":"EntryPoint","urlTemplate":"https:\/\/www.andrefrereditions.com\/en\/?s={search_term_string}"},"query-input":{"@type":"PropertyValueSpecification","valueRequired":true,"valueName":"search_term_string"}}],"inLanguage":"en-US"},{"@type":"Organization","@id":"https:\/\/www.andrefrereditions.com\/en\/#organization","name":"Andr\u00e9 Fr\u00e8re \u00c9ditions","url":"https:\/\/www.andrefrereditions.com\/en\/","logo":{"@type":"ImageObject","inLanguage":"en-US","@id":"https:\/\/www.andrefrereditions.com\/en\/#\/schema\/logo\/image\/","url":"https:\/\/www.andrefrereditions.com\/wp-content\/uploads\/2014\/12\/andre-frere-editions-logo.png","contentUrl":"https:\/\/www.andrefrereditions.com\/wp-content\/uploads\/2014\/12\/andre-frere-editions-logo.png","width":80,"height":79,"caption":"Andr\u00e9 Fr\u00e8re \u00c9ditions"},"image":{"@id":"https:\/\/www.andrefrereditions.com\/en\/#\/schema\/logo\/image\/"}}]}},"_links":{"self":[{"href":"https:\/\/www.andrefrereditions.com\/en\/wp-json\/wp\/v2\/product\/8031","targetHints":{"allow":["GET"]}}],"collection":[{"href":"https:\/\/www.andrefrereditions.com\/en\/wp-json\/wp\/v2\/product"}],"about":[{"href":"https:\/\/www.andrefrereditions.com\/en\/wp-json\/wp\/v2\/types\/product"}],"wp:featuredmedia":[{"embeddable":true,"href":"https:\/\/www.andrefrereditions.com\/en\/wp-json\/wp\/v2\/media\/8016"}],"wp:attachment":[{"href":"https:\/\/www.andrefrereditions.com\/en\/wp-json\/wp\/v2\/media?parent=8031"}],"wp:term":[{"taxonomy":"product_brand","embeddable":true,"href":"https:\/\/www.andrefrereditions.com\/en\/wp-json\/wp\/v2\/product_brand?post=8031"},{"taxonomy":"product_cat","embeddable":true,"href":"https:\/\/www.andrefrereditions.com\/en\/wp-json\/wp\/v2\/product_cat?post=8031"},{"taxonomy":"product_tag","embeddable":true,"href":"https:\/\/www.andrefrereditions.com\/en\/wp-json\/wp\/v2\/product_tag?post=8031"}],"curies":[{"name":"wp","href":"https:\/\/api.w.org\/{rel}","templated":true}]}}