{"id":8178,"date":"2018-02-12T21:02:02","date_gmt":"2018-05-17T22:00:00","guid":{"rendered":"http:\/\/www.andrefrereditions.com\/en\/?post_type=product&#038;p=8178"},"modified":"2025-06-26T11:14:49","modified_gmt":"2025-06-26T09:14:49","slug":"mai-68-etat-des-lieux","status":"publish","type":"product","link":"https:\/\/www.andrefrereditions.com\/en\/books\/photography\/mai-68-etat-des-lieux\/","title":{"rendered":"Mai 68 &#8211; \u00c9tat des lieux"},"content":{"rendered":"<ul class=\"infos-livre\">\n<li>Photographs : <a href=\"http:\/\/www.claude-dityvon.fr\/\" target=\"_blank\">Claude Dityvon<\/a><\/li>\n<li>Text : <a href=\"https:\/\/fr.wikipedia.org\/wiki\/Christian_Caujolle\" target=\"_blank\">Christian Caujolle<\/a> &amp; <a href=\"https:\/\/fr.wikipedia.org\/wiki\/Fran%C3%A7ois_Cheval\" target=\"_blank\">Fran\u00e7ois Cheval<\/a><\/li>\n<li>96 pages<\/li>\n<li>24 x 18,5 cm<\/li>\n<li>77 duotone pictures<\/li>\n<li>Couverture rigide<\/li>\n<li>French \/ English<\/li>\n<li>\u20ac33,50<\/li>\n<li>ISBN : 979-10-92265-70-5<\/li>\n<\/ul>\n<h2>Christian Caujolle, excerp<\/h2>\n<p>Dityvon taps into and shares an atmosphere, a state of mind, and a sense of freedom which perfectly suits him. He is interested in the signs, the graffiti, the commotion, the faces drawn tight in the exchange of ideas, the overflowing of words. He who says \u201cThe street was speaking. Me, I speak. And watching is just another way of speaking\u201d found, without apparent effort, with unparalleled fluidity in his remit because he was not looking to make any one point, a sort of urban poetry in these intense clashes. He could not help but feel affected by this enormous longing for freedom which was so close to his own dreams.<\/p>\n<p><img loading=\"lazy\" decoding=\"async\" class=\"alignnone size-full wp-image-7972\" src=\"https:\/\/www.andrefrereditions.com\/wp-content\/uploads\/2018\/02\/mai-68-etat-des-choses-claude-dityvon-1-andre-frere-editions.jpg\" alt=\"mai-68-etat-des-choses-claude-dityvon-1-andre-frere-editions\" width=\"430\" height=\"291\" srcset=\"https:\/\/www.andrefrereditions.com\/wp-content\/uploads\/2018\/02\/mai-68-etat-des-choses-claude-dityvon-1-andre-frere-editions.jpg 430w, https:\/\/www.andrefrereditions.com\/wp-content\/uploads\/2018\/02\/mai-68-etat-des-choses-claude-dityvon-1-andre-frere-editions-420x284.jpg 420w, https:\/\/www.andrefrereditions.com\/wp-content\/uploads\/2018\/02\/mai-68-etat-des-choses-claude-dityvon-1-andre-frere-editions-300x203.jpg 300w\" sizes=\"auto, (max-width: 430px) 100vw, 430px\" \/><\/p>\n<p>Thus, May 1968 by Claude Dityvon is anything but a simple report. It could be described as a chronicle, in the true meaning of the word, or a diary, almost a notebook, as if he had stumbled upon a troubled Paris and taken a trip through it. No symbolic imagery, nothing designed to accompany headlines in newspapers of magazines, no desire to go down in history.<\/p>\n<p><img loading=\"lazy\" decoding=\"async\" class=\"alignnone size-full wp-image-7974\" src=\"https:\/\/www.andrefrereditions.com\/wp-content\/uploads\/2018\/02\/mai-68-etat-des-choses-claude-dityvon-2-andre-frere-editions.jpg\" alt=\"mai-68-etat-des-choses-claude-dityvon-2-andre-frere-editions\" width=\"430\" height=\"304\" srcset=\"https:\/\/www.andrefrereditions.com\/wp-content\/uploads\/2018\/02\/mai-68-etat-des-choses-claude-dityvon-2-andre-frere-editions.jpg 430w, https:\/\/www.andrefrereditions.com\/wp-content\/uploads\/2018\/02\/mai-68-etat-des-choses-claude-dityvon-2-andre-frere-editions-420x297.jpg 420w, https:\/\/www.andrefrereditions.com\/wp-content\/uploads\/2018\/02\/mai-68-etat-des-choses-claude-dityvon-2-andre-frere-editions-300x212.jpg 300w\" sizes=\"auto, (max-width: 430px) 100vw, 430px\" \/><\/p>\n<p>Just a noticeable pleasure to have had the chance to be there, at that moment, and to be able to capture the images with no constraints revealing his gaze. He has succeeded in \u201cshowing that which is between things, that which cannot be seen, and which resemble the music of words, and the murmuring of the streets, the state of affairs\u201d. That is no small feat.<\/p>\n<p><img loading=\"lazy\" decoding=\"async\" class=\"alignnone size-full wp-image-7976\" src=\"https:\/\/www.andrefrereditions.com\/wp-content\/uploads\/2018\/02\/mai-68-etat-des-choses-claude-dityvon-3-andre-frere-editions.jpg\" alt=\"mai-68-etat-des-choses-claude-dityvon-3-andre-frere-editions\" width=\"430\" height=\"290\" srcset=\"https:\/\/www.andrefrereditions.com\/wp-content\/uploads\/2018\/02\/mai-68-etat-des-choses-claude-dityvon-3-andre-frere-editions.jpg 430w, https:\/\/www.andrefrereditions.com\/wp-content\/uploads\/2018\/02\/mai-68-etat-des-choses-claude-dityvon-3-andre-frere-editions-420x283.jpg 420w, https:\/\/www.andrefrereditions.com\/wp-content\/uploads\/2018\/02\/mai-68-etat-des-choses-claude-dityvon-3-andre-frere-editions-300x202.jpg 300w\" sizes=\"auto, (max-width: 430px) 100vw, 430px\" \/><\/p>\n<p><img loading=\"lazy\" decoding=\"async\" class=\"alignnone size-full wp-image-7978\" src=\"https:\/\/www.andrefrereditions.com\/wp-content\/uploads\/2018\/02\/mai-68-etat-des-choses-claude-dityvon-4-andre-frere-editions.jpg\" alt=\"mai-68-etat-des-choses-claude-dityvon-4-andre-frere-editions\" width=\"430\" height=\"286\" srcset=\"https:\/\/www.andrefrereditions.com\/wp-content\/uploads\/2018\/02\/mai-68-etat-des-choses-claude-dityvon-4-andre-frere-editions.jpg 430w, https:\/\/www.andrefrereditions.com\/wp-content\/uploads\/2018\/02\/mai-68-etat-des-choses-claude-dityvon-4-andre-frere-editions-420x279.jpg 420w, https:\/\/www.andrefrereditions.com\/wp-content\/uploads\/2018\/02\/mai-68-etat-des-choses-claude-dityvon-4-andre-frere-editions-300x200.jpg 300w\" sizes=\"auto, (max-width: 430px) 100vw, 430px\" \/><\/p>\n<p><img loading=\"lazy\" decoding=\"async\" class=\"alignnone size-full wp-image-7980\" src=\"https:\/\/www.andrefrereditions.com\/wp-content\/uploads\/2018\/02\/mai-68-etat-des-choses-claude-dityvon-5-andre-frere-editions.jpg\" alt=\"mai-68-etat-des-choses-claude-dityvon-5-andre-frere-editions\" width=\"430\" height=\"279\" srcset=\"https:\/\/www.andrefrereditions.com\/wp-content\/uploads\/2018\/02\/mai-68-etat-des-choses-claude-dityvon-5-andre-frere-editions.jpg 430w, https:\/\/www.andrefrereditions.com\/wp-content\/uploads\/2018\/02\/mai-68-etat-des-choses-claude-dityvon-5-andre-frere-editions-420x273.jpg 420w, https:\/\/www.andrefrereditions.com\/wp-content\/uploads\/2018\/02\/mai-68-etat-des-choses-claude-dityvon-5-andre-frere-editions-300x195.jpg 300w\" sizes=\"auto, (max-width: 430px) 100vw, 430px\" \/><\/p>\n<p><img loading=\"lazy\" decoding=\"async\" class=\"alignnone size-full wp-image-7982\" src=\"https:\/\/www.andrefrereditions.com\/wp-content\/uploads\/2018\/02\/mai-68-etat-des-choses-claude-dityvon-6-andre-frere-editions.jpg\" alt=\"mai-68-etat-des-choses-claude-dityvon-6-andre-frere-editions\" width=\"430\" height=\"283\" srcset=\"https:\/\/www.andrefrereditions.com\/wp-content\/uploads\/2018\/02\/mai-68-etat-des-choses-claude-dityvon-6-andre-frere-editions.jpg 430w, https:\/\/www.andrefrereditions.com\/wp-content\/uploads\/2018\/02\/mai-68-etat-des-choses-claude-dityvon-6-andre-frere-editions-420x276.jpg 420w, https:\/\/www.andrefrereditions.com\/wp-content\/uploads\/2018\/02\/mai-68-etat-des-choses-claude-dityvon-6-andre-frere-editions-300x197.jpg 300w\" sizes=\"auto, (max-width: 430px) 100vw, 430px\" \/><\/p>\n<h2>Fran\u00e7ois Cheval, excerp<\/h2>\n<p>Growth and fulfilment of photographic intuition: this is it, for Claude Dityvon, this is the long-awaited moment that he has been watching for on the horizon, the event of his budding career. Over thirty, self-taught, of course, but so many books and brochures, so many films and so much music and finally, a keen sense of observation, all in the secret hope of what is now unfolding. He who so fears crowds, this introvert finds himself surrounded, surrounded by a moment which he had dare not hope for.<br \/>\nHis mind is inventing things that he cannot put into words. A lonely photographer, he wants to create a new meaning for the word testimony. When the truncheons strike the demonstrators on Boul\u2019Mich, he knows instinctively that Pandora\u2019s box has opened. When the sign posts are pulled out, he glimpses new destinations. The old world shatters. For him.<\/p>\n<p><img loading=\"lazy\" decoding=\"async\" class=\"alignnone size-full wp-image-7984\" src=\"https:\/\/www.andrefrereditions.com\/wp-content\/uploads\/2018\/02\/mai-68-etat-des-choses-claude-dityvon-7-andre-frere-editions.jpg\" alt=\"mai-68-etat-des-choses-claude-dityvon-7-andre-frere-editions\" width=\"430\" height=\"286\" srcset=\"https:\/\/www.andrefrereditions.com\/wp-content\/uploads\/2018\/02\/mai-68-etat-des-choses-claude-dityvon-7-andre-frere-editions.jpg 430w, https:\/\/www.andrefrereditions.com\/wp-content\/uploads\/2018\/02\/mai-68-etat-des-choses-claude-dityvon-7-andre-frere-editions-420x279.jpg 420w, https:\/\/www.andrefrereditions.com\/wp-content\/uploads\/2018\/02\/mai-68-etat-des-choses-claude-dityvon-7-andre-frere-editions-300x200.jpg 300w\" sizes=\"auto, (max-width: 430px) 100vw, 430px\" \/><\/p>\n<p><img loading=\"lazy\" decoding=\"async\" class=\"alignnone size-full wp-image-7986\" src=\"https:\/\/www.andrefrereditions.com\/wp-content\/uploads\/2018\/02\/mai-68-etat-des-choses-claude-dityvon-8-andre-frere-editions.jpg\" alt=\"mai-68-etat-des-choses-claude-dityvon-8-andre-frere-editions\" width=\"430\" height=\"282\" srcset=\"https:\/\/www.andrefrereditions.com\/wp-content\/uploads\/2018\/02\/mai-68-etat-des-choses-claude-dityvon-8-andre-frere-editions.jpg 430w, https:\/\/www.andrefrereditions.com\/wp-content\/uploads\/2018\/02\/mai-68-etat-des-choses-claude-dityvon-8-andre-frere-editions-420x275.jpg 420w, https:\/\/www.andrefrereditions.com\/wp-content\/uploads\/2018\/02\/mai-68-etat-des-choses-claude-dityvon-8-andre-frere-editions-300x197.jpg 300w\" sizes=\"auto, (max-width: 430px) 100vw, 430px\" \/><\/p>\n<p>In his very personal account of May 68, Claude Dityvon gives a view of the events which satisfies no one. Here, there is no hero, no emblematic figure with which to make history. Even if the malicious \u2013 and there were some \u2013 fit the description, this was paid little heed by the photographer. Because in this original narration, still unrivalled in its form, it is all about the connection that is maintained between image and word. They are inseparable.<\/p>\n<p><img loading=\"lazy\" decoding=\"async\" class=\"alignnone size-full wp-image-7988\" src=\"https:\/\/www.andrefrereditions.com\/wp-content\/uploads\/2018\/02\/mai-68-etat-des-choses-claude-dityvon-9-andre-frere-editions.jpg\" alt=\"mai-68-etat-des-choses-claude-dityvon-9-andre-frere-editions\" width=\"430\" height=\"276\" srcset=\"https:\/\/www.andrefrereditions.com\/wp-content\/uploads\/2018\/02\/mai-68-etat-des-choses-claude-dityvon-9-andre-frere-editions.jpg 430w, https:\/\/www.andrefrereditions.com\/wp-content\/uploads\/2018\/02\/mai-68-etat-des-choses-claude-dityvon-9-andre-frere-editions-420x270.jpg 420w, https:\/\/www.andrefrereditions.com\/wp-content\/uploads\/2018\/02\/mai-68-etat-des-choses-claude-dityvon-9-andre-frere-editions-300x193.jpg 300w\" sizes=\"auto, (max-width: 430px) 100vw, 430px\" \/><\/p>\n<p><img loading=\"lazy\" decoding=\"async\" class=\"alignnone size-full wp-image-7990\" src=\"https:\/\/www.andrefrereditions.com\/wp-content\/uploads\/2018\/02\/mai-68-etat-des-choses-claude-dityvon-10-andre-frere-editions.jpg\" alt=\"mai-68-etat-des-choses-claude-dityvon-10-andre-frere-editions\" width=\"430\" height=\"279\" srcset=\"https:\/\/www.andrefrereditions.com\/wp-content\/uploads\/2018\/02\/mai-68-etat-des-choses-claude-dityvon-10-andre-frere-editions.jpg 430w, https:\/\/www.andrefrereditions.com\/wp-content\/uploads\/2018\/02\/mai-68-etat-des-choses-claude-dityvon-10-andre-frere-editions-420x273.jpg 420w, https:\/\/www.andrefrereditions.com\/wp-content\/uploads\/2018\/02\/mai-68-etat-des-choses-claude-dityvon-10-andre-frere-editions-300x195.jpg 300w\" sizes=\"auto, (max-width: 430px) 100vw, 430px\" \/><\/p>\n<p>In these photographs, they scream and shout, drunk on words. A theatre of lyrical illusion, these images assure us of the singular and liberating power of speech. They overflow with words and inscriptions which, in a continuous surge of sounds and signs, believe in their own power. That which was abhorred in times bygone springs up, a noisy expression of a revolt held back for so long. The inscriptions on the walls of the Sorbonne appear for what they are, signs embodying the idea. At the impurity of the world, photography opposes the innocence and naivety of words and combat. The vague quest of this young photographer, this autodidact, the bridge between seeing and regarding others, is persistent, but clear.<\/p>\n<p><img loading=\"lazy\" decoding=\"async\" class=\"alignnone size-full wp-image-7992\" src=\"https:\/\/www.andrefrereditions.com\/wp-content\/uploads\/2018\/02\/mai-68-etat-des-choses-claude-dityvon-11-andre-frere-editions.jpg\" alt=\"mai-68-etat-des-choses-claude-dityvon-11-andre-frere-editions\" width=\"430\" height=\"285\" srcset=\"https:\/\/www.andrefrereditions.com\/wp-content\/uploads\/2018\/02\/mai-68-etat-des-choses-claude-dityvon-11-andre-frere-editions.jpg 430w, https:\/\/www.andrefrereditions.com\/wp-content\/uploads\/2018\/02\/mai-68-etat-des-choses-claude-dityvon-11-andre-frere-editions-420x278.jpg 420w, https:\/\/www.andrefrereditions.com\/wp-content\/uploads\/2018\/02\/mai-68-etat-des-choses-claude-dityvon-11-andre-frere-editions-300x199.jpg 300w\" sizes=\"auto, (max-width: 430px) 100vw, 430px\" \/><\/p>\n<p>The unquestionable force of these timeless images resides in the building of tension which is enduring, almost convulsive, and at times, surreal. This primary source becomes a mystery. Here, there is no desire to recreate the spirit of past: The Commune and the Front Populaire scarcely haunt these moments. Without worry of illustrating or documenting, taking a photograph becomes a humble representation of pure desire, free from all subjection. In a few days, without patron and without any destination, a story takes shape, which has no fate but for the personal satisfaction of the photographer. At Saint-Germain-des-Pr\u00e9s, in this liberated territory, Claude Dityvon surveys the events alone. He has no other desire than to take photographs.<\/p>\n","protected":false},"excerpt":{"rendered":"<p>Photographs : Claude Dityvon Text : Christian Caujolle &amp; Fran\u00e7ois Cheval 96 pages 24 x 18,5 cm 77 duotone pictures Couverture rigide French \/ English \u20ac33,50 ISBN : 979-10-92265-70-5 Christian Caujolle, excerp Dityvon taps into and shares an atmosphere, a state of mind, and a sense of freedom which perfectly suits him. He is interested [&hellip;]<\/p>\n","protected":false},"featured_media":8056,"template":"","meta":[],"product_brand":[],"product_cat":[37],"product_tag":[],"class_list":{"0":"post-8178","1":"product","2":"type-product","3":"status-publish","4":"has-post-thumbnail","6":"product_cat-photography","7":"product_shipping_class-c2-en","9":"first","10":"instock","11":"shipping-taxable","12":"purchasable","13":"product-type-simple"},"yoast_head":"<!-- This site is optimized with the Yoast SEO plugin v27.6 - https:\/\/yoast.com\/product\/yoast-seo-wordpress\/ -->\n<title>Mai 68 - \u00c9tat des lieux | Andr\u00e9 Fr\u00e8re \u00c9ditions<\/title>\n<meta name=\"description\" content=\"Mai 68 - \u00c9tat des lieux par Claude Dityvon dans la cat\u00e9gorie Photography. Publi\u00e9 par Andr\u00e9 Fr\u00e8re \u00c9ditions.\" \/>\n<meta name=\"robots\" content=\"index, follow, max-snippet:-1, max-image-preview:large, max-video-preview:-1\" \/>\n<link rel=\"canonical\" href=\"https:\/\/www.andrefrereditions.com\/en\/books\/photography\/mai-68-etat-des-lieux\/\" \/>\n<meta property=\"og:locale\" content=\"en_US\" \/>\n<meta property=\"og:type\" content=\"article\" \/>\n<meta property=\"og:title\" content=\"Mai 68 - \u00c9tat des lieux | Andr\u00e9 Fr\u00e8re \u00c9ditions\" \/>\n<meta property=\"og:description\" content=\"Mai 68 - \u00c9tat des lieux par Claude Dityvon dans la cat\u00e9gorie Photography. Publi\u00e9 par Andr\u00e9 Fr\u00e8re \u00c9ditions.\" \/>\n<meta property=\"og:url\" content=\"https:\/\/www.andrefrereditions.com\/en\/books\/photography\/mai-68-etat-des-lieux\/\" \/>\n<meta property=\"og:site_name\" content=\"Andr\u00e9 Fr\u00e8re \u00c9ditions\" \/>\n<meta property=\"article:modified_time\" content=\"2025-06-26T09:14:49+00:00\" \/>\n<meta property=\"og:image\" content=\"https:\/\/www.andrefrereditions.com\/wp-content\/uploads\/2018\/02\/mai-68-etat-des-choses-claude-dityvon-andre-frere-editions-3.jpg\" \/>\n\t<meta property=\"og:image:width\" content=\"430\" \/>\n\t<meta property=\"og:image:height\" content=\"420\" \/>\n\t<meta property=\"og:image:type\" content=\"image\/jpeg\" \/>\n<meta name=\"twitter:label1\" content=\"Est. reading time\" \/>\n\t<meta name=\"twitter:data1\" content=\"4 minutes\" \/>\n<script type=\"application\/ld+json\" class=\"yoast-schema-graph\">{\"@context\":\"https:\\\/\\\/schema.org\",\"@graph\":[{\"@type\":\"WebPage\",\"@id\":\"https:\\\/\\\/www.andrefrereditions.com\\\/en\\\/books\\\/photography\\\/mai-68-etat-des-lieux\\\/\",\"url\":\"https:\\\/\\\/www.andrefrereditions.com\\\/en\\\/books\\\/photography\\\/mai-68-etat-des-lieux\\\/\",\"name\":\"Mai 68 - \u00c9tat des lieux | Andr\u00e9 Fr\u00e8re \u00c9ditions\",\"isPartOf\":{\"@id\":\"https:\\\/\\\/www.andrefrereditions.com\\\/en\\\/#website\"},\"primaryImageOfPage\":{\"@id\":\"https:\\\/\\\/www.andrefrereditions.com\\\/en\\\/books\\\/photography\\\/mai-68-etat-des-lieux\\\/#primaryimage\"},\"image\":{\"@id\":\"https:\\\/\\\/www.andrefrereditions.com\\\/en\\\/books\\\/photography\\\/mai-68-etat-des-lieux\\\/#primaryimage\"},\"thumbnailUrl\":\"https:\\\/\\\/www.andrefrereditions.com\\\/wp-content\\\/uploads\\\/2018\\\/02\\\/mai-68-etat-des-choses-claude-dityvon-andre-frere-editions-3.jpg\",\"datePublished\":\"2018-05-17T22:00:00+00:00\",\"dateModified\":\"2025-06-26T09:14:49+00:00\",\"description\":\"Mai 68 - \u00c9tat des lieux par Claude Dityvon dans la cat\u00e9gorie Photography. Publi\u00e9 par Andr\u00e9 Fr\u00e8re \u00c9ditions.\",\"breadcrumb\":{\"@id\":\"https:\\\/\\\/www.andrefrereditions.com\\\/en\\\/books\\\/photography\\\/mai-68-etat-des-lieux\\\/#breadcrumb\"},\"inLanguage\":\"en-US\",\"potentialAction\":[{\"@type\":\"ReadAction\",\"target\":[\"https:\\\/\\\/www.andrefrereditions.com\\\/en\\\/books\\\/photography\\\/mai-68-etat-des-lieux\\\/\"]}]},{\"@type\":\"ImageObject\",\"inLanguage\":\"en-US\",\"@id\":\"https:\\\/\\\/www.andrefrereditions.com\\\/en\\\/books\\\/photography\\\/mai-68-etat-des-lieux\\\/#primaryimage\",\"url\":\"https:\\\/\\\/www.andrefrereditions.com\\\/wp-content\\\/uploads\\\/2018\\\/02\\\/mai-68-etat-des-choses-claude-dityvon-andre-frere-editions-3.jpg\",\"contentUrl\":\"https:\\\/\\\/www.andrefrereditions.com\\\/wp-content\\\/uploads\\\/2018\\\/02\\\/mai-68-etat-des-choses-claude-dityvon-andre-frere-editions-3.jpg\",\"width\":430,\"height\":420},{\"@type\":\"BreadcrumbList\",\"@id\":\"https:\\\/\\\/www.andrefrereditions.com\\\/en\\\/books\\\/photography\\\/mai-68-etat-des-lieux\\\/#breadcrumb\",\"itemListElement\":[{\"@type\":\"ListItem\",\"position\":1,\"name\":\"Home\",\"item\":\"https:\\\/\\\/www.andrefrereditions.com\\\/en\\\/\"},{\"@type\":\"ListItem\",\"position\":2,\"name\":\"Books\",\"item\":\"https:\\\/\\\/www.andrefrereditions.com\\\/en\\\/books\\\/\"},{\"@type\":\"ListItem\",\"position\":3,\"name\":\"Mai 68 &#8211; \u00c9tat des lieux\"}]},{\"@type\":\"WebSite\",\"@id\":\"https:\\\/\\\/www.andrefrereditions.com\\\/en\\\/#website\",\"url\":\"https:\\\/\\\/www.andrefrereditions.com\\\/en\\\/\",\"name\":\"Andr\u00e9 Fr\u00e8re \u00c9ditions\",\"description\":\"\u00c9dition ind\u00e9pendante de photographie et d\u2019art\",\"publisher\":{\"@id\":\"https:\\\/\\\/www.andrefrereditions.com\\\/en\\\/#organization\"},\"potentialAction\":[{\"@type\":\"SearchAction\",\"target\":{\"@type\":\"EntryPoint\",\"urlTemplate\":\"https:\\\/\\\/www.andrefrereditions.com\\\/en\\\/?s={search_term_string}\"},\"query-input\":{\"@type\":\"PropertyValueSpecification\",\"valueRequired\":true,\"valueName\":\"search_term_string\"}}],\"inLanguage\":\"en-US\"},{\"@type\":\"Organization\",\"@id\":\"https:\\\/\\\/www.andrefrereditions.com\\\/en\\\/#organization\",\"name\":\"Andr\u00e9 Fr\u00e8re \u00c9ditions\",\"url\":\"https:\\\/\\\/www.andrefrereditions.com\\\/en\\\/\",\"logo\":{\"@type\":\"ImageObject\",\"inLanguage\":\"en-US\",\"@id\":\"https:\\\/\\\/www.andrefrereditions.com\\\/en\\\/#\\\/schema\\\/logo\\\/image\\\/\",\"url\":\"https:\\\/\\\/www.andrefrereditions.com\\\/wp-content\\\/uploads\\\/2014\\\/12\\\/andre-frere-editions-logo.png\",\"contentUrl\":\"https:\\\/\\\/www.andrefrereditions.com\\\/wp-content\\\/uploads\\\/2014\\\/12\\\/andre-frere-editions-logo.png\",\"width\":80,\"height\":79,\"caption\":\"Andr\u00e9 Fr\u00e8re \u00c9ditions\"},\"image\":{\"@id\":\"https:\\\/\\\/www.andrefrereditions.com\\\/en\\\/#\\\/schema\\\/logo\\\/image\\\/\"}}]}<\/script>\n<!-- \/ Yoast SEO plugin. -->","yoast_head_json":{"title":"Mai 68 - \u00c9tat des lieux | Andr\u00e9 Fr\u00e8re \u00c9ditions","description":"Mai 68 - \u00c9tat des lieux par Claude Dityvon dans la cat\u00e9gorie Photography. Publi\u00e9 par Andr\u00e9 Fr\u00e8re \u00c9ditions.","robots":{"index":"index","follow":"follow","max-snippet":"max-snippet:-1","max-image-preview":"max-image-preview:large","max-video-preview":"max-video-preview:-1"},"canonical":"https:\/\/www.andrefrereditions.com\/en\/books\/photography\/mai-68-etat-des-lieux\/","og_locale":"en_US","og_type":"article","og_title":"Mai 68 - \u00c9tat des lieux | Andr\u00e9 Fr\u00e8re \u00c9ditions","og_description":"Mai 68 - \u00c9tat des lieux par Claude Dityvon dans la cat\u00e9gorie Photography. Publi\u00e9 par Andr\u00e9 Fr\u00e8re \u00c9ditions.","og_url":"https:\/\/www.andrefrereditions.com\/en\/books\/photography\/mai-68-etat-des-lieux\/","og_site_name":"Andr\u00e9 Fr\u00e8re \u00c9ditions","article_modified_time":"2025-06-26T09:14:49+00:00","og_image":[{"width":430,"height":420,"url":"https:\/\/www.andrefrereditions.com\/wp-content\/uploads\/2018\/02\/mai-68-etat-des-choses-claude-dityvon-andre-frere-editions-3.jpg","type":"image\/jpeg"}],"twitter_misc":{"Est. reading time":"4 minutes"},"schema":{"@context":"https:\/\/schema.org","@graph":[{"@type":"WebPage","@id":"https:\/\/www.andrefrereditions.com\/en\/books\/photography\/mai-68-etat-des-lieux\/","url":"https:\/\/www.andrefrereditions.com\/en\/books\/photography\/mai-68-etat-des-lieux\/","name":"Mai 68 - \u00c9tat des lieux | Andr\u00e9 Fr\u00e8re \u00c9ditions","isPartOf":{"@id":"https:\/\/www.andrefrereditions.com\/en\/#website"},"primaryImageOfPage":{"@id":"https:\/\/www.andrefrereditions.com\/en\/books\/photography\/mai-68-etat-des-lieux\/#primaryimage"},"image":{"@id":"https:\/\/www.andrefrereditions.com\/en\/books\/photography\/mai-68-etat-des-lieux\/#primaryimage"},"thumbnailUrl":"https:\/\/www.andrefrereditions.com\/wp-content\/uploads\/2018\/02\/mai-68-etat-des-choses-claude-dityvon-andre-frere-editions-3.jpg","datePublished":"2018-05-17T22:00:00+00:00","dateModified":"2025-06-26T09:14:49+00:00","description":"Mai 68 - \u00c9tat des lieux par Claude Dityvon dans la cat\u00e9gorie Photography. Publi\u00e9 par Andr\u00e9 Fr\u00e8re \u00c9ditions.","breadcrumb":{"@id":"https:\/\/www.andrefrereditions.com\/en\/books\/photography\/mai-68-etat-des-lieux\/#breadcrumb"},"inLanguage":"en-US","potentialAction":[{"@type":"ReadAction","target":["https:\/\/www.andrefrereditions.com\/en\/books\/photography\/mai-68-etat-des-lieux\/"]}]},{"@type":"ImageObject","inLanguage":"en-US","@id":"https:\/\/www.andrefrereditions.com\/en\/books\/photography\/mai-68-etat-des-lieux\/#primaryimage","url":"https:\/\/www.andrefrereditions.com\/wp-content\/uploads\/2018\/02\/mai-68-etat-des-choses-claude-dityvon-andre-frere-editions-3.jpg","contentUrl":"https:\/\/www.andrefrereditions.com\/wp-content\/uploads\/2018\/02\/mai-68-etat-des-choses-claude-dityvon-andre-frere-editions-3.jpg","width":430,"height":420},{"@type":"BreadcrumbList","@id":"https:\/\/www.andrefrereditions.com\/en\/books\/photography\/mai-68-etat-des-lieux\/#breadcrumb","itemListElement":[{"@type":"ListItem","position":1,"name":"Home","item":"https:\/\/www.andrefrereditions.com\/en\/"},{"@type":"ListItem","position":2,"name":"Books","item":"https:\/\/www.andrefrereditions.com\/en\/books\/"},{"@type":"ListItem","position":3,"name":"Mai 68 &#8211; \u00c9tat des lieux"}]},{"@type":"WebSite","@id":"https:\/\/www.andrefrereditions.com\/en\/#website","url":"https:\/\/www.andrefrereditions.com\/en\/","name":"Andr\u00e9 Fr\u00e8re \u00c9ditions","description":"\u00c9dition ind\u00e9pendante de photographie et d\u2019art","publisher":{"@id":"https:\/\/www.andrefrereditions.com\/en\/#organization"},"potentialAction":[{"@type":"SearchAction","target":{"@type":"EntryPoint","urlTemplate":"https:\/\/www.andrefrereditions.com\/en\/?s={search_term_string}"},"query-input":{"@type":"PropertyValueSpecification","valueRequired":true,"valueName":"search_term_string"}}],"inLanguage":"en-US"},{"@type":"Organization","@id":"https:\/\/www.andrefrereditions.com\/en\/#organization","name":"Andr\u00e9 Fr\u00e8re \u00c9ditions","url":"https:\/\/www.andrefrereditions.com\/en\/","logo":{"@type":"ImageObject","inLanguage":"en-US","@id":"https:\/\/www.andrefrereditions.com\/en\/#\/schema\/logo\/image\/","url":"https:\/\/www.andrefrereditions.com\/wp-content\/uploads\/2014\/12\/andre-frere-editions-logo.png","contentUrl":"https:\/\/www.andrefrereditions.com\/wp-content\/uploads\/2014\/12\/andre-frere-editions-logo.png","width":80,"height":79,"caption":"Andr\u00e9 Fr\u00e8re \u00c9ditions"},"image":{"@id":"https:\/\/www.andrefrereditions.com\/en\/#\/schema\/logo\/image\/"}}]}},"_links":{"self":[{"href":"https:\/\/www.andrefrereditions.com\/en\/wp-json\/wp\/v2\/product\/8178","targetHints":{"allow":["GET"]}}],"collection":[{"href":"https:\/\/www.andrefrereditions.com\/en\/wp-json\/wp\/v2\/product"}],"about":[{"href":"https:\/\/www.andrefrereditions.com\/en\/wp-json\/wp\/v2\/types\/product"}],"wp:featuredmedia":[{"embeddable":true,"href":"https:\/\/www.andrefrereditions.com\/en\/wp-json\/wp\/v2\/media\/8056"}],"wp:attachment":[{"href":"https:\/\/www.andrefrereditions.com\/en\/wp-json\/wp\/v2\/media?parent=8178"}],"wp:term":[{"taxonomy":"product_brand","embeddable":true,"href":"https:\/\/www.andrefrereditions.com\/en\/wp-json\/wp\/v2\/product_brand?post=8178"},{"taxonomy":"product_cat","embeddable":true,"href":"https:\/\/www.andrefrereditions.com\/en\/wp-json\/wp\/v2\/product_cat?post=8178"},{"taxonomy":"product_tag","embeddable":true,"href":"https:\/\/www.andrefrereditions.com\/en\/wp-json\/wp\/v2\/product_tag?post=8178"}],"curies":[{"name":"wp","href":"https:\/\/api.w.org\/{rel}","templated":true}]}}