{"id":8297,"date":"2018-10-19T16:43:23","date_gmt":"2018-10-21T20:49:17","guid":{"rendered":"http:\/\/www.andrefrereditions.com\/en\/?post_type=product&#038;p=8297"},"modified":"2025-06-26T11:18:55","modified_gmt":"2025-06-26T09:18:55","slug":"garden-delight","status":"publish","type":"product","link":"https:\/\/www.andrefrereditions.com\/en\/books\/photography\/garden-delight\/","title":{"rendered":"Garden of Delight"},"content":{"rendered":"<ul class=\"infos-livre\">\n<li>Photographs: <a href=\"https:\/\/www.nickhannes.be\" target=\"_blank\" rel=\"noopener\">Nick Hannes<\/a><\/li>\n<li>Texts: Nick Hannes &amp; Pascal Beausse<\/li>\n<li>188 pages<\/li>\n<li>20.5 x 27 cm<\/li>\n<li>89 images<\/li>\n<li>Flaps cover<\/li>\n<li>French \/ English<\/li>\n<li>ISBN 979-10-92265-77-4<\/li>\n<li>Release: 16 november 2018<\/li>\n<li>\u20ac45<\/li>\n<li><strong><a href=\"\/?p=8302\">Special Edition<\/a> of <em>Garden of Delight<\/em> avalaible<\/strong><\/li>\n<\/ul>\n<h2>A special edition<\/h2>\n<p>Receive the book with an 18 x 26.5 cm print, among 3 possible images (subject to availability), at a price of \u20ac270. These prints were supervised, numbered from 1 to 10 and signed by Nick Hannes.<\/p>\n<p><strong>N\u00ba1   <a class=\"in_page_button\" href=\"\/?page_id=67&amp;add-to-cart=8297&amp;variation_id=12079&amp;attribute_pa_version=special-edition-1&amp;quantity=1\">Add to cart<\/a><\/strong><br \/>\n<img loading=\"lazy\" decoding=\"async\" class=\"alignnone wp-image-8281 size-full\" src=\"https:\/\/www.andrefrereditions.com\/wp-content\/uploads\/2018\/10\/garden-delight-nick-hannes-andre-frere-editions-2.jpg\" alt=\"garden-delight-nick-hannes-andre-frere-editions-2\" width=\"430\" height=\"285\" srcset=\"https:\/\/www.andrefrereditions.com\/wp-content\/uploads\/2018\/10\/garden-delight-nick-hannes-andre-frere-editions-2.jpg 430w, https:\/\/www.andrefrereditions.com\/wp-content\/uploads\/2018\/10\/garden-delight-nick-hannes-andre-frere-editions-2-420x278.jpg 420w, https:\/\/www.andrefrereditions.com\/wp-content\/uploads\/2018\/10\/garden-delight-nick-hannes-andre-frere-editions-2-300x199.jpg 300w\" sizes=\"auto, (max-width: 430px) 100vw, 430px\" \/><\/p>\n<p><strong>N\u00ba2   <a class=\"in_page_button\" href=\"\/?page_id=67&amp;add-to-cart=8297&amp;variation_id=12080&amp;attribute_pa_version=special-edition-2&amp;quantity=1\">Add to cart<\/a><\/strong><br \/>\n<img loading=\"lazy\" decoding=\"async\" class=\"alignnone wp-image-8285 size-full\" src=\"https:\/\/www.andrefrereditions.com\/wp-content\/uploads\/2018\/10\/garden-delight-nick-hannes-andre-frere-editions-4.jpg\" alt=\"garden-delight-nick-hannes-andre-frere-editions-4\" width=\"430\" height=\"280\" srcset=\"https:\/\/www.andrefrereditions.com\/wp-content\/uploads\/2018\/10\/garden-delight-nick-hannes-andre-frere-editions-4.jpg 430w, https:\/\/www.andrefrereditions.com\/wp-content\/uploads\/2018\/10\/garden-delight-nick-hannes-andre-frere-editions-4-420x273.jpg 420w, https:\/\/www.andrefrereditions.com\/wp-content\/uploads\/2018\/10\/garden-delight-nick-hannes-andre-frere-editions-4-300x195.jpg 300w\" sizes=\"auto, (max-width: 430px) 100vw, 430px\" \/><\/p>\n<p><strong>N\u00ba3   <a class=\"in_page_button\" href=\"\/?page_id=67&amp;add-to-cart=8297&amp;variation_id=12081&amp;attribute_pa_version=special-edition-3&amp;quantity=1\">Add to cart<\/a><\/strong><br \/>\n<img loading=\"lazy\" decoding=\"async\" class=\"alignnone wp-image-8287 size-full\" src=\"https:\/\/www.andrefrereditions.com\/wp-content\/uploads\/2018\/10\/garden-delight-nick-hannes-andre-frere-editions-5.jpg\" alt=\"garden-delight-nick-hannes-andre-frere-editions-5\" width=\"430\" height=\"284\" srcset=\"https:\/\/www.andrefrereditions.com\/wp-content\/uploads\/2018\/10\/garden-delight-nick-hannes-andre-frere-editions-5.jpg 430w, https:\/\/www.andrefrereditions.com\/wp-content\/uploads\/2018\/10\/garden-delight-nick-hannes-andre-frere-editions-5-420x277.jpg 420w, https:\/\/www.andrefrereditions.com\/wp-content\/uploads\/2018\/10\/garden-delight-nick-hannes-andre-frere-editions-5-300x198.jpg 300w\" sizes=\"auto, (max-width: 430px) 100vw, 430px\" \/><\/p>\n<h2>The book<\/h2>\n<p><img loading=\"lazy\" decoding=\"async\" class=\"alignnone wp-image-8295 size-full\" src=\"https:\/\/www.andrefrereditions.com\/wp-content\/uploads\/2018\/10\/garden-delight-nick-hannes-andre-frere-editions-1.jpg\" alt=\"garden-delight-nick-hannes-andre-frere-editions-1\" width=\"430\" height=\"281\" srcset=\"https:\/\/www.andrefrereditions.com\/wp-content\/uploads\/2018\/10\/garden-delight-nick-hannes-andre-frere-editions-1.jpg 430w, https:\/\/www.andrefrereditions.com\/wp-content\/uploads\/2018\/10\/garden-delight-nick-hannes-andre-frere-editions-1-420x274.jpg 420w, https:\/\/www.andrefrereditions.com\/wp-content\/uploads\/2018\/10\/garden-delight-nick-hannes-andre-frere-editions-1-300x196.jpg 300w\" sizes=\"auto, (max-width: 430px) 100vw, 430px\" \/><\/p>\n<p>\u201cGarden of Delight\u201d is a documentary on leisure and consumerism in Dubai. It showcases Dubai as the ultimate playground of globalization and capitalism, and raises questions about authenticity and sustainability.<\/p>\n<p><img loading=\"lazy\" decoding=\"async\" class=\"alignnone wp-image-8281 size-full\" src=\"https:\/\/www.andrefrereditions.com\/wp-content\/uploads\/2018\/10\/garden-delight-nick-hannes-andre-frere-editions-2.jpg\" alt=\"garden-delight-nick-hannes-andre-frere-editions-2\" width=\"430\" height=\"285\" srcset=\"https:\/\/www.andrefrereditions.com\/wp-content\/uploads\/2018\/10\/garden-delight-nick-hannes-andre-frere-editions-2.jpg 430w, https:\/\/www.andrefrereditions.com\/wp-content\/uploads\/2018\/10\/garden-delight-nick-hannes-andre-frere-editions-2-420x278.jpg 420w, https:\/\/www.andrefrereditions.com\/wp-content\/uploads\/2018\/10\/garden-delight-nick-hannes-andre-frere-editions-2-300x199.jpg 300w\" sizes=\"auto, (max-width: 430px) 100vw, 430px\" \/><\/p>\n<p><img loading=\"lazy\" decoding=\"async\" class=\"alignnone wp-image-8283 size-full\" src=\"https:\/\/www.andrefrereditions.com\/wp-content\/uploads\/2018\/10\/garden-delight-nick-hannes-andre-frere-editions-3.jpg\" alt=\"garden-delight-nick-hannes-andre-frere-editions-3\" width=\"430\" height=\"287\" srcset=\"https:\/\/www.andrefrereditions.com\/wp-content\/uploads\/2018\/10\/garden-delight-nick-hannes-andre-frere-editions-3.jpg 430w, https:\/\/www.andrefrereditions.com\/wp-content\/uploads\/2018\/10\/garden-delight-nick-hannes-andre-frere-editions-3-420x280.jpg 420w, https:\/\/www.andrefrereditions.com\/wp-content\/uploads\/2018\/10\/garden-delight-nick-hannes-andre-frere-editions-3-300x200.jpg 300w\" sizes=\"auto, (max-width: 430px) 100vw, 430px\" \/><\/p>\n<p>The rapid transformation of Dubai from a regional trade center in the 60s to the ultramodern metropolis today, is a fascinating case study in market-driven urbanization. Entertainment and tourism are main economical pillars of Dubai. Sheikh Al Maktoum, ruling as a CEO over the \u2018Dubai-brand\u2019, spares cost nor effort to promote his city worldwide as a place of complete economical freedom, unlimited possibilities and big fun.<\/p>\n<p><img loading=\"lazy\" decoding=\"async\" class=\"alignnone wp-image-8285 size-full\" src=\"https:\/\/www.andrefrereditions.com\/wp-content\/uploads\/2018\/10\/garden-delight-nick-hannes-andre-frere-editions-4.jpg\" alt=\"garden-delight-nick-hannes-andre-frere-editions-4\" width=\"430\" height=\"280\" srcset=\"https:\/\/www.andrefrereditions.com\/wp-content\/uploads\/2018\/10\/garden-delight-nick-hannes-andre-frere-editions-4.jpg 430w, https:\/\/www.andrefrereditions.com\/wp-content\/uploads\/2018\/10\/garden-delight-nick-hannes-andre-frere-editions-4-420x273.jpg 420w, https:\/\/www.andrefrereditions.com\/wp-content\/uploads\/2018\/10\/garden-delight-nick-hannes-andre-frere-editions-4-300x195.jpg 300w\" sizes=\"auto, (max-width: 430px) 100vw, 430px\" \/><\/p>\n<p><img loading=\"lazy\" decoding=\"async\" class=\"alignnone wp-image-8287 size-full\" src=\"https:\/\/www.andrefrereditions.com\/wp-content\/uploads\/2018\/10\/garden-delight-nick-hannes-andre-frere-editions-5.jpg\" alt=\"garden-delight-nick-hannes-andre-frere-editions-5\" width=\"430\" height=\"284\" srcset=\"https:\/\/www.andrefrereditions.com\/wp-content\/uploads\/2018\/10\/garden-delight-nick-hannes-andre-frere-editions-5.jpg 430w, https:\/\/www.andrefrereditions.com\/wp-content\/uploads\/2018\/10\/garden-delight-nick-hannes-andre-frere-editions-5-420x277.jpg 420w, https:\/\/www.andrefrereditions.com\/wp-content\/uploads\/2018\/10\/garden-delight-nick-hannes-andre-frere-editions-5-300x198.jpg 300w\" sizes=\"auto, (max-width: 430px) 100vw, 430px\" \/><\/p>\n<p>Dubai\u2019s excessive entertainment industry has a big impact on Emirati society. 90 percent of the population in Dubai are expats, only 10 percent are local Emirati citizens. Their traditional islamic values are being challenged by imported Western lifestyle.<\/p>\n<p><img loading=\"lazy\" decoding=\"async\" class=\"alignnone wp-image-8289 size-full\" src=\"https:\/\/www.andrefrereditions.com\/wp-content\/uploads\/2018\/10\/garden-delight-nick-hannes-andre-frere-editions-6.jpg\" alt=\"garden-delight-nick-hannes-andre-frere-editions-6\" width=\"430\" height=\"287\" srcset=\"https:\/\/www.andrefrereditions.com\/wp-content\/uploads\/2018\/10\/garden-delight-nick-hannes-andre-frere-editions-6.jpg 430w, https:\/\/www.andrefrereditions.com\/wp-content\/uploads\/2018\/10\/garden-delight-nick-hannes-andre-frere-editions-6-420x280.jpg 420w, https:\/\/www.andrefrereditions.com\/wp-content\/uploads\/2018\/10\/garden-delight-nick-hannes-andre-frere-editions-6-300x200.jpg 300w\" sizes=\"auto, (max-width: 430px) 100vw, 430px\" \/><\/p>\n<p><img loading=\"lazy\" decoding=\"async\" class=\"alignnone wp-image-8291 size-full\" src=\"https:\/\/www.andrefrereditions.com\/wp-content\/uploads\/2018\/10\/garden-delight-nick-hannes-andre-frere-editions-7.jpg\" alt=\"garden-delight-nick-hannes-andre-frere-editions-7\" width=\"430\" height=\"285\" srcset=\"https:\/\/www.andrefrereditions.com\/wp-content\/uploads\/2018\/10\/garden-delight-nick-hannes-andre-frere-editions-7.jpg 430w, https:\/\/www.andrefrereditions.com\/wp-content\/uploads\/2018\/10\/garden-delight-nick-hannes-andre-frere-editions-7-420x278.jpg 420w, https:\/\/www.andrefrereditions.com\/wp-content\/uploads\/2018\/10\/garden-delight-nick-hannes-andre-frere-editions-7-300x199.jpg 300w\" sizes=\"auto, (max-width: 430px) 100vw, 430px\" \/><\/p>\n<p>Dubai is a clear example of the phenomenon of \u2018capsularization\u2019: Our globalized world is transforming into a dual society, characterized by separation and exclusion. The first world is an archipelago of shielded islands or \u2018capsules\u2019 where it\u2019s pleasant to live; the second world is all the rest: an ocean of poverty and chaos. In a capsular society, public space becomes\u00a0privatized; capsular architecture\u2014such as gated communities and malls\u2014simulates public space on private ground. This new urbanity, characterized by artificial inner spaces, runs like a thread through this series.<\/p>\n<p><img loading=\"lazy\" decoding=\"async\" class=\"alignnone wp-image-8293 size-full\" src=\"https:\/\/www.andrefrereditions.com\/wp-content\/uploads\/2018\/10\/garden-delight-nick-hannes-andre-frere-editions-8.jpg\" alt=\"garden-delight-nick-hannes-andre-frere-editions-8\" width=\"430\" height=\"287\" srcset=\"https:\/\/www.andrefrereditions.com\/wp-content\/uploads\/2018\/10\/garden-delight-nick-hannes-andre-frere-editions-8.jpg 430w, https:\/\/www.andrefrereditions.com\/wp-content\/uploads\/2018\/10\/garden-delight-nick-hannes-andre-frere-editions-8-420x280.jpg 420w, https:\/\/www.andrefrereditions.com\/wp-content\/uploads\/2018\/10\/garden-delight-nick-hannes-andre-frere-editions-8-300x200.jpg 300w\" sizes=\"auto, (max-width: 430px) 100vw, 430px\" \/><\/p>\n<p>\u201c<strong>Garden of Delight\u201d won the Magnum Photography Award 2017 and the Zeiss Photography Award 2018.<\/strong><\/p>\n","protected":false},"excerpt":{"rendered":"<p>Photographs: Nick Hannes Texts: Nick Hannes &amp; Pascal Beausse 188 pages 20.5 x 27 cm 89 images Flaps cover French \/ English ISBN 979-10-92265-77-4 Release: 16 november 2018 \u20ac45 Special Edition of Garden of Delight avalaible A special edition Receive the book with an 18 x 26.5 cm print, among 3 possible images (subject to [&hellip;]<\/p>\n","protected":false},"featured_media":8299,"template":"","meta":[],"product_brand":[],"product_cat":[37],"product_tag":[],"class_list":{"0":"post-8297","1":"product","2":"type-product","3":"status-publish","4":"has-post-thumbnail","6":"product_cat-photography","7":"product_shipping_class-c3-en","9":"first","10":"instock","11":"shipping-taxable","12":"purchasable","13":"product-type-variable"},"yoast_head":"<!-- This site is optimized with the Yoast SEO plugin v27.3 - https:\/\/yoast.com\/product\/yoast-seo-wordpress\/ -->\n<title>Garden of Delight | Andr\u00e9 Fr\u00e8re \u00c9ditions<\/title>\n<meta name=\"description\" content=\"Garden of Delight par Nick Hannes dans la cat\u00e9gorie Photography. Publi\u00e9 par Andr\u00e9 Fr\u00e8re \u00c9ditions.\" \/>\n<meta name=\"robots\" content=\"index, follow, max-snippet:-1, max-image-preview:large, max-video-preview:-1\" \/>\n<link rel=\"canonical\" href=\"https:\/\/www.andrefrereditions.com\/en\/books\/photography\/garden-delight\/\" \/>\n<meta property=\"og:locale\" content=\"en_US\" \/>\n<meta property=\"og:type\" content=\"article\" \/>\n<meta property=\"og:title\" content=\"Garden of Delight | Andr\u00e9 Fr\u00e8re \u00c9ditions\" \/>\n<meta property=\"og:description\" content=\"Garden of Delight par Nick Hannes dans la cat\u00e9gorie Photography. Publi\u00e9 par Andr\u00e9 Fr\u00e8re \u00c9ditions.\" \/>\n<meta property=\"og:url\" content=\"https:\/\/www.andrefrereditions.com\/en\/books\/photography\/garden-delight\/\" \/>\n<meta property=\"og:site_name\" content=\"Andr\u00e9 Fr\u00e8re \u00c9ditions\" \/>\n<meta property=\"article:modified_time\" content=\"2025-06-26T09:18:55+00:00\" \/>\n<meta property=\"og:image\" content=\"https:\/\/www.andrefrereditions.com\/wp-content\/uploads\/2018\/10\/garden-of-delight-andre-frere-editions.png\" \/>\n\t<meta property=\"og:image:width\" content=\"321\" \/>\n\t<meta property=\"og:image:height\" content=\"420\" \/>\n\t<meta property=\"og:image:type\" content=\"image\/png\" \/>\n<meta name=\"twitter:label1\" content=\"Est. reading time\" \/>\n\t<meta name=\"twitter:data1\" content=\"4 minutes\" \/>\n<script type=\"application\/ld+json\" class=\"yoast-schema-graph\">{\"@context\":\"https:\\\/\\\/schema.org\",\"@graph\":[{\"@type\":\"WebPage\",\"@id\":\"https:\\\/\\\/www.andrefrereditions.com\\\/en\\\/books\\\/photography\\\/garden-delight\\\/\",\"url\":\"https:\\\/\\\/www.andrefrereditions.com\\\/en\\\/books\\\/photography\\\/garden-delight\\\/\",\"name\":\"Garden of Delight | Andr\u00e9 Fr\u00e8re \u00c9ditions\",\"isPartOf\":{\"@id\":\"https:\\\/\\\/www.andrefrereditions.com\\\/en\\\/#website\"},\"primaryImageOfPage\":{\"@id\":\"https:\\\/\\\/www.andrefrereditions.com\\\/en\\\/books\\\/photography\\\/garden-delight\\\/#primaryimage\"},\"image\":{\"@id\":\"https:\\\/\\\/www.andrefrereditions.com\\\/en\\\/books\\\/photography\\\/garden-delight\\\/#primaryimage\"},\"thumbnailUrl\":\"https:\\\/\\\/www.andrefrereditions.com\\\/wp-content\\\/uploads\\\/2018\\\/10\\\/garden-of-delight-andre-frere-editions.png\",\"datePublished\":\"2018-10-21T20:49:17+00:00\",\"dateModified\":\"2025-06-26T09:18:55+00:00\",\"description\":\"Garden of Delight par Nick Hannes dans la cat\u00e9gorie Photography. Publi\u00e9 par Andr\u00e9 Fr\u00e8re \u00c9ditions.\",\"breadcrumb\":{\"@id\":\"https:\\\/\\\/www.andrefrereditions.com\\\/en\\\/books\\\/photography\\\/garden-delight\\\/#breadcrumb\"},\"inLanguage\":\"en-US\",\"potentialAction\":[{\"@type\":\"ReadAction\",\"target\":[\"https:\\\/\\\/www.andrefrereditions.com\\\/en\\\/books\\\/photography\\\/garden-delight\\\/\"]}]},{\"@type\":\"ImageObject\",\"inLanguage\":\"en-US\",\"@id\":\"https:\\\/\\\/www.andrefrereditions.com\\\/en\\\/books\\\/photography\\\/garden-delight\\\/#primaryimage\",\"url\":\"https:\\\/\\\/www.andrefrereditions.com\\\/wp-content\\\/uploads\\\/2018\\\/10\\\/garden-of-delight-andre-frere-editions.png\",\"contentUrl\":\"https:\\\/\\\/www.andrefrereditions.com\\\/wp-content\\\/uploads\\\/2018\\\/10\\\/garden-of-delight-andre-frere-editions.png\",\"width\":321,\"height\":420},{\"@type\":\"BreadcrumbList\",\"@id\":\"https:\\\/\\\/www.andrefrereditions.com\\\/en\\\/books\\\/photography\\\/garden-delight\\\/#breadcrumb\",\"itemListElement\":[{\"@type\":\"ListItem\",\"position\":1,\"name\":\"Home\",\"item\":\"https:\\\/\\\/www.andrefrereditions.com\\\/en\\\/\"},{\"@type\":\"ListItem\",\"position\":2,\"name\":\"Books\",\"item\":\"https:\\\/\\\/www.andrefrereditions.com\\\/en\\\/books\\\/\"},{\"@type\":\"ListItem\",\"position\":3,\"name\":\"Garden of Delight\"}]},{\"@type\":\"WebSite\",\"@id\":\"https:\\\/\\\/www.andrefrereditions.com\\\/en\\\/#website\",\"url\":\"https:\\\/\\\/www.andrefrereditions.com\\\/en\\\/\",\"name\":\"Andr\u00e9 Fr\u00e8re \u00c9ditions\",\"description\":\"\u00c9dition ind\u00e9pendante de photographie et d\u2019art\",\"publisher\":{\"@id\":\"https:\\\/\\\/www.andrefrereditions.com\\\/en\\\/#organization\"},\"potentialAction\":[{\"@type\":\"SearchAction\",\"target\":{\"@type\":\"EntryPoint\",\"urlTemplate\":\"https:\\\/\\\/www.andrefrereditions.com\\\/en\\\/?s={search_term_string}\"},\"query-input\":{\"@type\":\"PropertyValueSpecification\",\"valueRequired\":true,\"valueName\":\"search_term_string\"}}],\"inLanguage\":\"en-US\"},{\"@type\":\"Organization\",\"@id\":\"https:\\\/\\\/www.andrefrereditions.com\\\/en\\\/#organization\",\"name\":\"Andr\u00e9 Fr\u00e8re \u00c9ditions\",\"url\":\"https:\\\/\\\/www.andrefrereditions.com\\\/en\\\/\",\"logo\":{\"@type\":\"ImageObject\",\"inLanguage\":\"en-US\",\"@id\":\"https:\\\/\\\/www.andrefrereditions.com\\\/en\\\/#\\\/schema\\\/logo\\\/image\\\/\",\"url\":\"https:\\\/\\\/www.andrefrereditions.com\\\/wp-content\\\/uploads\\\/2014\\\/12\\\/andre-frere-editions-logo.png\",\"contentUrl\":\"https:\\\/\\\/www.andrefrereditions.com\\\/wp-content\\\/uploads\\\/2014\\\/12\\\/andre-frere-editions-logo.png\",\"width\":80,\"height\":79,\"caption\":\"Andr\u00e9 Fr\u00e8re \u00c9ditions\"},\"image\":{\"@id\":\"https:\\\/\\\/www.andrefrereditions.com\\\/en\\\/#\\\/schema\\\/logo\\\/image\\\/\"}}]}<\/script>\n<!-- \/ Yoast SEO plugin. -->","yoast_head_json":{"title":"Garden of Delight | Andr\u00e9 Fr\u00e8re \u00c9ditions","description":"Garden of Delight par Nick Hannes dans la cat\u00e9gorie Photography. Publi\u00e9 par Andr\u00e9 Fr\u00e8re \u00c9ditions.","robots":{"index":"index","follow":"follow","max-snippet":"max-snippet:-1","max-image-preview":"max-image-preview:large","max-video-preview":"max-video-preview:-1"},"canonical":"https:\/\/www.andrefrereditions.com\/en\/books\/photography\/garden-delight\/","og_locale":"en_US","og_type":"article","og_title":"Garden of Delight | Andr\u00e9 Fr\u00e8re \u00c9ditions","og_description":"Garden of Delight par Nick Hannes dans la cat\u00e9gorie Photography. Publi\u00e9 par Andr\u00e9 Fr\u00e8re \u00c9ditions.","og_url":"https:\/\/www.andrefrereditions.com\/en\/books\/photography\/garden-delight\/","og_site_name":"Andr\u00e9 Fr\u00e8re \u00c9ditions","article_modified_time":"2025-06-26T09:18:55+00:00","og_image":[{"width":321,"height":420,"url":"https:\/\/www.andrefrereditions.com\/wp-content\/uploads\/2018\/10\/garden-of-delight-andre-frere-editions.png","type":"image\/png"}],"twitter_misc":{"Est. reading time":"4 minutes"},"schema":{"@context":"https:\/\/schema.org","@graph":[{"@type":"WebPage","@id":"https:\/\/www.andrefrereditions.com\/en\/books\/photography\/garden-delight\/","url":"https:\/\/www.andrefrereditions.com\/en\/books\/photography\/garden-delight\/","name":"Garden of Delight | Andr\u00e9 Fr\u00e8re \u00c9ditions","isPartOf":{"@id":"https:\/\/www.andrefrereditions.com\/en\/#website"},"primaryImageOfPage":{"@id":"https:\/\/www.andrefrereditions.com\/en\/books\/photography\/garden-delight\/#primaryimage"},"image":{"@id":"https:\/\/www.andrefrereditions.com\/en\/books\/photography\/garden-delight\/#primaryimage"},"thumbnailUrl":"https:\/\/www.andrefrereditions.com\/wp-content\/uploads\/2018\/10\/garden-of-delight-andre-frere-editions.png","datePublished":"2018-10-21T20:49:17+00:00","dateModified":"2025-06-26T09:18:55+00:00","description":"Garden of Delight par Nick Hannes dans la cat\u00e9gorie Photography. Publi\u00e9 par Andr\u00e9 Fr\u00e8re \u00c9ditions.","breadcrumb":{"@id":"https:\/\/www.andrefrereditions.com\/en\/books\/photography\/garden-delight\/#breadcrumb"},"inLanguage":"en-US","potentialAction":[{"@type":"ReadAction","target":["https:\/\/www.andrefrereditions.com\/en\/books\/photography\/garden-delight\/"]}]},{"@type":"ImageObject","inLanguage":"en-US","@id":"https:\/\/www.andrefrereditions.com\/en\/books\/photography\/garden-delight\/#primaryimage","url":"https:\/\/www.andrefrereditions.com\/wp-content\/uploads\/2018\/10\/garden-of-delight-andre-frere-editions.png","contentUrl":"https:\/\/www.andrefrereditions.com\/wp-content\/uploads\/2018\/10\/garden-of-delight-andre-frere-editions.png","width":321,"height":420},{"@type":"BreadcrumbList","@id":"https:\/\/www.andrefrereditions.com\/en\/books\/photography\/garden-delight\/#breadcrumb","itemListElement":[{"@type":"ListItem","position":1,"name":"Home","item":"https:\/\/www.andrefrereditions.com\/en\/"},{"@type":"ListItem","position":2,"name":"Books","item":"https:\/\/www.andrefrereditions.com\/en\/books\/"},{"@type":"ListItem","position":3,"name":"Garden of Delight"}]},{"@type":"WebSite","@id":"https:\/\/www.andrefrereditions.com\/en\/#website","url":"https:\/\/www.andrefrereditions.com\/en\/","name":"Andr\u00e9 Fr\u00e8re \u00c9ditions","description":"\u00c9dition ind\u00e9pendante de photographie et d\u2019art","publisher":{"@id":"https:\/\/www.andrefrereditions.com\/en\/#organization"},"potentialAction":[{"@type":"SearchAction","target":{"@type":"EntryPoint","urlTemplate":"https:\/\/www.andrefrereditions.com\/en\/?s={search_term_string}"},"query-input":{"@type":"PropertyValueSpecification","valueRequired":true,"valueName":"search_term_string"}}],"inLanguage":"en-US"},{"@type":"Organization","@id":"https:\/\/www.andrefrereditions.com\/en\/#organization","name":"Andr\u00e9 Fr\u00e8re \u00c9ditions","url":"https:\/\/www.andrefrereditions.com\/en\/","logo":{"@type":"ImageObject","inLanguage":"en-US","@id":"https:\/\/www.andrefrereditions.com\/en\/#\/schema\/logo\/image\/","url":"https:\/\/www.andrefrereditions.com\/wp-content\/uploads\/2014\/12\/andre-frere-editions-logo.png","contentUrl":"https:\/\/www.andrefrereditions.com\/wp-content\/uploads\/2014\/12\/andre-frere-editions-logo.png","width":80,"height":79,"caption":"Andr\u00e9 Fr\u00e8re \u00c9ditions"},"image":{"@id":"https:\/\/www.andrefrereditions.com\/en\/#\/schema\/logo\/image\/"}}]}},"_links":{"self":[{"href":"https:\/\/www.andrefrereditions.com\/en\/wp-json\/wp\/v2\/product\/8297","targetHints":{"allow":["GET"]}}],"collection":[{"href":"https:\/\/www.andrefrereditions.com\/en\/wp-json\/wp\/v2\/product"}],"about":[{"href":"https:\/\/www.andrefrereditions.com\/en\/wp-json\/wp\/v2\/types\/product"}],"wp:featuredmedia":[{"embeddable":true,"href":"https:\/\/www.andrefrereditions.com\/en\/wp-json\/wp\/v2\/media\/8299"}],"wp:attachment":[{"href":"https:\/\/www.andrefrereditions.com\/en\/wp-json\/wp\/v2\/media?parent=8297"}],"wp:term":[{"taxonomy":"product_brand","embeddable":true,"href":"https:\/\/www.andrefrereditions.com\/en\/wp-json\/wp\/v2\/product_brand?post=8297"},{"taxonomy":"product_cat","embeddable":true,"href":"https:\/\/www.andrefrereditions.com\/en\/wp-json\/wp\/v2\/product_cat?post=8297"},{"taxonomy":"product_tag","embeddable":true,"href":"https:\/\/www.andrefrereditions.com\/en\/wp-json\/wp\/v2\/product_tag?post=8297"}],"curies":[{"name":"wp","href":"https:\/\/api.w.org\/{rel}","templated":true}]}}