{"id":8326,"date":"2018-10-30T11:59:48","date_gmt":"2018-10-30T10:59:48","guid":{"rendered":"http:\/\/www.andrefrereditions.com\/en\/?post_type=product&#038;p=8326"},"modified":"2025-11-13T15:19:35","modified_gmt":"2025-11-13T14:19:35","slug":"la-nuit-epuisee","status":"publish","type":"product","link":"https:\/\/www.andrefrereditions.com\/en\/books\/special-editions\/la-nuit-epuisee\/","title":{"rendered":"La nuit \u00e9puis\u00e9e"},"content":{"rendered":"<ul class=\"infos-livre\">\n<li>Photographs\u00a0: <a href=\"http:\/\/www.documentsdartistes.org\/artistes\/dagata\/\" target=\"_blank\" rel=\"noopener\">Antoine d\u2019Agata<\/a><\/li>\n<li>Editorial coordination: <a href=\"http:\/\/bruissements.net\/\" target=\"_blank\" rel=\"noopener\">L\u00e9a Bismuth<\/a><\/li>\n<li>Graphic design, image processing and printing: Pakito Bolino<\/li>\n<li>Texts : Philippe Azoury &#8211; Mehdi Belhaj Kacem &#8211; L\u00e9a Bismuth<br \/>\nJean-Baptiste Del Amo &#8211; Mathilde Girard &#8211; Yannick Haenel<br \/>\nBruno Le Dantec &#8211; Emmanuel Loi &#8211; Bernard Marcad\u00e9<br \/>\nGuillaume de Sardes &#8211; John Jefferson Selve<\/li>\n<li>Format 15 x 21 cm x 5 cm<\/li>\n<li>144 pages<\/li>\n<li>100 copies numbered and signed, 75 of which are for sale.<\/li>\n<li>\u20ac320<\/li>\n<li>Edition Friche la Belle de Mai \/ Andr\u00e9 Fr\u00e8re \u00c9ditions<\/li>\n<\/ul>\n<p><strong>This exhausted night was held on the night of February 17-18, 2018 at la Friche la Belle de Mai, Marseille. <\/strong><br \/>\n<strong>She is the result of a reflection between La Friche and Antoine d&#8217;Agata.<\/strong><\/p>\n<p><img loading=\"lazy\" decoding=\"async\" class=\"alignnone wp-image-8320 size-full\" src=\"https:\/\/www.andrefrereditions.com\/wp-content\/uploads\/2018\/10\/nuit-epuisee-antoine-d-agata-andre-frere-editions-1.jpg\" alt=\"nuit-epuisee-antoine-d-agata-andre-frere-editions-1\" width=\"430\" height=\"302\" srcset=\"https:\/\/www.andrefrereditions.com\/wp-content\/uploads\/2018\/10\/nuit-epuisee-antoine-d-agata-andre-frere-editions-1.jpg 430w, https:\/\/www.andrefrereditions.com\/wp-content\/uploads\/2018\/10\/nuit-epuisee-antoine-d-agata-andre-frere-editions-1-420x295.jpg 420w, https:\/\/www.andrefrereditions.com\/wp-content\/uploads\/2018\/10\/nuit-epuisee-antoine-d-agata-andre-frere-editions-1-300x211.jpg 300w\" sizes=\"auto, (max-width: 430px) 100vw, 430px\" \/><\/p>\n<p>The writers in this book have all agreed to participate in a writing experience: to write a book, together, in one and same sleepless night, with Antoine d&#8217;Agata&#8217;s White Noise movie as horizon.<br \/>\nThis book gathers the texts that were sent to L\u00e9a Bismuth and Antoine d&#8217;Agata in the days that followed. It is necessary to specify that they retain all the spontaneity and momentum of the moments lived.<br \/>\nThis book takes the form of a set of 12 leporellos of 12 pages each, gathered under a jacket, the book contains the texts of the 11 authors who participated in this night and the images of Antoine d&#8217;Agata. The book was printed in duo-tone silkscreen, black plus red by Pakito Bolino \/ Le dernier Cri, in his studio at la Friche, Marseille. 300 copies have been printed, but only 100 copies are for sale, each copy is numbered and signed by Antoine d&#8217;Agata.<\/p>\n<p><img loading=\"lazy\" decoding=\"async\" class=\"alignnone wp-image-8322 size-full\" src=\"https:\/\/www.andrefrereditions.com\/wp-content\/uploads\/2018\/10\/nuit-epuisee-antoine-d-agata-andre-frere-editions-2.jpg\" alt=\"nuit-epuisee-antoine-d-agata-andre-frere-editions-2\" width=\"430\" height=\"304\" srcset=\"https:\/\/www.andrefrereditions.com\/wp-content\/uploads\/2018\/10\/nuit-epuisee-antoine-d-agata-andre-frere-editions-2.jpg 430w, https:\/\/www.andrefrereditions.com\/wp-content\/uploads\/2018\/10\/nuit-epuisee-antoine-d-agata-andre-frere-editions-2-420x297.jpg 420w, https:\/\/www.andrefrereditions.com\/wp-content\/uploads\/2018\/10\/nuit-epuisee-antoine-d-agata-andre-frere-editions-2-300x212.jpg 300w\" sizes=\"auto, (max-width: 430px) 100vw, 430px\" \/><\/p>\n<p><img loading=\"lazy\" decoding=\"async\" class=\"alignnone wp-image-8324 size-full\" src=\"https:\/\/www.andrefrereditions.com\/wp-content\/uploads\/2018\/10\/nuit-epuisee-antoine-d-agata-andre-frere-editions-3.jpg\" alt=\"nuit-epuisee-antoine-d-agata-andre-frere-editions-3\" width=\"430\" height=\"303\" srcset=\"https:\/\/www.andrefrereditions.com\/wp-content\/uploads\/2018\/10\/nuit-epuisee-antoine-d-agata-andre-frere-editions-3.jpg 430w, https:\/\/www.andrefrereditions.com\/wp-content\/uploads\/2018\/10\/nuit-epuisee-antoine-d-agata-andre-frere-editions-3-420x296.jpg 420w, https:\/\/www.andrefrereditions.com\/wp-content\/uploads\/2018\/10\/nuit-epuisee-antoine-d-agata-andre-frere-editions-3-300x211.jpg 300w\" sizes=\"auto, (max-width: 430px) 100vw, 430px\" \/><\/p>\n<p>&nbsp;<\/p>\n","protected":false},"excerpt":{"rendered":"<p>Photographs\u00a0: Antoine d\u2019Agata Editorial coordination: L\u00e9a Bismuth Graphic design, image processing and printing: Pakito Bolino Texts : Philippe Azoury &#8211; Mehdi Belhaj Kacem &#8211; L\u00e9a Bismuth Jean-Baptiste Del Amo &#8211; Mathilde Girard &#8211; Yannick Haenel Bruno Le Dantec &#8211; Emmanuel Loi &#8211; Bernard Marcad\u00e9 Guillaume de Sardes &#8211; John Jefferson Selve Format 15 x 21 [&hellip;]<\/p>\n","protected":false},"featured_media":8319,"template":"","meta":[],"product_brand":[],"product_cat":[37,35],"product_tag":[],"class_list":{"0":"post-8326","1":"product","2":"type-product","3":"status-publish","4":"has-post-thumbnail","6":"product_cat-photography","7":"product_cat-special-editions","8":"product_shipping_class-c3-en","10":"first","11":"instock","12":"shipping-taxable","13":"purchasable","14":"product-type-simple"},"yoast_head":"<!-- This site is optimized with the Yoast SEO plugin v27.4 - https:\/\/yoast.com\/product\/yoast-seo-wordpress\/ -->\n<title>La nuit \u00e9puis\u00e9e | Andr\u00e9 Fr\u00e8re \u00c9ditions<\/title>\n<meta name=\"description\" content=\"La nuit \u00e9puis\u00e9e par Antoine d\u2019Agata dans la cat\u00e9gorie Photography, Special editions. Publi\u00e9 par Andr\u00e9 Fr\u00e8re \u00c9ditions.\" \/>\n<meta name=\"robots\" content=\"index, follow, max-snippet:-1, max-image-preview:large, max-video-preview:-1\" \/>\n<link rel=\"canonical\" href=\"https:\/\/www.andrefrereditions.com\/en\/books\/special-editions\/la-nuit-epuisee\/\" \/>\n<meta property=\"og:locale\" content=\"en_US\" \/>\n<meta property=\"og:type\" content=\"article\" \/>\n<meta property=\"og:title\" content=\"La nuit \u00e9puis\u00e9e | Andr\u00e9 Fr\u00e8re \u00c9ditions\" \/>\n<meta property=\"og:description\" content=\"La nuit \u00e9puis\u00e9e par Antoine d\u2019Agata dans la cat\u00e9gorie Photography, Special editions. Publi\u00e9 par Andr\u00e9 Fr\u00e8re \u00c9ditions.\" \/>\n<meta property=\"og:url\" content=\"https:\/\/www.andrefrereditions.com\/en\/books\/special-editions\/la-nuit-epuisee\/\" \/>\n<meta property=\"og:site_name\" content=\"Andr\u00e9 Fr\u00e8re \u00c9ditions\" \/>\n<meta property=\"article:modified_time\" content=\"2025-11-13T14:19:35+00:00\" \/>\n<meta property=\"og:image\" content=\"https:\/\/www.andrefrereditions.com\/wp-content\/uploads\/2018\/10\/nuit-epuisee-antoine-d-agata-andre-frere-editions.jpg\" \/>\n\t<meta property=\"og:image:width\" content=\"296\" \/>\n\t<meta property=\"og:image:height\" content=\"420\" \/>\n\t<meta property=\"og:image:type\" content=\"image\/jpeg\" \/>\n<meta name=\"twitter:label1\" content=\"Est. reading time\" \/>\n\t<meta name=\"twitter:data1\" content=\"3 minutes\" \/>\n<script type=\"application\/ld+json\" class=\"yoast-schema-graph\">{\"@context\":\"https:\\\/\\\/schema.org\",\"@graph\":[{\"@type\":\"WebPage\",\"@id\":\"https:\\\/\\\/www.andrefrereditions.com\\\/en\\\/books\\\/special-editions\\\/la-nuit-epuisee\\\/\",\"url\":\"https:\\\/\\\/www.andrefrereditions.com\\\/en\\\/books\\\/special-editions\\\/la-nuit-epuisee\\\/\",\"name\":\"La nuit \u00e9puis\u00e9e | Andr\u00e9 Fr\u00e8re \u00c9ditions\",\"isPartOf\":{\"@id\":\"https:\\\/\\\/www.andrefrereditions.com\\\/en\\\/#website\"},\"primaryImageOfPage\":{\"@id\":\"https:\\\/\\\/www.andrefrereditions.com\\\/en\\\/books\\\/special-editions\\\/la-nuit-epuisee\\\/#primaryimage\"},\"image\":{\"@id\":\"https:\\\/\\\/www.andrefrereditions.com\\\/en\\\/books\\\/special-editions\\\/la-nuit-epuisee\\\/#primaryimage\"},\"thumbnailUrl\":\"https:\\\/\\\/www.andrefrereditions.com\\\/wp-content\\\/uploads\\\/2018\\\/10\\\/nuit-epuisee-antoine-d-agata-andre-frere-editions.jpg\",\"datePublished\":\"2018-10-30T10:59:48+00:00\",\"dateModified\":\"2025-11-13T14:19:35+00:00\",\"description\":\"La nuit \u00e9puis\u00e9e par Antoine d\u2019Agata dans la cat\u00e9gorie Photography, Special editions. Publi\u00e9 par Andr\u00e9 Fr\u00e8re \u00c9ditions.\",\"breadcrumb\":{\"@id\":\"https:\\\/\\\/www.andrefrereditions.com\\\/en\\\/books\\\/special-editions\\\/la-nuit-epuisee\\\/#breadcrumb\"},\"inLanguage\":\"en-US\",\"potentialAction\":[{\"@type\":\"ReadAction\",\"target\":[\"https:\\\/\\\/www.andrefrereditions.com\\\/en\\\/books\\\/special-editions\\\/la-nuit-epuisee\\\/\"]}]},{\"@type\":\"ImageObject\",\"inLanguage\":\"en-US\",\"@id\":\"https:\\\/\\\/www.andrefrereditions.com\\\/en\\\/books\\\/special-editions\\\/la-nuit-epuisee\\\/#primaryimage\",\"url\":\"https:\\\/\\\/www.andrefrereditions.com\\\/wp-content\\\/uploads\\\/2018\\\/10\\\/nuit-epuisee-antoine-d-agata-andre-frere-editions.jpg\",\"contentUrl\":\"https:\\\/\\\/www.andrefrereditions.com\\\/wp-content\\\/uploads\\\/2018\\\/10\\\/nuit-epuisee-antoine-d-agata-andre-frere-editions.jpg\",\"width\":296,\"height\":420},{\"@type\":\"BreadcrumbList\",\"@id\":\"https:\\\/\\\/www.andrefrereditions.com\\\/en\\\/books\\\/special-editions\\\/la-nuit-epuisee\\\/#breadcrumb\",\"itemListElement\":[{\"@type\":\"ListItem\",\"position\":1,\"name\":\"Home\",\"item\":\"https:\\\/\\\/www.andrefrereditions.com\\\/en\\\/\"},{\"@type\":\"ListItem\",\"position\":2,\"name\":\"Books\",\"item\":\"https:\\\/\\\/www.andrefrereditions.com\\\/en\\\/books\\\/\"},{\"@type\":\"ListItem\",\"position\":3,\"name\":\"La nuit \u00e9puis\u00e9e\"}]},{\"@type\":\"WebSite\",\"@id\":\"https:\\\/\\\/www.andrefrereditions.com\\\/en\\\/#website\",\"url\":\"https:\\\/\\\/www.andrefrereditions.com\\\/en\\\/\",\"name\":\"Andr\u00e9 Fr\u00e8re \u00c9ditions\",\"description\":\"\u00c9dition ind\u00e9pendante de photographie et d\u2019art\",\"publisher\":{\"@id\":\"https:\\\/\\\/www.andrefrereditions.com\\\/en\\\/#organization\"},\"potentialAction\":[{\"@type\":\"SearchAction\",\"target\":{\"@type\":\"EntryPoint\",\"urlTemplate\":\"https:\\\/\\\/www.andrefrereditions.com\\\/en\\\/?s={search_term_string}\"},\"query-input\":{\"@type\":\"PropertyValueSpecification\",\"valueRequired\":true,\"valueName\":\"search_term_string\"}}],\"inLanguage\":\"en-US\"},{\"@type\":\"Organization\",\"@id\":\"https:\\\/\\\/www.andrefrereditions.com\\\/en\\\/#organization\",\"name\":\"Andr\u00e9 Fr\u00e8re \u00c9ditions\",\"url\":\"https:\\\/\\\/www.andrefrereditions.com\\\/en\\\/\",\"logo\":{\"@type\":\"ImageObject\",\"inLanguage\":\"en-US\",\"@id\":\"https:\\\/\\\/www.andrefrereditions.com\\\/en\\\/#\\\/schema\\\/logo\\\/image\\\/\",\"url\":\"https:\\\/\\\/www.andrefrereditions.com\\\/wp-content\\\/uploads\\\/2014\\\/12\\\/andre-frere-editions-logo.png\",\"contentUrl\":\"https:\\\/\\\/www.andrefrereditions.com\\\/wp-content\\\/uploads\\\/2014\\\/12\\\/andre-frere-editions-logo.png\",\"width\":80,\"height\":79,\"caption\":\"Andr\u00e9 Fr\u00e8re \u00c9ditions\"},\"image\":{\"@id\":\"https:\\\/\\\/www.andrefrereditions.com\\\/en\\\/#\\\/schema\\\/logo\\\/image\\\/\"}}]}<\/script>\n<!-- \/ Yoast SEO plugin. -->","yoast_head_json":{"title":"La nuit \u00e9puis\u00e9e | Andr\u00e9 Fr\u00e8re \u00c9ditions","description":"La nuit \u00e9puis\u00e9e par Antoine d\u2019Agata dans la cat\u00e9gorie Photography, Special editions. Publi\u00e9 par Andr\u00e9 Fr\u00e8re \u00c9ditions.","robots":{"index":"index","follow":"follow","max-snippet":"max-snippet:-1","max-image-preview":"max-image-preview:large","max-video-preview":"max-video-preview:-1"},"canonical":"https:\/\/www.andrefrereditions.com\/en\/books\/special-editions\/la-nuit-epuisee\/","og_locale":"en_US","og_type":"article","og_title":"La nuit \u00e9puis\u00e9e | Andr\u00e9 Fr\u00e8re \u00c9ditions","og_description":"La nuit \u00e9puis\u00e9e par Antoine d\u2019Agata dans la cat\u00e9gorie Photography, Special editions. Publi\u00e9 par Andr\u00e9 Fr\u00e8re \u00c9ditions.","og_url":"https:\/\/www.andrefrereditions.com\/en\/books\/special-editions\/la-nuit-epuisee\/","og_site_name":"Andr\u00e9 Fr\u00e8re \u00c9ditions","article_modified_time":"2025-11-13T14:19:35+00:00","og_image":[{"width":296,"height":420,"url":"https:\/\/www.andrefrereditions.com\/wp-content\/uploads\/2018\/10\/nuit-epuisee-antoine-d-agata-andre-frere-editions.jpg","type":"image\/jpeg"}],"twitter_misc":{"Est. reading time":"3 minutes"},"schema":{"@context":"https:\/\/schema.org","@graph":[{"@type":"WebPage","@id":"https:\/\/www.andrefrereditions.com\/en\/books\/special-editions\/la-nuit-epuisee\/","url":"https:\/\/www.andrefrereditions.com\/en\/books\/special-editions\/la-nuit-epuisee\/","name":"La nuit \u00e9puis\u00e9e | Andr\u00e9 Fr\u00e8re \u00c9ditions","isPartOf":{"@id":"https:\/\/www.andrefrereditions.com\/en\/#website"},"primaryImageOfPage":{"@id":"https:\/\/www.andrefrereditions.com\/en\/books\/special-editions\/la-nuit-epuisee\/#primaryimage"},"image":{"@id":"https:\/\/www.andrefrereditions.com\/en\/books\/special-editions\/la-nuit-epuisee\/#primaryimage"},"thumbnailUrl":"https:\/\/www.andrefrereditions.com\/wp-content\/uploads\/2018\/10\/nuit-epuisee-antoine-d-agata-andre-frere-editions.jpg","datePublished":"2018-10-30T10:59:48+00:00","dateModified":"2025-11-13T14:19:35+00:00","description":"La nuit \u00e9puis\u00e9e par Antoine d\u2019Agata dans la cat\u00e9gorie Photography, Special editions. Publi\u00e9 par Andr\u00e9 Fr\u00e8re \u00c9ditions.","breadcrumb":{"@id":"https:\/\/www.andrefrereditions.com\/en\/books\/special-editions\/la-nuit-epuisee\/#breadcrumb"},"inLanguage":"en-US","potentialAction":[{"@type":"ReadAction","target":["https:\/\/www.andrefrereditions.com\/en\/books\/special-editions\/la-nuit-epuisee\/"]}]},{"@type":"ImageObject","inLanguage":"en-US","@id":"https:\/\/www.andrefrereditions.com\/en\/books\/special-editions\/la-nuit-epuisee\/#primaryimage","url":"https:\/\/www.andrefrereditions.com\/wp-content\/uploads\/2018\/10\/nuit-epuisee-antoine-d-agata-andre-frere-editions.jpg","contentUrl":"https:\/\/www.andrefrereditions.com\/wp-content\/uploads\/2018\/10\/nuit-epuisee-antoine-d-agata-andre-frere-editions.jpg","width":296,"height":420},{"@type":"BreadcrumbList","@id":"https:\/\/www.andrefrereditions.com\/en\/books\/special-editions\/la-nuit-epuisee\/#breadcrumb","itemListElement":[{"@type":"ListItem","position":1,"name":"Home","item":"https:\/\/www.andrefrereditions.com\/en\/"},{"@type":"ListItem","position":2,"name":"Books","item":"https:\/\/www.andrefrereditions.com\/en\/books\/"},{"@type":"ListItem","position":3,"name":"La nuit \u00e9puis\u00e9e"}]},{"@type":"WebSite","@id":"https:\/\/www.andrefrereditions.com\/en\/#website","url":"https:\/\/www.andrefrereditions.com\/en\/","name":"Andr\u00e9 Fr\u00e8re \u00c9ditions","description":"\u00c9dition ind\u00e9pendante de photographie et d\u2019art","publisher":{"@id":"https:\/\/www.andrefrereditions.com\/en\/#organization"},"potentialAction":[{"@type":"SearchAction","target":{"@type":"EntryPoint","urlTemplate":"https:\/\/www.andrefrereditions.com\/en\/?s={search_term_string}"},"query-input":{"@type":"PropertyValueSpecification","valueRequired":true,"valueName":"search_term_string"}}],"inLanguage":"en-US"},{"@type":"Organization","@id":"https:\/\/www.andrefrereditions.com\/en\/#organization","name":"Andr\u00e9 Fr\u00e8re \u00c9ditions","url":"https:\/\/www.andrefrereditions.com\/en\/","logo":{"@type":"ImageObject","inLanguage":"en-US","@id":"https:\/\/www.andrefrereditions.com\/en\/#\/schema\/logo\/image\/","url":"https:\/\/www.andrefrereditions.com\/wp-content\/uploads\/2014\/12\/andre-frere-editions-logo.png","contentUrl":"https:\/\/www.andrefrereditions.com\/wp-content\/uploads\/2014\/12\/andre-frere-editions-logo.png","width":80,"height":79,"caption":"Andr\u00e9 Fr\u00e8re \u00c9ditions"},"image":{"@id":"https:\/\/www.andrefrereditions.com\/en\/#\/schema\/logo\/image\/"}}]}},"_links":{"self":[{"href":"https:\/\/www.andrefrereditions.com\/en\/wp-json\/wp\/v2\/product\/8326","targetHints":{"allow":["GET"]}}],"collection":[{"href":"https:\/\/www.andrefrereditions.com\/en\/wp-json\/wp\/v2\/product"}],"about":[{"href":"https:\/\/www.andrefrereditions.com\/en\/wp-json\/wp\/v2\/types\/product"}],"wp:featuredmedia":[{"embeddable":true,"href":"https:\/\/www.andrefrereditions.com\/en\/wp-json\/wp\/v2\/media\/8319"}],"wp:attachment":[{"href":"https:\/\/www.andrefrereditions.com\/en\/wp-json\/wp\/v2\/media?parent=8326"}],"wp:term":[{"taxonomy":"product_brand","embeddable":true,"href":"https:\/\/www.andrefrereditions.com\/en\/wp-json\/wp\/v2\/product_brand?post=8326"},{"taxonomy":"product_cat","embeddable":true,"href":"https:\/\/www.andrefrereditions.com\/en\/wp-json\/wp\/v2\/product_cat?post=8326"},{"taxonomy":"product_tag","embeddable":true,"href":"https:\/\/www.andrefrereditions.com\/en\/wp-json\/wp\/v2\/product_tag?post=8326"}],"curies":[{"name":"wp","href":"https:\/\/api.w.org\/{rel}","templated":true}]}}