{"id":8615,"date":"2019-04-24T22:01:26","date_gmt":"2019-05-27T20:21:17","guid":{"rendered":"https:\/\/www.andrefrereditions.com\/en\/?post_type=product&#038;p=8615"},"modified":"2025-06-26T11:19:06","modified_gmt":"2025-06-26T09:19:06","slug":"robert-maurice-debois","status":"publish","type":"product","link":"https:\/\/www.andrefrereditions.com\/en\/books\/photography\/robert-maurice-debois\/","title":{"rendered":"Robert Maurice Debois"},"content":{"rendered":"<ul class=\"infos-livre\">\n<li>Photographs\u00a0: Brice Krummenacker<\/li>\n<li>Text : <a href=\"https:\/\/www.bricekrum.com\/\" target=\"_blank\">Brice Krummenacker<\/a><\/li>\n<li>23\u00a0x\u00a030 cm<\/li>\n<li>96\u00a0pages<\/li>\n<li>Hardcover<\/li>\n<li>63\u00a0photographies<\/li>\n<li>French \/ English<\/li>\n<li>\u20ac33<\/li>\n<li>To be released 16 july 2019<\/li>\n<li>ISBN\u00a0: 979-10-92265-82-8<\/li>\n<\/ul>\n<p><img loading=\"lazy\" decoding=\"async\" class=\"alignnone size-full wp-image-8554\" src=\"https:\/\/www.andrefrereditions.com\/wp-content\/uploads\/2019\/04\/robert-maurice-debois-brice-krummenacker-andre-frere-editions-1.jpg\" alt=\"robert-maurice-debois-brice-krummenacker-andre-frere-editions-1\" width=\"430\" height=\"269\" srcset=\"https:\/\/www.andrefrereditions.com\/wp-content\/uploads\/2019\/04\/robert-maurice-debois-brice-krummenacker-andre-frere-editions-1.jpg 430w, https:\/\/www.andrefrereditions.com\/wp-content\/uploads\/2019\/04\/robert-maurice-debois-brice-krummenacker-andre-frere-editions-1-420x263.jpg 420w, https:\/\/www.andrefrereditions.com\/wp-content\/uploads\/2019\/04\/robert-maurice-debois-brice-krummenacker-andre-frere-editions-1-300x188.jpg 300w\" sizes=\"auto, (max-width: 430px) 100vw, 430px\" \/><\/p>\n<p>The Robert Maurice Debois book project comes from here and elsewhere. It is made from a collection of photographs from the human named Brice Krummenacker and tells the adventures of our hero: <strong>Robert Maurice Debois<\/strong>, the classiest being of the milky way, interstellar traveler, and extra ordinary alien &#8211; &#8220;Martian&#8221; is discriminatory, Robert is not from Mars!<\/p>\n<p><img loading=\"lazy\" decoding=\"async\" class=\"alignnone size-full wp-image-8556\" src=\"https:\/\/www.andrefrereditions.com\/wp-content\/uploads\/2019\/04\/robert-maurice-debois-brice-krummenacker-andre-frere-editions-2.jpg\" alt=\"robert-maurice-debois-brice-krummenacker-andre-frere-editions-2\" width=\"430\" height=\"269\" srcset=\"https:\/\/www.andrefrereditions.com\/wp-content\/uploads\/2019\/04\/robert-maurice-debois-brice-krummenacker-andre-frere-editions-2.jpg 430w, https:\/\/www.andrefrereditions.com\/wp-content\/uploads\/2019\/04\/robert-maurice-debois-brice-krummenacker-andre-frere-editions-2-420x263.jpg 420w, https:\/\/www.andrefrereditions.com\/wp-content\/uploads\/2019\/04\/robert-maurice-debois-brice-krummenacker-andre-frere-editions-2-300x188.jpg 300w\" sizes=\"auto, (max-width: 430px) 100vw, 430px\" \/><\/p>\n<p>He was born a long time ago, in a far away galaxy, on the planet Gaia, in the globular cluster M13. There, he randomly received the Arecibo message.<\/p>\n<p><img loading=\"lazy\" decoding=\"async\" class=\"alignnone size-full wp-image-8558\" src=\"https:\/\/www.andrefrereditions.com\/wp-content\/uploads\/2019\/04\/robert-maurice-debois-brice-krummenacker-andre-frere-editions-3.jpg\" alt=\"robert-maurice-debois-brice-krummenacker-andre-frere-editions-3\" width=\"430\" height=\"269\" srcset=\"https:\/\/www.andrefrereditions.com\/wp-content\/uploads\/2019\/04\/robert-maurice-debois-brice-krummenacker-andre-frere-editions-3.jpg 430w, https:\/\/www.andrefrereditions.com\/wp-content\/uploads\/2019\/04\/robert-maurice-debois-brice-krummenacker-andre-frere-editions-3-420x263.jpg 420w, https:\/\/www.andrefrereditions.com\/wp-content\/uploads\/2019\/04\/robert-maurice-debois-brice-krummenacker-andre-frere-editions-3-300x188.jpg 300w\" sizes=\"auto, (max-width: 430px) 100vw, 430px\" \/><\/p>\n<p>Curious to know why a seemingly intelligent specie went through the trouble of sending, 150 light years away from their home, a message as boring as the atomic number of hydrogen and carbon, he decided to go to earth and investigate<\/p>\n<p><img loading=\"lazy\" decoding=\"async\" class=\"alignnone size-full wp-image-8560\" src=\"https:\/\/www.andrefrereditions.com\/wp-content\/uploads\/2019\/04\/robert-maurice-debois-brice-krummenacker-andre-frere-editions-4.jpg\" alt=\"robert-maurice-debois-brice-krummenacker-andre-frere-editions-4\" width=\"430\" height=\"269\" srcset=\"https:\/\/www.andrefrereditions.com\/wp-content\/uploads\/2019\/04\/robert-maurice-debois-brice-krummenacker-andre-frere-editions-4.jpg 430w, https:\/\/www.andrefrereditions.com\/wp-content\/uploads\/2019\/04\/robert-maurice-debois-brice-krummenacker-andre-frere-editions-4-420x263.jpg 420w, https:\/\/www.andrefrereditions.com\/wp-content\/uploads\/2019\/04\/robert-maurice-debois-brice-krummenacker-andre-frere-editions-4-300x188.jpg 300w\" sizes=\"auto, (max-width: 430px) 100vw, 430px\" \/><\/p>\n<p>And while he&#8217;s there, the tasteless lives of those creatures would probably benefit from a few advices in terms of clothing, food, and more&#8230;<\/p>\n<p><img loading=\"lazy\" decoding=\"async\" class=\"alignnone size-full wp-image-8562\" src=\"https:\/\/www.andrefrereditions.com\/wp-content\/uploads\/2019\/04\/robert-maurice-debois-brice-krummenacker-andre-frere-editions-5.jpg\" alt=\"robert-maurice-debois-brice-krummenacker-andre-frere-editions-5\" width=\"430\" height=\"269\" srcset=\"https:\/\/www.andrefrereditions.com\/wp-content\/uploads\/2019\/04\/robert-maurice-debois-brice-krummenacker-andre-frere-editions-5.jpg 430w, https:\/\/www.andrefrereditions.com\/wp-content\/uploads\/2019\/04\/robert-maurice-debois-brice-krummenacker-andre-frere-editions-5-420x263.jpg 420w, https:\/\/www.andrefrereditions.com\/wp-content\/uploads\/2019\/04\/robert-maurice-debois-brice-krummenacker-andre-frere-editions-5-300x188.jpg 300w\" sizes=\"auto, (max-width: 430px) 100vw, 430px\" \/><\/p>\n<p><img loading=\"lazy\" decoding=\"async\" class=\"alignnone size-full wp-image-8564\" src=\"https:\/\/www.andrefrereditions.com\/wp-content\/uploads\/2019\/04\/robert-maurice-debois-brice-krummenacker-andre-frere-editions-6.jpg\" alt=\"robert-maurice-debois-brice-krummenacker-andre-frere-editions-6\" width=\"430\" height=\"269\" srcset=\"https:\/\/www.andrefrereditions.com\/wp-content\/uploads\/2019\/04\/robert-maurice-debois-brice-krummenacker-andre-frere-editions-6.jpg 430w, https:\/\/www.andrefrereditions.com\/wp-content\/uploads\/2019\/04\/robert-maurice-debois-brice-krummenacker-andre-frere-editions-6-420x263.jpg 420w, https:\/\/www.andrefrereditions.com\/wp-content\/uploads\/2019\/04\/robert-maurice-debois-brice-krummenacker-andre-frere-editions-6-300x188.jpg 300w\" sizes=\"auto, (max-width: 430px) 100vw, 430px\" \/><\/p>\n<p>Upon arrival, our space invader soon realized that the conquest of this world where reality is ever more virtual would only happen through social networks.<\/p>\n<p><img loading=\"lazy\" decoding=\"async\" class=\"alignnone size-full wp-image-8566\" src=\"https:\/\/www.andrefrereditions.com\/wp-content\/uploads\/2019\/04\/robert-maurice-debois-brice-krummenacker-andre-frere-editions-7.jpg\" alt=\"robert-maurice-debois-brice-krummenacker-andre-frere-editions-7\" width=\"430\" height=\"269\" srcset=\"https:\/\/www.andrefrereditions.com\/wp-content\/uploads\/2019\/04\/robert-maurice-debois-brice-krummenacker-andre-frere-editions-7.jpg 430w, https:\/\/www.andrefrereditions.com\/wp-content\/uploads\/2019\/04\/robert-maurice-debois-brice-krummenacker-andre-frere-editions-7-420x263.jpg 420w, https:\/\/www.andrefrereditions.com\/wp-content\/uploads\/2019\/04\/robert-maurice-debois-brice-krummenacker-andre-frere-editions-7-300x188.jpg 300w\" sizes=\"auto, (max-width: 430px) 100vw, 430px\" \/><\/p>\n<p>Mondino and Terry Richardson being too expensive, he decided to enslave Brice with a cleverly placed probe. &#8220;This one: I like his hairstyle!&#8221; he reportedly said. The photographer would open him different accounts: Facebook, Instagram&#8230; even Tinder!<\/p>\n<p><img loading=\"lazy\" decoding=\"async\" class=\"alignnone size-full wp-image-8568\" src=\"https:\/\/www.andrefrereditions.com\/wp-content\/uploads\/2019\/04\/robert-maurice-debois-brice-krummenacker-andre-frere-editions-8.jpg\" alt=\"robert-maurice-debois-brice-krummenacker-andre-frere-editions-8\" width=\"430\" height=\"269\" srcset=\"https:\/\/www.andrefrereditions.com\/wp-content\/uploads\/2019\/04\/robert-maurice-debois-brice-krummenacker-andre-frere-editions-8.jpg 430w, https:\/\/www.andrefrereditions.com\/wp-content\/uploads\/2019\/04\/robert-maurice-debois-brice-krummenacker-andre-frere-editions-8-420x263.jpg 420w, https:\/\/www.andrefrereditions.com\/wp-content\/uploads\/2019\/04\/robert-maurice-debois-brice-krummenacker-andre-frere-editions-8-300x188.jpg 300w\" sizes=\"auto, (max-width: 430px) 100vw, 430px\" \/><\/p>\n<p>Robert&#8217;s attacks are global: he matches, likes, tags&#8230; he shares! Far from the usual beauty standards, he shows himself off and likes to pose on camera. Astral kebabs, passion for the Bogdanov brothers or the music of the keyboard cat, galactic wardrobe, the occasional trippy joint&#8230; each posts makes him exist a little more, makes him a little more real in the collective imagination. The fictional character realizes itself and the infamous sentence &#8220;I think therefor I am&#8221; becomes &#8220;I post therefor I am&#8221;<\/p>\n<p><img loading=\"lazy\" decoding=\"async\" class=\"alignnone size-full wp-image-8570\" src=\"https:\/\/www.andrefrereditions.com\/wp-content\/uploads\/2019\/04\/robert-maurice-debois-brice-krummenacker-andre-frere-editions-9.jpg\" alt=\"robert-maurice-debois-brice-krummenacker-andre-frere-editions-9\" width=\"430\" height=\"269\" srcset=\"https:\/\/www.andrefrereditions.com\/wp-content\/uploads\/2019\/04\/robert-maurice-debois-brice-krummenacker-andre-frere-editions-9.jpg 430w, https:\/\/www.andrefrereditions.com\/wp-content\/uploads\/2019\/04\/robert-maurice-debois-brice-krummenacker-andre-frere-editions-9-420x263.jpg 420w, https:\/\/www.andrefrereditions.com\/wp-content\/uploads\/2019\/04\/robert-maurice-debois-brice-krummenacker-andre-frere-editions-9-300x188.jpg 300w\" sizes=\"auto, (max-width: 430px) 100vw, 430px\" \/><\/p>\n<p>Incongruous, unexpected and strange are the adjectives that best describe this trip and this book.<\/p>\n<p><img loading=\"lazy\" decoding=\"async\" class=\"alignnone size-full wp-image-8572\" src=\"https:\/\/www.andrefrereditions.com\/wp-content\/uploads\/2019\/04\/robert-maurice-debois-brice-krummenacker-andre-frere-editions-10.jpg\" alt=\"robert-maurice-debois-brice-krummenacker-andre-frere-editions-10\" width=\"430\" height=\"269\" srcset=\"https:\/\/www.andrefrereditions.com\/wp-content\/uploads\/2019\/04\/robert-maurice-debois-brice-krummenacker-andre-frere-editions-10.jpg 430w, https:\/\/www.andrefrereditions.com\/wp-content\/uploads\/2019\/04\/robert-maurice-debois-brice-krummenacker-andre-frere-editions-10-420x263.jpg 420w, https:\/\/www.andrefrereditions.com\/wp-content\/uploads\/2019\/04\/robert-maurice-debois-brice-krummenacker-andre-frere-editions-10-300x188.jpg 300w\" sizes=\"auto, (max-width: 430px) 100vw, 430px\" \/><\/p>\n<p><img loading=\"lazy\" decoding=\"async\" class=\"alignnone size-full wp-image-8574\" src=\"https:\/\/www.andrefrereditions.com\/wp-content\/uploads\/2019\/04\/robert-maurice-debois-brice-krummenacker-andre-frere-editions-11.jpg\" alt=\"robert-maurice-debois-brice-krummenacker-andre-frere-editions-11\" width=\"430\" height=\"643\" srcset=\"https:\/\/www.andrefrereditions.com\/wp-content\/uploads\/2019\/04\/robert-maurice-debois-brice-krummenacker-andre-frere-editions-11.jpg 430w, https:\/\/www.andrefrereditions.com\/wp-content\/uploads\/2019\/04\/robert-maurice-debois-brice-krummenacker-andre-frere-editions-11-420x628.jpg 420w, https:\/\/www.andrefrereditions.com\/wp-content\/uploads\/2019\/04\/robert-maurice-debois-brice-krummenacker-andre-frere-editions-11-201x300.jpg 201w\" sizes=\"auto, (max-width: 430px) 100vw, 430px\" \/><\/p>\n","protected":false},"excerpt":{"rendered":"<p>Photographs\u00a0: Brice Krummenacker Text : Brice Krummenacker 23\u00a0x\u00a030 cm 96\u00a0pages Hardcover 63\u00a0photographies French \/ English \u20ac33 To be released 16 july 2019 ISBN\u00a0: 979-10-92265-82-8 The Robert Maurice Debois book project comes from here and elsewhere. It is made from a collection of photographs from the human named Brice Krummenacker and tells the adventures of our [&hellip;]<\/p>\n","protected":false},"featured_media":8577,"template":"","meta":[],"product_brand":[],"product_cat":[37],"product_tag":[],"class_list":{"0":"post-8615","1":"product","2":"type-product","3":"status-publish","4":"has-post-thumbnail","6":"product_cat-photography","7":"product_shipping_class-c3-en","9":"first","10":"instock","11":"shipping-taxable","12":"purchasable","13":"product-type-simple"},"yoast_head":"<!-- This site is optimized with the Yoast SEO plugin v27.4 - https:\/\/yoast.com\/product\/yoast-seo-wordpress\/ -->\n<title>Robert Maurice Debois | Andr\u00e9 Fr\u00e8re \u00c9ditions<\/title>\n<meta name=\"description\" content=\"Robert Maurice Debois par Brice Krummenacker dans la cat\u00e9gorie Photography. Publi\u00e9 par Andr\u00e9 Fr\u00e8re \u00c9ditions.\" \/>\n<meta name=\"robots\" content=\"index, follow, max-snippet:-1, max-image-preview:large, max-video-preview:-1\" \/>\n<link rel=\"canonical\" href=\"https:\/\/www.andrefrereditions.com\/en\/books\/photography\/robert-maurice-debois\/\" \/>\n<meta property=\"og:locale\" content=\"en_US\" \/>\n<meta property=\"og:type\" content=\"article\" \/>\n<meta property=\"og:title\" content=\"Robert Maurice Debois | Andr\u00e9 Fr\u00e8re \u00c9ditions\" \/>\n<meta property=\"og:description\" content=\"Robert Maurice Debois par Brice Krummenacker dans la cat\u00e9gorie Photography. Publi\u00e9 par Andr\u00e9 Fr\u00e8re \u00c9ditions.\" \/>\n<meta property=\"og:url\" content=\"https:\/\/www.andrefrereditions.com\/en\/books\/photography\/robert-maurice-debois\/\" \/>\n<meta property=\"og:site_name\" content=\"Andr\u00e9 Fr\u00e8re \u00c9ditions\" \/>\n<meta property=\"article:modified_time\" content=\"2025-06-26T09:19:06+00:00\" \/>\n<meta property=\"og:image\" content=\"https:\/\/www.andrefrereditions.com\/wp-content\/uploads\/2019\/04\/robert-maurice-debois-brice-krummenacker-andre-frere-editions.jpg\" \/>\n\t<meta property=\"og:image:width\" content=\"420\" \/>\n\t<meta property=\"og:image:height\" content=\"525\" \/>\n\t<meta property=\"og:image:type\" content=\"image\/jpeg\" \/>\n<meta name=\"twitter:label1\" content=\"Est. reading time\" \/>\n\t<meta name=\"twitter:data1\" content=\"2 minutes\" \/>\n<script type=\"application\/ld+json\" class=\"yoast-schema-graph\">{\"@context\":\"https:\\\/\\\/schema.org\",\"@graph\":[{\"@type\":\"WebPage\",\"@id\":\"https:\\\/\\\/www.andrefrereditions.com\\\/en\\\/books\\\/photography\\\/robert-maurice-debois\\\/\",\"url\":\"https:\\\/\\\/www.andrefrereditions.com\\\/en\\\/books\\\/photography\\\/robert-maurice-debois\\\/\",\"name\":\"Robert Maurice Debois | Andr\u00e9 Fr\u00e8re \u00c9ditions\",\"isPartOf\":{\"@id\":\"https:\\\/\\\/www.andrefrereditions.com\\\/en\\\/#website\"},\"primaryImageOfPage\":{\"@id\":\"https:\\\/\\\/www.andrefrereditions.com\\\/en\\\/books\\\/photography\\\/robert-maurice-debois\\\/#primaryimage\"},\"image\":{\"@id\":\"https:\\\/\\\/www.andrefrereditions.com\\\/en\\\/books\\\/photography\\\/robert-maurice-debois\\\/#primaryimage\"},\"thumbnailUrl\":\"https:\\\/\\\/www.andrefrereditions.com\\\/wp-content\\\/uploads\\\/2019\\\/04\\\/robert-maurice-debois-brice-krummenacker-andre-frere-editions.jpg\",\"datePublished\":\"2019-05-27T20:21:17+00:00\",\"dateModified\":\"2025-06-26T09:19:06+00:00\",\"description\":\"Robert Maurice Debois par Brice Krummenacker dans la cat\u00e9gorie Photography. Publi\u00e9 par Andr\u00e9 Fr\u00e8re \u00c9ditions.\",\"breadcrumb\":{\"@id\":\"https:\\\/\\\/www.andrefrereditions.com\\\/en\\\/books\\\/photography\\\/robert-maurice-debois\\\/#breadcrumb\"},\"inLanguage\":\"en-US\",\"potentialAction\":[{\"@type\":\"ReadAction\",\"target\":[\"https:\\\/\\\/www.andrefrereditions.com\\\/en\\\/books\\\/photography\\\/robert-maurice-debois\\\/\"]}]},{\"@type\":\"ImageObject\",\"inLanguage\":\"en-US\",\"@id\":\"https:\\\/\\\/www.andrefrereditions.com\\\/en\\\/books\\\/photography\\\/robert-maurice-debois\\\/#primaryimage\",\"url\":\"https:\\\/\\\/www.andrefrereditions.com\\\/wp-content\\\/uploads\\\/2019\\\/04\\\/robert-maurice-debois-brice-krummenacker-andre-frere-editions.jpg\",\"contentUrl\":\"https:\\\/\\\/www.andrefrereditions.com\\\/wp-content\\\/uploads\\\/2019\\\/04\\\/robert-maurice-debois-brice-krummenacker-andre-frere-editions.jpg\",\"width\":420,\"height\":525},{\"@type\":\"BreadcrumbList\",\"@id\":\"https:\\\/\\\/www.andrefrereditions.com\\\/en\\\/books\\\/photography\\\/robert-maurice-debois\\\/#breadcrumb\",\"itemListElement\":[{\"@type\":\"ListItem\",\"position\":1,\"name\":\"Home\",\"item\":\"https:\\\/\\\/www.andrefrereditions.com\\\/en\\\/\"},{\"@type\":\"ListItem\",\"position\":2,\"name\":\"Books\",\"item\":\"https:\\\/\\\/www.andrefrereditions.com\\\/en\\\/books\\\/\"},{\"@type\":\"ListItem\",\"position\":3,\"name\":\"Robert Maurice Debois\"}]},{\"@type\":\"WebSite\",\"@id\":\"https:\\\/\\\/www.andrefrereditions.com\\\/en\\\/#website\",\"url\":\"https:\\\/\\\/www.andrefrereditions.com\\\/en\\\/\",\"name\":\"Andr\u00e9 Fr\u00e8re \u00c9ditions\",\"description\":\"\u00c9dition ind\u00e9pendante de photographie et d\u2019art\",\"publisher\":{\"@id\":\"https:\\\/\\\/www.andrefrereditions.com\\\/en\\\/#organization\"},\"potentialAction\":[{\"@type\":\"SearchAction\",\"target\":{\"@type\":\"EntryPoint\",\"urlTemplate\":\"https:\\\/\\\/www.andrefrereditions.com\\\/en\\\/?s={search_term_string}\"},\"query-input\":{\"@type\":\"PropertyValueSpecification\",\"valueRequired\":true,\"valueName\":\"search_term_string\"}}],\"inLanguage\":\"en-US\"},{\"@type\":\"Organization\",\"@id\":\"https:\\\/\\\/www.andrefrereditions.com\\\/en\\\/#organization\",\"name\":\"Andr\u00e9 Fr\u00e8re \u00c9ditions\",\"url\":\"https:\\\/\\\/www.andrefrereditions.com\\\/en\\\/\",\"logo\":{\"@type\":\"ImageObject\",\"inLanguage\":\"en-US\",\"@id\":\"https:\\\/\\\/www.andrefrereditions.com\\\/en\\\/#\\\/schema\\\/logo\\\/image\\\/\",\"url\":\"https:\\\/\\\/www.andrefrereditions.com\\\/wp-content\\\/uploads\\\/2014\\\/12\\\/andre-frere-editions-logo.png\",\"contentUrl\":\"https:\\\/\\\/www.andrefrereditions.com\\\/wp-content\\\/uploads\\\/2014\\\/12\\\/andre-frere-editions-logo.png\",\"width\":80,\"height\":79,\"caption\":\"Andr\u00e9 Fr\u00e8re \u00c9ditions\"},\"image\":{\"@id\":\"https:\\\/\\\/www.andrefrereditions.com\\\/en\\\/#\\\/schema\\\/logo\\\/image\\\/\"}}]}<\/script>\n<!-- \/ Yoast SEO plugin. -->","yoast_head_json":{"title":"Robert Maurice Debois | Andr\u00e9 Fr\u00e8re \u00c9ditions","description":"Robert Maurice Debois par Brice Krummenacker dans la cat\u00e9gorie Photography. Publi\u00e9 par Andr\u00e9 Fr\u00e8re \u00c9ditions.","robots":{"index":"index","follow":"follow","max-snippet":"max-snippet:-1","max-image-preview":"max-image-preview:large","max-video-preview":"max-video-preview:-1"},"canonical":"https:\/\/www.andrefrereditions.com\/en\/books\/photography\/robert-maurice-debois\/","og_locale":"en_US","og_type":"article","og_title":"Robert Maurice Debois | Andr\u00e9 Fr\u00e8re \u00c9ditions","og_description":"Robert Maurice Debois par Brice Krummenacker dans la cat\u00e9gorie Photography. Publi\u00e9 par Andr\u00e9 Fr\u00e8re \u00c9ditions.","og_url":"https:\/\/www.andrefrereditions.com\/en\/books\/photography\/robert-maurice-debois\/","og_site_name":"Andr\u00e9 Fr\u00e8re \u00c9ditions","article_modified_time":"2025-06-26T09:19:06+00:00","og_image":[{"width":420,"height":525,"url":"https:\/\/www.andrefrereditions.com\/wp-content\/uploads\/2019\/04\/robert-maurice-debois-brice-krummenacker-andre-frere-editions.jpg","type":"image\/jpeg"}],"twitter_misc":{"Est. reading time":"2 minutes"},"schema":{"@context":"https:\/\/schema.org","@graph":[{"@type":"WebPage","@id":"https:\/\/www.andrefrereditions.com\/en\/books\/photography\/robert-maurice-debois\/","url":"https:\/\/www.andrefrereditions.com\/en\/books\/photography\/robert-maurice-debois\/","name":"Robert Maurice Debois | Andr\u00e9 Fr\u00e8re \u00c9ditions","isPartOf":{"@id":"https:\/\/www.andrefrereditions.com\/en\/#website"},"primaryImageOfPage":{"@id":"https:\/\/www.andrefrereditions.com\/en\/books\/photography\/robert-maurice-debois\/#primaryimage"},"image":{"@id":"https:\/\/www.andrefrereditions.com\/en\/books\/photography\/robert-maurice-debois\/#primaryimage"},"thumbnailUrl":"https:\/\/www.andrefrereditions.com\/wp-content\/uploads\/2019\/04\/robert-maurice-debois-brice-krummenacker-andre-frere-editions.jpg","datePublished":"2019-05-27T20:21:17+00:00","dateModified":"2025-06-26T09:19:06+00:00","description":"Robert Maurice Debois par Brice Krummenacker dans la cat\u00e9gorie Photography. Publi\u00e9 par Andr\u00e9 Fr\u00e8re \u00c9ditions.","breadcrumb":{"@id":"https:\/\/www.andrefrereditions.com\/en\/books\/photography\/robert-maurice-debois\/#breadcrumb"},"inLanguage":"en-US","potentialAction":[{"@type":"ReadAction","target":["https:\/\/www.andrefrereditions.com\/en\/books\/photography\/robert-maurice-debois\/"]}]},{"@type":"ImageObject","inLanguage":"en-US","@id":"https:\/\/www.andrefrereditions.com\/en\/books\/photography\/robert-maurice-debois\/#primaryimage","url":"https:\/\/www.andrefrereditions.com\/wp-content\/uploads\/2019\/04\/robert-maurice-debois-brice-krummenacker-andre-frere-editions.jpg","contentUrl":"https:\/\/www.andrefrereditions.com\/wp-content\/uploads\/2019\/04\/robert-maurice-debois-brice-krummenacker-andre-frere-editions.jpg","width":420,"height":525},{"@type":"BreadcrumbList","@id":"https:\/\/www.andrefrereditions.com\/en\/books\/photography\/robert-maurice-debois\/#breadcrumb","itemListElement":[{"@type":"ListItem","position":1,"name":"Home","item":"https:\/\/www.andrefrereditions.com\/en\/"},{"@type":"ListItem","position":2,"name":"Books","item":"https:\/\/www.andrefrereditions.com\/en\/books\/"},{"@type":"ListItem","position":3,"name":"Robert Maurice Debois"}]},{"@type":"WebSite","@id":"https:\/\/www.andrefrereditions.com\/en\/#website","url":"https:\/\/www.andrefrereditions.com\/en\/","name":"Andr\u00e9 Fr\u00e8re \u00c9ditions","description":"\u00c9dition ind\u00e9pendante de photographie et d\u2019art","publisher":{"@id":"https:\/\/www.andrefrereditions.com\/en\/#organization"},"potentialAction":[{"@type":"SearchAction","target":{"@type":"EntryPoint","urlTemplate":"https:\/\/www.andrefrereditions.com\/en\/?s={search_term_string}"},"query-input":{"@type":"PropertyValueSpecification","valueRequired":true,"valueName":"search_term_string"}}],"inLanguage":"en-US"},{"@type":"Organization","@id":"https:\/\/www.andrefrereditions.com\/en\/#organization","name":"Andr\u00e9 Fr\u00e8re \u00c9ditions","url":"https:\/\/www.andrefrereditions.com\/en\/","logo":{"@type":"ImageObject","inLanguage":"en-US","@id":"https:\/\/www.andrefrereditions.com\/en\/#\/schema\/logo\/image\/","url":"https:\/\/www.andrefrereditions.com\/wp-content\/uploads\/2014\/12\/andre-frere-editions-logo.png","contentUrl":"https:\/\/www.andrefrereditions.com\/wp-content\/uploads\/2014\/12\/andre-frere-editions-logo.png","width":80,"height":79,"caption":"Andr\u00e9 Fr\u00e8re \u00c9ditions"},"image":{"@id":"https:\/\/www.andrefrereditions.com\/en\/#\/schema\/logo\/image\/"}}]}},"_links":{"self":[{"href":"https:\/\/www.andrefrereditions.com\/en\/wp-json\/wp\/v2\/product\/8615","targetHints":{"allow":["GET"]}}],"collection":[{"href":"https:\/\/www.andrefrereditions.com\/en\/wp-json\/wp\/v2\/product"}],"about":[{"href":"https:\/\/www.andrefrereditions.com\/en\/wp-json\/wp\/v2\/types\/product"}],"wp:featuredmedia":[{"embeddable":true,"href":"https:\/\/www.andrefrereditions.com\/en\/wp-json\/wp\/v2\/media\/8577"}],"wp:attachment":[{"href":"https:\/\/www.andrefrereditions.com\/en\/wp-json\/wp\/v2\/media?parent=8615"}],"wp:term":[{"taxonomy":"product_brand","embeddable":true,"href":"https:\/\/www.andrefrereditions.com\/en\/wp-json\/wp\/v2\/product_brand?post=8615"},{"taxonomy":"product_cat","embeddable":true,"href":"https:\/\/www.andrefrereditions.com\/en\/wp-json\/wp\/v2\/product_cat?post=8615"},{"taxonomy":"product_tag","embeddable":true,"href":"https:\/\/www.andrefrereditions.com\/en\/wp-json\/wp\/v2\/product_tag?post=8615"}],"curies":[{"name":"wp","href":"https:\/\/api.w.org\/{rel}","templated":true}]}}