{"id":8617,"date":"2019-04-24T21:54:21","date_gmt":"2019-05-27T20:27:51","guid":{"rendered":"https:\/\/www.andrefrereditions.com\/en\/?post_type=product&#038;p=8617"},"modified":"2025-06-26T11:19:06","modified_gmt":"2025-06-26T09:19:06","slug":"rencontres-en-amnesie","status":"publish","type":"product","link":"https:\/\/www.andrefrereditions.com\/en\/books\/photography\/rencontres-en-amnesie\/","title":{"rendered":"Rencontres en amn\u00e9sie"},"content":{"rendered":"<ul class=\"infos-livre\">\n<li>Photographs\u00a0: <a href=\"http:\/\/www.mlborgia.com\/\" target=\"_blank\">Marie L.Borgia<\/a><\/li>\n<li>Text : <a href=\"http:\/\/www.christiangattinoni.fr\/\" target=\"_blank\">Christian Gattinoni<\/a><\/li>\n<li>128 pages<\/li>\n<li>Hardcover<\/li>\n<li>108 duotones and colour photographs<\/li>\n<li>French \/ English<\/li>\n<li>\u20ac29<\/li>\n<li>To be released\u00a0 June, 12 2019<\/li>\n<li>ISBN\u00a0: 979-10-92265-83-5<\/li>\n<\/ul>\n<p><img loading=\"lazy\" decoding=\"async\" class=\"alignnone size-full wp-image-8537\" src=\"https:\/\/www.andrefrereditions.com\/wp-content\/uploads\/2019\/04\/rencontre-amnesie-marie-borgia-andre-frere-editions-1.jpg\" alt=\"rencontre-amnesie-marie-borgia-andre-frere-editions-1\" width=\"430\" height=\"272\" srcset=\"https:\/\/www.andrefrereditions.com\/wp-content\/uploads\/2019\/04\/rencontre-amnesie-marie-borgia-andre-frere-editions-1.jpg 430w, https:\/\/www.andrefrereditions.com\/wp-content\/uploads\/2019\/04\/rencontre-amnesie-marie-borgia-andre-frere-editions-1-420x266.jpg 420w, https:\/\/www.andrefrereditions.com\/wp-content\/uploads\/2019\/04\/rencontre-amnesie-marie-borgia-andre-frere-editions-1-300x190.jpg 300w\" sizes=\"auto, (max-width: 430px) 100vw, 430px\" \/><\/p>\n<p>Here, the ambition of the project touched on the most engaged part of therapeutic art, on living without the amnesty of remembering, that\u2019s what it refers to. In France, this group consists of close to one million people who are joined each year by more than 220,000 migrants who leave the realm of complete awareness.<\/p>\n<p><img loading=\"lazy\" decoding=\"async\" class=\"alignnone size-full wp-image-8539\" src=\"https:\/\/www.andrefrereditions.com\/wp-content\/uploads\/2019\/04\/rencontre-amnesie-marie-borgia-andre-frere-editions-2.jpg\" alt=\"rencontre-amnesie-marie-borgia-andre-frere-editions-2\" width=\"430\" height=\"433\" srcset=\"https:\/\/www.andrefrereditions.com\/wp-content\/uploads\/2019\/04\/rencontre-amnesie-marie-borgia-andre-frere-editions-2.jpg 430w, https:\/\/www.andrefrereditions.com\/wp-content\/uploads\/2019\/04\/rencontre-amnesie-marie-borgia-andre-frere-editions-2-420x423.jpg 420w, https:\/\/www.andrefrereditions.com\/wp-content\/uploads\/2019\/04\/rencontre-amnesie-marie-borgia-andre-frere-editions-2-100x100.jpg 100w, https:\/\/www.andrefrereditions.com\/wp-content\/uploads\/2019\/04\/rencontre-amnesie-marie-borgia-andre-frere-editions-2-298x300.jpg 298w\" sizes=\"auto, (max-width: 430px) 100vw, 430px\" \/><\/p>\n<p>Although the illness was not seriously therapied until the late 1960s, Ren\u00e9 Char seems to describe the fate of those suffering from it :\u00a0 Some beings are neither in society nor in a reverie. They belong to an isolated fate, an unknown hope. Their apparent actions seem to predate the first charge of time and the carelessness of heaven.<\/p>\n<p><img loading=\"lazy\" decoding=\"async\" class=\"alignnone size-full wp-image-8541\" src=\"https:\/\/www.andrefrereditions.com\/wp-content\/uploads\/2019\/04\/rencontre-amnesie-marie-borgia-andre-frere-editions-3.jpg\" alt=\"rencontre-amnesie-marie-borgia-andre-frere-editions-3\" width=\"430\" height=\"428\" srcset=\"https:\/\/www.andrefrereditions.com\/wp-content\/uploads\/2019\/04\/rencontre-amnesie-marie-borgia-andre-frere-editions-3.jpg 430w, https:\/\/www.andrefrereditions.com\/wp-content\/uploads\/2019\/04\/rencontre-amnesie-marie-borgia-andre-frere-editions-3-420x418.jpg 420w, https:\/\/www.andrefrereditions.com\/wp-content\/uploads\/2019\/04\/rencontre-amnesie-marie-borgia-andre-frere-editions-3-100x100.jpg 100w, https:\/\/www.andrefrereditions.com\/wp-content\/uploads\/2019\/04\/rencontre-amnesie-marie-borgia-andre-frere-editions-3-300x300.jpg 300w\" sizes=\"auto, (max-width: 430px) 100vw, 430px\" \/><\/p>\n<p>Nobody offers to hire them. Their future dissolves before their eyes. They are the most noble and most disturbing. To show a dignified portrait of the way they are today, Marie L Borgia selected images that seem to be burning with an inner light, overexposed by the omissions in them, she produces light-grey prints that appear to be have been created practically inadvertently. When she resorts to colours, they seem to be almost parchment-like, similar to the taught flesh of their dry hands holding onto some objects from the day before yesterday.<\/p>\n<p><img loading=\"lazy\" decoding=\"async\" class=\"alignnone size-full wp-image-8543\" src=\"https:\/\/www.andrefrereditions.com\/wp-content\/uploads\/2019\/04\/rencontre-amnesie-marie-borgia-andre-frere-editions-4.jpg\" alt=\"rencontre-amnesie-marie-borgia-andre-frere-editions-4\" width=\"430\" height=\"434\" srcset=\"https:\/\/www.andrefrereditions.com\/wp-content\/uploads\/2019\/04\/rencontre-amnesie-marie-borgia-andre-frere-editions-4.jpg 430w, https:\/\/www.andrefrereditions.com\/wp-content\/uploads\/2019\/04\/rencontre-amnesie-marie-borgia-andre-frere-editions-4-420x424.jpg 420w, https:\/\/www.andrefrereditions.com\/wp-content\/uploads\/2019\/04\/rencontre-amnesie-marie-borgia-andre-frere-editions-4-100x100.jpg 100w, https:\/\/www.andrefrereditions.com\/wp-content\/uploads\/2019\/04\/rencontre-amnesie-marie-borgia-andre-frere-editions-4-297x300.jpg 297w\" sizes=\"auto, (max-width: 430px) 100vw, 430px\" \/><\/p>\n<p>Their features are often blurred as a result of a movement made by a head that refused to submit. They wear the mask of their involuntary renunciation. Their detachment has traced incongruous wrinkles in their faces. Superimposed, certain photographs bear witness to the encounter of the self with itself in the bedroom, of intimate ups-and-downs in the broken frame of a mirror. In order to properly document this everyday life, which always takes place in the moment, the artist always remains within the comfort zone of the other at all times. Hence, the compositions fragment an expression, an air or disposition, the sketch of a face.<\/p>\n<p><img loading=\"lazy\" decoding=\"async\" class=\"alignnone size-full wp-image-8545\" src=\"https:\/\/www.andrefrereditions.com\/wp-content\/uploads\/2019\/04\/rencontre-amnesie-marie-borgia-andre-frere-editions-5.jpg\" alt=\"rencontre-amnesie-marie-borgia-andre-frere-editions-5\" width=\"430\" height=\"430\" srcset=\"https:\/\/www.andrefrereditions.com\/wp-content\/uploads\/2019\/04\/rencontre-amnesie-marie-borgia-andre-frere-editions-5.jpg 430w, https:\/\/www.andrefrereditions.com\/wp-content\/uploads\/2019\/04\/rencontre-amnesie-marie-borgia-andre-frere-editions-5-420x420.jpg 420w, https:\/\/www.andrefrereditions.com\/wp-content\/uploads\/2019\/04\/rencontre-amnesie-marie-borgia-andre-frere-editions-5-100x100.jpg 100w, https:\/\/www.andrefrereditions.com\/wp-content\/uploads\/2019\/04\/rencontre-amnesie-marie-borgia-andre-frere-editions-5-300x300.jpg 300w\" sizes=\"auto, (max-width: 430px) 100vw, 430px\" \/><\/p>\n<p>The poet recognised the fatal impact of these distances : Death never finds itself below or beyond, it is always at our side, industrious and minute. All that will be left behind of them is an old print, an etching taken down from the wall, a cushion, a key \u2013 but which door or suitcase does it open ? \u2013 a lipstick case, or an alarm clock with stopped hands. That would be without counting on this altruistic encounter with a photographer who had become \u2013 going as far as amnesia \u2013 their bearer of unpublished images of the way they look today.<\/p>\n<p><img loading=\"lazy\" decoding=\"async\" class=\"alignnone size-full wp-image-8547\" src=\"https:\/\/www.andrefrereditions.com\/wp-content\/uploads\/2019\/04\/rencontre-amnesie-marie-borgia-andre-frere-editions-6.jpg\" alt=\"rencontre-amnesie-marie-borgia-andre-frere-editions-6\" width=\"430\" height=\"271\" srcset=\"https:\/\/www.andrefrereditions.com\/wp-content\/uploads\/2019\/04\/rencontre-amnesie-marie-borgia-andre-frere-editions-6.jpg 430w, https:\/\/www.andrefrereditions.com\/wp-content\/uploads\/2019\/04\/rencontre-amnesie-marie-borgia-andre-frere-editions-6-420x265.jpg 420w, https:\/\/www.andrefrereditions.com\/wp-content\/uploads\/2019\/04\/rencontre-amnesie-marie-borgia-andre-frere-editions-6-300x189.jpg 300w\" sizes=\"auto, (max-width: 430px) 100vw, 430px\" \/><\/p>\n<p><img loading=\"lazy\" decoding=\"async\" class=\"alignnone size-full wp-image-8549\" src=\"https:\/\/www.andrefrereditions.com\/wp-content\/uploads\/2019\/04\/rencontre-amnesie-marie-borgia-andre-frere-editions-7.jpg\" alt=\"rencontre-amnesie-marie-borgia-andre-frere-editions-7\" width=\"430\" height=\"272\" srcset=\"https:\/\/www.andrefrereditions.com\/wp-content\/uploads\/2019\/04\/rencontre-amnesie-marie-borgia-andre-frere-editions-7.jpg 430w, https:\/\/www.andrefrereditions.com\/wp-content\/uploads\/2019\/04\/rencontre-amnesie-marie-borgia-andre-frere-editions-7-420x266.jpg 420w, https:\/\/www.andrefrereditions.com\/wp-content\/uploads\/2019\/04\/rencontre-amnesie-marie-borgia-andre-frere-editions-7-300x190.jpg 300w\" sizes=\"auto, (max-width: 430px) 100vw, 430px\" \/><\/p>\n<p>With these carefully constructed, essential images she was able to give form to their feelings, to their various emotions and, ultimately, to the singularity of their being.<br \/>\nChristian Gattinoni, extract.<\/p>\n<p><img loading=\"lazy\" decoding=\"async\" class=\"alignnone size-full wp-image-8551\" src=\"https:\/\/www.andrefrereditions.com\/wp-content\/uploads\/2019\/04\/rencontre-amnesie-marie-borgia-andre-frere-editions-8.jpg\" alt=\"rencontre-amnesie-marie-borgia-andre-frere-editions-8\" width=\"430\" height=\"649\" srcset=\"https:\/\/www.andrefrereditions.com\/wp-content\/uploads\/2019\/04\/rencontre-amnesie-marie-borgia-andre-frere-editions-8.jpg 430w, https:\/\/www.andrefrereditions.com\/wp-content\/uploads\/2019\/04\/rencontre-amnesie-marie-borgia-andre-frere-editions-8-420x634.jpg 420w, https:\/\/www.andrefrereditions.com\/wp-content\/uploads\/2019\/04\/rencontre-amnesie-marie-borgia-andre-frere-editions-8-199x300.jpg 199w\" sizes=\"auto, (max-width: 430px) 100vw, 430px\" \/><\/p>\n","protected":false},"excerpt":{"rendered":"<p>Photographs\u00a0: Marie L.Borgia Text : Christian Gattinoni 128 pages Hardcover 108 duotones and colour photographs French \/ English \u20ac29 To be released\u00a0 June, 12 2019 ISBN\u00a0: 979-10-92265-83-5 Here, the ambition of the project touched on the most engaged part of therapeutic art, on living without the amnesty of remembering, that\u2019s what it refers to. In [&hellip;]<\/p>\n","protected":false},"featured_media":8536,"template":"","meta":[],"product_brand":[],"product_cat":[37],"product_tag":[],"class_list":{"0":"post-8617","1":"product","2":"type-product","3":"status-publish","4":"has-post-thumbnail","6":"product_cat-photography","7":"product_shipping_class-c3-en","9":"first","10":"instock","11":"shipping-taxable","12":"purchasable","13":"product-type-simple"},"yoast_head":"<!-- This site is optimized with the Yoast SEO plugin v27.5 - https:\/\/yoast.com\/product\/yoast-seo-wordpress\/ -->\n<title>Rencontres en amn\u00e9sie | Andr\u00e9 Fr\u00e8re \u00c9ditions<\/title>\n<meta name=\"description\" content=\"Rencontres en amn\u00e9sie par Marie L.Borgia dans la cat\u00e9gorie Photography. Publi\u00e9 par Andr\u00e9 Fr\u00e8re \u00c9ditions.\" \/>\n<meta name=\"robots\" content=\"index, follow, max-snippet:-1, max-image-preview:large, max-video-preview:-1\" \/>\n<link rel=\"canonical\" href=\"https:\/\/www.andrefrereditions.com\/en\/books\/photography\/rencontres-en-amnesie\/\" \/>\n<meta property=\"og:locale\" content=\"en_US\" \/>\n<meta property=\"og:type\" content=\"article\" \/>\n<meta property=\"og:title\" content=\"Rencontres en amn\u00e9sie | Andr\u00e9 Fr\u00e8re \u00c9ditions\" \/>\n<meta property=\"og:description\" content=\"Rencontres en amn\u00e9sie par Marie L.Borgia dans la cat\u00e9gorie Photography. Publi\u00e9 par Andr\u00e9 Fr\u00e8re \u00c9ditions.\" \/>\n<meta property=\"og:url\" content=\"https:\/\/www.andrefrereditions.com\/en\/books\/photography\/rencontres-en-amnesie\/\" \/>\n<meta property=\"og:site_name\" content=\"Andr\u00e9 Fr\u00e8re \u00c9ditions\" \/>\n<meta property=\"article:modified_time\" content=\"2025-06-26T09:19:06+00:00\" \/>\n<meta property=\"og:image\" content=\"https:\/\/www.andrefrereditions.com\/wp-content\/uploads\/2019\/04\/rencontre-amnesie-marie-borgia-andre-frere-editions.jpg\" \/>\n\t<meta property=\"og:image:width\" content=\"420\" \/>\n\t<meta property=\"og:image:height\" content=\"549\" \/>\n\t<meta property=\"og:image:type\" content=\"image\/jpeg\" \/>\n<meta name=\"twitter:label1\" content=\"Est. reading time\" \/>\n\t<meta name=\"twitter:data1\" content=\"2 minutes\" \/>\n<script type=\"application\/ld+json\" class=\"yoast-schema-graph\">{\"@context\":\"https:\\\/\\\/schema.org\",\"@graph\":[{\"@type\":\"WebPage\",\"@id\":\"https:\\\/\\\/www.andrefrereditions.com\\\/en\\\/books\\\/photography\\\/rencontres-en-amnesie\\\/\",\"url\":\"https:\\\/\\\/www.andrefrereditions.com\\\/en\\\/books\\\/photography\\\/rencontres-en-amnesie\\\/\",\"name\":\"Rencontres en amn\u00e9sie | Andr\u00e9 Fr\u00e8re \u00c9ditions\",\"isPartOf\":{\"@id\":\"https:\\\/\\\/www.andrefrereditions.com\\\/en\\\/#website\"},\"primaryImageOfPage\":{\"@id\":\"https:\\\/\\\/www.andrefrereditions.com\\\/en\\\/books\\\/photography\\\/rencontres-en-amnesie\\\/#primaryimage\"},\"image\":{\"@id\":\"https:\\\/\\\/www.andrefrereditions.com\\\/en\\\/books\\\/photography\\\/rencontres-en-amnesie\\\/#primaryimage\"},\"thumbnailUrl\":\"https:\\\/\\\/www.andrefrereditions.com\\\/wp-content\\\/uploads\\\/2019\\\/04\\\/rencontre-amnesie-marie-borgia-andre-frere-editions.jpg\",\"datePublished\":\"2019-05-27T20:27:51+00:00\",\"dateModified\":\"2025-06-26T09:19:06+00:00\",\"description\":\"Rencontres en amn\u00e9sie par Marie L.Borgia dans la cat\u00e9gorie Photography. Publi\u00e9 par Andr\u00e9 Fr\u00e8re \u00c9ditions.\",\"breadcrumb\":{\"@id\":\"https:\\\/\\\/www.andrefrereditions.com\\\/en\\\/books\\\/photography\\\/rencontres-en-amnesie\\\/#breadcrumb\"},\"inLanguage\":\"en-US\",\"potentialAction\":[{\"@type\":\"ReadAction\",\"target\":[\"https:\\\/\\\/www.andrefrereditions.com\\\/en\\\/books\\\/photography\\\/rencontres-en-amnesie\\\/\"]}]},{\"@type\":\"ImageObject\",\"inLanguage\":\"en-US\",\"@id\":\"https:\\\/\\\/www.andrefrereditions.com\\\/en\\\/books\\\/photography\\\/rencontres-en-amnesie\\\/#primaryimage\",\"url\":\"https:\\\/\\\/www.andrefrereditions.com\\\/wp-content\\\/uploads\\\/2019\\\/04\\\/rencontre-amnesie-marie-borgia-andre-frere-editions.jpg\",\"contentUrl\":\"https:\\\/\\\/www.andrefrereditions.com\\\/wp-content\\\/uploads\\\/2019\\\/04\\\/rencontre-amnesie-marie-borgia-andre-frere-editions.jpg\",\"width\":420,\"height\":549},{\"@type\":\"BreadcrumbList\",\"@id\":\"https:\\\/\\\/www.andrefrereditions.com\\\/en\\\/books\\\/photography\\\/rencontres-en-amnesie\\\/#breadcrumb\",\"itemListElement\":[{\"@type\":\"ListItem\",\"position\":1,\"name\":\"Home\",\"item\":\"https:\\\/\\\/www.andrefrereditions.com\\\/en\\\/\"},{\"@type\":\"ListItem\",\"position\":2,\"name\":\"Books\",\"item\":\"https:\\\/\\\/www.andrefrereditions.com\\\/en\\\/books\\\/\"},{\"@type\":\"ListItem\",\"position\":3,\"name\":\"Rencontres en amn\u00e9sie\"}]},{\"@type\":\"WebSite\",\"@id\":\"https:\\\/\\\/www.andrefrereditions.com\\\/en\\\/#website\",\"url\":\"https:\\\/\\\/www.andrefrereditions.com\\\/en\\\/\",\"name\":\"Andr\u00e9 Fr\u00e8re \u00c9ditions\",\"description\":\"\u00c9dition ind\u00e9pendante de photographie et d\u2019art\",\"publisher\":{\"@id\":\"https:\\\/\\\/www.andrefrereditions.com\\\/en\\\/#organization\"},\"potentialAction\":[{\"@type\":\"SearchAction\",\"target\":{\"@type\":\"EntryPoint\",\"urlTemplate\":\"https:\\\/\\\/www.andrefrereditions.com\\\/en\\\/?s={search_term_string}\"},\"query-input\":{\"@type\":\"PropertyValueSpecification\",\"valueRequired\":true,\"valueName\":\"search_term_string\"}}],\"inLanguage\":\"en-US\"},{\"@type\":\"Organization\",\"@id\":\"https:\\\/\\\/www.andrefrereditions.com\\\/en\\\/#organization\",\"name\":\"Andr\u00e9 Fr\u00e8re \u00c9ditions\",\"url\":\"https:\\\/\\\/www.andrefrereditions.com\\\/en\\\/\",\"logo\":{\"@type\":\"ImageObject\",\"inLanguage\":\"en-US\",\"@id\":\"https:\\\/\\\/www.andrefrereditions.com\\\/en\\\/#\\\/schema\\\/logo\\\/image\\\/\",\"url\":\"https:\\\/\\\/www.andrefrereditions.com\\\/wp-content\\\/uploads\\\/2014\\\/12\\\/andre-frere-editions-logo.png\",\"contentUrl\":\"https:\\\/\\\/www.andrefrereditions.com\\\/wp-content\\\/uploads\\\/2014\\\/12\\\/andre-frere-editions-logo.png\",\"width\":80,\"height\":79,\"caption\":\"Andr\u00e9 Fr\u00e8re \u00c9ditions\"},\"image\":{\"@id\":\"https:\\\/\\\/www.andrefrereditions.com\\\/en\\\/#\\\/schema\\\/logo\\\/image\\\/\"}}]}<\/script>\n<!-- \/ Yoast SEO plugin. -->","yoast_head_json":{"title":"Rencontres en amn\u00e9sie | Andr\u00e9 Fr\u00e8re \u00c9ditions","description":"Rencontres en amn\u00e9sie par Marie L.Borgia dans la cat\u00e9gorie Photography. Publi\u00e9 par Andr\u00e9 Fr\u00e8re \u00c9ditions.","robots":{"index":"index","follow":"follow","max-snippet":"max-snippet:-1","max-image-preview":"max-image-preview:large","max-video-preview":"max-video-preview:-1"},"canonical":"https:\/\/www.andrefrereditions.com\/en\/books\/photography\/rencontres-en-amnesie\/","og_locale":"en_US","og_type":"article","og_title":"Rencontres en amn\u00e9sie | Andr\u00e9 Fr\u00e8re \u00c9ditions","og_description":"Rencontres en amn\u00e9sie par Marie L.Borgia dans la cat\u00e9gorie Photography. Publi\u00e9 par Andr\u00e9 Fr\u00e8re \u00c9ditions.","og_url":"https:\/\/www.andrefrereditions.com\/en\/books\/photography\/rencontres-en-amnesie\/","og_site_name":"Andr\u00e9 Fr\u00e8re \u00c9ditions","article_modified_time":"2025-06-26T09:19:06+00:00","og_image":[{"width":420,"height":549,"url":"https:\/\/www.andrefrereditions.com\/wp-content\/uploads\/2019\/04\/rencontre-amnesie-marie-borgia-andre-frere-editions.jpg","type":"image\/jpeg"}],"twitter_misc":{"Est. reading time":"2 minutes"},"schema":{"@context":"https:\/\/schema.org","@graph":[{"@type":"WebPage","@id":"https:\/\/www.andrefrereditions.com\/en\/books\/photography\/rencontres-en-amnesie\/","url":"https:\/\/www.andrefrereditions.com\/en\/books\/photography\/rencontres-en-amnesie\/","name":"Rencontres en amn\u00e9sie | Andr\u00e9 Fr\u00e8re \u00c9ditions","isPartOf":{"@id":"https:\/\/www.andrefrereditions.com\/en\/#website"},"primaryImageOfPage":{"@id":"https:\/\/www.andrefrereditions.com\/en\/books\/photography\/rencontres-en-amnesie\/#primaryimage"},"image":{"@id":"https:\/\/www.andrefrereditions.com\/en\/books\/photography\/rencontres-en-amnesie\/#primaryimage"},"thumbnailUrl":"https:\/\/www.andrefrereditions.com\/wp-content\/uploads\/2019\/04\/rencontre-amnesie-marie-borgia-andre-frere-editions.jpg","datePublished":"2019-05-27T20:27:51+00:00","dateModified":"2025-06-26T09:19:06+00:00","description":"Rencontres en amn\u00e9sie par Marie L.Borgia dans la cat\u00e9gorie Photography. Publi\u00e9 par Andr\u00e9 Fr\u00e8re \u00c9ditions.","breadcrumb":{"@id":"https:\/\/www.andrefrereditions.com\/en\/books\/photography\/rencontres-en-amnesie\/#breadcrumb"},"inLanguage":"en-US","potentialAction":[{"@type":"ReadAction","target":["https:\/\/www.andrefrereditions.com\/en\/books\/photography\/rencontres-en-amnesie\/"]}]},{"@type":"ImageObject","inLanguage":"en-US","@id":"https:\/\/www.andrefrereditions.com\/en\/books\/photography\/rencontres-en-amnesie\/#primaryimage","url":"https:\/\/www.andrefrereditions.com\/wp-content\/uploads\/2019\/04\/rencontre-amnesie-marie-borgia-andre-frere-editions.jpg","contentUrl":"https:\/\/www.andrefrereditions.com\/wp-content\/uploads\/2019\/04\/rencontre-amnesie-marie-borgia-andre-frere-editions.jpg","width":420,"height":549},{"@type":"BreadcrumbList","@id":"https:\/\/www.andrefrereditions.com\/en\/books\/photography\/rencontres-en-amnesie\/#breadcrumb","itemListElement":[{"@type":"ListItem","position":1,"name":"Home","item":"https:\/\/www.andrefrereditions.com\/en\/"},{"@type":"ListItem","position":2,"name":"Books","item":"https:\/\/www.andrefrereditions.com\/en\/books\/"},{"@type":"ListItem","position":3,"name":"Rencontres en amn\u00e9sie"}]},{"@type":"WebSite","@id":"https:\/\/www.andrefrereditions.com\/en\/#website","url":"https:\/\/www.andrefrereditions.com\/en\/","name":"Andr\u00e9 Fr\u00e8re \u00c9ditions","description":"\u00c9dition ind\u00e9pendante de photographie et d\u2019art","publisher":{"@id":"https:\/\/www.andrefrereditions.com\/en\/#organization"},"potentialAction":[{"@type":"SearchAction","target":{"@type":"EntryPoint","urlTemplate":"https:\/\/www.andrefrereditions.com\/en\/?s={search_term_string}"},"query-input":{"@type":"PropertyValueSpecification","valueRequired":true,"valueName":"search_term_string"}}],"inLanguage":"en-US"},{"@type":"Organization","@id":"https:\/\/www.andrefrereditions.com\/en\/#organization","name":"Andr\u00e9 Fr\u00e8re \u00c9ditions","url":"https:\/\/www.andrefrereditions.com\/en\/","logo":{"@type":"ImageObject","inLanguage":"en-US","@id":"https:\/\/www.andrefrereditions.com\/en\/#\/schema\/logo\/image\/","url":"https:\/\/www.andrefrereditions.com\/wp-content\/uploads\/2014\/12\/andre-frere-editions-logo.png","contentUrl":"https:\/\/www.andrefrereditions.com\/wp-content\/uploads\/2014\/12\/andre-frere-editions-logo.png","width":80,"height":79,"caption":"Andr\u00e9 Fr\u00e8re \u00c9ditions"},"image":{"@id":"https:\/\/www.andrefrereditions.com\/en\/#\/schema\/logo\/image\/"}}]}},"_links":{"self":[{"href":"https:\/\/www.andrefrereditions.com\/en\/wp-json\/wp\/v2\/product\/8617","targetHints":{"allow":["GET"]}}],"collection":[{"href":"https:\/\/www.andrefrereditions.com\/en\/wp-json\/wp\/v2\/product"}],"about":[{"href":"https:\/\/www.andrefrereditions.com\/en\/wp-json\/wp\/v2\/types\/product"}],"wp:featuredmedia":[{"embeddable":true,"href":"https:\/\/www.andrefrereditions.com\/en\/wp-json\/wp\/v2\/media\/8536"}],"wp:attachment":[{"href":"https:\/\/www.andrefrereditions.com\/en\/wp-json\/wp\/v2\/media?parent=8617"}],"wp:term":[{"taxonomy":"product_brand","embeddable":true,"href":"https:\/\/www.andrefrereditions.com\/en\/wp-json\/wp\/v2\/product_brand?post=8617"},{"taxonomy":"product_cat","embeddable":true,"href":"https:\/\/www.andrefrereditions.com\/en\/wp-json\/wp\/v2\/product_cat?post=8617"},{"taxonomy":"product_tag","embeddable":true,"href":"https:\/\/www.andrefrereditions.com\/en\/wp-json\/wp\/v2\/product_tag?post=8617"}],"curies":[{"name":"wp","href":"https:\/\/api.w.org\/{rel}","templated":true}]}}