{"id":8708,"date":"2019-09-17T22:22:06","date_gmt":"2019-09-17T21:41:07","guid":{"rendered":"https:\/\/www.andrefrereditions.com\/en\/?post_type=product&#038;p=8708"},"modified":"2025-06-26T11:19:01","modified_gmt":"2025-06-26T09:19:01","slug":"misses-jones","status":"publish","type":"product","link":"https:\/\/www.andrefrereditions.com\/en\/books\/photography\/misses-jones\/","title":{"rendered":"Misses Jones"},"content":{"rendered":"<ul class=\"infos-livre\">\n<li>Pictures : Malika Mihoubi &amp; Lo\u00efc Xavier<\/li>\n<li>Texts : Laurence Loutre Barbier, Claudia Stavisky, Malika Mihoubi &amp; Lo\u00efc Xavier<\/li>\n<li>19 x 29.5 cm<\/li>\n<li>80 pages<\/li>\n<li>Hardcover<\/li>\n<li>36 colour pictures<\/li>\n<li>French<\/li>\n<li>ISBN : 979-10-92265-86-6<\/li>\n<li>\u20ac 32<\/li>\n<li>To be released on 14 November 2019<\/li>\n<li>The publication of this book benefited of support from R\u00e9gion Sud, Provence-Alpes-C\u00f4te d\u2019Azur<\/li>\n<\/ul>\n<p><img loading=\"lazy\" decoding=\"async\" class=\"alignnone size-full wp-image-8696\" src=\"https:\/\/www.andrefrereditions.com\/wp-content\/uploads\/2019\/09\/misses-jones-malika-mihoubi-andre-frere-editions-1.jpg\" alt=\"misses-jones-malika-mihoubi-andre-frere-editions-1\" width=\"430\" height=\"644\" srcset=\"https:\/\/www.andrefrereditions.com\/wp-content\/uploads\/2019\/09\/misses-jones-malika-mihoubi-andre-frere-editions-1.jpg 430w, https:\/\/www.andrefrereditions.com\/wp-content\/uploads\/2019\/09\/misses-jones-malika-mihoubi-andre-frere-editions-1-420x629.jpg 420w, https:\/\/www.andrefrereditions.com\/wp-content\/uploads\/2019\/09\/misses-jones-malika-mihoubi-andre-frere-editions-1-200x300.jpg 200w\" sizes=\"auto, (max-width: 430px) 100vw, 430px\" \/><\/p>\n<p>Portraits of women in prison.<\/p>\n<p><img loading=\"lazy\" decoding=\"async\" class=\"alignnone size-full wp-image-8698\" src=\"https:\/\/www.andrefrereditions.com\/wp-content\/uploads\/2019\/09\/misses-jones-malika-mihoubi-andre-frere-editions-2.jpg\" alt=\"misses-jones-malika-mihoubi-andre-frere-editions-2\" width=\"430\" height=\"644\" srcset=\"https:\/\/www.andrefrereditions.com\/wp-content\/uploads\/2019\/09\/misses-jones-malika-mihoubi-andre-frere-editions-2.jpg 430w, https:\/\/www.andrefrereditions.com\/wp-content\/uploads\/2019\/09\/misses-jones-malika-mihoubi-andre-frere-editions-2-420x629.jpg 420w, https:\/\/www.andrefrereditions.com\/wp-content\/uploads\/2019\/09\/misses-jones-malika-mihoubi-andre-frere-editions-2-200x300.jpg 200w\" sizes=\"auto, (max-width: 430px) 100vw, 430px\" \/><\/p>\n<p>Set in a prison environment, the stage costumes introduce a whole new field of aesthetics, poetry and symbolism, giving a new look to the opposite extremes of the stereotypical female prisoner.<\/p>\n<p><img loading=\"lazy\" decoding=\"async\" class=\"alignnone size-full wp-image-8700\" src=\"https:\/\/www.andrefrereditions.com\/wp-content\/uploads\/2019\/09\/misses-jones-malika-mihoubi-andre-frere-editions-3.jpg\" alt=\"misses-jones-malika-mihoubi-andre-frere-editions-3\" width=\"430\" height=\"644\" srcset=\"https:\/\/www.andrefrereditions.com\/wp-content\/uploads\/2019\/09\/misses-jones-malika-mihoubi-andre-frere-editions-3.jpg 430w, https:\/\/www.andrefrereditions.com\/wp-content\/uploads\/2019\/09\/misses-jones-malika-mihoubi-andre-frere-editions-3-420x629.jpg 420w, https:\/\/www.andrefrereditions.com\/wp-content\/uploads\/2019\/09\/misses-jones-malika-mihoubi-andre-frere-editions-3-200x300.jpg 200w\" sizes=\"auto, (max-width: 430px) 100vw, 430px\" \/><\/p>\n<p>The deliberately empowering depiction creates images \/ avatars that question the representation and its relation to identity. With their consent, their faces in full view, these female prisoners leave behind their impersonal clothing, anti-social clothing. They cloud the issue, revealing another possibility.<\/p>\n<p><img loading=\"lazy\" decoding=\"async\" class=\"alignnone size-full wp-image-8702\" src=\"https:\/\/www.andrefrereditions.com\/wp-content\/uploads\/2019\/09\/misses-jones-malika-mihoubi-andre-frere-editions-4.jpg\" alt=\"misses-jones-malika-mihoubi-andre-frere-editions-4\" width=\"430\" height=\"644\" srcset=\"https:\/\/www.andrefrereditions.com\/wp-content\/uploads\/2019\/09\/misses-jones-malika-mihoubi-andre-frere-editions-4.jpg 430w, https:\/\/www.andrefrereditions.com\/wp-content\/uploads\/2019\/09\/misses-jones-malika-mihoubi-andre-frere-editions-4-420x629.jpg 420w, https:\/\/www.andrefrereditions.com\/wp-content\/uploads\/2019\/09\/misses-jones-malika-mihoubi-andre-frere-editions-4-200x300.jpg 200w\" sizes=\"auto, (max-width: 430px) 100vw, 430px\" \/><\/p>\n<p><img loading=\"lazy\" decoding=\"async\" class=\"alignnone size-full wp-image-8704\" src=\"https:\/\/www.andrefrereditions.com\/wp-content\/uploads\/2019\/09\/misses-jones-malika-mihoubi-andre-frere-editions-5.jpg\" alt=\"misses-jones-malika-mihoubi-andre-frere-editions-5\" width=\"430\" height=\"644\" srcset=\"https:\/\/www.andrefrereditions.com\/wp-content\/uploads\/2019\/09\/misses-jones-malika-mihoubi-andre-frere-editions-5.jpg 430w, https:\/\/www.andrefrereditions.com\/wp-content\/uploads\/2019\/09\/misses-jones-malika-mihoubi-andre-frere-editions-5-420x629.jpg 420w, https:\/\/www.andrefrereditions.com\/wp-content\/uploads\/2019\/09\/misses-jones-malika-mihoubi-andre-frere-editions-5-200x300.jpg 200w\" sizes=\"auto, (max-width: 430px) 100vw, 430px\" \/><\/p>\n<p><img loading=\"lazy\" decoding=\"async\" class=\"alignnone size-full wp-image-8706\" src=\"https:\/\/www.andrefrereditions.com\/wp-content\/uploads\/2019\/09\/misses-jones-malika-mihoubi-andre-frere-editions-6.jpg\" alt=\"misses-jones-malika-mihoubi-andre-frere-editions-6\" width=\"430\" height=\"287\" srcset=\"https:\/\/www.andrefrereditions.com\/wp-content\/uploads\/2019\/09\/misses-jones-malika-mihoubi-andre-frere-editions-6.jpg 430w, https:\/\/www.andrefrereditions.com\/wp-content\/uploads\/2019\/09\/misses-jones-malika-mihoubi-andre-frere-editions-6-420x280.jpg 420w, https:\/\/www.andrefrereditions.com\/wp-content\/uploads\/2019\/09\/misses-jones-malika-mihoubi-andre-frere-editions-6-300x200.jpg 300w\" sizes=\"auto, (max-width: 430px) 100vw, 430px\" \/><\/p>\n","protected":false},"excerpt":{"rendered":"<p>Pictures : Malika Mihoubi &amp; Lo\u00efc Xavier Texts : Laurence Loutre Barbier, Claudia Stavisky, Malika Mihoubi &amp; Lo\u00efc Xavier 19 x 29.5 cm 80 pages Hardcover 36 colour pictures French ISBN : 979-10-92265-86-6 \u20ac 32 To be released on 14 November 2019 The publication of this book benefited of support from R\u00e9gion Sud, Provence-Alpes-C\u00f4te d\u2019Azur [&hellip;]<\/p>\n","protected":false},"featured_media":8695,"template":"","meta":[],"product_brand":[],"product_cat":[37],"product_tag":[],"class_list":{"0":"post-8708","1":"product","2":"type-product","3":"status-publish","4":"has-post-thumbnail","6":"product_cat-photography","7":"product_shipping_class-c3-en","9":"first","10":"instock","11":"shipping-taxable","12":"purchasable","13":"product-type-simple"},"yoast_head":"<!-- This site is optimized with the Yoast SEO plugin v27.3 - https:\/\/yoast.com\/product\/yoast-seo-wordpress\/ -->\n<title>Misses Jones | Andr\u00e9 Fr\u00e8re \u00c9ditions<\/title>\n<meta name=\"description\" content=\"Misses Jones par Malika Mihoubi &amp; Lo\u00efc Xavier dans la cat\u00e9gorie Photography. Publi\u00e9 par Andr\u00e9 Fr\u00e8re \u00c9ditions.\" \/>\n<meta name=\"robots\" content=\"index, follow, max-snippet:-1, max-image-preview:large, max-video-preview:-1\" \/>\n<link rel=\"canonical\" href=\"https:\/\/www.andrefrereditions.com\/en\/books\/photography\/misses-jones\/\" \/>\n<meta property=\"og:locale\" content=\"en_US\" \/>\n<meta property=\"og:type\" content=\"article\" \/>\n<meta property=\"og:title\" content=\"Misses Jones | Andr\u00e9 Fr\u00e8re \u00c9ditions\" \/>\n<meta property=\"og:description\" content=\"Misses Jones par Malika Mihoubi &amp; Lo\u00efc Xavier dans la cat\u00e9gorie Photography. Publi\u00e9 par Andr\u00e9 Fr\u00e8re \u00c9ditions.\" \/>\n<meta property=\"og:url\" content=\"https:\/\/www.andrefrereditions.com\/en\/books\/photography\/misses-jones\/\" \/>\n<meta property=\"og:site_name\" content=\"Andr\u00e9 Fr\u00e8re \u00c9ditions\" \/>\n<meta property=\"article:modified_time\" content=\"2025-06-26T09:19:01+00:00\" \/>\n<meta property=\"og:image\" content=\"https:\/\/www.andrefrereditions.com\/wp-content\/uploads\/2019\/09\/misses-jones-malika-mihoubi-andre-frere-editions.jpg\" \/>\n\t<meta property=\"og:image:width\" content=\"420\" \/>\n\t<meta property=\"og:image:height\" content=\"572\" \/>\n\t<meta property=\"og:image:type\" content=\"image\/jpeg\" \/>\n<meta name=\"twitter:label1\" content=\"Est. reading time\" \/>\n\t<meta name=\"twitter:data1\" content=\"1 minute\" \/>\n<script type=\"application\/ld+json\" class=\"yoast-schema-graph\">{\"@context\":\"https:\\\/\\\/schema.org\",\"@graph\":[{\"@type\":\"WebPage\",\"@id\":\"https:\\\/\\\/www.andrefrereditions.com\\\/en\\\/books\\\/photography\\\/misses-jones\\\/\",\"url\":\"https:\\\/\\\/www.andrefrereditions.com\\\/en\\\/books\\\/photography\\\/misses-jones\\\/\",\"name\":\"Misses Jones | Andr\u00e9 Fr\u00e8re \u00c9ditions\",\"isPartOf\":{\"@id\":\"https:\\\/\\\/www.andrefrereditions.com\\\/en\\\/#website\"},\"primaryImageOfPage\":{\"@id\":\"https:\\\/\\\/www.andrefrereditions.com\\\/en\\\/books\\\/photography\\\/misses-jones\\\/#primaryimage\"},\"image\":{\"@id\":\"https:\\\/\\\/www.andrefrereditions.com\\\/en\\\/books\\\/photography\\\/misses-jones\\\/#primaryimage\"},\"thumbnailUrl\":\"https:\\\/\\\/www.andrefrereditions.com\\\/wp-content\\\/uploads\\\/2019\\\/09\\\/misses-jones-malika-mihoubi-andre-frere-editions.jpg\",\"datePublished\":\"2019-09-17T21:41:07+00:00\",\"dateModified\":\"2025-06-26T09:19:01+00:00\",\"description\":\"Misses Jones par Malika Mihoubi &amp; Lo\u00efc Xavier dans la cat\u00e9gorie Photography. Publi\u00e9 par Andr\u00e9 Fr\u00e8re \u00c9ditions.\",\"breadcrumb\":{\"@id\":\"https:\\\/\\\/www.andrefrereditions.com\\\/en\\\/books\\\/photography\\\/misses-jones\\\/#breadcrumb\"},\"inLanguage\":\"en-US\",\"potentialAction\":[{\"@type\":\"ReadAction\",\"target\":[\"https:\\\/\\\/www.andrefrereditions.com\\\/en\\\/books\\\/photography\\\/misses-jones\\\/\"]}]},{\"@type\":\"ImageObject\",\"inLanguage\":\"en-US\",\"@id\":\"https:\\\/\\\/www.andrefrereditions.com\\\/en\\\/books\\\/photography\\\/misses-jones\\\/#primaryimage\",\"url\":\"https:\\\/\\\/www.andrefrereditions.com\\\/wp-content\\\/uploads\\\/2019\\\/09\\\/misses-jones-malika-mihoubi-andre-frere-editions.jpg\",\"contentUrl\":\"https:\\\/\\\/www.andrefrereditions.com\\\/wp-content\\\/uploads\\\/2019\\\/09\\\/misses-jones-malika-mihoubi-andre-frere-editions.jpg\",\"width\":420,\"height\":572},{\"@type\":\"BreadcrumbList\",\"@id\":\"https:\\\/\\\/www.andrefrereditions.com\\\/en\\\/books\\\/photography\\\/misses-jones\\\/#breadcrumb\",\"itemListElement\":[{\"@type\":\"ListItem\",\"position\":1,\"name\":\"Home\",\"item\":\"https:\\\/\\\/www.andrefrereditions.com\\\/en\\\/\"},{\"@type\":\"ListItem\",\"position\":2,\"name\":\"Books\",\"item\":\"https:\\\/\\\/www.andrefrereditions.com\\\/en\\\/books\\\/\"},{\"@type\":\"ListItem\",\"position\":3,\"name\":\"Misses Jones\"}]},{\"@type\":\"WebSite\",\"@id\":\"https:\\\/\\\/www.andrefrereditions.com\\\/en\\\/#website\",\"url\":\"https:\\\/\\\/www.andrefrereditions.com\\\/en\\\/\",\"name\":\"Andr\u00e9 Fr\u00e8re \u00c9ditions\",\"description\":\"\u00c9dition ind\u00e9pendante de photographie et d\u2019art\",\"publisher\":{\"@id\":\"https:\\\/\\\/www.andrefrereditions.com\\\/en\\\/#organization\"},\"potentialAction\":[{\"@type\":\"SearchAction\",\"target\":{\"@type\":\"EntryPoint\",\"urlTemplate\":\"https:\\\/\\\/www.andrefrereditions.com\\\/en\\\/?s={search_term_string}\"},\"query-input\":{\"@type\":\"PropertyValueSpecification\",\"valueRequired\":true,\"valueName\":\"search_term_string\"}}],\"inLanguage\":\"en-US\"},{\"@type\":\"Organization\",\"@id\":\"https:\\\/\\\/www.andrefrereditions.com\\\/en\\\/#organization\",\"name\":\"Andr\u00e9 Fr\u00e8re \u00c9ditions\",\"url\":\"https:\\\/\\\/www.andrefrereditions.com\\\/en\\\/\",\"logo\":{\"@type\":\"ImageObject\",\"inLanguage\":\"en-US\",\"@id\":\"https:\\\/\\\/www.andrefrereditions.com\\\/en\\\/#\\\/schema\\\/logo\\\/image\\\/\",\"url\":\"https:\\\/\\\/www.andrefrereditions.com\\\/wp-content\\\/uploads\\\/2014\\\/12\\\/andre-frere-editions-logo.png\",\"contentUrl\":\"https:\\\/\\\/www.andrefrereditions.com\\\/wp-content\\\/uploads\\\/2014\\\/12\\\/andre-frere-editions-logo.png\",\"width\":80,\"height\":79,\"caption\":\"Andr\u00e9 Fr\u00e8re \u00c9ditions\"},\"image\":{\"@id\":\"https:\\\/\\\/www.andrefrereditions.com\\\/en\\\/#\\\/schema\\\/logo\\\/image\\\/\"}}]}<\/script>\n<!-- \/ Yoast SEO plugin. -->","yoast_head_json":{"title":"Misses Jones | Andr\u00e9 Fr\u00e8re \u00c9ditions","description":"Misses Jones par Malika Mihoubi &amp; Lo\u00efc Xavier dans la cat\u00e9gorie Photography. Publi\u00e9 par Andr\u00e9 Fr\u00e8re \u00c9ditions.","robots":{"index":"index","follow":"follow","max-snippet":"max-snippet:-1","max-image-preview":"max-image-preview:large","max-video-preview":"max-video-preview:-1"},"canonical":"https:\/\/www.andrefrereditions.com\/en\/books\/photography\/misses-jones\/","og_locale":"en_US","og_type":"article","og_title":"Misses Jones | Andr\u00e9 Fr\u00e8re \u00c9ditions","og_description":"Misses Jones par Malika Mihoubi &amp; Lo\u00efc Xavier dans la cat\u00e9gorie Photography. Publi\u00e9 par Andr\u00e9 Fr\u00e8re \u00c9ditions.","og_url":"https:\/\/www.andrefrereditions.com\/en\/books\/photography\/misses-jones\/","og_site_name":"Andr\u00e9 Fr\u00e8re \u00c9ditions","article_modified_time":"2025-06-26T09:19:01+00:00","og_image":[{"width":420,"height":572,"url":"https:\/\/www.andrefrereditions.com\/wp-content\/uploads\/2019\/09\/misses-jones-malika-mihoubi-andre-frere-editions.jpg","type":"image\/jpeg"}],"twitter_misc":{"Est. reading time":"1 minute"},"schema":{"@context":"https:\/\/schema.org","@graph":[{"@type":"WebPage","@id":"https:\/\/www.andrefrereditions.com\/en\/books\/photography\/misses-jones\/","url":"https:\/\/www.andrefrereditions.com\/en\/books\/photography\/misses-jones\/","name":"Misses Jones | Andr\u00e9 Fr\u00e8re \u00c9ditions","isPartOf":{"@id":"https:\/\/www.andrefrereditions.com\/en\/#website"},"primaryImageOfPage":{"@id":"https:\/\/www.andrefrereditions.com\/en\/books\/photography\/misses-jones\/#primaryimage"},"image":{"@id":"https:\/\/www.andrefrereditions.com\/en\/books\/photography\/misses-jones\/#primaryimage"},"thumbnailUrl":"https:\/\/www.andrefrereditions.com\/wp-content\/uploads\/2019\/09\/misses-jones-malika-mihoubi-andre-frere-editions.jpg","datePublished":"2019-09-17T21:41:07+00:00","dateModified":"2025-06-26T09:19:01+00:00","description":"Misses Jones par Malika Mihoubi &amp; Lo\u00efc Xavier dans la cat\u00e9gorie Photography. Publi\u00e9 par Andr\u00e9 Fr\u00e8re \u00c9ditions.","breadcrumb":{"@id":"https:\/\/www.andrefrereditions.com\/en\/books\/photography\/misses-jones\/#breadcrumb"},"inLanguage":"en-US","potentialAction":[{"@type":"ReadAction","target":["https:\/\/www.andrefrereditions.com\/en\/books\/photography\/misses-jones\/"]}]},{"@type":"ImageObject","inLanguage":"en-US","@id":"https:\/\/www.andrefrereditions.com\/en\/books\/photography\/misses-jones\/#primaryimage","url":"https:\/\/www.andrefrereditions.com\/wp-content\/uploads\/2019\/09\/misses-jones-malika-mihoubi-andre-frere-editions.jpg","contentUrl":"https:\/\/www.andrefrereditions.com\/wp-content\/uploads\/2019\/09\/misses-jones-malika-mihoubi-andre-frere-editions.jpg","width":420,"height":572},{"@type":"BreadcrumbList","@id":"https:\/\/www.andrefrereditions.com\/en\/books\/photography\/misses-jones\/#breadcrumb","itemListElement":[{"@type":"ListItem","position":1,"name":"Home","item":"https:\/\/www.andrefrereditions.com\/en\/"},{"@type":"ListItem","position":2,"name":"Books","item":"https:\/\/www.andrefrereditions.com\/en\/books\/"},{"@type":"ListItem","position":3,"name":"Misses Jones"}]},{"@type":"WebSite","@id":"https:\/\/www.andrefrereditions.com\/en\/#website","url":"https:\/\/www.andrefrereditions.com\/en\/","name":"Andr\u00e9 Fr\u00e8re \u00c9ditions","description":"\u00c9dition ind\u00e9pendante de photographie et d\u2019art","publisher":{"@id":"https:\/\/www.andrefrereditions.com\/en\/#organization"},"potentialAction":[{"@type":"SearchAction","target":{"@type":"EntryPoint","urlTemplate":"https:\/\/www.andrefrereditions.com\/en\/?s={search_term_string}"},"query-input":{"@type":"PropertyValueSpecification","valueRequired":true,"valueName":"search_term_string"}}],"inLanguage":"en-US"},{"@type":"Organization","@id":"https:\/\/www.andrefrereditions.com\/en\/#organization","name":"Andr\u00e9 Fr\u00e8re \u00c9ditions","url":"https:\/\/www.andrefrereditions.com\/en\/","logo":{"@type":"ImageObject","inLanguage":"en-US","@id":"https:\/\/www.andrefrereditions.com\/en\/#\/schema\/logo\/image\/","url":"https:\/\/www.andrefrereditions.com\/wp-content\/uploads\/2014\/12\/andre-frere-editions-logo.png","contentUrl":"https:\/\/www.andrefrereditions.com\/wp-content\/uploads\/2014\/12\/andre-frere-editions-logo.png","width":80,"height":79,"caption":"Andr\u00e9 Fr\u00e8re \u00c9ditions"},"image":{"@id":"https:\/\/www.andrefrereditions.com\/en\/#\/schema\/logo\/image\/"}}]}},"_links":{"self":[{"href":"https:\/\/www.andrefrereditions.com\/en\/wp-json\/wp\/v2\/product\/8708","targetHints":{"allow":["GET"]}}],"collection":[{"href":"https:\/\/www.andrefrereditions.com\/en\/wp-json\/wp\/v2\/product"}],"about":[{"href":"https:\/\/www.andrefrereditions.com\/en\/wp-json\/wp\/v2\/types\/product"}],"wp:featuredmedia":[{"embeddable":true,"href":"https:\/\/www.andrefrereditions.com\/en\/wp-json\/wp\/v2\/media\/8695"}],"wp:attachment":[{"href":"https:\/\/www.andrefrereditions.com\/en\/wp-json\/wp\/v2\/media?parent=8708"}],"wp:term":[{"taxonomy":"product_brand","embeddable":true,"href":"https:\/\/www.andrefrereditions.com\/en\/wp-json\/wp\/v2\/product_brand?post=8708"},{"taxonomy":"product_cat","embeddable":true,"href":"https:\/\/www.andrefrereditions.com\/en\/wp-json\/wp\/v2\/product_cat?post=8708"},{"taxonomy":"product_tag","embeddable":true,"href":"https:\/\/www.andrefrereditions.com\/en\/wp-json\/wp\/v2\/product_tag?post=8708"}],"curies":[{"name":"wp","href":"https:\/\/api.w.org\/{rel}","templated":true}]}}