{"id":8734,"date":"2019-09-17T21:39:08","date_gmt":"2019-09-17T18:39:08","guid":{"rendered":"https:\/\/www.andrefrereditions.com\/en\/?post_type=product&#038;p=8734"},"modified":"2025-06-26T11:18:50","modified_gmt":"2025-06-26T09:18:50","slug":"andre-kertesz-marcher-dans-limage","status":"publish","type":"product","link":"https:\/\/www.andrefrereditions.com\/en\/books\/out-of-print\/andre-kertesz-marcher-dans-limage\/","title":{"rendered":"Andr\u00e9 Kert\u00e9sz, marcher dans l\u2019image"},"content":{"rendered":"<ul class=\"infos-livre\">\n<li>Photographs: Andr\u00e9 Kert\u00e9sz<\/li>\n<li>Conceptiion: C\u00e9dric de Veigy<\/li>\n<li>Text: C\u00e9dric de Veigy &amp; Matthieu Rivallin<\/li>\n<li>Graphic design: Olivier Fonvieille &amp; Anne Ponscarme &#8211; OFF<\/li>\n<li>240 pages<\/li>\n<li>Format 20.5\u00a0x\u00a027\u00a0cm<\/li>\n<li>Hardcover<\/li>\n<li>300 duotone pictures<\/li>\n<li>French<\/li>\n<li>ISBN: 979-10-92265-85-9<\/li>\n<li>\u20ac 39<\/li>\n<li>To be released on the 14 November 2019<\/li>\n<\/ul>\n<p><img loading=\"lazy\" decoding=\"async\" class=\"alignnone size-full wp-image-8719\" src=\"https:\/\/www.andrefrereditions.com\/wp-content\/uploads\/2019\/09\/andre-kertesz-cedric-de-veigy-andre-frere-editions-5.jpg\" alt=\"andre-kertesz-cedric-de-veigy-andre-frere-editions-5\" width=\"430\" height=\"290\" srcset=\"https:\/\/www.andrefrereditions.com\/wp-content\/uploads\/2019\/09\/andre-kertesz-cedric-de-veigy-andre-frere-editions-5.jpg 430w, https:\/\/www.andrefrereditions.com\/wp-content\/uploads\/2019\/09\/andre-kertesz-cedric-de-veigy-andre-frere-editions-5-420x283.jpg 420w, https:\/\/www.andrefrereditions.com\/wp-content\/uploads\/2019\/09\/andre-kertesz-cedric-de-veigy-andre-frere-editions-5-300x202.jpg 300w\" sizes=\"auto, (max-width: 430px) 100vw, 430px\" \/><\/p>\n<p><img loading=\"lazy\" decoding=\"async\" class=\"alignnone size-full wp-image-8760\" src=\"https:\/\/www.andrefrereditions.com\/wp-content\/uploads\/2019\/09\/kertesz-andre-frere-editions-untitled-2.jpg\" alt=\"kertesz-andre-frere-editions-untitled-2\" width=\"430\" height=\"285\" srcset=\"https:\/\/www.andrefrereditions.com\/wp-content\/uploads\/2019\/09\/kertesz-andre-frere-editions-untitled-2.jpg 430w, https:\/\/www.andrefrereditions.com\/wp-content\/uploads\/2019\/09\/kertesz-andre-frere-editions-untitled-2-420x278.jpg 420w, https:\/\/www.andrefrereditions.com\/wp-content\/uploads\/2019\/09\/kertesz-andre-frere-editions-untitled-2-300x199.jpg 300w\" sizes=\"auto, (max-width: 430px) 100vw, 430px\" \/><\/p>\n<p>The visions of Andr\u00e9 Kert\u00e9sz (1894-1985) are considered among those to have opened up new paths in photography in the 20th century. Using the Leica, which he was one of the first to tame, Kert\u00e9sz opened up new photographic issues and positions, leaving behind images that inspired the next generations of photographers.<\/p>\n<p><img loading=\"lazy\" decoding=\"async\" class=\"alignnone size-full wp-image-8711\" src=\"https:\/\/www.andrefrereditions.com\/wp-content\/uploads\/2019\/09\/andre-kertesz-cedric-de-veigy-andre-frere-editions-1.jpg\" alt=\"andre-kertesz-cedric-de-veigy-andre-frere-editions-1\" width=\"430\" height=\"290\" srcset=\"https:\/\/www.andrefrereditions.com\/wp-content\/uploads\/2019\/09\/andre-kertesz-cedric-de-veigy-andre-frere-editions-1.jpg 430w, https:\/\/www.andrefrereditions.com\/wp-content\/uploads\/2019\/09\/andre-kertesz-cedric-de-veigy-andre-frere-editions-1-420x283.jpg 420w, https:\/\/www.andrefrereditions.com\/wp-content\/uploads\/2019\/09\/andre-kertesz-cedric-de-veigy-andre-frere-editions-1-300x202.jpg 300w\" sizes=\"auto, (max-width: 430px) 100vw, 430px\" \/><\/p>\n<p><img loading=\"lazy\" decoding=\"async\" class=\"alignnone size-full wp-image-8762\" src=\"https:\/\/www.andrefrereditions.com\/wp-content\/uploads\/2019\/09\/kertesz-andre-frere-editions-untitled-3.jpg\" alt=\"kertesz-andre-frere-editions-untitled-3\" width=\"430\" height=\"285\" srcset=\"https:\/\/www.andrefrereditions.com\/wp-content\/uploads\/2019\/09\/kertesz-andre-frere-editions-untitled-3.jpg 430w, https:\/\/www.andrefrereditions.com\/wp-content\/uploads\/2019\/09\/kertesz-andre-frere-editions-untitled-3-420x278.jpg 420w, https:\/\/www.andrefrereditions.com\/wp-content\/uploads\/2019\/09\/kertesz-andre-frere-editions-untitled-3-300x199.jpg 300w\" sizes=\"auto, (max-width: 430px) 100vw, 430px\" \/><\/p>\n<p>Throughout this book, we discover the historical information contained in the margins of his films and re-establish the lost chronology of his Paris works.<\/p>\n<p><img loading=\"lazy\" decoding=\"async\" class=\"alignnone size-full wp-image-8715\" src=\"https:\/\/www.andrefrereditions.com\/wp-content\/uploads\/2019\/09\/andre-kertesz-cedric-de-veigy-andre-frere-editions-3.jpg\" alt=\"andre-kertesz-cedric-de-veigy-andre-frere-editions-3\" width=\"430\" height=\"638\" srcset=\"https:\/\/www.andrefrereditions.com\/wp-content\/uploads\/2019\/09\/andre-kertesz-cedric-de-veigy-andre-frere-editions-3.jpg 430w, https:\/\/www.andrefrereditions.com\/wp-content\/uploads\/2019\/09\/andre-kertesz-cedric-de-veigy-andre-frere-editions-3-420x623.jpg 420w, https:\/\/www.andrefrereditions.com\/wp-content\/uploads\/2019\/09\/andre-kertesz-cedric-de-veigy-andre-frere-editions-3-202x300.jpg 202w\" sizes=\"auto, (max-width: 430px) 100vw, 430px\" \/><\/p>\n<p><img loading=\"lazy\" decoding=\"async\" class=\"alignnone size-full wp-image-8764\" src=\"https:\/\/www.andrefrereditions.com\/wp-content\/uploads\/2019\/09\/kertesz-andre-frere-editions-untitled-5.jpg\" alt=\"kertesz-andre-frere-editions-untitled-5\" width=\"430\" height=\"285\" srcset=\"https:\/\/www.andrefrereditions.com\/wp-content\/uploads\/2019\/09\/kertesz-andre-frere-editions-untitled-5.jpg 430w, https:\/\/www.andrefrereditions.com\/wp-content\/uploads\/2019\/09\/kertesz-andre-frere-editions-untitled-5-420x278.jpg 420w, https:\/\/www.andrefrereditions.com\/wp-content\/uploads\/2019\/09\/kertesz-andre-frere-editions-untitled-5-300x199.jpg 300w\" sizes=\"auto, (max-width: 430px) 100vw, 430px\" \/><\/p>\n<p><img loading=\"lazy\" decoding=\"async\" class=\"alignnone size-full wp-image-8729\" src=\"https:\/\/www.andrefrereditions.com\/wp-content\/uploads\/2019\/09\/andre-kertesz-cedric-de-veigy-andre-frere-editions-10.jpg\" alt=\"andre-kertesz-cedric-de-veigy-andre-frere-editions-10\" width=\"430\" height=\"290\" srcset=\"https:\/\/www.andrefrereditions.com\/wp-content\/uploads\/2019\/09\/andre-kertesz-cedric-de-veigy-andre-frere-editions-10.jpg 430w, https:\/\/www.andrefrereditions.com\/wp-content\/uploads\/2019\/09\/andre-kertesz-cedric-de-veigy-andre-frere-editions-10-420x283.jpg 420w, https:\/\/www.andrefrereditions.com\/wp-content\/uploads\/2019\/09\/andre-kertesz-cedric-de-veigy-andre-frere-editions-10-300x202.jpg 300w\" sizes=\"auto, (max-width: 430px) 100vw, 430px\" \/><\/p>\n<p><img loading=\"lazy\" decoding=\"async\" class=\"alignnone size-full wp-image-8766\" src=\"https:\/\/www.andrefrereditions.com\/wp-content\/uploads\/2019\/09\/kertesz-andre-frere-editions-untitled-8.jpg\" alt=\"kertesz-andre-frere-editions-untitled-8\" width=\"430\" height=\"285\" srcset=\"https:\/\/www.andrefrereditions.com\/wp-content\/uploads\/2019\/09\/kertesz-andre-frere-editions-untitled-8.jpg 430w, https:\/\/www.andrefrereditions.com\/wp-content\/uploads\/2019\/09\/kertesz-andre-frere-editions-untitled-8-420x278.jpg 420w, https:\/\/www.andrefrereditions.com\/wp-content\/uploads\/2019\/09\/kertesz-andre-frere-editions-untitled-8-300x199.jpg 300w\" sizes=\"auto, (max-width: 430px) 100vw, 430px\" \/><\/p>\n<p><img loading=\"lazy\" decoding=\"async\" class=\"alignnone size-full wp-image-8713\" src=\"https:\/\/www.andrefrereditions.com\/wp-content\/uploads\/2019\/09\/andre-kertesz-cedric-de-veigy-andre-frere-editions-2.jpg\" alt=\"andre-kertesz-cedric-de-veigy-andre-frere-editions-2\" width=\"430\" height=\"289\" srcset=\"https:\/\/www.andrefrereditions.com\/wp-content\/uploads\/2019\/09\/andre-kertesz-cedric-de-veigy-andre-frere-editions-2.jpg 430w, https:\/\/www.andrefrereditions.com\/wp-content\/uploads\/2019\/09\/andre-kertesz-cedric-de-veigy-andre-frere-editions-2-420x282.jpg 420w, https:\/\/www.andrefrereditions.com\/wp-content\/uploads\/2019\/09\/andre-kertesz-cedric-de-veigy-andre-frere-editions-2-300x202.jpg 300w\" sizes=\"auto, (max-width: 430px) 100vw, 430px\" \/><\/p>\n<p><img loading=\"lazy\" decoding=\"async\" class=\"alignnone size-full wp-image-8768\" src=\"https:\/\/www.andrefrereditions.com\/wp-content\/uploads\/2019\/09\/kertesz-andre-frere-editions-untitled-9.jpg\" alt=\"kertesz-andre-frere-editions-untitled-9\" width=\"430\" height=\"285\" srcset=\"https:\/\/www.andrefrereditions.com\/wp-content\/uploads\/2019\/09\/kertesz-andre-frere-editions-untitled-9.jpg 430w, https:\/\/www.andrefrereditions.com\/wp-content\/uploads\/2019\/09\/kertesz-andre-frere-editions-untitled-9-420x278.jpg 420w, https:\/\/www.andrefrereditions.com\/wp-content\/uploads\/2019\/09\/kertesz-andre-frere-editions-untitled-9-300x199.jpg 300w\" sizes=\"auto, (max-width: 430px) 100vw, 430px\" \/><\/p>\n<p><img loading=\"lazy\" decoding=\"async\" class=\"alignnone size-full wp-image-8710\" src=\"https:\/\/www.andrefrereditions.com\/wp-content\/uploads\/2019\/09\/andre-kertesz-cedric-de-veigy-andre-frere-editions-11.jpg\" alt=\"andre-kertesz-cedric-de-veigy-andre-frere-editions-1\" width=\"430\" height=\"290\" \/><\/p>\n<p><img loading=\"lazy\" decoding=\"async\" class=\"alignnone size-full wp-image-8770\" src=\"https:\/\/www.andrefrereditions.com\/wp-content\/uploads\/2019\/09\/kertesz-andre-frere-editions-untitled-10.jpg\" alt=\"kertesz-andre-frere-editions-untitled-10\" width=\"430\" height=\"285\" srcset=\"https:\/\/www.andrefrereditions.com\/wp-content\/uploads\/2019\/09\/kertesz-andre-frere-editions-untitled-10.jpg 430w, https:\/\/www.andrefrereditions.com\/wp-content\/uploads\/2019\/09\/kertesz-andre-frere-editions-untitled-10-420x278.jpg 420w, https:\/\/www.andrefrereditions.com\/wp-content\/uploads\/2019\/09\/kertesz-andre-frere-editions-untitled-10-300x199.jpg 300w\" sizes=\"auto, (max-width: 430px) 100vw, 430px\" \/><\/p>\n<p><img loading=\"lazy\" decoding=\"async\" class=\"alignnone size-full wp-image-8772\" src=\"https:\/\/www.andrefrereditions.com\/wp-content\/uploads\/2019\/09\/kertesz-andre-frere-editions-untitled-13.jpg\" alt=\"kertesz-andre-frere-editions-untitled-13\" width=\"430\" height=\"285\" srcset=\"https:\/\/www.andrefrereditions.com\/wp-content\/uploads\/2019\/09\/kertesz-andre-frere-editions-untitled-13.jpg 430w, https:\/\/www.andrefrereditions.com\/wp-content\/uploads\/2019\/09\/kertesz-andre-frere-editions-untitled-13-420x278.jpg 420w, https:\/\/www.andrefrereditions.com\/wp-content\/uploads\/2019\/09\/kertesz-andre-frere-editions-untitled-13-300x199.jpg 300w\" sizes=\"auto, (max-width: 430px) 100vw, 430px\" \/><\/p>\n<p><img loading=\"lazy\" decoding=\"async\" class=\"alignnone size-full wp-image-8774\" src=\"https:\/\/www.andrefrereditions.com\/wp-content\/uploads\/2019\/09\/kertesz-andre-frere-editions-untitled-17.jpg\" alt=\"kertesz-andre-frere-editions-untitled-17\" width=\"430\" height=\"285\" srcset=\"https:\/\/www.andrefrereditions.com\/wp-content\/uploads\/2019\/09\/kertesz-andre-frere-editions-untitled-17.jpg 430w, https:\/\/www.andrefrereditions.com\/wp-content\/uploads\/2019\/09\/kertesz-andre-frere-editions-untitled-17-420x278.jpg 420w, https:\/\/www.andrefrereditions.com\/wp-content\/uploads\/2019\/09\/kertesz-andre-frere-editions-untitled-17-300x199.jpg 300w\" sizes=\"auto, (max-width: 430px) 100vw, 430px\" \/><\/p>\n<p>The exhibition \u201cAndr\u00e9 Kert\u00e9sz, marcher dans l&#8217;image\u201d will be presented for the first time at the<a href=\"https:\/\/www.ville-gentilly.fr\/au-quotidien\/culture\/la-maison-doisneau\" target=\"_blank\"> Maison de la Photographie de Gentilly<\/a> from 22 November 2019 to 9 February 2020.<br \/>\nIt is co-produced by the <a href=\"https:\/\/mediatheque-patrimoine.culture.gouv.fr\/\" target=\"_blank\">M\u00e9diath\u00e8que de l&#8217;architecture et du patrimoine<\/a> and the Maison de la Photographie Robert Doisneau, equipment of EPT Grand-Orly Seine Bi\u00e8vre,<br \/>\nwith the collaboration of <a href=\"http:\/\/www.stimultania.org\/strasbourg\/\" target=\"_blank\">Stimultania &#8211; Strasbourg<\/a>, <a href=\"https:\/\/galerie-imagerie.fr\/\" target=\"_blank\">L&#8217;Imagerie &#8211; Lannion<\/a>, <a href=\"https:\/\/clermont-ferrand.fr\/hotel-fontfreyde-centre-photographique\" target=\"_blank\">H\u00f4tel Fontfreyde &#8211; Clermont-Ferrand<\/a> and the <a href=\"http:\/\/www.museephoto.be\/\" target=\"_blank\">Mus\u00e9e de la Photographie &#8211; Charleroi<\/a>.<\/p>\n<p>All the Andr\u00e9 Kert\u00e9sz negatives reproduced in this book are kept by the M\u00e9diath\u00e8que de l&#8217;architecture et du patrimoine, Charenton-le-Pont.<br \/>\nDonation Andr\u00e9 Kert\u00e9sz, Ministry of Culture (France), M\u00e9diath\u00e8que de l&#8217;architecture et du patrimoine, diffusion RMN-GP for the photographs.<\/p>\n","protected":false},"excerpt":{"rendered":"<p>Photographs: Andr\u00e9 Kert\u00e9sz Conceptiion: C\u00e9dric de Veigy Text: C\u00e9dric de Veigy &amp; Matthieu Rivallin Graphic design: Olivier Fonvieille &amp; Anne Ponscarme &#8211; OFF 240 pages Format 20.5\u00a0x\u00a027\u00a0cm Hardcover 300 duotone pictures French ISBN: 979-10-92265-85-9 \u20ac 39 To be released on the 14 November 2019 The visions of Andr\u00e9 Kert\u00e9sz (1894-1985) are considered among those to [&hellip;]<\/p>\n","protected":false},"featured_media":9796,"template":"","meta":[],"product_brand":[],"product_cat":[36,37],"product_tag":[],"class_list":{"0":"post-8734","1":"product","2":"type-product","3":"status-publish","4":"has-post-thumbnail","6":"product_cat-out-of-print","7":"product_cat-photography","8":"product_shipping_class-c3-en","10":"first","11":"outofstock","12":"shipping-taxable","13":"purchasable","14":"product-type-simple"},"yoast_head":"<!-- This site is optimized with the Yoast SEO plugin v27.6 - https:\/\/yoast.com\/product\/yoast-seo-wordpress\/ -->\n<title>Andr\u00e9 Kert\u00e9sz, marcher dans l\u2019image | Andr\u00e9 Fr\u00e8re \u00c9ditions<\/title>\n<meta name=\"description\" content=\"Andr\u00e9 Kert\u00e9sz, marcher dans l\u2019image par C\u00e9dric de Veigy dans la cat\u00e9gorie Out of print, Photography. Publi\u00e9 par Andr\u00e9 Fr\u00e8re \u00c9ditions.\" \/>\n<meta name=\"robots\" content=\"index, follow, max-snippet:-1, max-image-preview:large, max-video-preview:-1\" \/>\n<link rel=\"canonical\" href=\"https:\/\/www.andrefrereditions.com\/en\/books\/out-of-print\/andre-kertesz-marcher-dans-limage\/\" \/>\n<meta property=\"og:locale\" content=\"en_US\" \/>\n<meta property=\"og:type\" content=\"article\" \/>\n<meta property=\"og:title\" content=\"Andr\u00e9 Kert\u00e9sz, marcher dans l\u2019image | Andr\u00e9 Fr\u00e8re \u00c9ditions\" \/>\n<meta property=\"og:description\" content=\"Andr\u00e9 Kert\u00e9sz, marcher dans l\u2019image par C\u00e9dric de Veigy dans la cat\u00e9gorie Out of print, Photography. Publi\u00e9 par Andr\u00e9 Fr\u00e8re \u00c9ditions.\" \/>\n<meta property=\"og:url\" content=\"https:\/\/www.andrefrereditions.com\/en\/books\/out-of-print\/andre-kertesz-marcher-dans-limage\/\" \/>\n<meta property=\"og:site_name\" content=\"Andr\u00e9 Fr\u00e8re \u00c9ditions\" \/>\n<meta property=\"article:modified_time\" content=\"2025-06-26T09:18:50+00:00\" \/>\n<meta property=\"og:image\" content=\"https:\/\/www.andrefrereditions.com\/wp-content\/uploads\/2013\/11\/andre-kertesz-cedric-de-veigy-andre-frere-editions-12.jpg\" \/>\n\t<meta property=\"og:image:width\" content=\"321\" \/>\n\t<meta property=\"og:image:height\" content=\"420\" \/>\n\t<meta property=\"og:image:type\" content=\"image\/jpeg\" \/>\n<meta name=\"twitter:label1\" content=\"Est. reading time\" \/>\n\t<meta name=\"twitter:data1\" content=\"1 minute\" \/>\n<script type=\"application\/ld+json\" class=\"yoast-schema-graph\">{\"@context\":\"https:\\\/\\\/schema.org\",\"@graph\":[{\"@type\":\"WebPage\",\"@id\":\"https:\\\/\\\/www.andrefrereditions.com\\\/en\\\/books\\\/out-of-print\\\/andre-kertesz-marcher-dans-limage\\\/\",\"url\":\"https:\\\/\\\/www.andrefrereditions.com\\\/en\\\/books\\\/out-of-print\\\/andre-kertesz-marcher-dans-limage\\\/\",\"name\":\"Andr\u00e9 Kert\u00e9sz, marcher dans l\u2019image | Andr\u00e9 Fr\u00e8re \u00c9ditions\",\"isPartOf\":{\"@id\":\"https:\\\/\\\/www.andrefrereditions.com\\\/en\\\/#website\"},\"primaryImageOfPage\":{\"@id\":\"https:\\\/\\\/www.andrefrereditions.com\\\/en\\\/books\\\/out-of-print\\\/andre-kertesz-marcher-dans-limage\\\/#primaryimage\"},\"image\":{\"@id\":\"https:\\\/\\\/www.andrefrereditions.com\\\/en\\\/books\\\/out-of-print\\\/andre-kertesz-marcher-dans-limage\\\/#primaryimage\"},\"thumbnailUrl\":\"https:\\\/\\\/www.andrefrereditions.com\\\/wp-content\\\/uploads\\\/2013\\\/11\\\/andre-kertesz-cedric-de-veigy-andre-frere-editions-12.jpg\",\"datePublished\":\"2019-09-17T18:39:08+00:00\",\"dateModified\":\"2025-06-26T09:18:50+00:00\",\"description\":\"Andr\u00e9 Kert\u00e9sz, marcher dans l\u2019image par C\u00e9dric de Veigy dans la cat\u00e9gorie Out of print, Photography. Publi\u00e9 par Andr\u00e9 Fr\u00e8re \u00c9ditions.\",\"breadcrumb\":{\"@id\":\"https:\\\/\\\/www.andrefrereditions.com\\\/en\\\/books\\\/out-of-print\\\/andre-kertesz-marcher-dans-limage\\\/#breadcrumb\"},\"inLanguage\":\"en-US\",\"potentialAction\":[{\"@type\":\"ReadAction\",\"target\":[\"https:\\\/\\\/www.andrefrereditions.com\\\/en\\\/books\\\/out-of-print\\\/andre-kertesz-marcher-dans-limage\\\/\"]}]},{\"@type\":\"ImageObject\",\"inLanguage\":\"en-US\",\"@id\":\"https:\\\/\\\/www.andrefrereditions.com\\\/en\\\/books\\\/out-of-print\\\/andre-kertesz-marcher-dans-limage\\\/#primaryimage\",\"url\":\"https:\\\/\\\/www.andrefrereditions.com\\\/wp-content\\\/uploads\\\/2013\\\/11\\\/andre-kertesz-cedric-de-veigy-andre-frere-editions-12.jpg\",\"contentUrl\":\"https:\\\/\\\/www.andrefrereditions.com\\\/wp-content\\\/uploads\\\/2013\\\/11\\\/andre-kertesz-cedric-de-veigy-andre-frere-editions-12.jpg\",\"width\":321,\"height\":420},{\"@type\":\"BreadcrumbList\",\"@id\":\"https:\\\/\\\/www.andrefrereditions.com\\\/en\\\/books\\\/out-of-print\\\/andre-kertesz-marcher-dans-limage\\\/#breadcrumb\",\"itemListElement\":[{\"@type\":\"ListItem\",\"position\":1,\"name\":\"Home\",\"item\":\"https:\\\/\\\/www.andrefrereditions.com\\\/en\\\/\"},{\"@type\":\"ListItem\",\"position\":2,\"name\":\"Books\",\"item\":\"https:\\\/\\\/www.andrefrereditions.com\\\/en\\\/books\\\/\"},{\"@type\":\"ListItem\",\"position\":3,\"name\":\"Andr\u00e9 Kert\u00e9sz, marcher dans l\u2019image\"}]},{\"@type\":\"WebSite\",\"@id\":\"https:\\\/\\\/www.andrefrereditions.com\\\/en\\\/#website\",\"url\":\"https:\\\/\\\/www.andrefrereditions.com\\\/en\\\/\",\"name\":\"Andr\u00e9 Fr\u00e8re \u00c9ditions\",\"description\":\"\u00c9dition ind\u00e9pendante de photographie et d\u2019art\",\"publisher\":{\"@id\":\"https:\\\/\\\/www.andrefrereditions.com\\\/en\\\/#organization\"},\"potentialAction\":[{\"@type\":\"SearchAction\",\"target\":{\"@type\":\"EntryPoint\",\"urlTemplate\":\"https:\\\/\\\/www.andrefrereditions.com\\\/en\\\/?s={search_term_string}\"},\"query-input\":{\"@type\":\"PropertyValueSpecification\",\"valueRequired\":true,\"valueName\":\"search_term_string\"}}],\"inLanguage\":\"en-US\"},{\"@type\":\"Organization\",\"@id\":\"https:\\\/\\\/www.andrefrereditions.com\\\/en\\\/#organization\",\"name\":\"Andr\u00e9 Fr\u00e8re \u00c9ditions\",\"url\":\"https:\\\/\\\/www.andrefrereditions.com\\\/en\\\/\",\"logo\":{\"@type\":\"ImageObject\",\"inLanguage\":\"en-US\",\"@id\":\"https:\\\/\\\/www.andrefrereditions.com\\\/en\\\/#\\\/schema\\\/logo\\\/image\\\/\",\"url\":\"https:\\\/\\\/www.andrefrereditions.com\\\/wp-content\\\/uploads\\\/2014\\\/12\\\/andre-frere-editions-logo.png\",\"contentUrl\":\"https:\\\/\\\/www.andrefrereditions.com\\\/wp-content\\\/uploads\\\/2014\\\/12\\\/andre-frere-editions-logo.png\",\"width\":80,\"height\":79,\"caption\":\"Andr\u00e9 Fr\u00e8re \u00c9ditions\"},\"image\":{\"@id\":\"https:\\\/\\\/www.andrefrereditions.com\\\/en\\\/#\\\/schema\\\/logo\\\/image\\\/\"}}]}<\/script>\n<!-- \/ Yoast SEO plugin. -->","yoast_head_json":{"title":"Andr\u00e9 Kert\u00e9sz, marcher dans l\u2019image | Andr\u00e9 Fr\u00e8re \u00c9ditions","description":"Andr\u00e9 Kert\u00e9sz, marcher dans l\u2019image par C\u00e9dric de Veigy dans la cat\u00e9gorie Out of print, Photography. Publi\u00e9 par Andr\u00e9 Fr\u00e8re \u00c9ditions.","robots":{"index":"index","follow":"follow","max-snippet":"max-snippet:-1","max-image-preview":"max-image-preview:large","max-video-preview":"max-video-preview:-1"},"canonical":"https:\/\/www.andrefrereditions.com\/en\/books\/out-of-print\/andre-kertesz-marcher-dans-limage\/","og_locale":"en_US","og_type":"article","og_title":"Andr\u00e9 Kert\u00e9sz, marcher dans l\u2019image | Andr\u00e9 Fr\u00e8re \u00c9ditions","og_description":"Andr\u00e9 Kert\u00e9sz, marcher dans l\u2019image par C\u00e9dric de Veigy dans la cat\u00e9gorie Out of print, Photography. Publi\u00e9 par Andr\u00e9 Fr\u00e8re \u00c9ditions.","og_url":"https:\/\/www.andrefrereditions.com\/en\/books\/out-of-print\/andre-kertesz-marcher-dans-limage\/","og_site_name":"Andr\u00e9 Fr\u00e8re \u00c9ditions","article_modified_time":"2025-06-26T09:18:50+00:00","og_image":[{"width":321,"height":420,"url":"https:\/\/www.andrefrereditions.com\/wp-content\/uploads\/2013\/11\/andre-kertesz-cedric-de-veigy-andre-frere-editions-12.jpg","type":"image\/jpeg"}],"twitter_misc":{"Est. reading time":"1 minute"},"schema":{"@context":"https:\/\/schema.org","@graph":[{"@type":"WebPage","@id":"https:\/\/www.andrefrereditions.com\/en\/books\/out-of-print\/andre-kertesz-marcher-dans-limage\/","url":"https:\/\/www.andrefrereditions.com\/en\/books\/out-of-print\/andre-kertesz-marcher-dans-limage\/","name":"Andr\u00e9 Kert\u00e9sz, marcher dans l\u2019image | Andr\u00e9 Fr\u00e8re \u00c9ditions","isPartOf":{"@id":"https:\/\/www.andrefrereditions.com\/en\/#website"},"primaryImageOfPage":{"@id":"https:\/\/www.andrefrereditions.com\/en\/books\/out-of-print\/andre-kertesz-marcher-dans-limage\/#primaryimage"},"image":{"@id":"https:\/\/www.andrefrereditions.com\/en\/books\/out-of-print\/andre-kertesz-marcher-dans-limage\/#primaryimage"},"thumbnailUrl":"https:\/\/www.andrefrereditions.com\/wp-content\/uploads\/2013\/11\/andre-kertesz-cedric-de-veigy-andre-frere-editions-12.jpg","datePublished":"2019-09-17T18:39:08+00:00","dateModified":"2025-06-26T09:18:50+00:00","description":"Andr\u00e9 Kert\u00e9sz, marcher dans l\u2019image par C\u00e9dric de Veigy dans la cat\u00e9gorie Out of print, Photography. Publi\u00e9 par Andr\u00e9 Fr\u00e8re \u00c9ditions.","breadcrumb":{"@id":"https:\/\/www.andrefrereditions.com\/en\/books\/out-of-print\/andre-kertesz-marcher-dans-limage\/#breadcrumb"},"inLanguage":"en-US","potentialAction":[{"@type":"ReadAction","target":["https:\/\/www.andrefrereditions.com\/en\/books\/out-of-print\/andre-kertesz-marcher-dans-limage\/"]}]},{"@type":"ImageObject","inLanguage":"en-US","@id":"https:\/\/www.andrefrereditions.com\/en\/books\/out-of-print\/andre-kertesz-marcher-dans-limage\/#primaryimage","url":"https:\/\/www.andrefrereditions.com\/wp-content\/uploads\/2013\/11\/andre-kertesz-cedric-de-veigy-andre-frere-editions-12.jpg","contentUrl":"https:\/\/www.andrefrereditions.com\/wp-content\/uploads\/2013\/11\/andre-kertesz-cedric-de-veigy-andre-frere-editions-12.jpg","width":321,"height":420},{"@type":"BreadcrumbList","@id":"https:\/\/www.andrefrereditions.com\/en\/books\/out-of-print\/andre-kertesz-marcher-dans-limage\/#breadcrumb","itemListElement":[{"@type":"ListItem","position":1,"name":"Home","item":"https:\/\/www.andrefrereditions.com\/en\/"},{"@type":"ListItem","position":2,"name":"Books","item":"https:\/\/www.andrefrereditions.com\/en\/books\/"},{"@type":"ListItem","position":3,"name":"Andr\u00e9 Kert\u00e9sz, marcher dans l\u2019image"}]},{"@type":"WebSite","@id":"https:\/\/www.andrefrereditions.com\/en\/#website","url":"https:\/\/www.andrefrereditions.com\/en\/","name":"Andr\u00e9 Fr\u00e8re \u00c9ditions","description":"\u00c9dition ind\u00e9pendante de photographie et d\u2019art","publisher":{"@id":"https:\/\/www.andrefrereditions.com\/en\/#organization"},"potentialAction":[{"@type":"SearchAction","target":{"@type":"EntryPoint","urlTemplate":"https:\/\/www.andrefrereditions.com\/en\/?s={search_term_string}"},"query-input":{"@type":"PropertyValueSpecification","valueRequired":true,"valueName":"search_term_string"}}],"inLanguage":"en-US"},{"@type":"Organization","@id":"https:\/\/www.andrefrereditions.com\/en\/#organization","name":"Andr\u00e9 Fr\u00e8re \u00c9ditions","url":"https:\/\/www.andrefrereditions.com\/en\/","logo":{"@type":"ImageObject","inLanguage":"en-US","@id":"https:\/\/www.andrefrereditions.com\/en\/#\/schema\/logo\/image\/","url":"https:\/\/www.andrefrereditions.com\/wp-content\/uploads\/2014\/12\/andre-frere-editions-logo.png","contentUrl":"https:\/\/www.andrefrereditions.com\/wp-content\/uploads\/2014\/12\/andre-frere-editions-logo.png","width":80,"height":79,"caption":"Andr\u00e9 Fr\u00e8re \u00c9ditions"},"image":{"@id":"https:\/\/www.andrefrereditions.com\/en\/#\/schema\/logo\/image\/"}}]}},"_links":{"self":[{"href":"https:\/\/www.andrefrereditions.com\/en\/wp-json\/wp\/v2\/product\/8734","targetHints":{"allow":["GET"]}}],"collection":[{"href":"https:\/\/www.andrefrereditions.com\/en\/wp-json\/wp\/v2\/product"}],"about":[{"href":"https:\/\/www.andrefrereditions.com\/en\/wp-json\/wp\/v2\/types\/product"}],"wp:featuredmedia":[{"embeddable":true,"href":"https:\/\/www.andrefrereditions.com\/en\/wp-json\/wp\/v2\/media\/9796"}],"wp:attachment":[{"href":"https:\/\/www.andrefrereditions.com\/en\/wp-json\/wp\/v2\/media?parent=8734"}],"wp:term":[{"taxonomy":"product_brand","embeddable":true,"href":"https:\/\/www.andrefrereditions.com\/en\/wp-json\/wp\/v2\/product_brand?post=8734"},{"taxonomy":"product_cat","embeddable":true,"href":"https:\/\/www.andrefrereditions.com\/en\/wp-json\/wp\/v2\/product_cat?post=8734"},{"taxonomy":"product_tag","embeddable":true,"href":"https:\/\/www.andrefrereditions.com\/en\/wp-json\/wp\/v2\/product_tag?post=8734"}],"curies":[{"name":"wp","href":"https:\/\/api.w.org\/{rel}","templated":true}]}}