{"id":9040,"date":"2020-01-10T11:25:27","date_gmt":"2020-01-28T22:03:31","guid":{"rendered":"https:\/\/www.andrefrereditions.com\/en\/?post_type=product&#038;p=9040"},"modified":"2025-06-26T11:19:07","modified_gmt":"2025-06-26T09:19:07","slug":"sacha","status":"publish","type":"product","link":"https:\/\/www.andrefrereditions.com\/en\/books\/out-of-print\/sacha\/","title":{"rendered":"Sacha"},"content":{"rendered":"<ul class=\"infos-livre\">\n<li>Photographs\u00a0: Alexis Pazoumian<\/li>\n<li>Text : Alexis Pazoumian<\/li>\n<li>24 x 30 cm<\/li>\n<li>112 pages<\/li>\n<li>Hardcover<\/li>\n<li>40 colour pictures + 18 silver &amp; black<\/li>\n<li>French \/ english<\/li>\n<li>ISBN\u00a0: 979-10-92265-91-0<\/li>\n<li>\u20ac 37<\/li>\n<li>Released end of february 2020<\/li>\n<\/ul>\n<p><img loading=\"lazy\" decoding=\"async\" class=\"alignnone size-full wp-image-9013\" src=\"https:\/\/www.andrefrereditions.com\/wp-content\/uploads\/2020\/01\/sacha-alexis-pazoumian-andre-frere-editions-1.jpg\" alt=\"sacha-alexis-pazoumian-andre-frere-editions-1\" width=\"430\" height=\"348\" srcset=\"https:\/\/www.andrefrereditions.com\/wp-content\/uploads\/2020\/01\/sacha-alexis-pazoumian-andre-frere-editions-1.jpg 430w, https:\/\/www.andrefrereditions.com\/wp-content\/uploads\/2020\/01\/sacha-alexis-pazoumian-andre-frere-editions-1-420x340.jpg 420w, https:\/\/www.andrefrereditions.com\/wp-content\/uploads\/2020\/01\/sacha-alexis-pazoumian-andre-frere-editions-1-300x243.jpg 300w\" sizes=\"auto, (max-width: 430px) 100vw, 430px\" \/><\/p>\n<p><img loading=\"lazy\" decoding=\"async\" class=\"alignnone size-full wp-image-9015\" src=\"https:\/\/www.andrefrereditions.com\/wp-content\/uploads\/2020\/01\/sacha-alexis-pazoumian-andre-frere-editions-2.jpg\" alt=\"sacha-alexis-pazoumian-andre-frere-editions-2\" width=\"430\" height=\"349\" srcset=\"https:\/\/www.andrefrereditions.com\/wp-content\/uploads\/2020\/01\/sacha-alexis-pazoumian-andre-frere-editions-2.jpg 430w, https:\/\/www.andrefrereditions.com\/wp-content\/uploads\/2020\/01\/sacha-alexis-pazoumian-andre-frere-editions-2-420x341.jpg 420w, https:\/\/www.andrefrereditions.com\/wp-content\/uploads\/2020\/01\/sacha-alexis-pazoumian-andre-frere-editions-2-300x243.jpg 300w\" sizes=\"auto, (max-width: 430px) 100vw, 430px\" \/><\/p>\n<h2>Why the yakutia?<\/h2>\n<p>This work is the result of a project carried out between <strong>2017\u001f-2019<\/strong> in Yakutia, a region located in eastern Siberia. The book traces my journey from Yakutsk, the coldest city in the world, through the gulag road to Sacha, <strong>a reindeer herder in search of freedom and independence living alone in the middle of the Tundra.<\/strong><\/p>\n<p><img loading=\"lazy\" decoding=\"async\" class=\"alignnone size-full wp-image-9017\" src=\"https:\/\/www.andrefrereditions.com\/wp-content\/uploads\/2020\/01\/sacha-alexis-pazoumian-andre-frere-editions-3.jpg\" alt=\"sacha-alexis-pazoumian-andre-frere-editions-3\" width=\"430\" height=\"349\" srcset=\"https:\/\/www.andrefrereditions.com\/wp-content\/uploads\/2020\/01\/sacha-alexis-pazoumian-andre-frere-editions-3.jpg 430w, https:\/\/www.andrefrereditions.com\/wp-content\/uploads\/2020\/01\/sacha-alexis-pazoumian-andre-frere-editions-3-420x341.jpg 420w, https:\/\/www.andrefrereditions.com\/wp-content\/uploads\/2020\/01\/sacha-alexis-pazoumian-andre-frere-editions-3-300x243.jpg 300w\" sizes=\"auto, (max-width: 430px) 100vw, 430px\" \/><\/p>\n<p><img loading=\"lazy\" decoding=\"async\" class=\"alignnone size-full wp-image-9019\" src=\"https:\/\/www.andrefrereditions.com\/wp-content\/uploads\/2020\/01\/sacha-alexis-pazoumian-andre-frere-editions-4.jpg\" alt=\"sacha-alexis-pazoumian-andre-frere-editions-4\" width=\"430\" height=\"349\" srcset=\"https:\/\/www.andrefrereditions.com\/wp-content\/uploads\/2020\/01\/sacha-alexis-pazoumian-andre-frere-editions-4.jpg 430w, https:\/\/www.andrefrereditions.com\/wp-content\/uploads\/2020\/01\/sacha-alexis-pazoumian-andre-frere-editions-4-420x341.jpg 420w, https:\/\/www.andrefrereditions.com\/wp-content\/uploads\/2020\/01\/sacha-alexis-pazoumian-andre-frere-editions-4-300x243.jpg 300w\" sizes=\"auto, (max-width: 430px) 100vw, 430px\" \/><\/p>\n<p>After the terrible earthquake that devastated Armenia in 1988, a branch far from my family <strong>emigrated to Siberia to escape poverty.<\/strong> They have settled in Yakutsk, as have many minorities such as Kyrgyz and Uzbeks. <strong>Yakutia, in fact, is a very rich region full of gold mines, gas and oil diamonds.<\/strong> The Yakuts say that &#8220;when God flew over Yakutia on a winter&#8217;s day, his hands froze and he let all his treasures escape&#8221;.<\/p>\n<p><img loading=\"lazy\" decoding=\"async\" class=\"alignnone size-full wp-image-9021\" src=\"https:\/\/www.andrefrereditions.com\/wp-content\/uploads\/2020\/01\/sacha-alexis-pazoumian-andre-frere-editions-5.jpg\" alt=\"sacha-alexis-pazoumian-andre-frere-editions-5\" width=\"430\" height=\"348\" srcset=\"https:\/\/www.andrefrereditions.com\/wp-content\/uploads\/2020\/01\/sacha-alexis-pazoumian-andre-frere-editions-5.jpg 430w, https:\/\/www.andrefrereditions.com\/wp-content\/uploads\/2020\/01\/sacha-alexis-pazoumian-andre-frere-editions-5-420x340.jpg 420w, https:\/\/www.andrefrereditions.com\/wp-content\/uploads\/2020\/01\/sacha-alexis-pazoumian-andre-frere-editions-5-300x243.jpg 300w\" sizes=\"auto, (max-width: 430px) 100vw, 430px\" \/><\/p>\n<p><img loading=\"lazy\" decoding=\"async\" class=\"alignnone size-full wp-image-9023\" src=\"https:\/\/www.andrefrereditions.com\/wp-content\/uploads\/2020\/01\/sacha-alexis-pazoumian-andre-frere-editions-6.jpg\" alt=\"sacha-alexis-pazoumian-andre-frere-editions-6\" width=\"430\" height=\"348\" srcset=\"https:\/\/www.andrefrereditions.com\/wp-content\/uploads\/2020\/01\/sacha-alexis-pazoumian-andre-frere-editions-6.jpg 430w, https:\/\/www.andrefrereditions.com\/wp-content\/uploads\/2020\/01\/sacha-alexis-pazoumian-andre-frere-editions-6-420x340.jpg 420w, https:\/\/www.andrefrereditions.com\/wp-content\/uploads\/2020\/01\/sacha-alexis-pazoumian-andre-frere-editions-6-300x243.jpg 300w\" sizes=\"auto, (max-width: 430px) 100vw, 430px\" \/><\/p>\n<p>When I learned that <strong>I had a distant family there,<\/strong> I naturally chose Yakutsk. The climate is hostile to humans: <strong>it is one of the coldest inhabited places on the panet, where winter temperatures reach \u001f60\u00b0C.<\/strong><\/p>\n<p><img loading=\"lazy\" decoding=\"async\" class=\"alignnone size-full wp-image-9025\" src=\"https:\/\/www.andrefrereditions.com\/wp-content\/uploads\/2020\/01\/sacha-alexis-pazoumian-andre-frere-editions-7.jpg\" alt=\"sacha-alexis-pazoumian-andre-frere-editions-7\" width=\"430\" height=\"349\" srcset=\"https:\/\/www.andrefrereditions.com\/wp-content\/uploads\/2020\/01\/sacha-alexis-pazoumian-andre-frere-editions-7.jpg 430w, https:\/\/www.andrefrereditions.com\/wp-content\/uploads\/2020\/01\/sacha-alexis-pazoumian-andre-frere-editions-7-420x341.jpg 420w, https:\/\/www.andrefrereditions.com\/wp-content\/uploads\/2020\/01\/sacha-alexis-pazoumian-andre-frere-editions-7-300x243.jpg 300w\" sizes=\"auto, (max-width: 430px) 100vw, 430px\" \/><\/p>\n<p><img loading=\"lazy\" decoding=\"async\" class=\"alignnone size-full wp-image-9027\" src=\"https:\/\/www.andrefrereditions.com\/wp-content\/uploads\/2020\/01\/sacha-alexis-pazoumian-andre-frere-editions-8.jpg\" alt=\"sacha-alexis-pazoumian-andre-frere-editions-8\" width=\"430\" height=\"348\" srcset=\"https:\/\/www.andrefrereditions.com\/wp-content\/uploads\/2020\/01\/sacha-alexis-pazoumian-andre-frere-editions-8.jpg 430w, https:\/\/www.andrefrereditions.com\/wp-content\/uploads\/2020\/01\/sacha-alexis-pazoumian-andre-frere-editions-8-420x340.jpg 420w, https:\/\/www.andrefrereditions.com\/wp-content\/uploads\/2020\/01\/sacha-alexis-pazoumian-andre-frere-editions-8-300x243.jpg 300w\" sizes=\"auto, (max-width: 430px) 100vw, 430px\" \/><\/p>\n<p>Yakutsk is, cities built on permafrost. <strong>If the temperature rises even a little too much, the ice can melt and cause a dramatic collapse<\/strong> of the permafrost and everything it carries, including roads, homes and lakes.<\/p>\n<p><img loading=\"lazy\" decoding=\"async\" class=\"alignnone size-full wp-image-9029\" src=\"https:\/\/www.andrefrereditions.com\/wp-content\/uploads\/2020\/01\/sacha-alexis-pazoumian-andre-frere-editions-9.jpg\" alt=\"sacha-alexis-pazoumian-andre-frere-editions-9\" width=\"430\" height=\"349\" srcset=\"https:\/\/www.andrefrereditions.com\/wp-content\/uploads\/2020\/01\/sacha-alexis-pazoumian-andre-frere-editions-9.jpg 430w, https:\/\/www.andrefrereditions.com\/wp-content\/uploads\/2020\/01\/sacha-alexis-pazoumian-andre-frere-editions-9-420x341.jpg 420w, https:\/\/www.andrefrereditions.com\/wp-content\/uploads\/2020\/01\/sacha-alexis-pazoumian-andre-frere-editions-9-300x243.jpg 300w\" sizes=\"auto, (max-width: 430px) 100vw, 430px\" \/><\/p>\n<p>However, Russia is warming at an estimated <strong>2.5 times faster than the rest of the world.<\/strong> Living in such conditions is synonymous with a constant struggle with nature and with oneself. <strong>What surprised me the most was this willingness to live, this instinct to survive, everything that the comfort and safety of our cities made us forget.<\/strong><\/p>\n<p>It was only after I discovered the existence of a reindeer herding community, the Evenes. At their side, <strong>I lived for several months, cut off from everything, in the middle of nothing, or rather from these vast forests called the Tundra.<\/strong><\/p>\n<h2>Sacha, the king of the Tundra<\/h2>\n<p><img loading=\"lazy\" decoding=\"async\" class=\"alignnone size-full wp-image-9031\" src=\"https:\/\/www.andrefrereditions.com\/wp-content\/uploads\/2020\/01\/sacha-alexis-pazoumian-andre-frere-editions-10.jpg\" alt=\"sacha-alexis-pazoumian-andre-frere-editions-10\" width=\"430\" height=\"531\" srcset=\"https:\/\/www.andrefrereditions.com\/wp-content\/uploads\/2020\/01\/sacha-alexis-pazoumian-andre-frere-editions-10.jpg 430w, https:\/\/www.andrefrereditions.com\/wp-content\/uploads\/2020\/01\/sacha-alexis-pazoumian-andre-frere-editions-10-420x519.jpg 420w, https:\/\/www.andrefrereditions.com\/wp-content\/uploads\/2020\/01\/sacha-alexis-pazoumian-andre-frere-editions-10-243x300.jpg 243w\" sizes=\"auto, (max-width: 430px) 100vw, 430px\" \/><\/p>\n<p>In search of a freedom that he conceives as total independence, <strong>Sacha raises his herd of a thousand reindeer.<\/strong> Sacha&#8217;s days are difficult, rough, wild, lonely. Sacha, in the midst of his animals, forgets that he lives cut off from the world, in the vast frozen expanses of Yakutia, in northern Siberia, <strong>in one of the areas considered to be the coldest on the planet.<\/strong> In such conditions, life is a battle that must be fought at all times against the elements.<\/p>\n<p><img loading=\"lazy\" decoding=\"async\" class=\"alignnone size-full wp-image-9033\" src=\"https:\/\/www.andrefrereditions.com\/wp-content\/uploads\/2020\/01\/sacha-alexis-pazoumian-andre-frere-editions-11.jpg\" alt=\"sacha-alexis-pazoumian-andre-frere-editions-11\" width=\"430\" height=\"531\" srcset=\"https:\/\/www.andrefrereditions.com\/wp-content\/uploads\/2020\/01\/sacha-alexis-pazoumian-andre-frere-editions-11.jpg 430w, https:\/\/www.andrefrereditions.com\/wp-content\/uploads\/2020\/01\/sacha-alexis-pazoumian-andre-frere-editions-11-420x519.jpg 420w, https:\/\/www.andrefrereditions.com\/wp-content\/uploads\/2020\/01\/sacha-alexis-pazoumian-andre-frere-editions-11-243x300.jpg 243w\" sizes=\"auto, (max-width: 430px) 100vw, 430px\" \/><\/p>\n<p><img loading=\"lazy\" decoding=\"async\" class=\"alignnone size-full wp-image-9035\" src=\"https:\/\/www.andrefrereditions.com\/wp-content\/uploads\/2020\/01\/sacha-alexis-pazoumian-andre-frere-editions-12.jpg\" alt=\"sacha-alexis-pazoumian-andre-frere-editions-12\" width=\"430\" height=\"349\" srcset=\"https:\/\/www.andrefrereditions.com\/wp-content\/uploads\/2020\/01\/sacha-alexis-pazoumian-andre-frere-editions-12.jpg 430w, https:\/\/www.andrefrereditions.com\/wp-content\/uploads\/2020\/01\/sacha-alexis-pazoumian-andre-frere-editions-12-420x341.jpg 420w, https:\/\/www.andrefrereditions.com\/wp-content\/uploads\/2020\/01\/sacha-alexis-pazoumian-andre-frere-editions-12-300x243.jpg 300w\" sizes=\"auto, (max-width: 430px) 100vw, 430px\" \/><\/p>\n<p>Sacha is on her own. A knowledge acquired over a long period of time allows him to live in this environment that is hostile to humans but that he has been able to tame. <strong>Faced with the slow and inexorable transformation brought about by climate change, Sacha also knows that she is powerless.<\/strong><\/p>\n<h2>Climate deregulation<\/h2>\n<p>Unfair fate, climate change is not felt directly by those who recklessly sought to subdue nature, but by those who tried to live in harmony with it. <strong>The increase in temperature (4\u00b0C over the past 40 years) has had dramatic consequences on the lives of indigenous people and their animals.<\/strong> Nomadic herders are unaware of these measures, which quantify exactly what they experience and observe on a daily basis.<\/p>\n<p><img loading=\"lazy\" decoding=\"async\" class=\"alignnone size-full wp-image-9037\" src=\"https:\/\/www.andrefrereditions.com\/wp-content\/uploads\/2020\/01\/sacha-alexis-pazoumian-andre-frere-editions-13.jpg\" alt=\"sacha-alexis-pazoumian-andre-frere-editions-13\" width=\"430\" height=\"531\" srcset=\"https:\/\/www.andrefrereditions.com\/wp-content\/uploads\/2020\/01\/sacha-alexis-pazoumian-andre-frere-editions-13.jpg 430w, https:\/\/www.andrefrereditions.com\/wp-content\/uploads\/2020\/01\/sacha-alexis-pazoumian-andre-frere-editions-13-420x519.jpg 420w, https:\/\/www.andrefrereditions.com\/wp-content\/uploads\/2020\/01\/sacha-alexis-pazoumian-andre-frere-editions-13-243x300.jpg 243w\" sizes=\"auto, (max-width: 430px) 100vw, 430px\" \/><\/p>\n<p>Sacha is attached to this primitive and austere way of life, but with his appearance as the first man, how not to consider him as one of the representatives of an endangered world. <strong>Will it adapt to climate change for long?<\/strong><br \/>\n<strong>In this white odyssey of the Far North, Sacha seeks to know who he really is.<\/strong><\/p>\n","protected":false},"excerpt":{"rendered":"<p>Photographs\u00a0: Alexis Pazoumian Text : Alexis Pazoumian 24 x 30 cm 112 pages Hardcover 40 colour pictures + 18 silver &amp; black French \/ english ISBN\u00a0: 979-10-92265-91-0 \u20ac 37 Released end of february 2020 Why the yakutia? This work is the result of a project carried out between 2017\u001f-2019 in Yakutia, a region located in [&hellip;]<\/p>\n","protected":false},"featured_media":9794,"template":"","meta":[],"product_brand":[],"product_cat":[36,37],"product_tag":[],"class_list":{"0":"post-9040","1":"product","2":"type-product","3":"status-publish","4":"has-post-thumbnail","6":"product_cat-out-of-print","7":"product_cat-photography","8":"product_shipping_class-c3-en","10":"first","11":"outofstock","12":"shipping-taxable","13":"purchasable","14":"product-type-simple"},"yoast_head":"<!-- This site is optimized with the Yoast SEO plugin v27.5 - https:\/\/yoast.com\/product\/yoast-seo-wordpress\/ -->\n<title>Sacha | Andr\u00e9 Fr\u00e8re \u00c9ditions<\/title>\n<meta name=\"description\" content=\"Sacha par Alexis Pazoumian dans la cat\u00e9gorie Out of print, Photography. Publi\u00e9 par Andr\u00e9 Fr\u00e8re \u00c9ditions.\" \/>\n<meta name=\"robots\" content=\"index, follow, max-snippet:-1, max-image-preview:large, max-video-preview:-1\" \/>\n<link rel=\"canonical\" href=\"https:\/\/www.andrefrereditions.com\/en\/books\/out-of-print\/sacha\/\" \/>\n<meta property=\"og:locale\" content=\"en_US\" \/>\n<meta property=\"og:type\" content=\"article\" \/>\n<meta property=\"og:title\" content=\"Sacha | Andr\u00e9 Fr\u00e8re \u00c9ditions\" \/>\n<meta property=\"og:description\" content=\"Sacha par Alexis Pazoumian dans la cat\u00e9gorie Out of print, Photography. Publi\u00e9 par Andr\u00e9 Fr\u00e8re \u00c9ditions.\" \/>\n<meta property=\"og:url\" content=\"https:\/\/www.andrefrereditions.com\/en\/books\/out-of-print\/sacha\/\" \/>\n<meta property=\"og:site_name\" content=\"Andr\u00e9 Fr\u00e8re \u00c9ditions\" \/>\n<meta property=\"article:modified_time\" content=\"2025-06-26T09:19:07+00:00\" \/>\n<meta property=\"og:image\" content=\"https:\/\/www.andrefrereditions.com\/wp-content\/uploads\/2013\/11\/sacha-alexis-pazoumian-andre-frere-editions.jpg\" \/>\n\t<meta property=\"og:image:width\" content=\"333\" \/>\n\t<meta property=\"og:image:height\" content=\"420\" \/>\n\t<meta property=\"og:image:type\" content=\"image\/jpeg\" \/>\n<meta name=\"twitter:label1\" content=\"Est. reading time\" \/>\n\t<meta name=\"twitter:data1\" content=\"3 minutes\" \/>\n<script type=\"application\/ld+json\" class=\"yoast-schema-graph\">{\"@context\":\"https:\\\/\\\/schema.org\",\"@graph\":[{\"@type\":\"WebPage\",\"@id\":\"https:\\\/\\\/www.andrefrereditions.com\\\/en\\\/books\\\/out-of-print\\\/sacha\\\/\",\"url\":\"https:\\\/\\\/www.andrefrereditions.com\\\/en\\\/books\\\/out-of-print\\\/sacha\\\/\",\"name\":\"Sacha | Andr\u00e9 Fr\u00e8re \u00c9ditions\",\"isPartOf\":{\"@id\":\"https:\\\/\\\/www.andrefrereditions.com\\\/en\\\/#website\"},\"primaryImageOfPage\":{\"@id\":\"https:\\\/\\\/www.andrefrereditions.com\\\/en\\\/books\\\/out-of-print\\\/sacha\\\/#primaryimage\"},\"image\":{\"@id\":\"https:\\\/\\\/www.andrefrereditions.com\\\/en\\\/books\\\/out-of-print\\\/sacha\\\/#primaryimage\"},\"thumbnailUrl\":\"https:\\\/\\\/www.andrefrereditions.com\\\/wp-content\\\/uploads\\\/2013\\\/11\\\/sacha-alexis-pazoumian-andre-frere-editions.jpg\",\"datePublished\":\"2020-01-28T22:03:31+00:00\",\"dateModified\":\"2025-06-26T09:19:07+00:00\",\"description\":\"Sacha par Alexis Pazoumian dans la cat\u00e9gorie Out of print, Photography. Publi\u00e9 par Andr\u00e9 Fr\u00e8re \u00c9ditions.\",\"breadcrumb\":{\"@id\":\"https:\\\/\\\/www.andrefrereditions.com\\\/en\\\/books\\\/out-of-print\\\/sacha\\\/#breadcrumb\"},\"inLanguage\":\"en-US\",\"potentialAction\":[{\"@type\":\"ReadAction\",\"target\":[\"https:\\\/\\\/www.andrefrereditions.com\\\/en\\\/books\\\/out-of-print\\\/sacha\\\/\"]}]},{\"@type\":\"ImageObject\",\"inLanguage\":\"en-US\",\"@id\":\"https:\\\/\\\/www.andrefrereditions.com\\\/en\\\/books\\\/out-of-print\\\/sacha\\\/#primaryimage\",\"url\":\"https:\\\/\\\/www.andrefrereditions.com\\\/wp-content\\\/uploads\\\/2013\\\/11\\\/sacha-alexis-pazoumian-andre-frere-editions.jpg\",\"contentUrl\":\"https:\\\/\\\/www.andrefrereditions.com\\\/wp-content\\\/uploads\\\/2013\\\/11\\\/sacha-alexis-pazoumian-andre-frere-editions.jpg\",\"width\":333,\"height\":420},{\"@type\":\"BreadcrumbList\",\"@id\":\"https:\\\/\\\/www.andrefrereditions.com\\\/en\\\/books\\\/out-of-print\\\/sacha\\\/#breadcrumb\",\"itemListElement\":[{\"@type\":\"ListItem\",\"position\":1,\"name\":\"Home\",\"item\":\"https:\\\/\\\/www.andrefrereditions.com\\\/en\\\/\"},{\"@type\":\"ListItem\",\"position\":2,\"name\":\"Books\",\"item\":\"https:\\\/\\\/www.andrefrereditions.com\\\/en\\\/books\\\/\"},{\"@type\":\"ListItem\",\"position\":3,\"name\":\"Sacha\"}]},{\"@type\":\"WebSite\",\"@id\":\"https:\\\/\\\/www.andrefrereditions.com\\\/en\\\/#website\",\"url\":\"https:\\\/\\\/www.andrefrereditions.com\\\/en\\\/\",\"name\":\"Andr\u00e9 Fr\u00e8re \u00c9ditions\",\"description\":\"\u00c9dition ind\u00e9pendante de photographie et d\u2019art\",\"publisher\":{\"@id\":\"https:\\\/\\\/www.andrefrereditions.com\\\/en\\\/#organization\"},\"potentialAction\":[{\"@type\":\"SearchAction\",\"target\":{\"@type\":\"EntryPoint\",\"urlTemplate\":\"https:\\\/\\\/www.andrefrereditions.com\\\/en\\\/?s={search_term_string}\"},\"query-input\":{\"@type\":\"PropertyValueSpecification\",\"valueRequired\":true,\"valueName\":\"search_term_string\"}}],\"inLanguage\":\"en-US\"},{\"@type\":\"Organization\",\"@id\":\"https:\\\/\\\/www.andrefrereditions.com\\\/en\\\/#organization\",\"name\":\"Andr\u00e9 Fr\u00e8re \u00c9ditions\",\"url\":\"https:\\\/\\\/www.andrefrereditions.com\\\/en\\\/\",\"logo\":{\"@type\":\"ImageObject\",\"inLanguage\":\"en-US\",\"@id\":\"https:\\\/\\\/www.andrefrereditions.com\\\/en\\\/#\\\/schema\\\/logo\\\/image\\\/\",\"url\":\"https:\\\/\\\/www.andrefrereditions.com\\\/wp-content\\\/uploads\\\/2014\\\/12\\\/andre-frere-editions-logo.png\",\"contentUrl\":\"https:\\\/\\\/www.andrefrereditions.com\\\/wp-content\\\/uploads\\\/2014\\\/12\\\/andre-frere-editions-logo.png\",\"width\":80,\"height\":79,\"caption\":\"Andr\u00e9 Fr\u00e8re \u00c9ditions\"},\"image\":{\"@id\":\"https:\\\/\\\/www.andrefrereditions.com\\\/en\\\/#\\\/schema\\\/logo\\\/image\\\/\"}}]}<\/script>\n<!-- \/ Yoast SEO plugin. -->","yoast_head_json":{"title":"Sacha | Andr\u00e9 Fr\u00e8re \u00c9ditions","description":"Sacha par Alexis Pazoumian dans la cat\u00e9gorie Out of print, Photography. Publi\u00e9 par Andr\u00e9 Fr\u00e8re \u00c9ditions.","robots":{"index":"index","follow":"follow","max-snippet":"max-snippet:-1","max-image-preview":"max-image-preview:large","max-video-preview":"max-video-preview:-1"},"canonical":"https:\/\/www.andrefrereditions.com\/en\/books\/out-of-print\/sacha\/","og_locale":"en_US","og_type":"article","og_title":"Sacha | Andr\u00e9 Fr\u00e8re \u00c9ditions","og_description":"Sacha par Alexis Pazoumian dans la cat\u00e9gorie Out of print, Photography. Publi\u00e9 par Andr\u00e9 Fr\u00e8re \u00c9ditions.","og_url":"https:\/\/www.andrefrereditions.com\/en\/books\/out-of-print\/sacha\/","og_site_name":"Andr\u00e9 Fr\u00e8re \u00c9ditions","article_modified_time":"2025-06-26T09:19:07+00:00","og_image":[{"width":333,"height":420,"url":"https:\/\/www.andrefrereditions.com\/wp-content\/uploads\/2013\/11\/sacha-alexis-pazoumian-andre-frere-editions.jpg","type":"image\/jpeg"}],"twitter_misc":{"Est. reading time":"3 minutes"},"schema":{"@context":"https:\/\/schema.org","@graph":[{"@type":"WebPage","@id":"https:\/\/www.andrefrereditions.com\/en\/books\/out-of-print\/sacha\/","url":"https:\/\/www.andrefrereditions.com\/en\/books\/out-of-print\/sacha\/","name":"Sacha | Andr\u00e9 Fr\u00e8re \u00c9ditions","isPartOf":{"@id":"https:\/\/www.andrefrereditions.com\/en\/#website"},"primaryImageOfPage":{"@id":"https:\/\/www.andrefrereditions.com\/en\/books\/out-of-print\/sacha\/#primaryimage"},"image":{"@id":"https:\/\/www.andrefrereditions.com\/en\/books\/out-of-print\/sacha\/#primaryimage"},"thumbnailUrl":"https:\/\/www.andrefrereditions.com\/wp-content\/uploads\/2013\/11\/sacha-alexis-pazoumian-andre-frere-editions.jpg","datePublished":"2020-01-28T22:03:31+00:00","dateModified":"2025-06-26T09:19:07+00:00","description":"Sacha par Alexis Pazoumian dans la cat\u00e9gorie Out of print, Photography. Publi\u00e9 par Andr\u00e9 Fr\u00e8re \u00c9ditions.","breadcrumb":{"@id":"https:\/\/www.andrefrereditions.com\/en\/books\/out-of-print\/sacha\/#breadcrumb"},"inLanguage":"en-US","potentialAction":[{"@type":"ReadAction","target":["https:\/\/www.andrefrereditions.com\/en\/books\/out-of-print\/sacha\/"]}]},{"@type":"ImageObject","inLanguage":"en-US","@id":"https:\/\/www.andrefrereditions.com\/en\/books\/out-of-print\/sacha\/#primaryimage","url":"https:\/\/www.andrefrereditions.com\/wp-content\/uploads\/2013\/11\/sacha-alexis-pazoumian-andre-frere-editions.jpg","contentUrl":"https:\/\/www.andrefrereditions.com\/wp-content\/uploads\/2013\/11\/sacha-alexis-pazoumian-andre-frere-editions.jpg","width":333,"height":420},{"@type":"BreadcrumbList","@id":"https:\/\/www.andrefrereditions.com\/en\/books\/out-of-print\/sacha\/#breadcrumb","itemListElement":[{"@type":"ListItem","position":1,"name":"Home","item":"https:\/\/www.andrefrereditions.com\/en\/"},{"@type":"ListItem","position":2,"name":"Books","item":"https:\/\/www.andrefrereditions.com\/en\/books\/"},{"@type":"ListItem","position":3,"name":"Sacha"}]},{"@type":"WebSite","@id":"https:\/\/www.andrefrereditions.com\/en\/#website","url":"https:\/\/www.andrefrereditions.com\/en\/","name":"Andr\u00e9 Fr\u00e8re \u00c9ditions","description":"\u00c9dition ind\u00e9pendante de photographie et d\u2019art","publisher":{"@id":"https:\/\/www.andrefrereditions.com\/en\/#organization"},"potentialAction":[{"@type":"SearchAction","target":{"@type":"EntryPoint","urlTemplate":"https:\/\/www.andrefrereditions.com\/en\/?s={search_term_string}"},"query-input":{"@type":"PropertyValueSpecification","valueRequired":true,"valueName":"search_term_string"}}],"inLanguage":"en-US"},{"@type":"Organization","@id":"https:\/\/www.andrefrereditions.com\/en\/#organization","name":"Andr\u00e9 Fr\u00e8re \u00c9ditions","url":"https:\/\/www.andrefrereditions.com\/en\/","logo":{"@type":"ImageObject","inLanguage":"en-US","@id":"https:\/\/www.andrefrereditions.com\/en\/#\/schema\/logo\/image\/","url":"https:\/\/www.andrefrereditions.com\/wp-content\/uploads\/2014\/12\/andre-frere-editions-logo.png","contentUrl":"https:\/\/www.andrefrereditions.com\/wp-content\/uploads\/2014\/12\/andre-frere-editions-logo.png","width":80,"height":79,"caption":"Andr\u00e9 Fr\u00e8re \u00c9ditions"},"image":{"@id":"https:\/\/www.andrefrereditions.com\/en\/#\/schema\/logo\/image\/"}}]}},"_links":{"self":[{"href":"https:\/\/www.andrefrereditions.com\/en\/wp-json\/wp\/v2\/product\/9040","targetHints":{"allow":["GET"]}}],"collection":[{"href":"https:\/\/www.andrefrereditions.com\/en\/wp-json\/wp\/v2\/product"}],"about":[{"href":"https:\/\/www.andrefrereditions.com\/en\/wp-json\/wp\/v2\/types\/product"}],"wp:featuredmedia":[{"embeddable":true,"href":"https:\/\/www.andrefrereditions.com\/en\/wp-json\/wp\/v2\/media\/9794"}],"wp:attachment":[{"href":"https:\/\/www.andrefrereditions.com\/en\/wp-json\/wp\/v2\/media?parent=9040"}],"wp:term":[{"taxonomy":"product_brand","embeddable":true,"href":"https:\/\/www.andrefrereditions.com\/en\/wp-json\/wp\/v2\/product_brand?post=9040"},{"taxonomy":"product_cat","embeddable":true,"href":"https:\/\/www.andrefrereditions.com\/en\/wp-json\/wp\/v2\/product_cat?post=9040"},{"taxonomy":"product_tag","embeddable":true,"href":"https:\/\/www.andrefrereditions.com\/en\/wp-json\/wp\/v2\/product_tag?post=9040"}],"curies":[{"name":"wp","href":"https:\/\/api.w.org\/{rel}","templated":true}]}}