{"id":9141,"date":"2020-02-20T22:21:06","date_gmt":"2020-02-20T20:23:41","guid":{"rendered":"https:\/\/www.andrefrereditions.com\/en\/?post_type=product&#038;p=9141"},"modified":"2025-06-26T11:18:53","modified_gmt":"2025-06-26T09:18:53","slug":"echoes-shades","status":"publish","type":"product","link":"https:\/\/www.andrefrereditions.com\/en\/books\/photography\/echoes-shades\/","title":{"rendered":"Echoes shades"},"content":{"rendered":"<ul class=\"infos-livre\">\n<li>Photographs &amp; text : <a href=\"https:\/\/piotrzbierski.wordpress.com\/\" target=\"_blank\">Piotr Zbierski<\/a><\/li>\n<li>16.5 x 22 cm<\/li>\n<li>240 pages<\/li>\n<li>Hardcover<\/li>\n<li>130 duotone photographs<\/li>\n<li>French \/ English<\/li>\n<li>ISBN\u00a0: 979-10-92265-89-7<\/li>\n<li>\u20ac37<\/li>\n<li>Release March 2020 (In bookstores postponed to end Covid19)<\/li>\n<\/ul>\n<p><img loading=\"lazy\" decoding=\"async\" class=\"alignnone wp-image-9123 size-full\" src=\"https:\/\/www.andrefrereditions.com\/wp-content\/uploads\/2020\/02\/echoes-shades-piotr-zbierski-andre-frere-editions-1.jpg\" alt=\"echoes-shades-piotr-zbierski-andre-frere-editions-1\" width=\"430\" height=\"430\" srcset=\"https:\/\/www.andrefrereditions.com\/wp-content\/uploads\/2020\/02\/echoes-shades-piotr-zbierski-andre-frere-editions-1.jpg 430w, https:\/\/www.andrefrereditions.com\/wp-content\/uploads\/2020\/02\/echoes-shades-piotr-zbierski-andre-frere-editions-1-420x420.jpg 420w, https:\/\/www.andrefrereditions.com\/wp-content\/uploads\/2020\/02\/echoes-shades-piotr-zbierski-andre-frere-editions-1-100x100.jpg 100w, https:\/\/www.andrefrereditions.com\/wp-content\/uploads\/2020\/02\/echoes-shades-piotr-zbierski-andre-frere-editions-1-300x300.jpg 300w\" sizes=\"auto, (max-width: 430px) 100vw, 430px\" \/><\/p>\n<p>In many beliefs there is an alternate world that exists between what we are taught is real and what lies beyond. Piotr Zbierski seeks to explore pathways between these two realities by crafting an impressionistic visual record of humanity.<\/p>\n<p><img loading=\"lazy\" decoding=\"async\" class=\"alignnone wp-image-9125 size-full\" src=\"https:\/\/www.andrefrereditions.com\/wp-content\/uploads\/2020\/02\/echoes-shades-piotr-zbierski-andre-frere-editions-2.jpg\" alt=\"echoes-shades-piotr-zbierski-andre-frere-editions-2\" width=\"430\" height=\"431\" srcset=\"https:\/\/www.andrefrereditions.com\/wp-content\/uploads\/2020\/02\/echoes-shades-piotr-zbierski-andre-frere-editions-2.jpg 430w, https:\/\/www.andrefrereditions.com\/wp-content\/uploads\/2020\/02\/echoes-shades-piotr-zbierski-andre-frere-editions-2-420x421.jpg 420w, https:\/\/www.andrefrereditions.com\/wp-content\/uploads\/2020\/02\/echoes-shades-piotr-zbierski-andre-frere-editions-2-100x100.jpg 100w, https:\/\/www.andrefrereditions.com\/wp-content\/uploads\/2020\/02\/echoes-shades-piotr-zbierski-andre-frere-editions-2-300x300.jpg 300w\" sizes=\"auto, (max-width: 430px) 100vw, 430px\" \/><\/p>\n<p>He has travelled extensively, focusing on a number of different communities, photographing and paying homage to their unique ceremonies and daily rituals. For many of the tribes, these traditions act as a bridge between material reality and a spiritual understanding of the wider world. In his practice Zbierski considers how different cultures express and communicate their ancient ancestral connections to nature and this experience of an \u2018in-between\u2019 world.<\/p>\n<p><img loading=\"lazy\" decoding=\"async\" class=\"alignnone wp-image-9127 size-full\" src=\"https:\/\/www.andrefrereditions.com\/wp-content\/uploads\/2020\/02\/echoes-shades-piotr-zbierski-andre-frere-editions-3.jpg\" alt=\"echoes-shades-piotr-zbierski-andre-frere-editions-3\" width=\"430\" height=\"287\" srcset=\"https:\/\/www.andrefrereditions.com\/wp-content\/uploads\/2020\/02\/echoes-shades-piotr-zbierski-andre-frere-editions-3.jpg 430w, https:\/\/www.andrefrereditions.com\/wp-content\/uploads\/2020\/02\/echoes-shades-piotr-zbierski-andre-frere-editions-3-420x280.jpg 420w, https:\/\/www.andrefrereditions.com\/wp-content\/uploads\/2020\/02\/echoes-shades-piotr-zbierski-andre-frere-editions-3-300x200.jpg 300w\" sizes=\"auto, (max-width: 430px) 100vw, 430px\" \/><\/p>\n<p>Echoes Shades is the photographic analysis of the relationship and coexistence of nature and culture. In my work I understand culture as an echo of nature, while its symbols, signs, products and rituals as shades of elements and phenomena that occur in nature. The relations of strenght that &#8220;marks&#8221; (Nature) and &#8220;marked&#8221; space (Culture) are for me the foundation and the main starting point for analyzing the present.<\/p>\n<p><img loading=\"lazy\" decoding=\"async\" class=\"alignnone wp-image-9129 size-full\" src=\"https:\/\/www.andrefrereditions.com\/wp-content\/uploads\/2020\/02\/echoes-shades-piotr-zbierski-andre-frere-editions-4.jpg\" alt=\"echoes-shades-piotr-zbierski-andre-frere-editions-4\" width=\"430\" height=\"430\" srcset=\"https:\/\/www.andrefrereditions.com\/wp-content\/uploads\/2020\/02\/echoes-shades-piotr-zbierski-andre-frere-editions-4.jpg 430w, https:\/\/www.andrefrereditions.com\/wp-content\/uploads\/2020\/02\/echoes-shades-piotr-zbierski-andre-frere-editions-4-420x420.jpg 420w, https:\/\/www.andrefrereditions.com\/wp-content\/uploads\/2020\/02\/echoes-shades-piotr-zbierski-andre-frere-editions-4-100x100.jpg 100w, https:\/\/www.andrefrereditions.com\/wp-content\/uploads\/2020\/02\/echoes-shades-piotr-zbierski-andre-frere-editions-4-300x300.jpg 300w\" sizes=\"auto, (max-width: 430px) 100vw, 430px\" \/><\/p>\n<p>I focused mainly on ancient cultures (often animistic, e.g. Paradangan in Indonesia) and rituals transferred to generations in the oral tradition (including the institution of the Shaman in the Siberian tradition, the role of transition rituals in the tradition of Tana Toraja in Indonesia, initiation rituals of belonging to the communities of the African tribes of the Omo Region, the role of Whisperers from Podlasie in the tradition of natural medicine of the region). The cycle was also accomplished in Romania, in the Maramures region.<\/p>\n<p><img loading=\"lazy\" decoding=\"async\" class=\"alignnone wp-image-9131 size-full\" src=\"https:\/\/www.andrefrereditions.com\/wp-content\/uploads\/2020\/02\/echoes-shades-piotr-zbierski-andre-frere-editions-5.jpg\" alt=\"echoes-shades-piotr-zbierski-andre-frere-editions-5\" width=\"430\" height=\"430\" srcset=\"https:\/\/www.andrefrereditions.com\/wp-content\/uploads\/2020\/02\/echoes-shades-piotr-zbierski-andre-frere-editions-5.jpg 430w, https:\/\/www.andrefrereditions.com\/wp-content\/uploads\/2020\/02\/echoes-shades-piotr-zbierski-andre-frere-editions-5-420x420.jpg 420w, https:\/\/www.andrefrereditions.com\/wp-content\/uploads\/2020\/02\/echoes-shades-piotr-zbierski-andre-frere-editions-5-100x100.jpg 100w, https:\/\/www.andrefrereditions.com\/wp-content\/uploads\/2020\/02\/echoes-shades-piotr-zbierski-andre-frere-editions-5-300x300.jpg 300w\" sizes=\"auto, (max-width: 430px) 100vw, 430px\" \/><\/p>\n<p>There, I was interested in traditions associated with the annual rebirth of nature.<\/p>\n<p><img loading=\"lazy\" decoding=\"async\" class=\"alignnone wp-image-9133 size-full\" src=\"https:\/\/www.andrefrereditions.com\/wp-content\/uploads\/2020\/02\/echoes-shades-piotr-zbierski-andre-frere-editions-6.jpg\" alt=\"echoes-shades-piotr-zbierski-andre-frere-editions-6\" width=\"430\" height=\"430\" srcset=\"https:\/\/www.andrefrereditions.com\/wp-content\/uploads\/2020\/02\/echoes-shades-piotr-zbierski-andre-frere-editions-6.jpg 430w, https:\/\/www.andrefrereditions.com\/wp-content\/uploads\/2020\/02\/echoes-shades-piotr-zbierski-andre-frere-editions-6-420x420.jpg 420w, https:\/\/www.andrefrereditions.com\/wp-content\/uploads\/2020\/02\/echoes-shades-piotr-zbierski-andre-frere-editions-6-100x100.jpg 100w, https:\/\/www.andrefrereditions.com\/wp-content\/uploads\/2020\/02\/echoes-shades-piotr-zbierski-andre-frere-editions-6-300x300.jpg 300w\" sizes=\"auto, (max-width: 430px) 100vw, 430px\" \/><\/p>\n<p><img loading=\"lazy\" decoding=\"async\" class=\"alignnone wp-image-9135 size-full\" src=\"https:\/\/www.andrefrereditions.com\/wp-content\/uploads\/2020\/02\/echoes-shades-piotr-zbierski-andre-frere-editions-7.jpg\" alt=\"echoes-shades-piotr-zbierski-andre-frere-editions-7\" width=\"430\" height=\"430\" srcset=\"https:\/\/www.andrefrereditions.com\/wp-content\/uploads\/2020\/02\/echoes-shades-piotr-zbierski-andre-frere-editions-7.jpg 430w, https:\/\/www.andrefrereditions.com\/wp-content\/uploads\/2020\/02\/echoes-shades-piotr-zbierski-andre-frere-editions-7-420x420.jpg 420w, https:\/\/www.andrefrereditions.com\/wp-content\/uploads\/2020\/02\/echoes-shades-piotr-zbierski-andre-frere-editions-7-100x100.jpg 100w, https:\/\/www.andrefrereditions.com\/wp-content\/uploads\/2020\/02\/echoes-shades-piotr-zbierski-andre-frere-editions-7-300x300.jpg 300w\" sizes=\"auto, (max-width: 430px) 100vw, 430px\" \/><\/p>\n<p>It is an essay about human who is derived from nature, about his passions, desires, ways of communicating and dealing with strong emotions.<\/p>\n<p><img loading=\"lazy\" decoding=\"async\" class=\"alignnone wp-image-9137 size-full\" src=\"https:\/\/www.andrefrereditions.com\/wp-content\/uploads\/2020\/02\/echoes-shades-piotr-zbierski-andre-frere-editions-8.jpg\" alt=\"echoes-shades-piotr-zbierski-andre-frere-editions-8\" width=\"430\" height=\"430\" srcset=\"https:\/\/www.andrefrereditions.com\/wp-content\/uploads\/2020\/02\/echoes-shades-piotr-zbierski-andre-frere-editions-8.jpg 430w, https:\/\/www.andrefrereditions.com\/wp-content\/uploads\/2020\/02\/echoes-shades-piotr-zbierski-andre-frere-editions-8-420x420.jpg 420w, https:\/\/www.andrefrereditions.com\/wp-content\/uploads\/2020\/02\/echoes-shades-piotr-zbierski-andre-frere-editions-8-100x100.jpg 100w, https:\/\/www.andrefrereditions.com\/wp-content\/uploads\/2020\/02\/echoes-shades-piotr-zbierski-andre-frere-editions-8-300x300.jpg 300w\" sizes=\"auto, (max-width: 430px) 100vw, 430px\" \/><\/p>\n<p><img loading=\"lazy\" decoding=\"async\" class=\"alignnone wp-image-9139 size-full\" src=\"https:\/\/www.andrefrereditions.com\/wp-content\/uploads\/2020\/02\/echoes-shades-piotr-zbierski-andre-frere-editions-9.jpg\" alt=\"echoes-shades-piotr-zbierski-andre-frere-editions-9\" width=\"430\" height=\"430\" srcset=\"https:\/\/www.andrefrereditions.com\/wp-content\/uploads\/2020\/02\/echoes-shades-piotr-zbierski-andre-frere-editions-9.jpg 430w, https:\/\/www.andrefrereditions.com\/wp-content\/uploads\/2020\/02\/echoes-shades-piotr-zbierski-andre-frere-editions-9-420x420.jpg 420w, https:\/\/www.andrefrereditions.com\/wp-content\/uploads\/2020\/02\/echoes-shades-piotr-zbierski-andre-frere-editions-9-100x100.jpg 100w, https:\/\/www.andrefrereditions.com\/wp-content\/uploads\/2020\/02\/echoes-shades-piotr-zbierski-andre-frere-editions-9-300x300.jpg 300w\" sizes=\"auto, (max-width: 430px) 100vw, 430px\" \/><\/p>\n<p class=\"bio-auteur\">Piotr Zbierski\u00a0(b. 1987) studied photography at National Film School in Lodz Poland,where he continues earning a doctoral degree now. He presented his works in many countries like France, Poland, Germany, Portugal, Russia, Slovakia. As well as magazines (Shots Magazine, Ninja Mag, Archivo Zine, Die Nacht, Gup Magazine). In 2012 he won the prestigious prize for young photographer Leica Oscar Barnack Newcomer Award for his series Pass by me. His works is in collection of Kiyosato Museum of Photographic Arts and Mus\u00e9e de l&#8217;\u00c9lys\u00e9e. In 2016 he published the book titled Push the Sky Away &#8211; the triptych of three series that he worked on in last nine years.\u00a0 He mostly lives and works in Lodz but travels frequently, both in Europe and in the more remote parts of the world. This is related to his interest in the man and his culture &#8211; especially the spiritual.<\/p>\n","protected":false},"excerpt":{"rendered":"<p>Photographs &amp; text : Piotr Zbierski 16.5 x 22 cm 240 pages Hardcover 130 duotone photographs French \/ English ISBN\u00a0: 979-10-92265-89-7 \u20ac37 Release March 2020 (In bookstores postponed to end Covid19) In many beliefs there is an alternate world that exists between what we are taught is real and what lies beyond. Piotr Zbierski seeks [&hellip;]<\/p>\n","protected":false},"featured_media":9122,"template":"","meta":[],"product_brand":[],"product_cat":[37],"product_tag":[],"class_list":{"0":"post-9141","1":"product","2":"type-product","3":"status-publish","4":"has-post-thumbnail","6":"product_cat-photography","7":"product_shipping_class-c3-en","9":"first","10":"instock","11":"shipping-taxable","12":"purchasable","13":"product-type-simple"},"yoast_head":"<!-- This site is optimized with the Yoast SEO plugin v27.4 - https:\/\/yoast.com\/product\/yoast-seo-wordpress\/ -->\n<title>Echoes shades | Andr\u00e9 Fr\u00e8re \u00c9ditions<\/title>\n<meta name=\"description\" content=\"Echoes shades par Piotr Zbierski dans la cat\u00e9gorie Photography. Publi\u00e9 par Andr\u00e9 Fr\u00e8re \u00c9ditions.\" \/>\n<meta name=\"robots\" content=\"index, follow, max-snippet:-1, max-image-preview:large, max-video-preview:-1\" \/>\n<link rel=\"canonical\" href=\"https:\/\/www.andrefrereditions.com\/en\/books\/photography\/echoes-shades\/\" \/>\n<meta property=\"og:locale\" content=\"en_US\" \/>\n<meta property=\"og:type\" content=\"article\" \/>\n<meta property=\"og:title\" content=\"Echoes shades | Andr\u00e9 Fr\u00e8re \u00c9ditions\" \/>\n<meta property=\"og:description\" content=\"Echoes shades par Piotr Zbierski dans la cat\u00e9gorie Photography. Publi\u00e9 par Andr\u00e9 Fr\u00e8re \u00c9ditions.\" \/>\n<meta property=\"og:url\" content=\"https:\/\/www.andrefrereditions.com\/en\/books\/photography\/echoes-shades\/\" \/>\n<meta property=\"og:site_name\" content=\"Andr\u00e9 Fr\u00e8re \u00c9ditions\" \/>\n<meta property=\"article:modified_time\" content=\"2025-06-26T09:18:53+00:00\" \/>\n<meta property=\"og:image\" content=\"https:\/\/www.andrefrereditions.com\/wp-content\/uploads\/2020\/02\/echoes-shades-piotr-zbierski-andre-frere-editions.jpg\" \/>\n\t<meta property=\"og:image:width\" content=\"420\" \/>\n\t<meta property=\"og:image:height\" content=\"558\" \/>\n\t<meta property=\"og:image:type\" content=\"image\/jpeg\" \/>\n<meta name=\"twitter:label1\" content=\"Est. reading time\" \/>\n\t<meta name=\"twitter:data1\" content=\"2 minutes\" \/>\n<script type=\"application\/ld+json\" class=\"yoast-schema-graph\">{\"@context\":\"https:\\\/\\\/schema.org\",\"@graph\":[{\"@type\":\"WebPage\",\"@id\":\"https:\\\/\\\/www.andrefrereditions.com\\\/en\\\/books\\\/photography\\\/echoes-shades\\\/\",\"url\":\"https:\\\/\\\/www.andrefrereditions.com\\\/en\\\/books\\\/photography\\\/echoes-shades\\\/\",\"name\":\"Echoes shades | Andr\u00e9 Fr\u00e8re \u00c9ditions\",\"isPartOf\":{\"@id\":\"https:\\\/\\\/www.andrefrereditions.com\\\/en\\\/#website\"},\"primaryImageOfPage\":{\"@id\":\"https:\\\/\\\/www.andrefrereditions.com\\\/en\\\/books\\\/photography\\\/echoes-shades\\\/#primaryimage\"},\"image\":{\"@id\":\"https:\\\/\\\/www.andrefrereditions.com\\\/en\\\/books\\\/photography\\\/echoes-shades\\\/#primaryimage\"},\"thumbnailUrl\":\"https:\\\/\\\/www.andrefrereditions.com\\\/wp-content\\\/uploads\\\/2020\\\/02\\\/echoes-shades-piotr-zbierski-andre-frere-editions.jpg\",\"datePublished\":\"2020-02-20T20:23:41+00:00\",\"dateModified\":\"2025-06-26T09:18:53+00:00\",\"description\":\"Echoes shades par Piotr Zbierski dans la cat\u00e9gorie Photography. Publi\u00e9 par Andr\u00e9 Fr\u00e8re \u00c9ditions.\",\"breadcrumb\":{\"@id\":\"https:\\\/\\\/www.andrefrereditions.com\\\/en\\\/books\\\/photography\\\/echoes-shades\\\/#breadcrumb\"},\"inLanguage\":\"en-US\",\"potentialAction\":[{\"@type\":\"ReadAction\",\"target\":[\"https:\\\/\\\/www.andrefrereditions.com\\\/en\\\/books\\\/photography\\\/echoes-shades\\\/\"]}]},{\"@type\":\"ImageObject\",\"inLanguage\":\"en-US\",\"@id\":\"https:\\\/\\\/www.andrefrereditions.com\\\/en\\\/books\\\/photography\\\/echoes-shades\\\/#primaryimage\",\"url\":\"https:\\\/\\\/www.andrefrereditions.com\\\/wp-content\\\/uploads\\\/2020\\\/02\\\/echoes-shades-piotr-zbierski-andre-frere-editions.jpg\",\"contentUrl\":\"https:\\\/\\\/www.andrefrereditions.com\\\/wp-content\\\/uploads\\\/2020\\\/02\\\/echoes-shades-piotr-zbierski-andre-frere-editions.jpg\",\"width\":420,\"height\":558},{\"@type\":\"BreadcrumbList\",\"@id\":\"https:\\\/\\\/www.andrefrereditions.com\\\/en\\\/books\\\/photography\\\/echoes-shades\\\/#breadcrumb\",\"itemListElement\":[{\"@type\":\"ListItem\",\"position\":1,\"name\":\"Home\",\"item\":\"https:\\\/\\\/www.andrefrereditions.com\\\/en\\\/\"},{\"@type\":\"ListItem\",\"position\":2,\"name\":\"Books\",\"item\":\"https:\\\/\\\/www.andrefrereditions.com\\\/en\\\/books\\\/\"},{\"@type\":\"ListItem\",\"position\":3,\"name\":\"Echoes shades\"}]},{\"@type\":\"WebSite\",\"@id\":\"https:\\\/\\\/www.andrefrereditions.com\\\/en\\\/#website\",\"url\":\"https:\\\/\\\/www.andrefrereditions.com\\\/en\\\/\",\"name\":\"Andr\u00e9 Fr\u00e8re \u00c9ditions\",\"description\":\"\u00c9dition ind\u00e9pendante de photographie et d\u2019art\",\"publisher\":{\"@id\":\"https:\\\/\\\/www.andrefrereditions.com\\\/en\\\/#organization\"},\"potentialAction\":[{\"@type\":\"SearchAction\",\"target\":{\"@type\":\"EntryPoint\",\"urlTemplate\":\"https:\\\/\\\/www.andrefrereditions.com\\\/en\\\/?s={search_term_string}\"},\"query-input\":{\"@type\":\"PropertyValueSpecification\",\"valueRequired\":true,\"valueName\":\"search_term_string\"}}],\"inLanguage\":\"en-US\"},{\"@type\":\"Organization\",\"@id\":\"https:\\\/\\\/www.andrefrereditions.com\\\/en\\\/#organization\",\"name\":\"Andr\u00e9 Fr\u00e8re \u00c9ditions\",\"url\":\"https:\\\/\\\/www.andrefrereditions.com\\\/en\\\/\",\"logo\":{\"@type\":\"ImageObject\",\"inLanguage\":\"en-US\",\"@id\":\"https:\\\/\\\/www.andrefrereditions.com\\\/en\\\/#\\\/schema\\\/logo\\\/image\\\/\",\"url\":\"https:\\\/\\\/www.andrefrereditions.com\\\/wp-content\\\/uploads\\\/2014\\\/12\\\/andre-frere-editions-logo.png\",\"contentUrl\":\"https:\\\/\\\/www.andrefrereditions.com\\\/wp-content\\\/uploads\\\/2014\\\/12\\\/andre-frere-editions-logo.png\",\"width\":80,\"height\":79,\"caption\":\"Andr\u00e9 Fr\u00e8re \u00c9ditions\"},\"image\":{\"@id\":\"https:\\\/\\\/www.andrefrereditions.com\\\/en\\\/#\\\/schema\\\/logo\\\/image\\\/\"}}]}<\/script>\n<!-- \/ Yoast SEO plugin. -->","yoast_head_json":{"title":"Echoes shades | Andr\u00e9 Fr\u00e8re \u00c9ditions","description":"Echoes shades par Piotr Zbierski dans la cat\u00e9gorie Photography. Publi\u00e9 par Andr\u00e9 Fr\u00e8re \u00c9ditions.","robots":{"index":"index","follow":"follow","max-snippet":"max-snippet:-1","max-image-preview":"max-image-preview:large","max-video-preview":"max-video-preview:-1"},"canonical":"https:\/\/www.andrefrereditions.com\/en\/books\/photography\/echoes-shades\/","og_locale":"en_US","og_type":"article","og_title":"Echoes shades | Andr\u00e9 Fr\u00e8re \u00c9ditions","og_description":"Echoes shades par Piotr Zbierski dans la cat\u00e9gorie Photography. Publi\u00e9 par Andr\u00e9 Fr\u00e8re \u00c9ditions.","og_url":"https:\/\/www.andrefrereditions.com\/en\/books\/photography\/echoes-shades\/","og_site_name":"Andr\u00e9 Fr\u00e8re \u00c9ditions","article_modified_time":"2025-06-26T09:18:53+00:00","og_image":[{"width":420,"height":558,"url":"https:\/\/www.andrefrereditions.com\/wp-content\/uploads\/2020\/02\/echoes-shades-piotr-zbierski-andre-frere-editions.jpg","type":"image\/jpeg"}],"twitter_misc":{"Est. reading time":"2 minutes"},"schema":{"@context":"https:\/\/schema.org","@graph":[{"@type":"WebPage","@id":"https:\/\/www.andrefrereditions.com\/en\/books\/photography\/echoes-shades\/","url":"https:\/\/www.andrefrereditions.com\/en\/books\/photography\/echoes-shades\/","name":"Echoes shades | Andr\u00e9 Fr\u00e8re \u00c9ditions","isPartOf":{"@id":"https:\/\/www.andrefrereditions.com\/en\/#website"},"primaryImageOfPage":{"@id":"https:\/\/www.andrefrereditions.com\/en\/books\/photography\/echoes-shades\/#primaryimage"},"image":{"@id":"https:\/\/www.andrefrereditions.com\/en\/books\/photography\/echoes-shades\/#primaryimage"},"thumbnailUrl":"https:\/\/www.andrefrereditions.com\/wp-content\/uploads\/2020\/02\/echoes-shades-piotr-zbierski-andre-frere-editions.jpg","datePublished":"2020-02-20T20:23:41+00:00","dateModified":"2025-06-26T09:18:53+00:00","description":"Echoes shades par Piotr Zbierski dans la cat\u00e9gorie Photography. Publi\u00e9 par Andr\u00e9 Fr\u00e8re \u00c9ditions.","breadcrumb":{"@id":"https:\/\/www.andrefrereditions.com\/en\/books\/photography\/echoes-shades\/#breadcrumb"},"inLanguage":"en-US","potentialAction":[{"@type":"ReadAction","target":["https:\/\/www.andrefrereditions.com\/en\/books\/photography\/echoes-shades\/"]}]},{"@type":"ImageObject","inLanguage":"en-US","@id":"https:\/\/www.andrefrereditions.com\/en\/books\/photography\/echoes-shades\/#primaryimage","url":"https:\/\/www.andrefrereditions.com\/wp-content\/uploads\/2020\/02\/echoes-shades-piotr-zbierski-andre-frere-editions.jpg","contentUrl":"https:\/\/www.andrefrereditions.com\/wp-content\/uploads\/2020\/02\/echoes-shades-piotr-zbierski-andre-frere-editions.jpg","width":420,"height":558},{"@type":"BreadcrumbList","@id":"https:\/\/www.andrefrereditions.com\/en\/books\/photography\/echoes-shades\/#breadcrumb","itemListElement":[{"@type":"ListItem","position":1,"name":"Home","item":"https:\/\/www.andrefrereditions.com\/en\/"},{"@type":"ListItem","position":2,"name":"Books","item":"https:\/\/www.andrefrereditions.com\/en\/books\/"},{"@type":"ListItem","position":3,"name":"Echoes shades"}]},{"@type":"WebSite","@id":"https:\/\/www.andrefrereditions.com\/en\/#website","url":"https:\/\/www.andrefrereditions.com\/en\/","name":"Andr\u00e9 Fr\u00e8re \u00c9ditions","description":"\u00c9dition ind\u00e9pendante de photographie et d\u2019art","publisher":{"@id":"https:\/\/www.andrefrereditions.com\/en\/#organization"},"potentialAction":[{"@type":"SearchAction","target":{"@type":"EntryPoint","urlTemplate":"https:\/\/www.andrefrereditions.com\/en\/?s={search_term_string}"},"query-input":{"@type":"PropertyValueSpecification","valueRequired":true,"valueName":"search_term_string"}}],"inLanguage":"en-US"},{"@type":"Organization","@id":"https:\/\/www.andrefrereditions.com\/en\/#organization","name":"Andr\u00e9 Fr\u00e8re \u00c9ditions","url":"https:\/\/www.andrefrereditions.com\/en\/","logo":{"@type":"ImageObject","inLanguage":"en-US","@id":"https:\/\/www.andrefrereditions.com\/en\/#\/schema\/logo\/image\/","url":"https:\/\/www.andrefrereditions.com\/wp-content\/uploads\/2014\/12\/andre-frere-editions-logo.png","contentUrl":"https:\/\/www.andrefrereditions.com\/wp-content\/uploads\/2014\/12\/andre-frere-editions-logo.png","width":80,"height":79,"caption":"Andr\u00e9 Fr\u00e8re \u00c9ditions"},"image":{"@id":"https:\/\/www.andrefrereditions.com\/en\/#\/schema\/logo\/image\/"}}]}},"_links":{"self":[{"href":"https:\/\/www.andrefrereditions.com\/en\/wp-json\/wp\/v2\/product\/9141","targetHints":{"allow":["GET"]}}],"collection":[{"href":"https:\/\/www.andrefrereditions.com\/en\/wp-json\/wp\/v2\/product"}],"about":[{"href":"https:\/\/www.andrefrereditions.com\/en\/wp-json\/wp\/v2\/types\/product"}],"wp:featuredmedia":[{"embeddable":true,"href":"https:\/\/www.andrefrereditions.com\/en\/wp-json\/wp\/v2\/media\/9122"}],"wp:attachment":[{"href":"https:\/\/www.andrefrereditions.com\/en\/wp-json\/wp\/v2\/media?parent=9141"}],"wp:term":[{"taxonomy":"product_brand","embeddable":true,"href":"https:\/\/www.andrefrereditions.com\/en\/wp-json\/wp\/v2\/product_brand?post=9141"},{"taxonomy":"product_cat","embeddable":true,"href":"https:\/\/www.andrefrereditions.com\/en\/wp-json\/wp\/v2\/product_cat?post=9141"},{"taxonomy":"product_tag","embeddable":true,"href":"https:\/\/www.andrefrereditions.com\/en\/wp-json\/wp\/v2\/product_tag?post=9141"}],"curies":[{"name":"wp","href":"https:\/\/api.w.org\/{rel}","templated":true}]}}