{"id":9157,"date":"2020-02-20T22:31:00","date_gmt":"2020-02-20T20:33:26","guid":{"rendered":"https:\/\/www.andrefrereditions.com\/en\/?post_type=product&#038;p=9157"},"modified":"2025-06-26T11:18:56","modified_gmt":"2025-06-26T09:18:56","slug":"hulls","status":"publish","type":"product","link":"https:\/\/www.andrefrereditions.com\/en\/books\/photography\/hulls\/","title":{"rendered":"Hulls"},"content":{"rendered":"<ul class=\"infos-livre\">\n<li>Photographs : <a href=\"http:\/\/www.monikamacdonald.com\/\" target=\"_blank\">Monika Macdonald<\/a><\/li>\n<li>Format\u00a0: 20 x 25 cm<\/li>\n<li>72 pages<\/li>\n<li>Hardcover<\/li>\n<li>34 color pictures<\/li>\n<li>ISBN\u00a0: 979-10-92265-92-7<\/li>\n<li>\u20ac29<\/li>\n<li>Release March 2020 (In bookstores postponed to end Covid19)<\/li>\n<\/ul>\n<p><img loading=\"lazy\" decoding=\"async\" class=\"alignnone wp-image-9145 size-full\" src=\"https:\/\/www.andrefrereditions.com\/wp-content\/uploads\/2020\/02\/hulls-monika-macdonald-andre-frere-editions-1.jpg\" alt=\"hulls-monika-macdonald-andre-frere-editions-1\" width=\"430\" height=\"629\" srcset=\"https:\/\/www.andrefrereditions.com\/wp-content\/uploads\/2020\/02\/hulls-monika-macdonald-andre-frere-editions-1.jpg 430w, https:\/\/www.andrefrereditions.com\/wp-content\/uploads\/2020\/02\/hulls-monika-macdonald-andre-frere-editions-1-420x614.jpg 420w, https:\/\/www.andrefrereditions.com\/wp-content\/uploads\/2020\/02\/hulls-monika-macdonald-andre-frere-editions-1-205x300.jpg 205w\" sizes=\"auto, (max-width: 430px) 100vw, 430px\" \/><\/p>\n<p>\u201cIn this book, Monika Macdonald focuses on the masculine. While her images echo classical pictorial iconography in their treatment of the nude, pose or light, she draws portraits that are far removed from the traditional\u00a0 representations of the virility and beauty of the men she observes.<\/p>\n<p><img loading=\"lazy\" decoding=\"async\" class=\"alignnone wp-image-9147 size-full\" src=\"https:\/\/www.andrefrereditions.com\/wp-content\/uploads\/2020\/02\/hulls-monika-macdonald-andre-frere-editions-2.jpg\" alt=\"hulls-monika-macdonald-andre-frere-editions-2\" width=\"430\" height=\"295\" srcset=\"https:\/\/www.andrefrereditions.com\/wp-content\/uploads\/2020\/02\/hulls-monika-macdonald-andre-frere-editions-2.jpg 430w, https:\/\/www.andrefrereditions.com\/wp-content\/uploads\/2020\/02\/hulls-monika-macdonald-andre-frere-editions-2-420x288.jpg 420w, https:\/\/www.andrefrereditions.com\/wp-content\/uploads\/2020\/02\/hulls-monika-macdonald-andre-frere-editions-2-300x206.jpg 300w\" sizes=\"auto, (max-width: 430px) 100vw, 430px\" \/><\/p>\n<p>Monika Macdonald, once again, shatters norms. It is a question of flesh, of confusion, of doubts, of the vulnerability of body, mind and feelings.<\/p>\n<p><img loading=\"lazy\" decoding=\"async\" class=\"alignnone wp-image-9149 size-full\" src=\"https:\/\/www.andrefrereditions.com\/wp-content\/uploads\/2020\/02\/hulls-monika-macdonald-andre-frere-editions-3.jpg\" alt=\"hulls-monika-macdonald-andre-frere-editions-3\" width=\"430\" height=\"571\" srcset=\"https:\/\/www.andrefrereditions.com\/wp-content\/uploads\/2020\/02\/hulls-monika-macdonald-andre-frere-editions-3.jpg 430w, https:\/\/www.andrefrereditions.com\/wp-content\/uploads\/2020\/02\/hulls-monika-macdonald-andre-frere-editions-3-420x558.jpg 420w, https:\/\/www.andrefrereditions.com\/wp-content\/uploads\/2020\/02\/hulls-monika-macdonald-andre-frere-editions-3-226x300.jpg 226w\" sizes=\"auto, (max-width: 430px) 100vw, 430px\" \/><\/p>\n<p>She organizes posing sessions behind closed doors, and these face-to-face sessions sometimes seem so stressful as the photographer\/photographed relationship is pushed to its ultimate limits. The result is moving images, whether they are derisory, soft or raw, burlesque even: moments of abandonment, introspection or letting go, almost of insanity.<\/p>\n<p><img loading=\"lazy\" decoding=\"async\" class=\"alignnone wp-image-9151 size-full\" src=\"https:\/\/www.andrefrereditions.com\/wp-content\/uploads\/2020\/02\/hulls-monika-macdonald-andre-frere-editions-4.jpg\" alt=\"hulls-monika-macdonald-andre-frere-editions-4\" width=\"430\" height=\"287\" srcset=\"https:\/\/www.andrefrereditions.com\/wp-content\/uploads\/2020\/02\/hulls-monika-macdonald-andre-frere-editions-4.jpg 430w, https:\/\/www.andrefrereditions.com\/wp-content\/uploads\/2020\/02\/hulls-monika-macdonald-andre-frere-editions-4-420x280.jpg 420w, https:\/\/www.andrefrereditions.com\/wp-content\/uploads\/2020\/02\/hulls-monika-macdonald-andre-frere-editions-4-300x200.jpg 300w\" sizes=\"auto, (max-width: 430px) 100vw, 430px\" \/><\/p>\n<p>The photographer attempts here to explore the condition of man, stripped of false pretences and simulacra, far from the assigned and established roles.<\/p>\n<p><img loading=\"lazy\" decoding=\"async\" class=\"alignnone wp-image-9153 size-full\" src=\"https:\/\/www.andrefrereditions.com\/wp-content\/uploads\/2020\/02\/hulls-monika-macdonald-andre-frere-editions-5.jpg\" alt=\"hulls-monika-macdonald-andre-frere-editions-5\" width=\"430\" height=\"286\" srcset=\"https:\/\/www.andrefrereditions.com\/wp-content\/uploads\/2020\/02\/hulls-monika-macdonald-andre-frere-editions-5.jpg 430w, https:\/\/www.andrefrereditions.com\/wp-content\/uploads\/2020\/02\/hulls-monika-macdonald-andre-frere-editions-5-420x279.jpg 420w, https:\/\/www.andrefrereditions.com\/wp-content\/uploads\/2020\/02\/hulls-monika-macdonald-andre-frere-editions-5-300x200.jpg 300w\" sizes=\"auto, (max-width: 430px) 100vw, 430px\" \/><\/p>\n<p>And these men, under Monika Macdonald&#8217;s watchful and benevolent gaze, are of a confounding and disturbing beauty\u201d.<br \/>\nCaroline Benichou, Gallery VU\u2019<\/p>\n<p>\u201cHulls is a photographic essay about my meeting with the\u00a0man in a space without\u00a0limitation. An intimate room for losing self-control. I am trying to relate\u00a0and investigate his search for escapism, trust, to belong, or his resistance. I want to play with romance, self-confidence\u00a0or lack of it, the vulnerable\u00a0piece\u00a0of body\u201d.<br \/>\nMonika Macdonald<\/p>\n<p><img loading=\"lazy\" decoding=\"async\" class=\"alignnone wp-image-9155 size-full\" src=\"https:\/\/www.andrefrereditions.com\/wp-content\/uploads\/2020\/02\/hulls-monika-macdonald-andre-frere-editions-6.jpg\" alt=\"hulls-monika-macdonald-andre-frere-editions-6\" width=\"430\" height=\"316\" srcset=\"https:\/\/www.andrefrereditions.com\/wp-content\/uploads\/2020\/02\/hulls-monika-macdonald-andre-frere-editions-6.jpg 430w, https:\/\/www.andrefrereditions.com\/wp-content\/uploads\/2020\/02\/hulls-monika-macdonald-andre-frere-editions-6-420x309.jpg 420w, https:\/\/www.andrefrereditions.com\/wp-content\/uploads\/2020\/02\/hulls-monika-macdonald-andre-frere-editions-6-300x220.jpg 300w\" sizes=\"auto, (max-width: 430px) 100vw, 430px\" \/><\/p>\n<p class=\"bio-auteur\">Swedish photographer born in 1969, Monika Macdonald studied photography in Stockholm. In 2001, she moved to London and worked as a freelance photographer, producing reports for newspapers and magazines. She returned to Sweden in 2007 and since then she has been devoting herself to her personal work.<\/p>\n","protected":false},"excerpt":{"rendered":"<p>Photographs : Monika Macdonald Format\u00a0: 20 x 25 cm 72 pages Hardcover 34 color pictures ISBN\u00a0: 979-10-92265-92-7 \u20ac29 Release March 2020 (In bookstores postponed to end Covid19) \u201cIn this book, Monika Macdonald focuses on the masculine. While her images echo classical pictorial iconography in their treatment of the nude, pose or light, she draws portraits [&hellip;]<\/p>\n","protected":false},"featured_media":9144,"template":"","meta":[],"product_brand":[],"product_cat":[37],"product_tag":[],"class_list":{"0":"post-9157","1":"product","2":"type-product","3":"status-publish","4":"has-post-thumbnail","6":"product_cat-photography","7":"product_shipping_class-c3-en","9":"first","10":"instock","11":"shipping-taxable","12":"purchasable","13":"product-type-simple"},"yoast_head":"<!-- This site is optimized with the Yoast SEO plugin v27.5 - https:\/\/yoast.com\/product\/yoast-seo-wordpress\/ -->\n<title>Hulls | Andr\u00e9 Fr\u00e8re \u00c9ditions<\/title>\n<meta name=\"description\" content=\"Hulls par Monika MacDonald dans la cat\u00e9gorie Photography. Publi\u00e9 par Andr\u00e9 Fr\u00e8re \u00c9ditions.\" \/>\n<meta name=\"robots\" content=\"index, follow, max-snippet:-1, max-image-preview:large, max-video-preview:-1\" \/>\n<link rel=\"canonical\" href=\"https:\/\/www.andrefrereditions.com\/en\/books\/photography\/hulls\/\" \/>\n<meta property=\"og:locale\" content=\"en_US\" \/>\n<meta property=\"og:type\" content=\"article\" \/>\n<meta property=\"og:title\" content=\"Hulls | Andr\u00e9 Fr\u00e8re \u00c9ditions\" \/>\n<meta property=\"og:description\" content=\"Hulls par Monika MacDonald dans la cat\u00e9gorie Photography. Publi\u00e9 par Andr\u00e9 Fr\u00e8re \u00c9ditions.\" \/>\n<meta property=\"og:url\" content=\"https:\/\/www.andrefrereditions.com\/en\/books\/photography\/hulls\/\" \/>\n<meta property=\"og:site_name\" content=\"Andr\u00e9 Fr\u00e8re \u00c9ditions\" \/>\n<meta property=\"article:modified_time\" content=\"2025-06-26T09:18:56+00:00\" \/>\n<meta property=\"og:image\" content=\"https:\/\/www.andrefrereditions.com\/wp-content\/uploads\/2020\/02\/hulls-monika-macdonald-andre-frere-editions.jpg\" \/>\n\t<meta property=\"og:image:width\" content=\"420\" \/>\n\t<meta property=\"og:image:height\" content=\"539\" \/>\n\t<meta property=\"og:image:type\" content=\"image\/jpeg\" \/>\n<meta name=\"twitter:label1\" content=\"Est. reading time\" \/>\n\t<meta name=\"twitter:data1\" content=\"1 minute\" \/>\n<script type=\"application\/ld+json\" class=\"yoast-schema-graph\">{\"@context\":\"https:\\\/\\\/schema.org\",\"@graph\":[{\"@type\":\"WebPage\",\"@id\":\"https:\\\/\\\/www.andrefrereditions.com\\\/en\\\/books\\\/photography\\\/hulls\\\/\",\"url\":\"https:\\\/\\\/www.andrefrereditions.com\\\/en\\\/books\\\/photography\\\/hulls\\\/\",\"name\":\"Hulls | Andr\u00e9 Fr\u00e8re \u00c9ditions\",\"isPartOf\":{\"@id\":\"https:\\\/\\\/www.andrefrereditions.com\\\/en\\\/#website\"},\"primaryImageOfPage\":{\"@id\":\"https:\\\/\\\/www.andrefrereditions.com\\\/en\\\/books\\\/photography\\\/hulls\\\/#primaryimage\"},\"image\":{\"@id\":\"https:\\\/\\\/www.andrefrereditions.com\\\/en\\\/books\\\/photography\\\/hulls\\\/#primaryimage\"},\"thumbnailUrl\":\"https:\\\/\\\/www.andrefrereditions.com\\\/wp-content\\\/uploads\\\/2020\\\/02\\\/hulls-monika-macdonald-andre-frere-editions.jpg\",\"datePublished\":\"2020-02-20T20:33:26+00:00\",\"dateModified\":\"2025-06-26T09:18:56+00:00\",\"description\":\"Hulls par Monika MacDonald dans la cat\u00e9gorie Photography. Publi\u00e9 par Andr\u00e9 Fr\u00e8re \u00c9ditions.\",\"breadcrumb\":{\"@id\":\"https:\\\/\\\/www.andrefrereditions.com\\\/en\\\/books\\\/photography\\\/hulls\\\/#breadcrumb\"},\"inLanguage\":\"en-US\",\"potentialAction\":[{\"@type\":\"ReadAction\",\"target\":[\"https:\\\/\\\/www.andrefrereditions.com\\\/en\\\/books\\\/photography\\\/hulls\\\/\"]}]},{\"@type\":\"ImageObject\",\"inLanguage\":\"en-US\",\"@id\":\"https:\\\/\\\/www.andrefrereditions.com\\\/en\\\/books\\\/photography\\\/hulls\\\/#primaryimage\",\"url\":\"https:\\\/\\\/www.andrefrereditions.com\\\/wp-content\\\/uploads\\\/2020\\\/02\\\/hulls-monika-macdonald-andre-frere-editions.jpg\",\"contentUrl\":\"https:\\\/\\\/www.andrefrereditions.com\\\/wp-content\\\/uploads\\\/2020\\\/02\\\/hulls-monika-macdonald-andre-frere-editions.jpg\",\"width\":420,\"height\":539},{\"@type\":\"BreadcrumbList\",\"@id\":\"https:\\\/\\\/www.andrefrereditions.com\\\/en\\\/books\\\/photography\\\/hulls\\\/#breadcrumb\",\"itemListElement\":[{\"@type\":\"ListItem\",\"position\":1,\"name\":\"Home\",\"item\":\"https:\\\/\\\/www.andrefrereditions.com\\\/en\\\/\"},{\"@type\":\"ListItem\",\"position\":2,\"name\":\"Books\",\"item\":\"https:\\\/\\\/www.andrefrereditions.com\\\/en\\\/books\\\/\"},{\"@type\":\"ListItem\",\"position\":3,\"name\":\"Hulls\"}]},{\"@type\":\"WebSite\",\"@id\":\"https:\\\/\\\/www.andrefrereditions.com\\\/en\\\/#website\",\"url\":\"https:\\\/\\\/www.andrefrereditions.com\\\/en\\\/\",\"name\":\"Andr\u00e9 Fr\u00e8re \u00c9ditions\",\"description\":\"\u00c9dition ind\u00e9pendante de photographie et d\u2019art\",\"publisher\":{\"@id\":\"https:\\\/\\\/www.andrefrereditions.com\\\/en\\\/#organization\"},\"potentialAction\":[{\"@type\":\"SearchAction\",\"target\":{\"@type\":\"EntryPoint\",\"urlTemplate\":\"https:\\\/\\\/www.andrefrereditions.com\\\/en\\\/?s={search_term_string}\"},\"query-input\":{\"@type\":\"PropertyValueSpecification\",\"valueRequired\":true,\"valueName\":\"search_term_string\"}}],\"inLanguage\":\"en-US\"},{\"@type\":\"Organization\",\"@id\":\"https:\\\/\\\/www.andrefrereditions.com\\\/en\\\/#organization\",\"name\":\"Andr\u00e9 Fr\u00e8re \u00c9ditions\",\"url\":\"https:\\\/\\\/www.andrefrereditions.com\\\/en\\\/\",\"logo\":{\"@type\":\"ImageObject\",\"inLanguage\":\"en-US\",\"@id\":\"https:\\\/\\\/www.andrefrereditions.com\\\/en\\\/#\\\/schema\\\/logo\\\/image\\\/\",\"url\":\"https:\\\/\\\/www.andrefrereditions.com\\\/wp-content\\\/uploads\\\/2014\\\/12\\\/andre-frere-editions-logo.png\",\"contentUrl\":\"https:\\\/\\\/www.andrefrereditions.com\\\/wp-content\\\/uploads\\\/2014\\\/12\\\/andre-frere-editions-logo.png\",\"width\":80,\"height\":79,\"caption\":\"Andr\u00e9 Fr\u00e8re \u00c9ditions\"},\"image\":{\"@id\":\"https:\\\/\\\/www.andrefrereditions.com\\\/en\\\/#\\\/schema\\\/logo\\\/image\\\/\"}}]}<\/script>\n<!-- \/ Yoast SEO plugin. -->","yoast_head_json":{"title":"Hulls | Andr\u00e9 Fr\u00e8re \u00c9ditions","description":"Hulls par Monika MacDonald dans la cat\u00e9gorie Photography. Publi\u00e9 par Andr\u00e9 Fr\u00e8re \u00c9ditions.","robots":{"index":"index","follow":"follow","max-snippet":"max-snippet:-1","max-image-preview":"max-image-preview:large","max-video-preview":"max-video-preview:-1"},"canonical":"https:\/\/www.andrefrereditions.com\/en\/books\/photography\/hulls\/","og_locale":"en_US","og_type":"article","og_title":"Hulls | Andr\u00e9 Fr\u00e8re \u00c9ditions","og_description":"Hulls par Monika MacDonald dans la cat\u00e9gorie Photography. Publi\u00e9 par Andr\u00e9 Fr\u00e8re \u00c9ditions.","og_url":"https:\/\/www.andrefrereditions.com\/en\/books\/photography\/hulls\/","og_site_name":"Andr\u00e9 Fr\u00e8re \u00c9ditions","article_modified_time":"2025-06-26T09:18:56+00:00","og_image":[{"width":420,"height":539,"url":"https:\/\/www.andrefrereditions.com\/wp-content\/uploads\/2020\/02\/hulls-monika-macdonald-andre-frere-editions.jpg","type":"image\/jpeg"}],"twitter_misc":{"Est. reading time":"1 minute"},"schema":{"@context":"https:\/\/schema.org","@graph":[{"@type":"WebPage","@id":"https:\/\/www.andrefrereditions.com\/en\/books\/photography\/hulls\/","url":"https:\/\/www.andrefrereditions.com\/en\/books\/photography\/hulls\/","name":"Hulls | Andr\u00e9 Fr\u00e8re \u00c9ditions","isPartOf":{"@id":"https:\/\/www.andrefrereditions.com\/en\/#website"},"primaryImageOfPage":{"@id":"https:\/\/www.andrefrereditions.com\/en\/books\/photography\/hulls\/#primaryimage"},"image":{"@id":"https:\/\/www.andrefrereditions.com\/en\/books\/photography\/hulls\/#primaryimage"},"thumbnailUrl":"https:\/\/www.andrefrereditions.com\/wp-content\/uploads\/2020\/02\/hulls-monika-macdonald-andre-frere-editions.jpg","datePublished":"2020-02-20T20:33:26+00:00","dateModified":"2025-06-26T09:18:56+00:00","description":"Hulls par Monika MacDonald dans la cat\u00e9gorie Photography. Publi\u00e9 par Andr\u00e9 Fr\u00e8re \u00c9ditions.","breadcrumb":{"@id":"https:\/\/www.andrefrereditions.com\/en\/books\/photography\/hulls\/#breadcrumb"},"inLanguage":"en-US","potentialAction":[{"@type":"ReadAction","target":["https:\/\/www.andrefrereditions.com\/en\/books\/photography\/hulls\/"]}]},{"@type":"ImageObject","inLanguage":"en-US","@id":"https:\/\/www.andrefrereditions.com\/en\/books\/photography\/hulls\/#primaryimage","url":"https:\/\/www.andrefrereditions.com\/wp-content\/uploads\/2020\/02\/hulls-monika-macdonald-andre-frere-editions.jpg","contentUrl":"https:\/\/www.andrefrereditions.com\/wp-content\/uploads\/2020\/02\/hulls-monika-macdonald-andre-frere-editions.jpg","width":420,"height":539},{"@type":"BreadcrumbList","@id":"https:\/\/www.andrefrereditions.com\/en\/books\/photography\/hulls\/#breadcrumb","itemListElement":[{"@type":"ListItem","position":1,"name":"Home","item":"https:\/\/www.andrefrereditions.com\/en\/"},{"@type":"ListItem","position":2,"name":"Books","item":"https:\/\/www.andrefrereditions.com\/en\/books\/"},{"@type":"ListItem","position":3,"name":"Hulls"}]},{"@type":"WebSite","@id":"https:\/\/www.andrefrereditions.com\/en\/#website","url":"https:\/\/www.andrefrereditions.com\/en\/","name":"Andr\u00e9 Fr\u00e8re \u00c9ditions","description":"\u00c9dition ind\u00e9pendante de photographie et d\u2019art","publisher":{"@id":"https:\/\/www.andrefrereditions.com\/en\/#organization"},"potentialAction":[{"@type":"SearchAction","target":{"@type":"EntryPoint","urlTemplate":"https:\/\/www.andrefrereditions.com\/en\/?s={search_term_string}"},"query-input":{"@type":"PropertyValueSpecification","valueRequired":true,"valueName":"search_term_string"}}],"inLanguage":"en-US"},{"@type":"Organization","@id":"https:\/\/www.andrefrereditions.com\/en\/#organization","name":"Andr\u00e9 Fr\u00e8re \u00c9ditions","url":"https:\/\/www.andrefrereditions.com\/en\/","logo":{"@type":"ImageObject","inLanguage":"en-US","@id":"https:\/\/www.andrefrereditions.com\/en\/#\/schema\/logo\/image\/","url":"https:\/\/www.andrefrereditions.com\/wp-content\/uploads\/2014\/12\/andre-frere-editions-logo.png","contentUrl":"https:\/\/www.andrefrereditions.com\/wp-content\/uploads\/2014\/12\/andre-frere-editions-logo.png","width":80,"height":79,"caption":"Andr\u00e9 Fr\u00e8re \u00c9ditions"},"image":{"@id":"https:\/\/www.andrefrereditions.com\/en\/#\/schema\/logo\/image\/"}}]}},"_links":{"self":[{"href":"https:\/\/www.andrefrereditions.com\/en\/wp-json\/wp\/v2\/product\/9157","targetHints":{"allow":["GET"]}}],"collection":[{"href":"https:\/\/www.andrefrereditions.com\/en\/wp-json\/wp\/v2\/product"}],"about":[{"href":"https:\/\/www.andrefrereditions.com\/en\/wp-json\/wp\/v2\/types\/product"}],"wp:featuredmedia":[{"embeddable":true,"href":"https:\/\/www.andrefrereditions.com\/en\/wp-json\/wp\/v2\/media\/9144"}],"wp:attachment":[{"href":"https:\/\/www.andrefrereditions.com\/en\/wp-json\/wp\/v2\/media?parent=9157"}],"wp:term":[{"taxonomy":"product_brand","embeddable":true,"href":"https:\/\/www.andrefrereditions.com\/en\/wp-json\/wp\/v2\/product_brand?post=9157"},{"taxonomy":"product_cat","embeddable":true,"href":"https:\/\/www.andrefrereditions.com\/en\/wp-json\/wp\/v2\/product_cat?post=9157"},{"taxonomy":"product_tag","embeddable":true,"href":"https:\/\/www.andrefrereditions.com\/en\/wp-json\/wp\/v2\/product_tag?post=9157"}],"curies":[{"name":"wp","href":"https:\/\/api.w.org\/{rel}","templated":true}]}}