{"id":9456,"date":"2020-09-16T18:34:43","date_gmt":"2020-09-16T16:34:54","guid":{"rendered":"https:\/\/www.andrefrereditions.com\/en\/?post_type=product&#038;p=9456"},"modified":"2025-06-26T11:14:52","modified_gmt":"2025-06-26T09:14:52","slug":"sine-die","status":"publish","type":"product","link":"https:\/\/www.andrefrereditions.com\/en\/books\/photography\/sine-die\/","title":{"rendered":"Sine Die"},"content":{"rendered":"<ul class=\"infos-livre\">\n<li>Edited by <a href=\"http:\/\/www.myop.fr\/photographer\/pierre-hybre\" target=\"_blank\">Pierre Hybre<\/a>, <a href=\"http:\/\/www.myop.fr\/photographer\/st%C3%A9phane-lagoutte\" target=\"_blank\">St\u00e9phane Lagoutte <\/a>and <a href=\"https:\/\/jeanlarive.com\/\" target=\"_blank\">Jean Larive<\/a><\/li>\n<li>With pictures from <a href=\"http:\/\/www.myop.fr\/photographer\/ed-alcock#\" target=\"_blank\">Ed Alcock<\/a>, <a href=\"http:\/\/www.myop.fr\/photographer\/guillaume-binet#\" target=\"_blank\">Guillaume Binet<\/a>, <a href=\"https:\/\/www.juliendaniel.com\/\" target=\"_blank\">Julien Daniel<\/a>, <a href=\"http:\/\/www.myop.fr\/photographer\/agnes-dherbeys\" target=\"_blank\">Agn\u00e8s Dherbeys<\/a>,<br \/>\n<a href=\"http:\/\/www.myop.fr\/photographer\/marie-dorigny\" target=\"_blank\">Marie Dorigny<\/a>, <a href=\"http:\/\/www.experiments.fr\/\" target=\"_blank\">Julie Hasco\u00ebt<\/a>, <a href=\"http:\/\/www.pierrehybre.com\/\" target=\"_blank\">Pierre Hybre<\/a>, <a href=\"http:\/\/olivierjobard.com\/\" target=\"_blank\">Olivier Jobard<\/a>, <a href=\"https:\/\/alainkeler.com\/\" target=\"_blank\">Alain Keler,<\/a> <a href=\"http:\/\/www.myop.fr\/photographer\/france-keyser\" target=\"_blank\">France Keyser<\/a>,<br \/>\n<a href=\"http:\/\/www.myop.fr\/photographer\/oan-kim#\" target=\"_blank\">Oan Kim<\/a>, <a href=\"http:\/\/www.myop.fr\/photographer\/olivier-laban-mattei\" target=\"_blank\">Olivier Laban-Mattei<\/a>, <a href=\"http:\/\/www.myop.fr\/photographer\/st%C3%A9phane-lagoutte#\" target=\"_blank\">St\u00e9phane Lagoutte<\/a>, <a href=\"https:\/\/jeanlarive.com\/\" target=\"_blank\">Jean Larive<\/a>, <a href=\"http:\/\/www.myop.fr\/photographer\/ulrich-lebeuf#\" target=\"_blank\">Ulrich Lebeuf<\/a>, <a href=\"http:\/\/www.myop.fr\/photographer\/pascal-maitre\" target=\"_blank\">Pascal Maitre<\/a>, <a href=\"http:\/\/www.myop.fr\/photographer\/olivier-monge#\" target=\"_blank\">Olivier Monge<\/a>,<a href=\"http:\/\/Julien Pebrel\" target=\"_blank\"> Julien Pebrel<\/a> et <a href=\"http:\/\/www.myop.fr\/photographer\/j%C3%A9r%C3%A9my-saint-peyre#\" target=\"_blank\">Jeremy Saint-Peyre<\/a><\/li>\n<li>Text : <a href=\"https:\/\/fr.wikipedia.org\/wiki\/Michel_Poivert\" target=\"_blank\">Michel Poivert<\/a><\/li>\n<li>Translation : Ela Kotkowska<\/li>\n<li>Design\u00a0: Jo\u00e3o Lineu<\/li>\n<li>120 pages<\/li>\n<li>Format 16 x 20 cm, leporello in dust cover<\/li>\n<li>465 colour pictures<\/li>\n<li>French \/ English<\/li>\n<li>ISBN: 979-10-92265-95-8<\/li>\n<li>To be released on december 10th, 2020; Co-production with <a href=\"http:\/\/www.myop.fr\" target=\"_blank\">MYOP<\/a><\/li>\n<li>\u20ac39<\/li>\n<\/ul>\n<p><img loading=\"lazy\" decoding=\"async\" class=\"alignnone size-full wp-image-9428\" src=\"https:\/\/www.andrefrereditions.com\/wp-content\/uploads\/2020\/09\/sine-die-myop-andre-frere-editions-1.jpg\" alt=\"sine-die-myop-andre-frere-editions-1\" width=\"430\" height=\"292\" srcset=\"https:\/\/www.andrefrereditions.com\/wp-content\/uploads\/2020\/09\/sine-die-myop-andre-frere-editions-1.jpg 430w, https:\/\/www.andrefrereditions.com\/wp-content\/uploads\/2020\/09\/sine-die-myop-andre-frere-editions-1-420x285.jpg 420w, https:\/\/www.andrefrereditions.com\/wp-content\/uploads\/2020\/09\/sine-die-myop-andre-frere-editions-1-300x204.jpg 300w\" sizes=\"auto, (max-width: 430px) 100vw, 430px\" \/><\/p>\n<p>A photographic chronicle, conceived as a line, to document this historical moment.<\/p>\n<p><img loading=\"lazy\" decoding=\"async\" class=\"alignnone size-full wp-image-9430\" src=\"https:\/\/www.andrefrereditions.com\/wp-content\/uploads\/2020\/09\/sine-die-myop-andre-frere-editions-2.jpg\" alt=\"sine-die-myop-andre-frere-editions-2\" width=\"430\" height=\"292\" srcset=\"https:\/\/www.andrefrereditions.com\/wp-content\/uploads\/2020\/09\/sine-die-myop-andre-frere-editions-2.jpg 430w, https:\/\/www.andrefrereditions.com\/wp-content\/uploads\/2020\/09\/sine-die-myop-andre-frere-editions-2-420x285.jpg 420w, https:\/\/www.andrefrereditions.com\/wp-content\/uploads\/2020\/09\/sine-die-myop-andre-frere-editions-2-300x204.jpg 300w\" sizes=\"auto, (max-width: 430px) 100vw, 430px\" \/><\/p>\n<p><img loading=\"lazy\" decoding=\"async\" class=\"alignnone size-full wp-image-9432\" src=\"https:\/\/www.andrefrereditions.com\/wp-content\/uploads\/2020\/09\/sine-die-myop-andre-frere-editions-3.jpg\" alt=\"sine-die-myop-andre-frere-editions-3\" width=\"430\" height=\"292\" srcset=\"https:\/\/www.andrefrereditions.com\/wp-content\/uploads\/2020\/09\/sine-die-myop-andre-frere-editions-3.jpg 430w, https:\/\/www.andrefrereditions.com\/wp-content\/uploads\/2020\/09\/sine-die-myop-andre-frere-editions-3-420x285.jpg 420w, https:\/\/www.andrefrereditions.com\/wp-content\/uploads\/2020\/09\/sine-die-myop-andre-frere-editions-3-300x204.jpg 300w\" sizes=\"auto, (max-width: 430px) 100vw, 430px\" \/><\/p>\n<p><img loading=\"lazy\" decoding=\"async\" class=\"alignnone size-full wp-image-9434\" src=\"https:\/\/www.andrefrereditions.com\/wp-content\/uploads\/2020\/09\/sine-die-myop-andre-frere-editions-4.jpg\" alt=\"sine-die-myop-andre-frere-editions-4\" width=\"430\" height=\"292\" srcset=\"https:\/\/www.andrefrereditions.com\/wp-content\/uploads\/2020\/09\/sine-die-myop-andre-frere-editions-4.jpg 430w, https:\/\/www.andrefrereditions.com\/wp-content\/uploads\/2020\/09\/sine-die-myop-andre-frere-editions-4-420x285.jpg 420w, https:\/\/www.andrefrereditions.com\/wp-content\/uploads\/2020\/09\/sine-die-myop-andre-frere-editions-4-300x204.jpg 300w\" sizes=\"auto, (max-width: 430px) 100vw, 430px\" \/><\/p>\n<p>An artistic, plural and collective response to remember the lockdown.<\/p>\n<p><img loading=\"lazy\" decoding=\"async\" class=\"alignnone size-full wp-image-9436\" src=\"https:\/\/www.andrefrereditions.com\/wp-content\/uploads\/2020\/09\/sine-die-myop-andre-frere-editions-5.jpg\" alt=\"sine-die-myop-andre-frere-editions-5\" width=\"430\" height=\"292\" srcset=\"https:\/\/www.andrefrereditions.com\/wp-content\/uploads\/2020\/09\/sine-die-myop-andre-frere-editions-5.jpg 430w, https:\/\/www.andrefrereditions.com\/wp-content\/uploads\/2020\/09\/sine-die-myop-andre-frere-editions-5-420x285.jpg 420w, https:\/\/www.andrefrereditions.com\/wp-content\/uploads\/2020\/09\/sine-die-myop-andre-frere-editions-5-300x204.jpg 300w\" sizes=\"auto, (max-width: 430px) 100vw, 430px\" \/><\/p>\n<p><img loading=\"lazy\" decoding=\"async\" class=\"alignnone size-full wp-image-9438\" src=\"https:\/\/www.andrefrereditions.com\/wp-content\/uploads\/2020\/09\/sine-die-myop-andre-frere-editions-6.jpg\" alt=\"sine-die-myop-andre-frere-editions-6\" width=\"430\" height=\"292\" srcset=\"https:\/\/www.andrefrereditions.com\/wp-content\/uploads\/2020\/09\/sine-die-myop-andre-frere-editions-6.jpg 430w, https:\/\/www.andrefrereditions.com\/wp-content\/uploads\/2020\/09\/sine-die-myop-andre-frere-editions-6-420x285.jpg 420w, https:\/\/www.andrefrereditions.com\/wp-content\/uploads\/2020\/09\/sine-die-myop-andre-frere-editions-6-300x204.jpg 300w\" sizes=\"auto, (max-width: 430px) 100vw, 430px\" \/><\/p>\n<p><img loading=\"lazy\" decoding=\"async\" class=\"alignnone size-full wp-image-9440\" src=\"https:\/\/www.andrefrereditions.com\/wp-content\/uploads\/2020\/09\/sine-die-myop-andre-frere-editions-7.jpg\" alt=\"sine-die-myop-andre-frere-editions-7\" width=\"430\" height=\"292\" srcset=\"https:\/\/www.andrefrereditions.com\/wp-content\/uploads\/2020\/09\/sine-die-myop-andre-frere-editions-7.jpg 430w, https:\/\/www.andrefrereditions.com\/wp-content\/uploads\/2020\/09\/sine-die-myop-andre-frere-editions-7-420x285.jpg 420w, https:\/\/www.andrefrereditions.com\/wp-content\/uploads\/2020\/09\/sine-die-myop-andre-frere-editions-7-300x204.jpg 300w\" sizes=\"auto, (max-width: 430px) 100vw, 430px\" \/><\/p>\n<p>Ever since the lockdown was announced in France on March 16, 2020, photogra-phers of agence MYOP have felt the need to document this historic event.<\/p>\n<p><img loading=\"lazy\" decoding=\"async\" class=\"alignnone size-full wp-image-9442\" src=\"https:\/\/www.andrefrereditions.com\/wp-content\/uploads\/2020\/09\/sine-die-myop-andre-frere-editions-8.jpg\" alt=\"sine-die-myop-andre-frere-editions-8\" width=\"430\" height=\"292\" srcset=\"https:\/\/www.andrefrereditions.com\/wp-content\/uploads\/2020\/09\/sine-die-myop-andre-frere-editions-8.jpg 430w, https:\/\/www.andrefrereditions.com\/wp-content\/uploads\/2020\/09\/sine-die-myop-andre-frere-editions-8-420x285.jpg 420w, https:\/\/www.andrefrereditions.com\/wp-content\/uploads\/2020\/09\/sine-die-myop-andre-frere-editions-8-300x204.jpg 300w\" sizes=\"auto, (max-width: 430px) 100vw, 430px\" \/><\/p>\n<p><img loading=\"lazy\" decoding=\"async\" class=\"alignnone size-full wp-image-9444\" src=\"https:\/\/www.andrefrereditions.com\/wp-content\/uploads\/2020\/09\/sine-die-myop-andre-frere-editions-9.jpg\" alt=\"sine-die-myop-andre-frere-editions-9\" width=\"430\" height=\"292\" srcset=\"https:\/\/www.andrefrereditions.com\/wp-content\/uploads\/2020\/09\/sine-die-myop-andre-frere-editions-9.jpg 430w, https:\/\/www.andrefrereditions.com\/wp-content\/uploads\/2020\/09\/sine-die-myop-andre-frere-editions-9-420x285.jpg 420w, https:\/\/www.andrefrereditions.com\/wp-content\/uploads\/2020\/09\/sine-die-myop-andre-frere-editions-9-300x204.jpg 300w\" sizes=\"auto, (max-width: 430px) 100vw, 430px\" \/><\/p>\n<p><img loading=\"lazy\" decoding=\"async\" class=\"alignnone size-full wp-image-9446\" src=\"https:\/\/www.andrefrereditions.com\/wp-content\/uploads\/2020\/09\/sine-die-myop-andre-frere-editions-10.jpg\" alt=\"sine-die-myop-andre-frere-editions-10\" width=\"430\" height=\"292\" srcset=\"https:\/\/www.andrefrereditions.com\/wp-content\/uploads\/2020\/09\/sine-die-myop-andre-frere-editions-10.jpg 430w, https:\/\/www.andrefrereditions.com\/wp-content\/uploads\/2020\/09\/sine-die-myop-andre-frere-editions-10-420x285.jpg 420w, https:\/\/www.andrefrereditions.com\/wp-content\/uploads\/2020\/09\/sine-die-myop-andre-frere-editions-10-300x204.jpg 300w\" sizes=\"auto, (max-width: 430px) 100vw, 430px\" \/><\/p>\n<p>For the whole 56 day duration, highly sensitive to the impact of Covid-19 on our environments, we photographed the parts of the country where we were locked in and restrained. Every day, the pictures we shot were posted on our Instagram account, putting together a line of 465 images reproduced in extenso on the back of the Leporello.<\/p>\n<p><img loading=\"lazy\" decoding=\"async\" class=\"alignnone size-full wp-image-9448\" src=\"https:\/\/www.andrefrereditions.com\/wp-content\/uploads\/2020\/09\/sine-die-myop-andre-frere-editions-11.jpg\" alt=\"sine-die-myop-andre-frere-editions-11\" width=\"430\" height=\"292\" srcset=\"https:\/\/www.andrefrereditions.com\/wp-content\/uploads\/2020\/09\/sine-die-myop-andre-frere-editions-11.jpg 430w, https:\/\/www.andrefrereditions.com\/wp-content\/uploads\/2020\/09\/sine-die-myop-andre-frere-editions-11-420x285.jpg 420w, https:\/\/www.andrefrereditions.com\/wp-content\/uploads\/2020\/09\/sine-die-myop-andre-frere-editions-11-300x204.jpg 300w\" sizes=\"auto, (max-width: 430px) 100vw, 430px\" \/><\/p>\n<p><img loading=\"lazy\" decoding=\"async\" class=\"alignnone size-full wp-image-9450\" src=\"https:\/\/www.andrefrereditions.com\/wp-content\/uploads\/2020\/09\/sine-die-myop-andre-frere-editions-12.jpg\" alt=\"sine-die-myop-andre-frere-editions-12\" width=\"430\" height=\"292\" srcset=\"https:\/\/www.andrefrereditions.com\/wp-content\/uploads\/2020\/09\/sine-die-myop-andre-frere-editions-12.jpg 430w, https:\/\/www.andrefrereditions.com\/wp-content\/uploads\/2020\/09\/sine-die-myop-andre-frere-editions-12-420x285.jpg 420w, https:\/\/www.andrefrereditions.com\/wp-content\/uploads\/2020\/09\/sine-die-myop-andre-frere-editions-12-300x204.jpg 300w\" sizes=\"auto, (max-width: 430px) 100vw, 430px\" \/><\/p>\n<p><img loading=\"lazy\" decoding=\"async\" class=\"alignnone size-full wp-image-9452\" src=\"https:\/\/www.andrefrereditions.com\/wp-content\/uploads\/2020\/09\/sine-die-myop-andre-frere-editions-13.jpg\" alt=\"sine-die-myop-andre-frere-editions-13\" width=\"430\" height=\"292\" srcset=\"https:\/\/www.andrefrereditions.com\/wp-content\/uploads\/2020\/09\/sine-die-myop-andre-frere-editions-13.jpg 430w, https:\/\/www.andrefrereditions.com\/wp-content\/uploads\/2020\/09\/sine-die-myop-andre-frere-editions-13-420x285.jpg 420w, https:\/\/www.andrefrereditions.com\/wp-content\/uploads\/2020\/09\/sine-die-myop-andre-frere-editions-13-300x204.jpg 300w\" sizes=\"auto, (max-width: 430px) 100vw, 430px\" \/><\/p>\n<p>From this corpus we have selected 56 pictures, one per day, creating a new chronology of this period where the horizon disappeared. Michel Poivert has drawn free inspiration from them to write a serie of antil\u00e9gendes.<\/p>\n<p>Every day&#8230;<em> Sine die<\/em>.<\/p>\n<p><img loading=\"lazy\" decoding=\"async\" class=\"alignnone wp-image-9454 size-full\" src=\"https:\/\/www.andrefrereditions.com\/wp-content\/uploads\/2020\/09\/sine-die-myop-andre-frere-editions-14.jpg\" alt=\"sine-die-myop-andre-frere-editions-14\" width=\"430\" height=\"287\" srcset=\"https:\/\/www.andrefrereditions.com\/wp-content\/uploads\/2020\/09\/sine-die-myop-andre-frere-editions-14.jpg 430w, https:\/\/www.andrefrereditions.com\/wp-content\/uploads\/2020\/09\/sine-die-myop-andre-frere-editions-14-420x280.jpg 420w, https:\/\/www.andrefrereditions.com\/wp-content\/uploads\/2020\/09\/sine-die-myop-andre-frere-editions-14-300x200.jpg 300w\" sizes=\"auto, (max-width: 430px) 100vw, 430px\" \/><\/p>\n<p><strong>Michel Poivert: <em>Antil\u00e9gendes<\/em>, extracts<\/strong><\/p>\n<p>An event lasting 56 days like a bandwidth of existence: there is no icon for confinement during this health crisis, no emblematic face, no highlight; it could be a <strong>phoney war<\/strong> in which the way the days repeat themselves seems like someone wandering.<\/p>\n<p>The different MYOP views are like a concert being played using a discordant score, a visual twelve-tone set of viewpoints, different scenes joined together by an atmosphere, a kaleidoscope, <strong>optical prose:<\/strong> in grammatical terms one would say parataxis.<\/p>\n<p>In spatial terms, it all boils down to this: <strong>the inside and the outside,<\/strong> the new rituals that let you leave your dwelling for a specific period of time, animal rhythmics at home and out looking for food, the spectacle of reducing forms of sociability.<\/p>\n<p>This might be the missing icon: <strong>the masked marcher<\/strong> measuring the space of his or her step, the hard-pressed, engaged, haughty figure mourning the modern-day drifter, the authorized perimeter surveyor, the authorized time watchmaker \u2013 on the street that has become a high security zone.<\/p>\n<p>The world is reorganizing itself around an injunction that is familiar to photographers: <strong>keep your distance,<\/strong> the optical deal this provides enables you to enjoy it as much as moving the camera, there is no right or wrong distance there, just the just distance, and not just the distance.<\/p>\n<p><strong>Exquisite corpse:<\/strong> when you fold up the first picture, leave one detail in that will be the fuse that starts the next one, a surrealist game that is paired up here with cut-up art: sine die is a mutant poetic form.<\/p>\n<p><strong>People\u2019s France:<\/strong> the people with no roof over their heads, invisible trades, who don\u2019t care about rules, who live within the four walls, who visit open spaces, are often the people who have come down in the world, where confinement is like the return of the repressed.<\/p>\n<p>&nbsp;<\/p>\n","protected":false},"excerpt":{"rendered":"<p>Edited by Pierre Hybre, St\u00e9phane Lagoutte and Jean Larive With pictures from Ed Alcock, Guillaume Binet, Julien Daniel, Agn\u00e8s Dherbeys, Marie Dorigny, Julie Hasco\u00ebt, Pierre Hybre, Olivier Jobard, Alain Keler, France Keyser, Oan Kim, Olivier Laban-Mattei, St\u00e9phane Lagoutte, Jean Larive, Ulrich Lebeuf, Pascal Maitre, Olivier Monge, Julien Pebrel et Jeremy Saint-Peyre Text : Michel Poivert [&hellip;]<\/p>\n","protected":false},"featured_media":9427,"template":"","meta":[],"product_brand":[],"product_cat":[37],"product_tag":[],"class_list":{"0":"post-9456","1":"product","2":"type-product","3":"status-publish","4":"has-post-thumbnail","6":"product_cat-photography","7":"product_shipping_class-c2-en","9":"first","10":"instock","11":"shipping-taxable","12":"purchasable","13":"product-type-simple"},"yoast_head":"<!-- This site is optimized with the Yoast SEO plugin v27.4 - https:\/\/yoast.com\/product\/yoast-seo-wordpress\/ -->\n<title>Sine Die | Andr\u00e9 Fr\u00e8re \u00c9ditions<\/title>\n<meta name=\"description\" content=\"Sine Die par MYOP dans la cat\u00e9gorie Photography. Publi\u00e9 par Andr\u00e9 Fr\u00e8re \u00c9ditions.\" \/>\n<meta name=\"robots\" content=\"index, follow, max-snippet:-1, max-image-preview:large, max-video-preview:-1\" \/>\n<link rel=\"canonical\" href=\"https:\/\/www.andrefrereditions.com\/en\/books\/photography\/sine-die\/\" \/>\n<meta property=\"og:locale\" content=\"en_US\" \/>\n<meta property=\"og:type\" content=\"article\" \/>\n<meta property=\"og:title\" content=\"Sine Die | Andr\u00e9 Fr\u00e8re \u00c9ditions\" \/>\n<meta property=\"og:description\" content=\"Sine Die par MYOP dans la cat\u00e9gorie Photography. Publi\u00e9 par Andr\u00e9 Fr\u00e8re \u00c9ditions.\" \/>\n<meta property=\"og:url\" content=\"https:\/\/www.andrefrereditions.com\/en\/books\/photography\/sine-die\/\" \/>\n<meta property=\"og:site_name\" content=\"Andr\u00e9 Fr\u00e8re \u00c9ditions\" \/>\n<meta property=\"article:modified_time\" content=\"2025-06-26T09:14:52+00:00\" \/>\n<meta property=\"og:image\" content=\"https:\/\/www.andrefrereditions.com\/wp-content\/uploads\/2020\/09\/sine-die-myop-andre-frere-editions.jpg\" \/>\n\t<meta property=\"og:image:width\" content=\"312\" \/>\n\t<meta property=\"og:image:height\" content=\"420\" \/>\n\t<meta property=\"og:image:type\" content=\"image\/jpeg\" \/>\n<meta name=\"twitter:label1\" content=\"Est. reading time\" \/>\n\t<meta name=\"twitter:data1\" content=\"3 minutes\" \/>\n<script type=\"application\/ld+json\" class=\"yoast-schema-graph\">{\"@context\":\"https:\\\/\\\/schema.org\",\"@graph\":[{\"@type\":\"WebPage\",\"@id\":\"https:\\\/\\\/www.andrefrereditions.com\\\/en\\\/books\\\/photography\\\/sine-die\\\/\",\"url\":\"https:\\\/\\\/www.andrefrereditions.com\\\/en\\\/books\\\/photography\\\/sine-die\\\/\",\"name\":\"Sine Die | Andr\u00e9 Fr\u00e8re \u00c9ditions\",\"isPartOf\":{\"@id\":\"https:\\\/\\\/www.andrefrereditions.com\\\/en\\\/#website\"},\"primaryImageOfPage\":{\"@id\":\"https:\\\/\\\/www.andrefrereditions.com\\\/en\\\/books\\\/photography\\\/sine-die\\\/#primaryimage\"},\"image\":{\"@id\":\"https:\\\/\\\/www.andrefrereditions.com\\\/en\\\/books\\\/photography\\\/sine-die\\\/#primaryimage\"},\"thumbnailUrl\":\"https:\\\/\\\/www.andrefrereditions.com\\\/wp-content\\\/uploads\\\/2020\\\/09\\\/sine-die-myop-andre-frere-editions.jpg\",\"datePublished\":\"2020-09-16T16:34:54+00:00\",\"dateModified\":\"2025-06-26T09:14:52+00:00\",\"description\":\"Sine Die par MYOP dans la cat\u00e9gorie Photography. Publi\u00e9 par Andr\u00e9 Fr\u00e8re \u00c9ditions.\",\"breadcrumb\":{\"@id\":\"https:\\\/\\\/www.andrefrereditions.com\\\/en\\\/books\\\/photography\\\/sine-die\\\/#breadcrumb\"},\"inLanguage\":\"en-US\",\"potentialAction\":[{\"@type\":\"ReadAction\",\"target\":[\"https:\\\/\\\/www.andrefrereditions.com\\\/en\\\/books\\\/photography\\\/sine-die\\\/\"]}]},{\"@type\":\"ImageObject\",\"inLanguage\":\"en-US\",\"@id\":\"https:\\\/\\\/www.andrefrereditions.com\\\/en\\\/books\\\/photography\\\/sine-die\\\/#primaryimage\",\"url\":\"https:\\\/\\\/www.andrefrereditions.com\\\/wp-content\\\/uploads\\\/2020\\\/09\\\/sine-die-myop-andre-frere-editions.jpg\",\"contentUrl\":\"https:\\\/\\\/www.andrefrereditions.com\\\/wp-content\\\/uploads\\\/2020\\\/09\\\/sine-die-myop-andre-frere-editions.jpg\",\"width\":312,\"height\":420},{\"@type\":\"BreadcrumbList\",\"@id\":\"https:\\\/\\\/www.andrefrereditions.com\\\/en\\\/books\\\/photography\\\/sine-die\\\/#breadcrumb\",\"itemListElement\":[{\"@type\":\"ListItem\",\"position\":1,\"name\":\"Home\",\"item\":\"https:\\\/\\\/www.andrefrereditions.com\\\/en\\\/\"},{\"@type\":\"ListItem\",\"position\":2,\"name\":\"Books\",\"item\":\"https:\\\/\\\/www.andrefrereditions.com\\\/en\\\/books\\\/\"},{\"@type\":\"ListItem\",\"position\":3,\"name\":\"Sine Die\"}]},{\"@type\":\"WebSite\",\"@id\":\"https:\\\/\\\/www.andrefrereditions.com\\\/en\\\/#website\",\"url\":\"https:\\\/\\\/www.andrefrereditions.com\\\/en\\\/\",\"name\":\"Andr\u00e9 Fr\u00e8re \u00c9ditions\",\"description\":\"\u00c9dition ind\u00e9pendante de photographie et d\u2019art\",\"publisher\":{\"@id\":\"https:\\\/\\\/www.andrefrereditions.com\\\/en\\\/#organization\"},\"potentialAction\":[{\"@type\":\"SearchAction\",\"target\":{\"@type\":\"EntryPoint\",\"urlTemplate\":\"https:\\\/\\\/www.andrefrereditions.com\\\/en\\\/?s={search_term_string}\"},\"query-input\":{\"@type\":\"PropertyValueSpecification\",\"valueRequired\":true,\"valueName\":\"search_term_string\"}}],\"inLanguage\":\"en-US\"},{\"@type\":\"Organization\",\"@id\":\"https:\\\/\\\/www.andrefrereditions.com\\\/en\\\/#organization\",\"name\":\"Andr\u00e9 Fr\u00e8re \u00c9ditions\",\"url\":\"https:\\\/\\\/www.andrefrereditions.com\\\/en\\\/\",\"logo\":{\"@type\":\"ImageObject\",\"inLanguage\":\"en-US\",\"@id\":\"https:\\\/\\\/www.andrefrereditions.com\\\/en\\\/#\\\/schema\\\/logo\\\/image\\\/\",\"url\":\"https:\\\/\\\/www.andrefrereditions.com\\\/wp-content\\\/uploads\\\/2014\\\/12\\\/andre-frere-editions-logo.png\",\"contentUrl\":\"https:\\\/\\\/www.andrefrereditions.com\\\/wp-content\\\/uploads\\\/2014\\\/12\\\/andre-frere-editions-logo.png\",\"width\":80,\"height\":79,\"caption\":\"Andr\u00e9 Fr\u00e8re \u00c9ditions\"},\"image\":{\"@id\":\"https:\\\/\\\/www.andrefrereditions.com\\\/en\\\/#\\\/schema\\\/logo\\\/image\\\/\"}}]}<\/script>\n<!-- \/ Yoast SEO plugin. -->","yoast_head_json":{"title":"Sine Die | Andr\u00e9 Fr\u00e8re \u00c9ditions","description":"Sine Die par MYOP dans la cat\u00e9gorie Photography. Publi\u00e9 par Andr\u00e9 Fr\u00e8re \u00c9ditions.","robots":{"index":"index","follow":"follow","max-snippet":"max-snippet:-1","max-image-preview":"max-image-preview:large","max-video-preview":"max-video-preview:-1"},"canonical":"https:\/\/www.andrefrereditions.com\/en\/books\/photography\/sine-die\/","og_locale":"en_US","og_type":"article","og_title":"Sine Die | Andr\u00e9 Fr\u00e8re \u00c9ditions","og_description":"Sine Die par MYOP dans la cat\u00e9gorie Photography. Publi\u00e9 par Andr\u00e9 Fr\u00e8re \u00c9ditions.","og_url":"https:\/\/www.andrefrereditions.com\/en\/books\/photography\/sine-die\/","og_site_name":"Andr\u00e9 Fr\u00e8re \u00c9ditions","article_modified_time":"2025-06-26T09:14:52+00:00","og_image":[{"width":312,"height":420,"url":"https:\/\/www.andrefrereditions.com\/wp-content\/uploads\/2020\/09\/sine-die-myop-andre-frere-editions.jpg","type":"image\/jpeg"}],"twitter_misc":{"Est. reading time":"3 minutes"},"schema":{"@context":"https:\/\/schema.org","@graph":[{"@type":"WebPage","@id":"https:\/\/www.andrefrereditions.com\/en\/books\/photography\/sine-die\/","url":"https:\/\/www.andrefrereditions.com\/en\/books\/photography\/sine-die\/","name":"Sine Die | Andr\u00e9 Fr\u00e8re \u00c9ditions","isPartOf":{"@id":"https:\/\/www.andrefrereditions.com\/en\/#website"},"primaryImageOfPage":{"@id":"https:\/\/www.andrefrereditions.com\/en\/books\/photography\/sine-die\/#primaryimage"},"image":{"@id":"https:\/\/www.andrefrereditions.com\/en\/books\/photography\/sine-die\/#primaryimage"},"thumbnailUrl":"https:\/\/www.andrefrereditions.com\/wp-content\/uploads\/2020\/09\/sine-die-myop-andre-frere-editions.jpg","datePublished":"2020-09-16T16:34:54+00:00","dateModified":"2025-06-26T09:14:52+00:00","description":"Sine Die par MYOP dans la cat\u00e9gorie Photography. Publi\u00e9 par Andr\u00e9 Fr\u00e8re \u00c9ditions.","breadcrumb":{"@id":"https:\/\/www.andrefrereditions.com\/en\/books\/photography\/sine-die\/#breadcrumb"},"inLanguage":"en-US","potentialAction":[{"@type":"ReadAction","target":["https:\/\/www.andrefrereditions.com\/en\/books\/photography\/sine-die\/"]}]},{"@type":"ImageObject","inLanguage":"en-US","@id":"https:\/\/www.andrefrereditions.com\/en\/books\/photography\/sine-die\/#primaryimage","url":"https:\/\/www.andrefrereditions.com\/wp-content\/uploads\/2020\/09\/sine-die-myop-andre-frere-editions.jpg","contentUrl":"https:\/\/www.andrefrereditions.com\/wp-content\/uploads\/2020\/09\/sine-die-myop-andre-frere-editions.jpg","width":312,"height":420},{"@type":"BreadcrumbList","@id":"https:\/\/www.andrefrereditions.com\/en\/books\/photography\/sine-die\/#breadcrumb","itemListElement":[{"@type":"ListItem","position":1,"name":"Home","item":"https:\/\/www.andrefrereditions.com\/en\/"},{"@type":"ListItem","position":2,"name":"Books","item":"https:\/\/www.andrefrereditions.com\/en\/books\/"},{"@type":"ListItem","position":3,"name":"Sine Die"}]},{"@type":"WebSite","@id":"https:\/\/www.andrefrereditions.com\/en\/#website","url":"https:\/\/www.andrefrereditions.com\/en\/","name":"Andr\u00e9 Fr\u00e8re \u00c9ditions","description":"\u00c9dition ind\u00e9pendante de photographie et d\u2019art","publisher":{"@id":"https:\/\/www.andrefrereditions.com\/en\/#organization"},"potentialAction":[{"@type":"SearchAction","target":{"@type":"EntryPoint","urlTemplate":"https:\/\/www.andrefrereditions.com\/en\/?s={search_term_string}"},"query-input":{"@type":"PropertyValueSpecification","valueRequired":true,"valueName":"search_term_string"}}],"inLanguage":"en-US"},{"@type":"Organization","@id":"https:\/\/www.andrefrereditions.com\/en\/#organization","name":"Andr\u00e9 Fr\u00e8re \u00c9ditions","url":"https:\/\/www.andrefrereditions.com\/en\/","logo":{"@type":"ImageObject","inLanguage":"en-US","@id":"https:\/\/www.andrefrereditions.com\/en\/#\/schema\/logo\/image\/","url":"https:\/\/www.andrefrereditions.com\/wp-content\/uploads\/2014\/12\/andre-frere-editions-logo.png","contentUrl":"https:\/\/www.andrefrereditions.com\/wp-content\/uploads\/2014\/12\/andre-frere-editions-logo.png","width":80,"height":79,"caption":"Andr\u00e9 Fr\u00e8re \u00c9ditions"},"image":{"@id":"https:\/\/www.andrefrereditions.com\/en\/#\/schema\/logo\/image\/"}}]}},"_links":{"self":[{"href":"https:\/\/www.andrefrereditions.com\/en\/wp-json\/wp\/v2\/product\/9456","targetHints":{"allow":["GET"]}}],"collection":[{"href":"https:\/\/www.andrefrereditions.com\/en\/wp-json\/wp\/v2\/product"}],"about":[{"href":"https:\/\/www.andrefrereditions.com\/en\/wp-json\/wp\/v2\/types\/product"}],"wp:featuredmedia":[{"embeddable":true,"href":"https:\/\/www.andrefrereditions.com\/en\/wp-json\/wp\/v2\/media\/9427"}],"wp:attachment":[{"href":"https:\/\/www.andrefrereditions.com\/en\/wp-json\/wp\/v2\/media?parent=9456"}],"wp:term":[{"taxonomy":"product_brand","embeddable":true,"href":"https:\/\/www.andrefrereditions.com\/en\/wp-json\/wp\/v2\/product_brand?post=9456"},{"taxonomy":"product_cat","embeddable":true,"href":"https:\/\/www.andrefrereditions.com\/en\/wp-json\/wp\/v2\/product_cat?post=9456"},{"taxonomy":"product_tag","embeddable":true,"href":"https:\/\/www.andrefrereditions.com\/en\/wp-json\/wp\/v2\/product_tag?post=9456"}],"curies":[{"name":"wp","href":"https:\/\/api.w.org\/{rel}","templated":true}]}}