{"id":9566,"date":"2020-09-29T19:23:49","date_gmt":"2020-09-29T17:23:49","guid":{"rendered":"https:\/\/www.andrefrereditions.com\/en\/?post_type=product&#038;p=9566"},"modified":"2026-04-27T11:43:03","modified_gmt":"2026-04-27T09:43:03","slug":"the-tourist-limited-edition","status":"publish","type":"product","link":"https:\/\/www.andrefrereditions.com\/en\/books\/special-editions\/the-tourist-limited-edition\/","title":{"rendered":"The Tourist"},"content":{"rendered":"<ul class=\"infos-livre\">\n<li>Photographs : <a href=\"http:\/\/www.kourtneyroy.com\/\" target=\"_blank\" rel=\"noopener\">Kourtney Roy<\/a><\/li>\n<li>Text : <a href=\"http:\/\/www.delbarrett.com\/\" target=\"_blank\" rel=\"noopener\">Del Barrett<\/a><\/li>\n<li>Translation : <a href=\"https:\/\/fr.wikipedia.org\/wiki\/Brice_Matthieussent\" target=\"_blank\" rel=\"noopener\">Brice Matthieussent<\/a><\/li>\n<li>Design : Jo\u00e3o Lineu<\/li>\n<li>128 pages + 6<\/li>\n<li>24 x 32 cm<\/li>\n<li>Hardcover<\/li>\n<li>93 colour photographs<\/li>\n<li>french \/ english<\/li>\n<li>Release early November 2020<\/li>\n<li><strong>You will be able, depending on your mood, to personalise the cover of your book with 4 possible images, options included.<\/strong><img loading=\"lazy\" decoding=\"async\" class=\"alignnone size-full wp-image-9502\" src=\"https:\/\/www.andrefrereditions.com\/wp-content\/uploads\/2020\/09\/souscription-the-tourist-kourtney-roy-andre-frere-editions-1.jpg\" alt=\"souscription-the-tourist-kourtney-roy-andre-frere-editions-1\" width=\"430\" height=\"161\" srcset=\"https:\/\/www.andrefrereditions.com\/wp-content\/uploads\/2020\/09\/souscription-the-tourist-kourtney-roy-andre-frere-editions-1.jpg 430w, https:\/\/www.andrefrereditions.com\/wp-content\/uploads\/2020\/09\/souscription-the-tourist-kourtney-roy-andre-frere-editions-1-420x157.jpg 420w, https:\/\/www.andrefrereditions.com\/wp-content\/uploads\/2020\/09\/souscription-the-tourist-kourtney-roy-andre-frere-editions-1-300x112.jpg 300w\" sizes=\"auto, (max-width: 430px) 100vw, 430px\" \/><img loading=\"lazy\" decoding=\"async\" class=\"alignnone size-full wp-image-9504\" src=\"https:\/\/www.andrefrereditions.com\/wp-content\/uploads\/2020\/09\/souscription-the-tourist-kourtney-roy-andre-frere-editions-2.jpg\" alt=\"souscription-the-tourist-kourtney-roy-andre-frere-editions-2\" width=\"430\" height=\"161\" srcset=\"https:\/\/www.andrefrereditions.com\/wp-content\/uploads\/2020\/09\/souscription-the-tourist-kourtney-roy-andre-frere-editions-2.jpg 430w, https:\/\/www.andrefrereditions.com\/wp-content\/uploads\/2020\/09\/souscription-the-tourist-kourtney-roy-andre-frere-editions-2-420x157.jpg 420w, https:\/\/www.andrefrereditions.com\/wp-content\/uploads\/2020\/09\/souscription-the-tourist-kourtney-roy-andre-frere-editions-2-300x112.jpg 300w\" sizes=\"auto, (max-width: 430px) 100vw, 430px\" \/><\/li>\n<li><strong>Your orders will be sent during the month of November<\/strong><\/li>\n<\/ul>\n<p><strong>For this book we have produced a limited edition with a different cover than the standard bookshop edition, signed and numbered edition from 1 to 100 copies: \u20ac175 <\/strong><br \/>\n<strong><a class=\"in_page_button\" href=\"https:\/\/www.andrefrereditions.com\/en\/cart\/?add-to-cart=9566&#038;variation_id=9571&#038;attribute_pa_version=limited-edition&#038;quantity=1\">Add to cart<\/a><\/strong><\/p>\n<p><img loading=\"lazy\" decoding=\"async\" class=\"alignnone size-full wp-image-9508\" src=\"https:\/\/www.andrefrereditions.com\/wp-content\/uploads\/2020\/09\/souscription-the-tourist-kourtney-roy-andre-frere-editions-4-1.png\" alt=\"souscription-the-tourist-kourtney-roy-andre-frere-editions-4\" width=\"430\" height=\"279\" srcset=\"https:\/\/www.andrefrereditions.com\/wp-content\/uploads\/2020\/09\/souscription-the-tourist-kourtney-roy-andre-frere-editions-4-1.png 430w, https:\/\/www.andrefrereditions.com\/wp-content\/uploads\/2020\/09\/souscription-the-tourist-kourtney-roy-andre-frere-editions-4-1-420x273.png 420w, https:\/\/www.andrefrereditions.com\/wp-content\/uploads\/2020\/09\/souscription-the-tourist-kourtney-roy-andre-frere-editions-4-1-300x195.png 300w\" sizes=\"auto, (max-width: 430px) 100vw, 430px\" \/><\/p>\n<h2>A SPECIAL EDITION OF 28 COPIES!<\/h2>\n<p><strong>Order your book, in a limited edition, signed and numbered<br \/>\n+ a print 21,20 x 31,5 cm numbered and signed from 1 to 7 : \u20ac750. Pigmentary Photo Print (Fine Art). See images below.<br \/>\n<\/strong><\/p>\n<p>\u2192 Numbers 1 to 28 of the special edition are reserved for the special edition.<\/p>\n<p><strong>1. <a class=\"in_page_button\" href=\"https:\/\/www.andrefrereditions.com\/en\/cart\/?add-to-cart=9566&#038;variation_id=9570&#038;attribute_pa_version=special-edition-1&#038;quantity=1\">Add to cart<\/a><\/strong><br \/>\n<img loading=\"lazy\" decoding=\"async\" class=\"alignnone size-full wp-image-9486\" src=\"https:\/\/www.andrefrereditions.com\/wp-content\/uploads\/2020\/07\/the-tourist-kourtney-roy-andre-frere-editions-15-1.jpg\" alt=\"the-tourist-kourtney-roy-andre-frere-editions-15\" width=\"430\" height=\"287\" srcset=\"https:\/\/www.andrefrereditions.com\/wp-content\/uploads\/2020\/07\/the-tourist-kourtney-roy-andre-frere-editions-15-1.jpg 430w, https:\/\/www.andrefrereditions.com\/wp-content\/uploads\/2020\/07\/the-tourist-kourtney-roy-andre-frere-editions-15-1-420x280.jpg 420w, https:\/\/www.andrefrereditions.com\/wp-content\/uploads\/2020\/07\/the-tourist-kourtney-roy-andre-frere-editions-15-1-300x200.jpg 300w\" sizes=\"auto, (max-width: 430px) 100vw, 430px\" \/><\/p>\n<p><strong>2. <a class=\"in_page_button\">Sold out<\/a><\/strong><br \/>\n<img loading=\"lazy\" decoding=\"async\" class=\"alignnone size-full wp-image-9480\" src=\"https:\/\/www.andrefrereditions.com\/wp-content\/uploads\/2020\/07\/the-tourist-kourtney-roy-andre-frere-editions-12-1.jpg\" alt=\"the-tourist-kourtney-roy-andre-frere-editions-12\" width=\"430\" height=\"287\" srcset=\"https:\/\/www.andrefrereditions.com\/wp-content\/uploads\/2020\/07\/the-tourist-kourtney-roy-andre-frere-editions-12-1.jpg 430w, https:\/\/www.andrefrereditions.com\/wp-content\/uploads\/2020\/07\/the-tourist-kourtney-roy-andre-frere-editions-12-1-420x280.jpg 420w, https:\/\/www.andrefrereditions.com\/wp-content\/uploads\/2020\/07\/the-tourist-kourtney-roy-andre-frere-editions-12-1-300x200.jpg 300w\" sizes=\"auto, (max-width: 430px) 100vw, 430px\" \/><\/p>\n<p><strong>3. <a class=\"in_page_button\" href=\"https:\/\/www.andrefrereditions.com\/en\/cart\/?add-to-cart=9566&#038;variation_id=9568&#038;attribute_pa_version=special-edition-3&#038;quantity=1\">Add to cart<\/a><\/strong><br \/>\n<img loading=\"lazy\" decoding=\"async\" class=\"alignnone size-full wp-image-9482\" src=\"https:\/\/www.andrefrereditions.com\/wp-content\/uploads\/2020\/07\/the-tourist-kourtney-roy-andre-frere-editions-13-1.jpg\" alt=\"the-tourist-kourtney-roy-andre-frere-editions-13\" width=\"430\" height=\"287\" srcset=\"https:\/\/www.andrefrereditions.com\/wp-content\/uploads\/2020\/07\/the-tourist-kourtney-roy-andre-frere-editions-13-1.jpg 430w, https:\/\/www.andrefrereditions.com\/wp-content\/uploads\/2020\/07\/the-tourist-kourtney-roy-andre-frere-editions-13-1-420x280.jpg 420w, https:\/\/www.andrefrereditions.com\/wp-content\/uploads\/2020\/07\/the-tourist-kourtney-roy-andre-frere-editions-13-1-300x200.jpg 300w\" sizes=\"auto, (max-width: 430px) 100vw, 430px\" \/><\/p>\n<p><strong>4. <a class=\"in_page_button\" href=\"https:\/\/www.andrefrereditions.com\/en\/cart\/?add-to-cart=9566&#038;variation_id=9567&#038;attribute_pa_version=special-edition-4&#038;quantity=1\">Add to cart<\/a><\/strong><br \/>\n<img loading=\"lazy\" decoding=\"async\" class=\"alignnone wp-image-9470 size-full\" src=\"https:\/\/www.andrefrereditions.com\/wp-content\/uploads\/2020\/07\/the-tourist-kourtney-roy-andre-frere-editions-7-1.jpg\" alt=\"\" width=\"430\" height=\"287\" srcset=\"https:\/\/www.andrefrereditions.com\/wp-content\/uploads\/2020\/07\/the-tourist-kourtney-roy-andre-frere-editions-7-1.jpg 430w, https:\/\/www.andrefrereditions.com\/wp-content\/uploads\/2020\/07\/the-tourist-kourtney-roy-andre-frere-editions-7-1-420x280.jpg 420w, https:\/\/www.andrefrereditions.com\/wp-content\/uploads\/2020\/07\/the-tourist-kourtney-roy-andre-frere-editions-7-1-300x200.jpg 300w\" sizes=\"auto, (max-width: 430px) 100vw, 430px\" \/><\/p>\n","protected":false},"excerpt":{"rendered":"<p>Photographs : Kourtney Roy Text : Del Barrett Translation : Brice Matthieussent Design : Jo\u00e3o Lineu 128 pages + 6 24 x 32 cm Hardcover 93 colour photographs french \/ english Release early November 2020 You will be able, depending on your mood, to personalise the cover of your book with 4 possible images, options [&hellip;]<\/p>\n","protected":false},"featured_media":9550,"template":"","meta":[],"product_brand":[],"product_cat":[35],"product_tag":[],"class_list":{"0":"post-9566","1":"product","2":"type-product","3":"status-publish","4":"has-post-thumbnail","6":"product_cat-special-editions","7":"product_shipping_class-c3-en","9":"first","10":"instock","11":"shipping-taxable","12":"purchasable","13":"product-type-variable"},"yoast_head":"<!-- This site is optimized with the Yoast SEO plugin v27.5 - https:\/\/yoast.com\/product\/yoast-seo-wordpress\/ -->\n<title>The Tourist | Andr\u00e9 Fr\u00e8re \u00c9ditions<\/title>\n<meta name=\"description\" content=\"The Tourist par Kourtney Roy dans la cat\u00e9gorie Special editions. Publi\u00e9 par Andr\u00e9 Fr\u00e8re \u00c9ditions.\" \/>\n<meta name=\"robots\" content=\"index, follow, max-snippet:-1, max-image-preview:large, max-video-preview:-1\" \/>\n<link rel=\"canonical\" href=\"https:\/\/www.andrefrereditions.com\/en\/books\/special-editions\/the-tourist-limited-edition\/\" \/>\n<meta property=\"og:locale\" content=\"en_US\" \/>\n<meta property=\"og:type\" content=\"article\" \/>\n<meta property=\"og:title\" content=\"The Tourist | Andr\u00e9 Fr\u00e8re \u00c9ditions\" \/>\n<meta property=\"og:description\" content=\"The Tourist par Kourtney Roy dans la cat\u00e9gorie Special editions. Publi\u00e9 par Andr\u00e9 Fr\u00e8re \u00c9ditions.\" \/>\n<meta property=\"og:url\" content=\"https:\/\/www.andrefrereditions.com\/en\/books\/special-editions\/the-tourist-limited-edition\/\" \/>\n<meta property=\"og:site_name\" content=\"Andr\u00e9 Fr\u00e8re \u00c9ditions\" \/>\n<meta property=\"article:modified_time\" content=\"2026-04-27T09:43:03+00:00\" \/>\n<meta property=\"og:image\" content=\"https:\/\/www.andrefrereditions.com\/wp-content\/uploads\/2020\/09\/edition-limitee-the-tourist-kourtney-roy-andre-frere-editions.jpg\" \/>\n\t<meta property=\"og:image:width\" content=\"315\" \/>\n\t<meta property=\"og:image:height\" content=\"420\" \/>\n\t<meta property=\"og:image:type\" content=\"image\/jpeg\" \/>\n<meta name=\"twitter:label1\" content=\"Est. reading time\" \/>\n\t<meta name=\"twitter:data1\" content=\"3 minutes\" \/>\n<script type=\"application\/ld+json\" class=\"yoast-schema-graph\">{\"@context\":\"https:\\\/\\\/schema.org\",\"@graph\":[{\"@type\":\"WebPage\",\"@id\":\"https:\\\/\\\/www.andrefrereditions.com\\\/en\\\/books\\\/special-editions\\\/the-tourist-limited-edition\\\/\",\"url\":\"https:\\\/\\\/www.andrefrereditions.com\\\/en\\\/books\\\/special-editions\\\/the-tourist-limited-edition\\\/\",\"name\":\"The Tourist | Andr\u00e9 Fr\u00e8re \u00c9ditions\",\"isPartOf\":{\"@id\":\"https:\\\/\\\/www.andrefrereditions.com\\\/en\\\/#website\"},\"primaryImageOfPage\":{\"@id\":\"https:\\\/\\\/www.andrefrereditions.com\\\/en\\\/books\\\/special-editions\\\/the-tourist-limited-edition\\\/#primaryimage\"},\"image\":{\"@id\":\"https:\\\/\\\/www.andrefrereditions.com\\\/en\\\/books\\\/special-editions\\\/the-tourist-limited-edition\\\/#primaryimage\"},\"thumbnailUrl\":\"https:\\\/\\\/www.andrefrereditions.com\\\/wp-content\\\/uploads\\\/2020\\\/09\\\/edition-limitee-the-tourist-kourtney-roy-andre-frere-editions.jpg\",\"datePublished\":\"2020-09-29T17:23:49+00:00\",\"dateModified\":\"2026-04-27T09:43:03+00:00\",\"description\":\"The Tourist par Kourtney Roy dans la cat\u00e9gorie Special editions. Publi\u00e9 par Andr\u00e9 Fr\u00e8re \u00c9ditions.\",\"breadcrumb\":{\"@id\":\"https:\\\/\\\/www.andrefrereditions.com\\\/en\\\/books\\\/special-editions\\\/the-tourist-limited-edition\\\/#breadcrumb\"},\"inLanguage\":\"en-US\",\"potentialAction\":[{\"@type\":\"ReadAction\",\"target\":[\"https:\\\/\\\/www.andrefrereditions.com\\\/en\\\/books\\\/special-editions\\\/the-tourist-limited-edition\\\/\"]}]},{\"@type\":\"ImageObject\",\"inLanguage\":\"en-US\",\"@id\":\"https:\\\/\\\/www.andrefrereditions.com\\\/en\\\/books\\\/special-editions\\\/the-tourist-limited-edition\\\/#primaryimage\",\"url\":\"https:\\\/\\\/www.andrefrereditions.com\\\/wp-content\\\/uploads\\\/2020\\\/09\\\/edition-limitee-the-tourist-kourtney-roy-andre-frere-editions.jpg\",\"contentUrl\":\"https:\\\/\\\/www.andrefrereditions.com\\\/wp-content\\\/uploads\\\/2020\\\/09\\\/edition-limitee-the-tourist-kourtney-roy-andre-frere-editions.jpg\",\"width\":315,\"height\":420},{\"@type\":\"BreadcrumbList\",\"@id\":\"https:\\\/\\\/www.andrefrereditions.com\\\/en\\\/books\\\/special-editions\\\/the-tourist-limited-edition\\\/#breadcrumb\",\"itemListElement\":[{\"@type\":\"ListItem\",\"position\":1,\"name\":\"Home\",\"item\":\"https:\\\/\\\/www.andrefrereditions.com\\\/en\\\/\"},{\"@type\":\"ListItem\",\"position\":2,\"name\":\"Books\",\"item\":\"https:\\\/\\\/www.andrefrereditions.com\\\/en\\\/books\\\/\"},{\"@type\":\"ListItem\",\"position\":3,\"name\":\"The Tourist\"}]},{\"@type\":\"WebSite\",\"@id\":\"https:\\\/\\\/www.andrefrereditions.com\\\/en\\\/#website\",\"url\":\"https:\\\/\\\/www.andrefrereditions.com\\\/en\\\/\",\"name\":\"Andr\u00e9 Fr\u00e8re \u00c9ditions\",\"description\":\"\u00c9dition ind\u00e9pendante de photographie et d\u2019art\",\"publisher\":{\"@id\":\"https:\\\/\\\/www.andrefrereditions.com\\\/en\\\/#organization\"},\"potentialAction\":[{\"@type\":\"SearchAction\",\"target\":{\"@type\":\"EntryPoint\",\"urlTemplate\":\"https:\\\/\\\/www.andrefrereditions.com\\\/en\\\/?s={search_term_string}\"},\"query-input\":{\"@type\":\"PropertyValueSpecification\",\"valueRequired\":true,\"valueName\":\"search_term_string\"}}],\"inLanguage\":\"en-US\"},{\"@type\":\"Organization\",\"@id\":\"https:\\\/\\\/www.andrefrereditions.com\\\/en\\\/#organization\",\"name\":\"Andr\u00e9 Fr\u00e8re \u00c9ditions\",\"url\":\"https:\\\/\\\/www.andrefrereditions.com\\\/en\\\/\",\"logo\":{\"@type\":\"ImageObject\",\"inLanguage\":\"en-US\",\"@id\":\"https:\\\/\\\/www.andrefrereditions.com\\\/en\\\/#\\\/schema\\\/logo\\\/image\\\/\",\"url\":\"https:\\\/\\\/www.andrefrereditions.com\\\/wp-content\\\/uploads\\\/2014\\\/12\\\/andre-frere-editions-logo.png\",\"contentUrl\":\"https:\\\/\\\/www.andrefrereditions.com\\\/wp-content\\\/uploads\\\/2014\\\/12\\\/andre-frere-editions-logo.png\",\"width\":80,\"height\":79,\"caption\":\"Andr\u00e9 Fr\u00e8re \u00c9ditions\"},\"image\":{\"@id\":\"https:\\\/\\\/www.andrefrereditions.com\\\/en\\\/#\\\/schema\\\/logo\\\/image\\\/\"}}]}<\/script>\n<!-- \/ Yoast SEO plugin. -->","yoast_head_json":{"title":"The Tourist | Andr\u00e9 Fr\u00e8re \u00c9ditions","description":"The Tourist par Kourtney Roy dans la cat\u00e9gorie Special editions. Publi\u00e9 par Andr\u00e9 Fr\u00e8re \u00c9ditions.","robots":{"index":"index","follow":"follow","max-snippet":"max-snippet:-1","max-image-preview":"max-image-preview:large","max-video-preview":"max-video-preview:-1"},"canonical":"https:\/\/www.andrefrereditions.com\/en\/books\/special-editions\/the-tourist-limited-edition\/","og_locale":"en_US","og_type":"article","og_title":"The Tourist | Andr\u00e9 Fr\u00e8re \u00c9ditions","og_description":"The Tourist par Kourtney Roy dans la cat\u00e9gorie Special editions. Publi\u00e9 par Andr\u00e9 Fr\u00e8re \u00c9ditions.","og_url":"https:\/\/www.andrefrereditions.com\/en\/books\/special-editions\/the-tourist-limited-edition\/","og_site_name":"Andr\u00e9 Fr\u00e8re \u00c9ditions","article_modified_time":"2026-04-27T09:43:03+00:00","og_image":[{"width":315,"height":420,"url":"https:\/\/www.andrefrereditions.com\/wp-content\/uploads\/2020\/09\/edition-limitee-the-tourist-kourtney-roy-andre-frere-editions.jpg","type":"image\/jpeg"}],"twitter_misc":{"Est. reading time":"3 minutes"},"schema":{"@context":"https:\/\/schema.org","@graph":[{"@type":"WebPage","@id":"https:\/\/www.andrefrereditions.com\/en\/books\/special-editions\/the-tourist-limited-edition\/","url":"https:\/\/www.andrefrereditions.com\/en\/books\/special-editions\/the-tourist-limited-edition\/","name":"The Tourist | Andr\u00e9 Fr\u00e8re \u00c9ditions","isPartOf":{"@id":"https:\/\/www.andrefrereditions.com\/en\/#website"},"primaryImageOfPage":{"@id":"https:\/\/www.andrefrereditions.com\/en\/books\/special-editions\/the-tourist-limited-edition\/#primaryimage"},"image":{"@id":"https:\/\/www.andrefrereditions.com\/en\/books\/special-editions\/the-tourist-limited-edition\/#primaryimage"},"thumbnailUrl":"https:\/\/www.andrefrereditions.com\/wp-content\/uploads\/2020\/09\/edition-limitee-the-tourist-kourtney-roy-andre-frere-editions.jpg","datePublished":"2020-09-29T17:23:49+00:00","dateModified":"2026-04-27T09:43:03+00:00","description":"The Tourist par Kourtney Roy dans la cat\u00e9gorie Special editions. Publi\u00e9 par Andr\u00e9 Fr\u00e8re \u00c9ditions.","breadcrumb":{"@id":"https:\/\/www.andrefrereditions.com\/en\/books\/special-editions\/the-tourist-limited-edition\/#breadcrumb"},"inLanguage":"en-US","potentialAction":[{"@type":"ReadAction","target":["https:\/\/www.andrefrereditions.com\/en\/books\/special-editions\/the-tourist-limited-edition\/"]}]},{"@type":"ImageObject","inLanguage":"en-US","@id":"https:\/\/www.andrefrereditions.com\/en\/books\/special-editions\/the-tourist-limited-edition\/#primaryimage","url":"https:\/\/www.andrefrereditions.com\/wp-content\/uploads\/2020\/09\/edition-limitee-the-tourist-kourtney-roy-andre-frere-editions.jpg","contentUrl":"https:\/\/www.andrefrereditions.com\/wp-content\/uploads\/2020\/09\/edition-limitee-the-tourist-kourtney-roy-andre-frere-editions.jpg","width":315,"height":420},{"@type":"BreadcrumbList","@id":"https:\/\/www.andrefrereditions.com\/en\/books\/special-editions\/the-tourist-limited-edition\/#breadcrumb","itemListElement":[{"@type":"ListItem","position":1,"name":"Home","item":"https:\/\/www.andrefrereditions.com\/en\/"},{"@type":"ListItem","position":2,"name":"Books","item":"https:\/\/www.andrefrereditions.com\/en\/books\/"},{"@type":"ListItem","position":3,"name":"The Tourist"}]},{"@type":"WebSite","@id":"https:\/\/www.andrefrereditions.com\/en\/#website","url":"https:\/\/www.andrefrereditions.com\/en\/","name":"Andr\u00e9 Fr\u00e8re \u00c9ditions","description":"\u00c9dition ind\u00e9pendante de photographie et d\u2019art","publisher":{"@id":"https:\/\/www.andrefrereditions.com\/en\/#organization"},"potentialAction":[{"@type":"SearchAction","target":{"@type":"EntryPoint","urlTemplate":"https:\/\/www.andrefrereditions.com\/en\/?s={search_term_string}"},"query-input":{"@type":"PropertyValueSpecification","valueRequired":true,"valueName":"search_term_string"}}],"inLanguage":"en-US"},{"@type":"Organization","@id":"https:\/\/www.andrefrereditions.com\/en\/#organization","name":"Andr\u00e9 Fr\u00e8re \u00c9ditions","url":"https:\/\/www.andrefrereditions.com\/en\/","logo":{"@type":"ImageObject","inLanguage":"en-US","@id":"https:\/\/www.andrefrereditions.com\/en\/#\/schema\/logo\/image\/","url":"https:\/\/www.andrefrereditions.com\/wp-content\/uploads\/2014\/12\/andre-frere-editions-logo.png","contentUrl":"https:\/\/www.andrefrereditions.com\/wp-content\/uploads\/2014\/12\/andre-frere-editions-logo.png","width":80,"height":79,"caption":"Andr\u00e9 Fr\u00e8re \u00c9ditions"},"image":{"@id":"https:\/\/www.andrefrereditions.com\/en\/#\/schema\/logo\/image\/"}}]}},"_links":{"self":[{"href":"https:\/\/www.andrefrereditions.com\/en\/wp-json\/wp\/v2\/product\/9566","targetHints":{"allow":["GET"]}}],"collection":[{"href":"https:\/\/www.andrefrereditions.com\/en\/wp-json\/wp\/v2\/product"}],"about":[{"href":"https:\/\/www.andrefrereditions.com\/en\/wp-json\/wp\/v2\/types\/product"}],"wp:featuredmedia":[{"embeddable":true,"href":"https:\/\/www.andrefrereditions.com\/en\/wp-json\/wp\/v2\/media\/9550"}],"wp:attachment":[{"href":"https:\/\/www.andrefrereditions.com\/en\/wp-json\/wp\/v2\/media?parent=9566"}],"wp:term":[{"taxonomy":"product_brand","embeddable":true,"href":"https:\/\/www.andrefrereditions.com\/en\/wp-json\/wp\/v2\/product_brand?post=9566"},{"taxonomy":"product_cat","embeddable":true,"href":"https:\/\/www.andrefrereditions.com\/en\/wp-json\/wp\/v2\/product_cat?post=9566"},{"taxonomy":"product_tag","embeddable":true,"href":"https:\/\/www.andrefrereditions.com\/en\/wp-json\/wp\/v2\/product_tag?post=9566"}],"curies":[{"name":"wp","href":"https:\/\/api.w.org\/{rel}","templated":true}]}}