{"id":9895,"date":"2013-09-23T16:23:41","date_gmt":"2021-01-23T14:05:34","guid":{"rendered":"https:\/\/www.andrefrereditions.com\/?post_type=product&#038;p=9895"},"modified":"2025-06-26T11:12:03","modified_gmt":"2025-06-26T09:12:03","slug":"how-to-be-a-photographer-in-four-lessons-collector","status":"publish","type":"product","link":"https:\/\/www.andrefrereditions.com\/en\/books\/collectors-item\/how-to-be-a-photographer-in-four-lessons-collector\/","title":{"rendered":"How to be a photographer in four lessons \u2013 Collector"},"content":{"rendered":"<ul class=\"infos-livre\">\n<li>Photographs et texts: Thomas Vanden Driessche<\/li>\n<li>\u20ac39<\/li>\n<li>48 pages<\/li>\n<li>10,7 x 17 cm<\/li>\n<li>Softcover<\/li>\n<li>ISBN: 979-10-92265-09-5<\/li>\n<li>First edition 2013<\/li>\n<li><a title=\"How to be a photographer \u2013 Tirage de t\u00eate\" href=\"\/?p=543\"><strong>Special Edition avalaible<\/strong><\/a><\/li>\n<li>See <a title=\"How to be a Photographer in 4 lessons\" href=\"\/?p=563\"><em>How to be a photographer<\/em><\/a><\/li>\n<\/ul>\n<p><strong>The last copies of<\/strong> <a title=\"How to be a Photographer in 4 lessons\" href=\"\/?p=563\"><em>How to be a photographer in four lessons<\/em><\/a>&#8216;s first edition, signed by Thomas Vanden Driessche.<\/p>\n<p>This verison is sold only on our website, or on fairs and event where Andr\u00e9 Fr\u00e8re \u00c9ditions is present.<\/p>\n<p>We invit you to also discover the <strong>special edition of <a title=\"How to be a photographer \u2013 \u00c9dition sp\u00e9ciale\" href=\"\/?p=5841\"> <em>How to be a photographer in four lessons<\/em><\/a><\/strong> still avalaible.<\/p>\n<p><img loading=\"lazy\" decoding=\"async\" class=\"alignnone size-full wp-image-54\" src=\"https:\/\/www.andrefrereditions.com\/wp-content\/uploads\/2013\/11\/How-to-be-a-photographer-2-andre-frere-editions.jpg\" alt=\"How to be a photographer 2 andre frere editions\" width=\"396\" height=\"531\" srcset=\"https:\/\/www.andrefrereditions.com\/wp-content\/uploads\/2013\/11\/How-to-be-a-photographer-2-andre-frere-editions.jpg 396w, https:\/\/www.andrefrereditions.com\/wp-content\/uploads\/2013\/11\/How-to-be-a-photographer-2-andre-frere-editions-223x300.jpg 223w, https:\/\/www.andrefrereditions.com\/wp-content\/uploads\/2013\/11\/How-to-be-a-photographer-2-andre-frere-editions-313x420.jpg 313w\" sizes=\"auto, (max-width: 396px) 100vw, 396px\" \/><\/p>\n<p class=\"bio-auteur\">Thomas Vanden Driessche was born in Leuven in 1979 and works in Brussels. Freelance photographer, member of the group Out of Focus, he worked with Belgian and international magazines and newspapers (Le Monde, Monocle, Das Magazin, The Guardian, Le Nouvel Observateur, Le Vif, L\u2019Express, etc.). His work has been exhibited in recent years at the Images Singuli\u00e8res Festival in S\u00e8te, the Boutographies in Montpellier, the Transphotographiques in Lille, and the FOTO 8 Summer Show in London.<\/p>\n","protected":false},"excerpt":{"rendered":"<p>Photographs et texts: Thomas Vanden Driessche \u20ac39 48 pages 10,7 x 17 cm Softcover ISBN: 979-10-92265-09-5 First edition 2013 Special Edition avalaible See How to be a photographer The last copies of How to be a photographer in four lessons&#8216;s first edition, signed by Thomas Vanden Driessche. This verison is sold only on our website, [&hellip;]<\/p>\n","protected":false},"featured_media":307,"template":"","meta":[],"product_brand":[],"product_cat":[45],"product_tag":[],"class_list":{"0":"post-9895","1":"product","2":"type-product","3":"status-publish","4":"has-post-thumbnail","6":"product_cat-collectors-item","7":"product_shipping_class-c1-en","8":"pa_language-english","9":"pa_language-french","11":"first","12":"outofstock","13":"shipping-taxable","14":"purchasable","15":"product-type-variable"},"yoast_head":"<!-- This site is optimized with the Yoast SEO plugin v27.3 - https:\/\/yoast.com\/product\/yoast-seo-wordpress\/ -->\n<title>How to be a photographer in four lessons \u2013 Collector | Andr\u00e9 Fr\u00e8re \u00c9ditions<\/title>\n<meta name=\"description\" content=\"How to be a photographer in four lessons \u2013 Collector par Thomas Vanden Driessche dans la cat\u00e9gorie Collector\u2019s item. Publi\u00e9 par Andr\u00e9 Fr\u00e8re \u00c9ditions.\" \/>\n<meta name=\"robots\" content=\"index, follow, max-snippet:-1, max-image-preview:large, max-video-preview:-1\" \/>\n<link rel=\"canonical\" href=\"https:\/\/www.andrefrereditions.com\/en\/books\/collectors-item\/how-to-be-a-photographer-in-four-lessons-collector\/\" \/>\n<meta property=\"og:locale\" content=\"en_US\" \/>\n<meta property=\"og:type\" content=\"article\" \/>\n<meta property=\"og:title\" content=\"How to be a photographer in four lessons \u2013 Collector | Andr\u00e9 Fr\u00e8re \u00c9ditions\" \/>\n<meta property=\"og:description\" content=\"How to be a photographer in four lessons \u2013 Collector par Thomas Vanden Driessche dans la cat\u00e9gorie Collector\u2019s item. Publi\u00e9 par Andr\u00e9 Fr\u00e8re \u00c9ditions.\" \/>\n<meta property=\"og:url\" content=\"https:\/\/www.andrefrereditions.com\/en\/books\/collectors-item\/how-to-be-a-photographer-in-four-lessons-collector\/\" \/>\n<meta property=\"og:site_name\" content=\"Andr\u00e9 Fr\u00e8re \u00c9ditions\" \/>\n<meta property=\"article:modified_time\" content=\"2025-06-26T09:12:03+00:00\" \/>\n<meta property=\"og:image\" content=\"https:\/\/www.andrefrereditions.com\/wp-content\/uploads\/2013\/11\/How-to-be-a-photographer-1-andre-frere-editions1.jpg\" \/>\n\t<meta property=\"og:image:width\" content=\"896\" \/>\n\t<meta property=\"og:image:height\" content=\"1500\" \/>\n\t<meta property=\"og:image:type\" content=\"image\/jpeg\" \/>\n<meta name=\"twitter:label1\" content=\"Est. reading time\" \/>\n\t<meta name=\"twitter:data1\" content=\"1 minute\" \/>\n<script type=\"application\/ld+json\" class=\"yoast-schema-graph\">{\"@context\":\"https:\\\/\\\/schema.org\",\"@graph\":[{\"@type\":\"WebPage\",\"@id\":\"https:\\\/\\\/www.andrefrereditions.com\\\/en\\\/books\\\/collectors-item\\\/how-to-be-a-photographer-in-four-lessons-collector\\\/\",\"url\":\"https:\\\/\\\/www.andrefrereditions.com\\\/en\\\/books\\\/collectors-item\\\/how-to-be-a-photographer-in-four-lessons-collector\\\/\",\"name\":\"How to be a photographer in four lessons \u2013 Collector | Andr\u00e9 Fr\u00e8re \u00c9ditions\",\"isPartOf\":{\"@id\":\"https:\\\/\\\/www.andrefrereditions.com\\\/en\\\/#website\"},\"primaryImageOfPage\":{\"@id\":\"https:\\\/\\\/www.andrefrereditions.com\\\/en\\\/books\\\/collectors-item\\\/how-to-be-a-photographer-in-four-lessons-collector\\\/#primaryimage\"},\"image\":{\"@id\":\"https:\\\/\\\/www.andrefrereditions.com\\\/en\\\/books\\\/collectors-item\\\/how-to-be-a-photographer-in-four-lessons-collector\\\/#primaryimage\"},\"thumbnailUrl\":\"https:\\\/\\\/www.andrefrereditions.com\\\/wp-content\\\/uploads\\\/2013\\\/11\\\/How-to-be-a-photographer-1-andre-frere-editions1.jpg\",\"datePublished\":\"2021-01-23T14:05:34+00:00\",\"dateModified\":\"2025-06-26T09:12:03+00:00\",\"description\":\"How to be a photographer in four lessons \u2013 Collector par Thomas Vanden Driessche dans la cat\u00e9gorie Collector\u2019s item. Publi\u00e9 par Andr\u00e9 Fr\u00e8re \u00c9ditions.\",\"breadcrumb\":{\"@id\":\"https:\\\/\\\/www.andrefrereditions.com\\\/en\\\/books\\\/collectors-item\\\/how-to-be-a-photographer-in-four-lessons-collector\\\/#breadcrumb\"},\"inLanguage\":\"en-US\",\"potentialAction\":[{\"@type\":\"ReadAction\",\"target\":[\"https:\\\/\\\/www.andrefrereditions.com\\\/en\\\/books\\\/collectors-item\\\/how-to-be-a-photographer-in-four-lessons-collector\\\/\"]}]},{\"@type\":\"ImageObject\",\"inLanguage\":\"en-US\",\"@id\":\"https:\\\/\\\/www.andrefrereditions.com\\\/en\\\/books\\\/collectors-item\\\/how-to-be-a-photographer-in-four-lessons-collector\\\/#primaryimage\",\"url\":\"https:\\\/\\\/www.andrefrereditions.com\\\/wp-content\\\/uploads\\\/2013\\\/11\\\/How-to-be-a-photographer-1-andre-frere-editions1.jpg\",\"contentUrl\":\"https:\\\/\\\/www.andrefrereditions.com\\\/wp-content\\\/uploads\\\/2013\\\/11\\\/How-to-be-a-photographer-1-andre-frere-editions1.jpg\",\"width\":896,\"height\":1500},{\"@type\":\"BreadcrumbList\",\"@id\":\"https:\\\/\\\/www.andrefrereditions.com\\\/en\\\/books\\\/collectors-item\\\/how-to-be-a-photographer-in-four-lessons-collector\\\/#breadcrumb\",\"itemListElement\":[{\"@type\":\"ListItem\",\"position\":1,\"name\":\"Home\",\"item\":\"https:\\\/\\\/www.andrefrereditions.com\\\/en\\\/\"},{\"@type\":\"ListItem\",\"position\":2,\"name\":\"Books\",\"item\":\"https:\\\/\\\/www.andrefrereditions.com\\\/en\\\/books\\\/\"},{\"@type\":\"ListItem\",\"position\":3,\"name\":\"How to be a photographer in four lessons \u2013 Collector\"}]},{\"@type\":\"WebSite\",\"@id\":\"https:\\\/\\\/www.andrefrereditions.com\\\/en\\\/#website\",\"url\":\"https:\\\/\\\/www.andrefrereditions.com\\\/en\\\/\",\"name\":\"Andr\u00e9 Fr\u00e8re \u00c9ditions\",\"description\":\"\u00c9dition ind\u00e9pendante de photographie et d\u2019art\",\"publisher\":{\"@id\":\"https:\\\/\\\/www.andrefrereditions.com\\\/en\\\/#organization\"},\"potentialAction\":[{\"@type\":\"SearchAction\",\"target\":{\"@type\":\"EntryPoint\",\"urlTemplate\":\"https:\\\/\\\/www.andrefrereditions.com\\\/en\\\/?s={search_term_string}\"},\"query-input\":{\"@type\":\"PropertyValueSpecification\",\"valueRequired\":true,\"valueName\":\"search_term_string\"}}],\"inLanguage\":\"en-US\"},{\"@type\":\"Organization\",\"@id\":\"https:\\\/\\\/www.andrefrereditions.com\\\/en\\\/#organization\",\"name\":\"Andr\u00e9 Fr\u00e8re \u00c9ditions\",\"url\":\"https:\\\/\\\/www.andrefrereditions.com\\\/en\\\/\",\"logo\":{\"@type\":\"ImageObject\",\"inLanguage\":\"en-US\",\"@id\":\"https:\\\/\\\/www.andrefrereditions.com\\\/en\\\/#\\\/schema\\\/logo\\\/image\\\/\",\"url\":\"https:\\\/\\\/www.andrefrereditions.com\\\/wp-content\\\/uploads\\\/2014\\\/12\\\/andre-frere-editions-logo.png\",\"contentUrl\":\"https:\\\/\\\/www.andrefrereditions.com\\\/wp-content\\\/uploads\\\/2014\\\/12\\\/andre-frere-editions-logo.png\",\"width\":80,\"height\":79,\"caption\":\"Andr\u00e9 Fr\u00e8re \u00c9ditions\"},\"image\":{\"@id\":\"https:\\\/\\\/www.andrefrereditions.com\\\/en\\\/#\\\/schema\\\/logo\\\/image\\\/\"}}]}<\/script>\n<!-- \/ Yoast SEO plugin. -->","yoast_head_json":{"title":"How to be a photographer in four lessons \u2013 Collector | Andr\u00e9 Fr\u00e8re \u00c9ditions","description":"How to be a photographer in four lessons \u2013 Collector par Thomas Vanden Driessche dans la cat\u00e9gorie Collector\u2019s item. Publi\u00e9 par Andr\u00e9 Fr\u00e8re \u00c9ditions.","robots":{"index":"index","follow":"follow","max-snippet":"max-snippet:-1","max-image-preview":"max-image-preview:large","max-video-preview":"max-video-preview:-1"},"canonical":"https:\/\/www.andrefrereditions.com\/en\/books\/collectors-item\/how-to-be-a-photographer-in-four-lessons-collector\/","og_locale":"en_US","og_type":"article","og_title":"How to be a photographer in four lessons \u2013 Collector | Andr\u00e9 Fr\u00e8re \u00c9ditions","og_description":"How to be a photographer in four lessons \u2013 Collector par Thomas Vanden Driessche dans la cat\u00e9gorie Collector\u2019s item. Publi\u00e9 par Andr\u00e9 Fr\u00e8re \u00c9ditions.","og_url":"https:\/\/www.andrefrereditions.com\/en\/books\/collectors-item\/how-to-be-a-photographer-in-four-lessons-collector\/","og_site_name":"Andr\u00e9 Fr\u00e8re \u00c9ditions","article_modified_time":"2025-06-26T09:12:03+00:00","og_image":[{"width":896,"height":1500,"url":"https:\/\/www.andrefrereditions.com\/wp-content\/uploads\/2013\/11\/How-to-be-a-photographer-1-andre-frere-editions1.jpg","type":"image\/jpeg"}],"twitter_misc":{"Est. reading time":"1 minute"},"schema":{"@context":"https:\/\/schema.org","@graph":[{"@type":"WebPage","@id":"https:\/\/www.andrefrereditions.com\/en\/books\/collectors-item\/how-to-be-a-photographer-in-four-lessons-collector\/","url":"https:\/\/www.andrefrereditions.com\/en\/books\/collectors-item\/how-to-be-a-photographer-in-four-lessons-collector\/","name":"How to be a photographer in four lessons \u2013 Collector | Andr\u00e9 Fr\u00e8re \u00c9ditions","isPartOf":{"@id":"https:\/\/www.andrefrereditions.com\/en\/#website"},"primaryImageOfPage":{"@id":"https:\/\/www.andrefrereditions.com\/en\/books\/collectors-item\/how-to-be-a-photographer-in-four-lessons-collector\/#primaryimage"},"image":{"@id":"https:\/\/www.andrefrereditions.com\/en\/books\/collectors-item\/how-to-be-a-photographer-in-four-lessons-collector\/#primaryimage"},"thumbnailUrl":"https:\/\/www.andrefrereditions.com\/wp-content\/uploads\/2013\/11\/How-to-be-a-photographer-1-andre-frere-editions1.jpg","datePublished":"2021-01-23T14:05:34+00:00","dateModified":"2025-06-26T09:12:03+00:00","description":"How to be a photographer in four lessons \u2013 Collector par Thomas Vanden Driessche dans la cat\u00e9gorie Collector\u2019s item. Publi\u00e9 par Andr\u00e9 Fr\u00e8re \u00c9ditions.","breadcrumb":{"@id":"https:\/\/www.andrefrereditions.com\/en\/books\/collectors-item\/how-to-be-a-photographer-in-four-lessons-collector\/#breadcrumb"},"inLanguage":"en-US","potentialAction":[{"@type":"ReadAction","target":["https:\/\/www.andrefrereditions.com\/en\/books\/collectors-item\/how-to-be-a-photographer-in-four-lessons-collector\/"]}]},{"@type":"ImageObject","inLanguage":"en-US","@id":"https:\/\/www.andrefrereditions.com\/en\/books\/collectors-item\/how-to-be-a-photographer-in-four-lessons-collector\/#primaryimage","url":"https:\/\/www.andrefrereditions.com\/wp-content\/uploads\/2013\/11\/How-to-be-a-photographer-1-andre-frere-editions1.jpg","contentUrl":"https:\/\/www.andrefrereditions.com\/wp-content\/uploads\/2013\/11\/How-to-be-a-photographer-1-andre-frere-editions1.jpg","width":896,"height":1500},{"@type":"BreadcrumbList","@id":"https:\/\/www.andrefrereditions.com\/en\/books\/collectors-item\/how-to-be-a-photographer-in-four-lessons-collector\/#breadcrumb","itemListElement":[{"@type":"ListItem","position":1,"name":"Home","item":"https:\/\/www.andrefrereditions.com\/en\/"},{"@type":"ListItem","position":2,"name":"Books","item":"https:\/\/www.andrefrereditions.com\/en\/books\/"},{"@type":"ListItem","position":3,"name":"How to be a photographer in four lessons \u2013 Collector"}]},{"@type":"WebSite","@id":"https:\/\/www.andrefrereditions.com\/en\/#website","url":"https:\/\/www.andrefrereditions.com\/en\/","name":"Andr\u00e9 Fr\u00e8re \u00c9ditions","description":"\u00c9dition ind\u00e9pendante de photographie et d\u2019art","publisher":{"@id":"https:\/\/www.andrefrereditions.com\/en\/#organization"},"potentialAction":[{"@type":"SearchAction","target":{"@type":"EntryPoint","urlTemplate":"https:\/\/www.andrefrereditions.com\/en\/?s={search_term_string}"},"query-input":{"@type":"PropertyValueSpecification","valueRequired":true,"valueName":"search_term_string"}}],"inLanguage":"en-US"},{"@type":"Organization","@id":"https:\/\/www.andrefrereditions.com\/en\/#organization","name":"Andr\u00e9 Fr\u00e8re \u00c9ditions","url":"https:\/\/www.andrefrereditions.com\/en\/","logo":{"@type":"ImageObject","inLanguage":"en-US","@id":"https:\/\/www.andrefrereditions.com\/en\/#\/schema\/logo\/image\/","url":"https:\/\/www.andrefrereditions.com\/wp-content\/uploads\/2014\/12\/andre-frere-editions-logo.png","contentUrl":"https:\/\/www.andrefrereditions.com\/wp-content\/uploads\/2014\/12\/andre-frere-editions-logo.png","width":80,"height":79,"caption":"Andr\u00e9 Fr\u00e8re \u00c9ditions"},"image":{"@id":"https:\/\/www.andrefrereditions.com\/en\/#\/schema\/logo\/image\/"}}]}},"_links":{"self":[{"href":"https:\/\/www.andrefrereditions.com\/en\/wp-json\/wp\/v2\/product\/9895","targetHints":{"allow":["GET"]}}],"collection":[{"href":"https:\/\/www.andrefrereditions.com\/en\/wp-json\/wp\/v2\/product"}],"about":[{"href":"https:\/\/www.andrefrereditions.com\/en\/wp-json\/wp\/v2\/types\/product"}],"wp:featuredmedia":[{"embeddable":true,"href":"https:\/\/www.andrefrereditions.com\/en\/wp-json\/wp\/v2\/media\/307"}],"wp:attachment":[{"href":"https:\/\/www.andrefrereditions.com\/en\/wp-json\/wp\/v2\/media?parent=9895"}],"wp:term":[{"taxonomy":"product_brand","embeddable":true,"href":"https:\/\/www.andrefrereditions.com\/en\/wp-json\/wp\/v2\/product_brand?post=9895"},{"taxonomy":"product_cat","embeddable":true,"href":"https:\/\/www.andrefrereditions.com\/en\/wp-json\/wp\/v2\/product_cat?post=9895"},{"taxonomy":"product_tag","embeddable":true,"href":"https:\/\/www.andrefrereditions.com\/en\/wp-json\/wp\/v2\/product_tag?post=9895"}],"curies":[{"name":"wp","href":"https:\/\/api.w.org\/{rel}","templated":true}]}}